{"id":9512,"date":"2022-10-14T08:54:04","date_gmt":"2022-10-14T06:54:04","guid":{"rendered":"https:\/\/www.lraloeverashop.eu\/product\/night-master-3er-set\/"},"modified":"2026-02-03T18:40:34","modified_gmt":"2026-02-03T17:40:34","slug":"night-master-3er-set","status":"publish","type":"product","link":"https:\/\/www.lraloeverashop.eu\/de\/produkt\/night-master-3er-set\/","title":{"rendered":"Night Master 3er Set"},"content":{"rendered":"<h2><span style=\"font-size: 16pt;\"><strong>Night Master 3er Set<\/strong><\/span><\/h2>\n<p><span style=\"font-size: 14pt;\"><strong>Night Master 3er Set kann helfen Ihnen, besser zu schlafen<\/strong><\/span><\/p>\n<p>Night Master 3er Set sorgt f\u00fcr einen langfristig erholsamen, regenerativen Schlaf und tr\u00e4gt so zur Verbesserung der Lebensqualit\u00e4t bei.<\/p>\n<p>Night Master entspannt bei regelm\u00e4\u00dfiger Einnahme nachhaltig K\u00f6rper und Seele und l\u00e4sst Sie schneller einschlafen. Entspannung und Ruhe f\u00fcr K\u00f6rper und Seele sind der Schl\u00fcssel zum schnellen Einschlafen. Ohne sie kommen die Gedanken nicht zur Ruhe und die Muskeln k\u00f6nnen sich nicht entspannen.<\/p>\n<p>Es verbessert Ihre Schlafqualit\u00e4t und unterst\u00fctzt die k\u00f6rpereigene Produktion des Schlafhormons Melatonin. Viele Faktoren tragen zu einem guten Schlaf bei. Der Melatoninspiegel ist entscheidend. Melatonin reguliert Schlaf- und Wachphasen. In angemessener Konzentration macht es m\u00fcde und l\u00e4sst Sie schnell einschlafen und die ganze Nacht durchschlafen.<\/p>\n<p>Lr Night Master 3er verbessert die <a href=\"https:\/\/www.lraloeverashop.eu\/de\/produkt\/night-master-schlafqualitat-verbesserung\/\">nat\u00fcrliche Erholung f\u00fcr K\u00f6rper<\/a> und Seele im Schlaf, damit Sie fit und ausgeruht aufwachen und neue Energie f\u00fcr den Tag tanken. Regeneration im Schlaf ist essenziell: Im Schlaf verarbeiten wir Informationen, Eindr\u00fccke und Reize. Wachstumshormone werden freigesetzt, die das Muskelwachstum und Reparaturmechanismen anregen. Auch das Immunsystem kann sich erholen.<\/p>\n<h3><img loading=\"lazy\" decoding=\"async\" class=\"alignright wp-image-2905 size-full\" src=\"https:\/\/www.lraloeverashop.eu\/wp-content\/uploads\/2022\/10\/How-to-fall-sleep-and-which-direction-for-sleep-is-the-best-300x292-1.jpg\" alt=\"How to fall sleep and which direction for sleep is the best\" width=\"450\" height=\"438\" srcset=\"https:\/\/www.lraloeverashop.eu\/wp-content\/uploads\/2022\/10\/How-to-fall-sleep-and-which-direction-for-sleep-is-the-best-300x292-1.jpg 450w, https:\/\/www.lraloeverashop.eu\/wp-content\/uploads\/2022\/10\/How-to-fall-sleep-and-which-direction-for-sleep-is-the-best-300x292-1-300x292.jpg 300w\" sizes=\"auto, (max-width: 450px) 100vw, 450px\" \/><\/h3>\n<h3><\/h3>\n<h3><span style=\"font-size: 16pt;\"><strong>Night Master 3er Set &#8211; Nat\u00fcrliche Erholung im Schlaf<\/strong><\/span><\/h3>\n<p>Ein erholsamer, regenerativer Schlaf ist f\u00fcr den Menschen essentiell \u2013 f\u00fcr K\u00f6rper und Geist. Die richtige N\u00e4hrstoffkombination kann den Schlaf zus\u00e4tzlich unterst\u00fctzen. Zudem k\u00f6nnen schon kleine Anpassungen im Alltag viel Gutes f\u00fcr einen erholsamen Schlaf tun.<\/p>\n<h4><span style=\"font-size: 16pt;\"><strong>Expertentipps:<\/strong><\/span><\/h4>\n<p><strong>Ern\u00e4hrung<\/strong><br \/>\nAuch innere Organe haben ihren Rhythmus. Bauchspeicheldr\u00fcse und Darm z.B. B. nachts auf Sparflamme schalten. Daher haben der Zeitpunkt und die Menge der Nahrung einen Einfluss auf die Schlafqualit\u00e4t und den Erholungswert. Denken Sie daran, dass der K\u00f6rper nach der letzten Mahlzeit viele Stunden Zeit hat, um zu verdauen.<\/p>\n<p>Planen Sie zumindest unter der Woche Ihr Abendessen so, dass Sie zwar noch gut ges\u00e4ttigt sind, aber nicht voll ins Bett gehen. Es gibt auch Lebensmittel, die uns beim Einschlafen helfen k\u00f6nnen.<\/p>\n<p><strong>Lebensstil<\/strong><br \/>\nJe aktiver Sie den Tag verbringen, desto besser k\u00f6nnen Sie nachts schlafen. Sitzen Sie nicht l\u00e4nger als 20 Minuten am St\u00fcck. Stehen Sie \u00f6fter auf. Auch der Weg zur Kaffeemaschine oder zur Toilette z\u00e4hlt. Wenn Sie nicht regelm\u00e4\u00dfig ausgehen oder Sport treiben k\u00f6nnen, sollten Sie tags\u00fcber kleine Bewegungseinheiten von 1-2 Minuten einplanen. Dann kann sich der Stress nicht so leicht im K\u00f6rper festsetzen.<\/p>\n<p><strong>Bewegung<\/strong><br \/>\nViele Einfl\u00fcsse von innen und au\u00dfen beeinflussen unseren Schlaf. Es lohnt sich, sie zu optimieren. Denn unsere Schlafqualit\u00e4t h\u00e4ngt von unserem unmittelbaren Wohlbefinden und langfristig von unserer Gesundheit ab. Hier k\u00f6nnen kleine Dinge eine gro\u00dfe Wirkung haben.<\/p>\n<p>&nbsp;<\/p>\n<p><img loading=\"lazy\" decoding=\"async\" class=\"size-full wp-image-2907 alignleft\" src=\"https:\/\/www.lraloeverashop.eu\/wp-content\/uploads\/2022\/10\/Sleep-quality-improvement.jpg\" alt=\"Sleep quality improvement\" width=\"461\" height=\"510\" srcset=\"https:\/\/www.lraloeverashop.eu\/wp-content\/uploads\/2022\/10\/Sleep-quality-improvement.jpg 461w, https:\/\/www.lraloeverashop.eu\/wp-content\/uploads\/2022\/10\/Sleep-quality-improvement-271x300.jpg 271w\" sizes=\"auto, (max-width: 461px) 100vw, 461px\" \/><\/p>\n<h2><\/h2>\n<h2><span style=\"font-size: 16pt;\"><strong>Night Master 3Er Set &#8211; Wirkung &amp; Inhaltstoffe<\/strong><\/span><\/h2>\n<p>Night Master 3er Set enth\u00e4lt wichtige nat\u00fcrliche Inhaltsstoffe wie <a href=\"https:\/\/www.lraloeverashop.eu\/de\/produkt\/aloe-vera-gel-sivera\/\">Aloe Vera<\/a>, Safran und Hopfenextrakt. Au\u00dferdem enth\u00e4lt es L-Tryptophan, Magnesium, Zink und vier B-Vitamine.<\/p>\n<p><strong>Aloe Vera<\/strong> unterst\u00fctzt Aufbau- und Regenerationsprozesse in der Nacht und l\u00e4sst Sie erholt aufwachen. Au\u00dferdem verbessert es die Verwertung anderer Wirkstoffe im K\u00f6rper und erh\u00f6ht so die Bioverf\u00fcgbarkeit.<\/p>\n<p><strong>Safran<\/strong> hilft Ihnen, schneller einzuschlafen, verbessert die Schlafqualit\u00e4t und Erholung w\u00e4hrend der Nacht. Au\u00dferdem reduziert es \u00c4ngste. Safran enth\u00e4lt unter anderem Antioxidantien. Verantwortlich daf\u00fcr sind die sekund\u00e4ren Pflanzenstoffe im Safran wie die Carotinoide. Sie hei\u00dfen Crocin und Crocetin und sind f\u00fcr die gelbe Farbe des Safrans verantwortlich.<\/p>\n<p><strong>L-Tryptophan<\/strong> geh\u00f6rt zu den essentiellen Aminos\u00e4uren und kann vom menschlichen K\u00f6rper nicht selbst hergestellt werden, sondern muss \u00fcber die Nahrung aufgenommen werden. L-Tryptophan ist die Vorstufe von Serotonin (auch <a href=\"https:\/\/www.lraloeverashop.eu\/de\/produkt\/lr-beauty-elixir-3er-set\/\">Gl\u00fcckshormon<\/a> genannt), das wiederum in das Schlafhormon Melatonin umgewandelt wird.<\/p>\n<p>Der Mineralstoff <strong>Magnesium<\/strong> ist an nahezu allen K\u00f6rperfunktionen beteiligt und beeinflusst so z.B. Muskeln und Nervenzellen. Dar\u00fcber hinaus ist es auch f\u00fcr die Umwandlung der essentiellen Aminos\u00e4ure L-Tryptophan in Serotonin sowie f\u00fcr die Melatoninproduktion verantwortlich. Melatonin ist das Schlafhormon, das den Schlaf-Wach-Rhythmus des K\u00f6rpers steuert.<\/p>\n<p><strong>Zink <\/strong>in Night Master Set ist ein lebenswichtiges Spurenelement und das zweith\u00e4ufigste im menschlichen K\u00f6rper. Es ist f\u00fcr mehrere Stoffwechselvorg\u00e4nge verantwortlich: Zink beispielsweise spielt eine wichtige Rolle bei der Regeneration wie den Wachstumsvorg\u00e4ngen des K\u00f6rpers und der <a href=\"https:\/\/www.lraloeverashop.eu\/de\/produkt\/colostrum-kapseln-set\/\">St\u00e4rkung des Immunsystems<\/a>. Zink ist auch an der Bildung von Serotonin und dessen Umwandlung in Melatonin beteiligt.<\/p>\n<p><strong>B-Vitamine<\/strong> werden auch Nerven- oder Energievitamine genannt. Sie spielen eine wichtige Rolle bei der Bildung von Serotonin und Melatonin und tragen so zum k\u00f6rpereigenen nat\u00fcrlichen Schlaf-Wach-Rhythmus bei.<br \/>\nNiacin (Vitamin B3) reguliert den Energiestoffwechsel in den Zellen (Mitochondrien) und tr\u00e4gt zur Regeneration bei.<br \/>\nVitamin B6 ist wichtig f\u00fcr den Aminos\u00e4urestoffwechsel und ist an der Produktion von Neurotransmittern wie Serotonin und dem Immunsystem beteiligt.<\/p>\n<p><strong>Thiamin<\/strong> (Vitamin B1) unterst\u00fctzt die Regeneration von K\u00f6rper und Seele.<br \/>\nVitamin B12 unterst\u00fctzt die Zellteilung und f\u00f6rdert so die nat\u00fcrliche Regeneration. Es reduziert nachhaltig <a href=\"https:\/\/www.lraloeverashop.eu\/de\/produkt\/reishi-kapseln\/\">M\u00fcdigkeit und Erm\u00fcdung<\/a>.<\/p>\n<p><iframe loading=\"lazy\" src=\"\/\/www.youtube.com\/embed\/k_KI7Y7AElc?rel=0&amp;showinfo=0\" width=\"1280\" height=\"720\" frameborder=\"0\" allowfullscreen=\"allowfullscreen\"><\/iframe><\/p>\n<h3><span style=\"font-size: 16pt;\"><strong>Wussten Sie schon?<\/strong><\/span><\/h3>\n<p>Night Master 3er Set ist 100% vegan, frei von Gluten, Laktose und Zucker. Es enth\u00e4lt wichtige nat\u00fcrliche Inhaltsstoffe wie Aloe Vera, Safran und Hopfenextrakt. Au\u00dferdem enth\u00e4lt es L-Tryptophan, Magnesium, Zink und vier B-Vitamine. Night Master kann ohne Suchtrisiko \u00fcber einen l\u00e4ngeren Zeitraum t\u00e4glich eingenommen werden.<\/p>\n<p>&nbsp;<\/p>\n<h4><span style=\"font-size: 16pt;\"><strong>Anwendung<\/strong><\/span><\/h4>\n<p>R\u00fchren Sie den Inhalt eines Sticks in 100 ml Wasser ein und trinken Sie es 30 Minuten vor dem Schlafengehen. Night Master kann auch nach dem Z\u00e4hneputzen eingenommen werden, da es zuckerfrei ist.<\/p>\n","protected":false},"excerpt":{"rendered":"<ul>\n<li>Durch die entspannende Wirkung leichter einschlafen<\/li>\n<li>Schlafen Sie tief durch verbesserte Schlafqualit\u00e4t<\/li>\n<li>Mit Aloe Vera, Safran und Hopfenextrakt.<\/li>\n<li>Enth\u00e4lt L-Tryptophan, Magnesium, Zink und B-Vitamine.<\/li>\n<li>Frei von Gluten, Laktose und Zucker<\/li>\n<li>Night Master Verbesserung der Schlafqualit\u00e4t 100 % vegan<\/li>\n<li>Menge: 3 x 111g &#8211; 90 Sticks \u00e0 3,7g<\/li>\n<\/ul>\n<p><span style=\"color: #ff0000;\"><a style=\"color: #ff0000;\" href=\"https:\/\/shop.lrworld.com\/openpao?PHP=0vFlt7jT938BEnBI3a6e9w%3D%3D\"><span style=\"font-size: 14pt;\"><strong>Hier registrieren und dauerhaft 35\u202f% sparen<\/strong><\/span><\/a><\/span><\/p>\n","protected":false},"featured_media":5785,"comment_status":"open","ping_status":"closed","template":"","meta":{"_kad_blocks_custom_css":"","_kad_blocks_head_custom_js":"","_kad_blocks_body_custom_js":"","_kad_blocks_footer_custom_js":"","_kadence_starter_templates_imported_post":false,"_kad_post_transparent":"default","_kad_post_title":"","_kad_post_layout":"default","_kad_post_sidebar_id":"","_kad_post_content_style":"default","_kad_post_vertical_padding":"default","_kad_post_feature":"","_kad_post_feature_position":"","_kad_post_header":false,"_kad_post_footer":false,"_kad_post_classname":""},"product_brand":[],"product_cat":[447,462,465],"product_tag":[],"class_list":{"0":"post-9512","1":"product","2":"type-product","3":"status-publish","4":"has-post-thumbnail","6":"product_cat-entspannung","7":"product_cat-sparen-im-set","8":"product_cat-spezial-ernahrung","10":"first","11":"outofstock","12":"taxable","13":"shipping-taxable","14":"purchasable","15":"product-type-simple","16":"entry","17":"content-bg","18":"loop-entry"},"yoast_head":"<!-- This site is optimized with the Yoast SEO Premium plugin v27.3 (Yoast SEO v27.3) - https:\/\/yoast.com\/product\/yoast-seo-premium-wordpress\/ -->\n<title>Night Master 3er Set mit aloe, safran f\u00fcr bessere schlafqualit\u00e4t<\/title>\n<meta name=\"description\" content=\"Night Master 3er Set ohne Gluten, Laktose und Zucker. Enth\u00e4lt Tryptophan, Magnesium, Zink und B-Vitamine. Schlafen Sie gut durch verbesserte Schlafqualit\u00e4t\" \/>\n<meta name=\"robots\" content=\"index, follow, max-snippet:-1, max-image-preview:large, max-video-preview:-1\" \/>\n<link rel=\"canonical\" href=\"https:\/\/www.lraloeverashop.eu\/de\/produkt\/night-master-3er-set\/\" \/>\n<meta property=\"og:locale\" content=\"de_DE\" \/>\n<meta property=\"og:type\" content=\"article\" \/>\n<meta property=\"og:title\" content=\"Night Master 3er Set\" \/>\n<meta property=\"og:description\" content=\"Night Master 3er Set ohne Gluten, Laktose und Zucker. Enth\u00e4lt Tryptophan, Magnesium, Zink und B-Vitamine. Schlafen Sie gut durch verbesserte Schlafqualit\u00e4t\" \/>\n<meta property=\"og:url\" content=\"https:\/\/www.lraloeverashop.eu\/de\/produkt\/night-master-3er-set\/\" \/>\n<meta property=\"og:site_name\" content=\"Lr Aloe Vera Shop\" \/>\n<meta property=\"article:publisher\" content=\"https:\/\/www.facebook.com\/lraloeverashop.eu\" \/>\n<meta property=\"article:modified_time\" content=\"2026-02-03T17:40:34+00:00\" \/>\n<meta property=\"og:image\" content=\"https:\/\/www.lraloeverashop.eu\/wp-content\/uploads\/2022\/10\/Night-Master-Set.jpg\" \/>\n\t<meta property=\"og:image:width\" content=\"1200\" \/>\n\t<meta property=\"og:image:height\" content=\"1200\" \/>\n\t<meta property=\"og:image:type\" content=\"image\/jpeg\" \/>\n<meta name=\"twitter:card\" content=\"summary_large_image\" \/>\n<meta name=\"twitter:site\" content=\"@natur__kosmetik\" \/>\n<script type=\"application\/ld+json\" class=\"yoast-schema-graph\">{\"@context\":\"https:\\\/\\\/schema.org\",\"@graph\":[{\"@type\":[\"WebPage\",\"ItemPage\"],\"@id\":\"https:\\\/\\\/www.lraloeverashop.eu\\\/de\\\/produkt\\\/night-master-3er-set\\\/\",\"url\":\"https:\\\/\\\/www.lraloeverashop.eu\\\/de\\\/produkt\\\/night-master-3er-set\\\/\",\"name\":\"Night Master 3er Set mit aloe, safran f\u00fcr bessere schlafqualit\u00e4t\",\"isPartOf\":{\"@id\":\"https:\\\/\\\/www.lraloeverashop.eu\\\/de\\\/#website\"},\"primaryImageOfPage\":{\"@id\":\"https:\\\/\\\/www.lraloeverashop.eu\\\/de\\\/produkt\\\/night-master-3er-set\\\/#primaryimage\"},\"image\":{\"@id\":\"https:\\\/\\\/www.lraloeverashop.eu\\\/de\\\/produkt\\\/night-master-3er-set\\\/#primaryimage\"},\"thumbnailUrl\":\"https:\\\/\\\/www.lraloeverashop.eu\\\/wp-content\\\/uploads\\\/2022\\\/10\\\/Night-Master-Set.jpg\",\"datePublished\":\"2022-10-14T06:54:04+00:00\",\"dateModified\":\"2026-02-03T17:40:34+00:00\",\"description\":\"Night Master 3er Set ohne Gluten, Laktose und Zucker. Enth\u00e4lt Tryptophan, Magnesium, Zink und B-Vitamine. Schlafen Sie gut durch verbesserte Schlafqualit\u00e4t\",\"breadcrumb\":{\"@id\":\"https:\\\/\\\/www.lraloeverashop.eu\\\/de\\\/produkt\\\/night-master-3er-set\\\/#breadcrumb\"},\"inLanguage\":\"de\",\"potentialAction\":[{\"@type\":\"ReadAction\",\"target\":[\"https:\\\/\\\/www.lraloeverashop.eu\\\/de\\\/produkt\\\/night-master-3er-set\\\/\"]}]},{\"@type\":\"ImageObject\",\"inLanguage\":\"de\",\"@id\":\"https:\\\/\\\/www.lraloeverashop.eu\\\/de\\\/produkt\\\/night-master-3er-set\\\/#primaryimage\",\"url\":\"https:\\\/\\\/www.lraloeverashop.eu\\\/wp-content\\\/uploads\\\/2022\\\/10\\\/Night-Master-Set.jpg\",\"contentUrl\":\"https:\\\/\\\/www.lraloeverashop.eu\\\/wp-content\\\/uploads\\\/2022\\\/10\\\/Night-Master-Set.jpg\",\"width\":1200,\"height\":1200,\"caption\":\"Night Master 3er Set\"},{\"@type\":\"BreadcrumbList\",\"@id\":\"https:\\\/\\\/www.lraloeverashop.eu\\\/de\\\/produkt\\\/night-master-3er-set\\\/#breadcrumb\",\"itemListElement\":[{\"@type\":\"ListItem\",\"position\":1,\"name\":\"Home\",\"item\":\"https:\\\/\\\/www.lraloeverashop.eu\\\/de\\\/\"},{\"@type\":\"ListItem\",\"position\":2,\"name\":\"Shop\",\"item\":\"https:\\\/\\\/www.lraloeverashop.eu\\\/de\\\/shop-2\\\/\"},{\"@type\":\"ListItem\",\"position\":3,\"name\":\"Night Master 3er Set\"}]},{\"@type\":\"WebSite\",\"@id\":\"https:\\\/\\\/www.lraloeverashop.eu\\\/de\\\/#website\",\"url\":\"https:\\\/\\\/www.lraloeverashop.eu\\\/de\\\/\",\"name\":\"Lr Aloe Vera Shop\",\"description\":\"High Quality Lr Aloe Vera Gel, Aloe Vera Cream and Shampoo\",\"publisher\":{\"@id\":\"https:\\\/\\\/www.lraloeverashop.eu\\\/de\\\/#organization\"},\"potentialAction\":[{\"@type\":\"SearchAction\",\"target\":{\"@type\":\"EntryPoint\",\"urlTemplate\":\"https:\\\/\\\/www.lraloeverashop.eu\\\/de\\\/?s={search_term_string}\"},\"query-input\":{\"@type\":\"PropertyValueSpecification\",\"valueRequired\":true,\"valueName\":\"search_term_string\"}}],\"inLanguage\":\"de\"},{\"@type\":\"Organization\",\"@id\":\"https:\\\/\\\/www.lraloeverashop.eu\\\/de\\\/#organization\",\"name\":\"Lr Aloe Vera Shop\",\"alternateName\":\"LR\",\"url\":\"https:\\\/\\\/www.lraloeverashop.eu\\\/de\\\/\",\"logo\":{\"@type\":\"ImageObject\",\"inLanguage\":\"de\",\"@id\":\"https:\\\/\\\/www.lraloeverashop.eu\\\/de\\\/#\\\/schema\\\/logo\\\/image\\\/\",\"url\":\"https:\\\/\\\/www.lraloeverashop.eu\\\/wp-content\\\/uploads\\\/2022\\\/09\\\/cropped-Lr-Aloe-Vera-Shop.jpg\",\"contentUrl\":\"https:\\\/\\\/www.lraloeverashop.eu\\\/wp-content\\\/uploads\\\/2022\\\/09\\\/cropped-Lr-Aloe-Vera-Shop.jpg\",\"width\":228,\"height\":76,\"caption\":\"Lr Aloe Vera Shop\"},\"image\":{\"@id\":\"https:\\\/\\\/www.lraloeverashop.eu\\\/de\\\/#\\\/schema\\\/logo\\\/image\\\/\"},\"sameAs\":[\"https:\\\/\\\/www.facebook.com\\\/lraloeverashop.eu\",\"https:\\\/\\\/x.com\\\/natur__kosmetik\",\"https:\\\/\\\/www.youtube.com\\\/channel\\\/UC5oN7BJ8nfYb8RpVtjwDEBA\",\"https:\\\/\\\/www.instagram.com\\\/lrbeautyeu\\\/\"]}]}<\/script>\n<meta property=\"product:price:amount\" content=\"218.99\" \/>\n<meta property=\"product:price:currency\" content=\"EUR\" \/>\n<meta property=\"og:availability\" content=\"out of stock\" \/>\n<meta property=\"product:availability\" content=\"out of stock\" \/>\n<meta property=\"product:retailer_item_id\" content=\"81113-1DE\" \/>\n<meta property=\"product:condition\" content=\"new\" \/>\n<!-- \/ Yoast SEO Premium plugin. -->","yoast_head_json":{"title":"Night Master 3er Set mit aloe, safran f\u00fcr bessere schlafqualit\u00e4t","description":"Night Master 3er Set ohne Gluten, Laktose und Zucker. Enth\u00e4lt Tryptophan, Magnesium, Zink und B-Vitamine. Schlafen Sie gut durch verbesserte Schlafqualit\u00e4t","robots":{"index":"index","follow":"follow","max-snippet":"max-snippet:-1","max-image-preview":"max-image-preview:large","max-video-preview":"max-video-preview:-1"},"canonical":"https:\/\/www.lraloeverashop.eu\/de\/produkt\/night-master-3er-set\/","og_locale":"de_DE","og_type":"article","og_title":"Night Master 3er Set","og_description":"Night Master 3er Set ohne Gluten, Laktose und Zucker. Enth\u00e4lt Tryptophan, Magnesium, Zink und B-Vitamine. Schlafen Sie gut durch verbesserte Schlafqualit\u00e4t","og_url":"https:\/\/www.lraloeverashop.eu\/de\/produkt\/night-master-3er-set\/","og_site_name":"Lr Aloe Vera Shop","article_publisher":"https:\/\/www.facebook.com\/lraloeverashop.eu","article_modified_time":"2026-02-03T17:40:34+00:00","og_image":[{"width":1200,"height":1200,"url":"https:\/\/www.lraloeverashop.eu\/wp-content\/uploads\/2022\/10\/Night-Master-Set.jpg","type":"image\/jpeg"}],"twitter_card":"summary_large_image","twitter_site":"@natur__kosmetik","schema":{"@context":"https:\/\/schema.org","@graph":[{"@type":["WebPage","ItemPage"],"@id":"https:\/\/www.lraloeverashop.eu\/de\/produkt\/night-master-3er-set\/","url":"https:\/\/www.lraloeverashop.eu\/de\/produkt\/night-master-3er-set\/","name":"Night Master 3er Set mit aloe, safran f\u00fcr bessere schlafqualit\u00e4t","isPartOf":{"@id":"https:\/\/www.lraloeverashop.eu\/de\/#website"},"primaryImageOfPage":{"@id":"https:\/\/www.lraloeverashop.eu\/de\/produkt\/night-master-3er-set\/#primaryimage"},"image":{"@id":"https:\/\/www.lraloeverashop.eu\/de\/produkt\/night-master-3er-set\/#primaryimage"},"thumbnailUrl":"https:\/\/www.lraloeverashop.eu\/wp-content\/uploads\/2022\/10\/Night-Master-Set.jpg","datePublished":"2022-10-14T06:54:04+00:00","dateModified":"2026-02-03T17:40:34+00:00","description":"Night Master 3er Set ohne Gluten, Laktose und Zucker. Enth\u00e4lt Tryptophan, Magnesium, Zink und B-Vitamine. Schlafen Sie gut durch verbesserte Schlafqualit\u00e4t","breadcrumb":{"@id":"https:\/\/www.lraloeverashop.eu\/de\/produkt\/night-master-3er-set\/#breadcrumb"},"inLanguage":"de","potentialAction":[{"@type":"ReadAction","target":["https:\/\/www.lraloeverashop.eu\/de\/produkt\/night-master-3er-set\/"]}]},{"@type":"ImageObject","inLanguage":"de","@id":"https:\/\/www.lraloeverashop.eu\/de\/produkt\/night-master-3er-set\/#primaryimage","url":"https:\/\/www.lraloeverashop.eu\/wp-content\/uploads\/2022\/10\/Night-Master-Set.jpg","contentUrl":"https:\/\/www.lraloeverashop.eu\/wp-content\/uploads\/2022\/10\/Night-Master-Set.jpg","width":1200,"height":1200,"caption":"Night Master 3er Set"},{"@type":"BreadcrumbList","@id":"https:\/\/www.lraloeverashop.eu\/de\/produkt\/night-master-3er-set\/#breadcrumb","itemListElement":[{"@type":"ListItem","position":1,"name":"Home","item":"https:\/\/www.lraloeverashop.eu\/de\/"},{"@type":"ListItem","position":2,"name":"Shop","item":"https:\/\/www.lraloeverashop.eu\/de\/shop-2\/"},{"@type":"ListItem","position":3,"name":"Night Master 3er Set"}]},{"@type":"WebSite","@id":"https:\/\/www.lraloeverashop.eu\/de\/#website","url":"https:\/\/www.lraloeverashop.eu\/de\/","name":"Lr Aloe Vera Shop","description":"High Quality Lr Aloe Vera Gel, Aloe Vera Cream and Shampoo","publisher":{"@id":"https:\/\/www.lraloeverashop.eu\/de\/#organization"},"potentialAction":[{"@type":"SearchAction","target":{"@type":"EntryPoint","urlTemplate":"https:\/\/www.lraloeverashop.eu\/de\/?s={search_term_string}"},"query-input":{"@type":"PropertyValueSpecification","valueRequired":true,"valueName":"search_term_string"}}],"inLanguage":"de"},{"@type":"Organization","@id":"https:\/\/www.lraloeverashop.eu\/de\/#organization","name":"Lr Aloe Vera Shop","alternateName":"LR","url":"https:\/\/www.lraloeverashop.eu\/de\/","logo":{"@type":"ImageObject","inLanguage":"de","@id":"https:\/\/www.lraloeverashop.eu\/de\/#\/schema\/logo\/image\/","url":"https:\/\/www.lraloeverashop.eu\/wp-content\/uploads\/2022\/09\/cropped-Lr-Aloe-Vera-Shop.jpg","contentUrl":"https:\/\/www.lraloeverashop.eu\/wp-content\/uploads\/2022\/09\/cropped-Lr-Aloe-Vera-Shop.jpg","width":228,"height":76,"caption":"Lr Aloe Vera Shop"},"image":{"@id":"https:\/\/www.lraloeverashop.eu\/de\/#\/schema\/logo\/image\/"},"sameAs":["https:\/\/www.facebook.com\/lraloeverashop.eu","https:\/\/x.com\/natur__kosmetik","https:\/\/www.youtube.com\/channel\/UC5oN7BJ8nfYb8RpVtjwDEBA","https:\/\/www.instagram.com\/lrbeautyeu\/"]}]},"product_price_amount":"218.99","product_price_currency":"EUR","og_availability":"out of stock","product_availability":"out of stock","product_retailer_item_id":"81113-1DE","product_condition":"new"},"taxonomy_info":{"product_cat":[{"value":447,"label":"Entspannung"},{"value":462,"label":"Sparen im set"},{"value":465,"label":"Spezialisten"}]},"featured_image_src_large":["https:\/\/www.lraloeverashop.eu\/wp-content\/uploads\/2022\/10\/Night-Master-Set-1024x1024.jpg",1024,1024,true],"author_info":[],"comment_info":0,"_links":{"self":[{"href":"https:\/\/www.lraloeverashop.eu\/de\/wp-json\/wp\/v2\/product\/9512","targetHints":{"allow":["GET"]}}],"collection":[{"href":"https:\/\/www.lraloeverashop.eu\/de\/wp-json\/wp\/v2\/product"}],"about":[{"href":"https:\/\/www.lraloeverashop.eu\/de\/wp-json\/wp\/v2\/types\/product"}],"replies":[{"embeddable":true,"href":"https:\/\/www.lraloeverashop.eu\/de\/wp-json\/wp\/v2\/comments?post=9512"}],"wp:featuredmedia":[{"embeddable":true,"href":"https:\/\/www.lraloeverashop.eu\/de\/wp-json\/wp\/v2\/media\/5785"}],"wp:attachment":[{"href":"https:\/\/www.lraloeverashop.eu\/de\/wp-json\/wp\/v2\/media?parent=9512"}],"wp:term":[{"taxonomy":"product_brand","embeddable":true,"href":"https:\/\/www.lraloeverashop.eu\/de\/wp-json\/wp\/v2\/product_brand?post=9512"},{"taxonomy":"product_cat","embeddable":true,"href":"https:\/\/www.lraloeverashop.eu\/de\/wp-json\/wp\/v2\/product_cat?post=9512"},{"taxonomy":"product_tag","embeddable":true,"href":"https:\/\/www.lraloeverashop.eu\/de\/wp-json\/wp\/v2\/product_tag?post=9512"}],"curies":[{"name":"wp","href":"https:\/\/api.w.org\/{rel}","templated":true}]}}