{"id":9475,"date":"2022-10-14T09:35:26","date_gmt":"2022-10-14T07:35:26","guid":{"rendered":"https:\/\/www.lraloeverashop.eu\/product\/lr-cannaloe-cbd-kapseln\/"},"modified":"2026-02-03T18:40:23","modified_gmt":"2026-02-03T17:40:23","slug":"lr-cannaloe-cbd-kapseln","status":"publish","type":"product","link":"https:\/\/www.lraloeverashop.eu\/de\/produkt\/lr-cannaloe-cbd-kapseln\/","title":{"rendered":"CannAloe Hanfkapseln"},"content":{"rendered":"<h2><strong><span style=\"font-size: 16pt; color: #000000;\">CannAloe Hanfkapseln<\/span><\/strong><\/h2>\n<p><span style=\"font-size: 14pt;\"><strong>CannAloe Hanfkapseln &#8211; Die innovative Symbiose von Cannabis und Aloe Vera<\/strong><\/span><\/p>\n<p>CannAloe Hanfkapseln kombiniert das gesamte Spektrum der Cannabinoide, wie CBD oder CBD-A, aus der Cannabispflanze mit hochwertiger Aloe Vera. CBD Kurkuma Kapseln sind eine innovative Symbiose aus nat\u00fcrlichen Wirkstoffen mit jahrhundertealter Tradition: Cannabinoide aus der Cannabispflanze, <a href=\"https:\/\/www.lraloeverashop.eu\/de\/aloe-vera-gel-fuer-gesicht-haare-und-koerper\/\">Aloe Vera<\/a>, Kurkuma und Weihrauch.<\/p>\n<p>Zus\u00e4tzlich angereichert mit den Vitaminen C, D3 und K2 sowie den Mineralstoffen Kalzium, Zink und Mangan. Das praktische Kapselformat sorgt f\u00fcr einen effektiven Stoffwechsel. Da es keinen Gew\u00f6hnungseffekt gibt, wird Lr CannAloe Hanfkapseln zur Langzeitanwendung empfohlen.<\/p>\n<p>&nbsp;<\/p>\n<h3><span style=\"font-size: 16pt; color: #000000;\"><strong>Was sind Lr Lifetakt CannAloe Hanfkapseln?<\/strong><\/span><\/h3>\n<p>CBD Kurkuma Kapseln sind ein Nahrungserg\u00e4nzungsmittel. Es kombiniert das gesamte Spektrum der Cannabinoide, wie <a href=\"https:\/\/www.lraloeverashop.eu\/de\/produkt\/cbd-kapseln-lr-cannaloe\/\">CBD<\/a> und CBD-A, aus der Cannabispflanze mit Aloe Vera und anderen traditionellen und wissenschaftlich nachgewiesenen Inhaltsstoffen wie Kurkuma, Weihrauch, <a href=\"https:\/\/www.lraloeverashop.eu\/de\/produkt-kategorie\/basis\/vitamine-mineralien\/\">Vitaminen und Mineralien<\/a>.<\/p>\n<p><img loading=\"lazy\" decoding=\"async\" class=\"alignright wp-image-2910\" src=\"https:\/\/www.lraloeverashop.eu\/wp-content\/uploads\/2022\/10\/Cannabis-Plant.jpg\" alt=\"Cannabis plant\" width=\"449\" height=\"329\" srcset=\"https:\/\/www.lraloeverashop.eu\/wp-content\/uploads\/2022\/10\/Cannabis-Plant.jpg 1024w, https:\/\/www.lraloeverashop.eu\/wp-content\/uploads\/2022\/10\/Cannabis-Plant-600x439.jpg 600w, https:\/\/www.lraloeverashop.eu\/wp-content\/uploads\/2022\/10\/Cannabis-Plant-300x219.jpg 300w, https:\/\/www.lraloeverashop.eu\/wp-content\/uploads\/2022\/10\/Cannabis-Plant-768x562.jpg 768w\" sizes=\"auto, (max-width: 449px) 100vw, 449px\" \/><\/p>\n<p>&nbsp;<\/p>\n<h4><span style=\"font-size: 16pt; color: #000000;\"><strong>Was ist sind Cannabinoide, CBD und CBD-A?<\/strong><\/span><\/h4>\n<p>CBD und CBD-A geh\u00f6ren zur Gruppe der Cannabinoide, die im menschlichen K\u00f6rper eine Vielzahl von Wirkungen haben. Der in LR LIFETAKT CANNALOE KAPSELN verwendete Hanf ist nicht berauschend, macht nicht abh\u00e4ngig und unterliegt nicht dem Bet\u00e4ubungsmittelgesetz (BTMG).<\/p>\n<p><strong>Der Begriff THC taucht h\u00e4ufig im Zusammenhang mit Cannabinoiden auf. Was bedeutet das?<\/strong><br \/>\nTHC (Tetrahydrocannabinol) ist eine psychoaktive Substanz, die in h\u00f6heren Mengen in weiblichen Cannabispflanzen vorkommt und ebenfalls zu den Cannabinoiden geh\u00f6rt. Ihm wird der Hauptteil der berauschenden Wirkung zugeschrieben.<\/p>\n<p>&nbsp;<\/p>\n<h3><span style=\"font-size: 16pt; color: #000000;\"><strong>Ist es ein legales Produkt?<\/strong><\/span><\/h3>\n<p>Entscheidend f\u00fcr ein legales Produkt ist, dass der THC-Gehalt unter der gesetzlichen Grenze von 0,2 % liegt. Ich w\u00fcrde mich hier nicht auf die Herstellerangaben verlassen, sondern nur Produkte verwenden, die in Deutschland hergestellt werden. Diese unterliegen strengsten gesetzlichen Vorschriften und Kontrollen. Das bedeutet Sicherheit. Und der F\u00fchrerschein ist \u00fcbrigens nicht in Gefahr.<\/p>\n<p>Der in den Lr CannAloe Hanfkapseln verwendete Hanf wird aus EU-zertifiziertem Industriehanf, Cannabis Sativa, gewonnen, und der berauschende Inhaltsstoff THC wurde weitgehend herausgez\u00fcchtet.<\/p>\n<p>&nbsp;<\/p>\n<h3><span style=\"font-size: 16pt; color: #000000;\"><strong>Warum ist es nicht m\u00f6glich, auf der Verpackung &#8222;THC-frei&#8220; oder &#8222;frei von Halluzinogenen&#8220; zu deklarieren?<\/strong><\/span><\/h3>\n<p>Bei dem Produkt handelt es sich um ein <a href=\"https:\/\/shop.lrworld.com\/home\/DE\/de?PHP=0vFlt7jT938BEnBI3a6e9w%3D%3D\">Naturprodukt<\/a>, das regulatorischen Anforderungen unterliegt. Eine entsprechende Angabe ist daher nicht zul\u00e4ssig. Da es sich um ein Vollspektrum-Produkt handelt, stammen alle nat\u00fcrlichen Cannabinoide aus der Cannabispflanze.<\/p>\n<p>&nbsp;<\/p>\n<h4><span style=\"font-size: 16pt; color: #000000;\"><strong>Welches ist das Herstellungsverfahren f\u00fcr CannAloe Hanfkapseln?<\/strong><\/span><\/h4>\n<p>Die Cannabispflanze wird im Freien angebaut und nach der Ernte zuerst zerkleinert. Um die Bl\u00fcten und Bl\u00e4tter der Cannabispflanze fein mahlen zu k\u00f6nnen und ein homogenes Cannabisprodukt zu erhalten, wird das Produkt getrocknet.<\/p>\n<p>Dieser Trocknungsprozess wird unter strengen Richtlinien schonend durchgef\u00fchrt, damit Cannabinoide nicht in unerw\u00fcnschte Nebenprodukte (z.B. THC) umgewandelt werden.<\/p>\n<p>Auch die extrem feine Vermahlung ist sehr wichtig, da jede Pflanze anders ist und auch unterschiedliche Mengen der Wirkstoffe enth\u00e4lt. Dadurch wird ein ausgewogenes Wirkstoff Profil erreicht.<\/p>\n<p>&nbsp;<\/p>\n<h2><span style=\"font-size: 16pt; color: #000000;\"><strong>Warum sind die CBD kapseln so besonders?<\/strong><\/span><\/h2>\n<p>CBD Kurkuma Kapseln bestehen aus einer Wirkstoffkombination mit den Inhaltsstoffen Hanfpulver, Kurkuma, Weihrauch, <a href=\"https:\/\/www.lraloeverashop.eu\/de\/produkt\/aloe-vera-trinkgel-honig\/\">Aloe Vera Gel<\/a> sowie Mineralien und Vitaminen.<\/p>\n<p>Durch die Darreichungsform als Kapsel k\u00f6nnen die Inhaltsstoffe vom Organismus effektiver und gezielter verarbeitet werden, weshalb geringe Konzentrationen der Inhaltsstoffe ausreichend sind. Der hohe Anteil des Tr\u00e4gers, bestehend aus Soja\u00f6l, dient dazu, die Homogenit\u00e4t in der Kapsel zu erhalten.<\/p>\n<ul>\n<li>Das in Lr Lifetakt CannAloe Hanfkapseln enthaltene <a href=\"https:\/\/www.lraloeverashop.eu\/de\/produkt\/vita-active-rote-fruechte\/\">Vitamin C<\/a> tr\u00e4gt zum normalen Energiestoffwechsel, zur normalen psychologischen Funktion, zur normalen Funktion des Immunsystems und zum Schutz der Zellen vor oxidativem Stress bei.<\/li>\n<li>Das in CBD Kurkuma Kapseln enthaltene Vitamin D tr\u00e4gt zur normalen Funktion des Immunsystems, zur Aufrechterhaltung normaler <a href=\"https:\/\/www.lraloeverashop.eu\/de\/produkt\/active-freedom-kapseln\/\">Knochen<\/a> und normaler Muskelfunktionen bei.<\/li>\n<li>Das in Lr CannAloe Hanfkapseln enthaltene Vitamin K tr\u00e4gt zur Aufrechterhaltung normaler Knochen bei.<\/li>\n<li>Das in den CBD-Pillen enthaltene Mangan tr\u00e4gt zu einem normalen Energiestoffwechsel, zum Schutz der Zellen vor oxidativem Stress und zur Aufrechterhaltung normaler Knochen bei.<\/li>\n<li>Das in den Hanfkapseln enthaltene Zink tr\u00e4gt zur normalen Funktion des Immunsystems, zum Schutz der Zellen vor oxidativem Stress, zur normalen kognitiven Funktion und zum Erhalt normaler Knochen bei.<\/li>\n<\/ul>\n<p>&nbsp;<\/p>\n<h3><span style=\"font-size: 16pt; color: #000000;\"><strong>Wie benutzt man CannAloe Hanfkapseln<\/strong><\/span><\/h3>\n<p>Menschen bis 45 kg K\u00f6rpergewicht: 1 Kapsel t\u00e4glich, ab 45 kg K\u00f6rpergewicht: 2 Kapseln t\u00e4glich, ganz mit etwas Fl\u00fcssigkeit schlucken. Praktische monatliche Packung (60 Kapseln).<\/p>\n<p><strong>Hinweis:<\/strong>Die angegebene empfohlene Tagesdosis darf nicht \u00fcberschritten werden. Nahrungserg\u00e4nzungsmittel sind kein Ersatz f\u00fcr eine abwechslungsreiche und ausgewogene Ern\u00e4hrung, die in Verbindung mit einem gesunden Lebensstil wichtig ist.<\/p>\n<p>Bewahren Sie das Produkt au\u00dferhalb der Reichweite kleiner Kinder auf. Trocken und bei Raumtemperatur lagern.<\/p>\n<p><span style=\"color: #ff0000;\"><strong>LNicht geeignet f\u00fcr schwangere Frauen, stillende Frauen, Kinder und Jugendliche.<\/strong><\/span><\/p>\n<p>&nbsp;<\/p>\n<h4><span style=\"color: #000000;\"><strong><span style=\"font-size: 16pt;\">CBD-\u00d6l oder CBD-Kapseln<\/span><\/strong><\/span><\/h4>\n<p>Hier die richtige Wahl zu treffen, ist f\u00fcr den Verbraucher nicht immer einfach. Auf den ersten Blick scheint das \u00d6l eine gute Wahl zu sein. Es hat jedoch einige entscheidende Nachteile. \u00d6le werden schlecht \u00fcber die Verdauung aufgenommen, daher empfehlen die Hersteller, die Tropfen einige Zeit im Mund zu belassen, damit das CBD \u00fcber die Schleimh\u00e4ute aufgenommen werden kann.<\/p>\n<p>Der von den meisten Menschen als \u00e4u\u00dferst unangenehm empfundene Geschmack f\u00fchrt dazu, dass das CBD-\u00d6l oft nicht lange genug im Mund\/unter der Zunge bleibt und somit ein Teil seines Potenzials verloren geht. Da au\u00dferdem der CBD-Gehalt von Vollspektrum\u00f6len schwanken kann, ist die Dosierung schwierig.<\/p>\n<p>Israelische Wissenschaftler haben ein Verfahren f\u00fcr ein wasserl\u00f6sliches Vollspektrumpr\u00e4parat entwickelt.<br \/>\nDas Ergebnis: ein Vollspektrum-CBD-Pulver in Kapselform. Die Vorteile sind enorm: optimale Bioverf\u00fcgbarkeit und Resorption, pr\u00e4zise Dosierung und die Kapsel ist geschmacksneutral.<\/p>\n<p><strong>Kurkuma und Weihrauch \u2013 die perfekte Symbiose<\/strong><br \/>\nErfahrungen haben gezeigt, dass CBD in Kombination mit Kurkuma und Weihrauch eine deutlich h\u00f6here entz\u00fcndungshemmende und schmerzlindernde Wirkung erzielt.<\/p>\n<p>&nbsp;<\/p>\n","protected":false},"excerpt":{"rendered":"<ul>\n<li>Kombination nat\u00fcrlicher Inhaltsstoffe mit einer jahrhundertealten Tradition<\/li>\n<li>Das gesamte Spektrum an Cannabinoiden aus der Cannabispflanze, Aloe Vera, Kurkuma und Weihrauch<\/li>\n<li>CannAloe Hanfkapseln Angereichert mit Mineralien und Vitaminen<\/li>\n<li>Empfohlen f\u00fcr den Langzeitgebrauch<\/li>\n<li>Ohne sich daran zu gew\u00f6hnen, macht nicht s\u00fcchtig<\/li>\n<li>Gluten- und laktosefrei<\/li>\n<li>Menge: 60 Kapseln<\/li>\n<\/ul>\n<p><span style=\"color: #ff0000;\"><a style=\"color: #ff0000;\" href=\"https:\/\/shop.lrworld.com\/openpao?PHP=0vFlt7jT938BEnBI3a6e9w%3D%3D\"><span style=\"font-size: 14pt;\"><strong>Hier registrieren und dauerhaft 35\u202f% sparen<\/strong><\/span><\/a><\/span><\/p>\n","protected":false},"featured_media":5509,"comment_status":"open","ping_status":"closed","template":"","meta":{"_kad_blocks_custom_css":"","_kad_blocks_head_custom_js":"","_kad_blocks_body_custom_js":"","_kad_blocks_footer_custom_js":"","_kadence_starter_templates_imported_post":false,"_kad_post_transparent":"default","_kad_post_title":"","_kad_post_layout":"default","_kad_post_sidebar_id":"","_kad_post_content_style":"default","_kad_post_vertical_padding":"default","_kad_post_feature":"","_kad_post_feature_position":"","_kad_post_header":false,"_kad_post_footer":false,"_kad_post_classname":""},"product_brand":[],"product_cat":[483,447,417,465,411],"product_tag":[654],"class_list":{"0":"post-9475","1":"product","2":"type-product","3":"status-publish","4":"has-post-thumbnail","6":"product_cat-cannaloe-de","7":"product_cat-entspannung","8":"product_cat-knochen-gelenke-muskeln","9":"product_cat-spezial-ernahrung","10":"product_cat-spezielle-produkte","11":"product_tag-gelenkschmerzen-de","13":"first","14":"instock","15":"taxable","16":"shipping-taxable","17":"purchasable","18":"product-type-simple","19":"entry","20":"content-bg","21":"loop-entry"},"yoast_head":"<!-- This site is optimized with the Yoast SEO Premium plugin v27.4 (Yoast SEO v27.4) - https:\/\/yoast.com\/product\/yoast-seo-premium-wordpress\/ -->\n<title>CannAloe Hanfkapseln Angereichert mit Mineralien und Vitamine<\/title>\n<meta name=\"description\" content=\"CannAloe Hanfkapseln sind ein Nahrungserg\u00e4nzungsmittel. Diese CBD Kurkuma Kapseln bestehen aus Hanfpulver, Kurkuma, Weihrauch, Aloe Vera und Vitaminen.\" \/>\n<meta name=\"robots\" content=\"index, follow, max-snippet:-1, max-image-preview:large, max-video-preview:-1\" \/>\n<link rel=\"canonical\" href=\"https:\/\/www.lraloeverashop.eu\/de\/produkt\/lr-cannaloe-cbd-kapseln\/\" \/>\n<meta property=\"og:locale\" content=\"de_DE\" \/>\n<meta property=\"og:type\" content=\"article\" \/>\n<meta property=\"og:title\" content=\"CannAloe Hanfkapseln\" \/>\n<meta property=\"og:description\" content=\"CannAloe Hanfkapseln sind ein Nahrungserg\u00e4nzungsmittel. Diese CBD Kurkuma Kapseln bestehen aus Hanfpulver, Kurkuma, Weihrauch, Aloe Vera und Vitaminen.\" \/>\n<meta property=\"og:url\" content=\"https:\/\/www.lraloeverashop.eu\/de\/produkt\/lr-cannaloe-cbd-kapseln\/\" \/>\n<meta property=\"og:site_name\" content=\"Lr Aloe Vera Shop\" \/>\n<meta property=\"article:publisher\" content=\"https:\/\/www.facebook.com\/lraloeverashop.eu\" \/>\n<meta property=\"article:modified_time\" content=\"2026-02-03T17:40:23+00:00\" \/>\n<meta property=\"og:image\" content=\"https:\/\/www.lraloeverashop.eu\/wp-content\/uploads\/2022\/10\/Lr-CannAloe-single.jpg\" \/>\n\t<meta property=\"og:image:width\" content=\"1200\" \/>\n\t<meta property=\"og:image:height\" content=\"1200\" \/>\n\t<meta property=\"og:image:type\" content=\"image\/jpeg\" \/>\n<meta name=\"twitter:card\" content=\"summary_large_image\" \/>\n<meta name=\"twitter:site\" content=\"@natur__kosmetik\" \/>\n<script type=\"application\/ld+json\" class=\"yoast-schema-graph\">{\"@context\":\"https:\\\/\\\/schema.org\",\"@graph\":[{\"@type\":[\"WebPage\",\"ItemPage\"],\"@id\":\"https:\\\/\\\/www.lraloeverashop.eu\\\/de\\\/produkt\\\/lr-cannaloe-cbd-kapseln\\\/\",\"url\":\"https:\\\/\\\/www.lraloeverashop.eu\\\/de\\\/produkt\\\/lr-cannaloe-cbd-kapseln\\\/\",\"name\":\"CannAloe Hanfkapseln Angereichert mit Mineralien und Vitamine\",\"isPartOf\":{\"@id\":\"https:\\\/\\\/www.lraloeverashop.eu\\\/de\\\/#website\"},\"primaryImageOfPage\":{\"@id\":\"https:\\\/\\\/www.lraloeverashop.eu\\\/de\\\/produkt\\\/lr-cannaloe-cbd-kapseln\\\/#primaryimage\"},\"image\":{\"@id\":\"https:\\\/\\\/www.lraloeverashop.eu\\\/de\\\/produkt\\\/lr-cannaloe-cbd-kapseln\\\/#primaryimage\"},\"thumbnailUrl\":\"https:\\\/\\\/www.lraloeverashop.eu\\\/wp-content\\\/uploads\\\/2022\\\/10\\\/Lr-CannAloe-single.jpg\",\"datePublished\":\"2022-10-14T07:35:26+00:00\",\"dateModified\":\"2026-02-03T17:40:23+00:00\",\"description\":\"CannAloe Hanfkapseln sind ein Nahrungserg\u00e4nzungsmittel. Diese CBD Kurkuma Kapseln bestehen aus Hanfpulver, Kurkuma, Weihrauch, Aloe Vera und Vitaminen.\",\"breadcrumb\":{\"@id\":\"https:\\\/\\\/www.lraloeverashop.eu\\\/de\\\/produkt\\\/lr-cannaloe-cbd-kapseln\\\/#breadcrumb\"},\"inLanguage\":\"de\",\"potentialAction\":[{\"@type\":\"ReadAction\",\"target\":[\"https:\\\/\\\/www.lraloeverashop.eu\\\/de\\\/produkt\\\/lr-cannaloe-cbd-kapseln\\\/\"]}]},{\"@type\":\"ImageObject\",\"inLanguage\":\"de\",\"@id\":\"https:\\\/\\\/www.lraloeverashop.eu\\\/de\\\/produkt\\\/lr-cannaloe-cbd-kapseln\\\/#primaryimage\",\"url\":\"https:\\\/\\\/www.lraloeverashop.eu\\\/wp-content\\\/uploads\\\/2022\\\/10\\\/Lr-CannAloe-single.jpg\",\"contentUrl\":\"https:\\\/\\\/www.lraloeverashop.eu\\\/wp-content\\\/uploads\\\/2022\\\/10\\\/Lr-CannAloe-single.jpg\",\"width\":1200,\"height\":1200,\"caption\":\"Lr CannAloe CBD mit hochwertiger Aloe Vera\"},{\"@type\":\"BreadcrumbList\",\"@id\":\"https:\\\/\\\/www.lraloeverashop.eu\\\/de\\\/produkt\\\/lr-cannaloe-cbd-kapseln\\\/#breadcrumb\",\"itemListElement\":[{\"@type\":\"ListItem\",\"position\":1,\"name\":\"Home\",\"item\":\"https:\\\/\\\/www.lraloeverashop.eu\\\/de\\\/\"},{\"@type\":\"ListItem\",\"position\":2,\"name\":\"Shop\",\"item\":\"https:\\\/\\\/www.lraloeverashop.eu\\\/de\\\/shop-2\\\/\"},{\"@type\":\"ListItem\",\"position\":3,\"name\":\"CannAloe Hanfkapseln\"}]},{\"@type\":\"WebSite\",\"@id\":\"https:\\\/\\\/www.lraloeverashop.eu\\\/de\\\/#website\",\"url\":\"https:\\\/\\\/www.lraloeverashop.eu\\\/de\\\/\",\"name\":\"Lr Aloe Vera Shop\",\"description\":\"High Quality Lr Aloe Vera Gel, Aloe Vera Cream and Shampoo\",\"publisher\":{\"@id\":\"https:\\\/\\\/www.lraloeverashop.eu\\\/de\\\/#organization\"},\"potentialAction\":[{\"@type\":\"SearchAction\",\"target\":{\"@type\":\"EntryPoint\",\"urlTemplate\":\"https:\\\/\\\/www.lraloeverashop.eu\\\/de\\\/?s={search_term_string}\"},\"query-input\":{\"@type\":\"PropertyValueSpecification\",\"valueRequired\":true,\"valueName\":\"search_term_string\"}}],\"inLanguage\":\"de\"},{\"@type\":\"Organization\",\"@id\":\"https:\\\/\\\/www.lraloeverashop.eu\\\/de\\\/#organization\",\"name\":\"Lr Aloe Vera Shop\",\"alternateName\":\"LR\",\"url\":\"https:\\\/\\\/www.lraloeverashop.eu\\\/de\\\/\",\"logo\":{\"@type\":\"ImageObject\",\"inLanguage\":\"de\",\"@id\":\"https:\\\/\\\/www.lraloeverashop.eu\\\/de\\\/#\\\/schema\\\/logo\\\/image\\\/\",\"url\":\"https:\\\/\\\/www.lraloeverashop.eu\\\/wp-content\\\/uploads\\\/2022\\\/09\\\/cropped-Lr-Aloe-Vera-Shop.jpg\",\"contentUrl\":\"https:\\\/\\\/www.lraloeverashop.eu\\\/wp-content\\\/uploads\\\/2022\\\/09\\\/cropped-Lr-Aloe-Vera-Shop.jpg\",\"width\":228,\"height\":76,\"caption\":\"Lr Aloe Vera Shop\"},\"image\":{\"@id\":\"https:\\\/\\\/www.lraloeverashop.eu\\\/de\\\/#\\\/schema\\\/logo\\\/image\\\/\"},\"sameAs\":[\"https:\\\/\\\/www.facebook.com\\\/lraloeverashop.eu\",\"https:\\\/\\\/x.com\\\/natur__kosmetik\",\"https:\\\/\\\/www.youtube.com\\\/channel\\\/UC5oN7BJ8nfYb8RpVtjwDEBA\",\"https:\\\/\\\/www.instagram.com\\\/lrbeautyeu\\\/\"],\"description\":\"LR Aloe Vera Shop ist Ihre vertrauensw\u00fcrdige Adresse f\u00fcr hochwertige LR Health & Beauty Produkte aus Deutschland. Wir bieten Ihnen erstklassige Aloe Vera Hautpflege, N\u00e4hrstoffe und Anti-Aging-Produkte mit reinen Inhaltsstoffen, die auf wissenschaftlichen Erkenntnissen basieren. Entdecken Sie nat\u00fcrliche Pflege, die Ihre Haut regeneriert, sch\u00fctzt und revitalisiert \u2013 und profitieren Sie von exklusiven Monatsangeboten auf unsere Bestseller von LR Aloe Vera. Starten Sie noch heute Ihre Reise zu nat\u00fcrlicher Hautpflege und sp\u00fcren Sie den Unterschied.\",\"email\":\"info@lraloeverashop.eu\",\"telephone\":\"+49 17670609653\",\"legalName\":\"Lr Aloe Vera Shop\",\"foundingDate\":\"2018-04-21\",\"numberOfEmployees\":{\"@type\":\"QuantitativeValue\",\"minValue\":\"1\",\"maxValue\":\"10\"}}]}<\/script>\n<meta property=\"product:price:amount\" content=\"122.49\" \/>\n<meta property=\"product:price:currency\" content=\"EUR\" \/>\n<meta property=\"og:availability\" content=\"instock\" \/>\n<meta property=\"product:availability\" content=\"instock\" \/>\n<meta property=\"product:retailer_item_id\" content=\"81090-1DE\" \/>\n<meta property=\"product:condition\" content=\"new\" \/>\n<!-- \/ Yoast SEO Premium plugin. -->","yoast_head_json":{"title":"CannAloe Hanfkapseln Angereichert mit Mineralien und Vitamine","description":"CannAloe Hanfkapseln sind ein Nahrungserg\u00e4nzungsmittel. Diese CBD Kurkuma Kapseln bestehen aus Hanfpulver, Kurkuma, Weihrauch, Aloe Vera und Vitaminen.","robots":{"index":"index","follow":"follow","max-snippet":"max-snippet:-1","max-image-preview":"max-image-preview:large","max-video-preview":"max-video-preview:-1"},"canonical":"https:\/\/www.lraloeverashop.eu\/de\/produkt\/lr-cannaloe-cbd-kapseln\/","og_locale":"de_DE","og_type":"article","og_title":"CannAloe Hanfkapseln","og_description":"CannAloe Hanfkapseln sind ein Nahrungserg\u00e4nzungsmittel. Diese CBD Kurkuma Kapseln bestehen aus Hanfpulver, Kurkuma, Weihrauch, Aloe Vera und Vitaminen.","og_url":"https:\/\/www.lraloeverashop.eu\/de\/produkt\/lr-cannaloe-cbd-kapseln\/","og_site_name":"Lr Aloe Vera Shop","article_publisher":"https:\/\/www.facebook.com\/lraloeverashop.eu","article_modified_time":"2026-02-03T17:40:23+00:00","og_image":[{"width":1200,"height":1200,"url":"https:\/\/www.lraloeverashop.eu\/wp-content\/uploads\/2022\/10\/Lr-CannAloe-single.jpg","type":"image\/jpeg"}],"twitter_card":"summary_large_image","twitter_site":"@natur__kosmetik","schema":{"@context":"https:\/\/schema.org","@graph":[{"@type":["WebPage","ItemPage"],"@id":"https:\/\/www.lraloeverashop.eu\/de\/produkt\/lr-cannaloe-cbd-kapseln\/","url":"https:\/\/www.lraloeverashop.eu\/de\/produkt\/lr-cannaloe-cbd-kapseln\/","name":"CannAloe Hanfkapseln Angereichert mit Mineralien und Vitamine","isPartOf":{"@id":"https:\/\/www.lraloeverashop.eu\/de\/#website"},"primaryImageOfPage":{"@id":"https:\/\/www.lraloeverashop.eu\/de\/produkt\/lr-cannaloe-cbd-kapseln\/#primaryimage"},"image":{"@id":"https:\/\/www.lraloeverashop.eu\/de\/produkt\/lr-cannaloe-cbd-kapseln\/#primaryimage"},"thumbnailUrl":"https:\/\/www.lraloeverashop.eu\/wp-content\/uploads\/2022\/10\/Lr-CannAloe-single.jpg","datePublished":"2022-10-14T07:35:26+00:00","dateModified":"2026-02-03T17:40:23+00:00","description":"CannAloe Hanfkapseln sind ein Nahrungserg\u00e4nzungsmittel. Diese CBD Kurkuma Kapseln bestehen aus Hanfpulver, Kurkuma, Weihrauch, Aloe Vera und Vitaminen.","breadcrumb":{"@id":"https:\/\/www.lraloeverashop.eu\/de\/produkt\/lr-cannaloe-cbd-kapseln\/#breadcrumb"},"inLanguage":"de","potentialAction":[{"@type":"ReadAction","target":["https:\/\/www.lraloeverashop.eu\/de\/produkt\/lr-cannaloe-cbd-kapseln\/"]}]},{"@type":"ImageObject","inLanguage":"de","@id":"https:\/\/www.lraloeverashop.eu\/de\/produkt\/lr-cannaloe-cbd-kapseln\/#primaryimage","url":"https:\/\/www.lraloeverashop.eu\/wp-content\/uploads\/2022\/10\/Lr-CannAloe-single.jpg","contentUrl":"https:\/\/www.lraloeverashop.eu\/wp-content\/uploads\/2022\/10\/Lr-CannAloe-single.jpg","width":1200,"height":1200,"caption":"Lr CannAloe CBD mit hochwertiger Aloe Vera"},{"@type":"BreadcrumbList","@id":"https:\/\/www.lraloeverashop.eu\/de\/produkt\/lr-cannaloe-cbd-kapseln\/#breadcrumb","itemListElement":[{"@type":"ListItem","position":1,"name":"Home","item":"https:\/\/www.lraloeverashop.eu\/de\/"},{"@type":"ListItem","position":2,"name":"Shop","item":"https:\/\/www.lraloeverashop.eu\/de\/shop-2\/"},{"@type":"ListItem","position":3,"name":"CannAloe Hanfkapseln"}]},{"@type":"WebSite","@id":"https:\/\/www.lraloeverashop.eu\/de\/#website","url":"https:\/\/www.lraloeverashop.eu\/de\/","name":"Lr Aloe Vera Shop","description":"High Quality Lr Aloe Vera Gel, Aloe Vera Cream and Shampoo","publisher":{"@id":"https:\/\/www.lraloeverashop.eu\/de\/#organization"},"potentialAction":[{"@type":"SearchAction","target":{"@type":"EntryPoint","urlTemplate":"https:\/\/www.lraloeverashop.eu\/de\/?s={search_term_string}"},"query-input":{"@type":"PropertyValueSpecification","valueRequired":true,"valueName":"search_term_string"}}],"inLanguage":"de"},{"@type":"Organization","@id":"https:\/\/www.lraloeverashop.eu\/de\/#organization","name":"Lr Aloe Vera Shop","alternateName":"LR","url":"https:\/\/www.lraloeverashop.eu\/de\/","logo":{"@type":"ImageObject","inLanguage":"de","@id":"https:\/\/www.lraloeverashop.eu\/de\/#\/schema\/logo\/image\/","url":"https:\/\/www.lraloeverashop.eu\/wp-content\/uploads\/2022\/09\/cropped-Lr-Aloe-Vera-Shop.jpg","contentUrl":"https:\/\/www.lraloeverashop.eu\/wp-content\/uploads\/2022\/09\/cropped-Lr-Aloe-Vera-Shop.jpg","width":228,"height":76,"caption":"Lr Aloe Vera Shop"},"image":{"@id":"https:\/\/www.lraloeverashop.eu\/de\/#\/schema\/logo\/image\/"},"sameAs":["https:\/\/www.facebook.com\/lraloeverashop.eu","https:\/\/x.com\/natur__kosmetik","https:\/\/www.youtube.com\/channel\/UC5oN7BJ8nfYb8RpVtjwDEBA","https:\/\/www.instagram.com\/lrbeautyeu\/"],"description":"LR Aloe Vera Shop ist Ihre vertrauensw\u00fcrdige Adresse f\u00fcr hochwertige LR Health & Beauty Produkte aus Deutschland. Wir bieten Ihnen erstklassige Aloe Vera Hautpflege, N\u00e4hrstoffe und Anti-Aging-Produkte mit reinen Inhaltsstoffen, die auf wissenschaftlichen Erkenntnissen basieren. Entdecken Sie nat\u00fcrliche Pflege, die Ihre Haut regeneriert, sch\u00fctzt und revitalisiert \u2013 und profitieren Sie von exklusiven Monatsangeboten auf unsere Bestseller von LR Aloe Vera. Starten Sie noch heute Ihre Reise zu nat\u00fcrlicher Hautpflege und sp\u00fcren Sie den Unterschied.","email":"info@lraloeverashop.eu","telephone":"+49 17670609653","legalName":"Lr Aloe Vera Shop","foundingDate":"2018-04-21","numberOfEmployees":{"@type":"QuantitativeValue","minValue":"1","maxValue":"10"}}]},"product_price_amount":"122.49","product_price_currency":"EUR","og_availability":"instock","product_availability":"instock","product_retailer_item_id":"81090-1DE","product_condition":"new"},"taxonomy_info":{"product_cat":[{"value":483,"label":"CannAloe"},{"value":447,"label":"Entspannung"},{"value":417,"label":"Knochen, Gelenke &amp; Muskeln"},{"value":465,"label":"Spezialisten"},{"value":411,"label":"Spezielle Produkte"}],"product_tag":[{"value":654,"label":"Gelenkschmerzen"}]},"featured_image_src_large":["https:\/\/www.lraloeverashop.eu\/wp-content\/uploads\/2022\/10\/Lr-CannAloe-single-1024x1024.jpg",1024,1024,true],"author_info":[],"comment_info":0,"_links":{"self":[{"href":"https:\/\/www.lraloeverashop.eu\/de\/wp-json\/wp\/v2\/product\/9475","targetHints":{"allow":["GET"]}}],"collection":[{"href":"https:\/\/www.lraloeverashop.eu\/de\/wp-json\/wp\/v2\/product"}],"about":[{"href":"https:\/\/www.lraloeverashop.eu\/de\/wp-json\/wp\/v2\/types\/product"}],"replies":[{"embeddable":true,"href":"https:\/\/www.lraloeverashop.eu\/de\/wp-json\/wp\/v2\/comments?post=9475"}],"wp:featuredmedia":[{"embeddable":true,"href":"https:\/\/www.lraloeverashop.eu\/de\/wp-json\/wp\/v2\/media\/5509"}],"wp:attachment":[{"href":"https:\/\/www.lraloeverashop.eu\/de\/wp-json\/wp\/v2\/media?parent=9475"}],"wp:term":[{"taxonomy":"product_brand","embeddable":true,"href":"https:\/\/www.lraloeverashop.eu\/de\/wp-json\/wp\/v2\/product_brand?post=9475"},{"taxonomy":"product_cat","embeddable":true,"href":"https:\/\/www.lraloeverashop.eu\/de\/wp-json\/wp\/v2\/product_cat?post=9475"},{"taxonomy":"product_tag","embeddable":true,"href":"https:\/\/www.lraloeverashop.eu\/de\/wp-json\/wp\/v2\/product_tag?post=9475"}],"curies":[{"name":"wp","href":"https:\/\/api.w.org\/{rel}","templated":true}]}}