{"id":9463,"date":"2022-10-14T10:51:54","date_gmt":"2022-10-14T08:51:54","guid":{"rendered":"https:\/\/www.lraloeverashop.eu\/product\/fiber-boost-getrankepulver-set\/"},"modified":"2026-02-03T18:39:48","modified_gmt":"2026-02-03T17:39:48","slug":"fiber-boost-getrankepulver-set","status":"publish","type":"product","link":"https:\/\/www.lraloeverashop.eu\/de\/produkt\/fiber-boost-getrankepulver-set\/","title":{"rendered":"Fiber Boost Getr\u00e4nkepulver Set"},"content":{"rendered":"<h2><span style=\"font-size: 16pt;\"><strong>Fiber Boost Getr\u00e4nkepulver Set<\/strong><\/span><\/h2>\n<p><span style=\"font-size: 14pt;\"><strong>Fiber Boost Getr\u00e4nkepulver Set gegen gro\u00dfen Hunger<\/strong><\/span><\/p>\n<p>Im hektischen Alltag wird bei einer unausgewogenen Ern\u00e4hrung oft zu wenig Ballast konsumiert *. Fiber Boost Getr\u00e4nkepulver Set unterst\u00fctzt den K\u00f6rper mit seinem hohen Ballaststoffgehalt aus 3 verschiedenen Ballaststoffen und schmeckt gut.<\/p>\n<p>Jeder wei\u00df es: Das Fr\u00fchst\u00fcck oder Mittagessen ist erst vor ein paar Stunden und unser Magen berichtet wieder, aber es sind noch ein paar Stunden bis zum n\u00e4chsten Essen. Wir schnappen uns schnell kalorienreiche Snacks. Beginnen Sie mit Fiber Boost Getr\u00e4nkepulver, dem kalorienarmen und ballaststoffreichen <a href=\"https:\/\/www.lraloeverashop.eu\/de\/produkt\/fiber-boost-getraenkepulver\/\">Nahrungserg\u00e4nzungsmittel<\/a>.<\/p>\n<p>Fiber Boost hilft nicht nur beim ersten Hungergef\u00fchl. Es versorgt uns zus\u00e4tzlich mit Ballaststoffen und <a href=\"https:\/\/www.lraloeverashop.eu\/de\/produkt\/protein-power-getraenkepulver-vanille\/\">versorgt den K\u00f6rper<\/a> zus\u00e4tzlich mit dem wichtigen Spurenelement Chrom f\u00fcr einen geregelten N\u00e4hrstoffhaushalt\u00b9 und stabileren Blutzucker\u00b2.<\/p>\n<p>Die nat\u00fcrliche Pflanzensubstanz Stevia sorgt f\u00fcr einen s\u00fc\u00dfen Geschmack &#8211; ohne zus\u00e4tzlichen Zucker und zus\u00e4tzliche Kalorien.<\/p>\n<p>Chrom tr\u00e4gt zu einem normalen Metabolismus von Makron\u00e4hrstoffen bei.<br \/>\nChrom tr\u00e4gt zur Aufrechterhaltung eines normalen <a href=\"https:\/\/de.wikipedia.org\/wiki\/Blutzucker\">Blutzuckerspiegels<\/a> bei.<\/p>\n<p><strong>* 69 Prozent der M\u00e4nner und 75 Prozent der Frauen erreichen das Zielgewicht der Faser der DGE von 30 Gramm t\u00e4glich nicht. 2008. Max Rubner-Institut, Bundesforschungsinstitut f\u00fcr Lebensmittel und Ern\u00e4hrung.<\/strong><\/p>\n<p>&nbsp;<\/p>\n<h3 class=\"product_title entry-title\"><strong><span style=\"font-size: 16pt;\">Getr\u00e4nkepulver Set Anwendung<\/span><\/strong><\/h3>\n<p>Nehmen Sie einmal t\u00e4glich eine vorbereitete Portion Fiber Boost zu sich. Es wird empfohlen, zwischen den Mahlzeiten einzunehmen.<\/p>\n<p>Zubereitung: Zwei gestrichene Messl\u00f6ffel (1 Messl\u00f6ffel = ca. 3,5 g) in 200 ml fettarme, laktosefreie Milch (1,5% Fett) oder Wasser zum sofortigen Verzehr einr\u00fchren. Verwenden Sie mindestens 300 ml Glas. Dazu empfehlen wir die Zubereitung im LR Shaker.<\/p>\n<p>Hinweis: Bitte stellen Sie sicher, dass Sie genug <a href=\"https:\/\/www.lraloeverashop.eu\/de\/produkt\/kraeuter-fasten-tee\/\">trinken<\/a>. Die empfohlene Tagesdosis sollte nicht \u00fcberschritten werden. Nahrungserg\u00e4nzungsmittel sind kein Ersatz f\u00fcr eine abwechslungsreiche und ausgewogene Ern\u00e4hrung, die zusammen mit einer\u00a0<a href=\"https:\/\/www.lraloeverashop.eu\/de\/produkt-kategorie\/spezielle-produkte\/\">gesunden Lebensweise<\/a>\u00a0wichtig ist. Produkt au\u00dferhalb der Reichweite von Kleinkindern aufbewahren. Bitte gut verschlossen, trocken und bei Raumtemperatur lagern. Nach dem \u00d6ffnen wieder schlie\u00dfen.<\/p>\n<p>&nbsp;<\/p>\n<h4><strong><span style=\"font-size: 16pt;\">Wussten Sie schon?<\/span><\/strong><\/h4>\n<p><strong>Wichtiger Hinweis:<\/strong>\u00a0Wenn Sie von der Zubereitung gem\u00e4\u00df den Packungsanweisungen abweichen, \u00e4ndert sich der N\u00e4hrwert der vorbereiteten Portion. Der effektivste Weg, Fiber Boost zu verwenden, besteht darin, sich bei der Vorbereitung an die LR-Anweisungen auf der Produktverpackung zu halten.<\/p>\n","protected":false},"excerpt":{"rendered":"<ul>\n<li>Ballaststoffe gegen gro\u00dfen Hunger<\/li>\n<li>F\u00fcr das allgemeine Wohlbefinden im Alltag<\/li>\n<li>F\u00fcr ein angenehmes K\u00f6rpergef\u00fchl<\/li>\n<li>Kalorienarm mit der nat\u00fcrlichen S\u00fc\u00dfe von Stevia<\/li>\n<li>Reich an Ballaststoffen aus 3 verschiedenen Quellen<\/li>\n<li>Mit dem wichtigen Spurenelement Chrom f\u00fcr regulierten Blutzuckerspiegel und N\u00e4hrstoffwechsel<\/li>\n<li>Inhalt: 3 x 210g<\/li>\n<\/ul>\n<p><span style=\"color: #ff0000;\"><a style=\"color: #ff0000;\" href=\"https:\/\/shop.lrworld.com\/openpao?PHP=0vFlt7jT938BEnBI3a6e9w%3D%3D\"><span style=\"font-size: 14pt;\"><strong>Hier registrieren und dauerhaft 35\u202f% sparen<\/strong><\/span><\/a><\/span><\/p>\n","protected":false},"featured_media":5443,"comment_status":"open","ping_status":"closed","template":"","meta":{"_kad_blocks_custom_css":"","_kad_blocks_head_custom_js":"","_kad_blocks_body_custom_js":"","_kad_blocks_footer_custom_js":"","_kadence_starter_templates_imported_post":false,"_kad_post_transparent":"default","_kad_post_title":"","_kad_post_layout":"default","_kad_post_sidebar_id":"","_kad_post_content_style":"default","_kad_post_vertical_padding":"default","_kad_post_feature":"","_kad_post_feature_position":"","_kad_post_header":false,"_kad_post_footer":false,"_kad_post_classname":""},"product_brand":[],"product_cat":[435,340,334,462,465],"product_tag":[593],"class_list":{"0":"post-9463","1":"product","2":"type-product","3":"status-publish","4":"has-post-thumbnail","6":"product_cat-darm-verdauung","7":"product_cat-diat-begleiter","8":"product_cat-body-mission","9":"product_cat-sparen-im-set","10":"product_cat-spezial-ernahrung","11":"product_tag-diaet","13":"first","14":"instock","15":"taxable","16":"shipping-taxable","17":"purchasable","18":"product-type-simple","19":"entry","20":"content-bg","21":"loop-entry"},"yoast_head":"<!-- This site is optimized with the Yoast SEO Premium plugin v27.5 (Yoast SEO v27.5) - https:\/\/yoast.com\/product\/yoast-seo-premium-wordpress\/ -->\n<title>Fiber Boost Getr\u00e4nkepulver Set Gegen Gro\u00dfen Hunger<\/title>\n<meta name=\"description\" content=\"Fiber Boost Getr\u00e4nkepulver Set hilft nicht nur beim ersten Hungergef\u00fchl. Es versorgt den K\u00f6rper zus\u00e4tzlich mit Ballaststoffen und wichtige Spurenelementen\" \/>\n<meta name=\"robots\" content=\"index, follow, max-snippet:-1, max-image-preview:large, max-video-preview:-1\" \/>\n<link rel=\"canonical\" href=\"https:\/\/www.lraloeverashop.eu\/de\/produkt\/fiber-boost-getrankepulver-set\/\" \/>\n<meta property=\"og:locale\" content=\"de_DE\" \/>\n<meta property=\"og:type\" content=\"article\" \/>\n<meta property=\"og:title\" content=\"Fiber Boost Getr\u00e4nkepulver Set\" \/>\n<meta property=\"og:description\" content=\"Fiber Boost Getr\u00e4nkepulver Set hilft nicht nur beim ersten Hungergef\u00fchl. Es versorgt den K\u00f6rper zus\u00e4tzlich mit Ballaststoffen und wichtige Spurenelementen\" \/>\n<meta property=\"og:url\" content=\"https:\/\/www.lraloeverashop.eu\/de\/produkt\/fiber-boost-getrankepulver-set\/\" \/>\n<meta property=\"og:site_name\" content=\"Lr Aloe Vera Shop\" \/>\n<meta property=\"article:publisher\" content=\"https:\/\/www.facebook.com\/lraloeverashop.eu\" \/>\n<meta property=\"article:modified_time\" content=\"2026-02-03T17:39:48+00:00\" \/>\n<meta property=\"og:image\" content=\"https:\/\/www.lraloeverashop.eu\/wp-content\/uploads\/2022\/10\/Fiber-Boost-Drink-Powder-set.jpg\" \/>\n\t<meta property=\"og:image:width\" content=\"1200\" \/>\n\t<meta property=\"og:image:height\" content=\"1200\" \/>\n\t<meta property=\"og:image:type\" content=\"image\/jpeg\" \/>\n<meta name=\"twitter:card\" content=\"summary_large_image\" \/>\n<meta name=\"twitter:site\" content=\"@natur__kosmetik\" \/>\n<script type=\"application\/ld+json\" class=\"yoast-schema-graph\">{\"@context\":\"https:\\\/\\\/schema.org\",\"@graph\":[{\"@type\":[\"WebPage\",\"ItemPage\"],\"@id\":\"https:\\\/\\\/www.lraloeverashop.eu\\\/de\\\/produkt\\\/fiber-boost-getrankepulver-set\\\/\",\"url\":\"https:\\\/\\\/www.lraloeverashop.eu\\\/de\\\/produkt\\\/fiber-boost-getrankepulver-set\\\/\",\"name\":\"Fiber Boost Getr\u00e4nkepulver Set Gegen Gro\u00dfen Hunger\",\"isPartOf\":{\"@id\":\"https:\\\/\\\/www.lraloeverashop.eu\\\/de\\\/#website\"},\"primaryImageOfPage\":{\"@id\":\"https:\\\/\\\/www.lraloeverashop.eu\\\/de\\\/produkt\\\/fiber-boost-getrankepulver-set\\\/#primaryimage\"},\"image\":{\"@id\":\"https:\\\/\\\/www.lraloeverashop.eu\\\/de\\\/produkt\\\/fiber-boost-getrankepulver-set\\\/#primaryimage\"},\"thumbnailUrl\":\"https:\\\/\\\/www.lraloeverashop.eu\\\/wp-content\\\/uploads\\\/2022\\\/10\\\/Fiber-Boost-Drink-Powder-set.jpg\",\"datePublished\":\"2022-10-14T08:51:54+00:00\",\"dateModified\":\"2026-02-03T17:39:48+00:00\",\"description\":\"Fiber Boost Getr\u00e4nkepulver Set hilft nicht nur beim ersten Hungergef\u00fchl. Es versorgt den K\u00f6rper zus\u00e4tzlich mit Ballaststoffen und wichtige Spurenelementen\",\"breadcrumb\":{\"@id\":\"https:\\\/\\\/www.lraloeverashop.eu\\\/de\\\/produkt\\\/fiber-boost-getrankepulver-set\\\/#breadcrumb\"},\"inLanguage\":\"de\",\"potentialAction\":[{\"@type\":\"ReadAction\",\"target\":[\"https:\\\/\\\/www.lraloeverashop.eu\\\/de\\\/produkt\\\/fiber-boost-getrankepulver-set\\\/\"]}]},{\"@type\":\"ImageObject\",\"inLanguage\":\"de\",\"@id\":\"https:\\\/\\\/www.lraloeverashop.eu\\\/de\\\/produkt\\\/fiber-boost-getrankepulver-set\\\/#primaryimage\",\"url\":\"https:\\\/\\\/www.lraloeverashop.eu\\\/wp-content\\\/uploads\\\/2022\\\/10\\\/Fiber-Boost-Drink-Powder-set.jpg\",\"contentUrl\":\"https:\\\/\\\/www.lraloeverashop.eu\\\/wp-content\\\/uploads\\\/2022\\\/10\\\/Fiber-Boost-Drink-Powder-set.jpg\",\"width\":1200,\"height\":1200,\"caption\":\"Fiber Boost Getr\u00e4nkepulver-Set f\u00fcr den gro\u00dfen Hunger\"},{\"@type\":\"BreadcrumbList\",\"@id\":\"https:\\\/\\\/www.lraloeverashop.eu\\\/de\\\/produkt\\\/fiber-boost-getrankepulver-set\\\/#breadcrumb\",\"itemListElement\":[{\"@type\":\"ListItem\",\"position\":1,\"name\":\"Home\",\"item\":\"https:\\\/\\\/www.lraloeverashop.eu\\\/de\\\/\"},{\"@type\":\"ListItem\",\"position\":2,\"name\":\"Shop\",\"item\":\"https:\\\/\\\/www.lraloeverashop.eu\\\/de\\\/shop-2\\\/\"},{\"@type\":\"ListItem\",\"position\":3,\"name\":\"Fiber Boost Getr\u00e4nkepulver Set\"}]},{\"@type\":\"WebSite\",\"@id\":\"https:\\\/\\\/www.lraloeverashop.eu\\\/de\\\/#website\",\"url\":\"https:\\\/\\\/www.lraloeverashop.eu\\\/de\\\/\",\"name\":\"Lr Aloe Vera Shop\",\"description\":\"High Quality Lr Aloe Vera Gel, Aloe Vera Cream and Shampoo\",\"publisher\":{\"@id\":\"https:\\\/\\\/www.lraloeverashop.eu\\\/de\\\/#organization\"},\"alternateName\":\"LR\",\"potentialAction\":[{\"@type\":\"SearchAction\",\"target\":{\"@type\":\"EntryPoint\",\"urlTemplate\":\"https:\\\/\\\/www.lraloeverashop.eu\\\/de\\\/?s={search_term_string}\"},\"query-input\":{\"@type\":\"PropertyValueSpecification\",\"valueRequired\":true,\"valueName\":\"search_term_string\"}}],\"inLanguage\":\"de\"},{\"@type\":\"Organization\",\"@id\":\"https:\\\/\\\/www.lraloeverashop.eu\\\/de\\\/#organization\",\"name\":\"Lr Aloe Vera Shop\",\"alternateName\":\"LR\",\"url\":\"https:\\\/\\\/www.lraloeverashop.eu\\\/de\\\/\",\"logo\":{\"@type\":\"ImageObject\",\"inLanguage\":\"de\",\"@id\":\"https:\\\/\\\/www.lraloeverashop.eu\\\/de\\\/#\\\/schema\\\/logo\\\/image\\\/\",\"url\":\"https:\\\/\\\/www.lraloeverashop.eu\\\/wp-content\\\/uploads\\\/2022\\\/09\\\/cropped-Lr-Aloe-Vera-Shop.jpg\",\"contentUrl\":\"https:\\\/\\\/www.lraloeverashop.eu\\\/wp-content\\\/uploads\\\/2022\\\/09\\\/cropped-Lr-Aloe-Vera-Shop.jpg\",\"width\":228,\"height\":76,\"caption\":\"Lr Aloe Vera Shop\"},\"image\":{\"@id\":\"https:\\\/\\\/www.lraloeverashop.eu\\\/de\\\/#\\\/schema\\\/logo\\\/image\\\/\"},\"sameAs\":[\"https:\\\/\\\/www.facebook.com\\\/lraloeverashop.eu\",\"https:\\\/\\\/x.com\\\/natur__kosmetik\",\"https:\\\/\\\/www.youtube.com\\\/channel\\\/UC5oN7BJ8nfYb8RpVtjwDEBA\",\"https:\\\/\\\/www.instagram.com\\\/lrbeautyeu\\\/\"],\"description\":\"LR Aloe Vera Shop ist Ihre vertrauensw\u00fcrdige Adresse f\u00fcr hochwertige LR Health & Beauty Produkte aus Deutschland. Wir bieten Ihnen erstklassige Aloe Vera Hautpflege, N\u00e4hrstoffe und Anti-Aging-Produkte mit reinen Inhaltsstoffen, die auf wissenschaftlichen Erkenntnissen basieren. Entdecken Sie nat\u00fcrliche Pflege, die Ihre Haut regeneriert, sch\u00fctzt und revitalisiert \u2013 und profitieren Sie von exklusiven Monatsangeboten auf unsere Bestseller von LR Aloe Vera. Starten Sie noch heute Ihre Reise zu nat\u00fcrlicher Hautpflege und sp\u00fcren Sie den Unterschied.\",\"email\":\"info@lraloeverashop.eu\",\"telephone\":\"+49 17670609653\",\"legalName\":\"Lr Aloe Vera Shop\",\"foundingDate\":\"2018-04-21\",\"numberOfEmployees\":{\"@type\":\"QuantitativeValue\",\"minValue\":\"1\",\"maxValue\":\"10\"}}]}<\/script>\n<meta property=\"product:price:amount\" content=\"90.99\" \/>\n<meta property=\"product:price:currency\" content=\"EUR\" \/>\n<meta property=\"og:availability\" content=\"instock\" \/>\n<meta property=\"product:availability\" content=\"instock\" \/>\n<meta property=\"product:retailer_item_id\" content=\"80633-499DE\" \/>\n<meta property=\"product:condition\" content=\"new\" \/>\n<!-- \/ Yoast SEO Premium plugin. -->","yoast_head_json":{"title":"Fiber Boost Getr\u00e4nkepulver Set Gegen Gro\u00dfen Hunger","description":"Fiber Boost Getr\u00e4nkepulver Set hilft nicht nur beim ersten Hungergef\u00fchl. Es versorgt den K\u00f6rper zus\u00e4tzlich mit Ballaststoffen und wichtige Spurenelementen","robots":{"index":"index","follow":"follow","max-snippet":"max-snippet:-1","max-image-preview":"max-image-preview:large","max-video-preview":"max-video-preview:-1"},"canonical":"https:\/\/www.lraloeverashop.eu\/de\/produkt\/fiber-boost-getrankepulver-set\/","og_locale":"de_DE","og_type":"article","og_title":"Fiber Boost Getr\u00e4nkepulver Set","og_description":"Fiber Boost Getr\u00e4nkepulver Set hilft nicht nur beim ersten Hungergef\u00fchl. Es versorgt den K\u00f6rper zus\u00e4tzlich mit Ballaststoffen und wichtige Spurenelementen","og_url":"https:\/\/www.lraloeverashop.eu\/de\/produkt\/fiber-boost-getrankepulver-set\/","og_site_name":"Lr Aloe Vera Shop","article_publisher":"https:\/\/www.facebook.com\/lraloeverashop.eu","article_modified_time":"2026-02-03T17:39:48+00:00","og_image":[{"width":1200,"height":1200,"url":"https:\/\/www.lraloeverashop.eu\/wp-content\/uploads\/2022\/10\/Fiber-Boost-Drink-Powder-set.jpg","type":"image\/jpeg"}],"twitter_card":"summary_large_image","twitter_site":"@natur__kosmetik","schema":{"@context":"https:\/\/schema.org","@graph":[{"@type":["WebPage","ItemPage"],"@id":"https:\/\/www.lraloeverashop.eu\/de\/produkt\/fiber-boost-getrankepulver-set\/","url":"https:\/\/www.lraloeverashop.eu\/de\/produkt\/fiber-boost-getrankepulver-set\/","name":"Fiber Boost Getr\u00e4nkepulver Set Gegen Gro\u00dfen Hunger","isPartOf":{"@id":"https:\/\/www.lraloeverashop.eu\/de\/#website"},"primaryImageOfPage":{"@id":"https:\/\/www.lraloeverashop.eu\/de\/produkt\/fiber-boost-getrankepulver-set\/#primaryimage"},"image":{"@id":"https:\/\/www.lraloeverashop.eu\/de\/produkt\/fiber-boost-getrankepulver-set\/#primaryimage"},"thumbnailUrl":"https:\/\/www.lraloeverashop.eu\/wp-content\/uploads\/2022\/10\/Fiber-Boost-Drink-Powder-set.jpg","datePublished":"2022-10-14T08:51:54+00:00","dateModified":"2026-02-03T17:39:48+00:00","description":"Fiber Boost Getr\u00e4nkepulver Set hilft nicht nur beim ersten Hungergef\u00fchl. Es versorgt den K\u00f6rper zus\u00e4tzlich mit Ballaststoffen und wichtige Spurenelementen","breadcrumb":{"@id":"https:\/\/www.lraloeverashop.eu\/de\/produkt\/fiber-boost-getrankepulver-set\/#breadcrumb"},"inLanguage":"de","potentialAction":[{"@type":"ReadAction","target":["https:\/\/www.lraloeverashop.eu\/de\/produkt\/fiber-boost-getrankepulver-set\/"]}]},{"@type":"ImageObject","inLanguage":"de","@id":"https:\/\/www.lraloeverashop.eu\/de\/produkt\/fiber-boost-getrankepulver-set\/#primaryimage","url":"https:\/\/www.lraloeverashop.eu\/wp-content\/uploads\/2022\/10\/Fiber-Boost-Drink-Powder-set.jpg","contentUrl":"https:\/\/www.lraloeverashop.eu\/wp-content\/uploads\/2022\/10\/Fiber-Boost-Drink-Powder-set.jpg","width":1200,"height":1200,"caption":"Fiber Boost Getr\u00e4nkepulver-Set f\u00fcr den gro\u00dfen Hunger"},{"@type":"BreadcrumbList","@id":"https:\/\/www.lraloeverashop.eu\/de\/produkt\/fiber-boost-getrankepulver-set\/#breadcrumb","itemListElement":[{"@type":"ListItem","position":1,"name":"Home","item":"https:\/\/www.lraloeverashop.eu\/de\/"},{"@type":"ListItem","position":2,"name":"Shop","item":"https:\/\/www.lraloeverashop.eu\/de\/shop-2\/"},{"@type":"ListItem","position":3,"name":"Fiber Boost Getr\u00e4nkepulver Set"}]},{"@type":"WebSite","@id":"https:\/\/www.lraloeverashop.eu\/de\/#website","url":"https:\/\/www.lraloeverashop.eu\/de\/","name":"Lr Aloe Vera Shop","description":"High Quality Lr Aloe Vera Gel, Aloe Vera Cream and Shampoo","publisher":{"@id":"https:\/\/www.lraloeverashop.eu\/de\/#organization"},"alternateName":"LR","potentialAction":[{"@type":"SearchAction","target":{"@type":"EntryPoint","urlTemplate":"https:\/\/www.lraloeverashop.eu\/de\/?s={search_term_string}"},"query-input":{"@type":"PropertyValueSpecification","valueRequired":true,"valueName":"search_term_string"}}],"inLanguage":"de"},{"@type":"Organization","@id":"https:\/\/www.lraloeverashop.eu\/de\/#organization","name":"Lr Aloe Vera Shop","alternateName":"LR","url":"https:\/\/www.lraloeverashop.eu\/de\/","logo":{"@type":"ImageObject","inLanguage":"de","@id":"https:\/\/www.lraloeverashop.eu\/de\/#\/schema\/logo\/image\/","url":"https:\/\/www.lraloeverashop.eu\/wp-content\/uploads\/2022\/09\/cropped-Lr-Aloe-Vera-Shop.jpg","contentUrl":"https:\/\/www.lraloeverashop.eu\/wp-content\/uploads\/2022\/09\/cropped-Lr-Aloe-Vera-Shop.jpg","width":228,"height":76,"caption":"Lr Aloe Vera Shop"},"image":{"@id":"https:\/\/www.lraloeverashop.eu\/de\/#\/schema\/logo\/image\/"},"sameAs":["https:\/\/www.facebook.com\/lraloeverashop.eu","https:\/\/x.com\/natur__kosmetik","https:\/\/www.youtube.com\/channel\/UC5oN7BJ8nfYb8RpVtjwDEBA","https:\/\/www.instagram.com\/lrbeautyeu\/"],"description":"LR Aloe Vera Shop ist Ihre vertrauensw\u00fcrdige Adresse f\u00fcr hochwertige LR Health & Beauty Produkte aus Deutschland. Wir bieten Ihnen erstklassige Aloe Vera Hautpflege, N\u00e4hrstoffe und Anti-Aging-Produkte mit reinen Inhaltsstoffen, die auf wissenschaftlichen Erkenntnissen basieren. Entdecken Sie nat\u00fcrliche Pflege, die Ihre Haut regeneriert, sch\u00fctzt und revitalisiert \u2013 und profitieren Sie von exklusiven Monatsangeboten auf unsere Bestseller von LR Aloe Vera. Starten Sie noch heute Ihre Reise zu nat\u00fcrlicher Hautpflege und sp\u00fcren Sie den Unterschied.","email":"info@lraloeverashop.eu","telephone":"+49 17670609653","legalName":"Lr Aloe Vera Shop","foundingDate":"2018-04-21","numberOfEmployees":{"@type":"QuantitativeValue","minValue":"1","maxValue":"10"}}]},"product_price_amount":"90.99","product_price_currency":"EUR","og_availability":"instock","product_availability":"instock","product_retailer_item_id":"80633-499DE","product_condition":"new"},"taxonomy_info":{"product_cat":[{"value":435,"label":"Darm &amp; Verdauung"},{"value":340,"label":"Di\u00e4t Begleiter"},{"value":334,"label":"Mahlzeitenersatz"},{"value":462,"label":"Sparen im set"},{"value":465,"label":"Spezialisten"}],"product_tag":[{"value":593,"label":"Di\u00e4t"}]},"featured_image_src_large":["https:\/\/www.lraloeverashop.eu\/wp-content\/uploads\/2022\/10\/Fiber-Boost-Drink-Powder-set-1024x1024.jpg",1024,1024,true],"author_info":[],"comment_info":0,"_links":{"self":[{"href":"https:\/\/www.lraloeverashop.eu\/de\/wp-json\/wp\/v2\/product\/9463","targetHints":{"allow":["GET"]}}],"collection":[{"href":"https:\/\/www.lraloeverashop.eu\/de\/wp-json\/wp\/v2\/product"}],"about":[{"href":"https:\/\/www.lraloeverashop.eu\/de\/wp-json\/wp\/v2\/types\/product"}],"replies":[{"embeddable":true,"href":"https:\/\/www.lraloeverashop.eu\/de\/wp-json\/wp\/v2\/comments?post=9463"}],"wp:featuredmedia":[{"embeddable":true,"href":"https:\/\/www.lraloeverashop.eu\/de\/wp-json\/wp\/v2\/media\/5443"}],"wp:attachment":[{"href":"https:\/\/www.lraloeverashop.eu\/de\/wp-json\/wp\/v2\/media?parent=9463"}],"wp:term":[{"taxonomy":"product_brand","embeddable":true,"href":"https:\/\/www.lraloeverashop.eu\/de\/wp-json\/wp\/v2\/product_brand?post=9463"},{"taxonomy":"product_cat","embeddable":true,"href":"https:\/\/www.lraloeverashop.eu\/de\/wp-json\/wp\/v2\/product_cat?post=9463"},{"taxonomy":"product_tag","embeddable":true,"href":"https:\/\/www.lraloeverashop.eu\/de\/wp-json\/wp\/v2\/product_tag?post=9463"}],"curies":[{"name":"wp","href":"https:\/\/api.w.org\/{rel}","templated":true}]}}