{"id":9415,"date":"2022-10-14T11:27:51","date_gmt":"2022-10-14T09:27:51","guid":{"rendered":"https:\/\/www.lraloeverashop.eu\/product\/woman-phyto-kapseln-set\/"},"modified":"2026-02-03T18:39:19","modified_gmt":"2026-02-03T17:39:19","slug":"woman-phyto-kapseln-set","status":"publish","type":"product","link":"https:\/\/www.lraloeverashop.eu\/de\/produkt\/woman-phyto-kapseln-set\/","title":{"rendered":"Woman Phyto Kapseln Set"},"content":{"rendered":"<h2><span style=\"font-size: 16pt;\"><strong>Woman Phyto Kapseln Set<\/strong><\/span><\/h2>\n<p><span style=\"font-size: 14pt;\"><strong>Woman Phyto Kapseln Set &#8211; Unterst\u00fctzung in den Wechseljahren<\/strong><\/span><\/p>\n<p>Die Erhaltung gesunder Knochen ist ein wichtiges Thema, insbesondere w\u00e4hrend der Menopause. Hier k\u00f6nnen Lr Woman Phyto Kapseln Set einen wertvollen Beitrag leisten.<\/p>\n<p>Das enthaltene Kalzium in <a href=\"https:\/\/www.lraloeverashop.eu\/de\/produkt\/woman-phyto-kapseln\/\">Phyto Kapseln<\/a> ist notwendig, um normale Knochen zu halten und Vitamin D hilft, normale Knochen zu erhalten.<\/p>\n<p>&nbsp;<\/p>\n<h3><span style=\"font-size: 16pt;\"><strong>Anwendung<\/strong><\/span><\/h3>\n<p><strong>Empfohlene Dosierung:<\/strong>\u00a0Nehmen Sie 3 x 1 Kapsel t\u00e4glich mit etwas Fl\u00fcssigkeit ein.<\/p>\n<p>Die empfohlene Tagesdosis sollte nicht \u00fcberschritten werden. <a href=\"https:\/\/www.lraloeverashop.eu\/de\/produkt\/proteinpulver-vanille\/\">Nahrungserg\u00e4nzungsmittel<\/a> sollten nicht als Ersatz f\u00fcr eine ausgewogene und abwechslungsreiche Ern\u00e4hrung verwendet werden. Bewahren Sie das Produkt au\u00dferhalb der Reichweite von kleinen Kindern auf. K\u00fchl und trocken lagern.<\/p>\n<p>&nbsp;<\/p>\n<h4><span style=\"font-size: 16pt;\"><strong>H\u00e4ufig gestellte Fragen<\/strong><\/span><\/h4>\n<p><strong>Was kann man f\u00fcr seine Knochen tun?<\/strong><br \/>\nRegelm\u00e4\u00dfige Bewegung st\u00e4rken die Skelettmuskulatur und sind extrem wichtig f\u00fcr die Entwicklung und Aufrechterhaltung einer <a href=\"https:\/\/www.lraloeverashop.eu\/de\/produkt\/aloe-vera-trinkgel-freedom\/\">stabilen Knochenstruktur<\/a>. Laufen, Radfahren, Schwimmen oder auch gezieltes Krafttraining nimmt die Knochen auf, so dass mehr Knochensubstanz aufgebaut wird.<\/p>\n<p>Vor allem im Winter sollten wir jeden Tag wenigstens ein bisschen Sonne nehmen. Weil die Sonne dem K\u00f6rper hilft, Vitamin D zu bilden, was i.a. spielt eine Rolle in vielen hormonellen Prozessen.<\/p>\n<p><strong>Wie kann Ern\u00e4hrung zur F\u00f6rderung des weiblichen Wohlbefindens beitragen?<\/strong><br \/>\nEine gesunde, abwechslungsreiche Pflanzenern\u00e4hrung ist von gro\u00dfer Bedeutung: Neben den wichtigen <a href=\"https:\/\/www.lraloeverashop.eu\/de\/produkt\/vita-active-rote-fruechte\/\">Vitaminen<\/a>, Mineralstoffen und Spurenelementen enthalten Fr\u00fcchte, Gem\u00fcse, H\u00fclsenfr\u00fcchte und\u00a0Vollkornprodukte\u00a0auch sekund\u00e4re Pflanzenstoffe, die einer vorzeitigen <a href=\"https:\/\/www.lraloeverashop.eu\/de\/produkt\/lr-beauty-elixir\/\">Alterung vorbeugen<\/a>.<\/p>\n","protected":false},"excerpt":{"rendered":"<ul>\n<li>F\u00fcr das Wohlbefinden des weiblichen K\u00f6rpers<\/li>\n<li>Mit Kalzium und Vitamin D zur Erhaltung der Knochengesundheit<\/li>\n<li>Enth\u00e4lt Rotklee-Extrakt<\/li>\n<li>Laktose- und glutenfrei<\/li>\n<li>Produkt hergestellt in Deutschland<\/li>\n<li>Menge: 3 x 90 Kapseln<\/li>\n<\/ul>\n<p><span style=\"color: #ff0000;\"><a style=\"color: #ff0000;\" href=\"https:\/\/shop.lrworld.com\/openpao?PHP=0vFlt7jT938BEnBI3a6e9w%3D%3D\"><span style=\"font-size: 14pt;\"><strong>Hier registrieren und dauerhaft 35\u202f% sparen<\/strong><\/span><\/a><\/span><\/p>\n","protected":false},"featured_media":5275,"comment_status":"open","ping_status":"closed","template":"","meta":{"_kad_blocks_custom_css":"","_kad_blocks_head_custom_js":"","_kad_blocks_body_custom_js":"","_kad_blocks_footer_custom_js":"","_kadence_starter_templates_imported_post":false,"_kad_post_transparent":"default","_kad_post_title":"","_kad_post_layout":"default","_kad_post_sidebar_id":"","_kad_post_content_style":"default","_kad_post_vertical_padding":"default","_kad_post_feature":"","_kad_post_feature_position":"","_kad_post_header":false,"_kad_post_footer":false,"_kad_post_classname":""},"product_brand":[],"product_cat":[429,462,465],"product_tag":[],"class_list":{"0":"post-9415","1":"product","2":"type-product","3":"status-publish","4":"has-post-thumbnail","6":"product_cat-hormonelles-gleichgewicht","7":"product_cat-sparen-im-set","8":"product_cat-spezial-ernahrung","10":"first","11":"instock","12":"taxable","13":"shipping-taxable","14":"purchasable","15":"product-type-simple","16":"entry","17":"content-bg","18":"loop-entry"},"yoast_head":"<!-- This site is optimized with the Yoast SEO Premium plugin v27.5 (Yoast SEO v27.5) - https:\/\/yoast.com\/product\/yoast-seo-premium-wordpress\/ -->\n<title>Woman Phyto Kapseln Set - Unterst\u00fctzung in den Wechseljahren<\/title>\n<meta name=\"description\" content=\"Die Erhaltung gesunder Knochen ist ein wichtiges Thema, insbesondere w\u00e4hrend der Menopause. Die Lr Woman Phyto Kapseln Set k\u00f6nnen diese Thema unterst\u00fctzen.\" \/>\n<meta name=\"robots\" content=\"index, follow, max-snippet:-1, max-image-preview:large, max-video-preview:-1\" \/>\n<link rel=\"canonical\" href=\"https:\/\/www.lraloeverashop.eu\/de\/produkt\/woman-phyto-kapseln-set\/\" \/>\n<meta property=\"og:locale\" content=\"de_DE\" \/>\n<meta property=\"og:type\" content=\"article\" \/>\n<meta property=\"og:title\" content=\"Woman Phyto Kapseln Set\" \/>\n<meta property=\"og:description\" content=\"Die Erhaltung gesunder Knochen ist ein wichtiges Thema, insbesondere w\u00e4hrend der Menopause. Die Lr Woman Phyto Kapseln Set k\u00f6nnen diese Thema unterst\u00fctzen.\" \/>\n<meta property=\"og:url\" content=\"https:\/\/www.lraloeverashop.eu\/de\/produkt\/woman-phyto-kapseln-set\/\" \/>\n<meta property=\"og:site_name\" content=\"Lr Aloe Vera Shop\" \/>\n<meta property=\"article:publisher\" content=\"https:\/\/www.facebook.com\/lraloeverashop.eu\" \/>\n<meta property=\"article:modified_time\" content=\"2026-02-03T17:39:19+00:00\" \/>\n<meta property=\"og:image\" content=\"https:\/\/www.lraloeverashop.eu\/wp-content\/uploads\/2022\/10\/Woman-phyto-capsules-3-set.jpg\" \/>\n\t<meta property=\"og:image:width\" content=\"1200\" \/>\n\t<meta property=\"og:image:height\" content=\"1200\" \/>\n\t<meta property=\"og:image:type\" content=\"image\/jpeg\" \/>\n<meta name=\"twitter:card\" content=\"summary_large_image\" \/>\n<meta name=\"twitter:site\" content=\"@natur__kosmetik\" \/>\n<script type=\"application\/ld+json\" class=\"yoast-schema-graph\">{\"@context\":\"https:\\\/\\\/schema.org\",\"@graph\":[{\"@type\":[\"WebPage\",\"ItemPage\"],\"@id\":\"https:\\\/\\\/www.lraloeverashop.eu\\\/de\\\/produkt\\\/woman-phyto-kapseln-set\\\/\",\"url\":\"https:\\\/\\\/www.lraloeverashop.eu\\\/de\\\/produkt\\\/woman-phyto-kapseln-set\\\/\",\"name\":\"Woman Phyto Kapseln Set - Unterst\u00fctzung in den Wechseljahren\",\"isPartOf\":{\"@id\":\"https:\\\/\\\/www.lraloeverashop.eu\\\/de\\\/#website\"},\"primaryImageOfPage\":{\"@id\":\"https:\\\/\\\/www.lraloeverashop.eu\\\/de\\\/produkt\\\/woman-phyto-kapseln-set\\\/#primaryimage\"},\"image\":{\"@id\":\"https:\\\/\\\/www.lraloeverashop.eu\\\/de\\\/produkt\\\/woman-phyto-kapseln-set\\\/#primaryimage\"},\"thumbnailUrl\":\"https:\\\/\\\/www.lraloeverashop.eu\\\/wp-content\\\/uploads\\\/2022\\\/10\\\/Woman-phyto-capsules-3-set.jpg\",\"datePublished\":\"2022-10-14T09:27:51+00:00\",\"dateModified\":\"2026-02-03T17:39:19+00:00\",\"description\":\"Die Erhaltung gesunder Knochen ist ein wichtiges Thema, insbesondere w\u00e4hrend der Menopause. Die Lr Woman Phyto Kapseln Set k\u00f6nnen diese Thema unterst\u00fctzen.\",\"breadcrumb\":{\"@id\":\"https:\\\/\\\/www.lraloeverashop.eu\\\/de\\\/produkt\\\/woman-phyto-kapseln-set\\\/#breadcrumb\"},\"inLanguage\":\"de\",\"potentialAction\":[{\"@type\":\"ReadAction\",\"target\":[\"https:\\\/\\\/www.lraloeverashop.eu\\\/de\\\/produkt\\\/woman-phyto-kapseln-set\\\/\"]}]},{\"@type\":\"ImageObject\",\"inLanguage\":\"de\",\"@id\":\"https:\\\/\\\/www.lraloeverashop.eu\\\/de\\\/produkt\\\/woman-phyto-kapseln-set\\\/#primaryimage\",\"url\":\"https:\\\/\\\/www.lraloeverashop.eu\\\/wp-content\\\/uploads\\\/2022\\\/10\\\/Woman-phyto-capsules-3-set.jpg\",\"contentUrl\":\"https:\\\/\\\/www.lraloeverashop.eu\\\/wp-content\\\/uploads\\\/2022\\\/10\\\/Woman-phyto-capsules-3-set.jpg\",\"width\":1200,\"height\":1200,\"caption\":\"Woman Phyto Kapseln 3er Set\"},{\"@type\":\"BreadcrumbList\",\"@id\":\"https:\\\/\\\/www.lraloeverashop.eu\\\/de\\\/produkt\\\/woman-phyto-kapseln-set\\\/#breadcrumb\",\"itemListElement\":[{\"@type\":\"ListItem\",\"position\":1,\"name\":\"Home\",\"item\":\"https:\\\/\\\/www.lraloeverashop.eu\\\/de\\\/\"},{\"@type\":\"ListItem\",\"position\":2,\"name\":\"Shop\",\"item\":\"https:\\\/\\\/www.lraloeverashop.eu\\\/de\\\/shop-2\\\/\"},{\"@type\":\"ListItem\",\"position\":3,\"name\":\"Woman Phyto Kapseln Set\"}]},{\"@type\":\"WebSite\",\"@id\":\"https:\\\/\\\/www.lraloeverashop.eu\\\/de\\\/#website\",\"url\":\"https:\\\/\\\/www.lraloeverashop.eu\\\/de\\\/\",\"name\":\"Lr Aloe Vera Shop\",\"description\":\"High Quality Lr Aloe Vera Gel, Aloe Vera Cream and Shampoo\",\"publisher\":{\"@id\":\"https:\\\/\\\/www.lraloeverashop.eu\\\/de\\\/#organization\"},\"alternateName\":\"LR\",\"potentialAction\":[{\"@type\":\"SearchAction\",\"target\":{\"@type\":\"EntryPoint\",\"urlTemplate\":\"https:\\\/\\\/www.lraloeverashop.eu\\\/de\\\/?s={search_term_string}\"},\"query-input\":{\"@type\":\"PropertyValueSpecification\",\"valueRequired\":true,\"valueName\":\"search_term_string\"}}],\"inLanguage\":\"de\"},{\"@type\":\"Organization\",\"@id\":\"https:\\\/\\\/www.lraloeverashop.eu\\\/de\\\/#organization\",\"name\":\"Lr Aloe Vera Shop\",\"alternateName\":\"LR\",\"url\":\"https:\\\/\\\/www.lraloeverashop.eu\\\/de\\\/\",\"logo\":{\"@type\":\"ImageObject\",\"inLanguage\":\"de\",\"@id\":\"https:\\\/\\\/www.lraloeverashop.eu\\\/de\\\/#\\\/schema\\\/logo\\\/image\\\/\",\"url\":\"https:\\\/\\\/www.lraloeverashop.eu\\\/wp-content\\\/uploads\\\/2022\\\/09\\\/cropped-Lr-Aloe-Vera-Shop.jpg\",\"contentUrl\":\"https:\\\/\\\/www.lraloeverashop.eu\\\/wp-content\\\/uploads\\\/2022\\\/09\\\/cropped-Lr-Aloe-Vera-Shop.jpg\",\"width\":228,\"height\":76,\"caption\":\"Lr Aloe Vera Shop\"},\"image\":{\"@id\":\"https:\\\/\\\/www.lraloeverashop.eu\\\/de\\\/#\\\/schema\\\/logo\\\/image\\\/\"},\"sameAs\":[\"https:\\\/\\\/www.facebook.com\\\/lraloeverashop.eu\",\"https:\\\/\\\/x.com\\\/natur__kosmetik\",\"https:\\\/\\\/www.youtube.com\\\/channel\\\/UC5oN7BJ8nfYb8RpVtjwDEBA\",\"https:\\\/\\\/www.instagram.com\\\/lrbeautyeu\\\/\"],\"description\":\"LR Aloe Vera Shop ist Ihre vertrauensw\u00fcrdige Adresse f\u00fcr hochwertige LR Health & Beauty Produkte aus Deutschland. Wir bieten Ihnen erstklassige Aloe Vera Hautpflege, N\u00e4hrstoffe und Anti-Aging-Produkte mit reinen Inhaltsstoffen, die auf wissenschaftlichen Erkenntnissen basieren. Entdecken Sie nat\u00fcrliche Pflege, die Ihre Haut regeneriert, sch\u00fctzt und revitalisiert \u2013 und profitieren Sie von exklusiven Monatsangeboten auf unsere Bestseller von LR Aloe Vera. Starten Sie noch heute Ihre Reise zu nat\u00fcrlicher Hautpflege und sp\u00fcren Sie den Unterschied.\",\"email\":\"info@lraloeverashop.eu\",\"telephone\":\"+49 17670609653\",\"legalName\":\"Lr Aloe Vera Shop\",\"foundingDate\":\"2018-04-21\",\"numberOfEmployees\":{\"@type\":\"QuantitativeValue\",\"minValue\":\"1\",\"maxValue\":\"10\"}}]}<\/script>\n<meta property=\"product:price:amount\" content=\"106.99\" \/>\n<meta property=\"product:price:currency\" content=\"EUR\" \/>\n<meta property=\"og:availability\" content=\"instock\" \/>\n<meta property=\"product:availability\" content=\"instock\" \/>\n<meta property=\"product:retailer_item_id\" content=\"80352-499DE\" \/>\n<meta property=\"product:condition\" content=\"new\" \/>\n<!-- \/ Yoast SEO Premium plugin. -->","yoast_head_json":{"title":"Woman Phyto Kapseln Set - Unterst\u00fctzung in den Wechseljahren","description":"Die Erhaltung gesunder Knochen ist ein wichtiges Thema, insbesondere w\u00e4hrend der Menopause. Die Lr Woman Phyto Kapseln Set k\u00f6nnen diese Thema unterst\u00fctzen.","robots":{"index":"index","follow":"follow","max-snippet":"max-snippet:-1","max-image-preview":"max-image-preview:large","max-video-preview":"max-video-preview:-1"},"canonical":"https:\/\/www.lraloeverashop.eu\/de\/produkt\/woman-phyto-kapseln-set\/","og_locale":"de_DE","og_type":"article","og_title":"Woman Phyto Kapseln Set","og_description":"Die Erhaltung gesunder Knochen ist ein wichtiges Thema, insbesondere w\u00e4hrend der Menopause. Die Lr Woman Phyto Kapseln Set k\u00f6nnen diese Thema unterst\u00fctzen.","og_url":"https:\/\/www.lraloeverashop.eu\/de\/produkt\/woman-phyto-kapseln-set\/","og_site_name":"Lr Aloe Vera Shop","article_publisher":"https:\/\/www.facebook.com\/lraloeverashop.eu","article_modified_time":"2026-02-03T17:39:19+00:00","og_image":[{"width":1200,"height":1200,"url":"https:\/\/www.lraloeverashop.eu\/wp-content\/uploads\/2022\/10\/Woman-phyto-capsules-3-set.jpg","type":"image\/jpeg"}],"twitter_card":"summary_large_image","twitter_site":"@natur__kosmetik","schema":{"@context":"https:\/\/schema.org","@graph":[{"@type":["WebPage","ItemPage"],"@id":"https:\/\/www.lraloeverashop.eu\/de\/produkt\/woman-phyto-kapseln-set\/","url":"https:\/\/www.lraloeverashop.eu\/de\/produkt\/woman-phyto-kapseln-set\/","name":"Woman Phyto Kapseln Set - Unterst\u00fctzung in den Wechseljahren","isPartOf":{"@id":"https:\/\/www.lraloeverashop.eu\/de\/#website"},"primaryImageOfPage":{"@id":"https:\/\/www.lraloeverashop.eu\/de\/produkt\/woman-phyto-kapseln-set\/#primaryimage"},"image":{"@id":"https:\/\/www.lraloeverashop.eu\/de\/produkt\/woman-phyto-kapseln-set\/#primaryimage"},"thumbnailUrl":"https:\/\/www.lraloeverashop.eu\/wp-content\/uploads\/2022\/10\/Woman-phyto-capsules-3-set.jpg","datePublished":"2022-10-14T09:27:51+00:00","dateModified":"2026-02-03T17:39:19+00:00","description":"Die Erhaltung gesunder Knochen ist ein wichtiges Thema, insbesondere w\u00e4hrend der Menopause. Die Lr Woman Phyto Kapseln Set k\u00f6nnen diese Thema unterst\u00fctzen.","breadcrumb":{"@id":"https:\/\/www.lraloeverashop.eu\/de\/produkt\/woman-phyto-kapseln-set\/#breadcrumb"},"inLanguage":"de","potentialAction":[{"@type":"ReadAction","target":["https:\/\/www.lraloeverashop.eu\/de\/produkt\/woman-phyto-kapseln-set\/"]}]},{"@type":"ImageObject","inLanguage":"de","@id":"https:\/\/www.lraloeverashop.eu\/de\/produkt\/woman-phyto-kapseln-set\/#primaryimage","url":"https:\/\/www.lraloeverashop.eu\/wp-content\/uploads\/2022\/10\/Woman-phyto-capsules-3-set.jpg","contentUrl":"https:\/\/www.lraloeverashop.eu\/wp-content\/uploads\/2022\/10\/Woman-phyto-capsules-3-set.jpg","width":1200,"height":1200,"caption":"Woman Phyto Kapseln 3er Set"},{"@type":"BreadcrumbList","@id":"https:\/\/www.lraloeverashop.eu\/de\/produkt\/woman-phyto-kapseln-set\/#breadcrumb","itemListElement":[{"@type":"ListItem","position":1,"name":"Home","item":"https:\/\/www.lraloeverashop.eu\/de\/"},{"@type":"ListItem","position":2,"name":"Shop","item":"https:\/\/www.lraloeverashop.eu\/de\/shop-2\/"},{"@type":"ListItem","position":3,"name":"Woman Phyto Kapseln Set"}]},{"@type":"WebSite","@id":"https:\/\/www.lraloeverashop.eu\/de\/#website","url":"https:\/\/www.lraloeverashop.eu\/de\/","name":"Lr Aloe Vera Shop","description":"High Quality Lr Aloe Vera Gel, Aloe Vera Cream and Shampoo","publisher":{"@id":"https:\/\/www.lraloeverashop.eu\/de\/#organization"},"alternateName":"LR","potentialAction":[{"@type":"SearchAction","target":{"@type":"EntryPoint","urlTemplate":"https:\/\/www.lraloeverashop.eu\/de\/?s={search_term_string}"},"query-input":{"@type":"PropertyValueSpecification","valueRequired":true,"valueName":"search_term_string"}}],"inLanguage":"de"},{"@type":"Organization","@id":"https:\/\/www.lraloeverashop.eu\/de\/#organization","name":"Lr Aloe Vera Shop","alternateName":"LR","url":"https:\/\/www.lraloeverashop.eu\/de\/","logo":{"@type":"ImageObject","inLanguage":"de","@id":"https:\/\/www.lraloeverashop.eu\/de\/#\/schema\/logo\/image\/","url":"https:\/\/www.lraloeverashop.eu\/wp-content\/uploads\/2022\/09\/cropped-Lr-Aloe-Vera-Shop.jpg","contentUrl":"https:\/\/www.lraloeverashop.eu\/wp-content\/uploads\/2022\/09\/cropped-Lr-Aloe-Vera-Shop.jpg","width":228,"height":76,"caption":"Lr Aloe Vera Shop"},"image":{"@id":"https:\/\/www.lraloeverashop.eu\/de\/#\/schema\/logo\/image\/"},"sameAs":["https:\/\/www.facebook.com\/lraloeverashop.eu","https:\/\/x.com\/natur__kosmetik","https:\/\/www.youtube.com\/channel\/UC5oN7BJ8nfYb8RpVtjwDEBA","https:\/\/www.instagram.com\/lrbeautyeu\/"],"description":"LR Aloe Vera Shop ist Ihre vertrauensw\u00fcrdige Adresse f\u00fcr hochwertige LR Health & Beauty Produkte aus Deutschland. Wir bieten Ihnen erstklassige Aloe Vera Hautpflege, N\u00e4hrstoffe und Anti-Aging-Produkte mit reinen Inhaltsstoffen, die auf wissenschaftlichen Erkenntnissen basieren. Entdecken Sie nat\u00fcrliche Pflege, die Ihre Haut regeneriert, sch\u00fctzt und revitalisiert \u2013 und profitieren Sie von exklusiven Monatsangeboten auf unsere Bestseller von LR Aloe Vera. Starten Sie noch heute Ihre Reise zu nat\u00fcrlicher Hautpflege und sp\u00fcren Sie den Unterschied.","email":"info@lraloeverashop.eu","telephone":"+49 17670609653","legalName":"Lr Aloe Vera Shop","foundingDate":"2018-04-21","numberOfEmployees":{"@type":"QuantitativeValue","minValue":"1","maxValue":"10"}}]},"product_price_amount":"106.99","product_price_currency":"EUR","og_availability":"instock","product_availability":"instock","product_retailer_item_id":"80352-499DE","product_condition":"new"},"taxonomy_info":{"product_cat":[{"value":429,"label":"Hormonelles Gleichgewicht"},{"value":462,"label":"Sparen im set"},{"value":465,"label":"Spezialisten"}]},"featured_image_src_large":["https:\/\/www.lraloeverashop.eu\/wp-content\/uploads\/2022\/10\/Woman-phyto-capsules-3-set-1024x1024.jpg",1024,1024,true],"author_info":[],"comment_info":0,"_links":{"self":[{"href":"https:\/\/www.lraloeverashop.eu\/de\/wp-json\/wp\/v2\/product\/9415","targetHints":{"allow":["GET"]}}],"collection":[{"href":"https:\/\/www.lraloeverashop.eu\/de\/wp-json\/wp\/v2\/product"}],"about":[{"href":"https:\/\/www.lraloeverashop.eu\/de\/wp-json\/wp\/v2\/types\/product"}],"replies":[{"embeddable":true,"href":"https:\/\/www.lraloeverashop.eu\/de\/wp-json\/wp\/v2\/comments?post=9415"}],"wp:featuredmedia":[{"embeddable":true,"href":"https:\/\/www.lraloeverashop.eu\/de\/wp-json\/wp\/v2\/media\/5275"}],"wp:attachment":[{"href":"https:\/\/www.lraloeverashop.eu\/de\/wp-json\/wp\/v2\/media?parent=9415"}],"wp:term":[{"taxonomy":"product_brand","embeddable":true,"href":"https:\/\/www.lraloeverashop.eu\/de\/wp-json\/wp\/v2\/product_brand?post=9415"},{"taxonomy":"product_cat","embeddable":true,"href":"https:\/\/www.lraloeverashop.eu\/de\/wp-json\/wp\/v2\/product_cat?post=9415"},{"taxonomy":"product_tag","embeddable":true,"href":"https:\/\/www.lraloeverashop.eu\/de\/wp-json\/wp\/v2\/product_tag?post=9415"}],"curies":[{"name":"wp","href":"https:\/\/api.w.org\/{rel}","templated":true}]}}