{"id":9379,"date":"2022-10-15T08:29:04","date_gmt":"2022-10-15T06:29:04","guid":{"rendered":"https:\/\/www.lraloeverashop.eu\/product\/active-freedom-kapseln-2er-set\/"},"modified":"2026-04-19T08:57:25","modified_gmt":"2026-04-19T06:57:25","slug":"active-freedom-kapseln-2er-set","status":"publish","type":"product","link":"https:\/\/www.lraloeverashop.eu\/de\/produkt\/active-freedom-kapseln-2er-set\/","title":{"rendered":"Active Freedom Kapseln 2er Set"},"content":{"rendered":"<h2><span style=\"font-size: 16pt;\"><strong>Active Freedom Kapseln 2er Set<\/strong><\/span><\/h2>\n<p><span style=\"font-size: 14pt;\"><strong>Active Freedom Kapseln 2er Set &#8211; Beste Unterst\u00fctzung f\u00fcr den Bewegungsapparat<\/strong><\/span><\/p>\n<p>Genie\u00dfen Sie grenzenlose Bewegungsfreiheit! Die Active Freedom Kapseln\u00a0 unterst\u00fctzen die <a href=\"https:\/\/www.lraloeverashop.eu\/de\/produkt\/colostrum-direkt-flussig-set\/\">Gesundheit<\/a> von Knochen, Muskeln und Bindegewebe und versorgen den Bewegungsapparat mit allem, was er f\u00fcr seine normale Funktion ben\u00f6tigt. Diese Kapseln sind die ideale Erg\u00e4nzung zum <a href=\"https:\/\/www.lraloeverashop.eu\/de\/produkt\/aloe-vera-trinkgel-freedom\/\">Aloe Vera Trinkgel Freedom<\/a>.<\/p>\n<p>Vitamin D hilft, die Gesundheit von Knochen und Z\u00e4hnen zu erhalten und tr\u00e4gt zu einer normalen Muskelfunktion bei.<br \/>\nMangan tr\u00e4gt zur normalen Bildung von Bindegewebe bei.<\/p>\n<p>&nbsp;<\/p>\n<h3><span style=\"font-size: 16pt;\"><strong>Anwendung<\/strong><\/span><\/h3>\n<p>1 Kapsel von Active Freedom Kapseln 2er Set zweimal t\u00e4glich mit etwas Fl\u00fcssigkeit vor oder nach einer Mahlzeit.<\/p>\n<p><strong>\u00dcberschreiten Sie nicht die empfohlene Tagesdosis.<\/strong><\/p>\n<p>Nahrungserg\u00e4nzungsmittel sind kein Ersatz f\u00fcr eine reichhaltige und ausgewogene Ern\u00e4hrung in Kombination mit einer <a href=\"https:\/\/www.lraloeverashop.eu\/de\/produkt\/colostrum-kapseln-2er-set\/\">gesunden<\/a> Lebensweise. Nicht f\u00fcr Personen gedacht, die gegen Chondroitin und Glucosaminsulfat allergisch sind. Bewahren Sie das Produkt au\u00dferhalb der Reichweite von Kindern auf.<\/p>\n<p>Nicht f\u00fcr Personen gedacht, die auf Schalentiere allergisch reagieren.<\/p>\n<p>&nbsp;<\/p>\n<p>[1) Mangan und Vitamin E sch\u00fctzen von oxidative Stress.<br \/>\n(2) Mangan und Vitamin D tragen zur Erhaltung normaler <a href=\"https:\/\/www.lraloeverashop.eu\/de\/produkt\/getrank-aloe-vera-freedom-limitiertes-angebot\/\">Knochen<\/a> bei.<br \/>\n(3) Mangan tr\u00e4gt zu einer normalen Bindegewebsbildung bei.<br \/>\n(4) Vitamin D tr\u00e4gt zu einer normalen Aufnahme\/Verwertung von Calcium und Phosphor bei.<br \/>\n(5) Vitamin D tr\u00e4gt zu einem normalen Calciumspiegel im Blut bei.<br \/>\n(6) Vitamin D thilft zur einer normalen <a href=\"https:\/\/www.lraloeverashop.eu\/de\/produkt\/active-freedom-kapseln-set\/\">Muskelfunktion<\/a> bei.<\/p>\n","protected":false},"excerpt":{"rendered":"<ul>\n<li><span style=\"color: #ff0000;\"><strong>Limitiertes Angebot<\/strong><\/span><\/li>\n<li>Hilft, Knochen und Muskeln in gutem Zustand zu erhalten\u00b9<\/li>\n<li>Tr\u00e4gt zur normalen Bildung von Bindegewebe bei\u00b2<\/li>\n<li>Enth\u00e4lt wichtige N\u00e4hrstoffe wie Vitamin \u0395, D und Mangan<\/li>\n<li>Laktose- und glutenfrei<\/li>\n<li>Eine ideale Erg\u00e4nzung zum Aloe Vera Trinkgel Active Freedom<\/li>\n<li>Menge: 2 x 60 Kapseln<\/li>\n<\/ul>\n<p><span style=\"color: #ff0000;\"><a style=\"color: #ff0000;\" href=\"https:\/\/shop.lrworld.com\/openpao?PHP=0vFlt7jT938BEnBI3a6e9w%3D%3D\"><span style=\"font-size: 14pt;\"><strong>Hier registrieren und dauerhaft 35\u202f% sparen<\/strong><\/span><\/a><\/span><\/p>\n","protected":false},"featured_media":5491,"comment_status":"open","ping_status":"closed","template":"","meta":{"_kad_blocks_custom_css":"","_kad_blocks_head_custom_js":"","_kad_blocks_body_custom_js":"","_kad_blocks_footer_custom_js":"","_kadence_starter_templates_imported_post":false,"_kad_post_transparent":"default","_kad_post_title":"","_kad_post_layout":"default","_kad_post_sidebar_id":"","_kad_post_content_style":"default","_kad_post_vertical_padding":"default","_kad_post_feature":"","_kad_post_feature_position":"","_kad_post_header":false,"_kad_post_footer":false,"_kad_post_classname":""},"product_brand":[],"product_cat":[352,417,465],"product_tag":[654],"class_list":{"0":"post-9379","1":"product","2":"type-product","3":"status-publish","4":"has-post-thumbnail","6":"product_cat-angebote","7":"product_cat-knochen-gelenke-muskeln","8":"product_cat-spezial-ernahrung","9":"product_tag-gelenkschmerzen-de","11":"first","12":"outofstock","13":"sale","14":"taxable","15":"shipping-taxable","16":"purchasable","17":"product-type-simple","18":"entry","19":"content-bg","20":"loop-entry"},"yoast_head":"<!-- This site is optimized with the Yoast SEO Premium plugin v27.4 (Yoast SEO v27.4) - https:\/\/yoast.com\/product\/yoast-seo-premium-wordpress\/ -->\n<title>Active Freedom Kapseln 2er Set f\u00fcr Knorpel, Knochen und Muskeln<\/title>\n<meta name=\"description\" content=\"Die Active Freedom Kapseln 2er Set Tr\u00e4gt zur normalen Bildung von Bindegewebe bei. Ideale Erg\u00e4nzung zum Aloe Vera Trinkgel Freedom. Laktose- und glutenfrei\" \/>\n<meta name=\"robots\" content=\"index, follow, max-snippet:-1, max-image-preview:large, max-video-preview:-1\" \/>\n<link rel=\"canonical\" href=\"https:\/\/www.lraloeverashop.eu\/de\/produkt\/active-freedom-kapseln-2er-set\/\" \/>\n<meta property=\"og:locale\" content=\"de_DE\" \/>\n<meta property=\"og:type\" content=\"article\" \/>\n<meta property=\"og:title\" content=\"Active Freedom Kapseln 2er Set\" \/>\n<meta property=\"og:description\" content=\"Die Active Freedom Kapseln 2er Set Tr\u00e4gt zur normalen Bildung von Bindegewebe bei. Ideale Erg\u00e4nzung zum Aloe Vera Trinkgel Freedom. Laktose- und glutenfrei\" \/>\n<meta property=\"og:url\" content=\"https:\/\/www.lraloeverashop.eu\/de\/produkt\/active-freedom-kapseln-2er-set\/\" \/>\n<meta property=\"og:site_name\" content=\"Lr Aloe Vera Shop\" \/>\n<meta property=\"article:publisher\" content=\"https:\/\/www.facebook.com\/lraloeverashop.eu\" \/>\n<meta property=\"article:modified_time\" content=\"2026-04-19T06:57:25+00:00\" \/>\n<meta property=\"og:image\" content=\"https:\/\/www.lraloeverashop.eu\/wp-content\/uploads\/2022\/10\/Freedom-Capsules-double-Set.jpg\" \/>\n\t<meta property=\"og:image:width\" content=\"1200\" \/>\n\t<meta property=\"og:image:height\" content=\"1200\" \/>\n\t<meta property=\"og:image:type\" content=\"image\/jpeg\" \/>\n<meta name=\"twitter:card\" content=\"summary_large_image\" \/>\n<meta name=\"twitter:site\" content=\"@natur__kosmetik\" \/>\n<script type=\"application\/ld+json\" class=\"yoast-schema-graph\">{\"@context\":\"https:\\\/\\\/schema.org\",\"@graph\":[{\"@type\":[\"WebPage\",\"ItemPage\"],\"@id\":\"https:\\\/\\\/www.lraloeverashop.eu\\\/de\\\/produkt\\\/active-freedom-kapseln-2er-set\\\/\",\"url\":\"https:\\\/\\\/www.lraloeverashop.eu\\\/de\\\/produkt\\\/active-freedom-kapseln-2er-set\\\/\",\"name\":\"Active Freedom Kapseln 2er Set f\u00fcr Knorpel, Knochen und Muskeln\",\"isPartOf\":{\"@id\":\"https:\\\/\\\/www.lraloeverashop.eu\\\/de\\\/#website\"},\"primaryImageOfPage\":{\"@id\":\"https:\\\/\\\/www.lraloeverashop.eu\\\/de\\\/produkt\\\/active-freedom-kapseln-2er-set\\\/#primaryimage\"},\"image\":{\"@id\":\"https:\\\/\\\/www.lraloeverashop.eu\\\/de\\\/produkt\\\/active-freedom-kapseln-2er-set\\\/#primaryimage\"},\"thumbnailUrl\":\"https:\\\/\\\/www.lraloeverashop.eu\\\/wp-content\\\/uploads\\\/2022\\\/10\\\/Freedom-Capsules-double-Set.jpg\",\"datePublished\":\"2022-10-15T06:29:04+00:00\",\"dateModified\":\"2026-04-19T06:57:25+00:00\",\"description\":\"Die Active Freedom Kapseln 2er Set Tr\u00e4gt zur normalen Bildung von Bindegewebe bei. Ideale Erg\u00e4nzung zum Aloe Vera Trinkgel Freedom. Laktose- und glutenfrei\",\"breadcrumb\":{\"@id\":\"https:\\\/\\\/www.lraloeverashop.eu\\\/de\\\/produkt\\\/active-freedom-kapseln-2er-set\\\/#breadcrumb\"},\"inLanguage\":\"de\",\"potentialAction\":[{\"@type\":\"ReadAction\",\"target\":[\"https:\\\/\\\/www.lraloeverashop.eu\\\/de\\\/produkt\\\/active-freedom-kapseln-2er-set\\\/\"]}]},{\"@type\":\"ImageObject\",\"inLanguage\":\"de\",\"@id\":\"https:\\\/\\\/www.lraloeverashop.eu\\\/de\\\/produkt\\\/active-freedom-kapseln-2er-set\\\/#primaryimage\",\"url\":\"https:\\\/\\\/www.lraloeverashop.eu\\\/wp-content\\\/uploads\\\/2022\\\/10\\\/Freedom-Capsules-double-Set.jpg\",\"contentUrl\":\"https:\\\/\\\/www.lraloeverashop.eu\\\/wp-content\\\/uploads\\\/2022\\\/10\\\/Freedom-Capsules-double-Set.jpg\",\"width\":1200,\"height\":1200,\"caption\":\"Active Freedom Kapseln 2er Set mit Vitamin \u0395, D und Mangan\"},{\"@type\":\"BreadcrumbList\",\"@id\":\"https:\\\/\\\/www.lraloeverashop.eu\\\/de\\\/produkt\\\/active-freedom-kapseln-2er-set\\\/#breadcrumb\",\"itemListElement\":[{\"@type\":\"ListItem\",\"position\":1,\"name\":\"Home\",\"item\":\"https:\\\/\\\/www.lraloeverashop.eu\\\/de\\\/\"},{\"@type\":\"ListItem\",\"position\":2,\"name\":\"Shop\",\"item\":\"https:\\\/\\\/www.lraloeverashop.eu\\\/de\\\/shop-2\\\/\"},{\"@type\":\"ListItem\",\"position\":3,\"name\":\"Active Freedom Kapseln 2er Set\"}]},{\"@type\":\"WebSite\",\"@id\":\"https:\\\/\\\/www.lraloeverashop.eu\\\/de\\\/#website\",\"url\":\"https:\\\/\\\/www.lraloeverashop.eu\\\/de\\\/\",\"name\":\"Lr Aloe Vera Shop\",\"description\":\"High Quality Lr Aloe Vera Gel, Aloe Vera Cream and Shampoo\",\"publisher\":{\"@id\":\"https:\\\/\\\/www.lraloeverashop.eu\\\/de\\\/#organization\"},\"alternateName\":\"LR\",\"potentialAction\":[{\"@type\":\"SearchAction\",\"target\":{\"@type\":\"EntryPoint\",\"urlTemplate\":\"https:\\\/\\\/www.lraloeverashop.eu\\\/de\\\/?s={search_term_string}\"},\"query-input\":{\"@type\":\"PropertyValueSpecification\",\"valueRequired\":true,\"valueName\":\"search_term_string\"}}],\"inLanguage\":\"de\"},{\"@type\":\"Organization\",\"@id\":\"https:\\\/\\\/www.lraloeverashop.eu\\\/de\\\/#organization\",\"name\":\"Lr Aloe Vera Shop\",\"alternateName\":\"LR\",\"url\":\"https:\\\/\\\/www.lraloeverashop.eu\\\/de\\\/\",\"logo\":{\"@type\":\"ImageObject\",\"inLanguage\":\"de\",\"@id\":\"https:\\\/\\\/www.lraloeverashop.eu\\\/de\\\/#\\\/schema\\\/logo\\\/image\\\/\",\"url\":\"https:\\\/\\\/www.lraloeverashop.eu\\\/wp-content\\\/uploads\\\/2022\\\/09\\\/cropped-Lr-Aloe-Vera-Shop.jpg\",\"contentUrl\":\"https:\\\/\\\/www.lraloeverashop.eu\\\/wp-content\\\/uploads\\\/2022\\\/09\\\/cropped-Lr-Aloe-Vera-Shop.jpg\",\"width\":228,\"height\":76,\"caption\":\"Lr Aloe Vera Shop\"},\"image\":{\"@id\":\"https:\\\/\\\/www.lraloeverashop.eu\\\/de\\\/#\\\/schema\\\/logo\\\/image\\\/\"},\"sameAs\":[\"https:\\\/\\\/www.facebook.com\\\/lraloeverashop.eu\",\"https:\\\/\\\/x.com\\\/natur__kosmetik\",\"https:\\\/\\\/www.youtube.com\\\/channel\\\/UC5oN7BJ8nfYb8RpVtjwDEBA\",\"https:\\\/\\\/www.instagram.com\\\/lrbeautyeu\\\/\"],\"description\":\"LR Aloe Vera Shop ist Ihre vertrauensw\u00fcrdige Adresse f\u00fcr hochwertige LR Health & Beauty Produkte aus Deutschland. Wir bieten Ihnen erstklassige Aloe Vera Hautpflege, N\u00e4hrstoffe und Anti-Aging-Produkte mit reinen Inhaltsstoffen, die auf wissenschaftlichen Erkenntnissen basieren. Entdecken Sie nat\u00fcrliche Pflege, die Ihre Haut regeneriert, sch\u00fctzt und revitalisiert \u2013 und profitieren Sie von exklusiven Monatsangeboten auf unsere Bestseller von LR Aloe Vera. Starten Sie noch heute Ihre Reise zu nat\u00fcrlicher Hautpflege und sp\u00fcren Sie den Unterschied.\",\"email\":\"info@lraloeverashop.eu\",\"telephone\":\"+49 17670609653\",\"legalName\":\"Lr Aloe Vera Shop\",\"foundingDate\":\"2018-04-21\",\"numberOfEmployees\":{\"@type\":\"QuantitativeValue\",\"minValue\":\"1\",\"maxValue\":\"10\"}}]}<\/script>\n<meta property=\"product:price:amount\" content=\"52.99\" \/>\n<meta property=\"product:price:currency\" content=\"EUR\" \/>\n<meta property=\"og:availability\" content=\"out of stock\" \/>\n<meta property=\"product:availability\" content=\"out of stock\" \/>\n<meta property=\"product:retailer_item_id\" content=\"80191-1DE\" \/>\n<meta property=\"product:condition\" content=\"new\" \/>\n<!-- \/ Yoast SEO Premium plugin. -->","yoast_head_json":{"title":"Active Freedom Kapseln 2er Set f\u00fcr Knorpel, Knochen und Muskeln","description":"Die Active Freedom Kapseln 2er Set Tr\u00e4gt zur normalen Bildung von Bindegewebe bei. Ideale Erg\u00e4nzung zum Aloe Vera Trinkgel Freedom. Laktose- und glutenfrei","robots":{"index":"index","follow":"follow","max-snippet":"max-snippet:-1","max-image-preview":"max-image-preview:large","max-video-preview":"max-video-preview:-1"},"canonical":"https:\/\/www.lraloeverashop.eu\/de\/produkt\/active-freedom-kapseln-2er-set\/","og_locale":"de_DE","og_type":"article","og_title":"Active Freedom Kapseln 2er Set","og_description":"Die Active Freedom Kapseln 2er Set Tr\u00e4gt zur normalen Bildung von Bindegewebe bei. Ideale Erg\u00e4nzung zum Aloe Vera Trinkgel Freedom. Laktose- und glutenfrei","og_url":"https:\/\/www.lraloeverashop.eu\/de\/produkt\/active-freedom-kapseln-2er-set\/","og_site_name":"Lr Aloe Vera Shop","article_publisher":"https:\/\/www.facebook.com\/lraloeverashop.eu","article_modified_time":"2026-04-19T06:57:25+00:00","og_image":[{"width":1200,"height":1200,"url":"https:\/\/www.lraloeverashop.eu\/wp-content\/uploads\/2022\/10\/Freedom-Capsules-double-Set.jpg","type":"image\/jpeg"}],"twitter_card":"summary_large_image","twitter_site":"@natur__kosmetik","schema":{"@context":"https:\/\/schema.org","@graph":[{"@type":["WebPage","ItemPage"],"@id":"https:\/\/www.lraloeverashop.eu\/de\/produkt\/active-freedom-kapseln-2er-set\/","url":"https:\/\/www.lraloeverashop.eu\/de\/produkt\/active-freedom-kapseln-2er-set\/","name":"Active Freedom Kapseln 2er Set f\u00fcr Knorpel, Knochen und Muskeln","isPartOf":{"@id":"https:\/\/www.lraloeverashop.eu\/de\/#website"},"primaryImageOfPage":{"@id":"https:\/\/www.lraloeverashop.eu\/de\/produkt\/active-freedom-kapseln-2er-set\/#primaryimage"},"image":{"@id":"https:\/\/www.lraloeverashop.eu\/de\/produkt\/active-freedom-kapseln-2er-set\/#primaryimage"},"thumbnailUrl":"https:\/\/www.lraloeverashop.eu\/wp-content\/uploads\/2022\/10\/Freedom-Capsules-double-Set.jpg","datePublished":"2022-10-15T06:29:04+00:00","dateModified":"2026-04-19T06:57:25+00:00","description":"Die Active Freedom Kapseln 2er Set Tr\u00e4gt zur normalen Bildung von Bindegewebe bei. Ideale Erg\u00e4nzung zum Aloe Vera Trinkgel Freedom. Laktose- und glutenfrei","breadcrumb":{"@id":"https:\/\/www.lraloeverashop.eu\/de\/produkt\/active-freedom-kapseln-2er-set\/#breadcrumb"},"inLanguage":"de","potentialAction":[{"@type":"ReadAction","target":["https:\/\/www.lraloeverashop.eu\/de\/produkt\/active-freedom-kapseln-2er-set\/"]}]},{"@type":"ImageObject","inLanguage":"de","@id":"https:\/\/www.lraloeverashop.eu\/de\/produkt\/active-freedom-kapseln-2er-set\/#primaryimage","url":"https:\/\/www.lraloeverashop.eu\/wp-content\/uploads\/2022\/10\/Freedom-Capsules-double-Set.jpg","contentUrl":"https:\/\/www.lraloeverashop.eu\/wp-content\/uploads\/2022\/10\/Freedom-Capsules-double-Set.jpg","width":1200,"height":1200,"caption":"Active Freedom Kapseln 2er Set mit Vitamin \u0395, D und Mangan"},{"@type":"BreadcrumbList","@id":"https:\/\/www.lraloeverashop.eu\/de\/produkt\/active-freedom-kapseln-2er-set\/#breadcrumb","itemListElement":[{"@type":"ListItem","position":1,"name":"Home","item":"https:\/\/www.lraloeverashop.eu\/de\/"},{"@type":"ListItem","position":2,"name":"Shop","item":"https:\/\/www.lraloeverashop.eu\/de\/shop-2\/"},{"@type":"ListItem","position":3,"name":"Active Freedom Kapseln 2er Set"}]},{"@type":"WebSite","@id":"https:\/\/www.lraloeverashop.eu\/de\/#website","url":"https:\/\/www.lraloeverashop.eu\/de\/","name":"Lr Aloe Vera Shop","description":"High Quality Lr Aloe Vera Gel, Aloe Vera Cream and Shampoo","publisher":{"@id":"https:\/\/www.lraloeverashop.eu\/de\/#organization"},"alternateName":"LR","potentialAction":[{"@type":"SearchAction","target":{"@type":"EntryPoint","urlTemplate":"https:\/\/www.lraloeverashop.eu\/de\/?s={search_term_string}"},"query-input":{"@type":"PropertyValueSpecification","valueRequired":true,"valueName":"search_term_string"}}],"inLanguage":"de"},{"@type":"Organization","@id":"https:\/\/www.lraloeverashop.eu\/de\/#organization","name":"Lr Aloe Vera Shop","alternateName":"LR","url":"https:\/\/www.lraloeverashop.eu\/de\/","logo":{"@type":"ImageObject","inLanguage":"de","@id":"https:\/\/www.lraloeverashop.eu\/de\/#\/schema\/logo\/image\/","url":"https:\/\/www.lraloeverashop.eu\/wp-content\/uploads\/2022\/09\/cropped-Lr-Aloe-Vera-Shop.jpg","contentUrl":"https:\/\/www.lraloeverashop.eu\/wp-content\/uploads\/2022\/09\/cropped-Lr-Aloe-Vera-Shop.jpg","width":228,"height":76,"caption":"Lr Aloe Vera Shop"},"image":{"@id":"https:\/\/www.lraloeverashop.eu\/de\/#\/schema\/logo\/image\/"},"sameAs":["https:\/\/www.facebook.com\/lraloeverashop.eu","https:\/\/x.com\/natur__kosmetik","https:\/\/www.youtube.com\/channel\/UC5oN7BJ8nfYb8RpVtjwDEBA","https:\/\/www.instagram.com\/lrbeautyeu\/"],"description":"LR Aloe Vera Shop ist Ihre vertrauensw\u00fcrdige Adresse f\u00fcr hochwertige LR Health & Beauty Produkte aus Deutschland. Wir bieten Ihnen erstklassige Aloe Vera Hautpflege, N\u00e4hrstoffe und Anti-Aging-Produkte mit reinen Inhaltsstoffen, die auf wissenschaftlichen Erkenntnissen basieren. Entdecken Sie nat\u00fcrliche Pflege, die Ihre Haut regeneriert, sch\u00fctzt und revitalisiert \u2013 und profitieren Sie von exklusiven Monatsangeboten auf unsere Bestseller von LR Aloe Vera. Starten Sie noch heute Ihre Reise zu nat\u00fcrlicher Hautpflege und sp\u00fcren Sie den Unterschied.","email":"info@lraloeverashop.eu","telephone":"+49 17670609653","legalName":"Lr Aloe Vera Shop","foundingDate":"2018-04-21","numberOfEmployees":{"@type":"QuantitativeValue","minValue":"1","maxValue":"10"}}]},"product_price_amount":"52.99","product_price_currency":"EUR","og_availability":"out of stock","product_availability":"out of stock","product_retailer_item_id":"80191-1DE","product_condition":"new"},"taxonomy_info":{"product_cat":[{"value":352,"label":"Angebote"},{"value":417,"label":"Knochen, Gelenke &amp; Muskeln"},{"value":465,"label":"Spezialisten"}],"product_tag":[{"value":654,"label":"Gelenkschmerzen"}]},"featured_image_src_large":["https:\/\/www.lraloeverashop.eu\/wp-content\/uploads\/2022\/10\/Freedom-Capsules-double-Set-1024x1024.jpg",1024,1024,true],"author_info":[],"comment_info":0,"_links":{"self":[{"href":"https:\/\/www.lraloeverashop.eu\/de\/wp-json\/wp\/v2\/product\/9379","targetHints":{"allow":["GET"]}}],"collection":[{"href":"https:\/\/www.lraloeverashop.eu\/de\/wp-json\/wp\/v2\/product"}],"about":[{"href":"https:\/\/www.lraloeverashop.eu\/de\/wp-json\/wp\/v2\/types\/product"}],"replies":[{"embeddable":true,"href":"https:\/\/www.lraloeverashop.eu\/de\/wp-json\/wp\/v2\/comments?post=9379"}],"wp:featuredmedia":[{"embeddable":true,"href":"https:\/\/www.lraloeverashop.eu\/de\/wp-json\/wp\/v2\/media\/5491"}],"wp:attachment":[{"href":"https:\/\/www.lraloeverashop.eu\/de\/wp-json\/wp\/v2\/media?parent=9379"}],"wp:term":[{"taxonomy":"product_brand","embeddable":true,"href":"https:\/\/www.lraloeverashop.eu\/de\/wp-json\/wp\/v2\/product_brand?post=9379"},{"taxonomy":"product_cat","embeddable":true,"href":"https:\/\/www.lraloeverashop.eu\/de\/wp-json\/wp\/v2\/product_cat?post=9379"},{"taxonomy":"product_tag","embeddable":true,"href":"https:\/\/www.lraloeverashop.eu\/de\/wp-json\/wp\/v2\/product_tag?post=9379"}],"curies":[{"name":"wp","href":"https:\/\/api.w.org\/{rel}","templated":true}]}}