{"id":9351,"date":"2022-10-15T12:43:38","date_gmt":"2022-10-15T10:43:38","guid":{"rendered":"https:\/\/www.lraloeverashop.eu\/product\/proteinpulver-vanille\/"},"modified":"2026-04-19T09:53:13","modified_gmt":"2026-04-19T07:53:13","slug":"proteinpulver-vanille","status":"publish","type":"product","link":"https:\/\/www.lraloeverashop.eu\/de\/produkt\/proteinpulver-vanille\/","title":{"rendered":"Proteinpulver Vanille"},"content":{"rendered":"<h2><span style=\"font-size: 16pt;\"><strong>Proteinpulver Vanille<\/strong><\/span><\/h2>\n<p><span style=\"font-size: 14pt;\"><strong>Proteinpulver Vanille aus 5 verschiedenen Quellen<\/strong><\/span><\/p>\n<p>Proteinpulver unterst\u00fctzt effektiv die Erhaltung und Steigerung der Muskelmasse. Tr\u00e4gt zum normalen Metabolismus von Proteinen bei, mit Protein aus 5 verschiedenen Quellen, Magnesium und<\/p>\n<p><strong>Von der EFSA (Europ\u00e4ische Beh\u00f6rde f\u00fcr Lebensmittelsicherheit) wissenschaftlich nachgewiesen:<\/strong><\/p>\n<p>1. <a href=\"https:\/\/www.lraloeverashop.eu\/de\/produkt\/protein-power-getraenkepulver-vanille\/\">Proteine<\/a> tragen zur Erhaltung und Erh\u00f6hung der Muskelmasse bei<\/p>\n<p>2. Magnesium tr\u00e4gt zur normalen Proteinsynthese und zur normalen Muskelfunktion bei<\/p>\n<p>3. Vitamin B6 tr\u00e4gt zur normalen Funktion des Protein- und Glukogenstoffwechsels bei<\/p>\n<p>&nbsp;<\/p>\n<h3><span style=\"font-size: 16pt;\"><strong>Anwendung<\/strong><\/span><\/h3>\n<p><strong>Empfohlene Tagesdosis:<br \/>\n<\/strong>Mischen Sie einen kleinen L\u00f6ffel (12,5 g Proteinpulver Vanille) mit 125 ml fettarmem (1,5% Fett) oder 100 ml Wasser.<br \/>\nEs wird empfohlen, das Getr\u00e4nk mit Milch zuzubereiten und abends zu trinken. Es wird auch empfohlen, einen Shaker zu verwenden.<br \/>\nSorgen Sie f\u00fcr eine reichhaltige und ausgewogene Ern\u00e4hrung in Kombination mit einer gesunden Lebensweise. Proteinpulver Vanille kann Spuren von Gluten und Lupine enthalten. Vor Gebrauch sch\u00fctteln.<br \/>\nDas F\u00fcllvolumen des Produkts unterliegt technischen Spezifikationen.<br \/>\nAn einem k\u00fchlen, trockenen Ort aufbewahren und kurz nach dem \u00d6ffnen verbrauchen.<\/p>\n<p>&nbsp;<\/p>\n<h4><span style=\"font-size: 16pt;\"><strong>Wussten Sie schon?<\/strong><\/span><\/h4>\n<p>Muskeln spielen eine wichtige Rolle bei der Fettverbrennung. Diejenigen, die aktiv Sport treiben und diejenigen, die versuchen, <a href=\"https:\/\/www.lraloeverashop.eu\/de\/produkt\/body-mission-28-tage-diaet\/\">Gewicht zu verlieren<\/a>, sollten besonders darauf achten, ihre Muskelmasse zu erhalten (und sogar zu erh\u00f6hen), da die <a href=\"https:\/\/www.lraloeverashop.eu\/de\/produkt\/figu-active-shake-vanille\/\">Muskeln Energie<\/a> verbrauchen, was zu Gewichtsverlust f\u00fchrt.<br \/>\nDiese spezielle Mischung aus 5 Proteinkomponenten ist einzigartig auf dem Markt. Es unterst\u00fctzt den Stoffwechsel der notwendigen Proteine.<\/p>\n<p>Proteinpulver Vanille ist ein hochwertiges Produkt, das von f\u00fchrenden Ern\u00e4hrungswissenschaftlern nach den Prinzipien der modernen Gesundheitswissenschaften entwickelt wurde.<br \/>\nProteinpulver Vanille wird in Deutschland hergestellt: Jede Produktionsstufe, von der Auswahl der Rohstoffe bis zur Verpackung, unterliegt strengen Kontrollen nach <a href=\"https:\/\/shop.lrworld.com\/home\/de\/de?PHP=0vFlt7jT938BEnBI3a6e9w%3D%3D\">LR-Qualit\u00e4tsstandards<\/a>.<\/p>\n","protected":false},"excerpt":{"rendered":"<ul>\n<li>Proteinpulver zur Unterst\u00fctzung der Muskelmasse<\/li>\n<li>Enth\u00e4lt wertvolle Proteine und N\u00e4hrstoffe, die helfen, die Muskelmasse zu erhalten und zu erh\u00f6hen<\/li>\n<li>Mit 80% Protein aus 5 verschiedenen Quellen<\/li>\n<li>Mit Magnesium und Vitamin B6<\/li>\n<li>Menge: 3 x 375 g<\/li>\n<\/ul>\n<p><span style=\"color: #ff0000;\"><a style=\"color: #ff0000;\" href=\"https:\/\/shop.lrworld.com\/openpao?PHP=0vFlt7jT938BEnBI3a6e9w%3D%3D\"><span style=\"font-size: 14pt;\"><strong>Hier registrieren und dauerhaft 35\u202f% sparen<\/strong><\/span><\/a><\/span><\/p>\n","protected":false},"featured_media":5701,"comment_status":"open","ping_status":"closed","template":"","meta":{"_kad_blocks_custom_css":"","_kad_blocks_head_custom_js":"","_kad_blocks_body_custom_js":"","_kad_blocks_footer_custom_js":"","_kadence_starter_templates_imported_post":false,"_kad_post_transparent":"default","_kad_post_title":"","_kad_post_layout":"default","_kad_post_sidebar_id":"","_kad_post_content_style":"default","_kad_post_vertical_padding":"default","_kad_post_feature":"","_kad_post_feature_position":"","_kad_post_header":false,"_kad_post_footer":false,"_kad_post_classname":""},"product_brand":[],"product_cat":[340,417,334,462,465],"product_tag":[593],"class_list":{"0":"post-9351","1":"product","2":"type-product","3":"status-publish","4":"has-post-thumbnail","6":"product_cat-diat-begleiter","7":"product_cat-knochen-gelenke-muskeln","8":"product_cat-body-mission","9":"product_cat-sparen-im-set","10":"product_cat-spezial-ernahrung","11":"product_tag-diaet","13":"first","14":"instock","15":"taxable","16":"shipping-taxable","17":"purchasable","18":"product-type-simple","19":"entry","20":"content-bg","21":"loop-entry"},"yoast_head":"<!-- This site is optimized with the Yoast SEO Premium plugin v27.5 (Yoast SEO v27.5) - https:\/\/yoast.com\/product\/yoast-seo-premium-wordpress\/ -->\n<title>Proteinpulver Vanille aus 5 verschiedenen Quellen<\/title>\n<meta name=\"description\" content=\"Proteinpulver Vanille unterst\u00fctzt effektiv die Erhaltung und Steigerung der Muskelmasse. Tr\u00e4gt zum normalen Metabolismus von Proteinen bei. Mit Vitamin B6\" \/>\n<meta name=\"robots\" content=\"index, follow, max-snippet:-1, max-image-preview:large, max-video-preview:-1\" \/>\n<link rel=\"canonical\" href=\"https:\/\/www.lraloeverashop.eu\/de\/produkt\/proteinpulver-vanille\/\" \/>\n<meta property=\"og:locale\" content=\"de_DE\" \/>\n<meta property=\"og:type\" content=\"article\" \/>\n<meta property=\"og:title\" content=\"Proteinpulver Vanille\" \/>\n<meta property=\"og:description\" content=\"Proteinpulver Vanille unterst\u00fctzt effektiv die Erhaltung und Steigerung der Muskelmasse. Tr\u00e4gt zum normalen Metabolismus von Proteinen bei. Mit Vitamin B6\" \/>\n<meta property=\"og:url\" content=\"https:\/\/www.lraloeverashop.eu\/de\/produkt\/proteinpulver-vanille\/\" \/>\n<meta property=\"og:site_name\" content=\"Lr Aloe Vera Shop\" \/>\n<meta property=\"article:publisher\" content=\"https:\/\/www.facebook.com\/lraloeverashop.eu\" \/>\n<meta property=\"article:modified_time\" content=\"2026-04-19T07:53:13+00:00\" \/>\n<meta property=\"og:image\" content=\"https:\/\/www.lraloeverashop.eu\/wp-content\/uploads\/2022\/10\/Muscle-Protein-Drink-Set-3pcs.jpg\" \/>\n\t<meta property=\"og:image:width\" content=\"1200\" \/>\n\t<meta property=\"og:image:height\" content=\"1200\" \/>\n\t<meta property=\"og:image:type\" content=\"image\/jpeg\" \/>\n<meta name=\"twitter:card\" content=\"summary_large_image\" \/>\n<meta name=\"twitter:site\" content=\"@natur__kosmetik\" \/>\n<script type=\"application\/ld+json\" class=\"yoast-schema-graph\">{\"@context\":\"https:\\\/\\\/schema.org\",\"@graph\":[{\"@type\":[\"WebPage\",\"ItemPage\"],\"@id\":\"https:\\\/\\\/www.lraloeverashop.eu\\\/de\\\/produkt\\\/proteinpulver-vanille\\\/\",\"url\":\"https:\\\/\\\/www.lraloeverashop.eu\\\/de\\\/produkt\\\/proteinpulver-vanille\\\/\",\"name\":\"Proteinpulver Vanille aus 5 verschiedenen Quellen\",\"isPartOf\":{\"@id\":\"https:\\\/\\\/www.lraloeverashop.eu\\\/de\\\/#website\"},\"primaryImageOfPage\":{\"@id\":\"https:\\\/\\\/www.lraloeverashop.eu\\\/de\\\/produkt\\\/proteinpulver-vanille\\\/#primaryimage\"},\"image\":{\"@id\":\"https:\\\/\\\/www.lraloeverashop.eu\\\/de\\\/produkt\\\/proteinpulver-vanille\\\/#primaryimage\"},\"thumbnailUrl\":\"https:\\\/\\\/www.lraloeverashop.eu\\\/wp-content\\\/uploads\\\/2022\\\/10\\\/Muscle-Protein-Drink-Set-3pcs.jpg\",\"datePublished\":\"2022-10-15T10:43:38+00:00\",\"dateModified\":\"2026-04-19T07:53:13+00:00\",\"description\":\"Proteinpulver Vanille unterst\u00fctzt effektiv die Erhaltung und Steigerung der Muskelmasse. Tr\u00e4gt zum normalen Metabolismus von Proteinen bei. Mit Vitamin B6\",\"breadcrumb\":{\"@id\":\"https:\\\/\\\/www.lraloeverashop.eu\\\/de\\\/produkt\\\/proteinpulver-vanille\\\/#breadcrumb\"},\"inLanguage\":\"de\",\"potentialAction\":[{\"@type\":\"ReadAction\",\"target\":[\"https:\\\/\\\/www.lraloeverashop.eu\\\/de\\\/produkt\\\/proteinpulver-vanille\\\/\"]}]},{\"@type\":\"ImageObject\",\"inLanguage\":\"de\",\"@id\":\"https:\\\/\\\/www.lraloeverashop.eu\\\/de\\\/produkt\\\/proteinpulver-vanille\\\/#primaryimage\",\"url\":\"https:\\\/\\\/www.lraloeverashop.eu\\\/wp-content\\\/uploads\\\/2022\\\/10\\\/Muscle-Protein-Drink-Set-3pcs.jpg\",\"contentUrl\":\"https:\\\/\\\/www.lraloeverashop.eu\\\/wp-content\\\/uploads\\\/2022\\\/10\\\/Muscle-Protein-Drink-Set-3pcs.jpg\",\"width\":1200,\"height\":1200,\"caption\":\"Proteinpulver Vanille zur Unterst\u00fctzung der Muskelmasse\"},{\"@type\":\"BreadcrumbList\",\"@id\":\"https:\\\/\\\/www.lraloeverashop.eu\\\/de\\\/produkt\\\/proteinpulver-vanille\\\/#breadcrumb\",\"itemListElement\":[{\"@type\":\"ListItem\",\"position\":1,\"name\":\"Home\",\"item\":\"https:\\\/\\\/www.lraloeverashop.eu\\\/de\\\/\"},{\"@type\":\"ListItem\",\"position\":2,\"name\":\"Shop\",\"item\":\"https:\\\/\\\/www.lraloeverashop.eu\\\/de\\\/shop-2\\\/\"},{\"@type\":\"ListItem\",\"position\":3,\"name\":\"Proteinpulver Vanille\"}]},{\"@type\":\"WebSite\",\"@id\":\"https:\\\/\\\/www.lraloeverashop.eu\\\/de\\\/#website\",\"url\":\"https:\\\/\\\/www.lraloeverashop.eu\\\/de\\\/\",\"name\":\"Lr Aloe Vera Shop\",\"description\":\"High Quality Lr Aloe Vera Gel, Aloe Vera Cream and Shampoo\",\"publisher\":{\"@id\":\"https:\\\/\\\/www.lraloeverashop.eu\\\/de\\\/#organization\"},\"alternateName\":\"LR\",\"potentialAction\":[{\"@type\":\"SearchAction\",\"target\":{\"@type\":\"EntryPoint\",\"urlTemplate\":\"https:\\\/\\\/www.lraloeverashop.eu\\\/de\\\/?s={search_term_string}\"},\"query-input\":{\"@type\":\"PropertyValueSpecification\",\"valueRequired\":true,\"valueName\":\"search_term_string\"}}],\"inLanguage\":\"de\"},{\"@type\":\"Organization\",\"@id\":\"https:\\\/\\\/www.lraloeverashop.eu\\\/de\\\/#organization\",\"name\":\"Lr Aloe Vera Shop\",\"alternateName\":\"LR\",\"url\":\"https:\\\/\\\/www.lraloeverashop.eu\\\/de\\\/\",\"logo\":{\"@type\":\"ImageObject\",\"inLanguage\":\"de\",\"@id\":\"https:\\\/\\\/www.lraloeverashop.eu\\\/de\\\/#\\\/schema\\\/logo\\\/image\\\/\",\"url\":\"https:\\\/\\\/www.lraloeverashop.eu\\\/wp-content\\\/uploads\\\/2022\\\/09\\\/cropped-Lr-Aloe-Vera-Shop.jpg\",\"contentUrl\":\"https:\\\/\\\/www.lraloeverashop.eu\\\/wp-content\\\/uploads\\\/2022\\\/09\\\/cropped-Lr-Aloe-Vera-Shop.jpg\",\"width\":228,\"height\":76,\"caption\":\"Lr Aloe Vera Shop\"},\"image\":{\"@id\":\"https:\\\/\\\/www.lraloeverashop.eu\\\/de\\\/#\\\/schema\\\/logo\\\/image\\\/\"},\"sameAs\":[\"https:\\\/\\\/www.facebook.com\\\/lraloeverashop.eu\",\"https:\\\/\\\/x.com\\\/natur__kosmetik\",\"https:\\\/\\\/www.youtube.com\\\/channel\\\/UC5oN7BJ8nfYb8RpVtjwDEBA\",\"https:\\\/\\\/www.instagram.com\\\/lrbeautyeu\\\/\"],\"description\":\"LR Aloe Vera Shop ist Ihre vertrauensw\u00fcrdige Adresse f\u00fcr hochwertige LR Health & Beauty Produkte aus Deutschland. Wir bieten Ihnen erstklassige Aloe Vera Hautpflege, N\u00e4hrstoffe und Anti-Aging-Produkte mit reinen Inhaltsstoffen, die auf wissenschaftlichen Erkenntnissen basieren. Entdecken Sie nat\u00fcrliche Pflege, die Ihre Haut regeneriert, sch\u00fctzt und revitalisiert \u2013 und profitieren Sie von exklusiven Monatsangeboten auf unsere Bestseller von LR Aloe Vera. Starten Sie noch heute Ihre Reise zu nat\u00fcrlicher Hautpflege und sp\u00fcren Sie den Unterschied.\",\"email\":\"info@lraloeverashop.eu\",\"telephone\":\"+49 17670609653\",\"legalName\":\"Lr Aloe Vera Shop\",\"foundingDate\":\"2018-04-21\",\"numberOfEmployees\":{\"@type\":\"QuantitativeValue\",\"minValue\":\"1\",\"maxValue\":\"10\"}}]}<\/script>\n<meta property=\"product:price:amount\" content=\"142.49\" \/>\n<meta property=\"product:price:currency\" content=\"EUR\" \/>\n<meta property=\"og:availability\" content=\"instock\" \/>\n<meta property=\"product:availability\" content=\"instock\" \/>\n<meta property=\"product:retailer_item_id\" content=\"80561-401DE\" \/>\n<meta property=\"product:condition\" content=\"new\" \/>\n<!-- \/ Yoast SEO Premium plugin. -->","yoast_head_json":{"title":"Proteinpulver Vanille aus 5 verschiedenen Quellen","description":"Proteinpulver Vanille unterst\u00fctzt effektiv die Erhaltung und Steigerung der Muskelmasse. Tr\u00e4gt zum normalen Metabolismus von Proteinen bei. Mit Vitamin B6","robots":{"index":"index","follow":"follow","max-snippet":"max-snippet:-1","max-image-preview":"max-image-preview:large","max-video-preview":"max-video-preview:-1"},"canonical":"https:\/\/www.lraloeverashop.eu\/de\/produkt\/proteinpulver-vanille\/","og_locale":"de_DE","og_type":"article","og_title":"Proteinpulver Vanille","og_description":"Proteinpulver Vanille unterst\u00fctzt effektiv die Erhaltung und Steigerung der Muskelmasse. Tr\u00e4gt zum normalen Metabolismus von Proteinen bei. Mit Vitamin B6","og_url":"https:\/\/www.lraloeverashop.eu\/de\/produkt\/proteinpulver-vanille\/","og_site_name":"Lr Aloe Vera Shop","article_publisher":"https:\/\/www.facebook.com\/lraloeverashop.eu","article_modified_time":"2026-04-19T07:53:13+00:00","og_image":[{"width":1200,"height":1200,"url":"https:\/\/www.lraloeverashop.eu\/wp-content\/uploads\/2022\/10\/Muscle-Protein-Drink-Set-3pcs.jpg","type":"image\/jpeg"}],"twitter_card":"summary_large_image","twitter_site":"@natur__kosmetik","schema":{"@context":"https:\/\/schema.org","@graph":[{"@type":["WebPage","ItemPage"],"@id":"https:\/\/www.lraloeverashop.eu\/de\/produkt\/proteinpulver-vanille\/","url":"https:\/\/www.lraloeverashop.eu\/de\/produkt\/proteinpulver-vanille\/","name":"Proteinpulver Vanille aus 5 verschiedenen Quellen","isPartOf":{"@id":"https:\/\/www.lraloeverashop.eu\/de\/#website"},"primaryImageOfPage":{"@id":"https:\/\/www.lraloeverashop.eu\/de\/produkt\/proteinpulver-vanille\/#primaryimage"},"image":{"@id":"https:\/\/www.lraloeverashop.eu\/de\/produkt\/proteinpulver-vanille\/#primaryimage"},"thumbnailUrl":"https:\/\/www.lraloeverashop.eu\/wp-content\/uploads\/2022\/10\/Muscle-Protein-Drink-Set-3pcs.jpg","datePublished":"2022-10-15T10:43:38+00:00","dateModified":"2026-04-19T07:53:13+00:00","description":"Proteinpulver Vanille unterst\u00fctzt effektiv die Erhaltung und Steigerung der Muskelmasse. Tr\u00e4gt zum normalen Metabolismus von Proteinen bei. Mit Vitamin B6","breadcrumb":{"@id":"https:\/\/www.lraloeverashop.eu\/de\/produkt\/proteinpulver-vanille\/#breadcrumb"},"inLanguage":"de","potentialAction":[{"@type":"ReadAction","target":["https:\/\/www.lraloeverashop.eu\/de\/produkt\/proteinpulver-vanille\/"]}]},{"@type":"ImageObject","inLanguage":"de","@id":"https:\/\/www.lraloeverashop.eu\/de\/produkt\/proteinpulver-vanille\/#primaryimage","url":"https:\/\/www.lraloeverashop.eu\/wp-content\/uploads\/2022\/10\/Muscle-Protein-Drink-Set-3pcs.jpg","contentUrl":"https:\/\/www.lraloeverashop.eu\/wp-content\/uploads\/2022\/10\/Muscle-Protein-Drink-Set-3pcs.jpg","width":1200,"height":1200,"caption":"Proteinpulver Vanille zur Unterst\u00fctzung der Muskelmasse"},{"@type":"BreadcrumbList","@id":"https:\/\/www.lraloeverashop.eu\/de\/produkt\/proteinpulver-vanille\/#breadcrumb","itemListElement":[{"@type":"ListItem","position":1,"name":"Home","item":"https:\/\/www.lraloeverashop.eu\/de\/"},{"@type":"ListItem","position":2,"name":"Shop","item":"https:\/\/www.lraloeverashop.eu\/de\/shop-2\/"},{"@type":"ListItem","position":3,"name":"Proteinpulver Vanille"}]},{"@type":"WebSite","@id":"https:\/\/www.lraloeverashop.eu\/de\/#website","url":"https:\/\/www.lraloeverashop.eu\/de\/","name":"Lr Aloe Vera Shop","description":"High Quality Lr Aloe Vera Gel, Aloe Vera Cream and Shampoo","publisher":{"@id":"https:\/\/www.lraloeverashop.eu\/de\/#organization"},"alternateName":"LR","potentialAction":[{"@type":"SearchAction","target":{"@type":"EntryPoint","urlTemplate":"https:\/\/www.lraloeverashop.eu\/de\/?s={search_term_string}"},"query-input":{"@type":"PropertyValueSpecification","valueRequired":true,"valueName":"search_term_string"}}],"inLanguage":"de"},{"@type":"Organization","@id":"https:\/\/www.lraloeverashop.eu\/de\/#organization","name":"Lr Aloe Vera Shop","alternateName":"LR","url":"https:\/\/www.lraloeverashop.eu\/de\/","logo":{"@type":"ImageObject","inLanguage":"de","@id":"https:\/\/www.lraloeverashop.eu\/de\/#\/schema\/logo\/image\/","url":"https:\/\/www.lraloeverashop.eu\/wp-content\/uploads\/2022\/09\/cropped-Lr-Aloe-Vera-Shop.jpg","contentUrl":"https:\/\/www.lraloeverashop.eu\/wp-content\/uploads\/2022\/09\/cropped-Lr-Aloe-Vera-Shop.jpg","width":228,"height":76,"caption":"Lr Aloe Vera Shop"},"image":{"@id":"https:\/\/www.lraloeverashop.eu\/de\/#\/schema\/logo\/image\/"},"sameAs":["https:\/\/www.facebook.com\/lraloeverashop.eu","https:\/\/x.com\/natur__kosmetik","https:\/\/www.youtube.com\/channel\/UC5oN7BJ8nfYb8RpVtjwDEBA","https:\/\/www.instagram.com\/lrbeautyeu\/"],"description":"LR Aloe Vera Shop ist Ihre vertrauensw\u00fcrdige Adresse f\u00fcr hochwertige LR Health & Beauty Produkte aus Deutschland. Wir bieten Ihnen erstklassige Aloe Vera Hautpflege, N\u00e4hrstoffe und Anti-Aging-Produkte mit reinen Inhaltsstoffen, die auf wissenschaftlichen Erkenntnissen basieren. Entdecken Sie nat\u00fcrliche Pflege, die Ihre Haut regeneriert, sch\u00fctzt und revitalisiert \u2013 und profitieren Sie von exklusiven Monatsangeboten auf unsere Bestseller von LR Aloe Vera. Starten Sie noch heute Ihre Reise zu nat\u00fcrlicher Hautpflege und sp\u00fcren Sie den Unterschied.","email":"info@lraloeverashop.eu","telephone":"+49 17670609653","legalName":"Lr Aloe Vera Shop","foundingDate":"2018-04-21","numberOfEmployees":{"@type":"QuantitativeValue","minValue":"1","maxValue":"10"}}]},"product_price_amount":"142.49","product_price_currency":"EUR","og_availability":"instock","product_availability":"instock","product_retailer_item_id":"80561-401DE","product_condition":"new"},"taxonomy_info":{"product_cat":[{"value":340,"label":"Di\u00e4t Begleiter"},{"value":417,"label":"Knochen, Gelenke &amp; Muskeln"},{"value":334,"label":"Mahlzeitenersatz"},{"value":462,"label":"Sparen im set"},{"value":465,"label":"Spezialisten"}],"product_tag":[{"value":593,"label":"Di\u00e4t"}]},"featured_image_src_large":["https:\/\/www.lraloeverashop.eu\/wp-content\/uploads\/2022\/10\/Muscle-Protein-Drink-Set-3pcs-1024x1024.jpg",1024,1024,true],"author_info":[],"comment_info":0,"_links":{"self":[{"href":"https:\/\/www.lraloeverashop.eu\/de\/wp-json\/wp\/v2\/product\/9351","targetHints":{"allow":["GET"]}}],"collection":[{"href":"https:\/\/www.lraloeverashop.eu\/de\/wp-json\/wp\/v2\/product"}],"about":[{"href":"https:\/\/www.lraloeverashop.eu\/de\/wp-json\/wp\/v2\/types\/product"}],"replies":[{"embeddable":true,"href":"https:\/\/www.lraloeverashop.eu\/de\/wp-json\/wp\/v2\/comments?post=9351"}],"wp:featuredmedia":[{"embeddable":true,"href":"https:\/\/www.lraloeverashop.eu\/de\/wp-json\/wp\/v2\/media\/5701"}],"wp:attachment":[{"href":"https:\/\/www.lraloeverashop.eu\/de\/wp-json\/wp\/v2\/media?parent=9351"}],"wp:term":[{"taxonomy":"product_brand","embeddable":true,"href":"https:\/\/www.lraloeverashop.eu\/de\/wp-json\/wp\/v2\/product_brand?post=9351"},{"taxonomy":"product_cat","embeddable":true,"href":"https:\/\/www.lraloeverashop.eu\/de\/wp-json\/wp\/v2\/product_cat?post=9351"},{"taxonomy":"product_tag","embeddable":true,"href":"https:\/\/www.lraloeverashop.eu\/de\/wp-json\/wp\/v2\/product_tag?post=9351"}],"curies":[{"name":"wp","href":"https:\/\/api.w.org\/{rel}","templated":true}]}}