{"id":9324,"date":"2022-10-15T12:59:08","date_gmt":"2022-10-15T10:59:08","guid":{"rendered":"https:\/\/www.lraloeverashop.eu\/product\/lr-beauty-elixir\/"},"modified":"2026-04-18T20:36:30","modified_gmt":"2026-04-18T18:36:30","slug":"lr-beauty-elixir","status":"publish","type":"product","link":"https:\/\/www.lraloeverashop.eu\/de\/produkt\/lr-beauty-elixir\/","title":{"rendered":"Lr Beauty Elixir"},"content":{"rendered":"<h2><span style=\"font-size: 16pt;\"><strong>Lr Beauty Elixir<\/strong><\/span><\/h2>\n<p><span style=\"font-size: 14pt;\"><strong>Lr Beauty Elixir &#8211; Jugendliche Sch\u00f6nheit von Kopf bis Fu\u00df<\/strong><\/span><\/p>\n<p>Das revolution\u00e4re 5in1 Lr Beauty Elixir erf\u00fcllt alle 5 Beauty-W\u00fcnsche auf einmal!<span style=\"font-size: 14px;\"><sup>1-4<\/sup><\/span> Mit nur einem Shot t\u00e4glich aktiviert ein einzigartiger Doppel-Komplex tiefenwirksam die <a href=\"https:\/\/www.lraloeverashop.eu\/de\/natuerliches-beauty-elixier-fuer-ein-jugendliches-aussehen\/\">Beauty-Prozesse im K\u00f6rper<\/a> und sch\u00fctzt pr\u00e4ventiv vor den Hauptursachen der Alterung \u2013 f\u00fcr jugendliche Sch\u00f6nheit von Kopf bis Fu\u00df in jedem Alter<span style=\"font-size: 14px;\"><sup>1-4<\/sup><\/span>.<\/p>\n<p>&nbsp;<\/p>\n<h3><span style=\"font-size: 16pt;\"><strong>1.<\/strong> <strong>Lr Beauty Elixir F\u00fcr Jugendliches Aussehen Mit Weniger Falten<\/strong><\/span><\/h3>\n<p>&#8211; Faltenreduktion durch Vitamin C1 und tiefenwirksame Kollagen-Peptide<span style=\"font-size: 14px;\"><sup>6<\/sup><\/span><br \/>\n&#8211; 15% mehr Hautelastizit\u00e4t durch effektive Kollagen-Peptide<span style=\"font-size: 14px;\"><sup>7<\/sup><\/span>Aloe Vera-Gel,<br \/>\n&#8211; Aloe Vera Gel, Blutorangen-, Rosenwurz- und Gr\u00fcntee-Extrakt sch\u00fctzen vor den Hauptursachen der Alterung, wie z. B. UV-Strahlung<\/p>\n<p>&nbsp;<\/p>\n<h4><span style=\"font-size: 16pt;\"><strong>2<\/strong>. <strong>A Reines Gesundes Hautbild Ohne Irritationen<\/strong><\/span><\/h4>\n<p>&#8211; Lr Beauty Elixir Schutz vor externen Umwelteinfl\u00fcssen durch Blaubeer- Extrakt und Vitamin E5<br \/>\n&#8211; Verbesserte Hautfunktion und -pigmentierung mit den hoch-konzentrierten Vitaminen A, Riboflavin, Niacin, Biotin, C sowie Zink als essenzielles Spurenelement<span style=\"font-size: 14px;\"><sup>1<\/sup><\/span><\/p>\n<p>&nbsp;<\/p>\n<h2><span style=\"font-size: 16pt;\"><strong>3. A Straffer K\u00f6rper Mit Weniger Cellulite<\/strong><\/span><\/h2>\n<p>&#8211; Kollagen-Peptide steigern die Hautdichte und <a href=\"https:\/\/www.lraloeverashop.eu\/de\/produkt\/zeitgard-pro-korpermassage\/\">reduzieren Cellulite<\/a> nachweislich<span style=\"font-size: 14px;\"><sup>8<\/sup><\/span><br \/>\n&#8211; Kupfer<span style=\"font-size: 14px;\"><sup>2<\/sup><\/span> und Aloe Vera-Gel st\u00e4rken das Bindegewebe<\/p>\n<p>&nbsp;<\/p>\n<h3><span style=\"font-size: 16pt;\"><strong>4. Kraftvolles, Gl\u00e4nzendes Haar<\/strong><\/span><\/h3>\n<p>&#8211; Biotin st\u00e4rkt die <a href=\"https:\/\/www.lraloeverashop.eu\/de\/produkt\/aloe-vera-nutri-repair-haarshampoo\/\">Haare<\/a> und baut sie von innen auf<span style=\"font-size: 14px;\"><sup>3<\/sup><\/span><br \/>\n&#8211; Kupfer sorgt f\u00fcr eine normale Haarpigmentierung und verleiht gesunden Glanz<span style=\"font-size: 14px;\"><sup>3<\/sup><\/span><\/p>\n<p>&nbsp;<\/p>\n<h4><span style=\"font-size: 16pt;\"><strong>5. Starke, Gesunde N\u00e4gel<\/strong><\/span><\/h4>\n<p>&#8211; Kollagen-Peptide in Lr Beauty Elixir beschleunigen das Nagelwachstum nachweislich. Nagelsch\u00e4den werden um bis zu 42 % reduziert<span style=\"font-size: 14px;\"><sup>9<\/sup><\/span><br \/>\n&#8211; Zink st\u00e4rkt die N\u00e4gel<span style=\"font-size: 14px;\"><sup>4<\/sup><\/span><\/p>\n<p>&nbsp;<\/p>\n<p><span style=\"font-size: 16pt;\"><strong>Einzigartig auf dem Markt: Doppel-Komplex<\/strong><\/span><\/p>\n<p><strong><span style=\"font-size: 16pt;\">Complex Active<\/span><\/strong><\/p>\n<p>Der Aktiv-Komplex in Lr Beauty Elixir aktiviert die Beauty-Prozesse und bek\u00e4mpft Alterserscheinungen<span style=\"font-size: 14px;\"><sup>1-5<\/sup>.<\/span> Er vereint die bekanntesten, wichtigsten <a href=\"https:\/\/www.lraloeverashop.eu\/de\/produkt\/lr-beauty-elixir-3er-set\/\">Beauty-Inhaltsstoffe<\/a> in h\u00f6chster Konzentration:<\/p>\n<p>&#8211; 2,5 g Kollagen-Peptide<br \/>\n&#8211; 50 mg Hyalurons\u00e4ure<br \/>\n&#8211; mit Kupfer und Zink<br \/>\n&#8211; 9 hochkonzentrierte Vitamine: 100% Vitamin E, Thiamin, Riboflavin, Niacin, B6, Biotin, B12, <a href=\"https:\/\/www.lraloeverashop.eu\/de\/produkt\/vita-active-rote-fruechte\/\">Vitamin C<\/a> pro Tagesration* und 75% Vitamin A pro Tagesration*<\/p>\n<p>&nbsp;<\/p>\n<p><strong><span style=\"font-size: 16pt;\">Complex Preventive<\/span><\/strong><\/p>\n<p>Der Lr Beauty Elixir Pr\u00e4ventiv-Komplex sch\u00fctzt von innen heraus vor Umwelteinfl\u00fcssen und beugt Alters-erscheinungen vor. Er vereint die wichtigsten Inhaltsstoffe mit der Kraft der Natur:<\/p>\n<p>&#8211; 20 % Aloe Vera-Gel<br \/>\n&#8211; Blutorangen-Extrakt<br \/>\n&#8211; Blaubeer-Extrakt<br \/>\n&#8211; Rosenwurz-Extrakt<br \/>\n&#8211; Gr\u00fcntee-Extrakt<\/p>\n<p>&nbsp;<\/p>\n<h3><span style=\"font-size: 16pt;\">Anwendung<\/span><\/h3>\n<p>Eine Lr Beauty Elixir ampulle t\u00e4glich. Bitte vor Gebrauch sch\u00fctteln.<br \/>\nHinweise: Die angegebene empfohlene t\u00e4gliche Verzehrmenge darf nicht \u00fcberschritten werden. Nahrungserg\u00e4nzungsmittel sind kein Ersatz f\u00fcr eine abwechslungsreiche und ausgewogene Ern\u00e4hrung und eine gesunde Lebensweise. Produkt au\u00dferhalb der Reichweite von kleinen Kindern aufbewahren. Enth\u00e4lt Koffein. F\u00fcr Kinder und schwangere Frauen nicht empfohlen (Koffeingehalt 0,8 mg je 25 ml). Lagerhinweis: Vor direkter Sonneneinstrahlung sch\u00fctzen. Trocken und bei Raumtemperatur lagern.<\/p>\n<p>&nbsp;<\/p>\n<p><span style=\"font-size: 14px;\"><sup>1<\/sup><\/span>\u00a0Biotin, Zink, Vitamin A, Riboflavin und Niacin tragen zur Erhaltung normaler Haut bei. Kupfer tr\u00e4gt zur Erhaltung einer normalen Hautpigmentierung bei. Vitamin C tr\u00e4gt zu einer normalen Kollagenbildung f\u00fcr eine normale Funktion der Haut bei.<br \/>\n<span style=\"font-size: 14px;\"><sup>2<\/sup><\/span>\u00a0Kupfer tr\u00e4gt zur Erhaltung von normalem Bindegewebe bei.<br \/>\n<span style=\"font-size: 14px;\"><sup>3<\/sup><\/span> Biotin und Zink in Lr Beauty Elixir tragen zur Erhaltung normaler <a href=\"https:\/\/www.lraloeverashop.eu\/de\/produkt\/aloe-vera-haar-set\/\">Haare<\/a> bei. Kupfer tr\u00e4gt zur Erhaltung einer normalen Haarpigmentierung bei.<br \/>\n<span style=\"font-size: 14px;\"><sup>4<\/sup><\/span>\u00a0Zink tr\u00e4gt zur Erhaltung normaler N\u00e4gel bei.<br \/>\n<span style=\"font-size: 14px;\"><sup>5<\/sup><\/span>\u00a0Vitamin E tr\u00e4gt dazu bei, die Zellen vor <a href=\"https:\/\/www.lraloeverashop.eu\/de\/produkt\/mind-master-drink-rot\/\">oxidativem Stress<\/a> zu sch\u00fctzen. Thiamin tr\u00e4gt zu einem normalen Energiestoffwechsel bei. Vitamin B6 und B12 tragen zur Verringerung von M\u00fcdigkeit und Erm\u00fcdung bei.<br \/>\n<span style=\"font-size: 14px;\"><sup>6<\/sup><\/span>\u00a0Proksch et al., 2014, Skin Pharmacol Physiol; 27:113-119. Signifikante Faltenreduktion und gestiegene Kollagenkonzentration in der Haut nach 4 Wochen der Anwendung. Gemessen an 100 Frauen zwischen 45 und 65 Jahren.<br \/>\n<span style=\"font-size: 14px;\"><sup>7<\/sup><\/span>\u00a0Proksch et al., 2014, Skin Pharmacol Physiol; 27:47-55. 15% mehr Hautelastizit\u00e4t nach 4 Wochen der Anwendung. Gemessen an 69 Frauen im Alter zwischen 35 und 55 Jahren.<br \/>\n<span style=\"font-size: 14px;\"><sup>8<\/sup><\/span>\u00a0Schunck et al., 2015, Journal of Medicinal Food; 18 (12): 1340-1348. Signifikante Reduktion von Cellulite nach bereits 3 Monaten und signifikante Erh\u00f6hung der Hautdichte nach 6 Monaten der Anwendung. Gemessen an 105 Frauen im Alter zwischen 25 und 50 Jahren.<br \/>\n<span style=\"font-size: 14px;\"><sup>9<\/sup><\/span>\u00a0Hexsel et al., 2017, Journal of Cosmetic Dermatology; <span style=\"font-size: 14px;\"><sup>1-7<\/sup><\/span>.<br \/>\nSignifikante Reduktion von Nagelsch\u00e4den nach 2 Monaten der Anwendung und Steigerung des Nagelwachstums nach 3 Monaten der Anwendung. Gemessen an 25 Frauen im Alter zwischen 18 und 50 Jahren.<\/p>\n<p>*Der Referenzmenge f\u00fcr die t\u00e4gliche Zufuhr.<\/p>\n<p>&nbsp;<\/p>\n","protected":false},"excerpt":{"rendered":"<ul>\n<li>Innovation!<\/li>\n<li>Einzigartiges Sch\u00f6nheits-Elixier mit Doppelkomplex<\/li>\n<li>F\u00fcr deine 5 Beauty-W\u00fcnsche: Jugendliches Aussehen, reine Haut, straffer K\u00f6rper, kraftvolles Haar und starke N\u00e4gel<span style=\"font-size: 14px;\"><sup>1-4<\/sup><\/span><\/li>\n<li>Wirkt aktiv und pr\u00e4ventiv<\/li>\n<li>Ohne S\u00fc\u00dfungsmittel, k\u00fcnstliche Farbstoffe, Laktose oder Gluten<\/li>\n<li>30 x 25 ml Trinkampullen<\/li>\n<\/ul>\n<p><span style=\"color: #ff0000;\"><a style=\"color: #ff0000;\" href=\"https:\/\/shop.lrworld.com\/openpao?PHP=0vFlt7jT938BEnBI3a6e9w%3D%3D\"><span style=\"font-size: 14pt;\"><strong>Hier registrieren und dauerhaft 35\u202f% sparen<\/strong><\/span><\/a><\/span><\/p>\n","protected":false},"featured_media":30444,"comment_status":"open","ping_status":"closed","template":"","meta":{"_kad_blocks_custom_css":"","_kad_blocks_head_custom_js":"","_kad_blocks_body_custom_js":"","_kad_blocks_footer_custom_js":"","_kadence_starter_templates_imported_post":false,"_kad_post_transparent":"default","_kad_post_title":"","_kad_post_layout":"default","_kad_post_sidebar_id":"","_kad_post_content_style":"default","_kad_post_vertical_padding":"default","_kad_post_feature":"","_kad_post_feature_position":"","_kad_post_header":false,"_kad_post_footer":false,"_kad_post_classname":""},"product_brand":[],"product_cat":[477,471,465,411],"product_tag":[],"class_list":{"0":"post-9324","1":"product","2":"type-product","3":"status-publish","4":"has-post-thumbnail","6":"product_cat-beauty-shot-de","7":"product_cat-schonheit-von-innen","8":"product_cat-spezial-ernahrung","9":"product_cat-spezielle-produkte","11":"first","12":"instock","13":"taxable","14":"shipping-taxable","15":"purchasable","16":"product-type-simple","17":"entry","18":"content-bg","19":"loop-entry"},"yoast_head":"<!-- This site is optimized with the Yoast SEO Premium plugin v27.5 (Yoast SEO v27.5) - https:\/\/yoast.com\/product\/yoast-seo-premium-wordpress\/ -->\n<title>Lr Beauty Elixir 5in1 - Das Einzige, was eine Frau braucht<\/title>\n<meta name=\"description\" content=\"Lr Beauty Elixir unterst\u00fctzt ein jugendliches Aussehen mit weniger Falten, einen straffen K\u00f6rper mit weniger Cellulite, gl\u00e4nzendes Haar und gesunde N\u00e4gel.\" \/>\n<meta name=\"robots\" content=\"index, follow, max-snippet:-1, max-image-preview:large, max-video-preview:-1\" \/>\n<link rel=\"canonical\" href=\"https:\/\/www.lraloeverashop.eu\/de\/produkt\/lr-beauty-elixir\/\" \/>\n<meta property=\"og:locale\" content=\"de_DE\" \/>\n<meta property=\"og:type\" content=\"article\" \/>\n<meta property=\"og:title\" content=\"Lr Beauty Elixir\" \/>\n<meta property=\"og:description\" content=\"Lr Beauty Elixir unterst\u00fctzt ein jugendliches Aussehen mit weniger Falten, einen straffen K\u00f6rper mit weniger Cellulite, gl\u00e4nzendes Haar und gesunde N\u00e4gel.\" \/>\n<meta property=\"og:url\" content=\"https:\/\/www.lraloeverashop.eu\/de\/produkt\/lr-beauty-elixir\/\" \/>\n<meta property=\"og:site_name\" content=\"Lr Aloe Vera Shop\" \/>\n<meta property=\"article:publisher\" content=\"https:\/\/www.facebook.com\/lraloeverashop.eu\" \/>\n<meta property=\"article:modified_time\" content=\"2026-04-18T18:36:30+00:00\" \/>\n<meta property=\"og:image\" content=\"https:\/\/www.lraloeverashop.eu\/wp-content\/uploads\/2026\/04\/Lr-Natural-Beauty-Elixir-Drink.jpeg\" \/>\n\t<meta property=\"og:image:width\" content=\"1200\" \/>\n\t<meta property=\"og:image:height\" content=\"1200\" \/>\n\t<meta property=\"og:image:type\" content=\"image\/jpeg\" \/>\n<meta name=\"twitter:card\" content=\"summary_large_image\" \/>\n<meta name=\"twitter:site\" content=\"@natur__kosmetik\" \/>\n<script type=\"application\/ld+json\" class=\"yoast-schema-graph\">{\"@context\":\"https:\\\/\\\/schema.org\",\"@graph\":[{\"@type\":[\"WebPage\",\"ItemPage\"],\"@id\":\"https:\\\/\\\/www.lraloeverashop.eu\\\/de\\\/produkt\\\/lr-beauty-elixir\\\/\",\"url\":\"https:\\\/\\\/www.lraloeverashop.eu\\\/de\\\/produkt\\\/lr-beauty-elixir\\\/\",\"name\":\"Lr Beauty Elixir 5in1 - Das Einzige, was eine Frau braucht\",\"isPartOf\":{\"@id\":\"https:\\\/\\\/www.lraloeverashop.eu\\\/de\\\/#website\"},\"primaryImageOfPage\":{\"@id\":\"https:\\\/\\\/www.lraloeverashop.eu\\\/de\\\/produkt\\\/lr-beauty-elixir\\\/#primaryimage\"},\"image\":{\"@id\":\"https:\\\/\\\/www.lraloeverashop.eu\\\/de\\\/produkt\\\/lr-beauty-elixir\\\/#primaryimage\"},\"thumbnailUrl\":\"https:\\\/\\\/www.lraloeverashop.eu\\\/wp-content\\\/uploads\\\/2026\\\/04\\\/Lr-Natural-Beauty-Elixir-Drink.jpeg\",\"datePublished\":\"2022-10-15T10:59:08+00:00\",\"dateModified\":\"2026-04-18T18:36:30+00:00\",\"description\":\"Lr Beauty Elixir unterst\u00fctzt ein jugendliches Aussehen mit weniger Falten, einen straffen K\u00f6rper mit weniger Cellulite, gl\u00e4nzendes Haar und gesunde N\u00e4gel.\",\"breadcrumb\":{\"@id\":\"https:\\\/\\\/www.lraloeverashop.eu\\\/de\\\/produkt\\\/lr-beauty-elixir\\\/#breadcrumb\"},\"inLanguage\":\"de\",\"potentialAction\":[{\"@type\":\"ReadAction\",\"target\":[\"https:\\\/\\\/www.lraloeverashop.eu\\\/de\\\/produkt\\\/lr-beauty-elixir\\\/\"]}]},{\"@type\":\"ImageObject\",\"inLanguage\":\"de\",\"@id\":\"https:\\\/\\\/www.lraloeverashop.eu\\\/de\\\/produkt\\\/lr-beauty-elixir\\\/#primaryimage\",\"url\":\"https:\\\/\\\/www.lraloeverashop.eu\\\/wp-content\\\/uploads\\\/2026\\\/04\\\/Lr-Natural-Beauty-Elixir-Drink.jpeg\",\"contentUrl\":\"https:\\\/\\\/www.lraloeverashop.eu\\\/wp-content\\\/uploads\\\/2026\\\/04\\\/Lr-Natural-Beauty-Elixir-Drink.jpeg\",\"width\":1200,\"height\":1200,\"caption\":\"Nat\u00fcrliches LrBeauty Elixir f\u00fcr jugendliches Aussehen\"},{\"@type\":\"BreadcrumbList\",\"@id\":\"https:\\\/\\\/www.lraloeverashop.eu\\\/de\\\/produkt\\\/lr-beauty-elixir\\\/#breadcrumb\",\"itemListElement\":[{\"@type\":\"ListItem\",\"position\":1,\"name\":\"Home\",\"item\":\"https:\\\/\\\/www.lraloeverashop.eu\\\/de\\\/\"},{\"@type\":\"ListItem\",\"position\":2,\"name\":\"Shop\",\"item\":\"https:\\\/\\\/www.lraloeverashop.eu\\\/de\\\/shop-2\\\/\"},{\"@type\":\"ListItem\",\"position\":3,\"name\":\"Lr Beauty Elixir\"}]},{\"@type\":\"WebSite\",\"@id\":\"https:\\\/\\\/www.lraloeverashop.eu\\\/de\\\/#website\",\"url\":\"https:\\\/\\\/www.lraloeverashop.eu\\\/de\\\/\",\"name\":\"Lr Aloe Vera Shop\",\"description\":\"High Quality Lr Aloe Vera Gel, Aloe Vera Cream and Shampoo\",\"publisher\":{\"@id\":\"https:\\\/\\\/www.lraloeverashop.eu\\\/de\\\/#organization\"},\"alternateName\":\"LR\",\"potentialAction\":[{\"@type\":\"SearchAction\",\"target\":{\"@type\":\"EntryPoint\",\"urlTemplate\":\"https:\\\/\\\/www.lraloeverashop.eu\\\/de\\\/?s={search_term_string}\"},\"query-input\":{\"@type\":\"PropertyValueSpecification\",\"valueRequired\":true,\"valueName\":\"search_term_string\"}}],\"inLanguage\":\"de\"},{\"@type\":\"Organization\",\"@id\":\"https:\\\/\\\/www.lraloeverashop.eu\\\/de\\\/#organization\",\"name\":\"Lr Aloe Vera Shop\",\"alternateName\":\"LR\",\"url\":\"https:\\\/\\\/www.lraloeverashop.eu\\\/de\\\/\",\"logo\":{\"@type\":\"ImageObject\",\"inLanguage\":\"de\",\"@id\":\"https:\\\/\\\/www.lraloeverashop.eu\\\/de\\\/#\\\/schema\\\/logo\\\/image\\\/\",\"url\":\"https:\\\/\\\/www.lraloeverashop.eu\\\/wp-content\\\/uploads\\\/2022\\\/09\\\/cropped-Lr-Aloe-Vera-Shop.jpg\",\"contentUrl\":\"https:\\\/\\\/www.lraloeverashop.eu\\\/wp-content\\\/uploads\\\/2022\\\/09\\\/cropped-Lr-Aloe-Vera-Shop.jpg\",\"width\":228,\"height\":76,\"caption\":\"Lr Aloe Vera Shop\"},\"image\":{\"@id\":\"https:\\\/\\\/www.lraloeverashop.eu\\\/de\\\/#\\\/schema\\\/logo\\\/image\\\/\"},\"sameAs\":[\"https:\\\/\\\/www.facebook.com\\\/lraloeverashop.eu\",\"https:\\\/\\\/x.com\\\/natur__kosmetik\",\"https:\\\/\\\/www.youtube.com\\\/channel\\\/UC5oN7BJ8nfYb8RpVtjwDEBA\",\"https:\\\/\\\/www.instagram.com\\\/lrbeautyeu\\\/\"],\"description\":\"LR Aloe Vera Shop ist Ihre vertrauensw\u00fcrdige Adresse f\u00fcr hochwertige LR Health & Beauty Produkte aus Deutschland. Wir bieten Ihnen erstklassige Aloe Vera Hautpflege, N\u00e4hrstoffe und Anti-Aging-Produkte mit reinen Inhaltsstoffen, die auf wissenschaftlichen Erkenntnissen basieren. Entdecken Sie nat\u00fcrliche Pflege, die Ihre Haut regeneriert, sch\u00fctzt und revitalisiert \u2013 und profitieren Sie von exklusiven Monatsangeboten auf unsere Bestseller von LR Aloe Vera. Starten Sie noch heute Ihre Reise zu nat\u00fcrlicher Hautpflege und sp\u00fcren Sie den Unterschied.\",\"email\":\"info@lraloeverashop.eu\",\"telephone\":\"+49 17670609653\",\"legalName\":\"Lr Aloe Vera Shop\",\"foundingDate\":\"2018-04-21\",\"numberOfEmployees\":{\"@type\":\"QuantitativeValue\",\"minValue\":\"1\",\"maxValue\":\"10\"}}]}<\/script>\n<meta property=\"product:price:amount\" content=\"172.99\" \/>\n<meta property=\"product:price:currency\" content=\"EUR\" \/>\n<meta property=\"og:availability\" content=\"instock\" \/>\n<meta property=\"product:availability\" content=\"instock\" \/>\n<meta property=\"product:retailer_item_id\" content=\"81140-1DE\" \/>\n<meta property=\"product:condition\" content=\"new\" \/>\n<!-- \/ Yoast SEO Premium plugin. -->","yoast_head_json":{"title":"Lr Beauty Elixir 5in1 - Das Einzige, was eine Frau braucht","description":"Lr Beauty Elixir unterst\u00fctzt ein jugendliches Aussehen mit weniger Falten, einen straffen K\u00f6rper mit weniger Cellulite, gl\u00e4nzendes Haar und gesunde N\u00e4gel.","robots":{"index":"index","follow":"follow","max-snippet":"max-snippet:-1","max-image-preview":"max-image-preview:large","max-video-preview":"max-video-preview:-1"},"canonical":"https:\/\/www.lraloeverashop.eu\/de\/produkt\/lr-beauty-elixir\/","og_locale":"de_DE","og_type":"article","og_title":"Lr Beauty Elixir","og_description":"Lr Beauty Elixir unterst\u00fctzt ein jugendliches Aussehen mit weniger Falten, einen straffen K\u00f6rper mit weniger Cellulite, gl\u00e4nzendes Haar und gesunde N\u00e4gel.","og_url":"https:\/\/www.lraloeverashop.eu\/de\/produkt\/lr-beauty-elixir\/","og_site_name":"Lr Aloe Vera Shop","article_publisher":"https:\/\/www.facebook.com\/lraloeverashop.eu","article_modified_time":"2026-04-18T18:36:30+00:00","og_image":[{"width":1200,"height":1200,"url":"https:\/\/www.lraloeverashop.eu\/wp-content\/uploads\/2026\/04\/Lr-Natural-Beauty-Elixir-Drink.jpeg","type":"image\/jpeg"}],"twitter_card":"summary_large_image","twitter_site":"@natur__kosmetik","schema":{"@context":"https:\/\/schema.org","@graph":[{"@type":["WebPage","ItemPage"],"@id":"https:\/\/www.lraloeverashop.eu\/de\/produkt\/lr-beauty-elixir\/","url":"https:\/\/www.lraloeverashop.eu\/de\/produkt\/lr-beauty-elixir\/","name":"Lr Beauty Elixir 5in1 - Das Einzige, was eine Frau braucht","isPartOf":{"@id":"https:\/\/www.lraloeverashop.eu\/de\/#website"},"primaryImageOfPage":{"@id":"https:\/\/www.lraloeverashop.eu\/de\/produkt\/lr-beauty-elixir\/#primaryimage"},"image":{"@id":"https:\/\/www.lraloeverashop.eu\/de\/produkt\/lr-beauty-elixir\/#primaryimage"},"thumbnailUrl":"https:\/\/www.lraloeverashop.eu\/wp-content\/uploads\/2026\/04\/Lr-Natural-Beauty-Elixir-Drink.jpeg","datePublished":"2022-10-15T10:59:08+00:00","dateModified":"2026-04-18T18:36:30+00:00","description":"Lr Beauty Elixir unterst\u00fctzt ein jugendliches Aussehen mit weniger Falten, einen straffen K\u00f6rper mit weniger Cellulite, gl\u00e4nzendes Haar und gesunde N\u00e4gel.","breadcrumb":{"@id":"https:\/\/www.lraloeverashop.eu\/de\/produkt\/lr-beauty-elixir\/#breadcrumb"},"inLanguage":"de","potentialAction":[{"@type":"ReadAction","target":["https:\/\/www.lraloeverashop.eu\/de\/produkt\/lr-beauty-elixir\/"]}]},{"@type":"ImageObject","inLanguage":"de","@id":"https:\/\/www.lraloeverashop.eu\/de\/produkt\/lr-beauty-elixir\/#primaryimage","url":"https:\/\/www.lraloeverashop.eu\/wp-content\/uploads\/2026\/04\/Lr-Natural-Beauty-Elixir-Drink.jpeg","contentUrl":"https:\/\/www.lraloeverashop.eu\/wp-content\/uploads\/2026\/04\/Lr-Natural-Beauty-Elixir-Drink.jpeg","width":1200,"height":1200,"caption":"Nat\u00fcrliches LrBeauty Elixir f\u00fcr jugendliches Aussehen"},{"@type":"BreadcrumbList","@id":"https:\/\/www.lraloeverashop.eu\/de\/produkt\/lr-beauty-elixir\/#breadcrumb","itemListElement":[{"@type":"ListItem","position":1,"name":"Home","item":"https:\/\/www.lraloeverashop.eu\/de\/"},{"@type":"ListItem","position":2,"name":"Shop","item":"https:\/\/www.lraloeverashop.eu\/de\/shop-2\/"},{"@type":"ListItem","position":3,"name":"Lr Beauty Elixir"}]},{"@type":"WebSite","@id":"https:\/\/www.lraloeverashop.eu\/de\/#website","url":"https:\/\/www.lraloeverashop.eu\/de\/","name":"Lr Aloe Vera Shop","description":"High Quality Lr Aloe Vera Gel, Aloe Vera Cream and Shampoo","publisher":{"@id":"https:\/\/www.lraloeverashop.eu\/de\/#organization"},"alternateName":"LR","potentialAction":[{"@type":"SearchAction","target":{"@type":"EntryPoint","urlTemplate":"https:\/\/www.lraloeverashop.eu\/de\/?s={search_term_string}"},"query-input":{"@type":"PropertyValueSpecification","valueRequired":true,"valueName":"search_term_string"}}],"inLanguage":"de"},{"@type":"Organization","@id":"https:\/\/www.lraloeverashop.eu\/de\/#organization","name":"Lr Aloe Vera Shop","alternateName":"LR","url":"https:\/\/www.lraloeverashop.eu\/de\/","logo":{"@type":"ImageObject","inLanguage":"de","@id":"https:\/\/www.lraloeverashop.eu\/de\/#\/schema\/logo\/image\/","url":"https:\/\/www.lraloeverashop.eu\/wp-content\/uploads\/2022\/09\/cropped-Lr-Aloe-Vera-Shop.jpg","contentUrl":"https:\/\/www.lraloeverashop.eu\/wp-content\/uploads\/2022\/09\/cropped-Lr-Aloe-Vera-Shop.jpg","width":228,"height":76,"caption":"Lr Aloe Vera Shop"},"image":{"@id":"https:\/\/www.lraloeverashop.eu\/de\/#\/schema\/logo\/image\/"},"sameAs":["https:\/\/www.facebook.com\/lraloeverashop.eu","https:\/\/x.com\/natur__kosmetik","https:\/\/www.youtube.com\/channel\/UC5oN7BJ8nfYb8RpVtjwDEBA","https:\/\/www.instagram.com\/lrbeautyeu\/"],"description":"LR Aloe Vera Shop ist Ihre vertrauensw\u00fcrdige Adresse f\u00fcr hochwertige LR Health & Beauty Produkte aus Deutschland. Wir bieten Ihnen erstklassige Aloe Vera Hautpflege, N\u00e4hrstoffe und Anti-Aging-Produkte mit reinen Inhaltsstoffen, die auf wissenschaftlichen Erkenntnissen basieren. Entdecken Sie nat\u00fcrliche Pflege, die Ihre Haut regeneriert, sch\u00fctzt und revitalisiert \u2013 und profitieren Sie von exklusiven Monatsangeboten auf unsere Bestseller von LR Aloe Vera. Starten Sie noch heute Ihre Reise zu nat\u00fcrlicher Hautpflege und sp\u00fcren Sie den Unterschied.","email":"info@lraloeverashop.eu","telephone":"+49 17670609653","legalName":"Lr Aloe Vera Shop","foundingDate":"2018-04-21","numberOfEmployees":{"@type":"QuantitativeValue","minValue":"1","maxValue":"10"}}]},"product_price_amount":"172.99","product_price_currency":"EUR","og_availability":"instock","product_availability":"instock","product_retailer_item_id":"81140-1DE","product_condition":"new"},"taxonomy_info":{"product_cat":[{"value":477,"label":"Beauty-Shot"},{"value":471,"label":"Sch\u00f6nheit von innen"},{"value":465,"label":"Spezialisten"},{"value":411,"label":"Spezielle Produkte"}]},"featured_image_src_large":["https:\/\/www.lraloeverashop.eu\/wp-content\/uploads\/2026\/04\/Lr-Natural-Beauty-Elixir-Drink-1024x1024.jpeg",1024,1024,true],"author_info":[],"comment_info":0,"_links":{"self":[{"href":"https:\/\/www.lraloeverashop.eu\/de\/wp-json\/wp\/v2\/product\/9324","targetHints":{"allow":["GET"]}}],"collection":[{"href":"https:\/\/www.lraloeverashop.eu\/de\/wp-json\/wp\/v2\/product"}],"about":[{"href":"https:\/\/www.lraloeverashop.eu\/de\/wp-json\/wp\/v2\/types\/product"}],"replies":[{"embeddable":true,"href":"https:\/\/www.lraloeverashop.eu\/de\/wp-json\/wp\/v2\/comments?post=9324"}],"wp:featuredmedia":[{"embeddable":true,"href":"https:\/\/www.lraloeverashop.eu\/de\/wp-json\/wp\/v2\/media\/30444"}],"wp:attachment":[{"href":"https:\/\/www.lraloeverashop.eu\/de\/wp-json\/wp\/v2\/media?parent=9324"}],"wp:term":[{"taxonomy":"product_brand","embeddable":true,"href":"https:\/\/www.lraloeverashop.eu\/de\/wp-json\/wp\/v2\/product_brand?post=9324"},{"taxonomy":"product_cat","embeddable":true,"href":"https:\/\/www.lraloeverashop.eu\/de\/wp-json\/wp\/v2\/product_cat?post=9324"},{"taxonomy":"product_tag","embeddable":true,"href":"https:\/\/www.lraloeverashop.eu\/de\/wp-json\/wp\/v2\/product_tag?post=9324"}],"curies":[{"name":"wp","href":"https:\/\/api.w.org\/{rel}","templated":true}]}}