{"id":9309,"date":"2022-10-15T13:28:56","date_gmt":"2022-10-15T11:28:56","guid":{"rendered":"https:\/\/www.lraloeverashop.eu\/product\/lr-beauty-elixir-3er-set\/"},"modified":"2026-02-03T18:38:00","modified_gmt":"2026-02-03T17:38:00","slug":"lr-beauty-elixir-3er-set","status":"publish","type":"product","link":"https:\/\/www.lraloeverashop.eu\/de\/produkt\/lr-beauty-elixir-3er-set\/","title":{"rendered":"Lr Beauty Elixir 3er Set"},"content":{"rendered":"<h2><span style=\"font-size: 16pt;\"><strong>Lr Beauty Elixir 3er Set<\/strong><\/span><\/h2>\n<p><span style=\"font-size: 14pt;\"><strong>Lr Beauty Elixir 3er Set F\u00fcr jugendliches Aussehen mit weniger Falten<\/strong><\/span><\/p>\n<p>Das revolution\u00e4re 5in1 Elixir 3er Set erf\u00fcllt alle 5 Beauty-W\u00fcnsche auf einmal!<span style=\"font-size: 14px;\"><sup>1-4<\/sup><\/span> Mit nur einem Shot t\u00e4glich aktiviert ein einzigartiger Doppel-Komplex tiefenwirksam die <a href=\"https:\/\/www.lraloeverashop.eu\/de\/produkt\/lr-beauty-elixir\/\">Beauty-Prozesse<\/a> im K\u00f6rper und sch\u00fctzt pr\u00e4ventiv vor den Hauptursachen der Alterung \u2013 f\u00fcr jugendliche Sch\u00f6nheit von Kopf bis Fu\u00df in jedem Alter<span style=\"font-size: 14px;\"><sup>1-4<\/sup><\/span>.<\/p>\n<p>&nbsp;<\/p>\n<h3><span style=\"font-size: 16pt;\"><strong>1.<\/strong> <strong>Lr Beauty Elixir 3er Set F\u00fcr Jugendliches Aussehen Mit Weniger Falten<\/strong><\/span><\/h3>\n<p>&#8211; Faltenreduktion durch Vitamin C1 und tiefenwirksame Kollagen-Peptide<span style=\"font-size: 14px;\"><sup>6<\/sup><\/span><br \/>\n&#8211; 15% mehr Hautelastizit\u00e4t durch effektive Kollagen-Peptide<span style=\"font-size: 14px;\"><sup>7<\/sup><\/span><br \/>\n&#8211; <a href=\"https:\/\/www.lraloeverashop.eu\/de\/produkt\/aloe-vera-gel-sivera\/\">Aloe Vera Gel<\/a>, Blutorangen-, Rosenwurz- und Gr\u00fcntee-Extrakt sch\u00fctzen vor den Hauptursachen der Alterung, wie z. B. UV-Strahlung<\/p>\n<p>&nbsp;<\/p>\n<h4><span style=\"font-size: 16pt;\"><strong>2<\/strong>. <strong>A Reines Gesundes Hautbild Ohne Irritationen<\/strong><\/span><\/h4>\n<p>&#8211; Lr Beauty Elixir 3er Set Schutz vor externen Umwelteinfl\u00fcssen durch Blaubeer- Extrakt und Vitamin E5<br \/>\n&#8211; Verbesserte Hautfunktion und -pigmentierung mit den hoch-konzentrierten Vitaminen A, Riboflavin, Niacin, Biotin, C sowie Zink als essenzielles Spurenelement<span style=\"font-size: 14px;\"><sup>1<\/sup><\/span><\/p>\n<p>&nbsp;<\/p>\n<h2><span style=\"font-size: 16pt;\"><strong>3. A Straffer K\u00f6rper Mit Weniger Cellulite<\/strong><\/span><\/h2>\n<p>&#8211; Kollagen-Peptide steigern die Hautdichte und reduzieren Cellulite nachweislich<span style=\"font-size: 14px;\"><sup>8<\/sup><\/span><br \/>\n&#8211; Kupfer<span style=\"font-size: 14px;\"><sup>2<\/sup><\/span> und Aloe Vera-Gel st\u00e4rken das Bindegewebe<\/p>\n<p>&nbsp;<\/p>\n<h3><span style=\"font-size: 16pt;\"><strong>4. Kraftvolles, Gl\u00e4nzendes Haar<\/strong><\/span><\/h3>\n<p>&#8211; Biotin st\u00e4rkt die Haare und baut sie von innen auf<span style=\"font-size: 14px;\"><sup>3<\/sup><\/span><br \/>\n&#8211; Kupfer sorgt f\u00fcr eine normale Haarpigmentierung und verleiht gesunden Glanz<span style=\"font-size: 14px;\"><sup>3<\/sup><\/span><\/p>\n<p>&nbsp;<\/p>\n<h4><span style=\"font-size: 16pt;\"><strong>5. Starke, Gesunde N\u00e4gel<\/strong><\/span><\/h4>\n<p>&#8211; Kollagen-Peptide in Lr Beauty Elixir 3er Set beschleunigen das Nagelwachstum nachweislich. Nagelsch\u00e4den werden um bis zu 42 % reduziert<span style=\"font-size: 14px;\"><sup>9<\/sup><\/span><br \/>\n&#8211; Zink st\u00e4rkt die N\u00e4gel<span style=\"font-size: 14px;\"><sup>4<\/sup><\/span><\/p>\n<h2><\/h2>\n<div class=\"entry-content-asset videofit\"><iframe loading=\"lazy\" title=\"Lr Beauty Elixir - Jugendliche Sch\u00f6nheit von Kopf bis Fu\u00df\" width=\"720\" height=\"405\" src=\"https:\/\/www.youtube.com\/embed\/SreeGloOOXw?feature=oembed\" frameborder=\"0\" allow=\"accelerometer; autoplay; clipboard-write; encrypted-media; gyroscope; picture-in-picture; web-share\" referrerpolicy=\"strict-origin-when-cross-origin\" allowfullscreen><\/iframe><\/div>\n<p>&nbsp;<\/p>\n<p><span style=\"font-size: 16pt;\"><strong>Einzigartig auf dem Markt: Doppel-Komplex<\/strong><\/span><\/p>\n<p><strong><span style=\"font-size: 16pt;\">Complex Active<\/span><\/strong><\/p>\n<p>Der Aktiv-Komplex aktiviert die Beauty-Prozesse und bek\u00e4mpft Alterserscheinungen<span style=\"font-size: 14px;\"><sup>1-5<\/sup>.<\/span> Er vereint die bekanntesten, wichtigsten Beauty-Inhaltsstoffe in h\u00f6chster Konzentration:<\/p>\n<p>&#8211; 2,5 g Kollagen-Peptide<br \/>\n&#8211; 50 mg Hyalurons\u00e4ure<br \/>\n&#8211; mit Kupfer und Zink<br \/>\n&#8211; Lr Beauty Elixir 3er Set mit 9 hochkonzentrierte Vitamine: 100% Vitamin E, Thiamin, Riboflavin, Niacin, B6, Biotin, B12, Vitamin C pro Tagesration* und 75% Vitamin A pro Tagesration*<\/p>\n<p>&nbsp;<\/p>\n<p><strong><span style=\"font-size: 16pt;\">Complex Preventive<\/span><\/strong><\/p>\n<p>Der Pr\u00e4ventiv-Komplex sch\u00fctzt von innen heraus vor Umwelteinfl\u00fcssen und beugt Alters-erscheinungen vor. Er vereint die wichtigsten Inhaltsstoffe mit der Kraft der Natur:<\/p>\n<p>&#8211; 20 % Aloe Vera-Gel<br \/>\n&#8211; Blutorangen-Extrakt<br \/>\n&#8211; Blaubeer-Extrakt<br \/>\n&#8211; Rosenwurz-Extrakt<br \/>\n&#8211; Gr\u00fcntee-Extrakt<\/p>\n<p>&nbsp;<\/p>\n<h3><span style=\"font-size: 16pt;\">Anwendung<\/span><\/h3>\n<p>Eine Trinkampulle von Lr Beauty Elixir 3er Set t\u00e4glich. Bitte vor Gebrauch sch\u00fctteln.<br \/>\nHinweise: Die angegebene empfohlene t\u00e4gliche Verzehrmenge darf nicht \u00fcberschritten werden. Nahrungserg\u00e4nzungsmittel sind kein Ersatz f\u00fcr eine abwechslungsreiche und ausgewogene Ern\u00e4hrung und eine gesunde Lebensweise. Produkt au\u00dferhalb der Reichweite von kleinen Kindern aufbewahren. Enth\u00e4lt Koffein. F\u00fcr Kinder und schwangere Frauen nicht empfohlen (Koffeingehalt 0,8 mg je 25 ml). Lagerhinweis: Vor direkter Sonneneinstrahlung sch\u00fctzen. Trocken und bei Raumtemperatur lagern.<\/p>\n<p>&nbsp;<\/p>\n<p><span style=\"font-size: 14px;\"><sup>1<\/sup><\/span>\u00a0Biotin, Zink, Vitamin A, Riboflavin und Niacin tragen zur Erhaltung normaler Haut bei. Kupfer tr\u00e4gt zur Erhaltung einer normalen Hautpigmentierung bei. <a href=\"https:\/\/www.lraloeverashop.eu\/de\/produkt\/vita-active-rote-fruechte\/\">Vitamin C<\/a> tr\u00e4gt zu einer normalen Kollagenbildung f\u00fcr eine normale Funktion der Haut bei.<br \/>\n<span style=\"font-size: 14px;\"><sup>2<\/sup><\/span>\u00a0Kupfer tr\u00e4gt zur Erhaltung von normalem Bindegewebe bei.<br \/>\n<span style=\"font-size: 14px;\"><sup>3<\/sup><\/span>\u00a0Biotin und Zink tragen zur Erhaltung normaler Haare bei. Kupfer tr\u00e4gt zur Erhaltung einer normalen Haarpigmentierung bei.<br \/>\n<span style=\"font-size: 14px;\"><sup>4<\/sup><\/span>\u00a0Zink tr\u00e4gt zur Erhaltung normaler N\u00e4gel bei.<br \/>\n<span style=\"font-size: 14px;\"><sup>5<\/sup><\/span> Vitamin E in Lr Beauty Elixir 3er Set tr\u00e4gt dazu bei, die Zellen vor <a href=\"https:\/\/www.lraloeverashop.eu\/de\/produkt\/colostrum-kapseln-set\/\">oxidativem Stress<\/a> zu sch\u00fctzen. Thiamin tr\u00e4gt zu einem normalen Energiestoffwechsel bei. Vitamin B6 und B12 tragen zur Verringerung von M\u00fcdigkeit und Erm\u00fcdung bei.<br \/>\n<span style=\"font-size: 14px;\"><sup>6<\/sup><\/span>\u00a0Proksch et al., 2014, Skin Pharmacol Physiol; 27:113-119. Signifikante Faltenreduktion und gestiegene Kollagenkonzentration in der Haut nach 4 Wochen der Anwendung. Gemessen an 100 Frauen zwischen 45 und 65 Jahren.<br \/>\n<span style=\"font-size: 14px;\"><sup>7<\/sup><\/span>\u00a0Proksch et al., 2014, Skin Pharmacol Physiol; 27:47-55. 15% mehr Hautelastizit\u00e4t nach 4 Wochen der Anwendung. Gemessen an 69 Frauen im Alter zwischen 35 und 55 Jahren.<br \/>\n<span style=\"font-size: 14px;\"><sup>8<\/sup><\/span>\u00a0Schunck et al., 2015, Journal of Medicinal Food; 18 (12): 1340-1348. Signifikante <a href=\"https:\/\/www.lraloeverashop.eu\/de\/produkt\/zeitgard-pro-korpermassage\/\">Reduktion von Cellulite<\/a> nach bereits 3 Monaten und signifikante Erh\u00f6hung der Hautdichte nach 6 Monaten der Anwendung. Gemessen an 105 Frauen im Alter zwischen 25 und 50 Jahren.<br \/>\n<span style=\"font-size: 14px;\"><sup>9<\/sup><\/span>\u00a0Hexsel et al., 2017, Journal of Cosmetic Dermatology; <span style=\"font-size: 14px;\"><sup>1-7<\/sup><\/span>.<br \/>\nSignifikante Reduktion von Nagelsch\u00e4den nach 2 Monaten der Anwendung und Steigerung des Nagelwachstums nach 3 Monaten der Anwendung. Gemessen an 25 Frauen im Alter zwischen 18 und 50 Jahren.<\/p>\n<p>*Der Referenzmenge f\u00fcr die t\u00e4gliche Zufuhr.<\/p>\n<p>&nbsp;<\/p>\n","protected":false},"excerpt":{"rendered":"<ul>\n<li>Innovation!<\/li>\n<li>Einzigartiges Sch\u00f6nheits-Elixier mit Doppelkomplex<\/li>\n<li>F\u00fcr deine 5 Beauty-W\u00fcnsche: Jugendliches Aussehen, reine Haut, straffer K\u00f6rper, kraftvolles Haar und starke N\u00e4gel<span style=\"font-size: 14px;\"><sup>1-4<\/sup><\/span><\/li>\n<li>Wirkt aktiv und pr\u00e4ventiv<\/li>\n<li>Ohne S\u00fc\u00dfungsmittel, k\u00fcnstliche Farbstoffe, Laktose oder Gluten<\/li>\n<li>3 x 30 x 25 ml Trinkampullen<\/li>\n<\/ul>\n<p><span style=\"color: #ff0000;\"><a style=\"color: #ff0000;\" href=\"https:\/\/shop.lrworld.com\/openpao?PHP=0vFlt7jT938BEnBI3a6e9w%3D%3D\"><span style=\"font-size: 14pt;\"><strong>Hier registrieren und dauerhaft 35\u202f% sparen<\/strong><\/span><\/a><\/span><\/p>\n","protected":false},"featured_media":5713,"comment_status":"open","ping_status":"closed","template":"","meta":{"_kad_blocks_custom_css":"","_kad_blocks_head_custom_js":"","_kad_blocks_body_custom_js":"","_kad_blocks_footer_custom_js":"","_kadence_starter_templates_imported_post":false,"_kad_post_transparent":"default","_kad_post_title":"","_kad_post_layout":"default","_kad_post_sidebar_id":"","_kad_post_content_style":"default","_kad_post_vertical_padding":"default","_kad_post_feature":"","_kad_post_feature_position":"","_kad_post_header":false,"_kad_post_footer":false,"_kad_post_classname":""},"product_brand":[],"product_cat":[477,471,462,465,411],"product_tag":[],"class_list":{"0":"post-9309","1":"product","2":"type-product","3":"status-publish","4":"has-post-thumbnail","6":"product_cat-beauty-shot-de","7":"product_cat-schonheit-von-innen","8":"product_cat-sparen-im-set","9":"product_cat-spezial-ernahrung","10":"product_cat-spezielle-produkte","12":"first","13":"outofstock","14":"taxable","15":"shipping-taxable","16":"purchasable","17":"product-type-simple","18":"entry","19":"content-bg","20":"loop-entry"},"yoast_head":"<!-- This site is optimized with the Yoast SEO Premium plugin v27.3 (Yoast SEO v27.3) - https:\/\/yoast.com\/product\/yoast-seo-premium-wordpress\/ -->\n<title>Lr Beauty Elixir 3er Set F\u00fcr deine 5 Beauty-W\u00fcnsche<\/title>\n<meta name=\"description\" content=\"Lr Beauty Elixir 3er Set Jugendliches Aussehen von Kopf bis Fu\u00df in jedem Alter. Reine Haut, straffer K\u00f6rper, kraftvolles Haar und starke N\u00e4gel.\" \/>\n<meta name=\"robots\" content=\"index, follow, max-snippet:-1, max-image-preview:large, max-video-preview:-1\" \/>\n<link rel=\"canonical\" href=\"https:\/\/www.lraloeverashop.eu\/de\/produkt\/lr-beauty-elixir-3er-set\/\" \/>\n<meta property=\"og:locale\" content=\"de_DE\" \/>\n<meta property=\"og:type\" content=\"article\" \/>\n<meta property=\"og:title\" content=\"Lr Beauty Elixir 3er Set\" \/>\n<meta property=\"og:description\" content=\"Lr Beauty Elixir 3er Set Jugendliches Aussehen von Kopf bis Fu\u00df in jedem Alter. Reine Haut, straffer K\u00f6rper, kraftvolles Haar und starke N\u00e4gel.\" \/>\n<meta property=\"og:url\" content=\"https:\/\/www.lraloeverashop.eu\/de\/produkt\/lr-beauty-elixir-3er-set\/\" \/>\n<meta property=\"og:site_name\" content=\"Lr Aloe Vera Shop\" \/>\n<meta property=\"article:publisher\" content=\"https:\/\/www.facebook.com\/lraloeverashop.eu\" \/>\n<meta property=\"article:modified_time\" content=\"2026-02-03T17:38:00+00:00\" \/>\n<meta property=\"og:image\" content=\"https:\/\/www.lraloeverashop.eu\/wp-content\/uploads\/2022\/10\/Natural-Beauty-Elixir-3-pack.jpg\" \/>\n\t<meta property=\"og:image:width\" content=\"1200\" \/>\n\t<meta property=\"og:image:height\" content=\"1200\" \/>\n\t<meta property=\"og:image:type\" content=\"image\/jpeg\" \/>\n<meta name=\"twitter:card\" content=\"summary_large_image\" \/>\n<meta name=\"twitter:site\" content=\"@natur__kosmetik\" \/>\n<script type=\"application\/ld+json\" class=\"yoast-schema-graph\">{\"@context\":\"https:\\\/\\\/schema.org\",\"@graph\":[{\"@type\":[\"WebPage\",\"ItemPage\"],\"@id\":\"https:\\\/\\\/www.lraloeverashop.eu\\\/de\\\/produkt\\\/lr-beauty-elixir-3er-set\\\/\",\"url\":\"https:\\\/\\\/www.lraloeverashop.eu\\\/de\\\/produkt\\\/lr-beauty-elixir-3er-set\\\/\",\"name\":\"Lr Beauty Elixir 3er Set F\u00fcr deine 5 Beauty-W\u00fcnsche\",\"isPartOf\":{\"@id\":\"https:\\\/\\\/www.lraloeverashop.eu\\\/de\\\/#website\"},\"primaryImageOfPage\":{\"@id\":\"https:\\\/\\\/www.lraloeverashop.eu\\\/de\\\/produkt\\\/lr-beauty-elixir-3er-set\\\/#primaryimage\"},\"image\":{\"@id\":\"https:\\\/\\\/www.lraloeverashop.eu\\\/de\\\/produkt\\\/lr-beauty-elixir-3er-set\\\/#primaryimage\"},\"thumbnailUrl\":\"https:\\\/\\\/www.lraloeverashop.eu\\\/wp-content\\\/uploads\\\/2022\\\/10\\\/Natural-Beauty-Elixir-3-pack.jpg\",\"datePublished\":\"2022-10-15T11:28:56+00:00\",\"dateModified\":\"2026-02-03T17:38:00+00:00\",\"description\":\"Lr Beauty Elixir 3er Set Jugendliches Aussehen von Kopf bis Fu\u00df in jedem Alter. Reine Haut, straffer K\u00f6rper, kraftvolles Haar und starke N\u00e4gel.\",\"breadcrumb\":{\"@id\":\"https:\\\/\\\/www.lraloeverashop.eu\\\/de\\\/produkt\\\/lr-beauty-elixir-3er-set\\\/#breadcrumb\"},\"inLanguage\":\"de\",\"potentialAction\":[{\"@type\":\"ReadAction\",\"target\":[\"https:\\\/\\\/www.lraloeverashop.eu\\\/de\\\/produkt\\\/lr-beauty-elixir-3er-set\\\/\"]}]},{\"@type\":\"ImageObject\",\"inLanguage\":\"de\",\"@id\":\"https:\\\/\\\/www.lraloeverashop.eu\\\/de\\\/produkt\\\/lr-beauty-elixir-3er-set\\\/#primaryimage\",\"url\":\"https:\\\/\\\/www.lraloeverashop.eu\\\/wp-content\\\/uploads\\\/2022\\\/10\\\/Natural-Beauty-Elixir-3-pack.jpg\",\"contentUrl\":\"https:\\\/\\\/www.lraloeverashop.eu\\\/wp-content\\\/uploads\\\/2022\\\/10\\\/Natural-Beauty-Elixir-3-pack.jpg\",\"width\":1200,\"height\":1200,\"caption\":\"Nat\u00fcrliches Lr Beauty Elixir 3er Set aktiviert die Sch\u00f6nheitsprozesse des K\u00f6rpers\"},{\"@type\":\"BreadcrumbList\",\"@id\":\"https:\\\/\\\/www.lraloeverashop.eu\\\/de\\\/produkt\\\/lr-beauty-elixir-3er-set\\\/#breadcrumb\",\"itemListElement\":[{\"@type\":\"ListItem\",\"position\":1,\"name\":\"Home\",\"item\":\"https:\\\/\\\/www.lraloeverashop.eu\\\/de\\\/\"},{\"@type\":\"ListItem\",\"position\":2,\"name\":\"Shop\",\"item\":\"https:\\\/\\\/www.lraloeverashop.eu\\\/de\\\/shop-2\\\/\"},{\"@type\":\"ListItem\",\"position\":3,\"name\":\"Lr Beauty Elixir 3er Set\"}]},{\"@type\":\"WebSite\",\"@id\":\"https:\\\/\\\/www.lraloeverashop.eu\\\/de\\\/#website\",\"url\":\"https:\\\/\\\/www.lraloeverashop.eu\\\/de\\\/\",\"name\":\"Lr Aloe Vera Shop\",\"description\":\"High Quality Lr Aloe Vera Gel, Aloe Vera Cream and Shampoo\",\"publisher\":{\"@id\":\"https:\\\/\\\/www.lraloeverashop.eu\\\/de\\\/#organization\"},\"potentialAction\":[{\"@type\":\"SearchAction\",\"target\":{\"@type\":\"EntryPoint\",\"urlTemplate\":\"https:\\\/\\\/www.lraloeverashop.eu\\\/de\\\/?s={search_term_string}\"},\"query-input\":{\"@type\":\"PropertyValueSpecification\",\"valueRequired\":true,\"valueName\":\"search_term_string\"}}],\"inLanguage\":\"de\"},{\"@type\":\"Organization\",\"@id\":\"https:\\\/\\\/www.lraloeverashop.eu\\\/de\\\/#organization\",\"name\":\"Lr Aloe Vera Shop\",\"alternateName\":\"LR\",\"url\":\"https:\\\/\\\/www.lraloeverashop.eu\\\/de\\\/\",\"logo\":{\"@type\":\"ImageObject\",\"inLanguage\":\"de\",\"@id\":\"https:\\\/\\\/www.lraloeverashop.eu\\\/de\\\/#\\\/schema\\\/logo\\\/image\\\/\",\"url\":\"https:\\\/\\\/www.lraloeverashop.eu\\\/wp-content\\\/uploads\\\/2022\\\/09\\\/cropped-Lr-Aloe-Vera-Shop.jpg\",\"contentUrl\":\"https:\\\/\\\/www.lraloeverashop.eu\\\/wp-content\\\/uploads\\\/2022\\\/09\\\/cropped-Lr-Aloe-Vera-Shop.jpg\",\"width\":228,\"height\":76,\"caption\":\"Lr Aloe Vera Shop\"},\"image\":{\"@id\":\"https:\\\/\\\/www.lraloeverashop.eu\\\/de\\\/#\\\/schema\\\/logo\\\/image\\\/\"},\"sameAs\":[\"https:\\\/\\\/www.facebook.com\\\/lraloeverashop.eu\",\"https:\\\/\\\/x.com\\\/natur__kosmetik\",\"https:\\\/\\\/www.youtube.com\\\/channel\\\/UC5oN7BJ8nfYb8RpVtjwDEBA\",\"https:\\\/\\\/www.instagram.com\\\/lrbeautyeu\\\/\"]}]}<\/script>\n<meta property=\"product:price:amount\" content=\"440.79\" \/>\n<meta property=\"product:price:currency\" content=\"EUR\" \/>\n<meta property=\"og:availability\" content=\"out of stock\" \/>\n<meta property=\"product:availability\" content=\"out of stock\" \/>\n<meta property=\"product:retailer_item_id\" content=\"81033-1DE\" \/>\n<meta property=\"product:condition\" content=\"new\" \/>\n<!-- \/ Yoast SEO Premium plugin. -->","yoast_head_json":{"title":"Lr Beauty Elixir 3er Set F\u00fcr deine 5 Beauty-W\u00fcnsche","description":"Lr Beauty Elixir 3er Set Jugendliches Aussehen von Kopf bis Fu\u00df in jedem Alter. Reine Haut, straffer K\u00f6rper, kraftvolles Haar und starke N\u00e4gel.","robots":{"index":"index","follow":"follow","max-snippet":"max-snippet:-1","max-image-preview":"max-image-preview:large","max-video-preview":"max-video-preview:-1"},"canonical":"https:\/\/www.lraloeverashop.eu\/de\/produkt\/lr-beauty-elixir-3er-set\/","og_locale":"de_DE","og_type":"article","og_title":"Lr Beauty Elixir 3er Set","og_description":"Lr Beauty Elixir 3er Set Jugendliches Aussehen von Kopf bis Fu\u00df in jedem Alter. Reine Haut, straffer K\u00f6rper, kraftvolles Haar und starke N\u00e4gel.","og_url":"https:\/\/www.lraloeverashop.eu\/de\/produkt\/lr-beauty-elixir-3er-set\/","og_site_name":"Lr Aloe Vera Shop","article_publisher":"https:\/\/www.facebook.com\/lraloeverashop.eu","article_modified_time":"2026-02-03T17:38:00+00:00","og_image":[{"width":1200,"height":1200,"url":"https:\/\/www.lraloeverashop.eu\/wp-content\/uploads\/2022\/10\/Natural-Beauty-Elixir-3-pack.jpg","type":"image\/jpeg"}],"twitter_card":"summary_large_image","twitter_site":"@natur__kosmetik","schema":{"@context":"https:\/\/schema.org","@graph":[{"@type":["WebPage","ItemPage"],"@id":"https:\/\/www.lraloeverashop.eu\/de\/produkt\/lr-beauty-elixir-3er-set\/","url":"https:\/\/www.lraloeverashop.eu\/de\/produkt\/lr-beauty-elixir-3er-set\/","name":"Lr Beauty Elixir 3er Set F\u00fcr deine 5 Beauty-W\u00fcnsche","isPartOf":{"@id":"https:\/\/www.lraloeverashop.eu\/de\/#website"},"primaryImageOfPage":{"@id":"https:\/\/www.lraloeverashop.eu\/de\/produkt\/lr-beauty-elixir-3er-set\/#primaryimage"},"image":{"@id":"https:\/\/www.lraloeverashop.eu\/de\/produkt\/lr-beauty-elixir-3er-set\/#primaryimage"},"thumbnailUrl":"https:\/\/www.lraloeverashop.eu\/wp-content\/uploads\/2022\/10\/Natural-Beauty-Elixir-3-pack.jpg","datePublished":"2022-10-15T11:28:56+00:00","dateModified":"2026-02-03T17:38:00+00:00","description":"Lr Beauty Elixir 3er Set Jugendliches Aussehen von Kopf bis Fu\u00df in jedem Alter. Reine Haut, straffer K\u00f6rper, kraftvolles Haar und starke N\u00e4gel.","breadcrumb":{"@id":"https:\/\/www.lraloeverashop.eu\/de\/produkt\/lr-beauty-elixir-3er-set\/#breadcrumb"},"inLanguage":"de","potentialAction":[{"@type":"ReadAction","target":["https:\/\/www.lraloeverashop.eu\/de\/produkt\/lr-beauty-elixir-3er-set\/"]}]},{"@type":"ImageObject","inLanguage":"de","@id":"https:\/\/www.lraloeverashop.eu\/de\/produkt\/lr-beauty-elixir-3er-set\/#primaryimage","url":"https:\/\/www.lraloeverashop.eu\/wp-content\/uploads\/2022\/10\/Natural-Beauty-Elixir-3-pack.jpg","contentUrl":"https:\/\/www.lraloeverashop.eu\/wp-content\/uploads\/2022\/10\/Natural-Beauty-Elixir-3-pack.jpg","width":1200,"height":1200,"caption":"Nat\u00fcrliches Lr Beauty Elixir 3er Set aktiviert die Sch\u00f6nheitsprozesse des K\u00f6rpers"},{"@type":"BreadcrumbList","@id":"https:\/\/www.lraloeverashop.eu\/de\/produkt\/lr-beauty-elixir-3er-set\/#breadcrumb","itemListElement":[{"@type":"ListItem","position":1,"name":"Home","item":"https:\/\/www.lraloeverashop.eu\/de\/"},{"@type":"ListItem","position":2,"name":"Shop","item":"https:\/\/www.lraloeverashop.eu\/de\/shop-2\/"},{"@type":"ListItem","position":3,"name":"Lr Beauty Elixir 3er Set"}]},{"@type":"WebSite","@id":"https:\/\/www.lraloeverashop.eu\/de\/#website","url":"https:\/\/www.lraloeverashop.eu\/de\/","name":"Lr Aloe Vera Shop","description":"High Quality Lr Aloe Vera Gel, Aloe Vera Cream and Shampoo","publisher":{"@id":"https:\/\/www.lraloeverashop.eu\/de\/#organization"},"potentialAction":[{"@type":"SearchAction","target":{"@type":"EntryPoint","urlTemplate":"https:\/\/www.lraloeverashop.eu\/de\/?s={search_term_string}"},"query-input":{"@type":"PropertyValueSpecification","valueRequired":true,"valueName":"search_term_string"}}],"inLanguage":"de"},{"@type":"Organization","@id":"https:\/\/www.lraloeverashop.eu\/de\/#organization","name":"Lr Aloe Vera Shop","alternateName":"LR","url":"https:\/\/www.lraloeverashop.eu\/de\/","logo":{"@type":"ImageObject","inLanguage":"de","@id":"https:\/\/www.lraloeverashop.eu\/de\/#\/schema\/logo\/image\/","url":"https:\/\/www.lraloeverashop.eu\/wp-content\/uploads\/2022\/09\/cropped-Lr-Aloe-Vera-Shop.jpg","contentUrl":"https:\/\/www.lraloeverashop.eu\/wp-content\/uploads\/2022\/09\/cropped-Lr-Aloe-Vera-Shop.jpg","width":228,"height":76,"caption":"Lr Aloe Vera Shop"},"image":{"@id":"https:\/\/www.lraloeverashop.eu\/de\/#\/schema\/logo\/image\/"},"sameAs":["https:\/\/www.facebook.com\/lraloeverashop.eu","https:\/\/x.com\/natur__kosmetik","https:\/\/www.youtube.com\/channel\/UC5oN7BJ8nfYb8RpVtjwDEBA","https:\/\/www.instagram.com\/lrbeautyeu\/"]}]},"product_price_amount":"440.79","product_price_currency":"EUR","og_availability":"out of stock","product_availability":"out of stock","product_retailer_item_id":"81033-1DE","product_condition":"new"},"taxonomy_info":{"product_cat":[{"value":477,"label":"Beauty-Shot"},{"value":471,"label":"Sch\u00f6nheit von innen"},{"value":462,"label":"Sparen im set"},{"value":465,"label":"Spezialisten"},{"value":411,"label":"Spezielle Produkte"}]},"featured_image_src_large":["https:\/\/www.lraloeverashop.eu\/wp-content\/uploads\/2022\/10\/Natural-Beauty-Elixir-3-pack-1024x1024.jpg",1024,1024,true],"author_info":[],"comment_info":0,"_links":{"self":[{"href":"https:\/\/www.lraloeverashop.eu\/de\/wp-json\/wp\/v2\/product\/9309","targetHints":{"allow":["GET"]}}],"collection":[{"href":"https:\/\/www.lraloeverashop.eu\/de\/wp-json\/wp\/v2\/product"}],"about":[{"href":"https:\/\/www.lraloeverashop.eu\/de\/wp-json\/wp\/v2\/types\/product"}],"replies":[{"embeddable":true,"href":"https:\/\/www.lraloeverashop.eu\/de\/wp-json\/wp\/v2\/comments?post=9309"}],"wp:featuredmedia":[{"embeddable":true,"href":"https:\/\/www.lraloeverashop.eu\/de\/wp-json\/wp\/v2\/media\/5713"}],"wp:attachment":[{"href":"https:\/\/www.lraloeverashop.eu\/de\/wp-json\/wp\/v2\/media?parent=9309"}],"wp:term":[{"taxonomy":"product_brand","embeddable":true,"href":"https:\/\/www.lraloeverashop.eu\/de\/wp-json\/wp\/v2\/product_brand?post=9309"},{"taxonomy":"product_cat","embeddable":true,"href":"https:\/\/www.lraloeverashop.eu\/de\/wp-json\/wp\/v2\/product_cat?post=9309"},{"taxonomy":"product_tag","embeddable":true,"href":"https:\/\/www.lraloeverashop.eu\/de\/wp-json\/wp\/v2\/product_tag?post=9309"}],"curies":[{"name":"wp","href":"https:\/\/api.w.org\/{rel}","templated":true}]}}