{"id":9296,"date":"2022-10-15T13:49:48","date_gmt":"2022-10-15T11:49:48","guid":{"rendered":"https:\/\/www.lraloeverashop.eu\/product\/5in1-mens-shot\/"},"modified":"2026-04-18T20:45:19","modified_gmt":"2026-04-18T18:45:19","slug":"5in1-mens-shot","status":"publish","type":"product","link":"https:\/\/www.lraloeverashop.eu\/de\/produkt\/5in1-mens-shot\/","title":{"rendered":"5in1 Men&#8217;s Shot"},"content":{"rendered":"<h2><strong><span style=\"font-size: 16pt;\">5in1 Men&#8217;s Shot<\/span><\/strong><\/h2>\n<p><span style=\"font-size: 14pt;\"><strong>5in1 Men&#8217;s Shot &#8211; alles in einem, was Ihr K\u00f6rper braucht<\/strong><\/span><\/p>\n<p>5in1 Men&#8217;s Shot enth\u00e4lt die geballte Kraft ausgew\u00e4hlter Wirkstoffe aus Natur und Wissenschaft, speziell abgestimmt auf die Bed\u00fcrfnisse des Mannes.<\/p>\n<p>Der Wirkkomplex aktiviert die f\u00fcnf Aufbauprozesse der reinen M\u00e4nnlichkeit im K\u00f6rper:<br \/>\nEine innovative Mischung aus potenten Inhaltsstoffen versorgt Sie mit so wichtigen Inhaltsstoffen wie Kollagen und L-Arginin.<\/p>\n<p>Mit f\u00fcnf effektiven Mineralboostern \u2013 Zink, Kupfer, Magnesium, Mangan und Selen \u2013 und 10 konzentrierten Vitaminen f\u00fcr:<\/p>\n<p><strong>1. PURE ENERGIE:<\/strong> Steigert deine Energie und unterst\u00fctzt deinen Energiestoffwechsel f\u00fcr <a href=\"https:\/\/www.lraloeverashop.eu\/de\/produkt\/mind-master-pulver-mit-guarana\/\">mehr Power<\/a> den ganzen Tag.<sup>1,2<\/sup><\/p>\n<p><strong>2. GESUNDE HAUT:<\/strong> St\u00e4rkt die Hautstruktur und <a href=\"https:\/\/www.lraloeverashop.eu\/de\/produkt\/platinum-anti-aging-creme\/\">beugt F\u00e4ltchen<\/a> vor mit wertvollen N\u00e4hrstoffen wie Biotin, Zink und Kupfer.<sup>3<\/sup><\/p>\n<p><strong>3. DICKES HAAR:<\/strong> Die effektiven Wirkstoffe gehen direkt von innen an die Haarwurzel und versorgen sie mit den n\u00f6tigen N\u00e4hrstoffen. Die Haarstruktur erscheint gen\u00e4hrt f\u00fcr mehr Glanz und Dicke.<sup>4<\/sup><\/p>\n<p><strong>4. ATTRAKTIVE MUSKELN:<\/strong> F\u00f6rdert die Proteinbildung und das Muskelwachstum.<sup>1,5<\/sup><\/p>\n<p><strong>5. STARKE POTENZ:<\/strong> F\u00f6rdert die nat\u00fcrliche Bildung von Testosteron und beeinflusst die M\u00e4nnlichkeit positiv.<sup>6<\/sup><\/p>\n<p><center><\/center>&nbsp;<\/p>\n<p>Der hochwirksame Doppelkomplex von Lr Lifetakt 5in1 Men&#8217;s Shot enth\u00e4lt alles, was ein Mann braucht: <a href=\"https:\/\/www.lraloeverashop.eu\/de\/produkt\/5in1-mens-shot-set\/\">Leistungsstarke Inhaltsstoffe<\/a> auf Basis von Wissenschaft und Natur.<\/p>\n<p>&nbsp;<\/p>\n<h3><strong><span style=\"font-size: 16pt;\">KOMPLEX Active im 5in1 Men&#8217;s Shot<\/span><\/strong><\/h3>\n<p>Aktiviert dank innovativer Wirkstoffkombination f\u00fcnf wichtige Prozesse des m\u00e4nnlichen K\u00f6rpers:<\/p>\n<p>\u2022 Kollagen und L-Arginin<br \/>\n\u2022 5 wirksame Mineralien wie Zink, Kupfer, Magnesium, Mangan und Selen<br \/>\n\u2022 10 Vitamine in hoher Konzentration<\/p>\n<p>&nbsp;<\/p>\n<h3><span style=\"font-size: 16pt;\">COMPLEX Preventive<\/span><\/h3>\n<p>Schutz und Vorbeugung durch eine hochwirksame Kombination nat\u00fcrlicher Inhaltsstoffe:<\/p>\n<p>\u2022 Extrakt aus schwarzem Pfeffer<br \/>\n\u2022 Koffein aus gr\u00fcnem Tee<br \/>\n\u2022 Schwarze Johannisbeere<br \/>\n\u2022 Blutorange<\/p>\n<p>&nbsp;<\/p>\n<p>LR hat ein weiteres tolles Produkt f\u00fcr M\u00e4nner entwickelt: LR LIFETAKT 5in1 Men\u2018s Shot. Der Stoffwechsel des m\u00e4nnlichen K\u00f6rpers hat seine eigenen Besonderheiten.<\/p>\n<p>Deshalb kombiniert 5in1 Men\u2019s Shot Inhaltsstoffe aus Wissenschaft und Natur, die auf die Bed\u00fcrfnisse von M\u00e4nnern ausgerichtet sind. Eine praktische und einfache L\u00f6sung, die sich leicht und dauerhaft in den Alltag integrieren l\u00e4sst.<\/p>\n<p>1. Thiamin, Vitamin B6, Vitamin B12 und Magnesium tragen zu einem normalen Energiestoffwechsel bei.<\/p>\n<p>2. Vitamin B6, Vitamin B12 und Magnesium tragen zur Verringerung von M\u00fcdigkeit und Erm\u00fcdung bei.<\/p>\n<p>3. Riboflavin, Vitamin A, Niacin, Biotin und Zink tragen zur Erhaltung normaler Haut bei. Vitamin C tr\u00e4gt zu einer normalen Kollagenbildung f\u00fcr eine normale Hautfunktion bei.<\/p>\n<p>4. Biotin und Zink tragen zur Erhaltung normaler <a href=\"https:\/\/www.lraloeverashop.eu\/de\/produkt\/aloe-vera-nutri-repair-haarshampoo\/\">Haare<\/a> bei. Vitamin E, Vitamin C, Selen und Zink tragen zum Schutz der Zellen vor oxidativem Stress bei. Kupfer tr\u00e4gt zur Erhaltung einer normalen Haarpigmentierung bei.<\/p>\n<p>5. Magnesium tr\u00e4gt zur Erhaltung normaler Muskeln bei. Vitamin D tr\u00e4gt zur Erhaltung einer normalen Muskelfunktion bei. Zink tr\u00e4gt zu einer normalen <a href=\"https:\/\/www.lraloeverashop.eu\/de\/produkt\/protein-power-getraenkepulver-vanille\/\">Proteinsynthese<\/a> bei.<\/p>\n<p>6. Zink tr\u00e4gt zur Aufrechterhaltung eines normalen Testosteronspiegels im Blut bei. Selen tr\u00e4gt zu einer normalen Spermienbildung bei. Zink tr\u00e4gt zu einer normalen Fruchtbarkeit und einer normalen Fortpflanzung bei.<\/p>\n<p>&nbsp;<\/p>\n<h4><strong><span style=\"font-size: 16pt;\">So verwenden Sie das 5in1 Men&#8217;s Shot<\/span><\/strong><\/h4>\n<p>Eine Ampulle von 5in1 Men&#8217;s Shot Box pro Tag. Bitte vor Gebrauch sch\u00fctteln. Die empfohlene Tagesdosis nicht \u00fcberschreiten. Nahrungserg\u00e4nzungsmittel sind kein Ersatz f\u00fcr eine abwechslungsreiche und ausgewogene Ern\u00e4hrung sowie eine gesunde Lebensweise. Bewahren Sie das Produkt au\u00dferhalb der Reichweite von kleinen Kindern auf. Enth\u00e4lt Koffein. F\u00fcr Kinder und Schwangere nicht empfohlen (Koffeingehalt 7,5 mg pro 25 ml).<\/p>\n<p><strong>Aufbewahrungsempfehlung:<\/strong> Vor direkter Sonneneinstrahlung sch\u00fctzen. An einem trockenen Ort bei Raumtemperatur lagern.<\/p>\n<p>&nbsp;<\/p>\n","protected":false},"excerpt":{"rendered":"<ul>\n<li>Die neue All-in-One-L\u00f6sung mit doppeltem Komplex<\/li>\n<li>Deckt 5 Grundbed\u00fcrfnisse ab: mehr Energie, gesunde Haut, dichtes Haar, attraktive Muskeln und starke Potenz<\/li>\n<li>Aktiviert und bietet vorbeugenden Schutz<\/li>\n<li>Frei von Zucker, k\u00fcnstlichen Farbstoffen, Laktose und Gluten<\/li>\n<li>Enth\u00e4lt 30 Shots x 25 ml<\/li>\n<\/ul>\n<p><span style=\"color: #ff0000;\"><a style=\"color: #ff0000;\" href=\"https:\/\/shop.lrworld.com\/openpao?PHP=0vFlt7jT938BEnBI3a6e9w%3D%3D\"><span style=\"font-size: 14pt;\"><strong>Hier registrieren und dauerhaft 35\u202f% sparen<\/strong><\/span><\/a><\/span><\/p>\n","protected":false},"featured_media":30430,"comment_status":"open","ping_status":"closed","template":"","meta":{"_kad_blocks_custom_css":"","_kad_blocks_head_custom_js":"","_kad_blocks_body_custom_js":"","_kad_blocks_footer_custom_js":"","_kadence_starter_templates_imported_post":false,"_kad_post_transparent":"default","_kad_post_title":"","_kad_post_layout":"default","_kad_post_sidebar_id":"","_kad_post_content_style":"default","_kad_post_vertical_padding":"default","_kad_post_feature":"","_kad_post_feature_position":"","_kad_post_header":false,"_kad_post_footer":false,"_kad_post_classname":""},"product_brand":[],"product_cat":[477,471,465,411],"product_tag":[],"class_list":{"0":"post-9296","1":"product","2":"type-product","3":"status-publish","4":"has-post-thumbnail","6":"product_cat-beauty-shot-de","7":"product_cat-schonheit-von-innen","8":"product_cat-spezial-ernahrung","9":"product_cat-spezielle-produkte","11":"first","12":"instock","13":"taxable","14":"shipping-taxable","15":"purchasable","16":"product-type-simple","17":"entry","18":"content-bg","19":"loop-entry"},"yoast_head":"<!-- This site is optimized with the Yoast SEO Premium plugin v27.5 (Yoast SEO v27.5) - https:\/\/yoast.com\/product\/yoast-seo-premium-wordpress\/ -->\n<title>5in1 Men&#039;s Shot - alles in einem, was Ihr K\u00f6rper braucht<\/title>\n<meta name=\"description\" content=\"Lr Lifetakt 5in1 Men&#039;s Shot enth\u00e4lt alles, was ein Mann braucht: Leistungsstarke Inhaltsstoffe auf Basis von Wissenschaft und Natur. Laktose und Glutenfrei\" \/>\n<meta name=\"robots\" content=\"index, follow, max-snippet:-1, max-image-preview:large, max-video-preview:-1\" \/>\n<link rel=\"canonical\" href=\"https:\/\/www.lraloeverashop.eu\/de\/produkt\/5in1-mens-shot\/\" \/>\n<meta property=\"og:locale\" content=\"de_DE\" \/>\n<meta property=\"og:type\" content=\"article\" \/>\n<meta property=\"og:title\" content=\"5in1 Men&#039;s Shot\" \/>\n<meta property=\"og:description\" content=\"Lr Lifetakt 5in1 Men&#039;s Shot enth\u00e4lt alles, was ein Mann braucht: Leistungsstarke Inhaltsstoffe auf Basis von Wissenschaft und Natur. Laktose und Glutenfrei\" \/>\n<meta property=\"og:url\" content=\"https:\/\/www.lraloeverashop.eu\/de\/produkt\/5in1-mens-shot\/\" \/>\n<meta property=\"og:site_name\" content=\"Lr Aloe Vera Shop\" \/>\n<meta property=\"article:publisher\" content=\"https:\/\/www.facebook.com\/lraloeverashop.eu\" \/>\n<meta property=\"article:modified_time\" content=\"2026-04-18T18:45:19+00:00\" \/>\n<meta property=\"og:image\" content=\"https:\/\/www.lraloeverashop.eu\/wp-content\/uploads\/2026\/04\/Lr-5in1-Mens-Shot-with-collagen.jpeg\" \/>\n\t<meta property=\"og:image:width\" content=\"1200\" \/>\n\t<meta property=\"og:image:height\" content=\"1200\" \/>\n\t<meta property=\"og:image:type\" content=\"image\/jpeg\" \/>\n<meta name=\"twitter:card\" content=\"summary_large_image\" \/>\n<meta name=\"twitter:site\" content=\"@natur__kosmetik\" \/>\n<script type=\"application\/ld+json\" class=\"yoast-schema-graph\">{\"@context\":\"https:\\\/\\\/schema.org\",\"@graph\":[{\"@type\":[\"WebPage\",\"ItemPage\"],\"@id\":\"https:\\\/\\\/www.lraloeverashop.eu\\\/de\\\/produkt\\\/5in1-mens-shot\\\/\",\"url\":\"https:\\\/\\\/www.lraloeverashop.eu\\\/de\\\/produkt\\\/5in1-mens-shot\\\/\",\"name\":\"5in1 Men's Shot - alles in einem, was Ihr K\u00f6rper braucht\",\"isPartOf\":{\"@id\":\"https:\\\/\\\/www.lraloeverashop.eu\\\/de\\\/#website\"},\"primaryImageOfPage\":{\"@id\":\"https:\\\/\\\/www.lraloeverashop.eu\\\/de\\\/produkt\\\/5in1-mens-shot\\\/#primaryimage\"},\"image\":{\"@id\":\"https:\\\/\\\/www.lraloeverashop.eu\\\/de\\\/produkt\\\/5in1-mens-shot\\\/#primaryimage\"},\"thumbnailUrl\":\"https:\\\/\\\/www.lraloeverashop.eu\\\/wp-content\\\/uploads\\\/2026\\\/04\\\/Lr-5in1-Mens-Shot-with-collagen.jpeg\",\"datePublished\":\"2022-10-15T11:49:48+00:00\",\"dateModified\":\"2026-04-18T18:45:19+00:00\",\"description\":\"Lr Lifetakt 5in1 Men's Shot enth\u00e4lt alles, was ein Mann braucht: Leistungsstarke Inhaltsstoffe auf Basis von Wissenschaft und Natur. Laktose und Glutenfrei\",\"breadcrumb\":{\"@id\":\"https:\\\/\\\/www.lraloeverashop.eu\\\/de\\\/produkt\\\/5in1-mens-shot\\\/#breadcrumb\"},\"inLanguage\":\"de\",\"potentialAction\":[{\"@type\":\"ReadAction\",\"target\":[\"https:\\\/\\\/www.lraloeverashop.eu\\\/de\\\/produkt\\\/5in1-mens-shot\\\/\"]}]},{\"@type\":\"ImageObject\",\"inLanguage\":\"de\",\"@id\":\"https:\\\/\\\/www.lraloeverashop.eu\\\/de\\\/produkt\\\/5in1-mens-shot\\\/#primaryimage\",\"url\":\"https:\\\/\\\/www.lraloeverashop.eu\\\/wp-content\\\/uploads\\\/2026\\\/04\\\/Lr-5in1-Mens-Shot-with-collagen.jpeg\",\"contentUrl\":\"https:\\\/\\\/www.lraloeverashop.eu\\\/wp-content\\\/uploads\\\/2026\\\/04\\\/Lr-5in1-Mens-Shot-with-collagen.jpeg\",\"width\":1200,\"height\":1200,\"caption\":\"Lr 5in1 Men's Shot f\u00fcr pure energie, gesunde haut, dickes haar und atractive muskeln\"},{\"@type\":\"BreadcrumbList\",\"@id\":\"https:\\\/\\\/www.lraloeverashop.eu\\\/de\\\/produkt\\\/5in1-mens-shot\\\/#breadcrumb\",\"itemListElement\":[{\"@type\":\"ListItem\",\"position\":1,\"name\":\"Home\",\"item\":\"https:\\\/\\\/www.lraloeverashop.eu\\\/de\\\/\"},{\"@type\":\"ListItem\",\"position\":2,\"name\":\"Shop\",\"item\":\"https:\\\/\\\/www.lraloeverashop.eu\\\/de\\\/shop-2\\\/\"},{\"@type\":\"ListItem\",\"position\":3,\"name\":\"5in1 Men&#8217;s Shot\"}]},{\"@type\":\"WebSite\",\"@id\":\"https:\\\/\\\/www.lraloeverashop.eu\\\/de\\\/#website\",\"url\":\"https:\\\/\\\/www.lraloeverashop.eu\\\/de\\\/\",\"name\":\"Lr Aloe Vera Shop\",\"description\":\"High Quality Lr Aloe Vera Gel, Aloe Vera Cream and Shampoo\",\"publisher\":{\"@id\":\"https:\\\/\\\/www.lraloeverashop.eu\\\/de\\\/#organization\"},\"alternateName\":\"LR\",\"potentialAction\":[{\"@type\":\"SearchAction\",\"target\":{\"@type\":\"EntryPoint\",\"urlTemplate\":\"https:\\\/\\\/www.lraloeverashop.eu\\\/de\\\/?s={search_term_string}\"},\"query-input\":{\"@type\":\"PropertyValueSpecification\",\"valueRequired\":true,\"valueName\":\"search_term_string\"}}],\"inLanguage\":\"de\"},{\"@type\":\"Organization\",\"@id\":\"https:\\\/\\\/www.lraloeverashop.eu\\\/de\\\/#organization\",\"name\":\"Lr Aloe Vera Shop\",\"alternateName\":\"LR\",\"url\":\"https:\\\/\\\/www.lraloeverashop.eu\\\/de\\\/\",\"logo\":{\"@type\":\"ImageObject\",\"inLanguage\":\"de\",\"@id\":\"https:\\\/\\\/www.lraloeverashop.eu\\\/de\\\/#\\\/schema\\\/logo\\\/image\\\/\",\"url\":\"https:\\\/\\\/www.lraloeverashop.eu\\\/wp-content\\\/uploads\\\/2022\\\/09\\\/cropped-Lr-Aloe-Vera-Shop.jpg\",\"contentUrl\":\"https:\\\/\\\/www.lraloeverashop.eu\\\/wp-content\\\/uploads\\\/2022\\\/09\\\/cropped-Lr-Aloe-Vera-Shop.jpg\",\"width\":228,\"height\":76,\"caption\":\"Lr Aloe Vera Shop\"},\"image\":{\"@id\":\"https:\\\/\\\/www.lraloeverashop.eu\\\/de\\\/#\\\/schema\\\/logo\\\/image\\\/\"},\"sameAs\":[\"https:\\\/\\\/www.facebook.com\\\/lraloeverashop.eu\",\"https:\\\/\\\/x.com\\\/natur__kosmetik\",\"https:\\\/\\\/www.youtube.com\\\/channel\\\/UC5oN7BJ8nfYb8RpVtjwDEBA\",\"https:\\\/\\\/www.instagram.com\\\/lrbeautyeu\\\/\"],\"description\":\"LR Aloe Vera Shop ist Ihre vertrauensw\u00fcrdige Adresse f\u00fcr hochwertige LR Health & Beauty Produkte aus Deutschland. Wir bieten Ihnen erstklassige Aloe Vera Hautpflege, N\u00e4hrstoffe und Anti-Aging-Produkte mit reinen Inhaltsstoffen, die auf wissenschaftlichen Erkenntnissen basieren. Entdecken Sie nat\u00fcrliche Pflege, die Ihre Haut regeneriert, sch\u00fctzt und revitalisiert \u2013 und profitieren Sie von exklusiven Monatsangeboten auf unsere Bestseller von LR Aloe Vera. Starten Sie noch heute Ihre Reise zu nat\u00fcrlicher Hautpflege und sp\u00fcren Sie den Unterschied.\",\"email\":\"info@lraloeverashop.eu\",\"telephone\":\"+49 17670609653\",\"legalName\":\"Lr Aloe Vera Shop\",\"foundingDate\":\"2018-04-21\",\"numberOfEmployees\":{\"@type\":\"QuantitativeValue\",\"minValue\":\"1\",\"maxValue\":\"10\"}}]}<\/script>\n<meta property=\"product:price:amount\" content=\"172.99\" \/>\n<meta property=\"product:price:currency\" content=\"EUR\" \/>\n<meta property=\"og:availability\" content=\"instock\" \/>\n<meta property=\"product:availability\" content=\"instock\" \/>\n<meta property=\"product:retailer_item_id\" content=\"81170-1DE\" \/>\n<meta property=\"product:condition\" content=\"new\" \/>\n<!-- \/ Yoast SEO Premium plugin. -->","yoast_head_json":{"title":"5in1 Men's Shot - alles in einem, was Ihr K\u00f6rper braucht","description":"Lr Lifetakt 5in1 Men's Shot enth\u00e4lt alles, was ein Mann braucht: Leistungsstarke Inhaltsstoffe auf Basis von Wissenschaft und Natur. Laktose und Glutenfrei","robots":{"index":"index","follow":"follow","max-snippet":"max-snippet:-1","max-image-preview":"max-image-preview:large","max-video-preview":"max-video-preview:-1"},"canonical":"https:\/\/www.lraloeverashop.eu\/de\/produkt\/5in1-mens-shot\/","og_locale":"de_DE","og_type":"article","og_title":"5in1 Men's Shot","og_description":"Lr Lifetakt 5in1 Men's Shot enth\u00e4lt alles, was ein Mann braucht: Leistungsstarke Inhaltsstoffe auf Basis von Wissenschaft und Natur. Laktose und Glutenfrei","og_url":"https:\/\/www.lraloeverashop.eu\/de\/produkt\/5in1-mens-shot\/","og_site_name":"Lr Aloe Vera Shop","article_publisher":"https:\/\/www.facebook.com\/lraloeverashop.eu","article_modified_time":"2026-04-18T18:45:19+00:00","og_image":[{"width":1200,"height":1200,"url":"https:\/\/www.lraloeverashop.eu\/wp-content\/uploads\/2026\/04\/Lr-5in1-Mens-Shot-with-collagen.jpeg","type":"image\/jpeg"}],"twitter_card":"summary_large_image","twitter_site":"@natur__kosmetik","schema":{"@context":"https:\/\/schema.org","@graph":[{"@type":["WebPage","ItemPage"],"@id":"https:\/\/www.lraloeverashop.eu\/de\/produkt\/5in1-mens-shot\/","url":"https:\/\/www.lraloeverashop.eu\/de\/produkt\/5in1-mens-shot\/","name":"5in1 Men's Shot - alles in einem, was Ihr K\u00f6rper braucht","isPartOf":{"@id":"https:\/\/www.lraloeverashop.eu\/de\/#website"},"primaryImageOfPage":{"@id":"https:\/\/www.lraloeverashop.eu\/de\/produkt\/5in1-mens-shot\/#primaryimage"},"image":{"@id":"https:\/\/www.lraloeverashop.eu\/de\/produkt\/5in1-mens-shot\/#primaryimage"},"thumbnailUrl":"https:\/\/www.lraloeverashop.eu\/wp-content\/uploads\/2026\/04\/Lr-5in1-Mens-Shot-with-collagen.jpeg","datePublished":"2022-10-15T11:49:48+00:00","dateModified":"2026-04-18T18:45:19+00:00","description":"Lr Lifetakt 5in1 Men's Shot enth\u00e4lt alles, was ein Mann braucht: Leistungsstarke Inhaltsstoffe auf Basis von Wissenschaft und Natur. Laktose und Glutenfrei","breadcrumb":{"@id":"https:\/\/www.lraloeverashop.eu\/de\/produkt\/5in1-mens-shot\/#breadcrumb"},"inLanguage":"de","potentialAction":[{"@type":"ReadAction","target":["https:\/\/www.lraloeverashop.eu\/de\/produkt\/5in1-mens-shot\/"]}]},{"@type":"ImageObject","inLanguage":"de","@id":"https:\/\/www.lraloeverashop.eu\/de\/produkt\/5in1-mens-shot\/#primaryimage","url":"https:\/\/www.lraloeverashop.eu\/wp-content\/uploads\/2026\/04\/Lr-5in1-Mens-Shot-with-collagen.jpeg","contentUrl":"https:\/\/www.lraloeverashop.eu\/wp-content\/uploads\/2026\/04\/Lr-5in1-Mens-Shot-with-collagen.jpeg","width":1200,"height":1200,"caption":"Lr 5in1 Men's Shot f\u00fcr pure energie, gesunde haut, dickes haar und atractive muskeln"},{"@type":"BreadcrumbList","@id":"https:\/\/www.lraloeverashop.eu\/de\/produkt\/5in1-mens-shot\/#breadcrumb","itemListElement":[{"@type":"ListItem","position":1,"name":"Home","item":"https:\/\/www.lraloeverashop.eu\/de\/"},{"@type":"ListItem","position":2,"name":"Shop","item":"https:\/\/www.lraloeverashop.eu\/de\/shop-2\/"},{"@type":"ListItem","position":3,"name":"5in1 Men&#8217;s Shot"}]},{"@type":"WebSite","@id":"https:\/\/www.lraloeverashop.eu\/de\/#website","url":"https:\/\/www.lraloeverashop.eu\/de\/","name":"Lr Aloe Vera Shop","description":"High Quality Lr Aloe Vera Gel, Aloe Vera Cream and Shampoo","publisher":{"@id":"https:\/\/www.lraloeverashop.eu\/de\/#organization"},"alternateName":"LR","potentialAction":[{"@type":"SearchAction","target":{"@type":"EntryPoint","urlTemplate":"https:\/\/www.lraloeverashop.eu\/de\/?s={search_term_string}"},"query-input":{"@type":"PropertyValueSpecification","valueRequired":true,"valueName":"search_term_string"}}],"inLanguage":"de"},{"@type":"Organization","@id":"https:\/\/www.lraloeverashop.eu\/de\/#organization","name":"Lr Aloe Vera Shop","alternateName":"LR","url":"https:\/\/www.lraloeverashop.eu\/de\/","logo":{"@type":"ImageObject","inLanguage":"de","@id":"https:\/\/www.lraloeverashop.eu\/de\/#\/schema\/logo\/image\/","url":"https:\/\/www.lraloeverashop.eu\/wp-content\/uploads\/2022\/09\/cropped-Lr-Aloe-Vera-Shop.jpg","contentUrl":"https:\/\/www.lraloeverashop.eu\/wp-content\/uploads\/2022\/09\/cropped-Lr-Aloe-Vera-Shop.jpg","width":228,"height":76,"caption":"Lr Aloe Vera Shop"},"image":{"@id":"https:\/\/www.lraloeverashop.eu\/de\/#\/schema\/logo\/image\/"},"sameAs":["https:\/\/www.facebook.com\/lraloeverashop.eu","https:\/\/x.com\/natur__kosmetik","https:\/\/www.youtube.com\/channel\/UC5oN7BJ8nfYb8RpVtjwDEBA","https:\/\/www.instagram.com\/lrbeautyeu\/"],"description":"LR Aloe Vera Shop ist Ihre vertrauensw\u00fcrdige Adresse f\u00fcr hochwertige LR Health & Beauty Produkte aus Deutschland. Wir bieten Ihnen erstklassige Aloe Vera Hautpflege, N\u00e4hrstoffe und Anti-Aging-Produkte mit reinen Inhaltsstoffen, die auf wissenschaftlichen Erkenntnissen basieren. Entdecken Sie nat\u00fcrliche Pflege, die Ihre Haut regeneriert, sch\u00fctzt und revitalisiert \u2013 und profitieren Sie von exklusiven Monatsangeboten auf unsere Bestseller von LR Aloe Vera. Starten Sie noch heute Ihre Reise zu nat\u00fcrlicher Hautpflege und sp\u00fcren Sie den Unterschied.","email":"info@lraloeverashop.eu","telephone":"+49 17670609653","legalName":"Lr Aloe Vera Shop","foundingDate":"2018-04-21","numberOfEmployees":{"@type":"QuantitativeValue","minValue":"1","maxValue":"10"}}]},"product_price_amount":"172.99","product_price_currency":"EUR","og_availability":"instock","product_availability":"instock","product_retailer_item_id":"81170-1DE","product_condition":"new"},"taxonomy_info":{"product_cat":[{"value":477,"label":"Beauty-Shot"},{"value":471,"label":"Sch\u00f6nheit von innen"},{"value":465,"label":"Spezialisten"},{"value":411,"label":"Spezielle Produkte"}]},"featured_image_src_large":["https:\/\/www.lraloeverashop.eu\/wp-content\/uploads\/2026\/04\/Lr-5in1-Mens-Shot-with-collagen-1024x1024.jpeg",1024,1024,true],"author_info":[],"comment_info":0,"_links":{"self":[{"href":"https:\/\/www.lraloeverashop.eu\/de\/wp-json\/wp\/v2\/product\/9296","targetHints":{"allow":["GET"]}}],"collection":[{"href":"https:\/\/www.lraloeverashop.eu\/de\/wp-json\/wp\/v2\/product"}],"about":[{"href":"https:\/\/www.lraloeverashop.eu\/de\/wp-json\/wp\/v2\/types\/product"}],"replies":[{"embeddable":true,"href":"https:\/\/www.lraloeverashop.eu\/de\/wp-json\/wp\/v2\/comments?post=9296"}],"wp:featuredmedia":[{"embeddable":true,"href":"https:\/\/www.lraloeverashop.eu\/de\/wp-json\/wp\/v2\/media\/30430"}],"wp:attachment":[{"href":"https:\/\/www.lraloeverashop.eu\/de\/wp-json\/wp\/v2\/media?parent=9296"}],"wp:term":[{"taxonomy":"product_brand","embeddable":true,"href":"https:\/\/www.lraloeverashop.eu\/de\/wp-json\/wp\/v2\/product_brand?post=9296"},{"taxonomy":"product_cat","embeddable":true,"href":"https:\/\/www.lraloeverashop.eu\/de\/wp-json\/wp\/v2\/product_cat?post=9296"},{"taxonomy":"product_tag","embeddable":true,"href":"https:\/\/www.lraloeverashop.eu\/de\/wp-json\/wp\/v2\/product_tag?post=9296"}],"curies":[{"name":"wp","href":"https:\/\/api.w.org\/{rel}","templated":true}]}}