{"id":9228,"date":"2022-10-15T18:00:56","date_gmt":"2022-10-15T16:00:56","guid":{"rendered":"https:\/\/www.lraloeverashop.eu\/product\/figu-active-flakes-knusper-cranberry\/"},"modified":"2026-02-03T18:37:07","modified_gmt":"2026-02-03T17:37:07","slug":"figu-active-flakes-knusper-cranberry","status":"publish","type":"product","link":"https:\/\/www.lraloeverashop.eu\/de\/produkt\/figu-active-flakes-knusper-cranberry\/","title":{"rendered":"Figu Active Himbeer-Knusperflocken"},"content":{"rendered":"<h2><span style=\"font-size: 16pt;\"><strong>Figu Active Himbeer-Knusperflocken<\/strong><\/span><\/h2>\n<p><span style=\"font-size: 14pt;\"><strong>Figu Active Himbeer-Knusperflocken mit nur 220 Kalorien pro Portion<\/strong><\/span><\/p>\n<p>Gewichtsverlust ist oft mit dem Entzug unserer Lieblingsspeisen verbunden. Wenn Sie nicht ohne Ihre knusprigen Cerealien leben k\u00f6nnen, sind die Figu Active Himbeer-Knusperflocken eine ausgezeichnete Wahl und bieten eine Alternative zu einem leckerer Fr\u00fchst\u00fcck mit allen <a href=\"https:\/\/www.lraloeverashop.eu\/de\/mahlzeitenersatz-figu-active-die-smarte-diaet-zum-abnehmen\/\">notwendigen N\u00e4hrstoffen<\/a> und nur die H\u00e4lfte der Kalorien!<\/p>\n<p>Mit frischem Joghurt, fruchtiger Himbeeren und Haferflocken ist Ihre Figu Active Mahlzeit k\u00f6stlich und angenehm. Ob Sie \u00fcbersch\u00fcssiges Gewicht loswerden oder Ihr Wunschgewicht beibehalten m\u00f6chten: Die leichte und angenehme di\u00e4t bringt Sie Ihrem Ziel n\u00e4her. Ersetzen Sie einfach zwei Ihrer drei t\u00e4glichen Mahlzeiten mit <a href=\"https:\/\/www.lraloeverashop.eu\/de\/produkt\/figu-active-suppe-tomate-mediterranee\/\">Figu Active<\/a>!<\/p>\n<p>Genie\u00dfen Sie die Figu Active Himbeer-Knusperflocken wie Sie es bevorzugen: zum Fr\u00fchst\u00fcck, Mittag- oder Abendessen. Mit den Figu Active Produkten k\u00f6nnen Sie eine komplette Mahlzeit durch einen <a href=\"https:\/\/www.lraloeverashop.eu\/de\/produkt\/figu-active-shake-creamy-chocolate\/\">ausgewogenen Mahlzeitenersatz<\/a> mit wenig Kalorien ersetzen. Tue Gutes f\u00fcr dich, ohne etwas zu berauben!<\/p>\n<p>Die knusprigen Himbeerflocken enthalten Inulin. Da Inulin eine anregende Wirkung auf die Darmfunktion und die Darmflora hat, kann eine erh\u00f6hte Aufnahme zu Verdauungsproblemen (Bl\u00e4hungen, Durchfall) f\u00fchren. Menschen mit einem empfindlichen Magen-Darm-Trakt sollten vor dem Verzehr des Produkts ihren Arzt konsultieren.<\/p>\n<p>&nbsp;<\/p>\n<h3><strong><span style=\"font-size: 16pt;\"><a href=\"https:\/\/www.lraloeverashop.eu\/wp-content\/uploads\/2024\/09\/weight-loss-diet-review-300x300.jpeg\"><img loading=\"lazy\" decoding=\"async\" class=\"alignleft wp-image-16350 size-medium\" src=\"https:\/\/www.lraloeverashop.eu\/wp-content\/uploads\/2024\/09\/weight-loss-diet-review-300x300.jpeg\" alt=\"Testbericht zur Di\u00e4t zur Gewichtsreduktion\" width=\"300\" height=\"300\" srcset=\"https:\/\/www.lraloeverashop.eu\/wp-content\/uploads\/2024\/09\/weight-loss-diet-review-300x300.jpeg 300w, https:\/\/www.lraloeverashop.eu\/wp-content\/uploads\/2024\/09\/weight-loss-diet-review-1024x1024.jpeg 1024w, https:\/\/www.lraloeverashop.eu\/wp-content\/uploads\/2024\/09\/weight-loss-diet-review-150x150.jpeg 150w, https:\/\/www.lraloeverashop.eu\/wp-content\/uploads\/2024\/09\/weight-loss-diet-review-768x768.jpeg 768w, https:\/\/www.lraloeverashop.eu\/wp-content\/uploads\/2024\/09\/weight-loss-diet-review-600x600.jpeg 600w, https:\/\/www.lraloeverashop.eu\/wp-content\/uploads\/2024\/09\/weight-loss-diet-review-100x100.jpeg 100w, https:\/\/www.lraloeverashop.eu\/wp-content\/uploads\/2024\/09\/weight-loss-diet-review.jpeg 1200w\" sizes=\"auto, (max-width: 300px) 100vw, 300px\" \/><\/a>Anwendung<\/span><\/strong><\/h3>\n<p>Figu Active Himbeer-Knusperflocken unterst\u00fctzt den Gewichtsverlust und hilft Ihnen, Ihr Wunschgewicht zu halten.<\/p>\n<p>Mischen Sie 6 Essl\u00f6ffel in 300 ml fettarme, laktosefreie Milch (1,5% Fett) in einem gro\u00dfen Becher von mindestens 500ml Inhalt. Lass es ein bisschen ruhen, r\u00fchr dich wieder und dein Fr\u00fchst\u00fcck, Mittag- oder Abendessen ist fertig!<\/p>\n<p>Verzehren Sie sofort nach der Zubereitung.<\/p>\n<p>Stellen Sie sicher, dass Sie w\u00e4hrend Ihrer Di\u00e4t viel trinken.<\/p>\n<p>&nbsp;<\/p>\n<p>&nbsp;<\/p>\n<p><a href=\"https:\/\/www.lraloeverashop.eu\/wp-content\/uploads\/2024\/09\/man-weight-loss-before-and-after-300x300.jpeg\"><img loading=\"lazy\" decoding=\"async\" class=\"alignleft wp-image-16357 size-medium\" src=\"https:\/\/www.lraloeverashop.eu\/wp-content\/uploads\/2024\/09\/man-weight-loss-before-and-after-300x300.jpeg\" alt=\"Di\u00e4t zum Abnehmen vorher und nachher\" width=\"300\" height=\"300\" srcset=\"https:\/\/www.lraloeverashop.eu\/wp-content\/uploads\/2024\/09\/man-weight-loss-before-and-after-300x300.jpeg 300w, https:\/\/www.lraloeverashop.eu\/wp-content\/uploads\/2024\/09\/man-weight-loss-before-and-after-1024x1024.jpeg 1024w, https:\/\/www.lraloeverashop.eu\/wp-content\/uploads\/2024\/09\/man-weight-loss-before-and-after-150x150.jpeg 150w, https:\/\/www.lraloeverashop.eu\/wp-content\/uploads\/2024\/09\/man-weight-loss-before-and-after-768x768.jpeg 768w, https:\/\/www.lraloeverashop.eu\/wp-content\/uploads\/2024\/09\/man-weight-loss-before-and-after-600x600.jpeg 600w, https:\/\/www.lraloeverashop.eu\/wp-content\/uploads\/2024\/09\/man-weight-loss-before-and-after-100x100.jpeg 100w, https:\/\/www.lraloeverashop.eu\/wp-content\/uploads\/2024\/09\/man-weight-loss-before-and-after.jpeg 1200w\" sizes=\"auto, (max-width: 300px) 100vw, 300px\" \/><\/a>Trinken Sie vorzugsweise 2-3 Liter kalorienfreien oder <a href=\"https:\/\/www.lraloeverashop.eu\/de\/produkt\/kraeuter-fasten-tee\/\">zuckerfreien Tee<\/a>. Das Produkt erf\u00fcllt seinen Zweck nur im Rahmen einer kalorienarmen oder kalorienarmen Di\u00e4t.<\/p>\n<p>Sorgen Sie f\u00fcr eine reichhaltige, ausgewogene Ern\u00e4hrung und einen gesunden Lebensstil. Ihre <a href=\"https:\/\/www.lraloeverashop.eu\/de\/produkt\/figu-active-shake-vanille\/\">Di\u00e4t<\/a> sollte andere Nahrungsmittel einschlie\u00dfen.<\/p>\n<p>Die vorbereitete Mahlzeit enth\u00e4lt alle <a href=\"https:\/\/www.lraloeverashop.eu\/de\/produkt\/suesskartoffelsuppe-kuerbis-figu-active\/\"><strong>notwendigen N\u00e4hrstoffe<\/strong><\/a> in ausreichenden Mengen. Enth\u00e4lt nat\u00fcrliche Zucker.<\/p>\n<p><strong>Beachten Sie die Anweisungen zur Vorbereitung.\u00a0<\/strong><\/p>\n<p>Sch\u00fctteln Sie das Paket mit Figu Active Himbeer-Knusperflocken vor der Verwendung.<\/p>\n<p>&nbsp;<\/p>\n<p>Das F\u00fcllvolumen des Produktes unterliegt technischen Variationen. An einem k\u00fchlen, trockenen Ort aufbewahren und kurz nach dem \u00d6ffnen verbrauchen.<\/p>\n<p>1. Das Ersetzen von zwei Ihrer t\u00e4glichen Mahlzeiten innerhalb einer kalorienarmen Di\u00e4t tr\u00e4gt zur <a href=\"https:\/\/www.lraloeverashop.eu\/de\/produkt\/figu-active-kartoffel-suppe-auberge\/\">Gewichtsabnahme<\/a> bei.<\/p>\n<p>2. Ersetzen Sie eine Ihrer t\u00e4glichen Mahlzeiten innerhalb einer kalorienarmen Di\u00e4t hilft, das gew\u00fcnschte Gewicht nach dem <a href=\"https:\/\/www.lraloeverashop.eu\/de\/produkt\/figu-active-gemuese-suppe-curry-india\/\">Gewichtsverlust zu halten<\/a>.<\/p>\n","protected":false},"excerpt":{"rendered":"<ul>\n<li>Knusprige Haferflocken mit Himbeeren, N\u00fcssen und zarten Schokoladenst\u00fcckchen<\/li>\n<li>Jede Portion ersetzt eine komplette Mahlzeit<\/li>\n<li>Unterst\u00fctzt die Gewichtsabnahme mit nur 220 Kalorien pro Portion<\/li>\n<li>100% vegan, mit Stevia ges\u00fc\u00dft, nur nat\u00fcrliche Aromen<\/li>\n<li>Hoher Ballaststoff- und Proteingehalt<\/li>\n<li>Frei von Laktose, Palm\u00f6l, k\u00fcnstlichen Farbstoffen und Geschmacksverst\u00e4rkern<\/li>\n<li>Menge: 500 g<\/li>\n<\/ul>\n<p><span style=\"color: #ff0000;\"><a style=\"color: #ff0000;\" href=\"https:\/\/shop.lrworld.com\/openpao?PHP=0vFlt7jT938BEnBI3a6e9w%3D%3D\"><span style=\"font-size: 14pt;\"><strong>Hier registrieren und dauerhaft 35\u202f% sparen<\/strong><\/span><\/a><\/span><\/p>\n","protected":false},"featured_media":9729,"comment_status":"open","ping_status":"closed","template":"","meta":{"_kad_blocks_custom_css":"","_kad_blocks_head_custom_js":"","_kad_blocks_body_custom_js":"","_kad_blocks_footer_custom_js":"","_kadence_starter_templates_imported_post":false,"_kad_post_transparent":"default","_kad_post_title":"","_kad_post_layout":"default","_kad_post_sidebar_id":"","_kad_post_content_style":"default","_kad_post_vertical_padding":"default","_kad_post_feature":"","_kad_post_feature_position":"","_kad_post_header":false,"_kad_post_footer":false,"_kad_post_classname":""},"product_brand":[],"product_cat":[322,334],"product_tag":[593],"class_list":{"0":"post-9228","1":"product","2":"type-product","3":"status-publish","4":"has-post-thumbnail","6":"product_cat-flocken","7":"product_cat-body-mission","8":"product_tag-diaet","10":"first","11":"instock","12":"taxable","13":"shipping-taxable","14":"purchasable","15":"product-type-simple","16":"entry","17":"content-bg","18":"loop-entry"},"yoast_head":"<!-- This site is optimized with the Yoast SEO Premium plugin v27.4 (Yoast SEO v27.4) - https:\/\/yoast.com\/product\/yoast-seo-premium-wordpress\/ -->\n<title>Figu Active Himbeer-Knusperflocken mit nur 220 Kcal pro Portion<\/title>\n<meta name=\"description\" content=\"Mit frischem Joghurt und fruchtige Figu Active Himbeer-Knusperflocken ist Ihre Mahlzeit k\u00f6stlich und angenehm. 100% vegan. Frei von Laktose und Palm\u00f6l\" \/>\n<meta name=\"robots\" content=\"index, follow, max-snippet:-1, max-image-preview:large, max-video-preview:-1\" \/>\n<link rel=\"canonical\" href=\"https:\/\/www.lraloeverashop.eu\/de\/produkt\/figu-active-flakes-knusper-cranberry\/\" \/>\n<meta property=\"og:locale\" content=\"de_DE\" \/>\n<meta property=\"og:type\" content=\"article\" \/>\n<meta property=\"og:title\" content=\"Figu Active Himbeer-Knusperflocken\" \/>\n<meta property=\"og:description\" content=\"Mit frischem Joghurt und fruchtige Figu Active Himbeer-Knusperflocken ist Ihre Mahlzeit k\u00f6stlich und angenehm. 100% vegan. Frei von Laktose und Palm\u00f6l\" \/>\n<meta property=\"og:url\" content=\"https:\/\/www.lraloeverashop.eu\/de\/produkt\/figu-active-flakes-knusper-cranberry\/\" \/>\n<meta property=\"og:site_name\" content=\"Lr Aloe Vera Shop\" \/>\n<meta property=\"article:publisher\" content=\"https:\/\/www.facebook.com\/lraloeverashop.eu\" \/>\n<meta property=\"article:modified_time\" content=\"2026-02-03T17:37:07+00:00\" \/>\n<meta property=\"og:image\" content=\"https:\/\/www.lraloeverashop.eu\/wp-content\/uploads\/2023\/01\/Figuactive-Flakes-with-Raspberry.jpg\" \/>\n\t<meta property=\"og:image:width\" content=\"1200\" \/>\n\t<meta property=\"og:image:height\" content=\"1200\" \/>\n\t<meta property=\"og:image:type\" content=\"image\/jpeg\" \/>\n<meta name=\"twitter:card\" content=\"summary_large_image\" \/>\n<meta name=\"twitter:site\" content=\"@natur__kosmetik\" \/>\n<script type=\"application\/ld+json\" class=\"yoast-schema-graph\">{\"@context\":\"https:\\\/\\\/schema.org\",\"@graph\":[{\"@type\":[\"WebPage\",\"ItemPage\"],\"@id\":\"https:\\\/\\\/www.lraloeverashop.eu\\\/de\\\/produkt\\\/figu-active-flakes-knusper-cranberry\\\/\",\"url\":\"https:\\\/\\\/www.lraloeverashop.eu\\\/de\\\/produkt\\\/figu-active-flakes-knusper-cranberry\\\/\",\"name\":\"Figu Active Himbeer-Knusperflocken mit nur 220 Kcal pro Portion\",\"isPartOf\":{\"@id\":\"https:\\\/\\\/www.lraloeverashop.eu\\\/de\\\/#website\"},\"primaryImageOfPage\":{\"@id\":\"https:\\\/\\\/www.lraloeverashop.eu\\\/de\\\/produkt\\\/figu-active-flakes-knusper-cranberry\\\/#primaryimage\"},\"image\":{\"@id\":\"https:\\\/\\\/www.lraloeverashop.eu\\\/de\\\/produkt\\\/figu-active-flakes-knusper-cranberry\\\/#primaryimage\"},\"thumbnailUrl\":\"https:\\\/\\\/www.lraloeverashop.eu\\\/wp-content\\\/uploads\\\/2023\\\/01\\\/Figuactive-Flakes-with-Raspberry.jpg\",\"datePublished\":\"2022-10-15T16:00:56+00:00\",\"dateModified\":\"2026-02-03T17:37:07+00:00\",\"description\":\"Mit frischem Joghurt und fruchtige Figu Active Himbeer-Knusperflocken ist Ihre Mahlzeit k\u00f6stlich und angenehm. 100% vegan. Frei von Laktose und Palm\u00f6l\",\"breadcrumb\":{\"@id\":\"https:\\\/\\\/www.lraloeverashop.eu\\\/de\\\/produkt\\\/figu-active-flakes-knusper-cranberry\\\/#breadcrumb\"},\"inLanguage\":\"de\",\"potentialAction\":[{\"@type\":\"ReadAction\",\"target\":[\"https:\\\/\\\/www.lraloeverashop.eu\\\/de\\\/produkt\\\/figu-active-flakes-knusper-cranberry\\\/\"]}]},{\"@type\":\"ImageObject\",\"inLanguage\":\"de\",\"@id\":\"https:\\\/\\\/www.lraloeverashop.eu\\\/de\\\/produkt\\\/figu-active-flakes-knusper-cranberry\\\/#primaryimage\",\"url\":\"https:\\\/\\\/www.lraloeverashop.eu\\\/wp-content\\\/uploads\\\/2023\\\/01\\\/Figuactive-Flakes-with-Raspberry.jpg\",\"contentUrl\":\"https:\\\/\\\/www.lraloeverashop.eu\\\/wp-content\\\/uploads\\\/2023\\\/01\\\/Figuactive-Flakes-with-Raspberry.jpg\",\"width\":1200,\"height\":1200,\"caption\":\"Figu Active Himbeer-Knusperflocken ersetzen Komplet Malzeit\"},{\"@type\":\"BreadcrumbList\",\"@id\":\"https:\\\/\\\/www.lraloeverashop.eu\\\/de\\\/produkt\\\/figu-active-flakes-knusper-cranberry\\\/#breadcrumb\",\"itemListElement\":[{\"@type\":\"ListItem\",\"position\":1,\"name\":\"Home\",\"item\":\"https:\\\/\\\/www.lraloeverashop.eu\\\/de\\\/\"},{\"@type\":\"ListItem\",\"position\":2,\"name\":\"Shop\",\"item\":\"https:\\\/\\\/www.lraloeverashop.eu\\\/de\\\/shop-2\\\/\"},{\"@type\":\"ListItem\",\"position\":3,\"name\":\"Figu Active Himbeer-Knusperflocken\"}]},{\"@type\":\"WebSite\",\"@id\":\"https:\\\/\\\/www.lraloeverashop.eu\\\/de\\\/#website\",\"url\":\"https:\\\/\\\/www.lraloeverashop.eu\\\/de\\\/\",\"name\":\"Lr Aloe Vera Shop\",\"description\":\"High Quality Lr Aloe Vera Gel, Aloe Vera Cream and Shampoo\",\"publisher\":{\"@id\":\"https:\\\/\\\/www.lraloeverashop.eu\\\/de\\\/#organization\"},\"potentialAction\":[{\"@type\":\"SearchAction\",\"target\":{\"@type\":\"EntryPoint\",\"urlTemplate\":\"https:\\\/\\\/www.lraloeverashop.eu\\\/de\\\/?s={search_term_string}\"},\"query-input\":{\"@type\":\"PropertyValueSpecification\",\"valueRequired\":true,\"valueName\":\"search_term_string\"}}],\"inLanguage\":\"de\"},{\"@type\":\"Organization\",\"@id\":\"https:\\\/\\\/www.lraloeverashop.eu\\\/de\\\/#organization\",\"name\":\"Lr Aloe Vera Shop\",\"alternateName\":\"LR\",\"url\":\"https:\\\/\\\/www.lraloeverashop.eu\\\/de\\\/\",\"logo\":{\"@type\":\"ImageObject\",\"inLanguage\":\"de\",\"@id\":\"https:\\\/\\\/www.lraloeverashop.eu\\\/de\\\/#\\\/schema\\\/logo\\\/image\\\/\",\"url\":\"https:\\\/\\\/www.lraloeverashop.eu\\\/wp-content\\\/uploads\\\/2022\\\/09\\\/cropped-Lr-Aloe-Vera-Shop.jpg\",\"contentUrl\":\"https:\\\/\\\/www.lraloeverashop.eu\\\/wp-content\\\/uploads\\\/2022\\\/09\\\/cropped-Lr-Aloe-Vera-Shop.jpg\",\"width\":228,\"height\":76,\"caption\":\"Lr Aloe Vera Shop\"},\"image\":{\"@id\":\"https:\\\/\\\/www.lraloeverashop.eu\\\/de\\\/#\\\/schema\\\/logo\\\/image\\\/\"},\"sameAs\":[\"https:\\\/\\\/www.facebook.com\\\/lraloeverashop.eu\",\"https:\\\/\\\/x.com\\\/natur__kosmetik\",\"https:\\\/\\\/www.youtube.com\\\/channel\\\/UC5oN7BJ8nfYb8RpVtjwDEBA\",\"https:\\\/\\\/www.instagram.com\\\/lrbeautyeu\\\/\"],\"description\":\"LR Aloe Vera Shop ist Ihre vertrauensw\u00fcrdige Adresse f\u00fcr hochwertige LR Health & Beauty Produkte aus Deutschland. Wir bieten Ihnen erstklassige Aloe Vera Hautpflege, N\u00e4hrstoffe und Anti-Aging-Produkte mit reinen Inhaltsstoffen, die auf wissenschaftlichen Erkenntnissen basieren. Entdecken Sie nat\u00fcrliche Pflege, die Ihre Haut regeneriert, sch\u00fctzt und revitalisiert \u2013 und profitieren Sie von exklusiven Monatsangeboten auf unsere Bestseller von LR Aloe Vera. Starten Sie noch heute Ihre Reise zu nat\u00fcrlicher Hautpflege und sp\u00fcren Sie den Unterschied.\",\"email\":\"info@lraloeverashop.eu\",\"telephone\":\"+49 17670609653\",\"legalName\":\"Lr Aloe Vera Shop\",\"foundingDate\":\"2018-04-21\",\"numberOfEmployees\":{\"@type\":\"QuantitativeValue\",\"minValue\":\"1\",\"maxValue\":\"10\"}}]}<\/script>\n<meta property=\"product:price:amount\" content=\"48.59\" \/>\n<meta property=\"product:price:currency\" content=\"EUR\" \/>\n<meta property=\"og:availability\" content=\"instock\" \/>\n<meta property=\"product:availability\" content=\"instock\" \/>\n<meta property=\"product:retailer_item_id\" content=\"81247-1DE\" \/>\n<meta property=\"product:condition\" content=\"new\" \/>\n<!-- \/ Yoast SEO Premium plugin. -->","yoast_head_json":{"title":"Figu Active Himbeer-Knusperflocken mit nur 220 Kcal pro Portion","description":"Mit frischem Joghurt und fruchtige Figu Active Himbeer-Knusperflocken ist Ihre Mahlzeit k\u00f6stlich und angenehm. 100% vegan. Frei von Laktose und Palm\u00f6l","robots":{"index":"index","follow":"follow","max-snippet":"max-snippet:-1","max-image-preview":"max-image-preview:large","max-video-preview":"max-video-preview:-1"},"canonical":"https:\/\/www.lraloeverashop.eu\/de\/produkt\/figu-active-flakes-knusper-cranberry\/","og_locale":"de_DE","og_type":"article","og_title":"Figu Active Himbeer-Knusperflocken","og_description":"Mit frischem Joghurt und fruchtige Figu Active Himbeer-Knusperflocken ist Ihre Mahlzeit k\u00f6stlich und angenehm. 100% vegan. Frei von Laktose und Palm\u00f6l","og_url":"https:\/\/www.lraloeverashop.eu\/de\/produkt\/figu-active-flakes-knusper-cranberry\/","og_site_name":"Lr Aloe Vera Shop","article_publisher":"https:\/\/www.facebook.com\/lraloeverashop.eu","article_modified_time":"2026-02-03T17:37:07+00:00","og_image":[{"width":1200,"height":1200,"url":"https:\/\/www.lraloeverashop.eu\/wp-content\/uploads\/2023\/01\/Figuactive-Flakes-with-Raspberry.jpg","type":"image\/jpeg"}],"twitter_card":"summary_large_image","twitter_site":"@natur__kosmetik","schema":{"@context":"https:\/\/schema.org","@graph":[{"@type":["WebPage","ItemPage"],"@id":"https:\/\/www.lraloeverashop.eu\/de\/produkt\/figu-active-flakes-knusper-cranberry\/","url":"https:\/\/www.lraloeverashop.eu\/de\/produkt\/figu-active-flakes-knusper-cranberry\/","name":"Figu Active Himbeer-Knusperflocken mit nur 220 Kcal pro Portion","isPartOf":{"@id":"https:\/\/www.lraloeverashop.eu\/de\/#website"},"primaryImageOfPage":{"@id":"https:\/\/www.lraloeverashop.eu\/de\/produkt\/figu-active-flakes-knusper-cranberry\/#primaryimage"},"image":{"@id":"https:\/\/www.lraloeverashop.eu\/de\/produkt\/figu-active-flakes-knusper-cranberry\/#primaryimage"},"thumbnailUrl":"https:\/\/www.lraloeverashop.eu\/wp-content\/uploads\/2023\/01\/Figuactive-Flakes-with-Raspberry.jpg","datePublished":"2022-10-15T16:00:56+00:00","dateModified":"2026-02-03T17:37:07+00:00","description":"Mit frischem Joghurt und fruchtige Figu Active Himbeer-Knusperflocken ist Ihre Mahlzeit k\u00f6stlich und angenehm. 100% vegan. Frei von Laktose und Palm\u00f6l","breadcrumb":{"@id":"https:\/\/www.lraloeverashop.eu\/de\/produkt\/figu-active-flakes-knusper-cranberry\/#breadcrumb"},"inLanguage":"de","potentialAction":[{"@type":"ReadAction","target":["https:\/\/www.lraloeverashop.eu\/de\/produkt\/figu-active-flakes-knusper-cranberry\/"]}]},{"@type":"ImageObject","inLanguage":"de","@id":"https:\/\/www.lraloeverashop.eu\/de\/produkt\/figu-active-flakes-knusper-cranberry\/#primaryimage","url":"https:\/\/www.lraloeverashop.eu\/wp-content\/uploads\/2023\/01\/Figuactive-Flakes-with-Raspberry.jpg","contentUrl":"https:\/\/www.lraloeverashop.eu\/wp-content\/uploads\/2023\/01\/Figuactive-Flakes-with-Raspberry.jpg","width":1200,"height":1200,"caption":"Figu Active Himbeer-Knusperflocken ersetzen Komplet Malzeit"},{"@type":"BreadcrumbList","@id":"https:\/\/www.lraloeverashop.eu\/de\/produkt\/figu-active-flakes-knusper-cranberry\/#breadcrumb","itemListElement":[{"@type":"ListItem","position":1,"name":"Home","item":"https:\/\/www.lraloeverashop.eu\/de\/"},{"@type":"ListItem","position":2,"name":"Shop","item":"https:\/\/www.lraloeverashop.eu\/de\/shop-2\/"},{"@type":"ListItem","position":3,"name":"Figu Active Himbeer-Knusperflocken"}]},{"@type":"WebSite","@id":"https:\/\/www.lraloeverashop.eu\/de\/#website","url":"https:\/\/www.lraloeverashop.eu\/de\/","name":"Lr Aloe Vera Shop","description":"High Quality Lr Aloe Vera Gel, Aloe Vera Cream and Shampoo","publisher":{"@id":"https:\/\/www.lraloeverashop.eu\/de\/#organization"},"potentialAction":[{"@type":"SearchAction","target":{"@type":"EntryPoint","urlTemplate":"https:\/\/www.lraloeverashop.eu\/de\/?s={search_term_string}"},"query-input":{"@type":"PropertyValueSpecification","valueRequired":true,"valueName":"search_term_string"}}],"inLanguage":"de"},{"@type":"Organization","@id":"https:\/\/www.lraloeverashop.eu\/de\/#organization","name":"Lr Aloe Vera Shop","alternateName":"LR","url":"https:\/\/www.lraloeverashop.eu\/de\/","logo":{"@type":"ImageObject","inLanguage":"de","@id":"https:\/\/www.lraloeverashop.eu\/de\/#\/schema\/logo\/image\/","url":"https:\/\/www.lraloeverashop.eu\/wp-content\/uploads\/2022\/09\/cropped-Lr-Aloe-Vera-Shop.jpg","contentUrl":"https:\/\/www.lraloeverashop.eu\/wp-content\/uploads\/2022\/09\/cropped-Lr-Aloe-Vera-Shop.jpg","width":228,"height":76,"caption":"Lr Aloe Vera Shop"},"image":{"@id":"https:\/\/www.lraloeverashop.eu\/de\/#\/schema\/logo\/image\/"},"sameAs":["https:\/\/www.facebook.com\/lraloeverashop.eu","https:\/\/x.com\/natur__kosmetik","https:\/\/www.youtube.com\/channel\/UC5oN7BJ8nfYb8RpVtjwDEBA","https:\/\/www.instagram.com\/lrbeautyeu\/"],"description":"LR Aloe Vera Shop ist Ihre vertrauensw\u00fcrdige Adresse f\u00fcr hochwertige LR Health & Beauty Produkte aus Deutschland. Wir bieten Ihnen erstklassige Aloe Vera Hautpflege, N\u00e4hrstoffe und Anti-Aging-Produkte mit reinen Inhaltsstoffen, die auf wissenschaftlichen Erkenntnissen basieren. Entdecken Sie nat\u00fcrliche Pflege, die Ihre Haut regeneriert, sch\u00fctzt und revitalisiert \u2013 und profitieren Sie von exklusiven Monatsangeboten auf unsere Bestseller von LR Aloe Vera. Starten Sie noch heute Ihre Reise zu nat\u00fcrlicher Hautpflege und sp\u00fcren Sie den Unterschied.","email":"info@lraloeverashop.eu","telephone":"+49 17670609653","legalName":"Lr Aloe Vera Shop","foundingDate":"2018-04-21","numberOfEmployees":{"@type":"QuantitativeValue","minValue":"1","maxValue":"10"}}]},"product_price_amount":"48.59","product_price_currency":"EUR","og_availability":"instock","product_availability":"instock","product_retailer_item_id":"81247-1DE","product_condition":"new"},"taxonomy_info":{"product_cat":[{"value":322,"label":"Flocken"},{"value":334,"label":"Mahlzeitenersatz"}],"product_tag":[{"value":593,"label":"Di\u00e4t"}]},"featured_image_src_large":["https:\/\/www.lraloeverashop.eu\/wp-content\/uploads\/2023\/01\/Figuactive-Flakes-with-Raspberry-1024x1024.jpg",1024,1024,true],"author_info":[],"comment_info":0,"_links":{"self":[{"href":"https:\/\/www.lraloeverashop.eu\/de\/wp-json\/wp\/v2\/product\/9228","targetHints":{"allow":["GET"]}}],"collection":[{"href":"https:\/\/www.lraloeverashop.eu\/de\/wp-json\/wp\/v2\/product"}],"about":[{"href":"https:\/\/www.lraloeverashop.eu\/de\/wp-json\/wp\/v2\/types\/product"}],"replies":[{"embeddable":true,"href":"https:\/\/www.lraloeverashop.eu\/de\/wp-json\/wp\/v2\/comments?post=9228"}],"wp:featuredmedia":[{"embeddable":true,"href":"https:\/\/www.lraloeverashop.eu\/de\/wp-json\/wp\/v2\/media\/9729"}],"wp:attachment":[{"href":"https:\/\/www.lraloeverashop.eu\/de\/wp-json\/wp\/v2\/media?parent=9228"}],"wp:term":[{"taxonomy":"product_brand","embeddable":true,"href":"https:\/\/www.lraloeverashop.eu\/de\/wp-json\/wp\/v2\/product_brand?post=9228"},{"taxonomy":"product_cat","embeddable":true,"href":"https:\/\/www.lraloeverashop.eu\/de\/wp-json\/wp\/v2\/product_cat?post=9228"},{"taxonomy":"product_tag","embeddable":true,"href":"https:\/\/www.lraloeverashop.eu\/de\/wp-json\/wp\/v2\/product_tag?post=9228"}],"curies":[{"name":"wp","href":"https:\/\/api.w.org\/{rel}","templated":true}]}}