{"id":9216,"date":"2022-10-15T20:05:46","date_gmt":"2022-10-15T18:05:46","guid":{"rendered":"https:\/\/www.lraloeverashop.eu\/product\/figu-active-shake-creamy-chocolate\/"},"modified":"2026-02-03T18:36:56","modified_gmt":"2026-02-03T17:36:56","slug":"figu-active-shake-creamy-chocolate","status":"publish","type":"product","link":"https:\/\/www.lraloeverashop.eu\/de\/produkt\/figu-active-shake-creamy-chocolate\/","title":{"rendered":"Figu Active Schoko Shake"},"content":{"rendered":"<h2><strong><span style=\"font-size: 16pt;\">Figu Active Schoko Shake<\/span><\/strong><\/h2>\n<p><span style=\"font-size: 14pt;\"><strong>Figu Active Schoko Shake Ersetzt eine komplette Mahlzeit mit nur 229 Kcal pro Portion<\/strong><\/span><\/p>\n<p>Wollen Sie \u00fcberfl\u00fcssige Kilos mit Genuss verlieren? Ab jetzt gibt es keine Ausreden mehr, denn wir vers\u00fc\u00dfen Ihnen Ihre Di\u00e4t. Der cremige Schoko Shake ist der leckere Mahlzeitenersatz f\u00fcr alle , die den Geschmack von Schokolade lieben.<\/p>\n<p>Ob Abnehmen, Gewicht halten oder einfach nur Zeit sparen. Unser Figu Active Schoko Shake ist unwiderstehlich lecker, ersetzt eine vollwertige Mahlzeit und enth\u00e4lt viele wertvolle nat\u00fcrliche Inhaltsstoffe. Der Shake ist eine vollwertige Mahlzeit mit einer perfekten Balance aus <a href=\"https:\/\/www.lraloeverashop.eu\/de\/produkt\/suesskartoffelsuppe-kuerbis-figu-active\/\"><strong>Kalorienreduktion<\/strong><\/a> und Versorgung mit allen N\u00e4hrstoffen, die der K\u00f6rper ben\u00f6tigt.<\/p>\n<p>&nbsp;<\/p>\n<h3><span style=\"font-size: 16pt;\"><strong><a href=\"https:\/\/www.lraloeverashop.eu\/wp-content\/uploads\/2024\/09\/weight-loss-diet-review-300x300.jpeg\"><img loading=\"lazy\" decoding=\"async\" class=\"alignleft wp-image-16350 size-medium\" src=\"https:\/\/www.lraloeverashop.eu\/wp-content\/uploads\/2024\/09\/weight-loss-diet-review-300x300.jpeg\" alt=\"Testbericht zur Di\u00e4t zur Gewichtsreduktion\" width=\"300\" height=\"300\" srcset=\"https:\/\/www.lraloeverashop.eu\/wp-content\/uploads\/2024\/09\/weight-loss-diet-review-300x300.jpeg 300w, https:\/\/www.lraloeverashop.eu\/wp-content\/uploads\/2024\/09\/weight-loss-diet-review-1024x1024.jpeg 1024w, https:\/\/www.lraloeverashop.eu\/wp-content\/uploads\/2024\/09\/weight-loss-diet-review-150x150.jpeg 150w, https:\/\/www.lraloeverashop.eu\/wp-content\/uploads\/2024\/09\/weight-loss-diet-review-768x768.jpeg 768w, https:\/\/www.lraloeverashop.eu\/wp-content\/uploads\/2024\/09\/weight-loss-diet-review-600x600.jpeg 600w, https:\/\/www.lraloeverashop.eu\/wp-content\/uploads\/2024\/09\/weight-loss-diet-review-100x100.jpeg 100w, https:\/\/www.lraloeverashop.eu\/wp-content\/uploads\/2024\/09\/weight-loss-diet-review.jpeg 1200w\" sizes=\"auto, (max-width: 300px) 100vw, 300px\" \/><\/a>Und so funktioniert&#8217;s:<\/strong><\/span><\/h3>\n<p>Ersetzen Sie schnell und einfach eine oder zwei Mahlzeiten am Tag durch den Figu Active Schoko Shake &#8211; zum Fr\u00fchst\u00fcck, Mittag- oder Abendessen.\u00b2<\/p>\n<p>Sie brauchen Abwechslung w\u00e4hrend Ihrer Di\u00e4t? Kein Problem! Probieren Sie unsere anderen leckeren Shakes: Figu Active Kaffee Shake, <a href=\"https:\/\/www.lraloeverashop.eu\/de\/produkt\/figu-active-shake-vanille\/\">Shake Vanille-Geschmack<\/a> oder Figu Active Shake mit Erdbeeren. Hier ist f\u00fcr jeden etwas dabei.<\/p>\n<p>Der Figu Active Schoko Shake enth\u00e4lt Inulin. Da Inulin eine anregende Wirkung auf die Darmfunktion und die Darmflora hat, kann eine erh\u00f6hte Aufnahme zu Verdauungsproblemen (Bl\u00e4hungen, Durchfall) f\u00fchren.<\/p>\n<p>&nbsp;<\/p>\n<p>&nbsp;<\/p>\n<p><a href=\"https:\/\/www.lraloeverashop.eu\/wp-content\/uploads\/2024\/09\/man-weight-loss-before-and-after-300x300.jpeg\"><img loading=\"lazy\" decoding=\"async\" class=\"alignleft wp-image-16357 size-medium\" src=\"https:\/\/www.lraloeverashop.eu\/wp-content\/uploads\/2024\/09\/man-weight-loss-before-and-after-300x300.jpeg\" alt=\"Di\u00e4t zum Abnehmen vorher und nachher\" width=\"300\" height=\"300\" srcset=\"https:\/\/www.lraloeverashop.eu\/wp-content\/uploads\/2024\/09\/man-weight-loss-before-and-after-300x300.jpeg 300w, https:\/\/www.lraloeverashop.eu\/wp-content\/uploads\/2024\/09\/man-weight-loss-before-and-after-1024x1024.jpeg 1024w, https:\/\/www.lraloeverashop.eu\/wp-content\/uploads\/2024\/09\/man-weight-loss-before-and-after-150x150.jpeg 150w, https:\/\/www.lraloeverashop.eu\/wp-content\/uploads\/2024\/09\/man-weight-loss-before-and-after-768x768.jpeg 768w, https:\/\/www.lraloeverashop.eu\/wp-content\/uploads\/2024\/09\/man-weight-loss-before-and-after-600x600.jpeg 600w, https:\/\/www.lraloeverashop.eu\/wp-content\/uploads\/2024\/09\/man-weight-loss-before-and-after-100x100.jpeg 100w, https:\/\/www.lraloeverashop.eu\/wp-content\/uploads\/2024\/09\/man-weight-loss-before-and-after.jpeg 1200w\" sizes=\"auto, (max-width: 300px) 100vw, 300px\" \/><\/a>Menschen mit einem empfindlichen <a href=\"https:\/\/www.lraloeverashop.eu\/de\/produkt-kategorie\/spezial-ernahrung\/darm-verdauung\/\">Magen-Darm-Trakt<\/a> sollten vor dem Verzehr des Produkts ihren Arzt konsultieren.<\/p>\n<p>Ein hoher Gehalt an wertvollen Ballaststoffen und eine sorgf\u00e4ltig ausgew\u00e4hlte Mischung aus pflanzlichen Proteinen unterst\u00fctzen Sie auf nat\u00fcrliche Weise bei Ihrer Ern\u00e4hrung.<\/p>\n<p>1. Proteine helfen, die Muskelmasse zu erhalten. Proteine tragen zu einer Zunahme der Muskelmasse bei.<\/p>\n<p>2. Das Ersetzen einer der t\u00e4glichen Mahlzeiten bei einer kalorienarmen Di\u00e4t durch einen solchen <a href=\"https:\/\/www.lraloeverashop.eu\/de\/produkt\/figu-active-gemuese-suppe-curry-india\/\">Mahlzeitenersatz<\/a> hilft, das Gewicht nach einer Gewichtsabnahme zu halten.<\/p>\n<p>3. Das Ersetzen von zwei der t\u00e4glichen Mahlzeiten im Rahmen einer kalorienarmen Di\u00e4t durch Figu Active Schoko Shake hilft beim Abnehmen.<\/p>\n<p>&nbsp;<\/p>\n<h4><strong><span style=\"font-size: 16pt;\">Zubereitung<\/span><\/strong><\/h4>\n<p>Figu Active Schoko Shake unterst\u00fctzt den Gewichtsverlust und hilft Ihnen, Ihr gew\u00fcnschtes Gewicht zu halten.<\/p>\n<p>Zubereitung: 3 Essl\u00f6ffel (28 g Pulver) in 300 ml fettarme, laktosefreie Milch (1,5% Fett) in einem gro\u00dfen Glas von mindestens 350 ml Inhalt mischen. Es wird auch empfohlen, den LR Shaker zu verwenden. Lass es ein bisschen ruhen, r\u00fchr dich wieder und dein Fr\u00fchst\u00fcck, Mittag- oder Abendessen ist fertig! Verzehren Sie sofort nach der Zubereitung.<\/p>\n<p>Stellen Sie sicher, dass Sie w\u00e4hrend der Di\u00e4t viel trinken. Trinken Sie vorzugsweise 2-3 Liter kalorienfreien oder <a href=\"https:\/\/www.lraloeverashop.eu\/de\/kann-der-kraeuter-tee-zum-abnehmen-beim-abnehmen-helfen\/\">zuckerfreien Tee<\/a>. Das Produkt erf\u00fcllt seinen Zweck nur im einer kalorienarmen oder Ern\u00e4hrung Di\u00e4t. Sorgen Sie f\u00fcr eine reichhaltige, ausgewogene Ern\u00e4hrung und einen <a href=\"https:\/\/www.lraloeverashop.eu\/de\/produkt-kategorie\/spezial-ernahrung\/herz-kreislauf\/\">gesunden Lebensstil<\/a>. Ihre<\/p>\n<p>Di\u00e4t sollte andere Nahrungsmittel einschlie\u00dfen. Die vorbereitete Mahlzeit enth\u00e4lt alle notwendigen N\u00e4hrstoffe in ausreichenden Mengen. Figu Active Shake enth\u00e4lt nat\u00fcrliche Zucker.<\/p>\n<p><strong>Beachten Sie die Anweisungen zur Vorbereitung.<\/strong><\/p>\n<p>Sch\u00fctteln Sie das Paket vor der Verwendung. Das F\u00fcllvolumen des Produktes unterliegt technischen Variationen. An einem k\u00fchlen, trockenen Ort aufbewahren und kurz nach dem \u00d6ffnen verbrauchen.<\/p>\n<p><strong>Wichtiger Tipp:<\/strong> Wenn Sie den Anweisungen zur Zubereitung nicht folgen, \u00e4ndert sich der N\u00e4hrwert der zubereiteten Mahlzeit. Dies kann das Ergebnis Ihrer Di\u00e4t beeinflussen. Die Verwendung von <a href=\"https:\/\/www.lraloeverashop.eu\/de\/mahlzeitenersatz-figu-active-die-smarte-diaet-zum-abnehmen\/\">Figu Active Produkten<\/a> wird effektiver, wenn die Anweisungen auf der Verpackung befolgt werden.<\/p>\n","protected":false},"excerpt":{"rendered":"<ul>\n<li>Ersetzt eine komplette Mahlzeit mit nur 229 Kcal pro Portion<\/li>\n<li>Zum Abnehmen und Halten des Gewichts<\/li>\n<li>Unterst\u00fctzt die Gewichtsabnahme mit nur 229 Kalorien pro Portion<\/li>\n<li>100% vegan, mit Stevia ges\u00fc\u00dft, nur nat\u00fcrliche Aromen<\/li>\n<li>Hoher Ballaststoff- und Proteingehalt<\/li>\n<li>Frei von Gluten, Laktose, Palm\u00f6l, k\u00fcnstlichen Farbstoffen und Geschmacksverst\u00e4rkern<\/li>\n<li>Menge: 496 g<\/li>\n<\/ul>\n<p><span style=\"color: #ff0000;\"><a style=\"color: #ff0000;\" href=\"https:\/\/shop.lrworld.com\/openpao?PHP=0vFlt7jT938BEnBI3a6e9w%3D%3D\"><span style=\"font-size: 14pt;\"><strong>Hier registrieren und dauerhaft 35\u202f% sparen<\/strong><\/span><\/a><\/span><\/p>\n","protected":false},"featured_media":9764,"comment_status":"open","ping_status":"closed","template":"","meta":{"_kad_blocks_custom_css":"","_kad_blocks_head_custom_js":"","_kad_blocks_body_custom_js":"","_kad_blocks_footer_custom_js":"","_kadence_starter_templates_imported_post":false,"_kad_post_transparent":"default","_kad_post_title":"","_kad_post_layout":"default","_kad_post_sidebar_id":"","_kad_post_content_style":"default","_kad_post_vertical_padding":"default","_kad_post_feature":"","_kad_post_feature_position":"","_kad_post_header":false,"_kad_post_footer":false,"_kad_post_classname":""},"product_brand":[],"product_cat":[334,310],"product_tag":[593],"class_list":{"0":"post-9216","1":"product","2":"type-product","3":"status-publish","4":"has-post-thumbnail","6":"product_cat-body-mission","7":"product_cat-body-mission-shakesmilch","8":"product_tag-diaet","10":"first","11":"instock","12":"taxable","13":"shipping-taxable","14":"purchasable","15":"product-type-simple","16":"entry","17":"content-bg","18":"loop-entry"},"yoast_head":"<!-- This site is optimized with the Yoast SEO Premium plugin v27.5 (Yoast SEO v27.5) - https:\/\/yoast.com\/product\/yoast-seo-premium-wordpress\/ -->\n<title>Figu Active Schoko Shake Ersetzt eine komplette Mahlzeit<\/title>\n<meta name=\"description\" content=\"Ob Abnehmen, Gewicht halten oder einfach nur Zeit sparen. Unser Figu Active Schoko Shake ist unwiderstehlich lecker, ersetzt eine vollwertige Mahlzeit\" \/>\n<meta name=\"robots\" content=\"index, follow, max-snippet:-1, max-image-preview:large, max-video-preview:-1\" \/>\n<link rel=\"canonical\" href=\"https:\/\/www.lraloeverashop.eu\/de\/produkt\/figu-active-shake-creamy-chocolate\/\" \/>\n<meta property=\"og:locale\" content=\"de_DE\" \/>\n<meta property=\"og:type\" content=\"article\" \/>\n<meta property=\"og:title\" content=\"Figu Active Schoko Shake\" \/>\n<meta property=\"og:description\" content=\"Ob Abnehmen, Gewicht halten oder einfach nur Zeit sparen. Unser Figu Active Schoko Shake ist unwiderstehlich lecker, ersetzt eine vollwertige Mahlzeit\" \/>\n<meta property=\"og:url\" content=\"https:\/\/www.lraloeverashop.eu\/de\/produkt\/figu-active-shake-creamy-chocolate\/\" \/>\n<meta property=\"og:site_name\" content=\"Lr Aloe Vera Shop\" \/>\n<meta property=\"article:publisher\" content=\"https:\/\/www.facebook.com\/lraloeverashop.eu\" \/>\n<meta property=\"article:modified_time\" content=\"2026-02-03T17:36:56+00:00\" \/>\n<meta property=\"og:image\" content=\"https:\/\/www.lraloeverashop.eu\/wp-content\/uploads\/2023\/01\/Figuactive-Weight-Loss-Shake-Chocolate.jpg\" \/>\n\t<meta property=\"og:image:width\" content=\"1200\" \/>\n\t<meta property=\"og:image:height\" content=\"1200\" \/>\n\t<meta property=\"og:image:type\" content=\"image\/jpeg\" \/>\n<meta name=\"twitter:card\" content=\"summary_large_image\" \/>\n<meta name=\"twitter:site\" content=\"@natur__kosmetik\" \/>\n<script type=\"application\/ld+json\" class=\"yoast-schema-graph\">{\"@context\":\"https:\\\/\\\/schema.org\",\"@graph\":[{\"@type\":[\"WebPage\",\"ItemPage\"],\"@id\":\"https:\\\/\\\/www.lraloeverashop.eu\\\/de\\\/produkt\\\/figu-active-shake-creamy-chocolate\\\/\",\"url\":\"https:\\\/\\\/www.lraloeverashop.eu\\\/de\\\/produkt\\\/figu-active-shake-creamy-chocolate\\\/\",\"name\":\"Figu Active Schoko Shake Ersetzt eine komplette Mahlzeit\",\"isPartOf\":{\"@id\":\"https:\\\/\\\/www.lraloeverashop.eu\\\/de\\\/#website\"},\"primaryImageOfPage\":{\"@id\":\"https:\\\/\\\/www.lraloeverashop.eu\\\/de\\\/produkt\\\/figu-active-shake-creamy-chocolate\\\/#primaryimage\"},\"image\":{\"@id\":\"https:\\\/\\\/www.lraloeverashop.eu\\\/de\\\/produkt\\\/figu-active-shake-creamy-chocolate\\\/#primaryimage\"},\"thumbnailUrl\":\"https:\\\/\\\/www.lraloeverashop.eu\\\/wp-content\\\/uploads\\\/2023\\\/01\\\/Figuactive-Weight-Loss-Shake-Chocolate.jpg\",\"datePublished\":\"2022-10-15T18:05:46+00:00\",\"dateModified\":\"2026-02-03T17:36:56+00:00\",\"description\":\"Ob Abnehmen, Gewicht halten oder einfach nur Zeit sparen. Unser Figu Active Schoko Shake ist unwiderstehlich lecker, ersetzt eine vollwertige Mahlzeit\",\"breadcrumb\":{\"@id\":\"https:\\\/\\\/www.lraloeverashop.eu\\\/de\\\/produkt\\\/figu-active-shake-creamy-chocolate\\\/#breadcrumb\"},\"inLanguage\":\"de\",\"potentialAction\":[{\"@type\":\"ReadAction\",\"target\":[\"https:\\\/\\\/www.lraloeverashop.eu\\\/de\\\/produkt\\\/figu-active-shake-creamy-chocolate\\\/\"]}]},{\"@type\":\"ImageObject\",\"inLanguage\":\"de\",\"@id\":\"https:\\\/\\\/www.lraloeverashop.eu\\\/de\\\/produkt\\\/figu-active-shake-creamy-chocolate\\\/#primaryimage\",\"url\":\"https:\\\/\\\/www.lraloeverashop.eu\\\/wp-content\\\/uploads\\\/2023\\\/01\\\/Figuactive-Weight-Loss-Shake-Chocolate.jpg\",\"contentUrl\":\"https:\\\/\\\/www.lraloeverashop.eu\\\/wp-content\\\/uploads\\\/2023\\\/01\\\/Figuactive-Weight-Loss-Shake-Chocolate.jpg\",\"width\":1200,\"height\":1200,\"caption\":\"Figu Active Schoko Shake - zum Fr\u00fchst\u00fcck, Mittag- oder Abendessen.\"},{\"@type\":\"BreadcrumbList\",\"@id\":\"https:\\\/\\\/www.lraloeverashop.eu\\\/de\\\/produkt\\\/figu-active-shake-creamy-chocolate\\\/#breadcrumb\",\"itemListElement\":[{\"@type\":\"ListItem\",\"position\":1,\"name\":\"Home\",\"item\":\"https:\\\/\\\/www.lraloeverashop.eu\\\/de\\\/\"},{\"@type\":\"ListItem\",\"position\":2,\"name\":\"Shop\",\"item\":\"https:\\\/\\\/www.lraloeverashop.eu\\\/de\\\/shop-2\\\/\"},{\"@type\":\"ListItem\",\"position\":3,\"name\":\"Figu Active Schoko Shake\"}]},{\"@type\":\"WebSite\",\"@id\":\"https:\\\/\\\/www.lraloeverashop.eu\\\/de\\\/#website\",\"url\":\"https:\\\/\\\/www.lraloeverashop.eu\\\/de\\\/\",\"name\":\"Lr Aloe Vera Shop\",\"description\":\"High Quality Lr Aloe Vera Gel, Aloe Vera Cream and Shampoo\",\"publisher\":{\"@id\":\"https:\\\/\\\/www.lraloeverashop.eu\\\/de\\\/#organization\"},\"alternateName\":\"LR\",\"potentialAction\":[{\"@type\":\"SearchAction\",\"target\":{\"@type\":\"EntryPoint\",\"urlTemplate\":\"https:\\\/\\\/www.lraloeverashop.eu\\\/de\\\/?s={search_term_string}\"},\"query-input\":{\"@type\":\"PropertyValueSpecification\",\"valueRequired\":true,\"valueName\":\"search_term_string\"}}],\"inLanguage\":\"de\"},{\"@type\":\"Organization\",\"@id\":\"https:\\\/\\\/www.lraloeverashop.eu\\\/de\\\/#organization\",\"name\":\"Lr Aloe Vera Shop\",\"alternateName\":\"LR\",\"url\":\"https:\\\/\\\/www.lraloeverashop.eu\\\/de\\\/\",\"logo\":{\"@type\":\"ImageObject\",\"inLanguage\":\"de\",\"@id\":\"https:\\\/\\\/www.lraloeverashop.eu\\\/de\\\/#\\\/schema\\\/logo\\\/image\\\/\",\"url\":\"https:\\\/\\\/www.lraloeverashop.eu\\\/wp-content\\\/uploads\\\/2022\\\/09\\\/cropped-Lr-Aloe-Vera-Shop.jpg\",\"contentUrl\":\"https:\\\/\\\/www.lraloeverashop.eu\\\/wp-content\\\/uploads\\\/2022\\\/09\\\/cropped-Lr-Aloe-Vera-Shop.jpg\",\"width\":228,\"height\":76,\"caption\":\"Lr Aloe Vera Shop\"},\"image\":{\"@id\":\"https:\\\/\\\/www.lraloeverashop.eu\\\/de\\\/#\\\/schema\\\/logo\\\/image\\\/\"},\"sameAs\":[\"https:\\\/\\\/www.facebook.com\\\/lraloeverashop.eu\",\"https:\\\/\\\/x.com\\\/natur__kosmetik\",\"https:\\\/\\\/www.youtube.com\\\/channel\\\/UC5oN7BJ8nfYb8RpVtjwDEBA\",\"https:\\\/\\\/www.instagram.com\\\/lrbeautyeu\\\/\"],\"description\":\"LR Aloe Vera Shop ist Ihre vertrauensw\u00fcrdige Adresse f\u00fcr hochwertige LR Health & Beauty Produkte aus Deutschland. Wir bieten Ihnen erstklassige Aloe Vera Hautpflege, N\u00e4hrstoffe und Anti-Aging-Produkte mit reinen Inhaltsstoffen, die auf wissenschaftlichen Erkenntnissen basieren. Entdecken Sie nat\u00fcrliche Pflege, die Ihre Haut regeneriert, sch\u00fctzt und revitalisiert \u2013 und profitieren Sie von exklusiven Monatsangeboten auf unsere Bestseller von LR Aloe Vera. Starten Sie noch heute Ihre Reise zu nat\u00fcrlicher Hautpflege und sp\u00fcren Sie den Unterschied.\",\"email\":\"info@lraloeverashop.eu\",\"telephone\":\"+49 17670609653\",\"legalName\":\"Lr Aloe Vera Shop\",\"foundingDate\":\"2018-04-21\",\"numberOfEmployees\":{\"@type\":\"QuantitativeValue\",\"minValue\":\"1\",\"maxValue\":\"10\"}}]}<\/script>\n<meta property=\"product:price:amount\" content=\"48.59\" \/>\n<meta property=\"product:price:currency\" content=\"EUR\" \/>\n<meta property=\"og:availability\" content=\"instock\" \/>\n<meta property=\"product:availability\" content=\"instock\" \/>\n<meta property=\"product:retailer_item_id\" content=\"81243-1DE\" \/>\n<meta property=\"product:condition\" content=\"new\" \/>\n<!-- \/ Yoast SEO Premium plugin. -->","yoast_head_json":{"title":"Figu Active Schoko Shake Ersetzt eine komplette Mahlzeit","description":"Ob Abnehmen, Gewicht halten oder einfach nur Zeit sparen. Unser Figu Active Schoko Shake ist unwiderstehlich lecker, ersetzt eine vollwertige Mahlzeit","robots":{"index":"index","follow":"follow","max-snippet":"max-snippet:-1","max-image-preview":"max-image-preview:large","max-video-preview":"max-video-preview:-1"},"canonical":"https:\/\/www.lraloeverashop.eu\/de\/produkt\/figu-active-shake-creamy-chocolate\/","og_locale":"de_DE","og_type":"article","og_title":"Figu Active Schoko Shake","og_description":"Ob Abnehmen, Gewicht halten oder einfach nur Zeit sparen. Unser Figu Active Schoko Shake ist unwiderstehlich lecker, ersetzt eine vollwertige Mahlzeit","og_url":"https:\/\/www.lraloeverashop.eu\/de\/produkt\/figu-active-shake-creamy-chocolate\/","og_site_name":"Lr Aloe Vera Shop","article_publisher":"https:\/\/www.facebook.com\/lraloeverashop.eu","article_modified_time":"2026-02-03T17:36:56+00:00","og_image":[{"width":1200,"height":1200,"url":"https:\/\/www.lraloeverashop.eu\/wp-content\/uploads\/2023\/01\/Figuactive-Weight-Loss-Shake-Chocolate.jpg","type":"image\/jpeg"}],"twitter_card":"summary_large_image","twitter_site":"@natur__kosmetik","schema":{"@context":"https:\/\/schema.org","@graph":[{"@type":["WebPage","ItemPage"],"@id":"https:\/\/www.lraloeverashop.eu\/de\/produkt\/figu-active-shake-creamy-chocolate\/","url":"https:\/\/www.lraloeverashop.eu\/de\/produkt\/figu-active-shake-creamy-chocolate\/","name":"Figu Active Schoko Shake Ersetzt eine komplette Mahlzeit","isPartOf":{"@id":"https:\/\/www.lraloeverashop.eu\/de\/#website"},"primaryImageOfPage":{"@id":"https:\/\/www.lraloeverashop.eu\/de\/produkt\/figu-active-shake-creamy-chocolate\/#primaryimage"},"image":{"@id":"https:\/\/www.lraloeverashop.eu\/de\/produkt\/figu-active-shake-creamy-chocolate\/#primaryimage"},"thumbnailUrl":"https:\/\/www.lraloeverashop.eu\/wp-content\/uploads\/2023\/01\/Figuactive-Weight-Loss-Shake-Chocolate.jpg","datePublished":"2022-10-15T18:05:46+00:00","dateModified":"2026-02-03T17:36:56+00:00","description":"Ob Abnehmen, Gewicht halten oder einfach nur Zeit sparen. Unser Figu Active Schoko Shake ist unwiderstehlich lecker, ersetzt eine vollwertige Mahlzeit","breadcrumb":{"@id":"https:\/\/www.lraloeverashop.eu\/de\/produkt\/figu-active-shake-creamy-chocolate\/#breadcrumb"},"inLanguage":"de","potentialAction":[{"@type":"ReadAction","target":["https:\/\/www.lraloeverashop.eu\/de\/produkt\/figu-active-shake-creamy-chocolate\/"]}]},{"@type":"ImageObject","inLanguage":"de","@id":"https:\/\/www.lraloeverashop.eu\/de\/produkt\/figu-active-shake-creamy-chocolate\/#primaryimage","url":"https:\/\/www.lraloeverashop.eu\/wp-content\/uploads\/2023\/01\/Figuactive-Weight-Loss-Shake-Chocolate.jpg","contentUrl":"https:\/\/www.lraloeverashop.eu\/wp-content\/uploads\/2023\/01\/Figuactive-Weight-Loss-Shake-Chocolate.jpg","width":1200,"height":1200,"caption":"Figu Active Schoko Shake - zum Fr\u00fchst\u00fcck, Mittag- oder Abendessen."},{"@type":"BreadcrumbList","@id":"https:\/\/www.lraloeverashop.eu\/de\/produkt\/figu-active-shake-creamy-chocolate\/#breadcrumb","itemListElement":[{"@type":"ListItem","position":1,"name":"Home","item":"https:\/\/www.lraloeverashop.eu\/de\/"},{"@type":"ListItem","position":2,"name":"Shop","item":"https:\/\/www.lraloeverashop.eu\/de\/shop-2\/"},{"@type":"ListItem","position":3,"name":"Figu Active Schoko Shake"}]},{"@type":"WebSite","@id":"https:\/\/www.lraloeverashop.eu\/de\/#website","url":"https:\/\/www.lraloeverashop.eu\/de\/","name":"Lr Aloe Vera Shop","description":"High Quality Lr Aloe Vera Gel, Aloe Vera Cream and Shampoo","publisher":{"@id":"https:\/\/www.lraloeverashop.eu\/de\/#organization"},"alternateName":"LR","potentialAction":[{"@type":"SearchAction","target":{"@type":"EntryPoint","urlTemplate":"https:\/\/www.lraloeverashop.eu\/de\/?s={search_term_string}"},"query-input":{"@type":"PropertyValueSpecification","valueRequired":true,"valueName":"search_term_string"}}],"inLanguage":"de"},{"@type":"Organization","@id":"https:\/\/www.lraloeverashop.eu\/de\/#organization","name":"Lr Aloe Vera Shop","alternateName":"LR","url":"https:\/\/www.lraloeverashop.eu\/de\/","logo":{"@type":"ImageObject","inLanguage":"de","@id":"https:\/\/www.lraloeverashop.eu\/de\/#\/schema\/logo\/image\/","url":"https:\/\/www.lraloeverashop.eu\/wp-content\/uploads\/2022\/09\/cropped-Lr-Aloe-Vera-Shop.jpg","contentUrl":"https:\/\/www.lraloeverashop.eu\/wp-content\/uploads\/2022\/09\/cropped-Lr-Aloe-Vera-Shop.jpg","width":228,"height":76,"caption":"Lr Aloe Vera Shop"},"image":{"@id":"https:\/\/www.lraloeverashop.eu\/de\/#\/schema\/logo\/image\/"},"sameAs":["https:\/\/www.facebook.com\/lraloeverashop.eu","https:\/\/x.com\/natur__kosmetik","https:\/\/www.youtube.com\/channel\/UC5oN7BJ8nfYb8RpVtjwDEBA","https:\/\/www.instagram.com\/lrbeautyeu\/"],"description":"LR Aloe Vera Shop ist Ihre vertrauensw\u00fcrdige Adresse f\u00fcr hochwertige LR Health & Beauty Produkte aus Deutschland. Wir bieten Ihnen erstklassige Aloe Vera Hautpflege, N\u00e4hrstoffe und Anti-Aging-Produkte mit reinen Inhaltsstoffen, die auf wissenschaftlichen Erkenntnissen basieren. Entdecken Sie nat\u00fcrliche Pflege, die Ihre Haut regeneriert, sch\u00fctzt und revitalisiert \u2013 und profitieren Sie von exklusiven Monatsangeboten auf unsere Bestseller von LR Aloe Vera. Starten Sie noch heute Ihre Reise zu nat\u00fcrlicher Hautpflege und sp\u00fcren Sie den Unterschied.","email":"info@lraloeverashop.eu","telephone":"+49 17670609653","legalName":"Lr Aloe Vera Shop","foundingDate":"2018-04-21","numberOfEmployees":{"@type":"QuantitativeValue","minValue":"1","maxValue":"10"}}]},"product_price_amount":"48.59","product_price_currency":"EUR","og_availability":"instock","product_availability":"instock","product_retailer_item_id":"81243-1DE","product_condition":"new"},"taxonomy_info":{"product_cat":[{"value":334,"label":"Mahlzeitenersatz"},{"value":310,"label":"Shakes"}],"product_tag":[{"value":593,"label":"Di\u00e4t"}]},"featured_image_src_large":["https:\/\/www.lraloeverashop.eu\/wp-content\/uploads\/2023\/01\/Figuactive-Weight-Loss-Shake-Chocolate-1024x1024.jpg",1024,1024,true],"author_info":[],"comment_info":0,"_links":{"self":[{"href":"https:\/\/www.lraloeverashop.eu\/de\/wp-json\/wp\/v2\/product\/9216","targetHints":{"allow":["GET"]}}],"collection":[{"href":"https:\/\/www.lraloeverashop.eu\/de\/wp-json\/wp\/v2\/product"}],"about":[{"href":"https:\/\/www.lraloeverashop.eu\/de\/wp-json\/wp\/v2\/types\/product"}],"replies":[{"embeddable":true,"href":"https:\/\/www.lraloeverashop.eu\/de\/wp-json\/wp\/v2\/comments?post=9216"}],"wp:featuredmedia":[{"embeddable":true,"href":"https:\/\/www.lraloeverashop.eu\/de\/wp-json\/wp\/v2\/media\/9764"}],"wp:attachment":[{"href":"https:\/\/www.lraloeverashop.eu\/de\/wp-json\/wp\/v2\/media?parent=9216"}],"wp:term":[{"taxonomy":"product_brand","embeddable":true,"href":"https:\/\/www.lraloeverashop.eu\/de\/wp-json\/wp\/v2\/product_brand?post=9216"},{"taxonomy":"product_cat","embeddable":true,"href":"https:\/\/www.lraloeverashop.eu\/de\/wp-json\/wp\/v2\/product_cat?post=9216"},{"taxonomy":"product_tag","embeddable":true,"href":"https:\/\/www.lraloeverashop.eu\/de\/wp-json\/wp\/v2\/product_tag?post=9216"}],"curies":[{"name":"wp","href":"https:\/\/api.w.org\/{rel}","templated":true}]}}