{"id":9180,"date":"2022-10-15T20:36:59","date_gmt":"2022-10-15T18:36:59","guid":{"rendered":"https:\/\/www.lraloeverashop.eu\/product\/figu-active-shake-vanille\/"},"modified":"2026-02-03T18:36:24","modified_gmt":"2026-02-03T17:36:24","slug":"figu-active-shake-vanille","status":"publish","type":"product","link":"https:\/\/www.lraloeverashop.eu\/de\/produkt\/figu-active-shake-vanille\/","title":{"rendered":"Figu Active Shake Vanille"},"content":{"rendered":"<h2><span style=\"font-size: 16pt;\"><strong>Figu Active Shake Vanille<\/strong><\/span><\/h2>\n<p><span style=\"font-size: 14pt;\"><strong>Figu Active Shake Vanille mit nur 216 Kalorien pro Portion<\/strong><\/span><\/p>\n<p>Ob Abnehmen, Gewicht halten oder einfach nur Zeit sparen. Unser Figu Active Shake Vanille ist unwiderstehlich lecker, ersetzt eine vollwertige <a href=\"https:\/\/www.lraloeverashop.eu\/de\/produkt\/figu-active-shake-erdbeer-banane\/\">Mahlzeit<\/a> und enth\u00e4lt viele wertvolle nat\u00fcrliche Inhaltsstoffe. Der Shake ist eine <a href=\"https:\/\/www.lraloeverashop.eu\/de\/produkt\/suesskartoffelsuppe-kuerbis-figu-active\/\"><strong>vollwertige Mahlzeit<\/strong><\/a> mit einer perfekten Balance aus Kalorienreduktion und Versorgung mit allen N\u00e4hrstoffen, die der K\u00f6rper ben\u00f6tigt.<\/p>\n<p>&nbsp;<\/p>\n<p><a href=\"https:\/\/www.lraloeverashop.eu\/wp-content\/uploads\/2024\/09\/weight-loss-diet-review-300x300.jpeg\"><img loading=\"lazy\" decoding=\"async\" class=\"alignleft wp-image-16350 size-medium\" src=\"https:\/\/www.lraloeverashop.eu\/wp-content\/uploads\/2024\/09\/weight-loss-diet-review-300x300.jpeg\" alt=\"Testbericht zur Di\u00e4t zur Gewichtsreduktion\" width=\"300\" height=\"300\" srcset=\"https:\/\/www.lraloeverashop.eu\/wp-content\/uploads\/2024\/09\/weight-loss-diet-review-300x300.jpeg 300w, https:\/\/www.lraloeverashop.eu\/wp-content\/uploads\/2024\/09\/weight-loss-diet-review-1024x1024.jpeg 1024w, https:\/\/www.lraloeverashop.eu\/wp-content\/uploads\/2024\/09\/weight-loss-diet-review-150x150.jpeg 150w, https:\/\/www.lraloeverashop.eu\/wp-content\/uploads\/2024\/09\/weight-loss-diet-review-768x768.jpeg 768w, https:\/\/www.lraloeverashop.eu\/wp-content\/uploads\/2024\/09\/weight-loss-diet-review-600x600.jpeg 600w, https:\/\/www.lraloeverashop.eu\/wp-content\/uploads\/2024\/09\/weight-loss-diet-review-100x100.jpeg 100w, https:\/\/www.lraloeverashop.eu\/wp-content\/uploads\/2024\/09\/weight-loss-diet-review.jpeg 1200w\" sizes=\"auto, (max-width: 300px) 100vw, 300px\" \/><\/a>Dieser Figu Active Shake Vanille enth\u00e4lt Inulin. Da Inulin eine anregende Wirkung auf die Darmfunktion und die Darmflora hat, kann eine erh\u00f6hte Aufnahme zu Verdauungsproblemen (Bl\u00e4hungen, Durchfall) f\u00fchren.<\/p>\n<p>Menschen mit einem empfindlichen Magen-Darm-Trakt sollten vor dem Verzehr des Produkts ihren Arzt konsultieren.<\/p>\n<p>Besonders leckere, abwechslungsreiche und 100 % vegane Gerichte mit nat\u00fcrlichen Aromen sorgen f\u00fcr viel Abwechslung auf dem Speiseplan.<\/p>\n<p>Ein hoher Gehalt an wertvollen Ballaststoffen und eine sorgf\u00e4ltig ausgew\u00e4hlte Mischung aus pflanzlichen <a href=\"https:\/\/www.lraloeverashop.eu\/de\/produkt\/protein-power-getraenkepulver-vanille\/\">Proteinen<\/a> unterst\u00fctzen Sie auf nat\u00fcrliche Weise bei Ihrer Ern\u00e4hrung.<\/p>\n<p>&nbsp;<\/p>\n<p>&nbsp;<\/p>\n<p><a style=\"transition-property: all; outline: 0px;\" href=\"https:\/\/www.lraloeverashop.eu\/wp-content\/uploads\/2024\/09\/man-weight-loss-before-and-after-300x300.jpeg\"><img loading=\"lazy\" decoding=\"async\" class=\"alignleft wp-image-16357 size-medium\" style=\"margin-right: var(--global-md-spacing);\" src=\"https:\/\/www.lraloeverashop.eu\/wp-content\/uploads\/2024\/09\/man-weight-loss-before-and-after-300x300.jpeg\" alt=\"Di\u00e4t zum Abnehmen vorher und nachher\" width=\"300\" height=\"300\" srcset=\"https:\/\/www.lraloeverashop.eu\/wp-content\/uploads\/2024\/09\/man-weight-loss-before-and-after-300x300.jpeg 300w, https:\/\/www.lraloeverashop.eu\/wp-content\/uploads\/2024\/09\/man-weight-loss-before-and-after-1024x1024.jpeg 1024w, https:\/\/www.lraloeverashop.eu\/wp-content\/uploads\/2024\/09\/man-weight-loss-before-and-after-150x150.jpeg 150w, https:\/\/www.lraloeverashop.eu\/wp-content\/uploads\/2024\/09\/man-weight-loss-before-and-after-768x768.jpeg 768w, https:\/\/www.lraloeverashop.eu\/wp-content\/uploads\/2024\/09\/man-weight-loss-before-and-after-600x600.jpeg 600w, https:\/\/www.lraloeverashop.eu\/wp-content\/uploads\/2024\/09\/man-weight-loss-before-and-after-100x100.jpeg 100w, https:\/\/www.lraloeverashop.eu\/wp-content\/uploads\/2024\/09\/man-weight-loss-before-and-after.jpeg 1200w\" sizes=\"auto, (max-width: 300px) 100vw, 300px\" \/><\/a>Die Figu Active Shakes sind leicht zu mischen und k\u00f6nnen Fr\u00fchst\u00fcck, Mittag- oder Abendessen ersetzen und liefern alle notwendigen N\u00e4hrstoffe wie Vitamine, Mineralstoffe und Spurenelemente.<\/p>\n<p>Sparen Sie Zeit und verbrauchen Sie weniger Kalorien!<\/p>\n<p>Die FiguActive Produkte machen den Gewichtsverlust zu einem ausgewogenen, leichten und spa\u00dfigen Erlebnis\u00b9.<\/p>\n<p>Genie\u00dfen Sie die leckere Figu Active Shake Vanille als nahrhaftes Fr\u00fchst\u00fcck, als ein schmackhaftes Mittagessen am Mittag oder am Abend.<\/p>\n<p>Es liegt ganz bei Ihnen!<\/p>\n<p>&nbsp;<\/p>\n<p>Verwenden Sie die Figu Active Produkte so lange Sie m\u00f6chten: Dank ihrer speziellen Zusammensetzung, die alle wichtigen <a href=\"https:\/\/www.lraloeverashop.eu\/de\/produkt\/proteinpulver-vanille\/\">N\u00e4hrstoffe<\/a> enth\u00e4lt, ist Figu Active ein Mahlzeitenersatz, der \u00fcber lange Zeitr\u00e4ume hinweg verwendet werden kann.<\/p>\n<p>1. Das Ersetzen von zwei Ihrer t\u00e4glichen Mahlzeiten durch eine kalorienarme Ern\u00e4hrung tr\u00e4gt zur <strong><a href=\"https:\/\/www.lraloeverashop.eu\/de\/mahlzeitenersatz-figu-active-die-smarte-diaet-zum-abnehmen\/\">Gewichtsabnahme<\/a><\/strong> bei.<br \/>\n2. Das Ersetzen einer Ihrer t\u00e4glichen Mahlzeiten durch eine kalorienarme Ern\u00e4hrung hilft, das gew\u00fcnschte Gewicht nach der Gewichtsabnahme zu halten.<\/p>\n<p>&nbsp;<\/p>\n<h3><span style=\"font-size: 16pt;\"><strong> Anwendung<\/strong><\/span><\/h3>\n<p>Die Figu Active Shake Vanille unterst\u00fctzt den Gewichtsverlust und hilft Ihnen, Ihr gew\u00fcnschtes Gewicht zu halten.<\/p>\n<p><strong>Zubereitung:<\/strong> 3 Essl\u00f6ffel (28 g Pulver) in 300 ml fettarme, laktosefreie Milch (1,5% Fett) in einem gro\u00dfen Glas von mindestens 300 ml Inhalt mischen. Es wird auch empfohlen, den LR Shaker zu verwenden.<\/p>\n<p>Lass es ein bisschen ruhen, r\u00fchr dich wieder und dein Fr\u00fchst\u00fcck, Mittag- oder Abendessen ist fertig! Verzehren Sie sofort nach der Zubereitung.\u00a0Stellen Sie sicher, dass Sie w\u00e4hrend Ihrer Di\u00e4t viel trinken. Trinken Sie vorzugsweise 2-3 Liter kalorienfreien oder <a href=\"https:\/\/www.lraloeverashop.eu\/de\/produkt\/kraeuter-fasten-tee\/\">zuckerfreien Tee<\/a>. Das Produkt erf\u00fcllt seinen Zweck nur im Rahmen einer Ern\u00e4hrung kalorienarmen Di\u00e4t.<\/p>\n<p>Sorgen Sie f\u00fcr eine reichhaltige, ausgewogene Ern\u00e4hrung und einen gesunden Lebensstil.\u00a0Ihre Di\u00e4t sollte andere Nahrungsmittel einschlie\u00dfen. Die vorbereitete Mahlzeit enth\u00e4lt alle notwendigen N\u00e4hrstoffe in ausreichenden Mengen. Enth\u00e4lt nat\u00fcrliche Zucker.\u00a0Sch\u00fctteln Sie das Paket vor der Verwendung. Das F\u00fcllvolumen des Produktes unterliegt technischen Variationen. An einem k\u00fchlen, trockenen Ort aufbewahren und kurz nach dem \u00d6ffnen verbrauchen.<\/p>\n<p>&nbsp;<\/p>\n","protected":false},"excerpt":{"rendered":"<ul>\n<li>Cremiger Shake mit Vanillegeschmack<\/li>\n<li>Jede Portion ersetzt eine komplette Mahlzeit<\/li>\n<li>Zum Abnehmen und Gewicht halten<\/li>\n<li>Unterst\u00fctzt die Gewichtsabnahme mit nur 216 Kalorien pro Portion<\/li>\n<li>100% vegan, mit Stevia ges\u00fc\u00dft, nur nat\u00fcrliche Aromen<\/li>\n<li>Hoher Ballaststoff- und Proteingehalt<\/li>\n<li>Frei von Gluten, Laktose, Palm\u00f6l, k\u00fcnstlichen Farbstoffen und Geschmacksverst\u00e4rkern<\/li>\n<li>Menge: 496 g<\/li>\n<\/ul>\n<p><span style=\"color: #ff0000;\"><a style=\"color: #ff0000;\" href=\"https:\/\/shop.lrworld.com\/openpao?PHP=0vFlt7jT938BEnBI3a6e9w%3D%3D\"><span style=\"font-size: 14pt;\"><strong>Hier registrieren und dauerhaft 35\u202f% sparen<\/strong><\/span><\/a><\/span><\/p>\n","protected":false},"featured_media":9743,"comment_status":"open","ping_status":"closed","template":"","meta":{"_kad_blocks_custom_css":"","_kad_blocks_head_custom_js":"","_kad_blocks_body_custom_js":"","_kad_blocks_footer_custom_js":"","_kadence_starter_templates_imported_post":false,"_kad_post_transparent":"default","_kad_post_title":"","_kad_post_layout":"default","_kad_post_sidebar_id":"","_kad_post_content_style":"default","_kad_post_vertical_padding":"default","_kad_post_feature":"","_kad_post_feature_position":"","_kad_post_header":false,"_kad_post_footer":false,"_kad_post_classname":""},"product_brand":[],"product_cat":[334,310],"product_tag":[593],"class_list":{"0":"post-9180","1":"product","2":"type-product","3":"status-publish","4":"has-post-thumbnail","6":"product_cat-body-mission","7":"product_cat-body-mission-shakesmilch","8":"product_tag-diaet","10":"first","11":"instock","12":"taxable","13":"shipping-taxable","14":"purchasable","15":"product-type-simple","16":"entry","17":"content-bg","18":"loop-entry"},"yoast_head":"<!-- This site is optimized with the Yoast SEO Premium plugin v27.5 (Yoast SEO v27.5) - https:\/\/yoast.com\/product\/yoast-seo-premium-wordpress\/ -->\n<title>Figu Active Shake Vanille mit nur 216 Kalorien pro Portion<\/title>\n<meta name=\"description\" content=\"Ob Abnehmen, Gewicht halten oder einfach nur Zeit sparen. Unser Figu Active Shake Vanille ist unwiderstehlich lecker und ersetzt eine vollwertige Mahlzeit\" \/>\n<meta name=\"robots\" content=\"index, follow, max-snippet:-1, max-image-preview:large, max-video-preview:-1\" \/>\n<link rel=\"canonical\" href=\"https:\/\/www.lraloeverashop.eu\/de\/produkt\/figu-active-shake-vanille\/\" \/>\n<meta property=\"og:locale\" content=\"de_DE\" \/>\n<meta property=\"og:type\" content=\"article\" \/>\n<meta property=\"og:title\" content=\"Figu Active Shake Vanille\" \/>\n<meta property=\"og:description\" content=\"Ob Abnehmen, Gewicht halten oder einfach nur Zeit sparen. Unser Figu Active Shake Vanille ist unwiderstehlich lecker und ersetzt eine vollwertige Mahlzeit\" \/>\n<meta property=\"og:url\" content=\"https:\/\/www.lraloeverashop.eu\/de\/produkt\/figu-active-shake-vanille\/\" \/>\n<meta property=\"og:site_name\" content=\"Lr Aloe Vera Shop\" \/>\n<meta property=\"article:publisher\" content=\"https:\/\/www.facebook.com\/lraloeverashop.eu\" \/>\n<meta property=\"article:modified_time\" content=\"2026-02-03T17:36:24+00:00\" \/>\n<meta property=\"og:image\" content=\"https:\/\/www.lraloeverashop.eu\/wp-content\/uploads\/2023\/01\/FiguActive-Shake-Vanilla.jpg\" \/>\n\t<meta property=\"og:image:width\" content=\"1200\" \/>\n\t<meta property=\"og:image:height\" content=\"1200\" \/>\n\t<meta property=\"og:image:type\" content=\"image\/jpeg\" \/>\n<meta name=\"twitter:card\" content=\"summary_large_image\" \/>\n<meta name=\"twitter:site\" content=\"@natur__kosmetik\" \/>\n<script type=\"application\/ld+json\" class=\"yoast-schema-graph\">{\"@context\":\"https:\\\/\\\/schema.org\",\"@graph\":[{\"@type\":[\"WebPage\",\"ItemPage\"],\"@id\":\"https:\\\/\\\/www.lraloeverashop.eu\\\/de\\\/produkt\\\/figu-active-shake-vanille\\\/\",\"url\":\"https:\\\/\\\/www.lraloeverashop.eu\\\/de\\\/produkt\\\/figu-active-shake-vanille\\\/\",\"name\":\"Figu Active Shake Vanille mit nur 216 Kalorien pro Portion\",\"isPartOf\":{\"@id\":\"https:\\\/\\\/www.lraloeverashop.eu\\\/de\\\/#website\"},\"primaryImageOfPage\":{\"@id\":\"https:\\\/\\\/www.lraloeverashop.eu\\\/de\\\/produkt\\\/figu-active-shake-vanille\\\/#primaryimage\"},\"image\":{\"@id\":\"https:\\\/\\\/www.lraloeverashop.eu\\\/de\\\/produkt\\\/figu-active-shake-vanille\\\/#primaryimage\"},\"thumbnailUrl\":\"https:\\\/\\\/www.lraloeverashop.eu\\\/wp-content\\\/uploads\\\/2023\\\/01\\\/FiguActive-Shake-Vanilla.jpg\",\"datePublished\":\"2022-10-15T18:36:59+00:00\",\"dateModified\":\"2026-02-03T17:36:24+00:00\",\"description\":\"Ob Abnehmen, Gewicht halten oder einfach nur Zeit sparen. Unser Figu Active Shake Vanille ist unwiderstehlich lecker und ersetzt eine vollwertige Mahlzeit\",\"breadcrumb\":{\"@id\":\"https:\\\/\\\/www.lraloeverashop.eu\\\/de\\\/produkt\\\/figu-active-shake-vanille\\\/#breadcrumb\"},\"inLanguage\":\"de\",\"potentialAction\":[{\"@type\":\"ReadAction\",\"target\":[\"https:\\\/\\\/www.lraloeverashop.eu\\\/de\\\/produkt\\\/figu-active-shake-vanille\\\/\"]}]},{\"@type\":\"ImageObject\",\"inLanguage\":\"de\",\"@id\":\"https:\\\/\\\/www.lraloeverashop.eu\\\/de\\\/produkt\\\/figu-active-shake-vanille\\\/#primaryimage\",\"url\":\"https:\\\/\\\/www.lraloeverashop.eu\\\/wp-content\\\/uploads\\\/2023\\\/01\\\/FiguActive-Shake-Vanilla.jpg\",\"contentUrl\":\"https:\\\/\\\/www.lraloeverashop.eu\\\/wp-content\\\/uploads\\\/2023\\\/01\\\/FiguActive-Shake-Vanilla.jpg\",\"width\":1200,\"height\":1200,\"caption\":\"Jede Portion FiguActive Shake Vanille ersetzt eine komplette Mahlzeit\"},{\"@type\":\"BreadcrumbList\",\"@id\":\"https:\\\/\\\/www.lraloeverashop.eu\\\/de\\\/produkt\\\/figu-active-shake-vanille\\\/#breadcrumb\",\"itemListElement\":[{\"@type\":\"ListItem\",\"position\":1,\"name\":\"Home\",\"item\":\"https:\\\/\\\/www.lraloeverashop.eu\\\/de\\\/\"},{\"@type\":\"ListItem\",\"position\":2,\"name\":\"Shop\",\"item\":\"https:\\\/\\\/www.lraloeverashop.eu\\\/de\\\/shop-2\\\/\"},{\"@type\":\"ListItem\",\"position\":3,\"name\":\"Figu Active Shake Vanille\"}]},{\"@type\":\"WebSite\",\"@id\":\"https:\\\/\\\/www.lraloeverashop.eu\\\/de\\\/#website\",\"url\":\"https:\\\/\\\/www.lraloeverashop.eu\\\/de\\\/\",\"name\":\"Lr Aloe Vera Shop\",\"description\":\"High Quality Lr Aloe Vera Gel, Aloe Vera Cream and Shampoo\",\"publisher\":{\"@id\":\"https:\\\/\\\/www.lraloeverashop.eu\\\/de\\\/#organization\"},\"alternateName\":\"LR\",\"potentialAction\":[{\"@type\":\"SearchAction\",\"target\":{\"@type\":\"EntryPoint\",\"urlTemplate\":\"https:\\\/\\\/www.lraloeverashop.eu\\\/de\\\/?s={search_term_string}\"},\"query-input\":{\"@type\":\"PropertyValueSpecification\",\"valueRequired\":true,\"valueName\":\"search_term_string\"}}],\"inLanguage\":\"de\"},{\"@type\":\"Organization\",\"@id\":\"https:\\\/\\\/www.lraloeverashop.eu\\\/de\\\/#organization\",\"name\":\"Lr Aloe Vera Shop\",\"alternateName\":\"LR\",\"url\":\"https:\\\/\\\/www.lraloeverashop.eu\\\/de\\\/\",\"logo\":{\"@type\":\"ImageObject\",\"inLanguage\":\"de\",\"@id\":\"https:\\\/\\\/www.lraloeverashop.eu\\\/de\\\/#\\\/schema\\\/logo\\\/image\\\/\",\"url\":\"https:\\\/\\\/www.lraloeverashop.eu\\\/wp-content\\\/uploads\\\/2022\\\/09\\\/cropped-Lr-Aloe-Vera-Shop.jpg\",\"contentUrl\":\"https:\\\/\\\/www.lraloeverashop.eu\\\/wp-content\\\/uploads\\\/2022\\\/09\\\/cropped-Lr-Aloe-Vera-Shop.jpg\",\"width\":228,\"height\":76,\"caption\":\"Lr Aloe Vera Shop\"},\"image\":{\"@id\":\"https:\\\/\\\/www.lraloeverashop.eu\\\/de\\\/#\\\/schema\\\/logo\\\/image\\\/\"},\"sameAs\":[\"https:\\\/\\\/www.facebook.com\\\/lraloeverashop.eu\",\"https:\\\/\\\/x.com\\\/natur__kosmetik\",\"https:\\\/\\\/www.youtube.com\\\/channel\\\/UC5oN7BJ8nfYb8RpVtjwDEBA\",\"https:\\\/\\\/www.instagram.com\\\/lrbeautyeu\\\/\"],\"description\":\"LR Aloe Vera Shop ist Ihre vertrauensw\u00fcrdige Adresse f\u00fcr hochwertige LR Health & Beauty Produkte aus Deutschland. Wir bieten Ihnen erstklassige Aloe Vera Hautpflege, N\u00e4hrstoffe und Anti-Aging-Produkte mit reinen Inhaltsstoffen, die auf wissenschaftlichen Erkenntnissen basieren. Entdecken Sie nat\u00fcrliche Pflege, die Ihre Haut regeneriert, sch\u00fctzt und revitalisiert \u2013 und profitieren Sie von exklusiven Monatsangeboten auf unsere Bestseller von LR Aloe Vera. Starten Sie noch heute Ihre Reise zu nat\u00fcrlicher Hautpflege und sp\u00fcren Sie den Unterschied.\",\"email\":\"info@lraloeverashop.eu\",\"telephone\":\"+49 17670609653\",\"legalName\":\"Lr Aloe Vera Shop\",\"foundingDate\":\"2018-04-21\",\"numberOfEmployees\":{\"@type\":\"QuantitativeValue\",\"minValue\":\"1\",\"maxValue\":\"10\"}}]}<\/script>\n<meta property=\"product:price:amount\" content=\"48.59\" \/>\n<meta property=\"product:price:currency\" content=\"EUR\" \/>\n<meta property=\"og:availability\" content=\"instock\" \/>\n<meta property=\"product:availability\" content=\"instock\" \/>\n<meta property=\"product:retailer_item_id\" content=\"81240-1DE\" \/>\n<meta property=\"product:condition\" content=\"new\" \/>\n<!-- \/ Yoast SEO Premium plugin. -->","yoast_head_json":{"title":"Figu Active Shake Vanille mit nur 216 Kalorien pro Portion","description":"Ob Abnehmen, Gewicht halten oder einfach nur Zeit sparen. Unser Figu Active Shake Vanille ist unwiderstehlich lecker und ersetzt eine vollwertige Mahlzeit","robots":{"index":"index","follow":"follow","max-snippet":"max-snippet:-1","max-image-preview":"max-image-preview:large","max-video-preview":"max-video-preview:-1"},"canonical":"https:\/\/www.lraloeverashop.eu\/de\/produkt\/figu-active-shake-vanille\/","og_locale":"de_DE","og_type":"article","og_title":"Figu Active Shake Vanille","og_description":"Ob Abnehmen, Gewicht halten oder einfach nur Zeit sparen. Unser Figu Active Shake Vanille ist unwiderstehlich lecker und ersetzt eine vollwertige Mahlzeit","og_url":"https:\/\/www.lraloeverashop.eu\/de\/produkt\/figu-active-shake-vanille\/","og_site_name":"Lr Aloe Vera Shop","article_publisher":"https:\/\/www.facebook.com\/lraloeverashop.eu","article_modified_time":"2026-02-03T17:36:24+00:00","og_image":[{"width":1200,"height":1200,"url":"https:\/\/www.lraloeverashop.eu\/wp-content\/uploads\/2023\/01\/FiguActive-Shake-Vanilla.jpg","type":"image\/jpeg"}],"twitter_card":"summary_large_image","twitter_site":"@natur__kosmetik","schema":{"@context":"https:\/\/schema.org","@graph":[{"@type":["WebPage","ItemPage"],"@id":"https:\/\/www.lraloeverashop.eu\/de\/produkt\/figu-active-shake-vanille\/","url":"https:\/\/www.lraloeverashop.eu\/de\/produkt\/figu-active-shake-vanille\/","name":"Figu Active Shake Vanille mit nur 216 Kalorien pro Portion","isPartOf":{"@id":"https:\/\/www.lraloeverashop.eu\/de\/#website"},"primaryImageOfPage":{"@id":"https:\/\/www.lraloeverashop.eu\/de\/produkt\/figu-active-shake-vanille\/#primaryimage"},"image":{"@id":"https:\/\/www.lraloeverashop.eu\/de\/produkt\/figu-active-shake-vanille\/#primaryimage"},"thumbnailUrl":"https:\/\/www.lraloeverashop.eu\/wp-content\/uploads\/2023\/01\/FiguActive-Shake-Vanilla.jpg","datePublished":"2022-10-15T18:36:59+00:00","dateModified":"2026-02-03T17:36:24+00:00","description":"Ob Abnehmen, Gewicht halten oder einfach nur Zeit sparen. Unser Figu Active Shake Vanille ist unwiderstehlich lecker und ersetzt eine vollwertige Mahlzeit","breadcrumb":{"@id":"https:\/\/www.lraloeverashop.eu\/de\/produkt\/figu-active-shake-vanille\/#breadcrumb"},"inLanguage":"de","potentialAction":[{"@type":"ReadAction","target":["https:\/\/www.lraloeverashop.eu\/de\/produkt\/figu-active-shake-vanille\/"]}]},{"@type":"ImageObject","inLanguage":"de","@id":"https:\/\/www.lraloeverashop.eu\/de\/produkt\/figu-active-shake-vanille\/#primaryimage","url":"https:\/\/www.lraloeverashop.eu\/wp-content\/uploads\/2023\/01\/FiguActive-Shake-Vanilla.jpg","contentUrl":"https:\/\/www.lraloeverashop.eu\/wp-content\/uploads\/2023\/01\/FiguActive-Shake-Vanilla.jpg","width":1200,"height":1200,"caption":"Jede Portion FiguActive Shake Vanille ersetzt eine komplette Mahlzeit"},{"@type":"BreadcrumbList","@id":"https:\/\/www.lraloeverashop.eu\/de\/produkt\/figu-active-shake-vanille\/#breadcrumb","itemListElement":[{"@type":"ListItem","position":1,"name":"Home","item":"https:\/\/www.lraloeverashop.eu\/de\/"},{"@type":"ListItem","position":2,"name":"Shop","item":"https:\/\/www.lraloeverashop.eu\/de\/shop-2\/"},{"@type":"ListItem","position":3,"name":"Figu Active Shake Vanille"}]},{"@type":"WebSite","@id":"https:\/\/www.lraloeverashop.eu\/de\/#website","url":"https:\/\/www.lraloeverashop.eu\/de\/","name":"Lr Aloe Vera Shop","description":"High Quality Lr Aloe Vera Gel, Aloe Vera Cream and Shampoo","publisher":{"@id":"https:\/\/www.lraloeverashop.eu\/de\/#organization"},"alternateName":"LR","potentialAction":[{"@type":"SearchAction","target":{"@type":"EntryPoint","urlTemplate":"https:\/\/www.lraloeverashop.eu\/de\/?s={search_term_string}"},"query-input":{"@type":"PropertyValueSpecification","valueRequired":true,"valueName":"search_term_string"}}],"inLanguage":"de"},{"@type":"Organization","@id":"https:\/\/www.lraloeverashop.eu\/de\/#organization","name":"Lr Aloe Vera Shop","alternateName":"LR","url":"https:\/\/www.lraloeverashop.eu\/de\/","logo":{"@type":"ImageObject","inLanguage":"de","@id":"https:\/\/www.lraloeverashop.eu\/de\/#\/schema\/logo\/image\/","url":"https:\/\/www.lraloeverashop.eu\/wp-content\/uploads\/2022\/09\/cropped-Lr-Aloe-Vera-Shop.jpg","contentUrl":"https:\/\/www.lraloeverashop.eu\/wp-content\/uploads\/2022\/09\/cropped-Lr-Aloe-Vera-Shop.jpg","width":228,"height":76,"caption":"Lr Aloe Vera Shop"},"image":{"@id":"https:\/\/www.lraloeverashop.eu\/de\/#\/schema\/logo\/image\/"},"sameAs":["https:\/\/www.facebook.com\/lraloeverashop.eu","https:\/\/x.com\/natur__kosmetik","https:\/\/www.youtube.com\/channel\/UC5oN7BJ8nfYb8RpVtjwDEBA","https:\/\/www.instagram.com\/lrbeautyeu\/"],"description":"LR Aloe Vera Shop ist Ihre vertrauensw\u00fcrdige Adresse f\u00fcr hochwertige LR Health & Beauty Produkte aus Deutschland. Wir bieten Ihnen erstklassige Aloe Vera Hautpflege, N\u00e4hrstoffe und Anti-Aging-Produkte mit reinen Inhaltsstoffen, die auf wissenschaftlichen Erkenntnissen basieren. Entdecken Sie nat\u00fcrliche Pflege, die Ihre Haut regeneriert, sch\u00fctzt und revitalisiert \u2013 und profitieren Sie von exklusiven Monatsangeboten auf unsere Bestseller von LR Aloe Vera. Starten Sie noch heute Ihre Reise zu nat\u00fcrlicher Hautpflege und sp\u00fcren Sie den Unterschied.","email":"info@lraloeverashop.eu","telephone":"+49 17670609653","legalName":"Lr Aloe Vera Shop","foundingDate":"2018-04-21","numberOfEmployees":{"@type":"QuantitativeValue","minValue":"1","maxValue":"10"}}]},"product_price_amount":"48.59","product_price_currency":"EUR","og_availability":"instock","product_availability":"instock","product_retailer_item_id":"81240-1DE","product_condition":"new"},"taxonomy_info":{"product_cat":[{"value":334,"label":"Mahlzeitenersatz"},{"value":310,"label":"Shakes"}],"product_tag":[{"value":593,"label":"Di\u00e4t"}]},"featured_image_src_large":["https:\/\/www.lraloeverashop.eu\/wp-content\/uploads\/2023\/01\/FiguActive-Shake-Vanilla-1024x1024.jpg",1024,1024,true],"author_info":[],"comment_info":0,"_links":{"self":[{"href":"https:\/\/www.lraloeverashop.eu\/de\/wp-json\/wp\/v2\/product\/9180","targetHints":{"allow":["GET"]}}],"collection":[{"href":"https:\/\/www.lraloeverashop.eu\/de\/wp-json\/wp\/v2\/product"}],"about":[{"href":"https:\/\/www.lraloeverashop.eu\/de\/wp-json\/wp\/v2\/types\/product"}],"replies":[{"embeddable":true,"href":"https:\/\/www.lraloeverashop.eu\/de\/wp-json\/wp\/v2\/comments?post=9180"}],"wp:featuredmedia":[{"embeddable":true,"href":"https:\/\/www.lraloeverashop.eu\/de\/wp-json\/wp\/v2\/media\/9743"}],"wp:attachment":[{"href":"https:\/\/www.lraloeverashop.eu\/de\/wp-json\/wp\/v2\/media?parent=9180"}],"wp:term":[{"taxonomy":"product_brand","embeddable":true,"href":"https:\/\/www.lraloeverashop.eu\/de\/wp-json\/wp\/v2\/product_brand?post=9180"},{"taxonomy":"product_cat","embeddable":true,"href":"https:\/\/www.lraloeverashop.eu\/de\/wp-json\/wp\/v2\/product_cat?post=9180"},{"taxonomy":"product_tag","embeddable":true,"href":"https:\/\/www.lraloeverashop.eu\/de\/wp-json\/wp\/v2\/product_tag?post=9180"}],"curies":[{"name":"wp","href":"https:\/\/api.w.org\/{rel}","templated":true}]}}