{"id":9156,"date":"2022-10-15T20:54:19","date_gmt":"2022-10-15T18:54:19","guid":{"rendered":"https:\/\/www.lraloeverashop.eu\/product\/figu-active-suppe-tomate-mediterranee\/"},"modified":"2026-02-03T18:36:03","modified_gmt":"2026-02-03T17:36:03","slug":"figu-active-suppe-tomate-mediterranee","status":"publish","type":"product","link":"https:\/\/www.lraloeverashop.eu\/de\/produkt\/figu-active-suppe-tomate-mediterranee\/","title":{"rendered":"Figu Active Suppe Tomate-Mediterran\u00e9e"},"content":{"rendered":"<h2><span style=\"font-size: 16pt;\"><strong>Figu Active Suppe Tomate-Mediterran\u00e9e<\/strong><\/span><\/h2>\n<p><span style=\"font-size: 14pt;\"><strong>Figu Active Suppe Tomate-Mediterran\u00e9e &#8211; nahrhafte Suppe mit einem leckeren Tomatengeschmack!<\/strong><\/span><\/p>\n<p>Wenn Sie sich nach einem guten, warmen Abendessen sehnen und ein kleiner Snack nicht genug f\u00fcr Sie ist, ist die <span style=\"color: #000000;\"><a style=\"color: #000000;\" href=\"https:\/\/www.lraloeverashop.eu\/de\/produkt\/suesskartoffelsuppe-kuerbis-figu-active\/\"><strong>Figu Active Suppe<\/strong><\/a><\/span> die ideale Wahl.<\/p>\n<p>Die k\u00f6stlichen Figu Active Suppen sind sehr lecker und versorgen Ihren K\u00f6rper mit allem, was Sie brauchen, um eine komplette <a href=\"https:\/\/www.lraloeverashop.eu\/de\/produkt\/figu-active-shake-creamy-chocolate\/\">Mahlzeit<\/a> zu ersetzen.<\/p>\n<p>Diese Suppe zum Abnehmen enth\u00e4lt Inulin. Da Inulin eine anregende Wirkung auf die Darmfunktion und die Darmflora hat, kann eine vermehrte Einnahme zu Verdauungsproblemen (Bl\u00e4hungen, Durchfall) f\u00fchren. Menschen mit einem empfindlichen Magen-Darm-Trakt sollten vor dem Verzehr des Produkts ihren Arzt konsultieren.<\/p>\n<p>Die <a href=\"https:\/\/www.lraloeverashop.eu\/de\/produkt\/figu-active-gemuese-suppe-curry-india\/\">Mahlzeit Ersatz<\/a> Figu Active Suppe Tomate-Mediterran\u00e9e ist eine Tomatensuppe, die eine vollst\u00e4ndige Mahlzeit ersetzt und bietet alle wichtigen N\u00e4hrstoffe. Bereiten Sie Ihr <a href=\"https:\/\/www.lraloeverashop.eu\/de\/mahlzeitenersatz-figu-active-die-smarte-diaet-zum-abnehmen\/\">Lieblingsessen<\/a> mit frischem Gem\u00fcse Ihrer Wahl wie Tomaten oder Lauch vor.<\/p>\n<p>&nbsp;<\/p>\n<h3><strong><span style=\"font-size: 16pt;\"><a href=\"https:\/\/www.lraloeverashop.eu\/wp-content\/uploads\/2024\/09\/weight-loss-diet-review-300x300.jpeg\"><img loading=\"lazy\" decoding=\"async\" class=\"alignleft wp-image-16350 size-medium\" src=\"https:\/\/www.lraloeverashop.eu\/wp-content\/uploads\/2024\/09\/weight-loss-diet-review-300x300.jpeg\" alt=\"Testbericht zur Di\u00e4t zur Gewichtsreduktion\" width=\"300\" height=\"300\" srcset=\"https:\/\/www.lraloeverashop.eu\/wp-content\/uploads\/2024\/09\/weight-loss-diet-review-300x300.jpeg 300w, https:\/\/www.lraloeverashop.eu\/wp-content\/uploads\/2024\/09\/weight-loss-diet-review-1024x1024.jpeg 1024w, https:\/\/www.lraloeverashop.eu\/wp-content\/uploads\/2024\/09\/weight-loss-diet-review-150x150.jpeg 150w, https:\/\/www.lraloeverashop.eu\/wp-content\/uploads\/2024\/09\/weight-loss-diet-review-768x768.jpeg 768w, https:\/\/www.lraloeverashop.eu\/wp-content\/uploads\/2024\/09\/weight-loss-diet-review-600x600.jpeg 600w, https:\/\/www.lraloeverashop.eu\/wp-content\/uploads\/2024\/09\/weight-loss-diet-review-100x100.jpeg 100w, https:\/\/www.lraloeverashop.eu\/wp-content\/uploads\/2024\/09\/weight-loss-diet-review.jpeg 1200w\" sizes=\"auto, (max-width: 300px) 100vw, 300px\" \/><\/a>Zubereitung <\/span><\/strong><\/h3>\n<p>Mischen Sie 7 volle Essl\u00f6ffel die Figu Active Suppe Tomate-Mediterran\u00e9e in 350 ml hei\u00dfes Wasser. Verwenden Sie eine Sch\u00fcssel mit einer Kapazit\u00e4t von mehr als 350 ml. Lassen Sie es eine Weile sitzen, r\u00fchren Sie sich wieder und der Ersatz f\u00fcr Ihr Mittag- oder Abendessen ist fertig.<\/p>\n<p>Stellen Sie sicher, dass Sie w\u00e4hrend der Di\u00e4t viel trinken. Trinken Sie vorzugsweise 2-3 Liter kalorienfreien oder zuckerfreien Tee. Das Produkt erf\u00fcllt seinen Zweck nur im Rahmen einer kalorienarmen Di\u00e4t. Sorgen Sie f\u00fcr eine reichhaltige, ausgewogene Ern\u00e4hrung und einen <a href=\"https:\/\/www.lraloeverashop.eu\/de\/produkt\/figu-active-shake-vanille\/\">gesunden Lebensstil<\/a>.<\/p>\n<p>&nbsp;<\/p>\n<p>&nbsp;<\/p>\n<p><a href=\"https:\/\/www.lraloeverashop.eu\/wp-content\/uploads\/2024\/09\/man-weight-loss-before-and-after-300x300.jpeg\"><img loading=\"lazy\" decoding=\"async\" class=\"alignleft wp-image-16357 size-medium\" src=\"https:\/\/www.lraloeverashop.eu\/wp-content\/uploads\/2024\/09\/man-weight-loss-before-and-after-300x300.jpeg\" alt=\"Di\u00e4t zum Abnehmen vorher und nachher\" width=\"300\" height=\"300\" srcset=\"https:\/\/www.lraloeverashop.eu\/wp-content\/uploads\/2024\/09\/man-weight-loss-before-and-after-300x300.jpeg 300w, https:\/\/www.lraloeverashop.eu\/wp-content\/uploads\/2024\/09\/man-weight-loss-before-and-after-1024x1024.jpeg 1024w, https:\/\/www.lraloeverashop.eu\/wp-content\/uploads\/2024\/09\/man-weight-loss-before-and-after-150x150.jpeg 150w, https:\/\/www.lraloeverashop.eu\/wp-content\/uploads\/2024\/09\/man-weight-loss-before-and-after-768x768.jpeg 768w, https:\/\/www.lraloeverashop.eu\/wp-content\/uploads\/2024\/09\/man-weight-loss-before-and-after-600x600.jpeg 600w, https:\/\/www.lraloeverashop.eu\/wp-content\/uploads\/2024\/09\/man-weight-loss-before-and-after-100x100.jpeg 100w, https:\/\/www.lraloeverashop.eu\/wp-content\/uploads\/2024\/09\/man-weight-loss-before-and-after.jpeg 1200w\" sizes=\"auto, (max-width: 300px) 100vw, 300px\" \/><\/a>Ihre Di\u00e4t sollte andere Nahrungsmittel einschlie\u00dfen. Die vorbereitete Mahlzeit enth\u00e4lt alle notwendigen N\u00e4hrstoffe in ausreichenden Mengen.<\/p>\n<p>Sch\u00fctteln Sie die Figu Active Suppe Tomate-Mediterran\u00e9e vor der Verwendung. Das F\u00fcllvolumen des Produktes unterliegt technischen Variationen. An einem k\u00fchlen, trockenen Ort aufbewahren und kurz nach dem \u00d6ffnen verbrauchen.<\/p>\n<p>1. Das Ersetzen von zwei Ihrer <a href=\"https:\/\/www.lraloeverashop.eu\/de\/produkt\/figu-active-shake-erdbeer-banane\/\">t\u00e4glichen Mahlzeiten<\/a> innerhalb einer kalorienarmen Di\u00e4t tr\u00e4gt zur Gewichtsabnahme bei.<\/p>\n<p>2. Ersetzen Sie eine Ihrer t\u00e4glichen Mahlzeiten innerhalb einer <a href=\"https:\/\/www.lraloeverashop.eu\/de\/produkt\/figu-active-flakes-knusper-cranberry\/\">kalorienarmen Di\u00e4t<\/a> hilft, das gew\u00fcnschte Gewicht nach dem Gewichtsverlust zu halten.<\/p>\n","protected":false},"excerpt":{"rendered":"<ul>\n<li>Suppe mit Tomatengeschmack<\/li>\n<li>Jede Portion ersetzt eine komplette Mahlzeit<\/li>\n<li>Zum Abnehmen und Gewicht halten<\/li>\n<li>100% vegan, mit Stevia ges\u00fc\u00dft, nur nat\u00fcrliche Aromen<\/li>\n<li>Hoher Ballaststoffgehalt<\/li>\n<li>Proteinreich aus Erbsen, Soja und Ackerbohnen<\/li>\n<li>Frei von Gluten, Laktose, Palm\u00f6l, k\u00fcnstlichen Farbstoffen und Geschmacksverst\u00e4rkern<\/li>\n<li>Menge: 488 g<\/li>\n<\/ul>\n<p><span style=\"color: #ff0000;\"><a style=\"color: #ff0000;\" href=\"https:\/\/shop.lrworld.com\/openpao?PHP=0vFlt7jT938BEnBI3a6e9w%3D%3D\"><span style=\"font-size: 14pt;\"><strong>Hier registrieren und dauerhaft 35\u202f% sparen<\/strong><\/span><\/a><\/span><\/p>\n","protected":false},"featured_media":9778,"comment_status":"open","ping_status":"closed","template":"","meta":{"_kad_blocks_custom_css":"","_kad_blocks_head_custom_js":"","_kad_blocks_body_custom_js":"","_kad_blocks_footer_custom_js":"","_kadence_starter_templates_imported_post":false,"_kad_post_transparent":"default","_kad_post_title":"","_kad_post_layout":"default","_kad_post_sidebar_id":"","_kad_post_content_style":"default","_kad_post_vertical_padding":"default","_kad_post_feature":"","_kad_post_feature_position":"","_kad_post_header":false,"_kad_post_footer":false,"_kad_post_classname":""},"product_brand":[],"product_cat":[334,304],"product_tag":[593],"class_list":{"0":"post-9156","1":"product","2":"type-product","3":"status-publish","4":"has-post-thumbnail","6":"product_cat-body-mission","7":"product_cat-body-mission-suppen","8":"product_tag-diaet","10":"first","11":"instock","12":"taxable","13":"shipping-taxable","14":"purchasable","15":"product-type-simple","16":"entry","17":"content-bg","18":"loop-entry"},"yoast_head":"<!-- This site is optimized with the Yoast SEO Premium plugin v27.4 (Yoast SEO v27.4) - https:\/\/yoast.com\/product\/yoast-seo-premium-wordpress\/ -->\n<title>Figu Active Suppe Tomate-Mediterran\u00e9e Frei von Gluten, Laktose<\/title>\n<meta name=\"description\" content=\"Figu Active Suppe Tomate-Mediterran\u00e9e ist eine vollst\u00e4ndige Mahlzeit ersatz und bietet alle wichtigen N\u00e4hrstoffe. 100% vegan, mit Stevia ges\u00fc\u00dft\" \/>\n<meta name=\"robots\" content=\"index, follow, max-snippet:-1, max-image-preview:large, max-video-preview:-1\" \/>\n<link rel=\"canonical\" href=\"https:\/\/www.lraloeverashop.eu\/de\/produkt\/figu-active-suppe-tomate-mediterranee\/\" \/>\n<meta property=\"og:locale\" content=\"de_DE\" \/>\n<meta property=\"og:type\" content=\"article\" \/>\n<meta property=\"og:title\" content=\"Figu Active Suppe Tomate-Mediterran\u00e9e\" \/>\n<meta property=\"og:description\" content=\"Figu Active Suppe Tomate-Mediterran\u00e9e ist eine vollst\u00e4ndige Mahlzeit ersatz und bietet alle wichtigen N\u00e4hrstoffe. 100% vegan, mit Stevia ges\u00fc\u00dft\" \/>\n<meta property=\"og:url\" content=\"https:\/\/www.lraloeverashop.eu\/de\/produkt\/figu-active-suppe-tomate-mediterranee\/\" \/>\n<meta property=\"og:site_name\" content=\"Lr Aloe Vera Shop\" \/>\n<meta property=\"article:publisher\" content=\"https:\/\/www.facebook.com\/lraloeverashop.eu\" \/>\n<meta property=\"article:modified_time\" content=\"2026-02-03T17:36:03+00:00\" \/>\n<meta property=\"og:image\" content=\"https:\/\/www.lraloeverashop.eu\/wp-content\/uploads\/2023\/01\/Figuactive-Weight-Loss-Soup-Tomato-Mediterranee.jpg\" \/>\n\t<meta property=\"og:image:width\" content=\"1200\" \/>\n\t<meta property=\"og:image:height\" content=\"1200\" \/>\n\t<meta property=\"og:image:type\" content=\"image\/jpeg\" \/>\n<meta name=\"twitter:card\" content=\"summary_large_image\" \/>\n<meta name=\"twitter:site\" content=\"@natur__kosmetik\" \/>\n<script type=\"application\/ld+json\" class=\"yoast-schema-graph\">{\"@context\":\"https:\\\/\\\/schema.org\",\"@graph\":[{\"@type\":[\"WebPage\",\"ItemPage\"],\"@id\":\"https:\\\/\\\/www.lraloeverashop.eu\\\/de\\\/produkt\\\/figu-active-suppe-tomate-mediterranee\\\/\",\"url\":\"https:\\\/\\\/www.lraloeverashop.eu\\\/de\\\/produkt\\\/figu-active-suppe-tomate-mediterranee\\\/\",\"name\":\"Figu Active Suppe Tomate-Mediterran\u00e9e Frei von Gluten, Laktose\",\"isPartOf\":{\"@id\":\"https:\\\/\\\/www.lraloeverashop.eu\\\/de\\\/#website\"},\"primaryImageOfPage\":{\"@id\":\"https:\\\/\\\/www.lraloeverashop.eu\\\/de\\\/produkt\\\/figu-active-suppe-tomate-mediterranee\\\/#primaryimage\"},\"image\":{\"@id\":\"https:\\\/\\\/www.lraloeverashop.eu\\\/de\\\/produkt\\\/figu-active-suppe-tomate-mediterranee\\\/#primaryimage\"},\"thumbnailUrl\":\"https:\\\/\\\/www.lraloeverashop.eu\\\/wp-content\\\/uploads\\\/2023\\\/01\\\/Figuactive-Weight-Loss-Soup-Tomato-Mediterranee.jpg\",\"datePublished\":\"2022-10-15T18:54:19+00:00\",\"dateModified\":\"2026-02-03T17:36:03+00:00\",\"description\":\"Figu Active Suppe Tomate-Mediterran\u00e9e ist eine vollst\u00e4ndige Mahlzeit ersatz und bietet alle wichtigen N\u00e4hrstoffe. 100% vegan, mit Stevia ges\u00fc\u00dft\",\"breadcrumb\":{\"@id\":\"https:\\\/\\\/www.lraloeverashop.eu\\\/de\\\/produkt\\\/figu-active-suppe-tomate-mediterranee\\\/#breadcrumb\"},\"inLanguage\":\"de\",\"potentialAction\":[{\"@type\":\"ReadAction\",\"target\":[\"https:\\\/\\\/www.lraloeverashop.eu\\\/de\\\/produkt\\\/figu-active-suppe-tomate-mediterranee\\\/\"]}]},{\"@type\":\"ImageObject\",\"inLanguage\":\"de\",\"@id\":\"https:\\\/\\\/www.lraloeverashop.eu\\\/de\\\/produkt\\\/figu-active-suppe-tomate-mediterranee\\\/#primaryimage\",\"url\":\"https:\\\/\\\/www.lraloeverashop.eu\\\/wp-content\\\/uploads\\\/2023\\\/01\\\/Figuactive-Weight-Loss-Soup-Tomato-Mediterranee.jpg\",\"contentUrl\":\"https:\\\/\\\/www.lraloeverashop.eu\\\/wp-content\\\/uploads\\\/2023\\\/01\\\/Figuactive-Weight-Loss-Soup-Tomato-Mediterranee.jpg\",\"width\":1200,\"height\":1200,\"caption\":\"Figu Active Suppe Tomate-Mediterran\u00e9e\"},{\"@type\":\"BreadcrumbList\",\"@id\":\"https:\\\/\\\/www.lraloeverashop.eu\\\/de\\\/produkt\\\/figu-active-suppe-tomate-mediterranee\\\/#breadcrumb\",\"itemListElement\":[{\"@type\":\"ListItem\",\"position\":1,\"name\":\"Home\",\"item\":\"https:\\\/\\\/www.lraloeverashop.eu\\\/de\\\/\"},{\"@type\":\"ListItem\",\"position\":2,\"name\":\"Shop\",\"item\":\"https:\\\/\\\/www.lraloeverashop.eu\\\/de\\\/shop-2\\\/\"},{\"@type\":\"ListItem\",\"position\":3,\"name\":\"Figu Active Suppe Tomate-Mediterran\u00e9e\"}]},{\"@type\":\"WebSite\",\"@id\":\"https:\\\/\\\/www.lraloeverashop.eu\\\/de\\\/#website\",\"url\":\"https:\\\/\\\/www.lraloeverashop.eu\\\/de\\\/\",\"name\":\"Lr Aloe Vera Shop\",\"description\":\"High Quality Lr Aloe Vera Gel, Aloe Vera Cream and Shampoo\",\"publisher\":{\"@id\":\"https:\\\/\\\/www.lraloeverashop.eu\\\/de\\\/#organization\"},\"potentialAction\":[{\"@type\":\"SearchAction\",\"target\":{\"@type\":\"EntryPoint\",\"urlTemplate\":\"https:\\\/\\\/www.lraloeverashop.eu\\\/de\\\/?s={search_term_string}\"},\"query-input\":{\"@type\":\"PropertyValueSpecification\",\"valueRequired\":true,\"valueName\":\"search_term_string\"}}],\"inLanguage\":\"de\"},{\"@type\":\"Organization\",\"@id\":\"https:\\\/\\\/www.lraloeverashop.eu\\\/de\\\/#organization\",\"name\":\"Lr Aloe Vera Shop\",\"alternateName\":\"LR\",\"url\":\"https:\\\/\\\/www.lraloeverashop.eu\\\/de\\\/\",\"logo\":{\"@type\":\"ImageObject\",\"inLanguage\":\"de\",\"@id\":\"https:\\\/\\\/www.lraloeverashop.eu\\\/de\\\/#\\\/schema\\\/logo\\\/image\\\/\",\"url\":\"https:\\\/\\\/www.lraloeverashop.eu\\\/wp-content\\\/uploads\\\/2022\\\/09\\\/cropped-Lr-Aloe-Vera-Shop.jpg\",\"contentUrl\":\"https:\\\/\\\/www.lraloeverashop.eu\\\/wp-content\\\/uploads\\\/2022\\\/09\\\/cropped-Lr-Aloe-Vera-Shop.jpg\",\"width\":228,\"height\":76,\"caption\":\"Lr Aloe Vera Shop\"},\"image\":{\"@id\":\"https:\\\/\\\/www.lraloeverashop.eu\\\/de\\\/#\\\/schema\\\/logo\\\/image\\\/\"},\"sameAs\":[\"https:\\\/\\\/www.facebook.com\\\/lraloeverashop.eu\",\"https:\\\/\\\/x.com\\\/natur__kosmetik\",\"https:\\\/\\\/www.youtube.com\\\/channel\\\/UC5oN7BJ8nfYb8RpVtjwDEBA\",\"https:\\\/\\\/www.instagram.com\\\/lrbeautyeu\\\/\"],\"description\":\"LR Aloe Vera Shop ist Ihre vertrauensw\u00fcrdige Adresse f\u00fcr hochwertige LR Health & Beauty Produkte aus Deutschland. Wir bieten Ihnen erstklassige Aloe Vera Hautpflege, N\u00e4hrstoffe und Anti-Aging-Produkte mit reinen Inhaltsstoffen, die auf wissenschaftlichen Erkenntnissen basieren. Entdecken Sie nat\u00fcrliche Pflege, die Ihre Haut regeneriert, sch\u00fctzt und revitalisiert \u2013 und profitieren Sie von exklusiven Monatsangeboten auf unsere Bestseller von LR Aloe Vera. Starten Sie noch heute Ihre Reise zu nat\u00fcrlicher Hautpflege und sp\u00fcren Sie den Unterschied.\",\"email\":\"info@lraloeverashop.eu\",\"telephone\":\"+49 17670609653\",\"legalName\":\"Lr Aloe Vera Shop\",\"foundingDate\":\"2018-04-21\",\"numberOfEmployees\":{\"@type\":\"QuantitativeValue\",\"minValue\":\"1\",\"maxValue\":\"10\"}}]}<\/script>\n<meta property=\"product:price:amount\" content=\"48.59\" \/>\n<meta property=\"product:price:currency\" content=\"EUR\" \/>\n<meta property=\"og:availability\" content=\"instock\" \/>\n<meta property=\"product:availability\" content=\"instock\" \/>\n<meta property=\"product:retailer_item_id\" content=\"81244-1DE\" \/>\n<meta property=\"product:condition\" content=\"new\" \/>\n<!-- \/ Yoast SEO Premium plugin. -->","yoast_head_json":{"title":"Figu Active Suppe Tomate-Mediterran\u00e9e Frei von Gluten, Laktose","description":"Figu Active Suppe Tomate-Mediterran\u00e9e ist eine vollst\u00e4ndige Mahlzeit ersatz und bietet alle wichtigen N\u00e4hrstoffe. 100% vegan, mit Stevia ges\u00fc\u00dft","robots":{"index":"index","follow":"follow","max-snippet":"max-snippet:-1","max-image-preview":"max-image-preview:large","max-video-preview":"max-video-preview:-1"},"canonical":"https:\/\/www.lraloeverashop.eu\/de\/produkt\/figu-active-suppe-tomate-mediterranee\/","og_locale":"de_DE","og_type":"article","og_title":"Figu Active Suppe Tomate-Mediterran\u00e9e","og_description":"Figu Active Suppe Tomate-Mediterran\u00e9e ist eine vollst\u00e4ndige Mahlzeit ersatz und bietet alle wichtigen N\u00e4hrstoffe. 100% vegan, mit Stevia ges\u00fc\u00dft","og_url":"https:\/\/www.lraloeverashop.eu\/de\/produkt\/figu-active-suppe-tomate-mediterranee\/","og_site_name":"Lr Aloe Vera Shop","article_publisher":"https:\/\/www.facebook.com\/lraloeverashop.eu","article_modified_time":"2026-02-03T17:36:03+00:00","og_image":[{"width":1200,"height":1200,"url":"https:\/\/www.lraloeverashop.eu\/wp-content\/uploads\/2023\/01\/Figuactive-Weight-Loss-Soup-Tomato-Mediterranee.jpg","type":"image\/jpeg"}],"twitter_card":"summary_large_image","twitter_site":"@natur__kosmetik","schema":{"@context":"https:\/\/schema.org","@graph":[{"@type":["WebPage","ItemPage"],"@id":"https:\/\/www.lraloeverashop.eu\/de\/produkt\/figu-active-suppe-tomate-mediterranee\/","url":"https:\/\/www.lraloeverashop.eu\/de\/produkt\/figu-active-suppe-tomate-mediterranee\/","name":"Figu Active Suppe Tomate-Mediterran\u00e9e Frei von Gluten, Laktose","isPartOf":{"@id":"https:\/\/www.lraloeverashop.eu\/de\/#website"},"primaryImageOfPage":{"@id":"https:\/\/www.lraloeverashop.eu\/de\/produkt\/figu-active-suppe-tomate-mediterranee\/#primaryimage"},"image":{"@id":"https:\/\/www.lraloeverashop.eu\/de\/produkt\/figu-active-suppe-tomate-mediterranee\/#primaryimage"},"thumbnailUrl":"https:\/\/www.lraloeverashop.eu\/wp-content\/uploads\/2023\/01\/Figuactive-Weight-Loss-Soup-Tomato-Mediterranee.jpg","datePublished":"2022-10-15T18:54:19+00:00","dateModified":"2026-02-03T17:36:03+00:00","description":"Figu Active Suppe Tomate-Mediterran\u00e9e ist eine vollst\u00e4ndige Mahlzeit ersatz und bietet alle wichtigen N\u00e4hrstoffe. 100% vegan, mit Stevia ges\u00fc\u00dft","breadcrumb":{"@id":"https:\/\/www.lraloeverashop.eu\/de\/produkt\/figu-active-suppe-tomate-mediterranee\/#breadcrumb"},"inLanguage":"de","potentialAction":[{"@type":"ReadAction","target":["https:\/\/www.lraloeverashop.eu\/de\/produkt\/figu-active-suppe-tomate-mediterranee\/"]}]},{"@type":"ImageObject","inLanguage":"de","@id":"https:\/\/www.lraloeverashop.eu\/de\/produkt\/figu-active-suppe-tomate-mediterranee\/#primaryimage","url":"https:\/\/www.lraloeverashop.eu\/wp-content\/uploads\/2023\/01\/Figuactive-Weight-Loss-Soup-Tomato-Mediterranee.jpg","contentUrl":"https:\/\/www.lraloeverashop.eu\/wp-content\/uploads\/2023\/01\/Figuactive-Weight-Loss-Soup-Tomato-Mediterranee.jpg","width":1200,"height":1200,"caption":"Figu Active Suppe Tomate-Mediterran\u00e9e"},{"@type":"BreadcrumbList","@id":"https:\/\/www.lraloeverashop.eu\/de\/produkt\/figu-active-suppe-tomate-mediterranee\/#breadcrumb","itemListElement":[{"@type":"ListItem","position":1,"name":"Home","item":"https:\/\/www.lraloeverashop.eu\/de\/"},{"@type":"ListItem","position":2,"name":"Shop","item":"https:\/\/www.lraloeverashop.eu\/de\/shop-2\/"},{"@type":"ListItem","position":3,"name":"Figu Active Suppe Tomate-Mediterran\u00e9e"}]},{"@type":"WebSite","@id":"https:\/\/www.lraloeverashop.eu\/de\/#website","url":"https:\/\/www.lraloeverashop.eu\/de\/","name":"Lr Aloe Vera Shop","description":"High Quality Lr Aloe Vera Gel, Aloe Vera Cream and Shampoo","publisher":{"@id":"https:\/\/www.lraloeverashop.eu\/de\/#organization"},"potentialAction":[{"@type":"SearchAction","target":{"@type":"EntryPoint","urlTemplate":"https:\/\/www.lraloeverashop.eu\/de\/?s={search_term_string}"},"query-input":{"@type":"PropertyValueSpecification","valueRequired":true,"valueName":"search_term_string"}}],"inLanguage":"de"},{"@type":"Organization","@id":"https:\/\/www.lraloeverashop.eu\/de\/#organization","name":"Lr Aloe Vera Shop","alternateName":"LR","url":"https:\/\/www.lraloeverashop.eu\/de\/","logo":{"@type":"ImageObject","inLanguage":"de","@id":"https:\/\/www.lraloeverashop.eu\/de\/#\/schema\/logo\/image\/","url":"https:\/\/www.lraloeverashop.eu\/wp-content\/uploads\/2022\/09\/cropped-Lr-Aloe-Vera-Shop.jpg","contentUrl":"https:\/\/www.lraloeverashop.eu\/wp-content\/uploads\/2022\/09\/cropped-Lr-Aloe-Vera-Shop.jpg","width":228,"height":76,"caption":"Lr Aloe Vera Shop"},"image":{"@id":"https:\/\/www.lraloeverashop.eu\/de\/#\/schema\/logo\/image\/"},"sameAs":["https:\/\/www.facebook.com\/lraloeverashop.eu","https:\/\/x.com\/natur__kosmetik","https:\/\/www.youtube.com\/channel\/UC5oN7BJ8nfYb8RpVtjwDEBA","https:\/\/www.instagram.com\/lrbeautyeu\/"],"description":"LR Aloe Vera Shop ist Ihre vertrauensw\u00fcrdige Adresse f\u00fcr hochwertige LR Health & Beauty Produkte aus Deutschland. Wir bieten Ihnen erstklassige Aloe Vera Hautpflege, N\u00e4hrstoffe und Anti-Aging-Produkte mit reinen Inhaltsstoffen, die auf wissenschaftlichen Erkenntnissen basieren. Entdecken Sie nat\u00fcrliche Pflege, die Ihre Haut regeneriert, sch\u00fctzt und revitalisiert \u2013 und profitieren Sie von exklusiven Monatsangeboten auf unsere Bestseller von LR Aloe Vera. Starten Sie noch heute Ihre Reise zu nat\u00fcrlicher Hautpflege und sp\u00fcren Sie den Unterschied.","email":"info@lraloeverashop.eu","telephone":"+49 17670609653","legalName":"Lr Aloe Vera Shop","foundingDate":"2018-04-21","numberOfEmployees":{"@type":"QuantitativeValue","minValue":"1","maxValue":"10"}}]},"product_price_amount":"48.59","product_price_currency":"EUR","og_availability":"instock","product_availability":"instock","product_retailer_item_id":"81244-1DE","product_condition":"new"},"taxonomy_info":{"product_cat":[{"value":334,"label":"Mahlzeitenersatz"},{"value":304,"label":"Suppen"}],"product_tag":[{"value":593,"label":"Di\u00e4t"}]},"featured_image_src_large":["https:\/\/www.lraloeverashop.eu\/wp-content\/uploads\/2023\/01\/Figuactive-Weight-Loss-Soup-Tomato-Mediterranee-1024x1024.jpg",1024,1024,true],"author_info":[],"comment_info":0,"_links":{"self":[{"href":"https:\/\/www.lraloeverashop.eu\/de\/wp-json\/wp\/v2\/product\/9156","targetHints":{"allow":["GET"]}}],"collection":[{"href":"https:\/\/www.lraloeverashop.eu\/de\/wp-json\/wp\/v2\/product"}],"about":[{"href":"https:\/\/www.lraloeverashop.eu\/de\/wp-json\/wp\/v2\/types\/product"}],"replies":[{"embeddable":true,"href":"https:\/\/www.lraloeverashop.eu\/de\/wp-json\/wp\/v2\/comments?post=9156"}],"wp:featuredmedia":[{"embeddable":true,"href":"https:\/\/www.lraloeverashop.eu\/de\/wp-json\/wp\/v2\/media\/9778"}],"wp:attachment":[{"href":"https:\/\/www.lraloeverashop.eu\/de\/wp-json\/wp\/v2\/media?parent=9156"}],"wp:term":[{"taxonomy":"product_brand","embeddable":true,"href":"https:\/\/www.lraloeverashop.eu\/de\/wp-json\/wp\/v2\/product_brand?post=9156"},{"taxonomy":"product_cat","embeddable":true,"href":"https:\/\/www.lraloeverashop.eu\/de\/wp-json\/wp\/v2\/product_cat?post=9156"},{"taxonomy":"product_tag","embeddable":true,"href":"https:\/\/www.lraloeverashop.eu\/de\/wp-json\/wp\/v2\/product_tag?post=9156"}],"curies":[{"name":"wp","href":"https:\/\/api.w.org\/{rel}","templated":true}]}}