{"id":8992,"date":"2022-10-17T17:33:29","date_gmt":"2022-10-17T15:33:29","guid":{"rendered":"https:\/\/www.lraloeverashop.eu\/product\/nanogold-anti-aging-nachtcreme\/"},"modified":"2026-02-03T18:34:43","modified_gmt":"2026-02-03T17:34:43","slug":"nanogold-anti-aging-nachtcreme","status":"publish","type":"product","link":"https:\/\/www.lraloeverashop.eu\/de\/produkt\/nanogold-anti-aging-nachtcreme\/","title":{"rendered":"Nanogold Anti Aging Nachtcreme"},"content":{"rendered":"<h2><span style=\"font-size: 16pt;\"><strong>Nanogold Anti Aging Nachtcreme<\/strong><\/span><\/h2>\n<p><span style=\"font-size: 14pt;\"><strong>Nanogold Anti Aging Nachtcreme f\u00fcr alle, die den ersten F\u00e4ltchen vorbeugen wollen.<\/strong><\/span><\/p>\n<p>Bek\u00e4mpfen Sie die Anzeichen von Hauterm\u00fcdung und wachen Sie mit sichtbar sch\u00f6nerer Haut auf \u2013 jeden Tag! Dank des Euglena-Gracilis-Extrakts aus der Mikroalge hilft die reichhaltige Nachtcreme, die nat\u00fcrliche Hautregeneration zu unterst\u00fctzen und die <a href=\"https:\/\/www.lraloeverashop.eu\/de\/produkt\/beauty-diamonds-nachtcreme\/\">Hautstruktur<\/a> zu verbessern, sodass F\u00e4ltchen und feine Linien sichtbar gemildert werden.<br \/>\nDie Kombination aus Jojoba- und Oliven\u00f6l, Sheabutter und Vitamin E l\u00e4sst Ihre <a href=\"https:\/\/www.lraloeverashop.eu\/de\/aloe-vera-nachtcreme\/\">Haut glatter<\/a>, frischer und entspannter erscheinen \u2013 als ob Sie etwas l\u00e4nger geschlafen h\u00e4tten. F\u00fcr eine regenerierte und gegl\u00e4ttete Haut mit einem frischen Teint.<\/p>\n<p>Nanogold Anti Aging Nachtcreme mit Goldpartikeln und Seide f\u00fcr die Haut bis 40 reduziert Falten sichtbar. Goldpartikel auf Basis eines Collagen-Boosters verbessern die Elastizit\u00e4t der Haut. Seidenproteine sorgen f\u00fcr ein sp\u00fcrbar <a href=\"https:\/\/www.lraloeverashop.eu\/de\/produkt\/aloe-vera-regenerierende-nachtcreme\/\">weiches Hautgef\u00fchl<\/a> und sch\u00fctzen die Haut vor Umwelteinfl\u00fcssen.<\/p>\n<p>Jetzt neu formuliert mit dem innovativen Wirkstofftransportsystem und einem speziell eingekapselten Wirkstoff, der Mimikf\u00e4ltchen reduziert.<\/p>\n<p>&nbsp;<\/p>\n<h3><strong><span style=\"font-size: 16pt;\">Anwendung<\/span><\/strong><\/h3>\n<p>Die Nanogold Nachtcreme sollte jeden Abend nach der Gesichtsreinigung gro\u00dfz\u00fcgig aufgetragen und sanft einmassiert werden.<\/p>\n<p><strong>F\u00fcr maximale Wirksamkeit in Kombination mit dem Zeitgard Pro Gesichtsgl\u00e4ttung Ger\u00e4t:<\/strong><\/p>\n<p><strong>SCHRITT 1:<\/strong> Reinigen Sie Ihre Gesichtshaut mit Wasser oder verwenden Sie die <a href=\"https:\/\/www.lraloeverashop.eu\/de\/produkt\/zeitgard-pro-gesichtsreinigungsburste\/\">Zeitgard Pro Gesichtsreinigungsb\u00fcrste<\/a> oder das Gesichtspeeling Ausatz.<\/p>\n<p><strong>SCHRITT 2:<\/strong> Tragen Sie Ihre Nanogold Nachtcreme auf und massieren Sie sie mit den H\u00e4nden oder mit dem <a href=\"https:\/\/www.lraloeverashop.eu\/de\/produkt\/zeitgard-pro-gesichtsglattung-kit\/\">Zeitgard Pro Gesichtsgl\u00e4ttung Ger\u00e4t<\/a> ein. Behandeln Sie die linke und rechte Gesichtsh\u00e4lfte sowie die Stirn jeweils 30 Sekunden lang. Achten Sie auf kreisende Bewegungen von innen nach au\u00dfen und von unten nach oben.<\/p>\n","protected":false},"excerpt":{"rendered":"<ul>\n<li>Luxuri\u00f6se Anti Aging Creme<\/li>\n<li>Pflegt und rekonstruiert die Haut w\u00e4hrend der Nacht<\/li>\n<li>Mikroalgenextrakt unterst\u00fctzt die Hautregeneration und verbessert die Hautstruktur<\/li>\n<li>Das beste Ergebnis erzielen Sie mit dem Zeitgard Pro Gesichtsgl\u00e4ttung Ger\u00e4t<\/li>\n<li>Menge: 50 ml<\/li>\n<\/ul>\n<p><span style=\"color: #ff0000;\"><a style=\"color: #ff0000;\" href=\"https:\/\/shop.lrworld.com\/openpao?PHP=0vFlt7jT938BEnBI3a6e9w%3D%3D\"><span style=\"font-size: 14pt;\"><strong>Hier registrieren und dauerhaft 35\u202f% sparen<\/strong><\/span><\/a><\/span><\/p>\n","protected":false},"featured_media":5947,"comment_status":"open","ping_status":"closed","template":"","meta":{"_kad_blocks_custom_css":"","_kad_blocks_head_custom_js":"","_kad_blocks_body_custom_js":"","_kad_blocks_footer_custom_js":"","_kadence_starter_templates_imported_post":false,"_kad_post_transparent":"default","_kad_post_title":"","_kad_post_layout":"default","_kad_post_sidebar_id":"","_kad_post_content_style":"default","_kad_post_vertical_padding":"default","_kad_post_feature":"","_kad_post_feature_position":"","_kad_post_header":false,"_kad_post_footer":false,"_kad_post_classname":""},"product_brand":[],"product_cat":[267,328,285,369],"product_tag":[700],"class_list":{"0":"post-8992","1":"product","2":"type-product","3":"status-publish","4":"has-post-thumbnail","6":"product_cat-anti-aging-pflege","7":"product_cat-anti-age-produkte","8":"product_cat-frauen-bis-40","9":"product_cat-nano-gold-de","10":"product_tag-fur-falten-im-gesicht","12":"first","13":"instock","14":"taxable","15":"shipping-taxable","16":"purchasable","17":"product-type-simple","18":"entry","19":"content-bg","20":"loop-entry"},"yoast_head":"<!-- This site is optimized with the Yoast SEO Premium plugin v27.5 (Yoast SEO v27.5) - https:\/\/yoast.com\/product\/yoast-seo-premium-wordpress\/ -->\n<title>Nanogold Anti Aging Nachtcreme mit Jojoba, Oliven\u00f6l, Sheabutter<\/title>\n<meta name=\"description\" content=\"Nanogold Anti Aging Nachtcreme pflegt und rekonstruiert die Haut w\u00e4hrend der Nacht. Mikroalgenextrakt unterst\u00fctzt verbessert die Hautstruktur.\" \/>\n<meta name=\"robots\" content=\"index, follow, max-snippet:-1, max-image-preview:large, max-video-preview:-1\" \/>\n<link rel=\"canonical\" href=\"https:\/\/www.lraloeverashop.eu\/de\/produkt\/nanogold-anti-aging-nachtcreme\/\" \/>\n<meta property=\"og:locale\" content=\"de_DE\" \/>\n<meta property=\"og:type\" content=\"article\" \/>\n<meta property=\"og:title\" content=\"Nanogold Anti Aging Nachtcreme\" \/>\n<meta property=\"og:description\" content=\"Nanogold Anti Aging Nachtcreme pflegt und rekonstruiert die Haut w\u00e4hrend der Nacht. Mikroalgenextrakt unterst\u00fctzt verbessert die Hautstruktur.\" \/>\n<meta property=\"og:url\" content=\"https:\/\/www.lraloeverashop.eu\/de\/produkt\/nanogold-anti-aging-nachtcreme\/\" \/>\n<meta property=\"og:site_name\" content=\"Lr Aloe Vera Shop\" \/>\n<meta property=\"article:publisher\" content=\"https:\/\/www.facebook.com\/lraloeverashop.eu\" \/>\n<meta property=\"article:modified_time\" content=\"2026-02-03T17:34:43+00:00\" \/>\n<meta property=\"og:image\" content=\"https:\/\/www.lraloeverashop.eu\/wp-content\/uploads\/2022\/10\/Nano-Gold-Night-Cream.jpg\" \/>\n\t<meta property=\"og:image:width\" content=\"1200\" \/>\n\t<meta property=\"og:image:height\" content=\"1200\" \/>\n\t<meta property=\"og:image:type\" content=\"image\/jpeg\" \/>\n<meta name=\"twitter:card\" content=\"summary_large_image\" \/>\n<meta name=\"twitter:site\" content=\"@natur__kosmetik\" \/>\n<script type=\"application\/ld+json\" class=\"yoast-schema-graph\">{\"@context\":\"https:\\\/\\\/schema.org\",\"@graph\":[{\"@type\":[\"WebPage\",\"ItemPage\"],\"@id\":\"https:\\\/\\\/www.lraloeverashop.eu\\\/de\\\/produkt\\\/nanogold-anti-aging-nachtcreme\\\/\",\"url\":\"https:\\\/\\\/www.lraloeverashop.eu\\\/de\\\/produkt\\\/nanogold-anti-aging-nachtcreme\\\/\",\"name\":\"Nanogold Anti Aging Nachtcreme mit Jojoba, Oliven\u00f6l, Sheabutter\",\"isPartOf\":{\"@id\":\"https:\\\/\\\/www.lraloeverashop.eu\\\/de\\\/#website\"},\"primaryImageOfPage\":{\"@id\":\"https:\\\/\\\/www.lraloeverashop.eu\\\/de\\\/produkt\\\/nanogold-anti-aging-nachtcreme\\\/#primaryimage\"},\"image\":{\"@id\":\"https:\\\/\\\/www.lraloeverashop.eu\\\/de\\\/produkt\\\/nanogold-anti-aging-nachtcreme\\\/#primaryimage\"},\"thumbnailUrl\":\"https:\\\/\\\/www.lraloeverashop.eu\\\/wp-content\\\/uploads\\\/2022\\\/10\\\/Nano-Gold-Night-Cream.jpg\",\"datePublished\":\"2022-10-17T15:33:29+00:00\",\"dateModified\":\"2026-02-03T17:34:43+00:00\",\"description\":\"Nanogold Anti Aging Nachtcreme pflegt und rekonstruiert die Haut w\u00e4hrend der Nacht. Mikroalgenextrakt unterst\u00fctzt verbessert die Hautstruktur.\",\"breadcrumb\":{\"@id\":\"https:\\\/\\\/www.lraloeverashop.eu\\\/de\\\/produkt\\\/nanogold-anti-aging-nachtcreme\\\/#breadcrumb\"},\"inLanguage\":\"de\",\"potentialAction\":[{\"@type\":\"ReadAction\",\"target\":[\"https:\\\/\\\/www.lraloeverashop.eu\\\/de\\\/produkt\\\/nanogold-anti-aging-nachtcreme\\\/\"]}]},{\"@type\":\"ImageObject\",\"inLanguage\":\"de\",\"@id\":\"https:\\\/\\\/www.lraloeverashop.eu\\\/de\\\/produkt\\\/nanogold-anti-aging-nachtcreme\\\/#primaryimage\",\"url\":\"https:\\\/\\\/www.lraloeverashop.eu\\\/wp-content\\\/uploads\\\/2022\\\/10\\\/Nano-Gold-Night-Cream.jpg\",\"contentUrl\":\"https:\\\/\\\/www.lraloeverashop.eu\\\/wp-content\\\/uploads\\\/2022\\\/10\\\/Nano-Gold-Night-Cream.jpg\",\"width\":1200,\"height\":1200,\"caption\":\"Nano Gold Anti-Aging-Nachtcreme\"},{\"@type\":\"BreadcrumbList\",\"@id\":\"https:\\\/\\\/www.lraloeverashop.eu\\\/de\\\/produkt\\\/nanogold-anti-aging-nachtcreme\\\/#breadcrumb\",\"itemListElement\":[{\"@type\":\"ListItem\",\"position\":1,\"name\":\"Home\",\"item\":\"https:\\\/\\\/www.lraloeverashop.eu\\\/de\\\/\"},{\"@type\":\"ListItem\",\"position\":2,\"name\":\"Shop\",\"item\":\"https:\\\/\\\/www.lraloeverashop.eu\\\/de\\\/shop-2\\\/\"},{\"@type\":\"ListItem\",\"position\":3,\"name\":\"Nanogold Anti Aging Nachtcreme\"}]},{\"@type\":\"WebSite\",\"@id\":\"https:\\\/\\\/www.lraloeverashop.eu\\\/de\\\/#website\",\"url\":\"https:\\\/\\\/www.lraloeverashop.eu\\\/de\\\/\",\"name\":\"Lr Aloe Vera Shop\",\"description\":\"High Quality Lr Aloe Vera Gel, Aloe Vera Cream and Shampoo\",\"publisher\":{\"@id\":\"https:\\\/\\\/www.lraloeverashop.eu\\\/de\\\/#organization\"},\"alternateName\":\"LR\",\"potentialAction\":[{\"@type\":\"SearchAction\",\"target\":{\"@type\":\"EntryPoint\",\"urlTemplate\":\"https:\\\/\\\/www.lraloeverashop.eu\\\/de\\\/?s={search_term_string}\"},\"query-input\":{\"@type\":\"PropertyValueSpecification\",\"valueRequired\":true,\"valueName\":\"search_term_string\"}}],\"inLanguage\":\"de\"},{\"@type\":\"Organization\",\"@id\":\"https:\\\/\\\/www.lraloeverashop.eu\\\/de\\\/#organization\",\"name\":\"Lr Aloe Vera Shop\",\"alternateName\":\"LR\",\"url\":\"https:\\\/\\\/www.lraloeverashop.eu\\\/de\\\/\",\"logo\":{\"@type\":\"ImageObject\",\"inLanguage\":\"de\",\"@id\":\"https:\\\/\\\/www.lraloeverashop.eu\\\/de\\\/#\\\/schema\\\/logo\\\/image\\\/\",\"url\":\"https:\\\/\\\/www.lraloeverashop.eu\\\/wp-content\\\/uploads\\\/2022\\\/09\\\/cropped-Lr-Aloe-Vera-Shop.jpg\",\"contentUrl\":\"https:\\\/\\\/www.lraloeverashop.eu\\\/wp-content\\\/uploads\\\/2022\\\/09\\\/cropped-Lr-Aloe-Vera-Shop.jpg\",\"width\":228,\"height\":76,\"caption\":\"Lr Aloe Vera Shop\"},\"image\":{\"@id\":\"https:\\\/\\\/www.lraloeverashop.eu\\\/de\\\/#\\\/schema\\\/logo\\\/image\\\/\"},\"sameAs\":[\"https:\\\/\\\/www.facebook.com\\\/lraloeverashop.eu\",\"https:\\\/\\\/x.com\\\/natur__kosmetik\",\"https:\\\/\\\/www.youtube.com\\\/channel\\\/UC5oN7BJ8nfYb8RpVtjwDEBA\",\"https:\\\/\\\/www.instagram.com\\\/lrbeautyeu\\\/\"],\"description\":\"LR Aloe Vera Shop ist Ihre vertrauensw\u00fcrdige Adresse f\u00fcr hochwertige LR Health & Beauty Produkte aus Deutschland. Wir bieten Ihnen erstklassige Aloe Vera Hautpflege, N\u00e4hrstoffe und Anti-Aging-Produkte mit reinen Inhaltsstoffen, die auf wissenschaftlichen Erkenntnissen basieren. Entdecken Sie nat\u00fcrliche Pflege, die Ihre Haut regeneriert, sch\u00fctzt und revitalisiert \u2013 und profitieren Sie von exklusiven Monatsangeboten auf unsere Bestseller von LR Aloe Vera. Starten Sie noch heute Ihre Reise zu nat\u00fcrlicher Hautpflege und sp\u00fcren Sie den Unterschied.\",\"email\":\"info@lraloeverashop.eu\",\"telephone\":\"+49 17670609653\",\"legalName\":\"Lr Aloe Vera Shop\",\"foundingDate\":\"2018-04-21\",\"numberOfEmployees\":{\"@type\":\"QuantitativeValue\",\"minValue\":\"1\",\"maxValue\":\"10\"}}]}<\/script>\n<meta property=\"product:price:amount\" content=\"48.59\" \/>\n<meta property=\"product:price:currency\" content=\"EUR\" \/>\n<meta property=\"og:availability\" content=\"instock\" \/>\n<meta property=\"product:availability\" content=\"instock\" \/>\n<meta property=\"product:retailer_item_id\" content=\"28193-1DE\" \/>\n<meta property=\"product:condition\" content=\"new\" \/>\n<!-- \/ Yoast SEO Premium plugin. -->","yoast_head_json":{"title":"Nanogold Anti Aging Nachtcreme mit Jojoba, Oliven\u00f6l, Sheabutter","description":"Nanogold Anti Aging Nachtcreme pflegt und rekonstruiert die Haut w\u00e4hrend der Nacht. Mikroalgenextrakt unterst\u00fctzt verbessert die Hautstruktur.","robots":{"index":"index","follow":"follow","max-snippet":"max-snippet:-1","max-image-preview":"max-image-preview:large","max-video-preview":"max-video-preview:-1"},"canonical":"https:\/\/www.lraloeverashop.eu\/de\/produkt\/nanogold-anti-aging-nachtcreme\/","og_locale":"de_DE","og_type":"article","og_title":"Nanogold Anti Aging Nachtcreme","og_description":"Nanogold Anti Aging Nachtcreme pflegt und rekonstruiert die Haut w\u00e4hrend der Nacht. Mikroalgenextrakt unterst\u00fctzt verbessert die Hautstruktur.","og_url":"https:\/\/www.lraloeverashop.eu\/de\/produkt\/nanogold-anti-aging-nachtcreme\/","og_site_name":"Lr Aloe Vera Shop","article_publisher":"https:\/\/www.facebook.com\/lraloeverashop.eu","article_modified_time":"2026-02-03T17:34:43+00:00","og_image":[{"width":1200,"height":1200,"url":"https:\/\/www.lraloeverashop.eu\/wp-content\/uploads\/2022\/10\/Nano-Gold-Night-Cream.jpg","type":"image\/jpeg"}],"twitter_card":"summary_large_image","twitter_site":"@natur__kosmetik","schema":{"@context":"https:\/\/schema.org","@graph":[{"@type":["WebPage","ItemPage"],"@id":"https:\/\/www.lraloeverashop.eu\/de\/produkt\/nanogold-anti-aging-nachtcreme\/","url":"https:\/\/www.lraloeverashop.eu\/de\/produkt\/nanogold-anti-aging-nachtcreme\/","name":"Nanogold Anti Aging Nachtcreme mit Jojoba, Oliven\u00f6l, Sheabutter","isPartOf":{"@id":"https:\/\/www.lraloeverashop.eu\/de\/#website"},"primaryImageOfPage":{"@id":"https:\/\/www.lraloeverashop.eu\/de\/produkt\/nanogold-anti-aging-nachtcreme\/#primaryimage"},"image":{"@id":"https:\/\/www.lraloeverashop.eu\/de\/produkt\/nanogold-anti-aging-nachtcreme\/#primaryimage"},"thumbnailUrl":"https:\/\/www.lraloeverashop.eu\/wp-content\/uploads\/2022\/10\/Nano-Gold-Night-Cream.jpg","datePublished":"2022-10-17T15:33:29+00:00","dateModified":"2026-02-03T17:34:43+00:00","description":"Nanogold Anti Aging Nachtcreme pflegt und rekonstruiert die Haut w\u00e4hrend der Nacht. Mikroalgenextrakt unterst\u00fctzt verbessert die Hautstruktur.","breadcrumb":{"@id":"https:\/\/www.lraloeverashop.eu\/de\/produkt\/nanogold-anti-aging-nachtcreme\/#breadcrumb"},"inLanguage":"de","potentialAction":[{"@type":"ReadAction","target":["https:\/\/www.lraloeverashop.eu\/de\/produkt\/nanogold-anti-aging-nachtcreme\/"]}]},{"@type":"ImageObject","inLanguage":"de","@id":"https:\/\/www.lraloeverashop.eu\/de\/produkt\/nanogold-anti-aging-nachtcreme\/#primaryimage","url":"https:\/\/www.lraloeverashop.eu\/wp-content\/uploads\/2022\/10\/Nano-Gold-Night-Cream.jpg","contentUrl":"https:\/\/www.lraloeverashop.eu\/wp-content\/uploads\/2022\/10\/Nano-Gold-Night-Cream.jpg","width":1200,"height":1200,"caption":"Nano Gold Anti-Aging-Nachtcreme"},{"@type":"BreadcrumbList","@id":"https:\/\/www.lraloeverashop.eu\/de\/produkt\/nanogold-anti-aging-nachtcreme\/#breadcrumb","itemListElement":[{"@type":"ListItem","position":1,"name":"Home","item":"https:\/\/www.lraloeverashop.eu\/de\/"},{"@type":"ListItem","position":2,"name":"Shop","item":"https:\/\/www.lraloeverashop.eu\/de\/shop-2\/"},{"@type":"ListItem","position":3,"name":"Nanogold Anti Aging Nachtcreme"}]},{"@type":"WebSite","@id":"https:\/\/www.lraloeverashop.eu\/de\/#website","url":"https:\/\/www.lraloeverashop.eu\/de\/","name":"Lr Aloe Vera Shop","description":"High Quality Lr Aloe Vera Gel, Aloe Vera Cream and Shampoo","publisher":{"@id":"https:\/\/www.lraloeverashop.eu\/de\/#organization"},"alternateName":"LR","potentialAction":[{"@type":"SearchAction","target":{"@type":"EntryPoint","urlTemplate":"https:\/\/www.lraloeverashop.eu\/de\/?s={search_term_string}"},"query-input":{"@type":"PropertyValueSpecification","valueRequired":true,"valueName":"search_term_string"}}],"inLanguage":"de"},{"@type":"Organization","@id":"https:\/\/www.lraloeverashop.eu\/de\/#organization","name":"Lr Aloe Vera Shop","alternateName":"LR","url":"https:\/\/www.lraloeverashop.eu\/de\/","logo":{"@type":"ImageObject","inLanguage":"de","@id":"https:\/\/www.lraloeverashop.eu\/de\/#\/schema\/logo\/image\/","url":"https:\/\/www.lraloeverashop.eu\/wp-content\/uploads\/2022\/09\/cropped-Lr-Aloe-Vera-Shop.jpg","contentUrl":"https:\/\/www.lraloeverashop.eu\/wp-content\/uploads\/2022\/09\/cropped-Lr-Aloe-Vera-Shop.jpg","width":228,"height":76,"caption":"Lr Aloe Vera Shop"},"image":{"@id":"https:\/\/www.lraloeverashop.eu\/de\/#\/schema\/logo\/image\/"},"sameAs":["https:\/\/www.facebook.com\/lraloeverashop.eu","https:\/\/x.com\/natur__kosmetik","https:\/\/www.youtube.com\/channel\/UC5oN7BJ8nfYb8RpVtjwDEBA","https:\/\/www.instagram.com\/lrbeautyeu\/"],"description":"LR Aloe Vera Shop ist Ihre vertrauensw\u00fcrdige Adresse f\u00fcr hochwertige LR Health & Beauty Produkte aus Deutschland. Wir bieten Ihnen erstklassige Aloe Vera Hautpflege, N\u00e4hrstoffe und Anti-Aging-Produkte mit reinen Inhaltsstoffen, die auf wissenschaftlichen Erkenntnissen basieren. Entdecken Sie nat\u00fcrliche Pflege, die Ihre Haut regeneriert, sch\u00fctzt und revitalisiert \u2013 und profitieren Sie von exklusiven Monatsangeboten auf unsere Bestseller von LR Aloe Vera. Starten Sie noch heute Ihre Reise zu nat\u00fcrlicher Hautpflege und sp\u00fcren Sie den Unterschied.","email":"info@lraloeverashop.eu","telephone":"+49 17670609653","legalName":"Lr Aloe Vera Shop","foundingDate":"2018-04-21","numberOfEmployees":{"@type":"QuantitativeValue","minValue":"1","maxValue":"10"}}]},"product_price_amount":"48.59","product_price_currency":"EUR","og_availability":"instock","product_availability":"instock","product_retailer_item_id":"28193-1DE","product_condition":"new"},"taxonomy_info":{"product_cat":[{"value":267,"label":"Anti Aging Pflege"},{"value":328,"label":"Anti-Age-Produkte"},{"value":285,"label":"Frauen bis 40"},{"value":369,"label":"Nano Gold"}],"product_tag":[{"value":700,"label":"f\u00fcr Falten im Gesicht"}]},"featured_image_src_large":["https:\/\/www.lraloeverashop.eu\/wp-content\/uploads\/2022\/10\/Nano-Gold-Night-Cream-1024x1024.jpg",1024,1024,true],"author_info":[],"comment_info":0,"_links":{"self":[{"href":"https:\/\/www.lraloeverashop.eu\/de\/wp-json\/wp\/v2\/product\/8992","targetHints":{"allow":["GET"]}}],"collection":[{"href":"https:\/\/www.lraloeverashop.eu\/de\/wp-json\/wp\/v2\/product"}],"about":[{"href":"https:\/\/www.lraloeverashop.eu\/de\/wp-json\/wp\/v2\/types\/product"}],"replies":[{"embeddable":true,"href":"https:\/\/www.lraloeverashop.eu\/de\/wp-json\/wp\/v2\/comments?post=8992"}],"wp:featuredmedia":[{"embeddable":true,"href":"https:\/\/www.lraloeverashop.eu\/de\/wp-json\/wp\/v2\/media\/5947"}],"wp:attachment":[{"href":"https:\/\/www.lraloeverashop.eu\/de\/wp-json\/wp\/v2\/media?parent=8992"}],"wp:term":[{"taxonomy":"product_brand","embeddable":true,"href":"https:\/\/www.lraloeverashop.eu\/de\/wp-json\/wp\/v2\/product_brand?post=8992"},{"taxonomy":"product_cat","embeddable":true,"href":"https:\/\/www.lraloeverashop.eu\/de\/wp-json\/wp\/v2\/product_cat?post=8992"},{"taxonomy":"product_tag","embeddable":true,"href":"https:\/\/www.lraloeverashop.eu\/de\/wp-json\/wp\/v2\/product_tag?post=8992"}],"curies":[{"name":"wp","href":"https:\/\/api.w.org\/{rel}","templated":true}]}}