{"id":8973,"date":"2022-10-17T20:04:35","date_gmt":"2022-10-17T18:04:35","guid":{"rendered":"https:\/\/www.lraloeverashop.eu\/product\/anti-aging-cremes-nanogold-set\/"},"modified":"2026-02-03T18:34:24","modified_gmt":"2026-02-03T17:34:24","slug":"anti-aging-cremes-nanogold-set","status":"publish","type":"product","link":"https:\/\/www.lraloeverashop.eu\/de\/produkt\/anti-aging-cremes-nanogold-set\/","title":{"rendered":"Anti Aging Cremes Nanogold Set"},"content":{"rendered":"<h2><span style=\"font-size: 16pt;\"><strong>Anti Aging Cremes Nanogold Set<\/strong><\/span><\/h2>\n<p><span style=\"font-size: 14pt;\"><strong>Anti Aging Cremes Nanogold Set \u2013 Tages und Nachtcreme f\u00fcr eine hochwertige Gesichtspflege<\/strong><\/span><\/p>\n<p><a href=\"https:\/\/www.lraloeverashop.eu\/de\/produkt\/nanogold-anti-aging-tagescreme\/\">Nanogold Anti Aging Tagescreme<\/a> sch\u00fctzt die Haut und beugt vorzeitiger Hautalterung vor. Die seidig luxuri\u00f6se Cremetextur erh\u00f6ht die Elastizit\u00e4t und Spannkraft der Haut und baut ihre Feuchtigkeitsbarriere auf. Aprikosenkern\u00f6l, Proteine, Glykoproteine und Polysaccharide aus Sojabohnen regen die Regenerationsfunktionen der Haut an und f\u00f6rdern die Kollagenbildung, wodurch die Widerstandskraft der Haut verbessert wird.<\/p>\n<p><a href=\"https:\/\/www.lraloeverashop.eu\/de\/produkt\/nanogold-anti-aging-nachtcreme\/\">Nanogold Anti Aging Nachtcreme<\/a> ist eine hochwertige Creme, die die Haut \u00fcber Nacht pflegt und regeneriert. Dank des Euglena-Gracilis-Extrakts aus der Mikroalge hilft die reichhaltige Nachtcreme, die nat\u00fcrliche Hautregeneration zu unterst\u00fctzen und die Hautstruktur zu verbessern, sodass <a href=\"https:\/\/www.lraloeverashop.eu\/de\/produkt\/beauty-diamonds-nachtcreme\/\">F\u00e4ltchen<\/a> und feine Linien sichtbar gemildert werden.<\/p>\n<p>Anti Aging Cremes Nanogold Set Kombination aus Jojoba- und Oliven\u00f6l, Sheabutter und Vitamin E l\u00e4sst Ihre Haut glatter, frischer und entspannter erscheinen \u2013 als ob Sie etwas l\u00e4nger geschlafen h\u00e4tten. F\u00fcr eine regenerierte und gegl\u00e4ttete Haut mit einem <a href=\"https:\/\/www.lraloeverashop.eu\/de\/produkt\/racine-q10-nachtcreme\/\">frischen Teint<\/a>.<\/p>\n<h3><span style=\"font-size: 16pt;\"><strong>Nanogold Anti Aging Cremes Set f\u00fcr Frauen<\/strong><\/span><\/h3>\n<p>\u2026 ab 30<br \/>\n\u2026 den ersten F\u00e4ltchen vorbeugen wollen<br \/>\n\u2026 die ihre Gesichtshaut vor Hautalterung sch\u00fctzen wollen<br \/>\n\u2026 die Wert auf eine hochwertige Gesichtspflege legen<\/p>\n<p>&nbsp;<\/p>\n<h4><strong><span style=\"font-size: 16pt;\">Anwendung<\/span><\/strong><\/h4>\n<p>Tragen Sie die Nanogold Anti Aging Tagescreme jeden Morgen nach der Gesichtsreinigung auf. Danach k\u00f6nnen Sie mit Ihrem Make-up fortfahren<br \/>\nDie Nanogold Nachtcreme sollte jeden Abend gro\u00dfz\u00fcgig auf das gereinigte Gesicht aufgetragen werden.<\/p>\n<p><span style=\"font-size: 14pt;\"><strong>F\u00fcr maximale Wirksamkeit in Kombination mit dem Zeitgard Pro Gesichtsgl\u00e4ttung Kit:<\/strong><\/span><\/p>\n<p><strong>SCHRITT 1:<\/strong> Reinigen Sie Ihre Gesichtshaut mit Wasser oder verwenden Sie die <a href=\"https:\/\/www.lraloeverashop.eu\/de\/produkt\/zeitgard-pro-gesichtsreinigungsburste\/\">Zeitgard Pro Gesichtsreinigungsb\u00fcrste<\/a> oder das Zeitgard Pro Gesichtspeeling-Aufsatz.<\/p>\n<p><strong>SCHRITT 2:<\/strong> Tragen Sie Ihre Nanogold Anti Aging Cremes auf und massieren Sie sie mit den H\u00e4nden oder mit dem Zeitgard Pro Gesichtsgl\u00e4ttung Kit ein. Behandeln Sie die linke und rechte Gesichtsh\u00e4lfte sowie die Stirn jeweils 30 Sekunden lang. Achten Sie auf kreisende Bewegungen von innen nach au\u00dfen und von unten nach oben.<\/p>\n","protected":false},"excerpt":{"rendered":"<ul>\n<li>Luxuri\u00f6ses Anti-Aging-Set<\/li>\n<li>Gegen vorzeitige Hautalterung<\/li>\n<li>Enth\u00e4lt 1x Tagescreme, 1x Nachtcreme<\/li>\n<li>Hochwertige Pflege mit Gold- und Seidenproteinen<\/li>\n<li>Set aus der ZEITGARD Care System Serie<\/li>\n<li>Hergestellt in Deutschland<\/li>\n<\/ul>\n<p><span style=\"color: #ff0000;\"><a style=\"color: #ff0000;\" href=\"https:\/\/shop.lrworld.com\/openpao?PHP=0vFlt7jT938BEnBI3a6e9w%3D%3D\"><span style=\"font-size: 14pt;\"><strong>Hier registrieren und dauerhaft 35\u202f% sparen<\/strong><\/span><\/a><\/span><\/p>\n","protected":false},"featured_media":5953,"comment_status":"open","ping_status":"closed","template":"","meta":{"_kad_blocks_custom_css":"","_kad_blocks_head_custom_js":"","_kad_blocks_body_custom_js":"","_kad_blocks_footer_custom_js":"","_kadence_starter_templates_imported_post":false,"_kad_post_transparent":"default","_kad_post_title":"","_kad_post_layout":"default","_kad_post_sidebar_id":"","_kad_post_content_style":"default","_kad_post_vertical_padding":"default","_kad_post_feature":"","_kad_post_feature_position":"","_kad_post_header":false,"_kad_post_footer":false,"_kad_post_classname":""},"product_brand":[],"product_cat":[352,267,328,285,369],"product_tag":[700],"class_list":{"0":"post-8973","1":"product","2":"type-product","3":"status-publish","4":"has-post-thumbnail","6":"product_cat-angebote","7":"product_cat-anti-aging-pflege","8":"product_cat-anti-age-produkte","9":"product_cat-frauen-bis-40","10":"product_cat-nano-gold-de","11":"product_tag-fur-falten-im-gesicht","13":"first","14":"outofstock","15":"sale","16":"taxable","17":"shipping-taxable","18":"purchasable","19":"product-type-simple","20":"entry","21":"content-bg","22":"loop-entry"},"yoast_head":"<!-- This site is optimized with the Yoast SEO Premium plugin v27.4 (Yoast SEO v27.4) - https:\/\/yoast.com\/product\/yoast-seo-premium-wordpress\/ -->\n<title>Anti Aging Cremes Nanogold f\u00fcr eine hochwertige Gesichtspflege<\/title>\n<meta name=\"description\" content=\"Anti Aging Cremes Nanogold Set mit Tages und Nachtcreme f\u00fcr Frauen ab 30 die ersten F\u00e4ltchen vorbeugen und Gesichtshaut vor Hautalterung sch\u00fctzen m\u00f6chten\" \/>\n<meta name=\"robots\" content=\"index, follow, max-snippet:-1, max-image-preview:large, max-video-preview:-1\" \/>\n<link rel=\"canonical\" href=\"https:\/\/www.lraloeverashop.eu\/de\/produkt\/anti-aging-cremes-nanogold-set\/\" \/>\n<meta property=\"og:locale\" content=\"de_DE\" \/>\n<meta property=\"og:type\" content=\"article\" \/>\n<meta property=\"og:title\" content=\"Anti Aging Cremes Nanogold Set\" \/>\n<meta property=\"og:description\" content=\"Anti Aging Cremes Nanogold Set mit Tages und Nachtcreme f\u00fcr Frauen ab 30 die ersten F\u00e4ltchen vorbeugen und Gesichtshaut vor Hautalterung sch\u00fctzen m\u00f6chten\" \/>\n<meta property=\"og:url\" content=\"https:\/\/www.lraloeverashop.eu\/de\/produkt\/anti-aging-cremes-nanogold-set\/\" \/>\n<meta property=\"og:site_name\" content=\"Lr Aloe Vera Shop\" \/>\n<meta property=\"article:publisher\" content=\"https:\/\/www.facebook.com\/lraloeverashop.eu\" \/>\n<meta property=\"article:modified_time\" content=\"2026-02-03T17:34:24+00:00\" \/>\n<meta property=\"og:image\" content=\"https:\/\/www.lraloeverashop.eu\/wp-content\/uploads\/2022\/10\/Nano-Gold-set.jpg\" \/>\n\t<meta property=\"og:image:width\" content=\"1200\" \/>\n\t<meta property=\"og:image:height\" content=\"1200\" \/>\n\t<meta property=\"og:image:type\" content=\"image\/jpeg\" \/>\n<meta name=\"twitter:card\" content=\"summary_large_image\" \/>\n<meta name=\"twitter:site\" content=\"@natur__kosmetik\" \/>\n<script type=\"application\/ld+json\" class=\"yoast-schema-graph\">{\"@context\":\"https:\\\/\\\/schema.org\",\"@graph\":[{\"@type\":[\"WebPage\",\"ItemPage\"],\"@id\":\"https:\\\/\\\/www.lraloeverashop.eu\\\/de\\\/produkt\\\/anti-aging-cremes-nanogold-set\\\/\",\"url\":\"https:\\\/\\\/www.lraloeverashop.eu\\\/de\\\/produkt\\\/anti-aging-cremes-nanogold-set\\\/\",\"name\":\"Anti Aging Cremes Nanogold f\u00fcr eine hochwertige Gesichtspflege\",\"isPartOf\":{\"@id\":\"https:\\\/\\\/www.lraloeverashop.eu\\\/de\\\/#website\"},\"primaryImageOfPage\":{\"@id\":\"https:\\\/\\\/www.lraloeverashop.eu\\\/de\\\/produkt\\\/anti-aging-cremes-nanogold-set\\\/#primaryimage\"},\"image\":{\"@id\":\"https:\\\/\\\/www.lraloeverashop.eu\\\/de\\\/produkt\\\/anti-aging-cremes-nanogold-set\\\/#primaryimage\"},\"thumbnailUrl\":\"https:\\\/\\\/www.lraloeverashop.eu\\\/wp-content\\\/uploads\\\/2022\\\/10\\\/Nano-Gold-set.jpg\",\"datePublished\":\"2022-10-17T18:04:35+00:00\",\"dateModified\":\"2026-02-03T17:34:24+00:00\",\"description\":\"Anti Aging Cremes Nanogold Set mit Tages und Nachtcreme f\u00fcr Frauen ab 30 die ersten F\u00e4ltchen vorbeugen und Gesichtshaut vor Hautalterung sch\u00fctzen m\u00f6chten\",\"breadcrumb\":{\"@id\":\"https:\\\/\\\/www.lraloeverashop.eu\\\/de\\\/produkt\\\/anti-aging-cremes-nanogold-set\\\/#breadcrumb\"},\"inLanguage\":\"de\",\"potentialAction\":[{\"@type\":\"ReadAction\",\"target\":[\"https:\\\/\\\/www.lraloeverashop.eu\\\/de\\\/produkt\\\/anti-aging-cremes-nanogold-set\\\/\"]}]},{\"@type\":\"ImageObject\",\"inLanguage\":\"de\",\"@id\":\"https:\\\/\\\/www.lraloeverashop.eu\\\/de\\\/produkt\\\/anti-aging-cremes-nanogold-set\\\/#primaryimage\",\"url\":\"https:\\\/\\\/www.lraloeverashop.eu\\\/wp-content\\\/uploads\\\/2022\\\/10\\\/Nano-Gold-set.jpg\",\"contentUrl\":\"https:\\\/\\\/www.lraloeverashop.eu\\\/wp-content\\\/uploads\\\/2022\\\/10\\\/Nano-Gold-set.jpg\",\"width\":1200,\"height\":1200,\"caption\":\"Nano Gold Anti-Aging-Set\"},{\"@type\":\"BreadcrumbList\",\"@id\":\"https:\\\/\\\/www.lraloeverashop.eu\\\/de\\\/produkt\\\/anti-aging-cremes-nanogold-set\\\/#breadcrumb\",\"itemListElement\":[{\"@type\":\"ListItem\",\"position\":1,\"name\":\"Home\",\"item\":\"https:\\\/\\\/www.lraloeverashop.eu\\\/de\\\/\"},{\"@type\":\"ListItem\",\"position\":2,\"name\":\"Shop\",\"item\":\"https:\\\/\\\/www.lraloeverashop.eu\\\/de\\\/shop-2\\\/\"},{\"@type\":\"ListItem\",\"position\":3,\"name\":\"Anti Aging Cremes Nanogold Set\"}]},{\"@type\":\"WebSite\",\"@id\":\"https:\\\/\\\/www.lraloeverashop.eu\\\/de\\\/#website\",\"url\":\"https:\\\/\\\/www.lraloeverashop.eu\\\/de\\\/\",\"name\":\"Lr Aloe Vera Shop\",\"description\":\"High Quality Lr Aloe Vera Gel, Aloe Vera Cream and Shampoo\",\"publisher\":{\"@id\":\"https:\\\/\\\/www.lraloeverashop.eu\\\/de\\\/#organization\"},\"potentialAction\":[{\"@type\":\"SearchAction\",\"target\":{\"@type\":\"EntryPoint\",\"urlTemplate\":\"https:\\\/\\\/www.lraloeverashop.eu\\\/de\\\/?s={search_term_string}\"},\"query-input\":{\"@type\":\"PropertyValueSpecification\",\"valueRequired\":true,\"valueName\":\"search_term_string\"}}],\"inLanguage\":\"de\"},{\"@type\":\"Organization\",\"@id\":\"https:\\\/\\\/www.lraloeverashop.eu\\\/de\\\/#organization\",\"name\":\"Lr Aloe Vera Shop\",\"alternateName\":\"LR\",\"url\":\"https:\\\/\\\/www.lraloeverashop.eu\\\/de\\\/\",\"logo\":{\"@type\":\"ImageObject\",\"inLanguage\":\"de\",\"@id\":\"https:\\\/\\\/www.lraloeverashop.eu\\\/de\\\/#\\\/schema\\\/logo\\\/image\\\/\",\"url\":\"https:\\\/\\\/www.lraloeverashop.eu\\\/wp-content\\\/uploads\\\/2022\\\/09\\\/cropped-Lr-Aloe-Vera-Shop.jpg\",\"contentUrl\":\"https:\\\/\\\/www.lraloeverashop.eu\\\/wp-content\\\/uploads\\\/2022\\\/09\\\/cropped-Lr-Aloe-Vera-Shop.jpg\",\"width\":228,\"height\":76,\"caption\":\"Lr Aloe Vera Shop\"},\"image\":{\"@id\":\"https:\\\/\\\/www.lraloeverashop.eu\\\/de\\\/#\\\/schema\\\/logo\\\/image\\\/\"},\"sameAs\":[\"https:\\\/\\\/www.facebook.com\\\/lraloeverashop.eu\",\"https:\\\/\\\/x.com\\\/natur__kosmetik\",\"https:\\\/\\\/www.youtube.com\\\/channel\\\/UC5oN7BJ8nfYb8RpVtjwDEBA\",\"https:\\\/\\\/www.instagram.com\\\/lrbeautyeu\\\/\"],\"description\":\"LR Aloe Vera Shop ist Ihre vertrauensw\u00fcrdige Adresse f\u00fcr hochwertige LR Health & Beauty Produkte aus Deutschland. Wir bieten Ihnen erstklassige Aloe Vera Hautpflege, N\u00e4hrstoffe und Anti-Aging-Produkte mit reinen Inhaltsstoffen, die auf wissenschaftlichen Erkenntnissen basieren. Entdecken Sie nat\u00fcrliche Pflege, die Ihre Haut regeneriert, sch\u00fctzt und revitalisiert \u2013 und profitieren Sie von exklusiven Monatsangeboten auf unsere Bestseller von LR Aloe Vera. Starten Sie noch heute Ihre Reise zu nat\u00fcrlicher Hautpflege und sp\u00fcren Sie den Unterschied.\",\"email\":\"info@lraloeverashop.eu\",\"telephone\":\"+49 17670609653\",\"legalName\":\"Lr Aloe Vera Shop\",\"foundingDate\":\"2018-04-21\",\"numberOfEmployees\":{\"@type\":\"QuantitativeValue\",\"minValue\":\"1\",\"maxValue\":\"10\"}}]}<\/script>\n<meta property=\"product:price:amount\" content=\"65.99\" \/>\n<meta property=\"product:price:currency\" content=\"EUR\" \/>\n<meta property=\"og:availability\" content=\"out of stock\" \/>\n<meta property=\"product:availability\" content=\"out of stock\" \/>\n<meta property=\"product:retailer_item_id\" content=\"28196-1DE\" \/>\n<meta property=\"product:condition\" content=\"new\" \/>\n<!-- \/ Yoast SEO Premium plugin. -->","yoast_head_json":{"title":"Anti Aging Cremes Nanogold f\u00fcr eine hochwertige Gesichtspflege","description":"Anti Aging Cremes Nanogold Set mit Tages und Nachtcreme f\u00fcr Frauen ab 30 die ersten F\u00e4ltchen vorbeugen und Gesichtshaut vor Hautalterung sch\u00fctzen m\u00f6chten","robots":{"index":"index","follow":"follow","max-snippet":"max-snippet:-1","max-image-preview":"max-image-preview:large","max-video-preview":"max-video-preview:-1"},"canonical":"https:\/\/www.lraloeverashop.eu\/de\/produkt\/anti-aging-cremes-nanogold-set\/","og_locale":"de_DE","og_type":"article","og_title":"Anti Aging Cremes Nanogold Set","og_description":"Anti Aging Cremes Nanogold Set mit Tages und Nachtcreme f\u00fcr Frauen ab 30 die ersten F\u00e4ltchen vorbeugen und Gesichtshaut vor Hautalterung sch\u00fctzen m\u00f6chten","og_url":"https:\/\/www.lraloeverashop.eu\/de\/produkt\/anti-aging-cremes-nanogold-set\/","og_site_name":"Lr Aloe Vera Shop","article_publisher":"https:\/\/www.facebook.com\/lraloeverashop.eu","article_modified_time":"2026-02-03T17:34:24+00:00","og_image":[{"width":1200,"height":1200,"url":"https:\/\/www.lraloeverashop.eu\/wp-content\/uploads\/2022\/10\/Nano-Gold-set.jpg","type":"image\/jpeg"}],"twitter_card":"summary_large_image","twitter_site":"@natur__kosmetik","schema":{"@context":"https:\/\/schema.org","@graph":[{"@type":["WebPage","ItemPage"],"@id":"https:\/\/www.lraloeverashop.eu\/de\/produkt\/anti-aging-cremes-nanogold-set\/","url":"https:\/\/www.lraloeverashop.eu\/de\/produkt\/anti-aging-cremes-nanogold-set\/","name":"Anti Aging Cremes Nanogold f\u00fcr eine hochwertige Gesichtspflege","isPartOf":{"@id":"https:\/\/www.lraloeverashop.eu\/de\/#website"},"primaryImageOfPage":{"@id":"https:\/\/www.lraloeverashop.eu\/de\/produkt\/anti-aging-cremes-nanogold-set\/#primaryimage"},"image":{"@id":"https:\/\/www.lraloeverashop.eu\/de\/produkt\/anti-aging-cremes-nanogold-set\/#primaryimage"},"thumbnailUrl":"https:\/\/www.lraloeverashop.eu\/wp-content\/uploads\/2022\/10\/Nano-Gold-set.jpg","datePublished":"2022-10-17T18:04:35+00:00","dateModified":"2026-02-03T17:34:24+00:00","description":"Anti Aging Cremes Nanogold Set mit Tages und Nachtcreme f\u00fcr Frauen ab 30 die ersten F\u00e4ltchen vorbeugen und Gesichtshaut vor Hautalterung sch\u00fctzen m\u00f6chten","breadcrumb":{"@id":"https:\/\/www.lraloeverashop.eu\/de\/produkt\/anti-aging-cremes-nanogold-set\/#breadcrumb"},"inLanguage":"de","potentialAction":[{"@type":"ReadAction","target":["https:\/\/www.lraloeverashop.eu\/de\/produkt\/anti-aging-cremes-nanogold-set\/"]}]},{"@type":"ImageObject","inLanguage":"de","@id":"https:\/\/www.lraloeverashop.eu\/de\/produkt\/anti-aging-cremes-nanogold-set\/#primaryimage","url":"https:\/\/www.lraloeverashop.eu\/wp-content\/uploads\/2022\/10\/Nano-Gold-set.jpg","contentUrl":"https:\/\/www.lraloeverashop.eu\/wp-content\/uploads\/2022\/10\/Nano-Gold-set.jpg","width":1200,"height":1200,"caption":"Nano Gold Anti-Aging-Set"},{"@type":"BreadcrumbList","@id":"https:\/\/www.lraloeverashop.eu\/de\/produkt\/anti-aging-cremes-nanogold-set\/#breadcrumb","itemListElement":[{"@type":"ListItem","position":1,"name":"Home","item":"https:\/\/www.lraloeverashop.eu\/de\/"},{"@type":"ListItem","position":2,"name":"Shop","item":"https:\/\/www.lraloeverashop.eu\/de\/shop-2\/"},{"@type":"ListItem","position":3,"name":"Anti Aging Cremes Nanogold Set"}]},{"@type":"WebSite","@id":"https:\/\/www.lraloeverashop.eu\/de\/#website","url":"https:\/\/www.lraloeverashop.eu\/de\/","name":"Lr Aloe Vera Shop","description":"High Quality Lr Aloe Vera Gel, Aloe Vera Cream and Shampoo","publisher":{"@id":"https:\/\/www.lraloeverashop.eu\/de\/#organization"},"potentialAction":[{"@type":"SearchAction","target":{"@type":"EntryPoint","urlTemplate":"https:\/\/www.lraloeverashop.eu\/de\/?s={search_term_string}"},"query-input":{"@type":"PropertyValueSpecification","valueRequired":true,"valueName":"search_term_string"}}],"inLanguage":"de"},{"@type":"Organization","@id":"https:\/\/www.lraloeverashop.eu\/de\/#organization","name":"Lr Aloe Vera Shop","alternateName":"LR","url":"https:\/\/www.lraloeverashop.eu\/de\/","logo":{"@type":"ImageObject","inLanguage":"de","@id":"https:\/\/www.lraloeverashop.eu\/de\/#\/schema\/logo\/image\/","url":"https:\/\/www.lraloeverashop.eu\/wp-content\/uploads\/2022\/09\/cropped-Lr-Aloe-Vera-Shop.jpg","contentUrl":"https:\/\/www.lraloeverashop.eu\/wp-content\/uploads\/2022\/09\/cropped-Lr-Aloe-Vera-Shop.jpg","width":228,"height":76,"caption":"Lr Aloe Vera Shop"},"image":{"@id":"https:\/\/www.lraloeverashop.eu\/de\/#\/schema\/logo\/image\/"},"sameAs":["https:\/\/www.facebook.com\/lraloeverashop.eu","https:\/\/x.com\/natur__kosmetik","https:\/\/www.youtube.com\/channel\/UC5oN7BJ8nfYb8RpVtjwDEBA","https:\/\/www.instagram.com\/lrbeautyeu\/"],"description":"LR Aloe Vera Shop ist Ihre vertrauensw\u00fcrdige Adresse f\u00fcr hochwertige LR Health & Beauty Produkte aus Deutschland. Wir bieten Ihnen erstklassige Aloe Vera Hautpflege, N\u00e4hrstoffe und Anti-Aging-Produkte mit reinen Inhaltsstoffen, die auf wissenschaftlichen Erkenntnissen basieren. Entdecken Sie nat\u00fcrliche Pflege, die Ihre Haut regeneriert, sch\u00fctzt und revitalisiert \u2013 und profitieren Sie von exklusiven Monatsangeboten auf unsere Bestseller von LR Aloe Vera. Starten Sie noch heute Ihre Reise zu nat\u00fcrlicher Hautpflege und sp\u00fcren Sie den Unterschied.","email":"info@lraloeverashop.eu","telephone":"+49 17670609653","legalName":"Lr Aloe Vera Shop","foundingDate":"2018-04-21","numberOfEmployees":{"@type":"QuantitativeValue","minValue":"1","maxValue":"10"}}]},"product_price_amount":"65.99","product_price_currency":"EUR","og_availability":"out of stock","product_availability":"out of stock","product_retailer_item_id":"28196-1DE","product_condition":"new"},"taxonomy_info":{"product_cat":[{"value":352,"label":"Angebote"},{"value":267,"label":"Anti Aging Pflege"},{"value":328,"label":"Anti-Age-Produkte"},{"value":285,"label":"Frauen bis 40"},{"value":369,"label":"Nano Gold"}],"product_tag":[{"value":700,"label":"f\u00fcr Falten im Gesicht"}]},"featured_image_src_large":["https:\/\/www.lraloeverashop.eu\/wp-content\/uploads\/2022\/10\/Nano-Gold-set-1024x1024.jpg",1024,1024,true],"author_info":[],"comment_info":0,"_links":{"self":[{"href":"https:\/\/www.lraloeverashop.eu\/de\/wp-json\/wp\/v2\/product\/8973","targetHints":{"allow":["GET"]}}],"collection":[{"href":"https:\/\/www.lraloeverashop.eu\/de\/wp-json\/wp\/v2\/product"}],"about":[{"href":"https:\/\/www.lraloeverashop.eu\/de\/wp-json\/wp\/v2\/types\/product"}],"replies":[{"embeddable":true,"href":"https:\/\/www.lraloeverashop.eu\/de\/wp-json\/wp\/v2\/comments?post=8973"}],"wp:featuredmedia":[{"embeddable":true,"href":"https:\/\/www.lraloeverashop.eu\/de\/wp-json\/wp\/v2\/media\/5953"}],"wp:attachment":[{"href":"https:\/\/www.lraloeverashop.eu\/de\/wp-json\/wp\/v2\/media?parent=8973"}],"wp:term":[{"taxonomy":"product_brand","embeddable":true,"href":"https:\/\/www.lraloeverashop.eu\/de\/wp-json\/wp\/v2\/product_brand?post=8973"},{"taxonomy":"product_cat","embeddable":true,"href":"https:\/\/www.lraloeverashop.eu\/de\/wp-json\/wp\/v2\/product_cat?post=8973"},{"taxonomy":"product_tag","embeddable":true,"href":"https:\/\/www.lraloeverashop.eu\/de\/wp-json\/wp\/v2\/product_tag?post=8973"}],"curies":[{"name":"wp","href":"https:\/\/api.w.org\/{rel}","templated":true}]}}