{"id":8962,"date":"2022-10-17T22:14:49","date_gmt":"2022-10-17T20:14:49","guid":{"rendered":"https:\/\/www.lraloeverashop.eu\/product\/nanogold-2in1-augencreme-maske\/"},"modified":"2026-02-03T18:34:14","modified_gmt":"2026-02-03T17:34:14","slug":"nanogold-2in1-augencreme-maske","status":"publish","type":"product","link":"https:\/\/www.lraloeverashop.eu\/de\/produkt\/nanogold-2in1-augencreme-maske\/","title":{"rendered":"Nanogold 2in1 Augencreme &#038; Maske"},"content":{"rendered":"<h2><span style=\"font-size: 16pt;\"><strong>Nanogold 2in1 Augencreme &amp; Maske<\/strong><\/span><\/h2>\n<p><span style=\"font-size: 14pt;\"><strong>Nanogold 2in1 Augencreme &amp; Maske \u2013 Beste Behandlung f\u00fcr Falten unter den Augen<\/strong><\/span><\/p>\n<p>Ihr Alltag hinterl\u00e4sst Spuren, sodass Ihre Augenpartie m\u00fcde und ersch\u00f6pft wirkt? Die gl\u00e4ttende, straffende Augenpflege sch\u00fctzt und st\u00e4rkt die empfindliche Haut unter den Augen. Soja- und Reispeptide reduzieren sichtbar feine Linien und F\u00e4ltchen und mindern dunkle Augenringe und Schwellungen, z. Tr\u00e4nens\u00e4cke unter den Augen. Die zarte Augenpartie wirkt glatter und geschmeidiger, sodass <a href=\"https:\/\/www.lraloeverashop.eu\/de\/produkt\/beauty-diamonds-augencreme-gegen-falten\/\">m\u00fcde Augen<\/a> im Handumdrehen wacher wirken. F\u00fcr ein frisches und waches Aussehen und einen verbesserten Teint.<\/p>\n<p>Anti Falten Augencreme &amp; Maske mit Goldpartikeln und Seide f\u00fcr die Haut bis 40 reduziert Falten sichtbar. Goldpartikel auf Basis eines Collagen-Boosters verbessern die Elastizit\u00e4t der Haut. Seidenproteine sorgen f\u00fcr ein sp\u00fcrbar weiches Hautgef\u00fchl und sch\u00fctzen die <a href=\"https:\/\/www.lraloeverashop.eu\/de\/produkt\/racine-q10-augencreme\/\">Haut<\/a> vor Umwelteinfl\u00fcssen.<\/p>\n<p>Jetzt neu formuliert mit dem innovativen Wirkstofftransportsystem und einem speziell eingekapselten Wirkstoff, der Mimikf\u00e4ltchen reduziert. F\u00fcr maximale Wirksamkeit in Kombination mit dem <a href=\"https:\/\/www.lraloeverashop.eu\/de\/produkt\/zeitgard-pro-gesichtsglattung-kit\/\">Zeitgard Pro Gesichtsgl\u00e4ttung Kit<\/a>.<\/p>\n<p>&nbsp;<\/p>\n<h3><strong><span style=\"font-size: 16pt;\">Anwedung<\/span><\/strong><\/h3>\n<p>Die Nanogold 2in1 Augencreme &amp; Maske sollte nach der Reinigung rund um die Augen gro\u00dfz\u00fcgig aufgetragen und sanft in die Haut einmassiert werden.<\/p>\n<p><strong>F\u00fcr maximale Wirksamkeit in Kombination mit dem Zeitgard Pro Gesichtsgl\u00e4ttung Kit:<\/strong><\/p>\n<p><strong>SCHRITT 1:<\/strong> Reinigen Sie Ihre Gesichtshaut mit Wasser oder verwenden Sie die <a href=\"https:\/\/www.lraloeverashop.eu\/de\/produkt\/zeitgard-pro-gesichtsreinigungsset\/\">Zeitgard Pro Gesichtsreinigungsb\u00fcrste<\/a> oder das Gesichtspeeling Ausatz.<\/p>\n<p><strong>SCHRITT 2:<\/strong> Tragen Sie Ihre Nanogold 2in1 Augencreme &amp; Maske auf und massieren Sie sie mit den H\u00e4nden oder mit dem Zeitgard Pro Gesichtsgl\u00e4ttung Ger\u00e4t ein. Behandeln Sie die linke und rechte Gesichtsh\u00e4lfte sowie die Stirn jeweils 30 Sekunden lang. Achten Sie auf kreisende Bewegungen von innen nach au\u00dfen und von unten nach oben.<\/p>\n","protected":false},"excerpt":{"rendered":"<ul>\n<li>Gl\u00e4ttende, straffende Anti-Falten-Augenpflege<\/li>\n<li>Soja- und Reispeptide reduzieren Augenringe und Schwellungen sichtbar<\/li>\n<li>Die Augenpartie wirkt glatter \u2013 f\u00fcr ein frisches, waches Aussehen<\/li>\n<li>Empfohlen zur Verwendung mit dem Zeitgard Pro Gesichtsgl\u00e4ttung Ger\u00e4t<\/li>\n<li>Hergestellt in Deutschland<\/li>\n<li>Menge: 30ml<\/li>\n<\/ul>\n<p><span style=\"color: #ff0000;\"><a style=\"color: #ff0000;\" href=\"https:\/\/shop.lrworld.com\/openpao?PHP=0vFlt7jT938BEnBI3a6e9w%3D%3D\"><span style=\"font-size: 14pt;\"><strong>Hier registrieren und dauerhaft 35\u202f% sparen<\/strong><\/span><\/a><\/span><\/p>\n","protected":false},"featured_media":5935,"comment_status":"open","ping_status":"closed","template":"","meta":{"_kad_blocks_custom_css":"","_kad_blocks_head_custom_js":"","_kad_blocks_body_custom_js":"","_kad_blocks_footer_custom_js":"","_kadence_starter_templates_imported_post":false,"_kad_post_transparent":"default","_kad_post_title":"","_kad_post_layout":"default","_kad_post_sidebar_id":"","_kad_post_content_style":"default","_kad_post_vertical_padding":"default","_kad_post_feature":"","_kad_post_feature_position":"","_kad_post_header":false,"_kad_post_footer":false,"_kad_post_classname":""},"product_brand":[],"product_cat":[267,328,285,369],"product_tag":[701],"class_list":{"0":"post-8962","1":"product","2":"type-product","3":"status-publish","4":"has-post-thumbnail","6":"product_cat-anti-aging-pflege","7":"product_cat-anti-age-produkte","8":"product_cat-frauen-bis-40","9":"product_cat-nano-gold-de","10":"product_tag-fur-falten-unter-den-augen","12":"first","13":"instock","14":"taxable","15":"shipping-taxable","16":"purchasable","17":"product-type-simple","18":"entry","19":"content-bg","20":"loop-entry"},"yoast_head":"<!-- This site is optimized with the Yoast SEO Premium plugin v27.4 (Yoast SEO v27.4) - https:\/\/yoast.com\/product\/yoast-seo-premium-wordpress\/ -->\n<title>Nanogold 2in1 Augencreme &amp; Maske F\u00fcr Falten unter den Augen<\/title>\n<meta name=\"description\" content=\"Nanogold 2in1 Augencreme &amp; Maske mit Goldpartikeln und Seide f\u00fcr die Haut bis 40 reduzieren F\u00e4ltchen. Peptide reduzieren Augenringe und Schwellungen\" \/>\n<meta name=\"robots\" content=\"index, follow, max-snippet:-1, max-image-preview:large, max-video-preview:-1\" \/>\n<link rel=\"canonical\" href=\"https:\/\/www.lraloeverashop.eu\/de\/produkt\/nanogold-2in1-augencreme-maske\/\" \/>\n<meta property=\"og:locale\" content=\"de_DE\" \/>\n<meta property=\"og:type\" content=\"article\" \/>\n<meta property=\"og:title\" content=\"Nanogold 2in1 Augencreme &amp; Maske\" \/>\n<meta property=\"og:description\" content=\"Nanogold 2in1 Augencreme &amp; Maske mit Goldpartikeln und Seide f\u00fcr die Haut bis 40 reduzieren F\u00e4ltchen. Peptide reduzieren Augenringe und Schwellungen\" \/>\n<meta property=\"og:url\" content=\"https:\/\/www.lraloeverashop.eu\/de\/produkt\/nanogold-2in1-augencreme-maske\/\" \/>\n<meta property=\"og:site_name\" content=\"Lr Aloe Vera Shop\" \/>\n<meta property=\"article:publisher\" content=\"https:\/\/www.facebook.com\/lraloeverashop.eu\" \/>\n<meta property=\"article:modified_time\" content=\"2026-02-03T17:34:14+00:00\" \/>\n<meta property=\"og:image\" content=\"https:\/\/www.lraloeverashop.eu\/wp-content\/uploads\/2022\/10\/Nanogold-Eye-Cream-and-Mask.jpg\" \/>\n\t<meta property=\"og:image:width\" content=\"1200\" \/>\n\t<meta property=\"og:image:height\" content=\"1200\" \/>\n\t<meta property=\"og:image:type\" content=\"image\/jpeg\" \/>\n<meta name=\"twitter:card\" content=\"summary_large_image\" \/>\n<meta name=\"twitter:site\" content=\"@natur__kosmetik\" \/>\n<script type=\"application\/ld+json\" class=\"yoast-schema-graph\">{\"@context\":\"https:\\\/\\\/schema.org\",\"@graph\":[{\"@type\":[\"WebPage\",\"ItemPage\"],\"@id\":\"https:\\\/\\\/www.lraloeverashop.eu\\\/de\\\/produkt\\\/nanogold-2in1-augencreme-maske\\\/\",\"url\":\"https:\\\/\\\/www.lraloeverashop.eu\\\/de\\\/produkt\\\/nanogold-2in1-augencreme-maske\\\/\",\"name\":\"Nanogold 2in1 Augencreme & Maske F\u00fcr Falten unter den Augen\",\"isPartOf\":{\"@id\":\"https:\\\/\\\/www.lraloeverashop.eu\\\/de\\\/#website\"},\"primaryImageOfPage\":{\"@id\":\"https:\\\/\\\/www.lraloeverashop.eu\\\/de\\\/produkt\\\/nanogold-2in1-augencreme-maske\\\/#primaryimage\"},\"image\":{\"@id\":\"https:\\\/\\\/www.lraloeverashop.eu\\\/de\\\/produkt\\\/nanogold-2in1-augencreme-maske\\\/#primaryimage\"},\"thumbnailUrl\":\"https:\\\/\\\/www.lraloeverashop.eu\\\/wp-content\\\/uploads\\\/2022\\\/10\\\/Nanogold-Eye-Cream-and-Mask.jpg\",\"datePublished\":\"2022-10-17T20:14:49+00:00\",\"dateModified\":\"2026-02-03T17:34:14+00:00\",\"description\":\"Nanogold 2in1 Augencreme & Maske mit Goldpartikeln und Seide f\u00fcr die Haut bis 40 reduzieren F\u00e4ltchen. Peptide reduzieren Augenringe und Schwellungen\",\"breadcrumb\":{\"@id\":\"https:\\\/\\\/www.lraloeverashop.eu\\\/de\\\/produkt\\\/nanogold-2in1-augencreme-maske\\\/#breadcrumb\"},\"inLanguage\":\"de\",\"potentialAction\":[{\"@type\":\"ReadAction\",\"target\":[\"https:\\\/\\\/www.lraloeverashop.eu\\\/de\\\/produkt\\\/nanogold-2in1-augencreme-maske\\\/\"]}]},{\"@type\":\"ImageObject\",\"inLanguage\":\"de\",\"@id\":\"https:\\\/\\\/www.lraloeverashop.eu\\\/de\\\/produkt\\\/nanogold-2in1-augencreme-maske\\\/#primaryimage\",\"url\":\"https:\\\/\\\/www.lraloeverashop.eu\\\/wp-content\\\/uploads\\\/2022\\\/10\\\/Nanogold-Eye-Cream-and-Mask.jpg\",\"contentUrl\":\"https:\\\/\\\/www.lraloeverashop.eu\\\/wp-content\\\/uploads\\\/2022\\\/10\\\/Nanogold-Eye-Cream-and-Mask.jpg\",\"width\":1200,\"height\":1200,\"caption\":\"Maske gegen F\u00e4ltchen unter den Augen\"},{\"@type\":\"BreadcrumbList\",\"@id\":\"https:\\\/\\\/www.lraloeverashop.eu\\\/de\\\/produkt\\\/nanogold-2in1-augencreme-maske\\\/#breadcrumb\",\"itemListElement\":[{\"@type\":\"ListItem\",\"position\":1,\"name\":\"Home\",\"item\":\"https:\\\/\\\/www.lraloeverashop.eu\\\/de\\\/\"},{\"@type\":\"ListItem\",\"position\":2,\"name\":\"Shop\",\"item\":\"https:\\\/\\\/www.lraloeverashop.eu\\\/de\\\/shop-2\\\/\"},{\"@type\":\"ListItem\",\"position\":3,\"name\":\"Nanogold 2in1 Augencreme &#038; Maske\"}]},{\"@type\":\"WebSite\",\"@id\":\"https:\\\/\\\/www.lraloeverashop.eu\\\/de\\\/#website\",\"url\":\"https:\\\/\\\/www.lraloeverashop.eu\\\/de\\\/\",\"name\":\"Lr Aloe Vera Shop\",\"description\":\"High Quality Lr Aloe Vera Gel, Aloe Vera Cream and Shampoo\",\"publisher\":{\"@id\":\"https:\\\/\\\/www.lraloeverashop.eu\\\/de\\\/#organization\"},\"potentialAction\":[{\"@type\":\"SearchAction\",\"target\":{\"@type\":\"EntryPoint\",\"urlTemplate\":\"https:\\\/\\\/www.lraloeverashop.eu\\\/de\\\/?s={search_term_string}\"},\"query-input\":{\"@type\":\"PropertyValueSpecification\",\"valueRequired\":true,\"valueName\":\"search_term_string\"}}],\"inLanguage\":\"de\"},{\"@type\":\"Organization\",\"@id\":\"https:\\\/\\\/www.lraloeverashop.eu\\\/de\\\/#organization\",\"name\":\"Lr Aloe Vera Shop\",\"alternateName\":\"LR\",\"url\":\"https:\\\/\\\/www.lraloeverashop.eu\\\/de\\\/\",\"logo\":{\"@type\":\"ImageObject\",\"inLanguage\":\"de\",\"@id\":\"https:\\\/\\\/www.lraloeverashop.eu\\\/de\\\/#\\\/schema\\\/logo\\\/image\\\/\",\"url\":\"https:\\\/\\\/www.lraloeverashop.eu\\\/wp-content\\\/uploads\\\/2022\\\/09\\\/cropped-Lr-Aloe-Vera-Shop.jpg\",\"contentUrl\":\"https:\\\/\\\/www.lraloeverashop.eu\\\/wp-content\\\/uploads\\\/2022\\\/09\\\/cropped-Lr-Aloe-Vera-Shop.jpg\",\"width\":228,\"height\":76,\"caption\":\"Lr Aloe Vera Shop\"},\"image\":{\"@id\":\"https:\\\/\\\/www.lraloeverashop.eu\\\/de\\\/#\\\/schema\\\/logo\\\/image\\\/\"},\"sameAs\":[\"https:\\\/\\\/www.facebook.com\\\/lraloeverashop.eu\",\"https:\\\/\\\/x.com\\\/natur__kosmetik\",\"https:\\\/\\\/www.youtube.com\\\/channel\\\/UC5oN7BJ8nfYb8RpVtjwDEBA\",\"https:\\\/\\\/www.instagram.com\\\/lrbeautyeu\\\/\"],\"description\":\"LR Aloe Vera Shop ist Ihre vertrauensw\u00fcrdige Adresse f\u00fcr hochwertige LR Health & Beauty Produkte aus Deutschland. Wir bieten Ihnen erstklassige Aloe Vera Hautpflege, N\u00e4hrstoffe und Anti-Aging-Produkte mit reinen Inhaltsstoffen, die auf wissenschaftlichen Erkenntnissen basieren. Entdecken Sie nat\u00fcrliche Pflege, die Ihre Haut regeneriert, sch\u00fctzt und revitalisiert \u2013 und profitieren Sie von exklusiven Monatsangeboten auf unsere Bestseller von LR Aloe Vera. Starten Sie noch heute Ihre Reise zu nat\u00fcrlicher Hautpflege und sp\u00fcren Sie den Unterschied.\",\"email\":\"info@lraloeverashop.eu\",\"telephone\":\"+49 17670609653\",\"legalName\":\"Lr Aloe Vera Shop\",\"foundingDate\":\"2018-04-21\",\"numberOfEmployees\":{\"@type\":\"QuantitativeValue\",\"minValue\":\"1\",\"maxValue\":\"10\"}}]}<\/script>\n<meta property=\"product:price:amount\" content=\"42.99\" \/>\n<meta property=\"product:price:currency\" content=\"EUR\" \/>\n<meta property=\"og:availability\" content=\"instock\" \/>\n<meta property=\"product:availability\" content=\"instock\" \/>\n<meta property=\"product:retailer_item_id\" content=\"28194-1DE\" \/>\n<meta property=\"product:condition\" content=\"new\" \/>\n<!-- \/ Yoast SEO Premium plugin. -->","yoast_head_json":{"title":"Nanogold 2in1 Augencreme & Maske F\u00fcr Falten unter den Augen","description":"Nanogold 2in1 Augencreme & Maske mit Goldpartikeln und Seide f\u00fcr die Haut bis 40 reduzieren F\u00e4ltchen. Peptide reduzieren Augenringe und Schwellungen","robots":{"index":"index","follow":"follow","max-snippet":"max-snippet:-1","max-image-preview":"max-image-preview:large","max-video-preview":"max-video-preview:-1"},"canonical":"https:\/\/www.lraloeverashop.eu\/de\/produkt\/nanogold-2in1-augencreme-maske\/","og_locale":"de_DE","og_type":"article","og_title":"Nanogold 2in1 Augencreme & Maske","og_description":"Nanogold 2in1 Augencreme & Maske mit Goldpartikeln und Seide f\u00fcr die Haut bis 40 reduzieren F\u00e4ltchen. Peptide reduzieren Augenringe und Schwellungen","og_url":"https:\/\/www.lraloeverashop.eu\/de\/produkt\/nanogold-2in1-augencreme-maske\/","og_site_name":"Lr Aloe Vera Shop","article_publisher":"https:\/\/www.facebook.com\/lraloeverashop.eu","article_modified_time":"2026-02-03T17:34:14+00:00","og_image":[{"width":1200,"height":1200,"url":"https:\/\/www.lraloeverashop.eu\/wp-content\/uploads\/2022\/10\/Nanogold-Eye-Cream-and-Mask.jpg","type":"image\/jpeg"}],"twitter_card":"summary_large_image","twitter_site":"@natur__kosmetik","schema":{"@context":"https:\/\/schema.org","@graph":[{"@type":["WebPage","ItemPage"],"@id":"https:\/\/www.lraloeverashop.eu\/de\/produkt\/nanogold-2in1-augencreme-maske\/","url":"https:\/\/www.lraloeverashop.eu\/de\/produkt\/nanogold-2in1-augencreme-maske\/","name":"Nanogold 2in1 Augencreme & Maske F\u00fcr Falten unter den Augen","isPartOf":{"@id":"https:\/\/www.lraloeverashop.eu\/de\/#website"},"primaryImageOfPage":{"@id":"https:\/\/www.lraloeverashop.eu\/de\/produkt\/nanogold-2in1-augencreme-maske\/#primaryimage"},"image":{"@id":"https:\/\/www.lraloeverashop.eu\/de\/produkt\/nanogold-2in1-augencreme-maske\/#primaryimage"},"thumbnailUrl":"https:\/\/www.lraloeverashop.eu\/wp-content\/uploads\/2022\/10\/Nanogold-Eye-Cream-and-Mask.jpg","datePublished":"2022-10-17T20:14:49+00:00","dateModified":"2026-02-03T17:34:14+00:00","description":"Nanogold 2in1 Augencreme & Maske mit Goldpartikeln und Seide f\u00fcr die Haut bis 40 reduzieren F\u00e4ltchen. Peptide reduzieren Augenringe und Schwellungen","breadcrumb":{"@id":"https:\/\/www.lraloeverashop.eu\/de\/produkt\/nanogold-2in1-augencreme-maske\/#breadcrumb"},"inLanguage":"de","potentialAction":[{"@type":"ReadAction","target":["https:\/\/www.lraloeverashop.eu\/de\/produkt\/nanogold-2in1-augencreme-maske\/"]}]},{"@type":"ImageObject","inLanguage":"de","@id":"https:\/\/www.lraloeverashop.eu\/de\/produkt\/nanogold-2in1-augencreme-maske\/#primaryimage","url":"https:\/\/www.lraloeverashop.eu\/wp-content\/uploads\/2022\/10\/Nanogold-Eye-Cream-and-Mask.jpg","contentUrl":"https:\/\/www.lraloeverashop.eu\/wp-content\/uploads\/2022\/10\/Nanogold-Eye-Cream-and-Mask.jpg","width":1200,"height":1200,"caption":"Maske gegen F\u00e4ltchen unter den Augen"},{"@type":"BreadcrumbList","@id":"https:\/\/www.lraloeverashop.eu\/de\/produkt\/nanogold-2in1-augencreme-maske\/#breadcrumb","itemListElement":[{"@type":"ListItem","position":1,"name":"Home","item":"https:\/\/www.lraloeverashop.eu\/de\/"},{"@type":"ListItem","position":2,"name":"Shop","item":"https:\/\/www.lraloeverashop.eu\/de\/shop-2\/"},{"@type":"ListItem","position":3,"name":"Nanogold 2in1 Augencreme &#038; Maske"}]},{"@type":"WebSite","@id":"https:\/\/www.lraloeverashop.eu\/de\/#website","url":"https:\/\/www.lraloeverashop.eu\/de\/","name":"Lr Aloe Vera Shop","description":"High Quality Lr Aloe Vera Gel, Aloe Vera Cream and Shampoo","publisher":{"@id":"https:\/\/www.lraloeverashop.eu\/de\/#organization"},"potentialAction":[{"@type":"SearchAction","target":{"@type":"EntryPoint","urlTemplate":"https:\/\/www.lraloeverashop.eu\/de\/?s={search_term_string}"},"query-input":{"@type":"PropertyValueSpecification","valueRequired":true,"valueName":"search_term_string"}}],"inLanguage":"de"},{"@type":"Organization","@id":"https:\/\/www.lraloeverashop.eu\/de\/#organization","name":"Lr Aloe Vera Shop","alternateName":"LR","url":"https:\/\/www.lraloeverashop.eu\/de\/","logo":{"@type":"ImageObject","inLanguage":"de","@id":"https:\/\/www.lraloeverashop.eu\/de\/#\/schema\/logo\/image\/","url":"https:\/\/www.lraloeverashop.eu\/wp-content\/uploads\/2022\/09\/cropped-Lr-Aloe-Vera-Shop.jpg","contentUrl":"https:\/\/www.lraloeverashop.eu\/wp-content\/uploads\/2022\/09\/cropped-Lr-Aloe-Vera-Shop.jpg","width":228,"height":76,"caption":"Lr Aloe Vera Shop"},"image":{"@id":"https:\/\/www.lraloeverashop.eu\/de\/#\/schema\/logo\/image\/"},"sameAs":["https:\/\/www.facebook.com\/lraloeverashop.eu","https:\/\/x.com\/natur__kosmetik","https:\/\/www.youtube.com\/channel\/UC5oN7BJ8nfYb8RpVtjwDEBA","https:\/\/www.instagram.com\/lrbeautyeu\/"],"description":"LR Aloe Vera Shop ist Ihre vertrauensw\u00fcrdige Adresse f\u00fcr hochwertige LR Health & Beauty Produkte aus Deutschland. Wir bieten Ihnen erstklassige Aloe Vera Hautpflege, N\u00e4hrstoffe und Anti-Aging-Produkte mit reinen Inhaltsstoffen, die auf wissenschaftlichen Erkenntnissen basieren. Entdecken Sie nat\u00fcrliche Pflege, die Ihre Haut regeneriert, sch\u00fctzt und revitalisiert \u2013 und profitieren Sie von exklusiven Monatsangeboten auf unsere Bestseller von LR Aloe Vera. Starten Sie noch heute Ihre Reise zu nat\u00fcrlicher Hautpflege und sp\u00fcren Sie den Unterschied.","email":"info@lraloeverashop.eu","telephone":"+49 17670609653","legalName":"Lr Aloe Vera Shop","foundingDate":"2018-04-21","numberOfEmployees":{"@type":"QuantitativeValue","minValue":"1","maxValue":"10"}}]},"product_price_amount":"42.99","product_price_currency":"EUR","og_availability":"instock","product_availability":"instock","product_retailer_item_id":"28194-1DE","product_condition":"new"},"taxonomy_info":{"product_cat":[{"value":267,"label":"Anti Aging Pflege"},{"value":328,"label":"Anti-Age-Produkte"},{"value":285,"label":"Frauen bis 40"},{"value":369,"label":"Nano Gold"}],"product_tag":[{"value":701,"label":"f\u00fcr Falten unter den Augen"}]},"featured_image_src_large":["https:\/\/www.lraloeverashop.eu\/wp-content\/uploads\/2022\/10\/Nanogold-Eye-Cream-and-Mask-1024x1024.jpg",1024,1024,true],"author_info":[],"comment_info":0,"_links":{"self":[{"href":"https:\/\/www.lraloeverashop.eu\/de\/wp-json\/wp\/v2\/product\/8962","targetHints":{"allow":["GET"]}}],"collection":[{"href":"https:\/\/www.lraloeverashop.eu\/de\/wp-json\/wp\/v2\/product"}],"about":[{"href":"https:\/\/www.lraloeverashop.eu\/de\/wp-json\/wp\/v2\/types\/product"}],"replies":[{"embeddable":true,"href":"https:\/\/www.lraloeverashop.eu\/de\/wp-json\/wp\/v2\/comments?post=8962"}],"wp:featuredmedia":[{"embeddable":true,"href":"https:\/\/www.lraloeverashop.eu\/de\/wp-json\/wp\/v2\/media\/5935"}],"wp:attachment":[{"href":"https:\/\/www.lraloeverashop.eu\/de\/wp-json\/wp\/v2\/media?parent=8962"}],"wp:term":[{"taxonomy":"product_brand","embeddable":true,"href":"https:\/\/www.lraloeverashop.eu\/de\/wp-json\/wp\/v2\/product_brand?post=8962"},{"taxonomy":"product_cat","embeddable":true,"href":"https:\/\/www.lraloeverashop.eu\/de\/wp-json\/wp\/v2\/product_cat?post=8962"},{"taxonomy":"product_tag","embeddable":true,"href":"https:\/\/www.lraloeverashop.eu\/de\/wp-json\/wp\/v2\/product_tag?post=8962"}],"curies":[{"name":"wp","href":"https:\/\/api.w.org\/{rel}","templated":true}]}}