{"id":8926,"date":"2022-10-19T18:40:35","date_gmt":"2022-10-19T16:40:35","guid":{"rendered":"https:\/\/www.lraloeverashop.eu\/product\/zeitgard-pro-gesichtsreinigungscreme\/"},"modified":"2026-02-03T18:33:45","modified_gmt":"2026-02-03T17:33:45","slug":"zeitgard-pro-gesichtsreinigungscreme","status":"publish","type":"product","link":"https:\/\/www.lraloeverashop.eu\/de\/produkt\/zeitgard-pro-gesichtsreinigungscreme\/","title":{"rendered":"Zeitgard Pro Gesichtsreinigungscreme"},"content":{"rendered":"<h2><span style=\"font-size: 16pt;\"><strong>Zeitgard Pro Gesichtsreinigungscreme<\/strong><\/span><\/h2>\n<p><span style=\"font-size: 14pt;\"><strong>Zeitgard Pro Gesichtsreinigungscreme mit Harungana-Extrakt<\/strong><\/span><\/p>\n<p>Die Reinigungscreme reinigt in Kombination mit dem Face Cleansing Tool die Gesichtshaut sanft aber gr\u00fcndlich. Die zarte Creme mit Harungana-Extrakt unterst\u00fctzt die <a href=\"https:\/\/www.lraloeverashop.eu\/de\/produkt\/anti-aging-cremes-nanogold-set\/\">Regeneration der Haut<\/a> und verbessert ihr Aussehen. Das Ergebnis: ein revitalisierter, sanft mattierter Teint.<\/p>\n<h3><span style=\"font-size: 16pt;\"><strong>Anwendung<\/strong><\/span><\/h3>\n<p>Befeuchten Sie Ihr Gesicht vor der Anwendung mit Wasser und verteilen Sie die Lr Zeitgard Reinigungscreme auf der Haut.<br \/>\nSchalten Sie das <a href=\"https:\/\/www.lraloeverashop.eu\/de\/produkt\/zeitgard-pro-gesichtsreinigungsset\/\">Ger\u00e4t<\/a> ein und beginnen Sie mit der sanften Reinigung der linken und rechten Gesichtsh\u00e4lfte sowie der Stirn (T-Zone) f\u00fcr jeweils ca. 20 Sekunden.<\/p>\n<p>Nach der Reinigung die Gesichtshaut mit dem <a href=\"https:\/\/www.lraloeverashop.eu\/de\/produkt\/zeitgard-pro-gesichtswasser\/\">Lr Zeitgard Gesichtswasser<\/a> kl\u00e4ren.<\/p>\n","protected":false},"excerpt":{"rendered":"<ul>\n<li>F\u00fcr eine sanfte, gr\u00fcndliche Gesichtsreinigung<\/li>\n<li>Mit Harungana-Extrakt<\/li>\n<li>Zur Anwendung mit der ZEITGARD Pro<\/li>\n<li>Gesichtsreinigungsb\u00fcrste<\/li>\n<li>Hergestellt in Deutschland<\/li>\n<li>Inhalt: 200ml<\/li>\n<\/ul>\n<p><span style=\"color: #ff0000;\"><a style=\"color: #ff0000;\" href=\"https:\/\/shop.lrworld.com\/openpao?PHP=0vFlt7jT938BEnBI3a6e9w%3D%3D\"><span style=\"font-size: 14pt;\"><strong>Hier registrieren und dauerhaft 35\u202f% sparen<\/strong><\/span><\/a><\/span><\/p>\n","protected":false},"featured_media":5995,"comment_status":"open","ping_status":"closed","template":"","meta":{"_kad_blocks_custom_css":"","_kad_blocks_head_custom_js":"","_kad_blocks_body_custom_js":"","_kad_blocks_footer_custom_js":"","_kadence_starter_templates_imported_post":false,"_kad_post_transparent":"default","_kad_post_title":"","_kad_post_layout":"default","_kad_post_sidebar_id":"","_kad_post_content_style":"default","_kad_post_vertical_padding":"default","_kad_post_feature":"","_kad_post_feature_position":"","_kad_post_header":false,"_kad_post_footer":false,"_kad_post_classname":""},"product_brand":[],"product_cat":[267,328,285,279,273,393,357],"product_tag":[650],"class_list":{"0":"post-8926","1":"product","2":"type-product","3":"status-publish","4":"has-post-thumbnail","6":"product_cat-anti-aging-pflege","7":"product_cat-anti-age-produkte","8":"product_cat-frauen-bis-40","9":"product_cat-frauen-uber-40","10":"product_cat-manner-uber-25","11":"product_cat-zeitgard-de","12":"product_cat-zeitgard-pro-de","13":"product_tag-gesichtsreinigung","15":"first","16":"instock","17":"taxable","18":"shipping-taxable","19":"purchasable","20":"product-type-simple","21":"entry","22":"content-bg","23":"loop-entry"},"yoast_head":"<!-- This site is optimized with the Yoast SEO Premium plugin v27.4 (Yoast SEO v27.4) - https:\/\/yoast.com\/product\/yoast-seo-premium-wordpress\/ -->\n<title>Zeitgard Pro Gesichtsreinigungscreme mit Harungana-Extrakt<\/title>\n<meta name=\"description\" content=\"Zeitgard Pro Gesichtsreinigungscreme reinigt sanft, aber gr\u00fcndlich die Gesichtshaut. Die zarte Creme mit Harungana-Extrakt unterst\u00fctzt die Hautregeneration.\" \/>\n<meta name=\"robots\" content=\"index, follow, max-snippet:-1, max-image-preview:large, max-video-preview:-1\" \/>\n<link rel=\"canonical\" href=\"https:\/\/www.lraloeverashop.eu\/de\/produkt\/zeitgard-pro-gesichtsreinigungscreme\/\" \/>\n<meta property=\"og:locale\" content=\"de_DE\" \/>\n<meta property=\"og:type\" content=\"article\" \/>\n<meta property=\"og:title\" content=\"Zeitgard Pro Gesichtsreinigungscreme\" \/>\n<meta property=\"og:description\" content=\"Zeitgard Pro Gesichtsreinigungscreme reinigt sanft, aber gr\u00fcndlich die Gesichtshaut. Die zarte Creme mit Harungana-Extrakt unterst\u00fctzt die Hautregeneration.\" \/>\n<meta property=\"og:url\" content=\"https:\/\/www.lraloeverashop.eu\/de\/produkt\/zeitgard-pro-gesichtsreinigungscreme\/\" \/>\n<meta property=\"og:site_name\" content=\"Lr Aloe Vera Shop\" \/>\n<meta property=\"article:publisher\" content=\"https:\/\/www.facebook.com\/lraloeverashop.eu\" \/>\n<meta property=\"article:modified_time\" content=\"2026-02-03T17:33:45+00:00\" \/>\n<meta property=\"og:image\" content=\"https:\/\/www.lraloeverashop.eu\/wp-content\/uploads\/2022\/10\/Zeitgard-Plo-Cleansing-Cream.jpg\" \/>\n\t<meta property=\"og:image:width\" content=\"1200\" \/>\n\t<meta property=\"og:image:height\" content=\"1200\" \/>\n\t<meta property=\"og:image:type\" content=\"image\/jpeg\" \/>\n<meta name=\"twitter:card\" content=\"summary_large_image\" \/>\n<meta name=\"twitter:site\" content=\"@natur__kosmetik\" \/>\n<script type=\"application\/ld+json\" class=\"yoast-schema-graph\">{\"@context\":\"https:\\\/\\\/schema.org\",\"@graph\":[{\"@type\":[\"WebPage\",\"ItemPage\"],\"@id\":\"https:\\\/\\\/www.lraloeverashop.eu\\\/de\\\/produkt\\\/zeitgard-pro-gesichtsreinigungscreme\\\/\",\"url\":\"https:\\\/\\\/www.lraloeverashop.eu\\\/de\\\/produkt\\\/zeitgard-pro-gesichtsreinigungscreme\\\/\",\"name\":\"Zeitgard Pro Gesichtsreinigungscreme mit Harungana-Extrakt\",\"isPartOf\":{\"@id\":\"https:\\\/\\\/www.lraloeverashop.eu\\\/de\\\/#website\"},\"primaryImageOfPage\":{\"@id\":\"https:\\\/\\\/www.lraloeverashop.eu\\\/de\\\/produkt\\\/zeitgard-pro-gesichtsreinigungscreme\\\/#primaryimage\"},\"image\":{\"@id\":\"https:\\\/\\\/www.lraloeverashop.eu\\\/de\\\/produkt\\\/zeitgard-pro-gesichtsreinigungscreme\\\/#primaryimage\"},\"thumbnailUrl\":\"https:\\\/\\\/www.lraloeverashop.eu\\\/wp-content\\\/uploads\\\/2022\\\/10\\\/Zeitgard-Plo-Cleansing-Cream.jpg\",\"datePublished\":\"2022-10-19T16:40:35+00:00\",\"dateModified\":\"2026-02-03T17:33:45+00:00\",\"description\":\"Zeitgard Pro Gesichtsreinigungscreme reinigt sanft, aber gr\u00fcndlich die Gesichtshaut. Die zarte Creme mit Harungana-Extrakt unterst\u00fctzt die Hautregeneration.\",\"breadcrumb\":{\"@id\":\"https:\\\/\\\/www.lraloeverashop.eu\\\/de\\\/produkt\\\/zeitgard-pro-gesichtsreinigungscreme\\\/#breadcrumb\"},\"inLanguage\":\"de\",\"potentialAction\":[{\"@type\":\"ReadAction\",\"target\":[\"https:\\\/\\\/www.lraloeverashop.eu\\\/de\\\/produkt\\\/zeitgard-pro-gesichtsreinigungscreme\\\/\"]}]},{\"@type\":\"ImageObject\",\"inLanguage\":\"de\",\"@id\":\"https:\\\/\\\/www.lraloeverashop.eu\\\/de\\\/produkt\\\/zeitgard-pro-gesichtsreinigungscreme\\\/#primaryimage\",\"url\":\"https:\\\/\\\/www.lraloeverashop.eu\\\/wp-content\\\/uploads\\\/2022\\\/10\\\/Zeitgard-Plo-Cleansing-Cream.jpg\",\"contentUrl\":\"https:\\\/\\\/www.lraloeverashop.eu\\\/wp-content\\\/uploads\\\/2022\\\/10\\\/Zeitgard-Plo-Cleansing-Cream.jpg\",\"width\":1200,\"height\":1200,\"caption\":\"Zeitgard Pro Gesichtsreinigungscreme\"},{\"@type\":\"BreadcrumbList\",\"@id\":\"https:\\\/\\\/www.lraloeverashop.eu\\\/de\\\/produkt\\\/zeitgard-pro-gesichtsreinigungscreme\\\/#breadcrumb\",\"itemListElement\":[{\"@type\":\"ListItem\",\"position\":1,\"name\":\"Home\",\"item\":\"https:\\\/\\\/www.lraloeverashop.eu\\\/de\\\/\"},{\"@type\":\"ListItem\",\"position\":2,\"name\":\"Shop\",\"item\":\"https:\\\/\\\/www.lraloeverashop.eu\\\/de\\\/shop-2\\\/\"},{\"@type\":\"ListItem\",\"position\":3,\"name\":\"Zeitgard Pro Gesichtsreinigungscreme\"}]},{\"@type\":\"WebSite\",\"@id\":\"https:\\\/\\\/www.lraloeverashop.eu\\\/de\\\/#website\",\"url\":\"https:\\\/\\\/www.lraloeverashop.eu\\\/de\\\/\",\"name\":\"Lr Aloe Vera Shop\",\"description\":\"High Quality Lr Aloe Vera Gel, Aloe Vera Cream and Shampoo\",\"publisher\":{\"@id\":\"https:\\\/\\\/www.lraloeverashop.eu\\\/de\\\/#organization\"},\"potentialAction\":[{\"@type\":\"SearchAction\",\"target\":{\"@type\":\"EntryPoint\",\"urlTemplate\":\"https:\\\/\\\/www.lraloeverashop.eu\\\/de\\\/?s={search_term_string}\"},\"query-input\":{\"@type\":\"PropertyValueSpecification\",\"valueRequired\":true,\"valueName\":\"search_term_string\"}}],\"inLanguage\":\"de\"},{\"@type\":\"Organization\",\"@id\":\"https:\\\/\\\/www.lraloeverashop.eu\\\/de\\\/#organization\",\"name\":\"Lr Aloe Vera Shop\",\"alternateName\":\"LR\",\"url\":\"https:\\\/\\\/www.lraloeverashop.eu\\\/de\\\/\",\"logo\":{\"@type\":\"ImageObject\",\"inLanguage\":\"de\",\"@id\":\"https:\\\/\\\/www.lraloeverashop.eu\\\/de\\\/#\\\/schema\\\/logo\\\/image\\\/\",\"url\":\"https:\\\/\\\/www.lraloeverashop.eu\\\/wp-content\\\/uploads\\\/2022\\\/09\\\/cropped-Lr-Aloe-Vera-Shop.jpg\",\"contentUrl\":\"https:\\\/\\\/www.lraloeverashop.eu\\\/wp-content\\\/uploads\\\/2022\\\/09\\\/cropped-Lr-Aloe-Vera-Shop.jpg\",\"width\":228,\"height\":76,\"caption\":\"Lr Aloe Vera Shop\"},\"image\":{\"@id\":\"https:\\\/\\\/www.lraloeverashop.eu\\\/de\\\/#\\\/schema\\\/logo\\\/image\\\/\"},\"sameAs\":[\"https:\\\/\\\/www.facebook.com\\\/lraloeverashop.eu\",\"https:\\\/\\\/x.com\\\/natur__kosmetik\",\"https:\\\/\\\/www.youtube.com\\\/channel\\\/UC5oN7BJ8nfYb8RpVtjwDEBA\",\"https:\\\/\\\/www.instagram.com\\\/lrbeautyeu\\\/\"],\"description\":\"LR Aloe Vera Shop ist Ihre vertrauensw\u00fcrdige Adresse f\u00fcr hochwertige LR Health & Beauty Produkte aus Deutschland. Wir bieten Ihnen erstklassige Aloe Vera Hautpflege, N\u00e4hrstoffe und Anti-Aging-Produkte mit reinen Inhaltsstoffen, die auf wissenschaftlichen Erkenntnissen basieren. Entdecken Sie nat\u00fcrliche Pflege, die Ihre Haut regeneriert, sch\u00fctzt und revitalisiert \u2013 und profitieren Sie von exklusiven Monatsangeboten auf unsere Bestseller von LR Aloe Vera. Starten Sie noch heute Ihre Reise zu nat\u00fcrlicher Hautpflege und sp\u00fcren Sie den Unterschied.\",\"email\":\"info@lraloeverashop.eu\",\"telephone\":\"+49 17670609653\",\"legalName\":\"Lr Aloe Vera Shop\",\"foundingDate\":\"2018-04-21\",\"numberOfEmployees\":{\"@type\":\"QuantitativeValue\",\"minValue\":\"1\",\"maxValue\":\"10\"}}]}<\/script>\n<meta property=\"product:price:amount\" content=\"22.49\" \/>\n<meta property=\"product:price:currency\" content=\"EUR\" \/>\n<meta property=\"og:availability\" content=\"instock\" \/>\n<meta property=\"product:availability\" content=\"instock\" \/>\n<meta property=\"product:retailer_item_id\" content=\"28000-1DE\" \/>\n<meta property=\"product:condition\" content=\"new\" \/>\n<!-- \/ Yoast SEO Premium plugin. -->","yoast_head_json":{"title":"Zeitgard Pro Gesichtsreinigungscreme mit Harungana-Extrakt","description":"Zeitgard Pro Gesichtsreinigungscreme reinigt sanft, aber gr\u00fcndlich die Gesichtshaut. Die zarte Creme mit Harungana-Extrakt unterst\u00fctzt die Hautregeneration.","robots":{"index":"index","follow":"follow","max-snippet":"max-snippet:-1","max-image-preview":"max-image-preview:large","max-video-preview":"max-video-preview:-1"},"canonical":"https:\/\/www.lraloeverashop.eu\/de\/produkt\/zeitgard-pro-gesichtsreinigungscreme\/","og_locale":"de_DE","og_type":"article","og_title":"Zeitgard Pro Gesichtsreinigungscreme","og_description":"Zeitgard Pro Gesichtsreinigungscreme reinigt sanft, aber gr\u00fcndlich die Gesichtshaut. Die zarte Creme mit Harungana-Extrakt unterst\u00fctzt die Hautregeneration.","og_url":"https:\/\/www.lraloeverashop.eu\/de\/produkt\/zeitgard-pro-gesichtsreinigungscreme\/","og_site_name":"Lr Aloe Vera Shop","article_publisher":"https:\/\/www.facebook.com\/lraloeverashop.eu","article_modified_time":"2026-02-03T17:33:45+00:00","og_image":[{"width":1200,"height":1200,"url":"https:\/\/www.lraloeverashop.eu\/wp-content\/uploads\/2022\/10\/Zeitgard-Plo-Cleansing-Cream.jpg","type":"image\/jpeg"}],"twitter_card":"summary_large_image","twitter_site":"@natur__kosmetik","schema":{"@context":"https:\/\/schema.org","@graph":[{"@type":["WebPage","ItemPage"],"@id":"https:\/\/www.lraloeverashop.eu\/de\/produkt\/zeitgard-pro-gesichtsreinigungscreme\/","url":"https:\/\/www.lraloeverashop.eu\/de\/produkt\/zeitgard-pro-gesichtsreinigungscreme\/","name":"Zeitgard Pro Gesichtsreinigungscreme mit Harungana-Extrakt","isPartOf":{"@id":"https:\/\/www.lraloeverashop.eu\/de\/#website"},"primaryImageOfPage":{"@id":"https:\/\/www.lraloeverashop.eu\/de\/produkt\/zeitgard-pro-gesichtsreinigungscreme\/#primaryimage"},"image":{"@id":"https:\/\/www.lraloeverashop.eu\/de\/produkt\/zeitgard-pro-gesichtsreinigungscreme\/#primaryimage"},"thumbnailUrl":"https:\/\/www.lraloeverashop.eu\/wp-content\/uploads\/2022\/10\/Zeitgard-Plo-Cleansing-Cream.jpg","datePublished":"2022-10-19T16:40:35+00:00","dateModified":"2026-02-03T17:33:45+00:00","description":"Zeitgard Pro Gesichtsreinigungscreme reinigt sanft, aber gr\u00fcndlich die Gesichtshaut. Die zarte Creme mit Harungana-Extrakt unterst\u00fctzt die Hautregeneration.","breadcrumb":{"@id":"https:\/\/www.lraloeverashop.eu\/de\/produkt\/zeitgard-pro-gesichtsreinigungscreme\/#breadcrumb"},"inLanguage":"de","potentialAction":[{"@type":"ReadAction","target":["https:\/\/www.lraloeverashop.eu\/de\/produkt\/zeitgard-pro-gesichtsreinigungscreme\/"]}]},{"@type":"ImageObject","inLanguage":"de","@id":"https:\/\/www.lraloeverashop.eu\/de\/produkt\/zeitgard-pro-gesichtsreinigungscreme\/#primaryimage","url":"https:\/\/www.lraloeverashop.eu\/wp-content\/uploads\/2022\/10\/Zeitgard-Plo-Cleansing-Cream.jpg","contentUrl":"https:\/\/www.lraloeverashop.eu\/wp-content\/uploads\/2022\/10\/Zeitgard-Plo-Cleansing-Cream.jpg","width":1200,"height":1200,"caption":"Zeitgard Pro Gesichtsreinigungscreme"},{"@type":"BreadcrumbList","@id":"https:\/\/www.lraloeverashop.eu\/de\/produkt\/zeitgard-pro-gesichtsreinigungscreme\/#breadcrumb","itemListElement":[{"@type":"ListItem","position":1,"name":"Home","item":"https:\/\/www.lraloeverashop.eu\/de\/"},{"@type":"ListItem","position":2,"name":"Shop","item":"https:\/\/www.lraloeverashop.eu\/de\/shop-2\/"},{"@type":"ListItem","position":3,"name":"Zeitgard Pro Gesichtsreinigungscreme"}]},{"@type":"WebSite","@id":"https:\/\/www.lraloeverashop.eu\/de\/#website","url":"https:\/\/www.lraloeverashop.eu\/de\/","name":"Lr Aloe Vera Shop","description":"High Quality Lr Aloe Vera Gel, Aloe Vera Cream and Shampoo","publisher":{"@id":"https:\/\/www.lraloeverashop.eu\/de\/#organization"},"potentialAction":[{"@type":"SearchAction","target":{"@type":"EntryPoint","urlTemplate":"https:\/\/www.lraloeverashop.eu\/de\/?s={search_term_string}"},"query-input":{"@type":"PropertyValueSpecification","valueRequired":true,"valueName":"search_term_string"}}],"inLanguage":"de"},{"@type":"Organization","@id":"https:\/\/www.lraloeverashop.eu\/de\/#organization","name":"Lr Aloe Vera Shop","alternateName":"LR","url":"https:\/\/www.lraloeverashop.eu\/de\/","logo":{"@type":"ImageObject","inLanguage":"de","@id":"https:\/\/www.lraloeverashop.eu\/de\/#\/schema\/logo\/image\/","url":"https:\/\/www.lraloeverashop.eu\/wp-content\/uploads\/2022\/09\/cropped-Lr-Aloe-Vera-Shop.jpg","contentUrl":"https:\/\/www.lraloeverashop.eu\/wp-content\/uploads\/2022\/09\/cropped-Lr-Aloe-Vera-Shop.jpg","width":228,"height":76,"caption":"Lr Aloe Vera Shop"},"image":{"@id":"https:\/\/www.lraloeverashop.eu\/de\/#\/schema\/logo\/image\/"},"sameAs":["https:\/\/www.facebook.com\/lraloeverashop.eu","https:\/\/x.com\/natur__kosmetik","https:\/\/www.youtube.com\/channel\/UC5oN7BJ8nfYb8RpVtjwDEBA","https:\/\/www.instagram.com\/lrbeautyeu\/"],"description":"LR Aloe Vera Shop ist Ihre vertrauensw\u00fcrdige Adresse f\u00fcr hochwertige LR Health & Beauty Produkte aus Deutschland. Wir bieten Ihnen erstklassige Aloe Vera Hautpflege, N\u00e4hrstoffe und Anti-Aging-Produkte mit reinen Inhaltsstoffen, die auf wissenschaftlichen Erkenntnissen basieren. Entdecken Sie nat\u00fcrliche Pflege, die Ihre Haut regeneriert, sch\u00fctzt und revitalisiert \u2013 und profitieren Sie von exklusiven Monatsangeboten auf unsere Bestseller von LR Aloe Vera. Starten Sie noch heute Ihre Reise zu nat\u00fcrlicher Hautpflege und sp\u00fcren Sie den Unterschied.","email":"info@lraloeverashop.eu","telephone":"+49 17670609653","legalName":"Lr Aloe Vera Shop","foundingDate":"2018-04-21","numberOfEmployees":{"@type":"QuantitativeValue","minValue":"1","maxValue":"10"}}]},"product_price_amount":"22.49","product_price_currency":"EUR","og_availability":"instock","product_availability":"instock","product_retailer_item_id":"28000-1DE","product_condition":"new"},"taxonomy_info":{"product_cat":[{"value":267,"label":"Anti Aging Pflege"},{"value":328,"label":"Anti-Age-Produkte"},{"value":285,"label":"Frauen bis 40"},{"value":279,"label":"Frauen \u00fcber 40"},{"value":273,"label":"M\u00e4nner \u00fcber 25"},{"value":393,"label":"Zeitgard"},{"value":357,"label":"Zeitgard Pro"}],"product_tag":[{"value":650,"label":"Gesichtsreinigung"}]},"featured_image_src_large":["https:\/\/www.lraloeverashop.eu\/wp-content\/uploads\/2022\/10\/Zeitgard-Plo-Cleansing-Cream-1024x1024.jpg",1024,1024,true],"author_info":[],"comment_info":0,"_links":{"self":[{"href":"https:\/\/www.lraloeverashop.eu\/de\/wp-json\/wp\/v2\/product\/8926","targetHints":{"allow":["GET"]}}],"collection":[{"href":"https:\/\/www.lraloeverashop.eu\/de\/wp-json\/wp\/v2\/product"}],"about":[{"href":"https:\/\/www.lraloeverashop.eu\/de\/wp-json\/wp\/v2\/types\/product"}],"replies":[{"embeddable":true,"href":"https:\/\/www.lraloeverashop.eu\/de\/wp-json\/wp\/v2\/comments?post=8926"}],"wp:featuredmedia":[{"embeddable":true,"href":"https:\/\/www.lraloeverashop.eu\/de\/wp-json\/wp\/v2\/media\/5995"}],"wp:attachment":[{"href":"https:\/\/www.lraloeverashop.eu\/de\/wp-json\/wp\/v2\/media?parent=8926"}],"wp:term":[{"taxonomy":"product_brand","embeddable":true,"href":"https:\/\/www.lraloeverashop.eu\/de\/wp-json\/wp\/v2\/product_brand?post=8926"},{"taxonomy":"product_cat","embeddable":true,"href":"https:\/\/www.lraloeverashop.eu\/de\/wp-json\/wp\/v2\/product_cat?post=8926"},{"taxonomy":"product_tag","embeddable":true,"href":"https:\/\/www.lraloeverashop.eu\/de\/wp-json\/wp\/v2\/product_tag?post=8926"}],"curies":[{"name":"wp","href":"https:\/\/api.w.org\/{rel}","templated":true}]}}