{"id":8890,"date":"2022-10-19T19:34:09","date_gmt":"2022-10-19T17:34:09","guid":{"rendered":"https:\/\/www.lraloeverashop.eu\/product\/lr-zeitgard-blue-light-defender\/"},"modified":"2026-02-03T18:33:18","modified_gmt":"2026-02-03T17:33:18","slug":"lr-zeitgard-blue-light-defender","status":"publish","type":"product","link":"https:\/\/www.lraloeverashop.eu\/de\/produkt\/lr-zeitgard-blue-light-defender\/","title":{"rendered":"Lr Zeitgard Blue Light Defender"},"content":{"rendered":"<h2><span style=\"font-size: 16pt;\"><strong>Lr Zeitgard Blue Light Defender<\/strong><\/span><\/h2>\n<p><span style=\"font-size: 14pt;\"><strong>Lr Zeitgard Blue Light Defender Serum reduziert bestehende Falten<\/strong><\/span><\/p>\n<p>Das smarte Gesicht Serum gegen digitales Altern! Blaues Licht von Displays und Bildschirmen l\u00e4sst unsere Haut vorzeitig altern. Der innovative Blue Light Defender against DIGITAL AGING sch\u00fctzt Ihre Haut aktiv und pr\u00e4ventiv vor den Auswirkungen von blauem Licht.<\/p>\n<p>&nbsp;<\/p>\n<h3><span style=\"font-size: 16pt;\"><strong>Einzigartiger Dreifacheffekt<\/strong><\/span><\/h3>\n<p><strong>1. Reflexion:<\/strong> Der im Spirulina-Extrakt enthaltene Farbpigment Phycocyanin absorbiert das blaue Licht und reduziert die energiereichen Lichtstrahlen, indem er sie wie ein Schutzschild reflektiert \u2013 f\u00fcr einen idealen Schutz vor vorzeitiger Hautalterung und Hautirritationen<\/p>\n<p><strong>2. Radikalf\u00e4nger:<\/strong> Blauer Lotus ist ein Symbol der Unsterblichkeit \u2013 sein Extrakt ist ein optimaler Radikalf\u00e4nger und wirkt so oxidativem Stress entgegen \u2013 f\u00fcr ein jugendlich strahlendes Aussehen<\/p>\n<p><strong>3. Repair:<\/strong> Das im Spirulina-Extrakt enthaltene Enzym Photolyase repariert die durch <a href=\"https:\/\/www.lraloeverashop.eu\/de\/fast-track-programm-werden-sie-manager-in-3-monaten\/\">blaues Licht<\/a> bereits entstandenen Zellsch\u00e4den der Haut \u2013 f\u00fcr eine deutliche Reduzierung bestehender Falten<\/p>\n<p>&nbsp;<\/p>\n<h4><span style=\"font-size: 16pt;\"><strong>Anwendung<\/strong><\/span><\/h4>\n<p><strong>SCHRITT 1:<\/strong> Reinigen Sie Ihr Gesicht mit der <a href=\"https:\/\/www.lraloeverashop.eu\/de\/produkt\/zeitgard-pro-gesichtsreinigungsset\/\">Zeitgard Pro Gesichtsreinigungsb\u00fcrste<\/a> oder dem Face Peeling Tool.<\/p>\n<p><strong>SCHRITT 2:<\/strong> Morgens das Lr Zeitgard Blue Light Defender Serum gleichm\u00e4\u00dfig auf die gereinigte Gesichtshaut auftragen.<\/p>\n<p><strong>SCHRITT 3:<\/strong> Nach etwa einer Minute k\u00f6nnen Sie Ihre individuelle Tagespflege (Nanogold, <a href=\"https:\/\/www.lraloeverashop.eu\/de\/produkt\/beauty-diamonds-nachtcreme\/\">Beauty Diamonds<\/a> oder Platinum) mit dem Zeitgard Pro Gesichtsgl\u00e4ttung Kit auftragen.<\/p>\n","protected":false},"excerpt":{"rendered":"<ul>\n<li>Smartes Serum gegen digitales Altern<\/li>\n<li>Sch\u00fctzt vor Hautalterung und Hautirritationen durch blaues Licht<\/li>\n<li>Reduziert bestehende F\u00e4ltchen und wirkt antioxidativ<\/li>\n<li>F\u00fcr ein jugendlich strahlendes Aussehen<\/li>\n<li>Mit Spirulina-Extrakt und Blauer-Lotus-Extrakt<\/li>\n<li>Inhalt: 30 ml<\/li>\n<\/ul>\n<p><span style=\"color: #ff0000;\"><a style=\"color: #ff0000;\" href=\"https:\/\/shop.lrworld.com\/openpao?PHP=0vFlt7jT938BEnBI3a6e9w%3D%3D\"><span style=\"font-size: 14pt;\"><strong>Hier registrieren und dauerhaft 35\u202f% sparen<\/strong><\/span><\/a><\/span><\/p>\n","protected":false},"featured_media":5917,"comment_status":"open","ping_status":"closed","template":"","meta":{"_kad_blocks_custom_css":"","_kad_blocks_head_custom_js":"","_kad_blocks_body_custom_js":"","_kad_blocks_footer_custom_js":"","_kadence_starter_templates_imported_post":false,"_kad_post_transparent":"default","_kad_post_title":"","_kad_post_layout":"default","_kad_post_sidebar_id":"","_kad_post_content_style":"default","_kad_post_vertical_padding":"default","_kad_post_feature":"","_kad_post_feature_position":"","_kad_post_header":false,"_kad_post_footer":false,"_kad_post_classname":""},"product_brand":[],"product_cat":[267,328,285,279,273,393],"product_tag":[],"class_list":{"0":"post-8890","1":"product","2":"type-product","3":"status-publish","4":"has-post-thumbnail","6":"product_cat-anti-aging-pflege","7":"product_cat-anti-age-produkte","8":"product_cat-frauen-bis-40","9":"product_cat-frauen-uber-40","10":"product_cat-manner-uber-25","11":"product_cat-zeitgard-de","13":"first","14":"instock","15":"taxable","16":"shipping-taxable","17":"purchasable","18":"product-type-simple","19":"entry","20":"content-bg","21":"loop-entry"},"yoast_head":"<!-- This site is optimized with the Yoast SEO Premium plugin v27.3 (Yoast SEO v27.3) - https:\/\/yoast.com\/product\/yoast-seo-premium-wordpress\/ -->\n<title>Lr Zeitgard Blue Light Defender Serum reduziert bestehende Falten<\/title>\n<meta name=\"description\" content=\"Lr Zeitgard Blue Light Defender Serum sch\u00fctzt vor Hautalterung und Hautirritationen durch blaues Licht. Mit Spirulina und Blauem-Lotus-Extrakt.\" \/>\n<meta name=\"robots\" content=\"index, follow, max-snippet:-1, max-image-preview:large, max-video-preview:-1\" \/>\n<link rel=\"canonical\" href=\"https:\/\/www.lraloeverashop.eu\/de\/produkt\/lr-zeitgard-blue-light-defender\/\" \/>\n<meta property=\"og:locale\" content=\"de_DE\" \/>\n<meta property=\"og:type\" content=\"article\" \/>\n<meta property=\"og:title\" content=\"Lr Zeitgard Blue Light Defender\" \/>\n<meta property=\"og:description\" content=\"Lr Zeitgard Blue Light Defender Serum sch\u00fctzt vor Hautalterung und Hautirritationen durch blaues Licht. Mit Spirulina und Blauem-Lotus-Extrakt.\" \/>\n<meta property=\"og:url\" content=\"https:\/\/www.lraloeverashop.eu\/de\/produkt\/lr-zeitgard-blue-light-defender\/\" \/>\n<meta property=\"og:site_name\" content=\"Lr Aloe Vera Shop\" \/>\n<meta property=\"article:publisher\" content=\"https:\/\/www.facebook.com\/lraloeverashop.eu\" \/>\n<meta property=\"article:modified_time\" content=\"2026-02-03T17:33:18+00:00\" \/>\n<meta property=\"og:image\" content=\"https:\/\/www.lraloeverashop.eu\/wp-content\/uploads\/2022\/10\/Blue-Light-Defender.jpg\" \/>\n\t<meta property=\"og:image:width\" content=\"1200\" \/>\n\t<meta property=\"og:image:height\" content=\"1200\" \/>\n\t<meta property=\"og:image:type\" content=\"image\/jpeg\" \/>\n<meta name=\"twitter:card\" content=\"summary_large_image\" \/>\n<meta name=\"twitter:site\" content=\"@natur__kosmetik\" \/>\n<script type=\"application\/ld+json\" class=\"yoast-schema-graph\">{\"@context\":\"https:\\\/\\\/schema.org\",\"@graph\":[{\"@type\":[\"WebPage\",\"ItemPage\"],\"@id\":\"https:\\\/\\\/www.lraloeverashop.eu\\\/de\\\/produkt\\\/lr-zeitgard-blue-light-defender\\\/\",\"url\":\"https:\\\/\\\/www.lraloeverashop.eu\\\/de\\\/produkt\\\/lr-zeitgard-blue-light-defender\\\/\",\"name\":\"Lr Zeitgard Blue Light Defender Serum reduziert bestehende Falten\",\"isPartOf\":{\"@id\":\"https:\\\/\\\/www.lraloeverashop.eu\\\/de\\\/#website\"},\"primaryImageOfPage\":{\"@id\":\"https:\\\/\\\/www.lraloeverashop.eu\\\/de\\\/produkt\\\/lr-zeitgard-blue-light-defender\\\/#primaryimage\"},\"image\":{\"@id\":\"https:\\\/\\\/www.lraloeverashop.eu\\\/de\\\/produkt\\\/lr-zeitgard-blue-light-defender\\\/#primaryimage\"},\"thumbnailUrl\":\"https:\\\/\\\/www.lraloeverashop.eu\\\/wp-content\\\/uploads\\\/2022\\\/10\\\/Blue-Light-Defender.jpg\",\"datePublished\":\"2022-10-19T17:34:09+00:00\",\"dateModified\":\"2026-02-03T17:33:18+00:00\",\"description\":\"Lr Zeitgard Blue Light Defender Serum sch\u00fctzt vor Hautalterung und Hautirritationen durch blaues Licht. Mit Spirulina und Blauem-Lotus-Extrakt.\",\"breadcrumb\":{\"@id\":\"https:\\\/\\\/www.lraloeverashop.eu\\\/de\\\/produkt\\\/lr-zeitgard-blue-light-defender\\\/#breadcrumb\"},\"inLanguage\":\"de\",\"potentialAction\":[{\"@type\":\"ReadAction\",\"target\":[\"https:\\\/\\\/www.lraloeverashop.eu\\\/de\\\/produkt\\\/lr-zeitgard-blue-light-defender\\\/\"]}]},{\"@type\":\"ImageObject\",\"inLanguage\":\"de\",\"@id\":\"https:\\\/\\\/www.lraloeverashop.eu\\\/de\\\/produkt\\\/lr-zeitgard-blue-light-defender\\\/#primaryimage\",\"url\":\"https:\\\/\\\/www.lraloeverashop.eu\\\/wp-content\\\/uploads\\\/2022\\\/10\\\/Blue-Light-Defender.jpg\",\"contentUrl\":\"https:\\\/\\\/www.lraloeverashop.eu\\\/wp-content\\\/uploads\\\/2022\\\/10\\\/Blue-Light-Defender.jpg\",\"width\":1200,\"height\":1200,\"caption\":\"Blue Light Defender Serum gegen digitales Altern\"},{\"@type\":\"BreadcrumbList\",\"@id\":\"https:\\\/\\\/www.lraloeverashop.eu\\\/de\\\/produkt\\\/lr-zeitgard-blue-light-defender\\\/#breadcrumb\",\"itemListElement\":[{\"@type\":\"ListItem\",\"position\":1,\"name\":\"Home\",\"item\":\"https:\\\/\\\/www.lraloeverashop.eu\\\/de\\\/\"},{\"@type\":\"ListItem\",\"position\":2,\"name\":\"Shop\",\"item\":\"https:\\\/\\\/www.lraloeverashop.eu\\\/de\\\/shop-2\\\/\"},{\"@type\":\"ListItem\",\"position\":3,\"name\":\"Lr Zeitgard Blue Light Defender\"}]},{\"@type\":\"WebSite\",\"@id\":\"https:\\\/\\\/www.lraloeverashop.eu\\\/de\\\/#website\",\"url\":\"https:\\\/\\\/www.lraloeverashop.eu\\\/de\\\/\",\"name\":\"Lr Aloe Vera Shop\",\"description\":\"High Quality Lr Aloe Vera Gel, Aloe Vera Cream and Shampoo\",\"publisher\":{\"@id\":\"https:\\\/\\\/www.lraloeverashop.eu\\\/de\\\/#organization\"},\"potentialAction\":[{\"@type\":\"SearchAction\",\"target\":{\"@type\":\"EntryPoint\",\"urlTemplate\":\"https:\\\/\\\/www.lraloeverashop.eu\\\/de\\\/?s={search_term_string}\"},\"query-input\":{\"@type\":\"PropertyValueSpecification\",\"valueRequired\":true,\"valueName\":\"search_term_string\"}}],\"inLanguage\":\"de\"},{\"@type\":\"Organization\",\"@id\":\"https:\\\/\\\/www.lraloeverashop.eu\\\/de\\\/#organization\",\"name\":\"Lr Aloe Vera Shop\",\"alternateName\":\"LR\",\"url\":\"https:\\\/\\\/www.lraloeverashop.eu\\\/de\\\/\",\"logo\":{\"@type\":\"ImageObject\",\"inLanguage\":\"de\",\"@id\":\"https:\\\/\\\/www.lraloeverashop.eu\\\/de\\\/#\\\/schema\\\/logo\\\/image\\\/\",\"url\":\"https:\\\/\\\/www.lraloeverashop.eu\\\/wp-content\\\/uploads\\\/2022\\\/09\\\/cropped-Lr-Aloe-Vera-Shop.jpg\",\"contentUrl\":\"https:\\\/\\\/www.lraloeverashop.eu\\\/wp-content\\\/uploads\\\/2022\\\/09\\\/cropped-Lr-Aloe-Vera-Shop.jpg\",\"width\":228,\"height\":76,\"caption\":\"Lr Aloe Vera Shop\"},\"image\":{\"@id\":\"https:\\\/\\\/www.lraloeverashop.eu\\\/de\\\/#\\\/schema\\\/logo\\\/image\\\/\"},\"sameAs\":[\"https:\\\/\\\/www.facebook.com\\\/lraloeverashop.eu\",\"https:\\\/\\\/x.com\\\/natur__kosmetik\",\"https:\\\/\\\/www.youtube.com\\\/channel\\\/UC5oN7BJ8nfYb8RpVtjwDEBA\",\"https:\\\/\\\/www.instagram.com\\\/lrbeautyeu\\\/\"]}]}<\/script>\n<meta property=\"product:price:amount\" content=\"48.59\" \/>\n<meta property=\"product:price:currency\" content=\"EUR\" \/>\n<meta property=\"og:availability\" content=\"instock\" \/>\n<meta property=\"product:availability\" content=\"instock\" \/>\n<meta property=\"product:retailer_item_id\" content=\"71060-1DE\" \/>\n<meta property=\"product:condition\" content=\"new\" \/>\n<!-- \/ Yoast SEO Premium plugin. -->","yoast_head_json":{"title":"Lr Zeitgard Blue Light Defender Serum reduziert bestehende Falten","description":"Lr Zeitgard Blue Light Defender Serum sch\u00fctzt vor Hautalterung und Hautirritationen durch blaues Licht. Mit Spirulina und Blauem-Lotus-Extrakt.","robots":{"index":"index","follow":"follow","max-snippet":"max-snippet:-1","max-image-preview":"max-image-preview:large","max-video-preview":"max-video-preview:-1"},"canonical":"https:\/\/www.lraloeverashop.eu\/de\/produkt\/lr-zeitgard-blue-light-defender\/","og_locale":"de_DE","og_type":"article","og_title":"Lr Zeitgard Blue Light Defender","og_description":"Lr Zeitgard Blue Light Defender Serum sch\u00fctzt vor Hautalterung und Hautirritationen durch blaues Licht. Mit Spirulina und Blauem-Lotus-Extrakt.","og_url":"https:\/\/www.lraloeverashop.eu\/de\/produkt\/lr-zeitgard-blue-light-defender\/","og_site_name":"Lr Aloe Vera Shop","article_publisher":"https:\/\/www.facebook.com\/lraloeverashop.eu","article_modified_time":"2026-02-03T17:33:18+00:00","og_image":[{"width":1200,"height":1200,"url":"https:\/\/www.lraloeverashop.eu\/wp-content\/uploads\/2022\/10\/Blue-Light-Defender.jpg","type":"image\/jpeg"}],"twitter_card":"summary_large_image","twitter_site":"@natur__kosmetik","schema":{"@context":"https:\/\/schema.org","@graph":[{"@type":["WebPage","ItemPage"],"@id":"https:\/\/www.lraloeverashop.eu\/de\/produkt\/lr-zeitgard-blue-light-defender\/","url":"https:\/\/www.lraloeverashop.eu\/de\/produkt\/lr-zeitgard-blue-light-defender\/","name":"Lr Zeitgard Blue Light Defender Serum reduziert bestehende Falten","isPartOf":{"@id":"https:\/\/www.lraloeverashop.eu\/de\/#website"},"primaryImageOfPage":{"@id":"https:\/\/www.lraloeverashop.eu\/de\/produkt\/lr-zeitgard-blue-light-defender\/#primaryimage"},"image":{"@id":"https:\/\/www.lraloeverashop.eu\/de\/produkt\/lr-zeitgard-blue-light-defender\/#primaryimage"},"thumbnailUrl":"https:\/\/www.lraloeverashop.eu\/wp-content\/uploads\/2022\/10\/Blue-Light-Defender.jpg","datePublished":"2022-10-19T17:34:09+00:00","dateModified":"2026-02-03T17:33:18+00:00","description":"Lr Zeitgard Blue Light Defender Serum sch\u00fctzt vor Hautalterung und Hautirritationen durch blaues Licht. Mit Spirulina und Blauem-Lotus-Extrakt.","breadcrumb":{"@id":"https:\/\/www.lraloeverashop.eu\/de\/produkt\/lr-zeitgard-blue-light-defender\/#breadcrumb"},"inLanguage":"de","potentialAction":[{"@type":"ReadAction","target":["https:\/\/www.lraloeverashop.eu\/de\/produkt\/lr-zeitgard-blue-light-defender\/"]}]},{"@type":"ImageObject","inLanguage":"de","@id":"https:\/\/www.lraloeverashop.eu\/de\/produkt\/lr-zeitgard-blue-light-defender\/#primaryimage","url":"https:\/\/www.lraloeverashop.eu\/wp-content\/uploads\/2022\/10\/Blue-Light-Defender.jpg","contentUrl":"https:\/\/www.lraloeverashop.eu\/wp-content\/uploads\/2022\/10\/Blue-Light-Defender.jpg","width":1200,"height":1200,"caption":"Blue Light Defender Serum gegen digitales Altern"},{"@type":"BreadcrumbList","@id":"https:\/\/www.lraloeverashop.eu\/de\/produkt\/lr-zeitgard-blue-light-defender\/#breadcrumb","itemListElement":[{"@type":"ListItem","position":1,"name":"Home","item":"https:\/\/www.lraloeverashop.eu\/de\/"},{"@type":"ListItem","position":2,"name":"Shop","item":"https:\/\/www.lraloeverashop.eu\/de\/shop-2\/"},{"@type":"ListItem","position":3,"name":"Lr Zeitgard Blue Light Defender"}]},{"@type":"WebSite","@id":"https:\/\/www.lraloeverashop.eu\/de\/#website","url":"https:\/\/www.lraloeverashop.eu\/de\/","name":"Lr Aloe Vera Shop","description":"High Quality Lr Aloe Vera Gel, Aloe Vera Cream and Shampoo","publisher":{"@id":"https:\/\/www.lraloeverashop.eu\/de\/#organization"},"potentialAction":[{"@type":"SearchAction","target":{"@type":"EntryPoint","urlTemplate":"https:\/\/www.lraloeverashop.eu\/de\/?s={search_term_string}"},"query-input":{"@type":"PropertyValueSpecification","valueRequired":true,"valueName":"search_term_string"}}],"inLanguage":"de"},{"@type":"Organization","@id":"https:\/\/www.lraloeverashop.eu\/de\/#organization","name":"Lr Aloe Vera Shop","alternateName":"LR","url":"https:\/\/www.lraloeverashop.eu\/de\/","logo":{"@type":"ImageObject","inLanguage":"de","@id":"https:\/\/www.lraloeverashop.eu\/de\/#\/schema\/logo\/image\/","url":"https:\/\/www.lraloeverashop.eu\/wp-content\/uploads\/2022\/09\/cropped-Lr-Aloe-Vera-Shop.jpg","contentUrl":"https:\/\/www.lraloeverashop.eu\/wp-content\/uploads\/2022\/09\/cropped-Lr-Aloe-Vera-Shop.jpg","width":228,"height":76,"caption":"Lr Aloe Vera Shop"},"image":{"@id":"https:\/\/www.lraloeverashop.eu\/de\/#\/schema\/logo\/image\/"},"sameAs":["https:\/\/www.facebook.com\/lraloeverashop.eu","https:\/\/x.com\/natur__kosmetik","https:\/\/www.youtube.com\/channel\/UC5oN7BJ8nfYb8RpVtjwDEBA","https:\/\/www.instagram.com\/lrbeautyeu\/"]}]},"product_price_amount":"48.59","product_price_currency":"EUR","og_availability":"instock","product_availability":"instock","product_retailer_item_id":"71060-1DE","product_condition":"new"},"taxonomy_info":{"product_cat":[{"value":267,"label":"Anti Aging Pflege"},{"value":328,"label":"Anti-Age-Produkte"},{"value":285,"label":"Frauen bis 40"},{"value":279,"label":"Frauen \u00fcber 40"},{"value":273,"label":"M\u00e4nner \u00fcber 25"},{"value":393,"label":"Zeitgard"}]},"featured_image_src_large":["https:\/\/www.lraloeverashop.eu\/wp-content\/uploads\/2022\/10\/Blue-Light-Defender-1024x1024.jpg",1024,1024,true],"author_info":[],"comment_info":0,"_links":{"self":[{"href":"https:\/\/www.lraloeverashop.eu\/de\/wp-json\/wp\/v2\/product\/8890","targetHints":{"allow":["GET"]}}],"collection":[{"href":"https:\/\/www.lraloeverashop.eu\/de\/wp-json\/wp\/v2\/product"}],"about":[{"href":"https:\/\/www.lraloeverashop.eu\/de\/wp-json\/wp\/v2\/types\/product"}],"replies":[{"embeddable":true,"href":"https:\/\/www.lraloeverashop.eu\/de\/wp-json\/wp\/v2\/comments?post=8890"}],"wp:featuredmedia":[{"embeddable":true,"href":"https:\/\/www.lraloeverashop.eu\/de\/wp-json\/wp\/v2\/media\/5917"}],"wp:attachment":[{"href":"https:\/\/www.lraloeverashop.eu\/de\/wp-json\/wp\/v2\/media?parent=8890"}],"wp:term":[{"taxonomy":"product_brand","embeddable":true,"href":"https:\/\/www.lraloeverashop.eu\/de\/wp-json\/wp\/v2\/product_brand?post=8890"},{"taxonomy":"product_cat","embeddable":true,"href":"https:\/\/www.lraloeverashop.eu\/de\/wp-json\/wp\/v2\/product_cat?post=8890"},{"taxonomy":"product_tag","embeddable":true,"href":"https:\/\/www.lraloeverashop.eu\/de\/wp-json\/wp\/v2\/product_tag?post=8890"}],"curies":[{"name":"wp","href":"https:\/\/api.w.org\/{rel}","templated":true}]}}