{"id":8880,"date":"2022-10-19T20:05:25","date_gmt":"2022-10-19T18:05:25","guid":{"rendered":"https:\/\/www.lraloeverashop.eu\/product\/serox-sofortiger-hautperfektor\/"},"modified":"2026-02-03T18:33:09","modified_gmt":"2026-02-03T17:33:09","slug":"serox-sofortiger-hautperfektor","status":"publish","type":"product","link":"https:\/\/www.lraloeverashop.eu\/de\/produkt\/serox-sofortiger-hautperfektor\/","title":{"rendered":"Serox Sofortiger Hautperfektor"},"content":{"rendered":"<h2><span style=\"font-size: 16pt;\"><strong>Serox Sofortiger Hautperfektor<\/strong><\/span><\/h2>\n<p><span style=\"font-size: 14pt;\"><strong>Serox Sofortiger Hautperfektor &#8211; Optische Verj\u00fcngung des Teints in Sekunden!<\/strong><\/span><\/p>\n<p>F\u00fcr Frauen, f\u00fcr die das Alter eine Nebensache ist, aber gutes Aussehen nicht.<br \/>\nF\u00fcr alle, die sich im Alltag eine Hautpflege w\u00fcnschen, die in Sekundenschnelle f\u00fcr ein perfektes Hautbild sorgt und kleine F\u00e4ltchen und Unebenheiten verschwinden l\u00e4sst.<\/p>\n<p>Eine makellose Haut, faltenarm und sch\u00f6n straff, das sind Zeichen eines jugendlichen Aussehens, das wir erhalten oder wiederherstellen m\u00f6chten.<\/p>\n<p>Mit zunehmendem Alter ver\u00e4ndert sich das Hautbild, Hautunregelm\u00e4\u00dfigkeiten nehmen zu und die Poren werden gr\u00f6\u00dfer. Zudem verliert die Haut immer mehr an <a href=\"https:\/\/www.lraloeverashop.eu\/de\/produkt\/gesichtsserum-mit-aloe-vera\/\">Elastizit\u00e4t<\/a> und Festigkeit. Um den Zeichen der Hautalterung entgegenzuwirken, ist der Serox Sofortiger Hautperfektor der ideale Begleiter f\u00fcr die <a href=\"https:\/\/www.lraloeverashop.eu\/de\/produkt\/zeitgard-pro-hautpflege-set\/\">t\u00e4gliche Gesichtspflege<\/a>.<\/p>\n<p>Die Effekt-Technologie mit dem doppelten <a href=\"https:\/\/www.lraloeverashop.eu\/de\/natuerliches-beauty-elixier-fuer-ein-jugendliches-aussehen\/\">Anti-Aging-Effekt<\/a> \u00fcberzeugt mit sofortiger Perfektion \u2013 eine optische Verj\u00fcngung der Haut in Sekunden! Die samtweiche, laminierende Perfector-Formel mit dezenten Farbpigmenten hinterl\u00e4sst die Haut wie verwandelt.<\/p>\n<p>Poren, Unebenheiten und F\u00e4ltchen werden minimiert und gl\u00e4nzende Haut mattiert. Zum anderen durch nachhaltige Perfektion \u2013 eine <a href=\"https:\/\/www.lraloeverashop.eu\/de\/produkt\/lr-beauty-elixir\/\">Regeneration der Hautstruktur<\/a> Tag f\u00fcr Tag!<\/p>\n<p>Erreicht wird dies durch die tiefenwirksamen Anti-Aging-Wirkstoffe Gatuline\u00ae In-Tense und die Ultra Filling SpheresTM. Sie st\u00e4rken nachhaltig die Festigkeit und Elastizit\u00e4t der Haut, wodurch sie glatter und geschmeidiger und straffer aussieht.<\/p>\n<p>Zur Unterst\u00fctzung der Anti-Aging-Wirkung empfiehlt sich folgendes Pflegeritual: Beginnen Sie mit dem <a href=\"https:\/\/www.lraloeverashop.eu\/de\/produkt\/serox-gesicht-serum\/\">Serox Instant Gesicht Serum<\/a>, gefolgt von der Intensive Anti Aging Creme und schlie\u00dfen Sie mit dem Serox\u00a0 Hautperfektor ab.<\/p>\n<p>&nbsp;<\/p>\n<h3><span style=\"font-size: 16pt;\"><strong>Anwendung<\/strong><\/span><\/h3>\n<p>Serox Sofortiger Hautperfektor kann zu jeder Tageszeit verwendet werden. Tragen Sie Ihre gewohnte Tagescreme auf und verteilen Sie anschlie\u00dfend einen Instant Skin Perfector gut \u00fcber das gesamte Gesicht. Warten Sie einige Sekunden, bevor Sie mit dem Schminken fortfahren.<\/p>\n<p>&nbsp;<\/p>\n<h4><span style=\"font-size: 16pt;\"><strong>Wussten Sie schon?<\/strong><\/span><\/h4>\n<p><strong>Gatuline\u00ae In-Tense<\/strong><br \/>\nDies ist ein konzentrierter, \u00f6liger Extrakt aus der Pflanze Spilanthes Acmella, auch Parakresse genannt.<br \/>\nGatuline\u00ae In-Tense stimuliert Fibroblasten (Zellen im Bindegewebe) und reorganisiert die Struktur und Dichte der Hautschicht. Hautdichte und -festigkeit werden erh\u00f6ht und lassen die Haut ebenm\u00e4\u00dfig strahlen.<\/p>\n<p><strong>Ultra f\u00fcllende Kugeln<\/strong><br \/>\nDiese Technologie nutzt die F\u00e4higkeit dehydrierter und vernetzter K\u00fcgelchen (bestehend aus Biopolymeren), die in die obere Hautschicht (Epidermis) eindringen, um das aus der darunter liegenden Hautschicht (Dermis) verdunstende Wasser aufzunehmen. Das Volumen der Kugeln nimmt zu und so wird die Haut gestrafft, gegl\u00e4ttet und mit Feuchtigkeit versorgt.<\/p>\n","protected":false},"excerpt":{"rendered":"<ul>\n<li>Innovative Technologie mit doppeltem Anti-Aging-Effekt<\/li>\n<li>Nachhaltige Perfektionierung der Hautstruktur<\/li>\n<li>Geeignet in Kombination mit Make-up<\/li>\n<li>Sofortige Perfektion der Haut<\/li>\n<li>Anti-Aging-Pflege f\u00fcr die t\u00e4gliche Anwendung<\/li>\n<li>Hochwertige Zutaten<\/li>\n<li>Menge: 30ml<\/li>\n<\/ul>\n<p><span style=\"color: #ff0000;\"><a style=\"color: #ff0000;\" href=\"https:\/\/shop.lrworld.com\/openpao?PHP=0vFlt7jT938BEnBI3a6e9w%3D%3D\"><span style=\"font-size: 14pt;\"><strong>Hier registrieren und dauerhaft 35\u202f% sparen<\/strong><\/span><\/a><\/span><\/p>\n","protected":false},"featured_media":5857,"comment_status":"open","ping_status":"closed","template":"","meta":{"_kad_blocks_custom_css":"","_kad_blocks_head_custom_js":"","_kad_blocks_body_custom_js":"","_kad_blocks_footer_custom_js":"","_kadence_starter_templates_imported_post":false,"_kad_post_transparent":"default","_kad_post_title":"","_kad_post_layout":"default","_kad_post_sidebar_id":"","_kad_post_content_style":"default","_kad_post_vertical_padding":"default","_kad_post_feature":"","_kad_post_feature_position":"","_kad_post_header":false,"_kad_post_footer":false,"_kad_post_classname":""},"product_brand":[],"product_cat":[267,328,285,279,387],"product_tag":[700],"class_list":{"0":"post-8880","1":"product","2":"type-product","3":"status-publish","4":"has-post-thumbnail","6":"product_cat-anti-aging-pflege","7":"product_cat-anti-age-produkte","8":"product_cat-frauen-bis-40","9":"product_cat-frauen-uber-40","10":"product_cat-serox-de","11":"product_tag-fur-falten-im-gesicht","13":"first","14":"instock","15":"taxable","16":"shipping-taxable","17":"purchasable","18":"product-type-simple","19":"entry","20":"content-bg","21":"loop-entry"},"yoast_head":"<!-- This site is optimized with the Yoast SEO Premium plugin v27.4 (Yoast SEO v27.4) - https:\/\/yoast.com\/product\/yoast-seo-premium-wordpress\/ -->\n<title>Serox Sofortiger Hautperfektor f\u00fcr sofortige Perfektion der Haut<\/title>\n<meta name=\"description\" content=\"F\u00fcr Frauen, f\u00fcr die das Alter eine Nebensache ist, aber gutes Aussehen nicht. Serox Sofortiger Hautperfektor f\u00fcr nachhaltige perfektionierung der Haut\" \/>\n<meta name=\"robots\" content=\"index, follow, max-snippet:-1, max-image-preview:large, max-video-preview:-1\" \/>\n<link rel=\"canonical\" href=\"https:\/\/www.lraloeverashop.eu\/de\/produkt\/serox-sofortiger-hautperfektor\/\" \/>\n<meta property=\"og:locale\" content=\"de_DE\" \/>\n<meta property=\"og:type\" content=\"article\" \/>\n<meta property=\"og:title\" content=\"Serox Sofortiger Hautperfektor\" \/>\n<meta property=\"og:description\" content=\"F\u00fcr Frauen, f\u00fcr die das Alter eine Nebensache ist, aber gutes Aussehen nicht. Serox Sofortiger Hautperfektor f\u00fcr nachhaltige perfektionierung der Haut\" \/>\n<meta property=\"og:url\" content=\"https:\/\/www.lraloeverashop.eu\/de\/produkt\/serox-sofortiger-hautperfektor\/\" \/>\n<meta property=\"og:site_name\" content=\"Lr Aloe Vera Shop\" \/>\n<meta property=\"article:publisher\" content=\"https:\/\/www.facebook.com\/lraloeverashop.eu\" \/>\n<meta property=\"article:modified_time\" content=\"2026-02-03T17:33:09+00:00\" \/>\n<meta property=\"og:image\" content=\"https:\/\/www.lraloeverashop.eu\/wp-content\/uploads\/2022\/10\/Serox-Instant-Skin-Perfector.jpg\" \/>\n\t<meta property=\"og:image:width\" content=\"1200\" \/>\n\t<meta property=\"og:image:height\" content=\"1200\" \/>\n\t<meta property=\"og:image:type\" content=\"image\/jpeg\" \/>\n<meta name=\"twitter:card\" content=\"summary_large_image\" \/>\n<meta name=\"twitter:site\" content=\"@natur__kosmetik\" \/>\n<script type=\"application\/ld+json\" class=\"yoast-schema-graph\">{\"@context\":\"https:\\\/\\\/schema.org\",\"@graph\":[{\"@type\":[\"WebPage\",\"ItemPage\"],\"@id\":\"https:\\\/\\\/www.lraloeverashop.eu\\\/de\\\/produkt\\\/serox-sofortiger-hautperfektor\\\/\",\"url\":\"https:\\\/\\\/www.lraloeverashop.eu\\\/de\\\/produkt\\\/serox-sofortiger-hautperfektor\\\/\",\"name\":\"Serox Sofortiger Hautperfektor f\u00fcr sofortige Perfektion der Haut\",\"isPartOf\":{\"@id\":\"https:\\\/\\\/www.lraloeverashop.eu\\\/de\\\/#website\"},\"primaryImageOfPage\":{\"@id\":\"https:\\\/\\\/www.lraloeverashop.eu\\\/de\\\/produkt\\\/serox-sofortiger-hautperfektor\\\/#primaryimage\"},\"image\":{\"@id\":\"https:\\\/\\\/www.lraloeverashop.eu\\\/de\\\/produkt\\\/serox-sofortiger-hautperfektor\\\/#primaryimage\"},\"thumbnailUrl\":\"https:\\\/\\\/www.lraloeverashop.eu\\\/wp-content\\\/uploads\\\/2022\\\/10\\\/Serox-Instant-Skin-Perfector.jpg\",\"datePublished\":\"2022-10-19T18:05:25+00:00\",\"dateModified\":\"2026-02-03T17:33:09+00:00\",\"description\":\"F\u00fcr Frauen, f\u00fcr die das Alter eine Nebensache ist, aber gutes Aussehen nicht. Serox Sofortiger Hautperfektor f\u00fcr nachhaltige perfektionierung der Haut\",\"breadcrumb\":{\"@id\":\"https:\\\/\\\/www.lraloeverashop.eu\\\/de\\\/produkt\\\/serox-sofortiger-hautperfektor\\\/#breadcrumb\"},\"inLanguage\":\"de\",\"potentialAction\":[{\"@type\":\"ReadAction\",\"target\":[\"https:\\\/\\\/www.lraloeverashop.eu\\\/de\\\/produkt\\\/serox-sofortiger-hautperfektor\\\/\"]}]},{\"@type\":\"ImageObject\",\"inLanguage\":\"de\",\"@id\":\"https:\\\/\\\/www.lraloeverashop.eu\\\/de\\\/produkt\\\/serox-sofortiger-hautperfektor\\\/#primaryimage\",\"url\":\"https:\\\/\\\/www.lraloeverashop.eu\\\/wp-content\\\/uploads\\\/2022\\\/10\\\/Serox-Instant-Skin-Perfector.jpg\",\"contentUrl\":\"https:\\\/\\\/www.lraloeverashop.eu\\\/wp-content\\\/uploads\\\/2022\\\/10\\\/Serox-Instant-Skin-Perfector.jpg\",\"width\":1200,\"height\":1200,\"caption\":\"Serox Sofortiger Hautperfektor f\u00fcr sofortige Perfektion der Hautstruktur\"},{\"@type\":\"BreadcrumbList\",\"@id\":\"https:\\\/\\\/www.lraloeverashop.eu\\\/de\\\/produkt\\\/serox-sofortiger-hautperfektor\\\/#breadcrumb\",\"itemListElement\":[{\"@type\":\"ListItem\",\"position\":1,\"name\":\"Home\",\"item\":\"https:\\\/\\\/www.lraloeverashop.eu\\\/de\\\/\"},{\"@type\":\"ListItem\",\"position\":2,\"name\":\"Shop\",\"item\":\"https:\\\/\\\/www.lraloeverashop.eu\\\/de\\\/shop-2\\\/\"},{\"@type\":\"ListItem\",\"position\":3,\"name\":\"Serox Sofortiger Hautperfektor\"}]},{\"@type\":\"WebSite\",\"@id\":\"https:\\\/\\\/www.lraloeverashop.eu\\\/de\\\/#website\",\"url\":\"https:\\\/\\\/www.lraloeverashop.eu\\\/de\\\/\",\"name\":\"Lr Aloe Vera Shop\",\"description\":\"High Quality Lr Aloe Vera Gel, Aloe Vera Cream and Shampoo\",\"publisher\":{\"@id\":\"https:\\\/\\\/www.lraloeverashop.eu\\\/de\\\/#organization\"},\"potentialAction\":[{\"@type\":\"SearchAction\",\"target\":{\"@type\":\"EntryPoint\",\"urlTemplate\":\"https:\\\/\\\/www.lraloeverashop.eu\\\/de\\\/?s={search_term_string}\"},\"query-input\":{\"@type\":\"PropertyValueSpecification\",\"valueRequired\":true,\"valueName\":\"search_term_string\"}}],\"inLanguage\":\"de\"},{\"@type\":\"Organization\",\"@id\":\"https:\\\/\\\/www.lraloeverashop.eu\\\/de\\\/#organization\",\"name\":\"Lr Aloe Vera Shop\",\"alternateName\":\"LR\",\"url\":\"https:\\\/\\\/www.lraloeverashop.eu\\\/de\\\/\",\"logo\":{\"@type\":\"ImageObject\",\"inLanguage\":\"de\",\"@id\":\"https:\\\/\\\/www.lraloeverashop.eu\\\/de\\\/#\\\/schema\\\/logo\\\/image\\\/\",\"url\":\"https:\\\/\\\/www.lraloeverashop.eu\\\/wp-content\\\/uploads\\\/2022\\\/09\\\/cropped-Lr-Aloe-Vera-Shop.jpg\",\"contentUrl\":\"https:\\\/\\\/www.lraloeverashop.eu\\\/wp-content\\\/uploads\\\/2022\\\/09\\\/cropped-Lr-Aloe-Vera-Shop.jpg\",\"width\":228,\"height\":76,\"caption\":\"Lr Aloe Vera Shop\"},\"image\":{\"@id\":\"https:\\\/\\\/www.lraloeverashop.eu\\\/de\\\/#\\\/schema\\\/logo\\\/image\\\/\"},\"sameAs\":[\"https:\\\/\\\/www.facebook.com\\\/lraloeverashop.eu\",\"https:\\\/\\\/x.com\\\/natur__kosmetik\",\"https:\\\/\\\/www.youtube.com\\\/channel\\\/UC5oN7BJ8nfYb8RpVtjwDEBA\",\"https:\\\/\\\/www.instagram.com\\\/lrbeautyeu\\\/\"],\"description\":\"LR Aloe Vera Shop ist Ihre vertrauensw\u00fcrdige Adresse f\u00fcr hochwertige LR Health & Beauty Produkte aus Deutschland. Wir bieten Ihnen erstklassige Aloe Vera Hautpflege, N\u00e4hrstoffe und Anti-Aging-Produkte mit reinen Inhaltsstoffen, die auf wissenschaftlichen Erkenntnissen basieren. Entdecken Sie nat\u00fcrliche Pflege, die Ihre Haut regeneriert, sch\u00fctzt und revitalisiert \u2013 und profitieren Sie von exklusiven Monatsangeboten auf unsere Bestseller von LR Aloe Vera. Starten Sie noch heute Ihre Reise zu nat\u00fcrlicher Hautpflege und sp\u00fcren Sie den Unterschied.\",\"email\":\"info@lraloeverashop.eu\",\"telephone\":\"+49 17670609653\",\"legalName\":\"Lr Aloe Vera Shop\",\"foundingDate\":\"2018-04-21\",\"numberOfEmployees\":{\"@type\":\"QuantitativeValue\",\"minValue\":\"1\",\"maxValue\":\"10\"}}]}<\/script>\n<meta property=\"product:price:amount\" content=\"58.10\" \/>\n<meta property=\"product:price:currency\" content=\"EUR\" \/>\n<meta property=\"og:availability\" content=\"instock\" \/>\n<meta property=\"product:availability\" content=\"instock\" \/>\n<meta property=\"product:retailer_item_id\" content=\"28250-1DE\" \/>\n<meta property=\"product:condition\" content=\"new\" \/>\n<!-- \/ Yoast SEO Premium plugin. -->","yoast_head_json":{"title":"Serox Sofortiger Hautperfektor f\u00fcr sofortige Perfektion der Haut","description":"F\u00fcr Frauen, f\u00fcr die das Alter eine Nebensache ist, aber gutes Aussehen nicht. Serox Sofortiger Hautperfektor f\u00fcr nachhaltige perfektionierung der Haut","robots":{"index":"index","follow":"follow","max-snippet":"max-snippet:-1","max-image-preview":"max-image-preview:large","max-video-preview":"max-video-preview:-1"},"canonical":"https:\/\/www.lraloeverashop.eu\/de\/produkt\/serox-sofortiger-hautperfektor\/","og_locale":"de_DE","og_type":"article","og_title":"Serox Sofortiger Hautperfektor","og_description":"F\u00fcr Frauen, f\u00fcr die das Alter eine Nebensache ist, aber gutes Aussehen nicht. Serox Sofortiger Hautperfektor f\u00fcr nachhaltige perfektionierung der Haut","og_url":"https:\/\/www.lraloeverashop.eu\/de\/produkt\/serox-sofortiger-hautperfektor\/","og_site_name":"Lr Aloe Vera Shop","article_publisher":"https:\/\/www.facebook.com\/lraloeverashop.eu","article_modified_time":"2026-02-03T17:33:09+00:00","og_image":[{"width":1200,"height":1200,"url":"https:\/\/www.lraloeverashop.eu\/wp-content\/uploads\/2022\/10\/Serox-Instant-Skin-Perfector.jpg","type":"image\/jpeg"}],"twitter_card":"summary_large_image","twitter_site":"@natur__kosmetik","schema":{"@context":"https:\/\/schema.org","@graph":[{"@type":["WebPage","ItemPage"],"@id":"https:\/\/www.lraloeverashop.eu\/de\/produkt\/serox-sofortiger-hautperfektor\/","url":"https:\/\/www.lraloeverashop.eu\/de\/produkt\/serox-sofortiger-hautperfektor\/","name":"Serox Sofortiger Hautperfektor f\u00fcr sofortige Perfektion der Haut","isPartOf":{"@id":"https:\/\/www.lraloeverashop.eu\/de\/#website"},"primaryImageOfPage":{"@id":"https:\/\/www.lraloeverashop.eu\/de\/produkt\/serox-sofortiger-hautperfektor\/#primaryimage"},"image":{"@id":"https:\/\/www.lraloeverashop.eu\/de\/produkt\/serox-sofortiger-hautperfektor\/#primaryimage"},"thumbnailUrl":"https:\/\/www.lraloeverashop.eu\/wp-content\/uploads\/2022\/10\/Serox-Instant-Skin-Perfector.jpg","datePublished":"2022-10-19T18:05:25+00:00","dateModified":"2026-02-03T17:33:09+00:00","description":"F\u00fcr Frauen, f\u00fcr die das Alter eine Nebensache ist, aber gutes Aussehen nicht. Serox Sofortiger Hautperfektor f\u00fcr nachhaltige perfektionierung der Haut","breadcrumb":{"@id":"https:\/\/www.lraloeverashop.eu\/de\/produkt\/serox-sofortiger-hautperfektor\/#breadcrumb"},"inLanguage":"de","potentialAction":[{"@type":"ReadAction","target":["https:\/\/www.lraloeverashop.eu\/de\/produkt\/serox-sofortiger-hautperfektor\/"]}]},{"@type":"ImageObject","inLanguage":"de","@id":"https:\/\/www.lraloeverashop.eu\/de\/produkt\/serox-sofortiger-hautperfektor\/#primaryimage","url":"https:\/\/www.lraloeverashop.eu\/wp-content\/uploads\/2022\/10\/Serox-Instant-Skin-Perfector.jpg","contentUrl":"https:\/\/www.lraloeverashop.eu\/wp-content\/uploads\/2022\/10\/Serox-Instant-Skin-Perfector.jpg","width":1200,"height":1200,"caption":"Serox Sofortiger Hautperfektor f\u00fcr sofortige Perfektion der Hautstruktur"},{"@type":"BreadcrumbList","@id":"https:\/\/www.lraloeverashop.eu\/de\/produkt\/serox-sofortiger-hautperfektor\/#breadcrumb","itemListElement":[{"@type":"ListItem","position":1,"name":"Home","item":"https:\/\/www.lraloeverashop.eu\/de\/"},{"@type":"ListItem","position":2,"name":"Shop","item":"https:\/\/www.lraloeverashop.eu\/de\/shop-2\/"},{"@type":"ListItem","position":3,"name":"Serox Sofortiger Hautperfektor"}]},{"@type":"WebSite","@id":"https:\/\/www.lraloeverashop.eu\/de\/#website","url":"https:\/\/www.lraloeverashop.eu\/de\/","name":"Lr Aloe Vera Shop","description":"High Quality Lr Aloe Vera Gel, Aloe Vera Cream and Shampoo","publisher":{"@id":"https:\/\/www.lraloeverashop.eu\/de\/#organization"},"potentialAction":[{"@type":"SearchAction","target":{"@type":"EntryPoint","urlTemplate":"https:\/\/www.lraloeverashop.eu\/de\/?s={search_term_string}"},"query-input":{"@type":"PropertyValueSpecification","valueRequired":true,"valueName":"search_term_string"}}],"inLanguage":"de"},{"@type":"Organization","@id":"https:\/\/www.lraloeverashop.eu\/de\/#organization","name":"Lr Aloe Vera Shop","alternateName":"LR","url":"https:\/\/www.lraloeverashop.eu\/de\/","logo":{"@type":"ImageObject","inLanguage":"de","@id":"https:\/\/www.lraloeverashop.eu\/de\/#\/schema\/logo\/image\/","url":"https:\/\/www.lraloeverashop.eu\/wp-content\/uploads\/2022\/09\/cropped-Lr-Aloe-Vera-Shop.jpg","contentUrl":"https:\/\/www.lraloeverashop.eu\/wp-content\/uploads\/2022\/09\/cropped-Lr-Aloe-Vera-Shop.jpg","width":228,"height":76,"caption":"Lr Aloe Vera Shop"},"image":{"@id":"https:\/\/www.lraloeverashop.eu\/de\/#\/schema\/logo\/image\/"},"sameAs":["https:\/\/www.facebook.com\/lraloeverashop.eu","https:\/\/x.com\/natur__kosmetik","https:\/\/www.youtube.com\/channel\/UC5oN7BJ8nfYb8RpVtjwDEBA","https:\/\/www.instagram.com\/lrbeautyeu\/"],"description":"LR Aloe Vera Shop ist Ihre vertrauensw\u00fcrdige Adresse f\u00fcr hochwertige LR Health & Beauty Produkte aus Deutschland. Wir bieten Ihnen erstklassige Aloe Vera Hautpflege, N\u00e4hrstoffe und Anti-Aging-Produkte mit reinen Inhaltsstoffen, die auf wissenschaftlichen Erkenntnissen basieren. Entdecken Sie nat\u00fcrliche Pflege, die Ihre Haut regeneriert, sch\u00fctzt und revitalisiert \u2013 und profitieren Sie von exklusiven Monatsangeboten auf unsere Bestseller von LR Aloe Vera. Starten Sie noch heute Ihre Reise zu nat\u00fcrlicher Hautpflege und sp\u00fcren Sie den Unterschied.","email":"info@lraloeverashop.eu","telephone":"+49 17670609653","legalName":"Lr Aloe Vera Shop","foundingDate":"2018-04-21","numberOfEmployees":{"@type":"QuantitativeValue","minValue":"1","maxValue":"10"}}]},"product_price_amount":"58.10","product_price_currency":"EUR","og_availability":"instock","product_availability":"instock","product_retailer_item_id":"28250-1DE","product_condition":"new"},"taxonomy_info":{"product_cat":[{"value":267,"label":"Anti Aging Pflege"},{"value":328,"label":"Anti-Age-Produkte"},{"value":285,"label":"Frauen bis 40"},{"value":279,"label":"Frauen \u00fcber 40"},{"value":387,"label":"Serox"}],"product_tag":[{"value":700,"label":"f\u00fcr Falten im Gesicht"}]},"featured_image_src_large":["https:\/\/www.lraloeverashop.eu\/wp-content\/uploads\/2022\/10\/Serox-Instant-Skin-Perfector-1024x1024.jpg",1024,1024,true],"author_info":[],"comment_info":0,"_links":{"self":[{"href":"https:\/\/www.lraloeverashop.eu\/de\/wp-json\/wp\/v2\/product\/8880","targetHints":{"allow":["GET"]}}],"collection":[{"href":"https:\/\/www.lraloeverashop.eu\/de\/wp-json\/wp\/v2\/product"}],"about":[{"href":"https:\/\/www.lraloeverashop.eu\/de\/wp-json\/wp\/v2\/types\/product"}],"replies":[{"embeddable":true,"href":"https:\/\/www.lraloeverashop.eu\/de\/wp-json\/wp\/v2\/comments?post=8880"}],"wp:featuredmedia":[{"embeddable":true,"href":"https:\/\/www.lraloeverashop.eu\/de\/wp-json\/wp\/v2\/media\/5857"}],"wp:attachment":[{"href":"https:\/\/www.lraloeverashop.eu\/de\/wp-json\/wp\/v2\/media?parent=8880"}],"wp:term":[{"taxonomy":"product_brand","embeddable":true,"href":"https:\/\/www.lraloeverashop.eu\/de\/wp-json\/wp\/v2\/product_brand?post=8880"},{"taxonomy":"product_cat","embeddable":true,"href":"https:\/\/www.lraloeverashop.eu\/de\/wp-json\/wp\/v2\/product_cat?post=8880"},{"taxonomy":"product_tag","embeddable":true,"href":"https:\/\/www.lraloeverashop.eu\/de\/wp-json\/wp\/v2\/product_tag?post=8880"}],"curies":[{"name":"wp","href":"https:\/\/api.w.org\/{rel}","templated":true}]}}