{"id":8840,"date":"2022-10-20T06:47:50","date_gmt":"2022-10-20T04:47:50","guid":{"rendered":"https:\/\/www.lraloeverashop.eu\/product\/beauty-diamonds-gesichtsol\/"},"modified":"2026-02-03T18:32:37","modified_gmt":"2026-02-03T17:32:37","slug":"gesichtsol-beauty-diamonds","status":"publish","type":"product","link":"https:\/\/www.lraloeverashop.eu\/de\/produkt\/gesichtsol-beauty-diamonds\/","title":{"rendered":"Beauty Diamonds Gesichts\u00f6l"},"content":{"rendered":"<h2><span style=\"font-size: 16pt;\"><strong>Beauty Diamonds Gesichts\u00f6l<\/strong><\/span><\/h2>\n<p><span style=\"font-size: 14pt;\"><strong>Beauty Diamonds Gesichts\u00f6l &#8211; 3 in 1 Intensive Anti-Aging Gesichtspflege<\/strong><\/span><\/p>\n<p>F\u00fcr Frauen, die ihrer trockenen Gesichtshaut etwas richtig Gutes tun m\u00f6chten. Aber auch reife und wintergeplagte Haut braucht Aufmerksamkeit. G\u00f6nnen Sie sich Geschmeidigkeit und <a href=\"https:\/\/www.lraloeverashop.eu\/de\/aloe-vera-nachtcreme\/\">samtweiche Haut<\/a>. Die Zeit ist reif f\u00fcr jugendliche Ausstrahlung!<\/p>\n<p>Durch Umwelteinfl\u00fcsse wird unsere Haut besonders beansprucht. In den Wintermonaten kommt dann noch K\u00e4lte und Heizungsluft hinzu. Oft f\u00fchlt sich die Haut schlapp und trocken an und der Teint sieht fahl aus. Durch die \u00e4u\u00dferen Einfl\u00fcsse verliert die Haut Feuchtigkeit und <a href=\"https:\/\/www.lraloeverashop.eu\/de\/produkt\/beauty-diamonds-tagescreme\/\">Falten<\/a> k\u00f6nnen schneller entstehen.<\/p>\n<p>Eine normale Tagespflege reicht oft nicht aus, um die Haut geschmeidig zu halten und Falten vorzubeugen. Vor allem die reife Haut braucht etwas Unterst\u00fctzung, um den t\u00e4glichen Widrigkeiten standzuhalten. Das Beauty Diamonds Gesichts\u00f6l ist eine intensive <a href=\"https:\/\/www.lraloeverashop.eu\/de\/produkt-kategorie\/anti-aging-pflege\/zeitgard-pro-de\/\">Anti-Aging-Gesichtspflege<\/a> und der perfekte Partner an Ihrer Seite.<\/p>\n<p>Die innovative Kombination aus 6 wertvollen \u00d6len nat\u00fcrlichen Ursprungs und ausgew\u00e4hlten Vitaminen, regeneriert trockene, spr\u00f6de und kraftlose Haut und verleiht ihr eine jugendliche Ausstrahlung. Die tiefenwirksamen \u00d6le pflegen die Haut intensiv und beugen Feuchtigkeitsverlust durch eine gest\u00e4rkte Lipidbarriere vor. So f\u00fchlt sich die Haut prall, geschmeidig und <a href=\"https:\/\/www.lraloeverashop.eu\/de\/produkt\/aloe-vera-gesichtspflege-set\/\">samtweich an<\/a>. Die Vitamine A, E und F versorgen die Haut mit N\u00e4hrstoffen.<\/p>\n<p>Sie lassen die Haut j\u00fcnger aussehen und unterst\u00fctzen ihre Regeneration. Die Haut sieht glatter, fester und j\u00fcnger aus. Die reichhaltigen \u00d6le mildern die Rauheit trockener Haut und verleihen einen jugendlich strahlenden und ebenm\u00e4\u00dfigen Teint, ohne zu gl\u00e4nzen.<\/p>\n<p><strong>Beauty Diamonds Gesichts\u00f6l bietet Ihnen drei gro\u00dfartige Verwendungsm\u00f6glichkeiten:<\/strong><\/p>\n<p><strong>Anti-aging \u00d6l<\/strong><br \/>\nDie ideale Basispflege f\u00fcr einen strahlenden Teint. Direkt nach der Reinigung morgens oder abends 3-5 Tropfen auftragen. Anschlie\u00dfend die t\u00e4gliche <a href=\"https:\/\/shop.lrworld.com\/home\/de\/de?PHP=0vFlt7jT938BEnBI3a6e9w%3D%3D\">LR Pflege<\/a> auftragen.<\/p>\n<p><strong>Anti-Aging-\u00d6l-Boost<\/strong><br \/>\nEin reichhaltiges Pflege-Plus f\u00fcr geschmeidig-zarte Haut. Ein paar \u00d6ltropfen auf die Tages- oder Nachtcreme in der Hand geben, alles mischen und auf das Gesicht auftragen.<\/p>\n<p><strong>Anti-Aging-\u00d6lmaske<\/strong><br \/>\nDie intensive und reichhaltige Regenerationspflege f\u00fcr glatte, straffe Haut.<\/p>\n<p>&nbsp;<\/p>\n<h3><span style=\"font-size: 16pt;\"><strong>Anwendung<\/strong><\/span><\/h3>\n<p>Etwa 10 Tropfen Beauty Diamonds Gesichts\u00f6l gro\u00dfz\u00fcgig auf Gesicht, Hals und Dekollet\u00e9 verteilen. 10 Minuten einwirken lassen, dann einmassieren und anschlie\u00dfend die restliche Textur entfernen.<\/p>\n<p>Eine wunderbare Unterst\u00fctzung auch in direkter Kombination mit dem \u00d6l ist die Tages- und Nachtcreme von Beauty Diamonds.<\/p>\n<p>&nbsp;<\/p>\n<h4><span style=\"font-size: 16pt;\"><strong>Wussten Sie schon?<\/strong><\/span><\/h4>\n<p>Aufgrund ihrer wunderbaren Eigenschaften sind \u00d6le aus der Kosmetik nicht mehr wegzudenken. Die unterschiedlichen \u00d6le sch\u00fctzen unsere Haut, sind pflegend, bieten Barriereschutz und sind feuchtigkeitsbewahrend. Kombiniert ergibt dies ausgewogene Pflegeprodukte. Im Beauty Diamonds \u00d6l verwenden wir Mandel\u00f6l, Argan\u00f6l, Avocado\u00f6l, Traubenkern\u00f6l, Macadamianuss\u00f6l und Jojoba\u00f6l.<\/p>\n","protected":false},"excerpt":{"rendered":"<ul>\n<li>Gesichts\u00f6l aus einer Mischung aus Mandel-, Argan-, Avocado-, Traubenkern-, Macadamia- und Jojoba\u00f6l.<\/li>\n<li>Pflegt und regeneriert die Haut mit den Vitaminen A, E und F.<\/li>\n<li>Sch\u00fctzt vor Feuchtigkeitsverlust<\/li>\n<li>Verleiht der Haut ein jugendliches Aussehen dank einer reichhaltigen \u00d6lkombination<\/li>\n<li>95% der Tester w\u00fcrden das Produkt ihrer Freundin weiterempfehlen<\/li>\n<li>Menge: 30 ml<\/li>\n<\/ul>\n<p><span style=\"color: #ff0000;\"><a style=\"color: #ff0000;\" href=\"https:\/\/shop.lrworld.com\/openpao?PHP=0vFlt7jT938BEnBI3a6e9w%3D%3D\"><span style=\"font-size: 14pt;\"><strong>Hier registrieren und dauerhaft 35\u202f% sparen<\/strong><\/span><\/a><\/span><\/p>\n","protected":false},"featured_media":5959,"comment_status":"open","ping_status":"closed","template":"","meta":{"_kad_blocks_custom_css":"","_kad_blocks_head_custom_js":"","_kad_blocks_body_custom_js":"","_kad_blocks_footer_custom_js":"","_kadence_starter_templates_imported_post":false,"_kad_post_transparent":"default","_kad_post_title":"","_kad_post_layout":"default","_kad_post_sidebar_id":"","_kad_post_content_style":"default","_kad_post_vertical_padding":"default","_kad_post_feature":"","_kad_post_feature_position":"","_kad_post_header":false,"_kad_post_footer":false,"_kad_post_classname":""},"product_brand":[],"product_cat":[267,328,363,279],"product_tag":[],"class_list":{"0":"post-8840","1":"product","2":"type-product","3":"status-publish","4":"has-post-thumbnail","6":"product_cat-anti-aging-pflege","7":"product_cat-anti-age-produkte","8":"product_cat-beauty-diamonds-de","9":"product_cat-frauen-uber-40","11":"first","12":"instock","13":"taxable","14":"shipping-taxable","15":"purchasable","16":"product-type-simple","17":"entry","18":"content-bg","19":"loop-entry"},"yoast_head":"<!-- This site is optimized with the Yoast SEO Premium plugin v27.5 (Yoast SEO v27.5) - https:\/\/yoast.com\/product\/yoast-seo-premium-wordpress\/ -->\n<title>Beauty Diamonds Gesichts\u00f6l f\u00fcr Intensive anti-age Gesichtspflege<\/title>\n<meta name=\"description\" content=\"Beauty Diamonds Gesichts\u00f6l aus einer Mischung aus Mandel, Argan, Avocado, Traubenkern, Macadamia und Jojoba\u00f6l. Die Haut sieht glatter und j\u00fcnger aus.\" \/>\n<meta name=\"robots\" content=\"index, follow, max-snippet:-1, max-image-preview:large, max-video-preview:-1\" \/>\n<link rel=\"canonical\" href=\"https:\/\/www.lraloeverashop.eu\/de\/produkt\/gesichtsol-beauty-diamonds\/\" \/>\n<meta property=\"og:locale\" content=\"de_DE\" \/>\n<meta property=\"og:type\" content=\"article\" \/>\n<meta property=\"og:title\" content=\"Beauty Diamonds Gesichts\u00f6l\" \/>\n<meta property=\"og:description\" content=\"Beauty Diamonds Gesichts\u00f6l aus einer Mischung aus Mandel, Argan, Avocado, Traubenkern, Macadamia und Jojoba\u00f6l. Die Haut sieht glatter und j\u00fcnger aus.\" \/>\n<meta property=\"og:url\" content=\"https:\/\/www.lraloeverashop.eu\/de\/produkt\/gesichtsol-beauty-diamonds\/\" \/>\n<meta property=\"og:site_name\" content=\"Lr Aloe Vera Shop\" \/>\n<meta property=\"article:publisher\" content=\"https:\/\/www.facebook.com\/lraloeverashop.eu\" \/>\n<meta property=\"article:modified_time\" content=\"2026-02-03T17:32:37+00:00\" \/>\n<meta property=\"og:image\" content=\"https:\/\/www.lraloeverashop.eu\/wp-content\/uploads\/2022\/10\/Beauty-Diamonds-Radiant-Youth-Oil.jpg\" \/>\n\t<meta property=\"og:image:width\" content=\"1200\" \/>\n\t<meta property=\"og:image:height\" content=\"1200\" \/>\n\t<meta property=\"og:image:type\" content=\"image\/jpeg\" \/>\n<meta name=\"twitter:card\" content=\"summary_large_image\" \/>\n<meta name=\"twitter:site\" content=\"@natur__kosmetik\" \/>\n<script type=\"application\/ld+json\" class=\"yoast-schema-graph\">{\"@context\":\"https:\\\/\\\/schema.org\",\"@graph\":[{\"@type\":[\"WebPage\",\"ItemPage\"],\"@id\":\"https:\\\/\\\/www.lraloeverashop.eu\\\/de\\\/produkt\\\/gesichtsol-beauty-diamonds\\\/\",\"url\":\"https:\\\/\\\/www.lraloeverashop.eu\\\/de\\\/produkt\\\/gesichtsol-beauty-diamonds\\\/\",\"name\":\"Beauty Diamonds Gesichts\u00f6l f\u00fcr Intensive anti-age Gesichtspflege\",\"isPartOf\":{\"@id\":\"https:\\\/\\\/www.lraloeverashop.eu\\\/de\\\/#website\"},\"primaryImageOfPage\":{\"@id\":\"https:\\\/\\\/www.lraloeverashop.eu\\\/de\\\/produkt\\\/gesichtsol-beauty-diamonds\\\/#primaryimage\"},\"image\":{\"@id\":\"https:\\\/\\\/www.lraloeverashop.eu\\\/de\\\/produkt\\\/gesichtsol-beauty-diamonds\\\/#primaryimage\"},\"thumbnailUrl\":\"https:\\\/\\\/www.lraloeverashop.eu\\\/wp-content\\\/uploads\\\/2022\\\/10\\\/Beauty-Diamonds-Radiant-Youth-Oil.jpg\",\"datePublished\":\"2022-10-20T04:47:50+00:00\",\"dateModified\":\"2026-02-03T17:32:37+00:00\",\"description\":\"Beauty Diamonds Gesichts\u00f6l aus einer Mischung aus Mandel, Argan, Avocado, Traubenkern, Macadamia und Jojoba\u00f6l. Die Haut sieht glatter und j\u00fcnger aus.\",\"breadcrumb\":{\"@id\":\"https:\\\/\\\/www.lraloeverashop.eu\\\/de\\\/produkt\\\/gesichtsol-beauty-diamonds\\\/#breadcrumb\"},\"inLanguage\":\"de\",\"potentialAction\":[{\"@type\":\"ReadAction\",\"target\":[\"https:\\\/\\\/www.lraloeverashop.eu\\\/de\\\/produkt\\\/gesichtsol-beauty-diamonds\\\/\"]}]},{\"@type\":\"ImageObject\",\"inLanguage\":\"de\",\"@id\":\"https:\\\/\\\/www.lraloeverashop.eu\\\/de\\\/produkt\\\/gesichtsol-beauty-diamonds\\\/#primaryimage\",\"url\":\"https:\\\/\\\/www.lraloeverashop.eu\\\/wp-content\\\/uploads\\\/2022\\\/10\\\/Beauty-Diamonds-Radiant-Youth-Oil.jpg\",\"contentUrl\":\"https:\\\/\\\/www.lraloeverashop.eu\\\/wp-content\\\/uploads\\\/2022\\\/10\\\/Beauty-Diamonds-Radiant-Youth-Oil.jpg\",\"width\":1200,\"height\":1200,\"caption\":\"Beauty Diamonds \u00d6l f\u00fcr strahlende Jugend\"},{\"@type\":\"BreadcrumbList\",\"@id\":\"https:\\\/\\\/www.lraloeverashop.eu\\\/de\\\/produkt\\\/gesichtsol-beauty-diamonds\\\/#breadcrumb\",\"itemListElement\":[{\"@type\":\"ListItem\",\"position\":1,\"name\":\"Home\",\"item\":\"https:\\\/\\\/www.lraloeverashop.eu\\\/de\\\/\"},{\"@type\":\"ListItem\",\"position\":2,\"name\":\"Shop\",\"item\":\"https:\\\/\\\/www.lraloeverashop.eu\\\/de\\\/shop-2\\\/\"},{\"@type\":\"ListItem\",\"position\":3,\"name\":\"Beauty Diamonds Gesichts\u00f6l\"}]},{\"@type\":\"WebSite\",\"@id\":\"https:\\\/\\\/www.lraloeverashop.eu\\\/de\\\/#website\",\"url\":\"https:\\\/\\\/www.lraloeverashop.eu\\\/de\\\/\",\"name\":\"Lr Aloe Vera Shop\",\"description\":\"High Quality Lr Aloe Vera Gel, Aloe Vera Cream and Shampoo\",\"publisher\":{\"@id\":\"https:\\\/\\\/www.lraloeverashop.eu\\\/de\\\/#organization\"},\"alternateName\":\"LR\",\"potentialAction\":[{\"@type\":\"SearchAction\",\"target\":{\"@type\":\"EntryPoint\",\"urlTemplate\":\"https:\\\/\\\/www.lraloeverashop.eu\\\/de\\\/?s={search_term_string}\"},\"query-input\":{\"@type\":\"PropertyValueSpecification\",\"valueRequired\":true,\"valueName\":\"search_term_string\"}}],\"inLanguage\":\"de\"},{\"@type\":\"Organization\",\"@id\":\"https:\\\/\\\/www.lraloeverashop.eu\\\/de\\\/#organization\",\"name\":\"Lr Aloe Vera Shop\",\"alternateName\":\"LR\",\"url\":\"https:\\\/\\\/www.lraloeverashop.eu\\\/de\\\/\",\"logo\":{\"@type\":\"ImageObject\",\"inLanguage\":\"de\",\"@id\":\"https:\\\/\\\/www.lraloeverashop.eu\\\/de\\\/#\\\/schema\\\/logo\\\/image\\\/\",\"url\":\"https:\\\/\\\/www.lraloeverashop.eu\\\/wp-content\\\/uploads\\\/2022\\\/09\\\/cropped-Lr-Aloe-Vera-Shop.jpg\",\"contentUrl\":\"https:\\\/\\\/www.lraloeverashop.eu\\\/wp-content\\\/uploads\\\/2022\\\/09\\\/cropped-Lr-Aloe-Vera-Shop.jpg\",\"width\":228,\"height\":76,\"caption\":\"Lr Aloe Vera Shop\"},\"image\":{\"@id\":\"https:\\\/\\\/www.lraloeverashop.eu\\\/de\\\/#\\\/schema\\\/logo\\\/image\\\/\"},\"sameAs\":[\"https:\\\/\\\/www.facebook.com\\\/lraloeverashop.eu\",\"https:\\\/\\\/x.com\\\/natur__kosmetik\",\"https:\\\/\\\/www.youtube.com\\\/channel\\\/UC5oN7BJ8nfYb8RpVtjwDEBA\",\"https:\\\/\\\/www.instagram.com\\\/lrbeautyeu\\\/\"],\"description\":\"LR Aloe Vera Shop ist Ihre vertrauensw\u00fcrdige Adresse f\u00fcr hochwertige LR Health & Beauty Produkte aus Deutschland. Wir bieten Ihnen erstklassige Aloe Vera Hautpflege, N\u00e4hrstoffe und Anti-Aging-Produkte mit reinen Inhaltsstoffen, die auf wissenschaftlichen Erkenntnissen basieren. Entdecken Sie nat\u00fcrliche Pflege, die Ihre Haut regeneriert, sch\u00fctzt und revitalisiert \u2013 und profitieren Sie von exklusiven Monatsangeboten auf unsere Bestseller von LR Aloe Vera. Starten Sie noch heute Ihre Reise zu nat\u00fcrlicher Hautpflege und sp\u00fcren Sie den Unterschied.\",\"email\":\"info@lraloeverashop.eu\",\"telephone\":\"+49 17670609653\",\"legalName\":\"Lr Aloe Vera Shop\",\"foundingDate\":\"2018-04-21\",\"numberOfEmployees\":{\"@type\":\"QuantitativeValue\",\"minValue\":\"1\",\"maxValue\":\"10\"}}]}<\/script>\n<meta property=\"product:price:amount\" content=\"48.59\" \/>\n<meta property=\"product:price:currency\" content=\"EUR\" \/>\n<meta property=\"og:availability\" content=\"instock\" \/>\n<meta property=\"product:availability\" content=\"instock\" \/>\n<meta property=\"product:retailer_item_id\" content=\"28314-1DE\" \/>\n<meta property=\"product:condition\" content=\"new\" \/>\n<!-- \/ Yoast SEO Premium plugin. -->","yoast_head_json":{"title":"Beauty Diamonds Gesichts\u00f6l f\u00fcr Intensive anti-age Gesichtspflege","description":"Beauty Diamonds Gesichts\u00f6l aus einer Mischung aus Mandel, Argan, Avocado, Traubenkern, Macadamia und Jojoba\u00f6l. Die Haut sieht glatter und j\u00fcnger aus.","robots":{"index":"index","follow":"follow","max-snippet":"max-snippet:-1","max-image-preview":"max-image-preview:large","max-video-preview":"max-video-preview:-1"},"canonical":"https:\/\/www.lraloeverashop.eu\/de\/produkt\/gesichtsol-beauty-diamonds\/","og_locale":"de_DE","og_type":"article","og_title":"Beauty Diamonds Gesichts\u00f6l","og_description":"Beauty Diamonds Gesichts\u00f6l aus einer Mischung aus Mandel, Argan, Avocado, Traubenkern, Macadamia und Jojoba\u00f6l. Die Haut sieht glatter und j\u00fcnger aus.","og_url":"https:\/\/www.lraloeverashop.eu\/de\/produkt\/gesichtsol-beauty-diamonds\/","og_site_name":"Lr Aloe Vera Shop","article_publisher":"https:\/\/www.facebook.com\/lraloeverashop.eu","article_modified_time":"2026-02-03T17:32:37+00:00","og_image":[{"width":1200,"height":1200,"url":"https:\/\/www.lraloeverashop.eu\/wp-content\/uploads\/2022\/10\/Beauty-Diamonds-Radiant-Youth-Oil.jpg","type":"image\/jpeg"}],"twitter_card":"summary_large_image","twitter_site":"@natur__kosmetik","schema":{"@context":"https:\/\/schema.org","@graph":[{"@type":["WebPage","ItemPage"],"@id":"https:\/\/www.lraloeverashop.eu\/de\/produkt\/gesichtsol-beauty-diamonds\/","url":"https:\/\/www.lraloeverashop.eu\/de\/produkt\/gesichtsol-beauty-diamonds\/","name":"Beauty Diamonds Gesichts\u00f6l f\u00fcr Intensive anti-age Gesichtspflege","isPartOf":{"@id":"https:\/\/www.lraloeverashop.eu\/de\/#website"},"primaryImageOfPage":{"@id":"https:\/\/www.lraloeverashop.eu\/de\/produkt\/gesichtsol-beauty-diamonds\/#primaryimage"},"image":{"@id":"https:\/\/www.lraloeverashop.eu\/de\/produkt\/gesichtsol-beauty-diamonds\/#primaryimage"},"thumbnailUrl":"https:\/\/www.lraloeverashop.eu\/wp-content\/uploads\/2022\/10\/Beauty-Diamonds-Radiant-Youth-Oil.jpg","datePublished":"2022-10-20T04:47:50+00:00","dateModified":"2026-02-03T17:32:37+00:00","description":"Beauty Diamonds Gesichts\u00f6l aus einer Mischung aus Mandel, Argan, Avocado, Traubenkern, Macadamia und Jojoba\u00f6l. Die Haut sieht glatter und j\u00fcnger aus.","breadcrumb":{"@id":"https:\/\/www.lraloeverashop.eu\/de\/produkt\/gesichtsol-beauty-diamonds\/#breadcrumb"},"inLanguage":"de","potentialAction":[{"@type":"ReadAction","target":["https:\/\/www.lraloeverashop.eu\/de\/produkt\/gesichtsol-beauty-diamonds\/"]}]},{"@type":"ImageObject","inLanguage":"de","@id":"https:\/\/www.lraloeverashop.eu\/de\/produkt\/gesichtsol-beauty-diamonds\/#primaryimage","url":"https:\/\/www.lraloeverashop.eu\/wp-content\/uploads\/2022\/10\/Beauty-Diamonds-Radiant-Youth-Oil.jpg","contentUrl":"https:\/\/www.lraloeverashop.eu\/wp-content\/uploads\/2022\/10\/Beauty-Diamonds-Radiant-Youth-Oil.jpg","width":1200,"height":1200,"caption":"Beauty Diamonds \u00d6l f\u00fcr strahlende Jugend"},{"@type":"BreadcrumbList","@id":"https:\/\/www.lraloeverashop.eu\/de\/produkt\/gesichtsol-beauty-diamonds\/#breadcrumb","itemListElement":[{"@type":"ListItem","position":1,"name":"Home","item":"https:\/\/www.lraloeverashop.eu\/de\/"},{"@type":"ListItem","position":2,"name":"Shop","item":"https:\/\/www.lraloeverashop.eu\/de\/shop-2\/"},{"@type":"ListItem","position":3,"name":"Beauty Diamonds Gesichts\u00f6l"}]},{"@type":"WebSite","@id":"https:\/\/www.lraloeverashop.eu\/de\/#website","url":"https:\/\/www.lraloeverashop.eu\/de\/","name":"Lr Aloe Vera Shop","description":"High Quality Lr Aloe Vera Gel, Aloe Vera Cream and Shampoo","publisher":{"@id":"https:\/\/www.lraloeverashop.eu\/de\/#organization"},"alternateName":"LR","potentialAction":[{"@type":"SearchAction","target":{"@type":"EntryPoint","urlTemplate":"https:\/\/www.lraloeverashop.eu\/de\/?s={search_term_string}"},"query-input":{"@type":"PropertyValueSpecification","valueRequired":true,"valueName":"search_term_string"}}],"inLanguage":"de"},{"@type":"Organization","@id":"https:\/\/www.lraloeverashop.eu\/de\/#organization","name":"Lr Aloe Vera Shop","alternateName":"LR","url":"https:\/\/www.lraloeverashop.eu\/de\/","logo":{"@type":"ImageObject","inLanguage":"de","@id":"https:\/\/www.lraloeverashop.eu\/de\/#\/schema\/logo\/image\/","url":"https:\/\/www.lraloeverashop.eu\/wp-content\/uploads\/2022\/09\/cropped-Lr-Aloe-Vera-Shop.jpg","contentUrl":"https:\/\/www.lraloeverashop.eu\/wp-content\/uploads\/2022\/09\/cropped-Lr-Aloe-Vera-Shop.jpg","width":228,"height":76,"caption":"Lr Aloe Vera Shop"},"image":{"@id":"https:\/\/www.lraloeverashop.eu\/de\/#\/schema\/logo\/image\/"},"sameAs":["https:\/\/www.facebook.com\/lraloeverashop.eu","https:\/\/x.com\/natur__kosmetik","https:\/\/www.youtube.com\/channel\/UC5oN7BJ8nfYb8RpVtjwDEBA","https:\/\/www.instagram.com\/lrbeautyeu\/"],"description":"LR Aloe Vera Shop ist Ihre vertrauensw\u00fcrdige Adresse f\u00fcr hochwertige LR Health & Beauty Produkte aus Deutschland. Wir bieten Ihnen erstklassige Aloe Vera Hautpflege, N\u00e4hrstoffe und Anti-Aging-Produkte mit reinen Inhaltsstoffen, die auf wissenschaftlichen Erkenntnissen basieren. Entdecken Sie nat\u00fcrliche Pflege, die Ihre Haut regeneriert, sch\u00fctzt und revitalisiert \u2013 und profitieren Sie von exklusiven Monatsangeboten auf unsere Bestseller von LR Aloe Vera. Starten Sie noch heute Ihre Reise zu nat\u00fcrlicher Hautpflege und sp\u00fcren Sie den Unterschied.","email":"info@lraloeverashop.eu","telephone":"+49 17670609653","legalName":"Lr Aloe Vera Shop","foundingDate":"2018-04-21","numberOfEmployees":{"@type":"QuantitativeValue","minValue":"1","maxValue":"10"}}]},"product_price_amount":"48.59","product_price_currency":"EUR","og_availability":"instock","product_availability":"instock","product_retailer_item_id":"28314-1DE","product_condition":"new"},"taxonomy_info":{"product_cat":[{"value":267,"label":"Anti Aging Pflege"},{"value":328,"label":"Anti-Age-Produkte"},{"value":363,"label":"Beauty Diamonds"},{"value":279,"label":"Frauen \u00fcber 40"}]},"featured_image_src_large":["https:\/\/www.lraloeverashop.eu\/wp-content\/uploads\/2022\/10\/Beauty-Diamonds-Radiant-Youth-Oil-1024x1024.jpg",1024,1024,true],"author_info":[],"comment_info":1,"_links":{"self":[{"href":"https:\/\/www.lraloeverashop.eu\/de\/wp-json\/wp\/v2\/product\/8840","targetHints":{"allow":["GET"]}}],"collection":[{"href":"https:\/\/www.lraloeverashop.eu\/de\/wp-json\/wp\/v2\/product"}],"about":[{"href":"https:\/\/www.lraloeverashop.eu\/de\/wp-json\/wp\/v2\/types\/product"}],"replies":[{"embeddable":true,"href":"https:\/\/www.lraloeverashop.eu\/de\/wp-json\/wp\/v2\/comments?post=8840"}],"wp:featuredmedia":[{"embeddable":true,"href":"https:\/\/www.lraloeverashop.eu\/de\/wp-json\/wp\/v2\/media\/5959"}],"wp:attachment":[{"href":"https:\/\/www.lraloeverashop.eu\/de\/wp-json\/wp\/v2\/media?parent=8840"}],"wp:term":[{"taxonomy":"product_brand","embeddable":true,"href":"https:\/\/www.lraloeverashop.eu\/de\/wp-json\/wp\/v2\/product_brand?post=8840"},{"taxonomy":"product_cat","embeddable":true,"href":"https:\/\/www.lraloeverashop.eu\/de\/wp-json\/wp\/v2\/product_cat?post=8840"},{"taxonomy":"product_tag","embeddable":true,"href":"https:\/\/www.lraloeverashop.eu\/de\/wp-json\/wp\/v2\/product_tag?post=8840"}],"curies":[{"name":"wp","href":"https:\/\/api.w.org\/{rel}","templated":true}]}}