{"id":8810,"date":"2022-10-20T10:58:20","date_gmt":"2022-10-20T08:58:20","guid":{"rendered":"https:\/\/www.lraloeverashop.eu\/product\/beauty-diamonds-augencreme-gegen-falten\/"},"modified":"2026-02-03T18:32:07","modified_gmt":"2026-02-03T17:32:07","slug":"beauty-diamonds-augencreme-gegen-falten","status":"publish","type":"product","link":"https:\/\/www.lraloeverashop.eu\/de\/produkt\/beauty-diamonds-augencreme-gegen-falten\/","title":{"rendered":"Beauty Diamonds Augencreme Gegen Falten"},"content":{"rendered":"<h2><span style=\"font-size: 16pt;\"><strong>Augencreme Gegen Falten Beauty Diamonds<\/strong><\/span><\/h2>\n<p><span style=\"font-size: 14pt;\"><strong>Augencreme Gegen Falten Beauty Diamonds reduziert Falten, Augenringe und Tr\u00e4nens\u00e4cke<\/strong><\/span><\/p>\n<p>F\u00fcr einen strahlend sch\u00f6nen Look! Die straffende und straffende Augenpflege mit \u201eEye-firming-Effekt\u201c \u2013 dank Wei\u00dfdorn und Arabischem Jasmin \u2013 reduziert sichtbar <a href=\"https:\/\/www.lraloeverashop.eu\/de\/produkt\/racine-q10-augencreme\/\">F\u00e4ltchen<\/a> um die Augen.<br \/>\nDie gesamte Augenpartie wirkt straffer und kr\u00e4ftiger, der Teint gestrafft und der Blick offener \u2013 f\u00fcr ein frisches und entspanntes Aussehen voller vitaler Ausstrahlung.<\/p>\n<p><strong>F\u00fcr Frauen\u2026<\/strong><br \/>\n\u2026 ab ca. 40 Jahren<br \/>\n\u2026 bei trockener und anspruchsvoller Haut<br \/>\n\u2026 legen Wert auf Luxuspflege<br \/>\n\u2026 die eine tolle Ausstrahlung wollen<br \/>\n\u2026 Falten reduzieren wollen<br \/>\n\u2026 die sich mehr <a href=\"https:\/\/www.lraloeverashop.eu\/de\/produkt\/aloe-vera-hautverfeinernde-augencreme\/\">Hautelastizit\u00e4t<\/a> w\u00fcnschen<\/p>\n<p>Die straffende Beauty Diamonds Augencreme Gegen Falten st\u00e4rkt die Haut ab 40 und mindert F\u00e4ltchen sichtbar. Basierend auf den Eigenschaften von Diamanten in Kombination mit Proteinen sorgt es daf\u00fcr, dass der Alterungsprozess der Haut verlangsamt und der <a href=\"https:\/\/www.lraloeverashop.eu\/de\/produkt\/nanogold-2in1-augencreme-maske\/\">Zellschutzmechanismus<\/a> gest\u00e4rkt wird. Jetzt neu formuliert mit dem innovativen Wirkstofftransportsystem und einem eingekapselten Wirkstoff, der Falten und Faltentiefe reduziert.<\/p>\n<p>F\u00fcr maximale Wirksamkeit in Kombination mit dem <a href=\"https:\/\/www.lraloeverashop.eu\/de\/produkt\/zeitgard-pro-gesichtsglattung-kit\/\">Zeitgard Pro Gesichtsgl\u00e4ttung Kit<\/a>.<\/p>\n<p>&nbsp;<\/p>\n<h3><span style=\"font-size: 16pt;\"><strong>Anwendung<\/strong><\/span><\/h3>\n<p><strong>SCHRITT 1:<\/strong> Reinigen Sie Ihre Gesichtshaut mit Wasser oder verwenden Sie die Zeitgard Pro Gesichtsreinigungsb\u00fcrste oder das Gesichtspeeling Ausatz.<\/p>\n<p><strong>SCHRITT 2:<\/strong> Tragen Sie Ihre Augencreme Gegen Falten auf und massieren Sie sie mit den H\u00e4nden oder mit dem Zeitgard Pro Gesichtsgl\u00e4ttung Ger\u00e4t ein. Behandeln Sie die linke und rechte Gesichtsh\u00e4lfte sowie die Stirn jeweils 30 Sekunden lang. Achten Sie auf kreisende Bewegungen von innen nach au\u00dfen und von unten nach oben.<\/p>\n","protected":false},"excerpt":{"rendered":"<ul>\n<li>Straffende Augencreme mit \u201eEye Firming Effect\u201c<\/li>\n<li>St\u00e4rkt die Augenkonturen mit Wei\u00dfdorn &amp; Arabischem Jasmin und reduziert Schlupflider<\/li>\n<li>Die Augenpartie wirkt straffer<\/li>\n<li>Mit innovativem Wirkstofftransportsystem<\/li>\n<li>Empfohlen zur Verwendung mit dem Zeitgard Pro Gesichtsgl\u00e4ttung Ger\u00e4t<\/li>\n<li>Menge: 30 ml<\/li>\n<\/ul>\n<p><span style=\"color: #ff0000;\"><a style=\"color: #ff0000;\" href=\"https:\/\/shop.lrworld.com\/openpao?PHP=0vFlt7jT938BEnBI3a6e9w%3D%3D\"><span style=\"font-size: 14pt;\"><strong>Hier registrieren und dauerhaft 35\u202f% sparen<\/strong><\/span><\/a><\/span><\/p>\n","protected":false},"featured_media":5971,"comment_status":"open","ping_status":"closed","template":"","meta":{"_kad_blocks_custom_css":"","_kad_blocks_head_custom_js":"","_kad_blocks_body_custom_js":"","_kad_blocks_footer_custom_js":"","_kadence_starter_templates_imported_post":false,"_kad_post_transparent":"default","_kad_post_title":"","_kad_post_layout":"default","_kad_post_sidebar_id":"","_kad_post_content_style":"default","_kad_post_vertical_padding":"default","_kad_post_feature":"","_kad_post_feature_position":"","_kad_post_header":false,"_kad_post_footer":false,"_kad_post_classname":""},"product_brand":[],"product_cat":[352,267,328,363,279],"product_tag":[701],"class_list":{"0":"post-8810","1":"product","2":"type-product","3":"status-publish","4":"has-post-thumbnail","6":"product_cat-angebote","7":"product_cat-anti-aging-pflege","8":"product_cat-anti-age-produkte","9":"product_cat-beauty-diamonds-de","10":"product_cat-frauen-uber-40","11":"product_tag-fur-falten-unter-den-augen","13":"first","14":"instock","15":"sale","16":"taxable","17":"shipping-taxable","18":"purchasable","19":"product-type-simple","20":"entry","21":"content-bg","22":"loop-entry"},"yoast_head":"<!-- This site is optimized with the Yoast SEO Premium plugin v27.5 (Yoast SEO v27.5) - https:\/\/yoast.com\/product\/yoast-seo-premium-wordpress\/ -->\n<title>Augencreme Gegen Falten Beauty Diamonds reduziert F\u00e4ltchen<\/title>\n<meta name=\"description\" content=\"Augencreme Gegen Falten Beauty Diamonds reduziert F\u00e4ltchen, Augenringe und Tr\u00e4nens\u00e4cke. St\u00e4rkt die Augenkonturen mit Wei\u00dfdorn und arabischem Jasmin\" \/>\n<meta name=\"robots\" content=\"index, follow, max-snippet:-1, max-image-preview:large, max-video-preview:-1\" \/>\n<link rel=\"canonical\" href=\"https:\/\/www.lraloeverashop.eu\/de\/produkt\/beauty-diamonds-augencreme-gegen-falten\/\" \/>\n<meta property=\"og:locale\" content=\"de_DE\" \/>\n<meta property=\"og:type\" content=\"article\" \/>\n<meta property=\"og:title\" content=\"Beauty Diamonds Augencreme Gegen Falten\" \/>\n<meta property=\"og:description\" content=\"Augencreme Gegen Falten Beauty Diamonds reduziert F\u00e4ltchen, Augenringe und Tr\u00e4nens\u00e4cke. St\u00e4rkt die Augenkonturen mit Wei\u00dfdorn und arabischem Jasmin\" \/>\n<meta property=\"og:url\" content=\"https:\/\/www.lraloeverashop.eu\/de\/produkt\/beauty-diamonds-augencreme-gegen-falten\/\" \/>\n<meta property=\"og:site_name\" content=\"Lr Aloe Vera Shop\" \/>\n<meta property=\"article:publisher\" content=\"https:\/\/www.facebook.com\/lraloeverashop.eu\" \/>\n<meta property=\"article:modified_time\" content=\"2026-02-03T17:32:07+00:00\" \/>\n<meta property=\"og:image\" content=\"https:\/\/www.lraloeverashop.eu\/wp-content\/uploads\/2022\/10\/Beauty-Diamonds-Eye-Cream-and-Mask.jpg\" \/>\n\t<meta property=\"og:image:width\" content=\"1200\" \/>\n\t<meta property=\"og:image:height\" content=\"1200\" \/>\n\t<meta property=\"og:image:type\" content=\"image\/jpeg\" \/>\n<meta name=\"twitter:card\" content=\"summary_large_image\" \/>\n<meta name=\"twitter:site\" content=\"@natur__kosmetik\" \/>\n<script type=\"application\/ld+json\" class=\"yoast-schema-graph\">{\"@context\":\"https:\\\/\\\/schema.org\",\"@graph\":[{\"@type\":[\"WebPage\",\"ItemPage\"],\"@id\":\"https:\\\/\\\/www.lraloeverashop.eu\\\/de\\\/produkt\\\/beauty-diamonds-augencreme-gegen-falten\\\/\",\"url\":\"https:\\\/\\\/www.lraloeverashop.eu\\\/de\\\/produkt\\\/beauty-diamonds-augencreme-gegen-falten\\\/\",\"name\":\"Augencreme Gegen Falten Beauty Diamonds reduziert F\u00e4ltchen\",\"isPartOf\":{\"@id\":\"https:\\\/\\\/www.lraloeverashop.eu\\\/de\\\/#website\"},\"primaryImageOfPage\":{\"@id\":\"https:\\\/\\\/www.lraloeverashop.eu\\\/de\\\/produkt\\\/beauty-diamonds-augencreme-gegen-falten\\\/#primaryimage\"},\"image\":{\"@id\":\"https:\\\/\\\/www.lraloeverashop.eu\\\/de\\\/produkt\\\/beauty-diamonds-augencreme-gegen-falten\\\/#primaryimage\"},\"thumbnailUrl\":\"https:\\\/\\\/www.lraloeverashop.eu\\\/wp-content\\\/uploads\\\/2022\\\/10\\\/Beauty-Diamonds-Eye-Cream-and-Mask.jpg\",\"datePublished\":\"2022-10-20T08:58:20+00:00\",\"dateModified\":\"2026-02-03T17:32:07+00:00\",\"description\":\"Augencreme Gegen Falten Beauty Diamonds reduziert F\u00e4ltchen, Augenringe und Tr\u00e4nens\u00e4cke. St\u00e4rkt die Augenkonturen mit Wei\u00dfdorn und arabischem Jasmin\",\"breadcrumb\":{\"@id\":\"https:\\\/\\\/www.lraloeverashop.eu\\\/de\\\/produkt\\\/beauty-diamonds-augencreme-gegen-falten\\\/#breadcrumb\"},\"inLanguage\":\"de\",\"potentialAction\":[{\"@type\":\"ReadAction\",\"target\":[\"https:\\\/\\\/www.lraloeverashop.eu\\\/de\\\/produkt\\\/beauty-diamonds-augencreme-gegen-falten\\\/\"]}]},{\"@type\":\"ImageObject\",\"inLanguage\":\"de\",\"@id\":\"https:\\\/\\\/www.lraloeverashop.eu\\\/de\\\/produkt\\\/beauty-diamonds-augencreme-gegen-falten\\\/#primaryimage\",\"url\":\"https:\\\/\\\/www.lraloeverashop.eu\\\/wp-content\\\/uploads\\\/2022\\\/10\\\/Beauty-Diamonds-Eye-Cream-and-Mask.jpg\",\"contentUrl\":\"https:\\\/\\\/www.lraloeverashop.eu\\\/wp-content\\\/uploads\\\/2022\\\/10\\\/Beauty-Diamonds-Eye-Cream-and-Mask.jpg\",\"width\":1200,\"height\":1200,\"caption\":\"Augencreme Gegen Falten Beauty Diamonds reduziert F\u00e4ltchen\"},{\"@type\":\"BreadcrumbList\",\"@id\":\"https:\\\/\\\/www.lraloeverashop.eu\\\/de\\\/produkt\\\/beauty-diamonds-augencreme-gegen-falten\\\/#breadcrumb\",\"itemListElement\":[{\"@type\":\"ListItem\",\"position\":1,\"name\":\"Home\",\"item\":\"https:\\\/\\\/www.lraloeverashop.eu\\\/de\\\/\"},{\"@type\":\"ListItem\",\"position\":2,\"name\":\"Shop\",\"item\":\"https:\\\/\\\/www.lraloeverashop.eu\\\/de\\\/shop-2\\\/\"},{\"@type\":\"ListItem\",\"position\":3,\"name\":\"Beauty Diamonds Augencreme Gegen Falten\"}]},{\"@type\":\"WebSite\",\"@id\":\"https:\\\/\\\/www.lraloeverashop.eu\\\/de\\\/#website\",\"url\":\"https:\\\/\\\/www.lraloeverashop.eu\\\/de\\\/\",\"name\":\"Lr Aloe Vera Shop\",\"description\":\"High Quality Lr Aloe Vera Gel, Aloe Vera Cream and Shampoo\",\"publisher\":{\"@id\":\"https:\\\/\\\/www.lraloeverashop.eu\\\/de\\\/#organization\"},\"alternateName\":\"LR\",\"potentialAction\":[{\"@type\":\"SearchAction\",\"target\":{\"@type\":\"EntryPoint\",\"urlTemplate\":\"https:\\\/\\\/www.lraloeverashop.eu\\\/de\\\/?s={search_term_string}\"},\"query-input\":{\"@type\":\"PropertyValueSpecification\",\"valueRequired\":true,\"valueName\":\"search_term_string\"}}],\"inLanguage\":\"de\"},{\"@type\":\"Organization\",\"@id\":\"https:\\\/\\\/www.lraloeverashop.eu\\\/de\\\/#organization\",\"name\":\"Lr Aloe Vera Shop\",\"alternateName\":\"LR\",\"url\":\"https:\\\/\\\/www.lraloeverashop.eu\\\/de\\\/\",\"logo\":{\"@type\":\"ImageObject\",\"inLanguage\":\"de\",\"@id\":\"https:\\\/\\\/www.lraloeverashop.eu\\\/de\\\/#\\\/schema\\\/logo\\\/image\\\/\",\"url\":\"https:\\\/\\\/www.lraloeverashop.eu\\\/wp-content\\\/uploads\\\/2022\\\/09\\\/cropped-Lr-Aloe-Vera-Shop.jpg\",\"contentUrl\":\"https:\\\/\\\/www.lraloeverashop.eu\\\/wp-content\\\/uploads\\\/2022\\\/09\\\/cropped-Lr-Aloe-Vera-Shop.jpg\",\"width\":228,\"height\":76,\"caption\":\"Lr Aloe Vera Shop\"},\"image\":{\"@id\":\"https:\\\/\\\/www.lraloeverashop.eu\\\/de\\\/#\\\/schema\\\/logo\\\/image\\\/\"},\"sameAs\":[\"https:\\\/\\\/www.facebook.com\\\/lraloeverashop.eu\",\"https:\\\/\\\/x.com\\\/natur__kosmetik\",\"https:\\\/\\\/www.youtube.com\\\/channel\\\/UC5oN7BJ8nfYb8RpVtjwDEBA\",\"https:\\\/\\\/www.instagram.com\\\/lrbeautyeu\\\/\"],\"description\":\"LR Aloe Vera Shop ist Ihre vertrauensw\u00fcrdige Adresse f\u00fcr hochwertige LR Health & Beauty Produkte aus Deutschland. Wir bieten Ihnen erstklassige Aloe Vera Hautpflege, N\u00e4hrstoffe und Anti-Aging-Produkte mit reinen Inhaltsstoffen, die auf wissenschaftlichen Erkenntnissen basieren. Entdecken Sie nat\u00fcrliche Pflege, die Ihre Haut regeneriert, sch\u00fctzt und revitalisiert \u2013 und profitieren Sie von exklusiven Monatsangeboten auf unsere Bestseller von LR Aloe Vera. Starten Sie noch heute Ihre Reise zu nat\u00fcrlicher Hautpflege und sp\u00fcren Sie den Unterschied.\",\"email\":\"info@lraloeverashop.eu\",\"telephone\":\"+49 17670609653\",\"legalName\":\"Lr Aloe Vera Shop\",\"foundingDate\":\"2018-04-21\",\"numberOfEmployees\":{\"@type\":\"QuantitativeValue\",\"minValue\":\"1\",\"maxValue\":\"10\"}}]}<\/script>\n<meta property=\"product:price:amount\" content=\"36.99\" \/>\n<meta property=\"product:price:currency\" content=\"EUR\" \/>\n<meta property=\"og:availability\" content=\"instock\" \/>\n<meta property=\"product:availability\" content=\"instock\" \/>\n<meta property=\"product:retailer_item_id\" content=\"28319-101DE\" \/>\n<meta property=\"product:condition\" content=\"new\" \/>\n<!-- \/ Yoast SEO Premium plugin. -->","yoast_head_json":{"title":"Augencreme Gegen Falten Beauty Diamonds reduziert F\u00e4ltchen","description":"Augencreme Gegen Falten Beauty Diamonds reduziert F\u00e4ltchen, Augenringe und Tr\u00e4nens\u00e4cke. St\u00e4rkt die Augenkonturen mit Wei\u00dfdorn und arabischem Jasmin","robots":{"index":"index","follow":"follow","max-snippet":"max-snippet:-1","max-image-preview":"max-image-preview:large","max-video-preview":"max-video-preview:-1"},"canonical":"https:\/\/www.lraloeverashop.eu\/de\/produkt\/beauty-diamonds-augencreme-gegen-falten\/","og_locale":"de_DE","og_type":"article","og_title":"Beauty Diamonds Augencreme Gegen Falten","og_description":"Augencreme Gegen Falten Beauty Diamonds reduziert F\u00e4ltchen, Augenringe und Tr\u00e4nens\u00e4cke. St\u00e4rkt die Augenkonturen mit Wei\u00dfdorn und arabischem Jasmin","og_url":"https:\/\/www.lraloeverashop.eu\/de\/produkt\/beauty-diamonds-augencreme-gegen-falten\/","og_site_name":"Lr Aloe Vera Shop","article_publisher":"https:\/\/www.facebook.com\/lraloeverashop.eu","article_modified_time":"2026-02-03T17:32:07+00:00","og_image":[{"width":1200,"height":1200,"url":"https:\/\/www.lraloeverashop.eu\/wp-content\/uploads\/2022\/10\/Beauty-Diamonds-Eye-Cream-and-Mask.jpg","type":"image\/jpeg"}],"twitter_card":"summary_large_image","twitter_site":"@natur__kosmetik","schema":{"@context":"https:\/\/schema.org","@graph":[{"@type":["WebPage","ItemPage"],"@id":"https:\/\/www.lraloeverashop.eu\/de\/produkt\/beauty-diamonds-augencreme-gegen-falten\/","url":"https:\/\/www.lraloeverashop.eu\/de\/produkt\/beauty-diamonds-augencreme-gegen-falten\/","name":"Augencreme Gegen Falten Beauty Diamonds reduziert F\u00e4ltchen","isPartOf":{"@id":"https:\/\/www.lraloeverashop.eu\/de\/#website"},"primaryImageOfPage":{"@id":"https:\/\/www.lraloeverashop.eu\/de\/produkt\/beauty-diamonds-augencreme-gegen-falten\/#primaryimage"},"image":{"@id":"https:\/\/www.lraloeverashop.eu\/de\/produkt\/beauty-diamonds-augencreme-gegen-falten\/#primaryimage"},"thumbnailUrl":"https:\/\/www.lraloeverashop.eu\/wp-content\/uploads\/2022\/10\/Beauty-Diamonds-Eye-Cream-and-Mask.jpg","datePublished":"2022-10-20T08:58:20+00:00","dateModified":"2026-02-03T17:32:07+00:00","description":"Augencreme Gegen Falten Beauty Diamonds reduziert F\u00e4ltchen, Augenringe und Tr\u00e4nens\u00e4cke. St\u00e4rkt die Augenkonturen mit Wei\u00dfdorn und arabischem Jasmin","breadcrumb":{"@id":"https:\/\/www.lraloeverashop.eu\/de\/produkt\/beauty-diamonds-augencreme-gegen-falten\/#breadcrumb"},"inLanguage":"de","potentialAction":[{"@type":"ReadAction","target":["https:\/\/www.lraloeverashop.eu\/de\/produkt\/beauty-diamonds-augencreme-gegen-falten\/"]}]},{"@type":"ImageObject","inLanguage":"de","@id":"https:\/\/www.lraloeverashop.eu\/de\/produkt\/beauty-diamonds-augencreme-gegen-falten\/#primaryimage","url":"https:\/\/www.lraloeverashop.eu\/wp-content\/uploads\/2022\/10\/Beauty-Diamonds-Eye-Cream-and-Mask.jpg","contentUrl":"https:\/\/www.lraloeverashop.eu\/wp-content\/uploads\/2022\/10\/Beauty-Diamonds-Eye-Cream-and-Mask.jpg","width":1200,"height":1200,"caption":"Augencreme Gegen Falten Beauty Diamonds reduziert F\u00e4ltchen"},{"@type":"BreadcrumbList","@id":"https:\/\/www.lraloeverashop.eu\/de\/produkt\/beauty-diamonds-augencreme-gegen-falten\/#breadcrumb","itemListElement":[{"@type":"ListItem","position":1,"name":"Home","item":"https:\/\/www.lraloeverashop.eu\/de\/"},{"@type":"ListItem","position":2,"name":"Shop","item":"https:\/\/www.lraloeverashop.eu\/de\/shop-2\/"},{"@type":"ListItem","position":3,"name":"Beauty Diamonds Augencreme Gegen Falten"}]},{"@type":"WebSite","@id":"https:\/\/www.lraloeverashop.eu\/de\/#website","url":"https:\/\/www.lraloeverashop.eu\/de\/","name":"Lr Aloe Vera Shop","description":"High Quality Lr Aloe Vera Gel, Aloe Vera Cream and Shampoo","publisher":{"@id":"https:\/\/www.lraloeverashop.eu\/de\/#organization"},"alternateName":"LR","potentialAction":[{"@type":"SearchAction","target":{"@type":"EntryPoint","urlTemplate":"https:\/\/www.lraloeverashop.eu\/de\/?s={search_term_string}"},"query-input":{"@type":"PropertyValueSpecification","valueRequired":true,"valueName":"search_term_string"}}],"inLanguage":"de"},{"@type":"Organization","@id":"https:\/\/www.lraloeverashop.eu\/de\/#organization","name":"Lr Aloe Vera Shop","alternateName":"LR","url":"https:\/\/www.lraloeverashop.eu\/de\/","logo":{"@type":"ImageObject","inLanguage":"de","@id":"https:\/\/www.lraloeverashop.eu\/de\/#\/schema\/logo\/image\/","url":"https:\/\/www.lraloeverashop.eu\/wp-content\/uploads\/2022\/09\/cropped-Lr-Aloe-Vera-Shop.jpg","contentUrl":"https:\/\/www.lraloeverashop.eu\/wp-content\/uploads\/2022\/09\/cropped-Lr-Aloe-Vera-Shop.jpg","width":228,"height":76,"caption":"Lr Aloe Vera Shop"},"image":{"@id":"https:\/\/www.lraloeverashop.eu\/de\/#\/schema\/logo\/image\/"},"sameAs":["https:\/\/www.facebook.com\/lraloeverashop.eu","https:\/\/x.com\/natur__kosmetik","https:\/\/www.youtube.com\/channel\/UC5oN7BJ8nfYb8RpVtjwDEBA","https:\/\/www.instagram.com\/lrbeautyeu\/"],"description":"LR Aloe Vera Shop ist Ihre vertrauensw\u00fcrdige Adresse f\u00fcr hochwertige LR Health & Beauty Produkte aus Deutschland. Wir bieten Ihnen erstklassige Aloe Vera Hautpflege, N\u00e4hrstoffe und Anti-Aging-Produkte mit reinen Inhaltsstoffen, die auf wissenschaftlichen Erkenntnissen basieren. Entdecken Sie nat\u00fcrliche Pflege, die Ihre Haut regeneriert, sch\u00fctzt und revitalisiert \u2013 und profitieren Sie von exklusiven Monatsangeboten auf unsere Bestseller von LR Aloe Vera. Starten Sie noch heute Ihre Reise zu nat\u00fcrlicher Hautpflege und sp\u00fcren Sie den Unterschied.","email":"info@lraloeverashop.eu","telephone":"+49 17670609653","legalName":"Lr Aloe Vera Shop","foundingDate":"2018-04-21","numberOfEmployees":{"@type":"QuantitativeValue","minValue":"1","maxValue":"10"}}]},"product_price_amount":"36.99","product_price_currency":"EUR","og_availability":"instock","product_availability":"instock","product_retailer_item_id":"28319-101DE","product_condition":"new"},"taxonomy_info":{"product_cat":[{"value":352,"label":"Angebote"},{"value":267,"label":"Anti Aging Pflege"},{"value":328,"label":"Anti-Age-Produkte"},{"value":363,"label":"Beauty Diamonds"},{"value":279,"label":"Frauen \u00fcber 40"}],"product_tag":[{"value":701,"label":"f\u00fcr Falten unter den Augen"}]},"featured_image_src_large":["https:\/\/www.lraloeverashop.eu\/wp-content\/uploads\/2022\/10\/Beauty-Diamonds-Eye-Cream-and-Mask-1024x1024.jpg",1024,1024,true],"author_info":[],"comment_info":0,"_links":{"self":[{"href":"https:\/\/www.lraloeverashop.eu\/de\/wp-json\/wp\/v2\/product\/8810","targetHints":{"allow":["GET"]}}],"collection":[{"href":"https:\/\/www.lraloeverashop.eu\/de\/wp-json\/wp\/v2\/product"}],"about":[{"href":"https:\/\/www.lraloeverashop.eu\/de\/wp-json\/wp\/v2\/types\/product"}],"replies":[{"embeddable":true,"href":"https:\/\/www.lraloeverashop.eu\/de\/wp-json\/wp\/v2\/comments?post=8810"}],"wp:featuredmedia":[{"embeddable":true,"href":"https:\/\/www.lraloeverashop.eu\/de\/wp-json\/wp\/v2\/media\/5971"}],"wp:attachment":[{"href":"https:\/\/www.lraloeverashop.eu\/de\/wp-json\/wp\/v2\/media?parent=8810"}],"wp:term":[{"taxonomy":"product_brand","embeddable":true,"href":"https:\/\/www.lraloeverashop.eu\/de\/wp-json\/wp\/v2\/product_brand?post=8810"},{"taxonomy":"product_cat","embeddable":true,"href":"https:\/\/www.lraloeverashop.eu\/de\/wp-json\/wp\/v2\/product_cat?post=8810"},{"taxonomy":"product_tag","embeddable":true,"href":"https:\/\/www.lraloeverashop.eu\/de\/wp-json\/wp\/v2\/product_tag?post=8810"}],"curies":[{"name":"wp","href":"https:\/\/api.w.org\/{rel}","templated":true}]}}