{"id":8805,"date":"2022-10-20T11:57:25","date_gmt":"2022-10-20T09:57:25","guid":{"rendered":"https:\/\/www.lraloeverashop.eu\/product\/beauty-diamonds-set-anti-falten-cremes\/"},"modified":"2026-02-03T18:31:58","modified_gmt":"2026-02-03T17:31:58","slug":"beauty-diamonds-set-anti-falten-cremes","status":"publish","type":"product","link":"https:\/\/www.lraloeverashop.eu\/de\/produkt\/beauty-diamonds-set-anti-falten-cremes\/","title":{"rendered":"Beauty Diamonds Set Anti-Falten-Cremes"},"content":{"rendered":"<h2><span style=\"font-size: 16pt;\"><strong>Beauty Diamonds Set Anti-Falten Cremes<\/strong><\/span><\/h2>\n<p><span style=\"font-size: 14pt;\"><strong>Beauty Diamonds Set Anti-Falten Cremes f\u00fcr alle, die Luxuspflege sch\u00e4tzen<\/strong><\/span><\/p>\n<p>Das Beauty Diamonds Set Anti-Falten verleiht Ihrer Haut jeden Tag ein strahlendes Aussehen und optimale Pflege.<\/p>\n<p>Die pflegende <a href=\"https:\/\/www.lraloeverashop.eu\/de\/produkt\/beauty-diamonds-nachtcreme\/\">Beauty Diamonds Nachtcreme<\/a> hilft Ihrer Haut, die sichtbaren Zeichen der Hautalterung \u00fcber Nacht zu reduzieren. W\u00e4hrend Sie schlafen, wird der nat\u00fcrliche Zellschutz Ihrer Haut durch einen synergistischen Komplex aus zwei patentierten Peptiden (Replexium\u2122) stimuliert, sodass sich Ihre Haut am n\u00e4chsten Morgen straff und geschmeidig und <a href=\"https:\/\/www.lraloeverashop.eu\/de\/produkt\/aloe-vera-schuetzende-propolis-creme\/\">weich<\/a> anf\u00fchlt.<\/p>\n<p>Die <a href=\"https:\/\/www.lraloeverashop.eu\/de\/produkt\/beauty-diamonds-tagescreme\/\">Beauty Diamonds Anti-Falten Tagescreme<\/a> pflegt die Haut intensiv und st\u00e4rkt sie Tag f\u00fcr Tag, indem sie die Kollagenproduktion anregt \u2013 die Haut wirkt aufgepolstert. Au\u00dferdem sorgt es f\u00fcr ein seidig glattes Hautgef\u00fchl und mindert F\u00e4ltchen. Sanddornextrakt festigt die Haut und sorgt f\u00fcr harmonische Gesichtskonturen. F\u00fcr straffe Haut und ein seidig glattes Hautgef\u00fchl.<\/p>\n<p><strong>F\u00fcr Frauen\u2026<\/strong><br \/>\n\u2026 ab ca. 40 Jahren<br \/>\n\u2026 bei trockener und anspruchsvoller Haut<br \/>\n\u2026 legen Wert auf Luxuspflege<br \/>\n\u2026 der eine tolle Ausstrahlung will<br \/>\n\u2026 Falten reduzieren wollen<br \/>\n\u2026 die sich mehr Hautelastizit\u00e4t w\u00fcnschen<\/p>\n<p>Das straffende Beauty Diamonds Anti-Falten Set st\u00e4rkt die Haut ab 40 und mindert F\u00e4ltchen sichtbar. Basierend auf den Eigenschaften von Diamanten in Kombination mit Proteinen sorgt es daf\u00fcr, dass der Alterungsprozess der Haut verlangsamt und der Zellschutzmechanismus gest\u00e4rkt wird. Jetzt neu formuliert mit dem innovativen Wirkstofftransportsystem und einem eingekapselten Wirkstoff, der <a href=\"https:\/\/www.lraloeverashop.eu\/de\/produkt\/platinum-anti-aging-creme\/\">Falten<\/a> und Faltentiefe reduziert.<\/p>\n<p>F\u00fcr maximale Wirksamkeit in Kombination mit dem <a href=\"https:\/\/www.lraloeverashop.eu\/de\/produkt\/zeitgard-pro-gesichtsglattung-kit\/\">Zeitgard Pro Gesichtsgl\u00e4ttung Kit<\/a>.<\/p>\n<p>&nbsp;<\/p>\n<h3><span style=\"font-size: 16pt;\"><strong>Anwendung<\/strong><\/span><\/h3>\n<p><strong>SCHRITT 1:<\/strong> Reinigen Sie Ihre Gesichtshaut mit Wasser oder verwenden Sie die Zeitgard Pro Gesichtsreinigungsb\u00fcrste oder das Zeitgard Pro Gesichtspeeling-Aufsatz.<\/p>\n<p><strong>SCHRITT 2:<\/strong> Tragen Sie Ihre <a href=\"https:\/\/www.lraloeverashop.eu\/de\/produkt-kategorie\/anti-age-produkte\/beauty-diamonds-de\/\">Beauty Diamonds Produkte<\/a> auf und massieren Sie sie mit den H\u00e4nden oder mit dem Zeitgard Pro Gesichtsgl\u00e4ttung Kit ein. Behandeln Sie die linke und rechte Gesichtsh\u00e4lfte sowie die Stirn jeweils 30 Sekunden lang. Achten Sie auf kreisende Bewegungen von innen nach au\u00dfen und von unten nach oben.<\/p>\n","protected":false},"excerpt":{"rendered":"<ul>\n<li>Set f\u00fcr anspruchsvolle Haut<\/li>\n<li>Set beinhaltet 1 x Tagescreme, 1 x Nachtcreme<\/li>\n<li>Wirkstoffkombination auf Basis von Diamant und Peptiden<\/li>\n<li>Mit innovativem Wirkstofftransportsystem<\/li>\n<li>Empfohlen zur Verwendung mit dem Zeitgard Pro Gesichtsgl\u00e4ttung Kit<\/li>\n<\/ul>\n<p><span style=\"color: #ff0000;\"><a style=\"color: #ff0000;\" href=\"https:\/\/shop.lrworld.com\/openpao?PHP=0vFlt7jT938BEnBI3a6e9w%3D%3D\"><span style=\"font-size: 14pt;\"><strong>Hier registrieren und dauerhaft 35\u202f% sparen<\/strong><\/span><\/a><\/span><\/p>\n","protected":false},"featured_media":6073,"comment_status":"open","ping_status":"closed","template":"","meta":{"_kad_blocks_custom_css":"","_kad_blocks_head_custom_js":"","_kad_blocks_body_custom_js":"","_kad_blocks_footer_custom_js":"","_kadence_starter_templates_imported_post":false,"_kad_post_transparent":"default","_kad_post_title":"","_kad_post_layout":"default","_kad_post_sidebar_id":"","_kad_post_content_style":"default","_kad_post_vertical_padding":"default","_kad_post_feature":"","_kad_post_feature_position":"","_kad_post_header":false,"_kad_post_footer":false,"_kad_post_classname":""},"product_brand":[],"product_cat":[267,328,363,279],"product_tag":[700],"class_list":{"0":"post-8805","1":"product","2":"type-product","3":"status-publish","4":"has-post-thumbnail","6":"product_cat-anti-aging-pflege","7":"product_cat-anti-age-produkte","8":"product_cat-beauty-diamonds-de","9":"product_cat-frauen-uber-40","10":"product_tag-fur-falten-im-gesicht","12":"first","13":"outofstock","14":"taxable","15":"shipping-taxable","16":"purchasable","17":"product-type-simple","18":"entry","19":"content-bg","20":"loop-entry"},"yoast_head":"<!-- This site is optimized with the Yoast SEO Premium plugin v27.5 (Yoast SEO v27.5) - https:\/\/yoast.com\/product\/yoast-seo-premium-wordpress\/ -->\n<title>Beauty Diamonds Set Anti-Falten f\u00fcr Anspruchsvolle Haut<\/title>\n<meta name=\"description\" content=\"Beauty Diamonds Set Anti-Falten f\u00fcr Frauen ab ca. 40 die Wert auf Luxuspflege legen und Faltenreduzierung und mehr Hautelastizit\u00e4t w\u00fcnschen\" \/>\n<meta name=\"robots\" content=\"index, follow, max-snippet:-1, max-image-preview:large, max-video-preview:-1\" \/>\n<link rel=\"canonical\" href=\"https:\/\/www.lraloeverashop.eu\/de\/produkt\/beauty-diamonds-set-anti-falten-cremes\/\" \/>\n<meta property=\"og:locale\" content=\"de_DE\" \/>\n<meta property=\"og:type\" content=\"article\" \/>\n<meta property=\"og:title\" content=\"Beauty Diamonds Set Anti-Falten-Cremes\" \/>\n<meta property=\"og:description\" content=\"Beauty Diamonds Set Anti-Falten f\u00fcr Frauen ab ca. 40 die Wert auf Luxuspflege legen und Faltenreduzierung und mehr Hautelastizit\u00e4t w\u00fcnschen\" \/>\n<meta property=\"og:url\" content=\"https:\/\/www.lraloeverashop.eu\/de\/produkt\/beauty-diamonds-set-anti-falten-cremes\/\" \/>\n<meta property=\"og:site_name\" content=\"Lr Aloe Vera Shop\" \/>\n<meta property=\"article:publisher\" content=\"https:\/\/www.facebook.com\/lraloeverashop.eu\" \/>\n<meta property=\"article:modified_time\" content=\"2026-02-03T17:31:58+00:00\" \/>\n<meta property=\"og:image\" content=\"https:\/\/www.lraloeverashop.eu\/wp-content\/uploads\/2022\/10\/Beauty-Diamonds-Anti-Aging-Set.jpg\" \/>\n\t<meta property=\"og:image:width\" content=\"1200\" \/>\n\t<meta property=\"og:image:height\" content=\"1200\" \/>\n\t<meta property=\"og:image:type\" content=\"image\/jpeg\" \/>\n<meta name=\"twitter:card\" content=\"summary_large_image\" \/>\n<meta name=\"twitter:site\" content=\"@natur__kosmetik\" \/>\n<script type=\"application\/ld+json\" class=\"yoast-schema-graph\">{\"@context\":\"https:\\\/\\\/schema.org\",\"@graph\":[{\"@type\":[\"WebPage\",\"ItemPage\"],\"@id\":\"https:\\\/\\\/www.lraloeverashop.eu\\\/de\\\/produkt\\\/beauty-diamonds-set-anti-falten-cremes\\\/\",\"url\":\"https:\\\/\\\/www.lraloeverashop.eu\\\/de\\\/produkt\\\/beauty-diamonds-set-anti-falten-cremes\\\/\",\"name\":\"Beauty Diamonds Set Anti-Falten f\u00fcr Anspruchsvolle Haut\",\"isPartOf\":{\"@id\":\"https:\\\/\\\/www.lraloeverashop.eu\\\/de\\\/#website\"},\"primaryImageOfPage\":{\"@id\":\"https:\\\/\\\/www.lraloeverashop.eu\\\/de\\\/produkt\\\/beauty-diamonds-set-anti-falten-cremes\\\/#primaryimage\"},\"image\":{\"@id\":\"https:\\\/\\\/www.lraloeverashop.eu\\\/de\\\/produkt\\\/beauty-diamonds-set-anti-falten-cremes\\\/#primaryimage\"},\"thumbnailUrl\":\"https:\\\/\\\/www.lraloeverashop.eu\\\/wp-content\\\/uploads\\\/2022\\\/10\\\/Beauty-Diamonds-Anti-Aging-Set.jpg\",\"datePublished\":\"2022-10-20T09:57:25+00:00\",\"dateModified\":\"2026-02-03T17:31:58+00:00\",\"description\":\"Beauty Diamonds Set Anti-Falten f\u00fcr Frauen ab ca. 40 die Wert auf Luxuspflege legen und Faltenreduzierung und mehr Hautelastizit\u00e4t w\u00fcnschen\",\"breadcrumb\":{\"@id\":\"https:\\\/\\\/www.lraloeverashop.eu\\\/de\\\/produkt\\\/beauty-diamonds-set-anti-falten-cremes\\\/#breadcrumb\"},\"inLanguage\":\"de\",\"potentialAction\":[{\"@type\":\"ReadAction\",\"target\":[\"https:\\\/\\\/www.lraloeverashop.eu\\\/de\\\/produkt\\\/beauty-diamonds-set-anti-falten-cremes\\\/\"]}]},{\"@type\":\"ImageObject\",\"inLanguage\":\"de\",\"@id\":\"https:\\\/\\\/www.lraloeverashop.eu\\\/de\\\/produkt\\\/beauty-diamonds-set-anti-falten-cremes\\\/#primaryimage\",\"url\":\"https:\\\/\\\/www.lraloeverashop.eu\\\/wp-content\\\/uploads\\\/2022\\\/10\\\/Beauty-Diamonds-Anti-Aging-Set.jpg\",\"contentUrl\":\"https:\\\/\\\/www.lraloeverashop.eu\\\/wp-content\\\/uploads\\\/2022\\\/10\\\/Beauty-Diamonds-Anti-Aging-Set.jpg\",\"width\":1200,\"height\":1200,\"caption\":\"Beauty Diamonds Anti-Age-Set\"},{\"@type\":\"BreadcrumbList\",\"@id\":\"https:\\\/\\\/www.lraloeverashop.eu\\\/de\\\/produkt\\\/beauty-diamonds-set-anti-falten-cremes\\\/#breadcrumb\",\"itemListElement\":[{\"@type\":\"ListItem\",\"position\":1,\"name\":\"Home\",\"item\":\"https:\\\/\\\/www.lraloeverashop.eu\\\/de\\\/\"},{\"@type\":\"ListItem\",\"position\":2,\"name\":\"Shop\",\"item\":\"https:\\\/\\\/www.lraloeverashop.eu\\\/de\\\/shop-2\\\/\"},{\"@type\":\"ListItem\",\"position\":3,\"name\":\"Beauty Diamonds Set Anti-Falten-Cremes\"}]},{\"@type\":\"WebSite\",\"@id\":\"https:\\\/\\\/www.lraloeverashop.eu\\\/de\\\/#website\",\"url\":\"https:\\\/\\\/www.lraloeverashop.eu\\\/de\\\/\",\"name\":\"Lr Aloe Vera Shop\",\"description\":\"High Quality Lr Aloe Vera Gel, Aloe Vera Cream and Shampoo\",\"publisher\":{\"@id\":\"https:\\\/\\\/www.lraloeverashop.eu\\\/de\\\/#organization\"},\"alternateName\":\"LR\",\"potentialAction\":[{\"@type\":\"SearchAction\",\"target\":{\"@type\":\"EntryPoint\",\"urlTemplate\":\"https:\\\/\\\/www.lraloeverashop.eu\\\/de\\\/?s={search_term_string}\"},\"query-input\":{\"@type\":\"PropertyValueSpecification\",\"valueRequired\":true,\"valueName\":\"search_term_string\"}}],\"inLanguage\":\"de\"},{\"@type\":\"Organization\",\"@id\":\"https:\\\/\\\/www.lraloeverashop.eu\\\/de\\\/#organization\",\"name\":\"Lr Aloe Vera Shop\",\"alternateName\":\"LR\",\"url\":\"https:\\\/\\\/www.lraloeverashop.eu\\\/de\\\/\",\"logo\":{\"@type\":\"ImageObject\",\"inLanguage\":\"de\",\"@id\":\"https:\\\/\\\/www.lraloeverashop.eu\\\/de\\\/#\\\/schema\\\/logo\\\/image\\\/\",\"url\":\"https:\\\/\\\/www.lraloeverashop.eu\\\/wp-content\\\/uploads\\\/2022\\\/09\\\/cropped-Lr-Aloe-Vera-Shop.jpg\",\"contentUrl\":\"https:\\\/\\\/www.lraloeverashop.eu\\\/wp-content\\\/uploads\\\/2022\\\/09\\\/cropped-Lr-Aloe-Vera-Shop.jpg\",\"width\":228,\"height\":76,\"caption\":\"Lr Aloe Vera Shop\"},\"image\":{\"@id\":\"https:\\\/\\\/www.lraloeverashop.eu\\\/de\\\/#\\\/schema\\\/logo\\\/image\\\/\"},\"sameAs\":[\"https:\\\/\\\/www.facebook.com\\\/lraloeverashop.eu\",\"https:\\\/\\\/x.com\\\/natur__kosmetik\",\"https:\\\/\\\/www.youtube.com\\\/channel\\\/UC5oN7BJ8nfYb8RpVtjwDEBA\",\"https:\\\/\\\/www.instagram.com\\\/lrbeautyeu\\\/\"],\"description\":\"LR Aloe Vera Shop ist Ihre vertrauensw\u00fcrdige Adresse f\u00fcr hochwertige LR Health & Beauty Produkte aus Deutschland. Wir bieten Ihnen erstklassige Aloe Vera Hautpflege, N\u00e4hrstoffe und Anti-Aging-Produkte mit reinen Inhaltsstoffen, die auf wissenschaftlichen Erkenntnissen basieren. Entdecken Sie nat\u00fcrliche Pflege, die Ihre Haut regeneriert, sch\u00fctzt und revitalisiert \u2013 und profitieren Sie von exklusiven Monatsangeboten auf unsere Bestseller von LR Aloe Vera. Starten Sie noch heute Ihre Reise zu nat\u00fcrlicher Hautpflege und sp\u00fcren Sie den Unterschied.\",\"email\":\"info@lraloeverashop.eu\",\"telephone\":\"+49 17670609653\",\"legalName\":\"Lr Aloe Vera Shop\",\"foundingDate\":\"2018-04-21\",\"numberOfEmployees\":{\"@type\":\"QuantitativeValue\",\"minValue\":\"1\",\"maxValue\":\"10\"}}]}<\/script>\n<meta property=\"product:price:amount\" content=\"92.98\" \/>\n<meta property=\"product:price:currency\" content=\"EUR\" \/>\n<meta property=\"og:availability\" content=\"out of stock\" \/>\n<meta property=\"product:availability\" content=\"out of stock\" \/>\n<meta property=\"product:retailer_item_id\" content=\"28326DE\" \/>\n<meta property=\"product:condition\" content=\"new\" \/>\n<!-- \/ Yoast SEO Premium plugin. -->","yoast_head_json":{"title":"Beauty Diamonds Set Anti-Falten f\u00fcr Anspruchsvolle Haut","description":"Beauty Diamonds Set Anti-Falten f\u00fcr Frauen ab ca. 40 die Wert auf Luxuspflege legen und Faltenreduzierung und mehr Hautelastizit\u00e4t w\u00fcnschen","robots":{"index":"index","follow":"follow","max-snippet":"max-snippet:-1","max-image-preview":"max-image-preview:large","max-video-preview":"max-video-preview:-1"},"canonical":"https:\/\/www.lraloeverashop.eu\/de\/produkt\/beauty-diamonds-set-anti-falten-cremes\/","og_locale":"de_DE","og_type":"article","og_title":"Beauty Diamonds Set Anti-Falten-Cremes","og_description":"Beauty Diamonds Set Anti-Falten f\u00fcr Frauen ab ca. 40 die Wert auf Luxuspflege legen und Faltenreduzierung und mehr Hautelastizit\u00e4t w\u00fcnschen","og_url":"https:\/\/www.lraloeverashop.eu\/de\/produkt\/beauty-diamonds-set-anti-falten-cremes\/","og_site_name":"Lr Aloe Vera Shop","article_publisher":"https:\/\/www.facebook.com\/lraloeverashop.eu","article_modified_time":"2026-02-03T17:31:58+00:00","og_image":[{"width":1200,"height":1200,"url":"https:\/\/www.lraloeverashop.eu\/wp-content\/uploads\/2022\/10\/Beauty-Diamonds-Anti-Aging-Set.jpg","type":"image\/jpeg"}],"twitter_card":"summary_large_image","twitter_site":"@natur__kosmetik","schema":{"@context":"https:\/\/schema.org","@graph":[{"@type":["WebPage","ItemPage"],"@id":"https:\/\/www.lraloeverashop.eu\/de\/produkt\/beauty-diamonds-set-anti-falten-cremes\/","url":"https:\/\/www.lraloeverashop.eu\/de\/produkt\/beauty-diamonds-set-anti-falten-cremes\/","name":"Beauty Diamonds Set Anti-Falten f\u00fcr Anspruchsvolle Haut","isPartOf":{"@id":"https:\/\/www.lraloeverashop.eu\/de\/#website"},"primaryImageOfPage":{"@id":"https:\/\/www.lraloeverashop.eu\/de\/produkt\/beauty-diamonds-set-anti-falten-cremes\/#primaryimage"},"image":{"@id":"https:\/\/www.lraloeverashop.eu\/de\/produkt\/beauty-diamonds-set-anti-falten-cremes\/#primaryimage"},"thumbnailUrl":"https:\/\/www.lraloeverashop.eu\/wp-content\/uploads\/2022\/10\/Beauty-Diamonds-Anti-Aging-Set.jpg","datePublished":"2022-10-20T09:57:25+00:00","dateModified":"2026-02-03T17:31:58+00:00","description":"Beauty Diamonds Set Anti-Falten f\u00fcr Frauen ab ca. 40 die Wert auf Luxuspflege legen und Faltenreduzierung und mehr Hautelastizit\u00e4t w\u00fcnschen","breadcrumb":{"@id":"https:\/\/www.lraloeverashop.eu\/de\/produkt\/beauty-diamonds-set-anti-falten-cremes\/#breadcrumb"},"inLanguage":"de","potentialAction":[{"@type":"ReadAction","target":["https:\/\/www.lraloeverashop.eu\/de\/produkt\/beauty-diamonds-set-anti-falten-cremes\/"]}]},{"@type":"ImageObject","inLanguage":"de","@id":"https:\/\/www.lraloeverashop.eu\/de\/produkt\/beauty-diamonds-set-anti-falten-cremes\/#primaryimage","url":"https:\/\/www.lraloeverashop.eu\/wp-content\/uploads\/2022\/10\/Beauty-Diamonds-Anti-Aging-Set.jpg","contentUrl":"https:\/\/www.lraloeverashop.eu\/wp-content\/uploads\/2022\/10\/Beauty-Diamonds-Anti-Aging-Set.jpg","width":1200,"height":1200,"caption":"Beauty Diamonds Anti-Age-Set"},{"@type":"BreadcrumbList","@id":"https:\/\/www.lraloeverashop.eu\/de\/produkt\/beauty-diamonds-set-anti-falten-cremes\/#breadcrumb","itemListElement":[{"@type":"ListItem","position":1,"name":"Home","item":"https:\/\/www.lraloeverashop.eu\/de\/"},{"@type":"ListItem","position":2,"name":"Shop","item":"https:\/\/www.lraloeverashop.eu\/de\/shop-2\/"},{"@type":"ListItem","position":3,"name":"Beauty Diamonds Set Anti-Falten-Cremes"}]},{"@type":"WebSite","@id":"https:\/\/www.lraloeverashop.eu\/de\/#website","url":"https:\/\/www.lraloeverashop.eu\/de\/","name":"Lr Aloe Vera Shop","description":"High Quality Lr Aloe Vera Gel, Aloe Vera Cream and Shampoo","publisher":{"@id":"https:\/\/www.lraloeverashop.eu\/de\/#organization"},"alternateName":"LR","potentialAction":[{"@type":"SearchAction","target":{"@type":"EntryPoint","urlTemplate":"https:\/\/www.lraloeverashop.eu\/de\/?s={search_term_string}"},"query-input":{"@type":"PropertyValueSpecification","valueRequired":true,"valueName":"search_term_string"}}],"inLanguage":"de"},{"@type":"Organization","@id":"https:\/\/www.lraloeverashop.eu\/de\/#organization","name":"Lr Aloe Vera Shop","alternateName":"LR","url":"https:\/\/www.lraloeverashop.eu\/de\/","logo":{"@type":"ImageObject","inLanguage":"de","@id":"https:\/\/www.lraloeverashop.eu\/de\/#\/schema\/logo\/image\/","url":"https:\/\/www.lraloeverashop.eu\/wp-content\/uploads\/2022\/09\/cropped-Lr-Aloe-Vera-Shop.jpg","contentUrl":"https:\/\/www.lraloeverashop.eu\/wp-content\/uploads\/2022\/09\/cropped-Lr-Aloe-Vera-Shop.jpg","width":228,"height":76,"caption":"Lr Aloe Vera Shop"},"image":{"@id":"https:\/\/www.lraloeverashop.eu\/de\/#\/schema\/logo\/image\/"},"sameAs":["https:\/\/www.facebook.com\/lraloeverashop.eu","https:\/\/x.com\/natur__kosmetik","https:\/\/www.youtube.com\/channel\/UC5oN7BJ8nfYb8RpVtjwDEBA","https:\/\/www.instagram.com\/lrbeautyeu\/"],"description":"LR Aloe Vera Shop ist Ihre vertrauensw\u00fcrdige Adresse f\u00fcr hochwertige LR Health & Beauty Produkte aus Deutschland. Wir bieten Ihnen erstklassige Aloe Vera Hautpflege, N\u00e4hrstoffe und Anti-Aging-Produkte mit reinen Inhaltsstoffen, die auf wissenschaftlichen Erkenntnissen basieren. Entdecken Sie nat\u00fcrliche Pflege, die Ihre Haut regeneriert, sch\u00fctzt und revitalisiert \u2013 und profitieren Sie von exklusiven Monatsangeboten auf unsere Bestseller von LR Aloe Vera. Starten Sie noch heute Ihre Reise zu nat\u00fcrlicher Hautpflege und sp\u00fcren Sie den Unterschied.","email":"info@lraloeverashop.eu","telephone":"+49 17670609653","legalName":"Lr Aloe Vera Shop","foundingDate":"2018-04-21","numberOfEmployees":{"@type":"QuantitativeValue","minValue":"1","maxValue":"10"}}]},"product_price_amount":"92.98","product_price_currency":"EUR","og_availability":"out of stock","product_availability":"out of stock","product_retailer_item_id":"28326DE","product_condition":"new"},"taxonomy_info":{"product_cat":[{"value":267,"label":"Anti Aging Pflege"},{"value":328,"label":"Anti-Age-Produkte"},{"value":363,"label":"Beauty Diamonds"},{"value":279,"label":"Frauen \u00fcber 40"}],"product_tag":[{"value":700,"label":"f\u00fcr Falten im Gesicht"}]},"featured_image_src_large":["https:\/\/www.lraloeverashop.eu\/wp-content\/uploads\/2022\/10\/Beauty-Diamonds-Anti-Aging-Set-1024x1024.jpg",1024,1024,true],"author_info":[],"comment_info":0,"_links":{"self":[{"href":"https:\/\/www.lraloeverashop.eu\/de\/wp-json\/wp\/v2\/product\/8805","targetHints":{"allow":["GET"]}}],"collection":[{"href":"https:\/\/www.lraloeverashop.eu\/de\/wp-json\/wp\/v2\/product"}],"about":[{"href":"https:\/\/www.lraloeverashop.eu\/de\/wp-json\/wp\/v2\/types\/product"}],"replies":[{"embeddable":true,"href":"https:\/\/www.lraloeverashop.eu\/de\/wp-json\/wp\/v2\/comments?post=8805"}],"wp:featuredmedia":[{"embeddable":true,"href":"https:\/\/www.lraloeverashop.eu\/de\/wp-json\/wp\/v2\/media\/6073"}],"wp:attachment":[{"href":"https:\/\/www.lraloeverashop.eu\/de\/wp-json\/wp\/v2\/media?parent=8805"}],"wp:term":[{"taxonomy":"product_brand","embeddable":true,"href":"https:\/\/www.lraloeverashop.eu\/de\/wp-json\/wp\/v2\/product_brand?post=8805"},{"taxonomy":"product_cat","embeddable":true,"href":"https:\/\/www.lraloeverashop.eu\/de\/wp-json\/wp\/v2\/product_cat?post=8805"},{"taxonomy":"product_tag","embeddable":true,"href":"https:\/\/www.lraloeverashop.eu\/de\/wp-json\/wp\/v2\/product_tag?post=8805"}],"curies":[{"name":"wp","href":"https:\/\/api.w.org\/{rel}","templated":true}]}}