{"id":8795,"date":"2022-10-20T12:26:37","date_gmt":"2022-10-20T10:26:37","guid":{"rendered":"https:\/\/www.lraloeverashop.eu\/product\/platinum-anti-aging-creme\/"},"modified":"2026-02-03T18:31:50","modified_gmt":"2026-02-03T17:31:50","slug":"platinum-anti-aging-creme","status":"publish","type":"product","link":"https:\/\/www.lraloeverashop.eu\/de\/produkt\/platinum-anti-aging-creme\/","title":{"rendered":"Platinum Anti-Aging Creme"},"content":{"rendered":"<h2><span style=\"font-size: 16pt;\"><strong>Platinum Anti-Aging Creme<\/strong><\/span><\/h2>\n<p><span style=\"font-size: 14pt;\"><strong>Platinum Anti-Aging Creme f\u00fcr mehr Energie und Verj\u00fcngung<\/strong><\/span><\/p>\n<p>Platinum Creme zieht schnell ein und verleiht der Haut dank ihrer feuchtigkeitsspendenden Wirkung mehr Energie, Verj\u00fcngung und Ausstrahlung. Das Active Ingredient Transport System steigert die Hyalurons\u00e4ureproduktion und sch\u00fctzt die Zellen. Die Platinum-Wirkstoffkombination steigert die Kollagenproduktion, spendet intensiv Feuchtigkeit und reduziert die Faltentiefe.<\/p>\n<p>Platinum Anti-Aging Creme enth\u00e4lt einen Bakterienextrakt aus Schweizer Gletscherwasser, der die Faltentiefe reduziert. Jojoba\u00f6l hat feuchtigkeitsspendende und pflegende Eigenschaften, w\u00e4hrend Vitamin E der Bildung neuer Falten vorbeugt. Provitamin B5 (Panthenol) erh\u00f6ht den Feuchtigkeitsgehalt und f\u00f6rdert die Produktion von Hautzellen. Mit einer Kombination aus Peptiden, die die Produktion von Hyalurons\u00e4ure steigern und Falten reduzieren.<\/p>\n<p><strong>F\u00fcr M\u00e4nner\u2026<\/strong><br \/>\n&#8230; ab ca. 25 Jahren<br \/>\n&#8230; bei trockener und anspruchsvoller Haut<br \/>\n&#8230; legen Wert auf Luxuspflege<br \/>\n&#8230; Falten reduzieren wollen<br \/>\n&#8230; die sich mehr Hautelastizit\u00e4t w\u00fcnschen<\/p>\n<p>F\u00fcr maximale Wirksamkeit in Kombination mit dem Zeitgard Pro Gesichtsgl\u00e4ttung Aufsatz.<\/p>\n<p>&nbsp;<\/p>\n<h3><span style=\"font-size: 16pt;\"><strong>Anwendung<\/strong><\/span><\/h3>\n<p><strong>Schritt 1:<\/strong> Reinigen Sie Ihr Gesicht mit Wasser oder mit dem <a href=\"https:\/\/www.lraloeverashop.eu\/de\/produkt\/zeitgard-pro-gesichtsreinigungsset\/\">Zeitgard Pro Gesichtsreinigungsb\u00fcrste<\/a> oder Peeling Aufsatz.<\/p>\n<p><strong>Schritt 2:<\/strong> Tragen Sie die Platinum Anti-Aging Creme auf und verteilen Sie sie mit der Hand oder dem <a href=\"https:\/\/www.lraloeverashop.eu\/de\/produkt\/zeitgard-pro-gesichtsglattung-kit\/\">Zeitgard Pro Gesichtsgl\u00e4ttung Kit<\/a> 30 Sekunden lang auf jeder Seite des Gesichts. Wischen Sie mit dem Werkzeug in kreisenden Bewegungen von innen nach au\u00dfen und von unten nach oben.<\/p>\n<p><strong>Tipp:<\/strong> Vor dem Auftragen von Platinum, <a href=\"https:\/\/www.lraloeverashop.eu\/de\/produkt\/lr-zeitgard-blue-light-defender\/\">Blue Light Defender<\/a> auftragen, um die Haut effektiv vor Alterung durch blaues Licht zu sch\u00fctzen!<\/p>\n","protected":false},"excerpt":{"rendered":"<ul>\n<li>All-in-One-Creme f\u00fcr M\u00e4nner<\/li>\n<li>Mit feuchtigkeitsspendender Wirkung, f\u00fcr mehr Energie und Verj\u00fcngung<\/li>\n<li>Erh\u00f6ht die Kollagenproduktion und reduziert die Faltentiefe<\/li>\n<li>Mit Vitamin E, das das Hautvolumen verbessert<\/li>\n<li>Empfohlen zur Verwendung mit dem Zeitgard Pro Gesichtsgl\u00e4ttung Kit<\/li>\n<li>Menge: 30 ml<\/li>\n<\/ul>\n<p><span style=\"color: #ff0000;\"><a style=\"color: #ff0000;\" href=\"https:\/\/shop.lrworld.com\/openpao?PHP=0vFlt7jT938BEnBI3a6e9w%3D%3D\"><span style=\"font-size: 14pt;\"><strong>Hier registrieren und dauerhaft 35\u202f% sparen<\/strong><\/span><\/a><\/span><\/p>\n","protected":false},"featured_media":5923,"comment_status":"open","ping_status":"closed","template":"","meta":{"_kad_blocks_custom_css":"","_kad_blocks_head_custom_js":"","_kad_blocks_body_custom_js":"","_kad_blocks_footer_custom_js":"","_kadence_starter_templates_imported_post":false,"_kad_post_transparent":"default","_kad_post_title":"","_kad_post_layout":"default","_kad_post_sidebar_id":"","_kad_post_content_style":"default","_kad_post_vertical_padding":"default","_kad_post_feature":"","_kad_post_feature_position":"","_kad_post_header":false,"_kad_post_footer":false,"_kad_post_classname":""},"product_brand":[],"product_cat":[267,328,273,375],"product_tag":[700],"class_list":{"0":"post-8795","1":"product","2":"type-product","3":"status-publish","4":"has-post-thumbnail","6":"product_cat-anti-aging-pflege","7":"product_cat-anti-age-produkte","8":"product_cat-manner-uber-25","9":"product_cat-platinum-de","10":"product_tag-fur-falten-im-gesicht","12":"first","13":"instock","14":"taxable","15":"shipping-taxable","16":"purchasable","17":"product-type-simple","18":"entry","19":"content-bg","20":"loop-entry"},"yoast_head":"<!-- This site is optimized with the Yoast SEO Premium plugin v27.5 (Yoast SEO v27.5) - https:\/\/yoast.com\/product\/yoast-seo-premium-wordpress\/ -->\n<title>Platinum Anti-Aging Creme f\u00fcr mehr Energie und Verj\u00fcngung<\/title>\n<meta name=\"description\" content=\"Platinum Anti-Aging Creme f\u00fcr M\u00e4nner ab ca. 25 Jahren welche legen Wert auf Luxuspflege, Falten reduzieren wollen und sich mehr Hautelastizit\u00e4t w\u00fcnschen.\" \/>\n<meta name=\"robots\" content=\"index, follow, max-snippet:-1, max-image-preview:large, max-video-preview:-1\" \/>\n<link rel=\"canonical\" href=\"https:\/\/www.lraloeverashop.eu\/de\/produkt\/platinum-anti-aging-creme\/\" \/>\n<meta property=\"og:locale\" content=\"de_DE\" \/>\n<meta property=\"og:type\" content=\"article\" \/>\n<meta property=\"og:title\" content=\"Platinum Anti-Aging Creme\" \/>\n<meta property=\"og:description\" content=\"Platinum Anti-Aging Creme f\u00fcr M\u00e4nner ab ca. 25 Jahren welche legen Wert auf Luxuspflege, Falten reduzieren wollen und sich mehr Hautelastizit\u00e4t w\u00fcnschen.\" \/>\n<meta property=\"og:url\" content=\"https:\/\/www.lraloeverashop.eu\/de\/produkt\/platinum-anti-aging-creme\/\" \/>\n<meta property=\"og:site_name\" content=\"Lr Aloe Vera Shop\" \/>\n<meta property=\"article:publisher\" content=\"https:\/\/www.facebook.com\/lraloeverashop.eu\" \/>\n<meta property=\"article:modified_time\" content=\"2026-02-03T17:31:50+00:00\" \/>\n<meta property=\"og:image\" content=\"https:\/\/www.lraloeverashop.eu\/wp-content\/uploads\/2022\/10\/Platinum-Men-Cream.jpg\" \/>\n\t<meta property=\"og:image:width\" content=\"1200\" \/>\n\t<meta property=\"og:image:height\" content=\"1200\" \/>\n\t<meta property=\"og:image:type\" content=\"image\/jpeg\" \/>\n<meta name=\"twitter:card\" content=\"summary_large_image\" \/>\n<meta name=\"twitter:site\" content=\"@natur__kosmetik\" \/>\n<script type=\"application\/ld+json\" class=\"yoast-schema-graph\">{\"@context\":\"https:\\\/\\\/schema.org\",\"@graph\":[{\"@type\":[\"WebPage\",\"ItemPage\"],\"@id\":\"https:\\\/\\\/www.lraloeverashop.eu\\\/de\\\/produkt\\\/platinum-anti-aging-creme\\\/\",\"url\":\"https:\\\/\\\/www.lraloeverashop.eu\\\/de\\\/produkt\\\/platinum-anti-aging-creme\\\/\",\"name\":\"Platinum Anti-Aging Creme f\u00fcr mehr Energie und Verj\u00fcngung\",\"isPartOf\":{\"@id\":\"https:\\\/\\\/www.lraloeverashop.eu\\\/de\\\/#website\"},\"primaryImageOfPage\":{\"@id\":\"https:\\\/\\\/www.lraloeverashop.eu\\\/de\\\/produkt\\\/platinum-anti-aging-creme\\\/#primaryimage\"},\"image\":{\"@id\":\"https:\\\/\\\/www.lraloeverashop.eu\\\/de\\\/produkt\\\/platinum-anti-aging-creme\\\/#primaryimage\"},\"thumbnailUrl\":\"https:\\\/\\\/www.lraloeverashop.eu\\\/wp-content\\\/uploads\\\/2022\\\/10\\\/Platinum-Men-Cream.jpg\",\"datePublished\":\"2022-10-20T10:26:37+00:00\",\"dateModified\":\"2026-02-03T17:31:50+00:00\",\"description\":\"Platinum Anti-Aging Creme f\u00fcr M\u00e4nner ab ca. 25 Jahren welche legen Wert auf Luxuspflege, Falten reduzieren wollen und sich mehr Hautelastizit\u00e4t w\u00fcnschen.\",\"breadcrumb\":{\"@id\":\"https:\\\/\\\/www.lraloeverashop.eu\\\/de\\\/produkt\\\/platinum-anti-aging-creme\\\/#breadcrumb\"},\"inLanguage\":\"de\",\"potentialAction\":[{\"@type\":\"ReadAction\",\"target\":[\"https:\\\/\\\/www.lraloeverashop.eu\\\/de\\\/produkt\\\/platinum-anti-aging-creme\\\/\"]}]},{\"@type\":\"ImageObject\",\"inLanguage\":\"de\",\"@id\":\"https:\\\/\\\/www.lraloeverashop.eu\\\/de\\\/produkt\\\/platinum-anti-aging-creme\\\/#primaryimage\",\"url\":\"https:\\\/\\\/www.lraloeverashop.eu\\\/wp-content\\\/uploads\\\/2022\\\/10\\\/Platinum-Men-Cream.jpg\",\"contentUrl\":\"https:\\\/\\\/www.lraloeverashop.eu\\\/wp-content\\\/uploads\\\/2022\\\/10\\\/Platinum-Men-Cream.jpg\",\"width\":1200,\"height\":1200,\"caption\":\"Platinum Anti-Aging-Creme f\u00fcr M\u00e4nner\"},{\"@type\":\"BreadcrumbList\",\"@id\":\"https:\\\/\\\/www.lraloeverashop.eu\\\/de\\\/produkt\\\/platinum-anti-aging-creme\\\/#breadcrumb\",\"itemListElement\":[{\"@type\":\"ListItem\",\"position\":1,\"name\":\"Home\",\"item\":\"https:\\\/\\\/www.lraloeverashop.eu\\\/de\\\/\"},{\"@type\":\"ListItem\",\"position\":2,\"name\":\"Shop\",\"item\":\"https:\\\/\\\/www.lraloeverashop.eu\\\/de\\\/shop-2\\\/\"},{\"@type\":\"ListItem\",\"position\":3,\"name\":\"Platinum Anti-Aging Creme\"}]},{\"@type\":\"WebSite\",\"@id\":\"https:\\\/\\\/www.lraloeverashop.eu\\\/de\\\/#website\",\"url\":\"https:\\\/\\\/www.lraloeverashop.eu\\\/de\\\/\",\"name\":\"Lr Aloe Vera Shop\",\"description\":\"High Quality Lr Aloe Vera Gel, Aloe Vera Cream and Shampoo\",\"publisher\":{\"@id\":\"https:\\\/\\\/www.lraloeverashop.eu\\\/de\\\/#organization\"},\"alternateName\":\"LR\",\"potentialAction\":[{\"@type\":\"SearchAction\",\"target\":{\"@type\":\"EntryPoint\",\"urlTemplate\":\"https:\\\/\\\/www.lraloeverashop.eu\\\/de\\\/?s={search_term_string}\"},\"query-input\":{\"@type\":\"PropertyValueSpecification\",\"valueRequired\":true,\"valueName\":\"search_term_string\"}}],\"inLanguage\":\"de\"},{\"@type\":\"Organization\",\"@id\":\"https:\\\/\\\/www.lraloeverashop.eu\\\/de\\\/#organization\",\"name\":\"Lr Aloe Vera Shop\",\"alternateName\":\"LR\",\"url\":\"https:\\\/\\\/www.lraloeverashop.eu\\\/de\\\/\",\"logo\":{\"@type\":\"ImageObject\",\"inLanguage\":\"de\",\"@id\":\"https:\\\/\\\/www.lraloeverashop.eu\\\/de\\\/#\\\/schema\\\/logo\\\/image\\\/\",\"url\":\"https:\\\/\\\/www.lraloeverashop.eu\\\/wp-content\\\/uploads\\\/2022\\\/09\\\/cropped-Lr-Aloe-Vera-Shop.jpg\",\"contentUrl\":\"https:\\\/\\\/www.lraloeverashop.eu\\\/wp-content\\\/uploads\\\/2022\\\/09\\\/cropped-Lr-Aloe-Vera-Shop.jpg\",\"width\":228,\"height\":76,\"caption\":\"Lr Aloe Vera Shop\"},\"image\":{\"@id\":\"https:\\\/\\\/www.lraloeverashop.eu\\\/de\\\/#\\\/schema\\\/logo\\\/image\\\/\"},\"sameAs\":[\"https:\\\/\\\/www.facebook.com\\\/lraloeverashop.eu\",\"https:\\\/\\\/x.com\\\/natur__kosmetik\",\"https:\\\/\\\/www.youtube.com\\\/channel\\\/UC5oN7BJ8nfYb8RpVtjwDEBA\",\"https:\\\/\\\/www.instagram.com\\\/lrbeautyeu\\\/\"],\"description\":\"LR Aloe Vera Shop ist Ihre vertrauensw\u00fcrdige Adresse f\u00fcr hochwertige LR Health & Beauty Produkte aus Deutschland. Wir bieten Ihnen erstklassige Aloe Vera Hautpflege, N\u00e4hrstoffe und Anti-Aging-Produkte mit reinen Inhaltsstoffen, die auf wissenschaftlichen Erkenntnissen basieren. Entdecken Sie nat\u00fcrliche Pflege, die Ihre Haut regeneriert, sch\u00fctzt und revitalisiert \u2013 und profitieren Sie von exklusiven Monatsangeboten auf unsere Bestseller von LR Aloe Vera. Starten Sie noch heute Ihre Reise zu nat\u00fcrlicher Hautpflege und sp\u00fcren Sie den Unterschied.\",\"email\":\"info@lraloeverashop.eu\",\"telephone\":\"+49 17670609653\",\"legalName\":\"Lr Aloe Vera Shop\",\"foundingDate\":\"2018-04-21\",\"numberOfEmployees\":{\"@type\":\"QuantitativeValue\",\"minValue\":\"1\",\"maxValue\":\"10\"}}]}<\/script>\n<meta property=\"product:price:amount\" content=\"48.59\" \/>\n<meta property=\"product:price:currency\" content=\"EUR\" \/>\n<meta property=\"og:availability\" content=\"instock\" \/>\n<meta property=\"product:availability\" content=\"instock\" \/>\n<meta property=\"product:retailer_item_id\" content=\"28449-1DE\" \/>\n<meta property=\"product:condition\" content=\"new\" \/>\n<!-- \/ Yoast SEO Premium plugin. -->","yoast_head_json":{"title":"Platinum Anti-Aging Creme f\u00fcr mehr Energie und Verj\u00fcngung","description":"Platinum Anti-Aging Creme f\u00fcr M\u00e4nner ab ca. 25 Jahren welche legen Wert auf Luxuspflege, Falten reduzieren wollen und sich mehr Hautelastizit\u00e4t w\u00fcnschen.","robots":{"index":"index","follow":"follow","max-snippet":"max-snippet:-1","max-image-preview":"max-image-preview:large","max-video-preview":"max-video-preview:-1"},"canonical":"https:\/\/www.lraloeverashop.eu\/de\/produkt\/platinum-anti-aging-creme\/","og_locale":"de_DE","og_type":"article","og_title":"Platinum Anti-Aging Creme","og_description":"Platinum Anti-Aging Creme f\u00fcr M\u00e4nner ab ca. 25 Jahren welche legen Wert auf Luxuspflege, Falten reduzieren wollen und sich mehr Hautelastizit\u00e4t w\u00fcnschen.","og_url":"https:\/\/www.lraloeverashop.eu\/de\/produkt\/platinum-anti-aging-creme\/","og_site_name":"Lr Aloe Vera Shop","article_publisher":"https:\/\/www.facebook.com\/lraloeverashop.eu","article_modified_time":"2026-02-03T17:31:50+00:00","og_image":[{"width":1200,"height":1200,"url":"https:\/\/www.lraloeverashop.eu\/wp-content\/uploads\/2022\/10\/Platinum-Men-Cream.jpg","type":"image\/jpeg"}],"twitter_card":"summary_large_image","twitter_site":"@natur__kosmetik","schema":{"@context":"https:\/\/schema.org","@graph":[{"@type":["WebPage","ItemPage"],"@id":"https:\/\/www.lraloeverashop.eu\/de\/produkt\/platinum-anti-aging-creme\/","url":"https:\/\/www.lraloeverashop.eu\/de\/produkt\/platinum-anti-aging-creme\/","name":"Platinum Anti-Aging Creme f\u00fcr mehr Energie und Verj\u00fcngung","isPartOf":{"@id":"https:\/\/www.lraloeverashop.eu\/de\/#website"},"primaryImageOfPage":{"@id":"https:\/\/www.lraloeverashop.eu\/de\/produkt\/platinum-anti-aging-creme\/#primaryimage"},"image":{"@id":"https:\/\/www.lraloeverashop.eu\/de\/produkt\/platinum-anti-aging-creme\/#primaryimage"},"thumbnailUrl":"https:\/\/www.lraloeverashop.eu\/wp-content\/uploads\/2022\/10\/Platinum-Men-Cream.jpg","datePublished":"2022-10-20T10:26:37+00:00","dateModified":"2026-02-03T17:31:50+00:00","description":"Platinum Anti-Aging Creme f\u00fcr M\u00e4nner ab ca. 25 Jahren welche legen Wert auf Luxuspflege, Falten reduzieren wollen und sich mehr Hautelastizit\u00e4t w\u00fcnschen.","breadcrumb":{"@id":"https:\/\/www.lraloeverashop.eu\/de\/produkt\/platinum-anti-aging-creme\/#breadcrumb"},"inLanguage":"de","potentialAction":[{"@type":"ReadAction","target":["https:\/\/www.lraloeverashop.eu\/de\/produkt\/platinum-anti-aging-creme\/"]}]},{"@type":"ImageObject","inLanguage":"de","@id":"https:\/\/www.lraloeverashop.eu\/de\/produkt\/platinum-anti-aging-creme\/#primaryimage","url":"https:\/\/www.lraloeverashop.eu\/wp-content\/uploads\/2022\/10\/Platinum-Men-Cream.jpg","contentUrl":"https:\/\/www.lraloeverashop.eu\/wp-content\/uploads\/2022\/10\/Platinum-Men-Cream.jpg","width":1200,"height":1200,"caption":"Platinum Anti-Aging-Creme f\u00fcr M\u00e4nner"},{"@type":"BreadcrumbList","@id":"https:\/\/www.lraloeverashop.eu\/de\/produkt\/platinum-anti-aging-creme\/#breadcrumb","itemListElement":[{"@type":"ListItem","position":1,"name":"Home","item":"https:\/\/www.lraloeverashop.eu\/de\/"},{"@type":"ListItem","position":2,"name":"Shop","item":"https:\/\/www.lraloeverashop.eu\/de\/shop-2\/"},{"@type":"ListItem","position":3,"name":"Platinum Anti-Aging Creme"}]},{"@type":"WebSite","@id":"https:\/\/www.lraloeverashop.eu\/de\/#website","url":"https:\/\/www.lraloeverashop.eu\/de\/","name":"Lr Aloe Vera Shop","description":"High Quality Lr Aloe Vera Gel, Aloe Vera Cream and Shampoo","publisher":{"@id":"https:\/\/www.lraloeverashop.eu\/de\/#organization"},"alternateName":"LR","potentialAction":[{"@type":"SearchAction","target":{"@type":"EntryPoint","urlTemplate":"https:\/\/www.lraloeverashop.eu\/de\/?s={search_term_string}"},"query-input":{"@type":"PropertyValueSpecification","valueRequired":true,"valueName":"search_term_string"}}],"inLanguage":"de"},{"@type":"Organization","@id":"https:\/\/www.lraloeverashop.eu\/de\/#organization","name":"Lr Aloe Vera Shop","alternateName":"LR","url":"https:\/\/www.lraloeverashop.eu\/de\/","logo":{"@type":"ImageObject","inLanguage":"de","@id":"https:\/\/www.lraloeverashop.eu\/de\/#\/schema\/logo\/image\/","url":"https:\/\/www.lraloeverashop.eu\/wp-content\/uploads\/2022\/09\/cropped-Lr-Aloe-Vera-Shop.jpg","contentUrl":"https:\/\/www.lraloeverashop.eu\/wp-content\/uploads\/2022\/09\/cropped-Lr-Aloe-Vera-Shop.jpg","width":228,"height":76,"caption":"Lr Aloe Vera Shop"},"image":{"@id":"https:\/\/www.lraloeverashop.eu\/de\/#\/schema\/logo\/image\/"},"sameAs":["https:\/\/www.facebook.com\/lraloeverashop.eu","https:\/\/x.com\/natur__kosmetik","https:\/\/www.youtube.com\/channel\/UC5oN7BJ8nfYb8RpVtjwDEBA","https:\/\/www.instagram.com\/lrbeautyeu\/"],"description":"LR Aloe Vera Shop ist Ihre vertrauensw\u00fcrdige Adresse f\u00fcr hochwertige LR Health & Beauty Produkte aus Deutschland. Wir bieten Ihnen erstklassige Aloe Vera Hautpflege, N\u00e4hrstoffe und Anti-Aging-Produkte mit reinen Inhaltsstoffen, die auf wissenschaftlichen Erkenntnissen basieren. Entdecken Sie nat\u00fcrliche Pflege, die Ihre Haut regeneriert, sch\u00fctzt und revitalisiert \u2013 und profitieren Sie von exklusiven Monatsangeboten auf unsere Bestseller von LR Aloe Vera. Starten Sie noch heute Ihre Reise zu nat\u00fcrlicher Hautpflege und sp\u00fcren Sie den Unterschied.","email":"info@lraloeverashop.eu","telephone":"+49 17670609653","legalName":"Lr Aloe Vera Shop","foundingDate":"2018-04-21","numberOfEmployees":{"@type":"QuantitativeValue","minValue":"1","maxValue":"10"}}]},"product_price_amount":"48.59","product_price_currency":"EUR","og_availability":"instock","product_availability":"instock","product_retailer_item_id":"28449-1DE","product_condition":"new"},"taxonomy_info":{"product_cat":[{"value":267,"label":"Anti Aging Pflege"},{"value":328,"label":"Anti-Age-Produkte"},{"value":273,"label":"M\u00e4nner \u00fcber 25"},{"value":375,"label":"Platinum"}],"product_tag":[{"value":700,"label":"f\u00fcr Falten im Gesicht"}]},"featured_image_src_large":["https:\/\/www.lraloeverashop.eu\/wp-content\/uploads\/2022\/10\/Platinum-Men-Cream-1024x1024.jpg",1024,1024,true],"author_info":[],"comment_info":0,"_links":{"self":[{"href":"https:\/\/www.lraloeverashop.eu\/de\/wp-json\/wp\/v2\/product\/8795","targetHints":{"allow":["GET"]}}],"collection":[{"href":"https:\/\/www.lraloeverashop.eu\/de\/wp-json\/wp\/v2\/product"}],"about":[{"href":"https:\/\/www.lraloeverashop.eu\/de\/wp-json\/wp\/v2\/types\/product"}],"replies":[{"embeddable":true,"href":"https:\/\/www.lraloeverashop.eu\/de\/wp-json\/wp\/v2\/comments?post=8795"}],"wp:featuredmedia":[{"embeddable":true,"href":"https:\/\/www.lraloeverashop.eu\/de\/wp-json\/wp\/v2\/media\/5923"}],"wp:attachment":[{"href":"https:\/\/www.lraloeverashop.eu\/de\/wp-json\/wp\/v2\/media?parent=8795"}],"wp:term":[{"taxonomy":"product_brand","embeddable":true,"href":"https:\/\/www.lraloeverashop.eu\/de\/wp-json\/wp\/v2\/product_brand?post=8795"},{"taxonomy":"product_cat","embeddable":true,"href":"https:\/\/www.lraloeverashop.eu\/de\/wp-json\/wp\/v2\/product_cat?post=8795"},{"taxonomy":"product_tag","embeddable":true,"href":"https:\/\/www.lraloeverashop.eu\/de\/wp-json\/wp\/v2\/product_tag?post=8795"}],"curies":[{"name":"wp","href":"https:\/\/api.w.org\/{rel}","templated":true}]}}