{"id":8751,"date":"2022-10-21T14:17:50","date_gmt":"2022-10-21T12:17:50","guid":{"rendered":"https:\/\/www.lraloeverashop.eu\/product\/zeitgard-pro-gesichtsglattung-kit\/"},"modified":"2026-02-03T18:27:08","modified_gmt":"2026-02-03T17:27:08","slug":"zeitgard-pro-gesichtsglattung-kit","status":"publish","type":"product","link":"https:\/\/www.lraloeverashop.eu\/de\/produkt\/zeitgard-pro-gesichtsglattung-kit\/","title":{"rendered":"Zeitgard Pro Gesichtsgl\u00e4ttung Kit"},"content":{"rendered":"<h2><span style=\"font-size: 16pt;\"><strong>Zeitgard Pro Gesichtsgl\u00e4ttung Kit<\/strong><\/span><\/h2>\n<p><span style=\"font-size: 14pt;\"><strong>Zeitgard Pro Gesichtsgl\u00e4ttung Kit reduziert Linien und Falten<\/strong><\/span><\/p>\n<p>Mit zunehmendem Alter werden die Folgen von mangelnder Gesichtsreinigung, schlechter Gesichtspflege, unzureichendem Sonnenschutz, falscher Ern\u00e4hrung oder oxidativem Stress immer deutlicher. Zudem werden die biologischen Auswirkungen nicht mehr voll funktionsf\u00e4higer oder verlangsamter Prozesse sichtbar. Das \u201eorganische Material\u201c schrumpft, die Hautstruktur verliert an Spannung und die Mimik wirkt eingesunken.<\/p>\n<p>Die Ultraschallschwingungen des Zeitgard Pro Gesichtsgl\u00e4ttung Kit wirken wie ein passives Konturentraining f\u00fcr Ihre Gesichtsmuskulatur, bringen eingefallene Hautpartien wieder in Form, f\u00f6rdern die Durchblutung, regen aktiv die verlangsamten Bioprozesse des Gewebes an und verdoppeln die k\u00f6rpereigene Kollagen- und Elastinbildung .<br \/>\nIhre Haut wird straffer und straffer. Die Elastizit\u00e4t der Haut nimmt zu und das Bindegewebe wird gestrafft. Lachf\u00e4ltchen und Trockenheitsf\u00e4ltchen werden reduziert.<\/p>\n<h3><span style=\"font-size: 16pt;\"><strong>Wie verwende ich das\u00a0Gesichtsgl\u00e4ttung Kit?<\/strong><\/span><\/h3>\n<p>Nachdem Sie Ihr Gesicht mit dem <a href=\"https:\/\/www.lraloeverashop.eu\/de\/produkt\/zeitgard-pro-gesichtsreinigungsset\/\">Zeitgard Pro Gesichtsreinigungsset<\/a> oder dem Gesichtspeeling-Aufsatz und dem Zeitgard Gesichtswasser gr\u00fcndlich gereinigt haben, ist Ihr Gesicht bereit f\u00fcr die individuelle Pflege.<\/p>\n<p>Beginnen Sie mit dem Auftragen Ihres bevorzugten <a href=\"https:\/\/www.lraloeverashop.eu\/de\/produkt\/serox-gesicht-serum\/\">Serums<\/a> und dann Ihrer Tagescreme. Verwenden Sie das Zeitgard Pro Gesichtsgl\u00e4ttung Kit, um die Creme langsam in Ihre Wangen und T-Zone einzumassieren.<\/p>\n<p>Tragen Sie dann Ihre Augencreme auf. Diese k\u00f6nnen Sie wiederum mit dem Gesichtsgl\u00e4ttung Kit in Ihre Haut einmassieren.<\/p>\n<p>Ab 40 empfehlen wir die Anwendung der <a href=\"https:\/\/www.lraloeverashop.eu\/de\/produkt\/beauty-diamonds-tagescreme\/\">Beauty Diamonds Tagescreme<\/a>. Die straffende Anti-Aging-Creme aus der Beauty Diamonds Serie st\u00e4rkt die Haut ab 40, indem sie die Kollagenbildung anregt, Falten mindert und f\u00fcr harmonische Gesichtskonturen sorgt.<\/p>\n<p>Die Beauty Diamonds-Reihe garantiert eine aufgepolsterte Haut, straffe Konturen und mit Feuchtigkeit versorgte Haut, und mit dem einzigartigen Wirkstofftransportsystem kann seine Wirkung direkt in jede Hautzelle geleitet werden.<\/p>\n<p><img loading=\"lazy\" decoding=\"async\" class=\"aligncenter wp-image-3131\" src=\"https:\/\/www.lraloeverashop.eu\/wp-content\/uploads\/2022\/10\/Lr-Zeitgard-Pro-Anti-Aging-Device-in-use-1024x337.jpg\" alt=\"Lr Zeitgard Pro Anti Aging Device in use\" width=\"1170\" height=\"385\" srcset=\"https:\/\/www.lraloeverashop.eu\/wp-content\/uploads\/2022\/10\/Lr-Zeitgard-Pro-Anti-Aging-Device-in-use-1024x337.jpg 1024w, https:\/\/www.lraloeverashop.eu\/wp-content\/uploads\/2022\/10\/Lr-Zeitgard-Pro-Anti-Aging-Device-in-use-600x198.jpg 600w, https:\/\/www.lraloeverashop.eu\/wp-content\/uploads\/2022\/10\/Lr-Zeitgard-Pro-Anti-Aging-Device-in-use-300x99.jpg 300w, https:\/\/www.lraloeverashop.eu\/wp-content\/uploads\/2022\/10\/Lr-Zeitgard-Pro-Anti-Aging-Device-in-use-768x253.jpg 768w, https:\/\/www.lraloeverashop.eu\/wp-content\/uploads\/2022\/10\/Lr-Zeitgard-Pro-Anti-Aging-Device-in-use-1536x506.jpg 1536w, https:\/\/www.lraloeverashop.eu\/wp-content\/uploads\/2022\/10\/Lr-Zeitgard-Pro-Anti-Aging-Device-in-use-2048x674.jpg 2048w\" sizes=\"auto, (max-width: 1170px) 100vw, 1170px\" \/><\/p>\n<p>&nbsp;<\/p>\n<h3><span style=\"font-size: 16pt;\"><strong>Anwendungstipp f\u00fcr bis zu 40 Jahre alt<\/strong><\/span><\/h3>\n<p>Tragen Sie Ihre <a href=\"https:\/\/www.lraloeverashop.eu\/de\/produkt\/nanogold-anti-aging-nachtcreme\/\">Nanogold<\/a>&#8211; oder Platinum-Creme auf. Kleine Creme-Punkte im Gesicht verteilen und mit dem Zeitgard Pro Face Smoothing Kit einmassieren. Behandeln Sie die linke und rechte Gesichtsh\u00e4lfte sowie die Stirn jeweils 30 Sekunden lang.<br \/>\nAchten Sie auf kreisende Bewegungen von innen nach au\u00dfen und von unten nach oben.<\/p>\n","protected":false},"excerpt":{"rendered":"<ul>\n<li>Kit f\u00fcr die Anti-Aging-Behandlung<\/li>\n<li>1 x Zeitgard Pro, 1 x Zeitgard Gl\u00e4ttaufsatz<\/li>\n<li>Unterst\u00fctzt die Gesichtskonturen und die Haut sieht ebenm\u00e4\u00dfiger aus<\/li>\n<li>F\u00fcr alle Hauttypen mit Zeichen der Hautalterung<\/li>\n<li>Sch\u00f6nheitsstudio zu Hause<\/li>\n<li>Hergestellt in Deutschland<\/li>\n<\/ul>\n<p><span style=\"color: #ff0000;\"><a style=\"color: #ff0000;\" href=\"https:\/\/shop.lrworld.com\/openpao?PHP=0vFlt7jT938BEnBI3a6e9w%3D%3D\"><span style=\"font-size: 14pt;\"><strong>Hier registrieren und dauerhaft 35\u202f% sparen<\/strong><\/span><\/a><\/span><\/p>\n","protected":false},"featured_media":6013,"comment_status":"open","ping_status":"closed","template":"","meta":{"_kad_blocks_custom_css":"","_kad_blocks_head_custom_js":"","_kad_blocks_body_custom_js":"","_kad_blocks_footer_custom_js":"","_kadence_starter_templates_imported_post":false,"_kad_post_transparent":"default","_kad_post_title":"","_kad_post_layout":"default","_kad_post_sidebar_id":"","_kad_post_content_style":"default","_kad_post_vertical_padding":"default","_kad_post_feature":"","_kad_post_feature_position":"","_kad_post_header":false,"_kad_post_footer":false,"_kad_post_classname":""},"product_brand":[],"product_cat":[267,285,279,273,357],"product_tag":[700,701],"class_list":{"0":"post-8751","1":"product","2":"type-product","3":"status-publish","4":"has-post-thumbnail","6":"product_cat-anti-aging-pflege","7":"product_cat-frauen-bis-40","8":"product_cat-frauen-uber-40","9":"product_cat-manner-uber-25","10":"product_cat-zeitgard-pro-de","11":"product_tag-fur-falten-im-gesicht","12":"product_tag-fur-falten-unter-den-augen","14":"first","15":"instock","16":"taxable","17":"shipping-taxable","18":"purchasable","19":"product-type-simple","20":"entry","21":"content-bg","22":"loop-entry"},"yoast_head":"<!-- This site is optimized with the Yoast SEO Premium plugin v27.4 (Yoast SEO v27.4) - https:\/\/yoast.com\/product\/yoast-seo-premium-wordpress\/ -->\n<title>Zeitgard Pro Gesichtsgl\u00e4ttung Kit reduziert Linien und Falten<\/title>\n<meta name=\"description\" content=\"Erleben sie ihrer Sch\u00f6nheitsstudio zu Hause mit Zeitgard Pro Gesichtsgl\u00e4ttung Kit. Die Elastizit\u00e4t der Haut nimmt zu und das Bindegewebe wird gestrafft.\" \/>\n<meta name=\"robots\" content=\"index, follow, max-snippet:-1, max-image-preview:large, max-video-preview:-1\" \/>\n<link rel=\"canonical\" href=\"https:\/\/www.lraloeverashop.eu\/de\/produkt\/zeitgard-pro-gesichtsglattung-kit\/\" \/>\n<meta property=\"og:locale\" content=\"de_DE\" \/>\n<meta property=\"og:type\" content=\"article\" \/>\n<meta property=\"og:title\" content=\"Zeitgard Pro Gesichtsgl\u00e4ttung Kit\" \/>\n<meta property=\"og:description\" content=\"Erleben sie ihrer Sch\u00f6nheitsstudio zu Hause mit Zeitgard Pro Gesichtsgl\u00e4ttung Kit. Die Elastizit\u00e4t der Haut nimmt zu und das Bindegewebe wird gestrafft.\" \/>\n<meta property=\"og:url\" content=\"https:\/\/www.lraloeverashop.eu\/de\/produkt\/zeitgard-pro-gesichtsglattung-kit\/\" \/>\n<meta property=\"og:site_name\" content=\"Lr Aloe Vera Shop\" \/>\n<meta property=\"article:publisher\" content=\"https:\/\/www.facebook.com\/lraloeverashop.eu\" \/>\n<meta property=\"article:modified_time\" content=\"2026-02-03T17:27:08+00:00\" \/>\n<meta property=\"og:image\" content=\"https:\/\/www.lraloeverashop.eu\/wp-content\/uploads\/2022\/10\/Zeitgard-Anti-Aging-Kit.jpg\" \/>\n\t<meta property=\"og:image:width\" content=\"1200\" \/>\n\t<meta property=\"og:image:height\" content=\"1200\" \/>\n\t<meta property=\"og:image:type\" content=\"image\/jpeg\" \/>\n<meta name=\"twitter:card\" content=\"summary_large_image\" \/>\n<meta name=\"twitter:site\" content=\"@natur__kosmetik\" \/>\n<script type=\"application\/ld+json\" class=\"yoast-schema-graph\">{\"@context\":\"https:\\\/\\\/schema.org\",\"@graph\":[{\"@type\":[\"WebPage\",\"ItemPage\"],\"@id\":\"https:\\\/\\\/www.lraloeverashop.eu\\\/de\\\/produkt\\\/zeitgard-pro-gesichtsglattung-kit\\\/\",\"url\":\"https:\\\/\\\/www.lraloeverashop.eu\\\/de\\\/produkt\\\/zeitgard-pro-gesichtsglattung-kit\\\/\",\"name\":\"Zeitgard Pro Gesichtsgl\u00e4ttung Kit reduziert Linien und Falten\",\"isPartOf\":{\"@id\":\"https:\\\/\\\/www.lraloeverashop.eu\\\/de\\\/#website\"},\"primaryImageOfPage\":{\"@id\":\"https:\\\/\\\/www.lraloeverashop.eu\\\/de\\\/produkt\\\/zeitgard-pro-gesichtsglattung-kit\\\/#primaryimage\"},\"image\":{\"@id\":\"https:\\\/\\\/www.lraloeverashop.eu\\\/de\\\/produkt\\\/zeitgard-pro-gesichtsglattung-kit\\\/#primaryimage\"},\"thumbnailUrl\":\"https:\\\/\\\/www.lraloeverashop.eu\\\/wp-content\\\/uploads\\\/2022\\\/10\\\/Zeitgard-Anti-Aging-Kit.jpg\",\"datePublished\":\"2022-10-21T12:17:50+00:00\",\"dateModified\":\"2026-02-03T17:27:08+00:00\",\"description\":\"Erleben sie ihrer Sch\u00f6nheitsstudio zu Hause mit Zeitgard Pro Gesichtsgl\u00e4ttung Kit. Die Elastizit\u00e4t der Haut nimmt zu und das Bindegewebe wird gestrafft.\",\"breadcrumb\":{\"@id\":\"https:\\\/\\\/www.lraloeverashop.eu\\\/de\\\/produkt\\\/zeitgard-pro-gesichtsglattung-kit\\\/#breadcrumb\"},\"inLanguage\":\"de\",\"potentialAction\":[{\"@type\":\"ReadAction\",\"target\":[\"https:\\\/\\\/www.lraloeverashop.eu\\\/de\\\/produkt\\\/zeitgard-pro-gesichtsglattung-kit\\\/\"]}]},{\"@type\":\"ImageObject\",\"inLanguage\":\"de\",\"@id\":\"https:\\\/\\\/www.lraloeverashop.eu\\\/de\\\/produkt\\\/zeitgard-pro-gesichtsglattung-kit\\\/#primaryimage\",\"url\":\"https:\\\/\\\/www.lraloeverashop.eu\\\/wp-content\\\/uploads\\\/2022\\\/10\\\/Zeitgard-Anti-Aging-Kit.jpg\",\"contentUrl\":\"https:\\\/\\\/www.lraloeverashop.eu\\\/wp-content\\\/uploads\\\/2022\\\/10\\\/Zeitgard-Anti-Aging-Kit.jpg\",\"width\":1200,\"height\":1200,\"caption\":\"Zeitgard Pro Anti-Aging-Kit\"},{\"@type\":\"BreadcrumbList\",\"@id\":\"https:\\\/\\\/www.lraloeverashop.eu\\\/de\\\/produkt\\\/zeitgard-pro-gesichtsglattung-kit\\\/#breadcrumb\",\"itemListElement\":[{\"@type\":\"ListItem\",\"position\":1,\"name\":\"Home\",\"item\":\"https:\\\/\\\/www.lraloeverashop.eu\\\/de\\\/\"},{\"@type\":\"ListItem\",\"position\":2,\"name\":\"Shop\",\"item\":\"https:\\\/\\\/www.lraloeverashop.eu\\\/de\\\/shop-2\\\/\"},{\"@type\":\"ListItem\",\"position\":3,\"name\":\"Zeitgard Pro Gesichtsgl\u00e4ttung Kit\"}]},{\"@type\":\"WebSite\",\"@id\":\"https:\\\/\\\/www.lraloeverashop.eu\\\/de\\\/#website\",\"url\":\"https:\\\/\\\/www.lraloeverashop.eu\\\/de\\\/\",\"name\":\"Lr Aloe Vera Shop\",\"description\":\"High Quality Lr Aloe Vera Gel, Aloe Vera Cream and Shampoo\",\"publisher\":{\"@id\":\"https:\\\/\\\/www.lraloeverashop.eu\\\/de\\\/#organization\"},\"potentialAction\":[{\"@type\":\"SearchAction\",\"target\":{\"@type\":\"EntryPoint\",\"urlTemplate\":\"https:\\\/\\\/www.lraloeverashop.eu\\\/de\\\/?s={search_term_string}\"},\"query-input\":{\"@type\":\"PropertyValueSpecification\",\"valueRequired\":true,\"valueName\":\"search_term_string\"}}],\"inLanguage\":\"de\"},{\"@type\":\"Organization\",\"@id\":\"https:\\\/\\\/www.lraloeverashop.eu\\\/de\\\/#organization\",\"name\":\"Lr Aloe Vera Shop\",\"alternateName\":\"LR\",\"url\":\"https:\\\/\\\/www.lraloeverashop.eu\\\/de\\\/\",\"logo\":{\"@type\":\"ImageObject\",\"inLanguage\":\"de\",\"@id\":\"https:\\\/\\\/www.lraloeverashop.eu\\\/de\\\/#\\\/schema\\\/logo\\\/image\\\/\",\"url\":\"https:\\\/\\\/www.lraloeverashop.eu\\\/wp-content\\\/uploads\\\/2022\\\/09\\\/cropped-Lr-Aloe-Vera-Shop.jpg\",\"contentUrl\":\"https:\\\/\\\/www.lraloeverashop.eu\\\/wp-content\\\/uploads\\\/2022\\\/09\\\/cropped-Lr-Aloe-Vera-Shop.jpg\",\"width\":228,\"height\":76,\"caption\":\"Lr Aloe Vera Shop\"},\"image\":{\"@id\":\"https:\\\/\\\/www.lraloeverashop.eu\\\/de\\\/#\\\/schema\\\/logo\\\/image\\\/\"},\"sameAs\":[\"https:\\\/\\\/www.facebook.com\\\/lraloeverashop.eu\",\"https:\\\/\\\/x.com\\\/natur__kosmetik\",\"https:\\\/\\\/www.youtube.com\\\/channel\\\/UC5oN7BJ8nfYb8RpVtjwDEBA\",\"https:\\\/\\\/www.instagram.com\\\/lrbeautyeu\\\/\"],\"description\":\"LR Aloe Vera Shop ist Ihre vertrauensw\u00fcrdige Adresse f\u00fcr hochwertige LR Health & Beauty Produkte aus Deutschland. Wir bieten Ihnen erstklassige Aloe Vera Hautpflege, N\u00e4hrstoffe und Anti-Aging-Produkte mit reinen Inhaltsstoffen, die auf wissenschaftlichen Erkenntnissen basieren. Entdecken Sie nat\u00fcrliche Pflege, die Ihre Haut regeneriert, sch\u00fctzt und revitalisiert \u2013 und profitieren Sie von exklusiven Monatsangeboten auf unsere Bestseller von LR Aloe Vera. Starten Sie noch heute Ihre Reise zu nat\u00fcrlicher Hautpflege und sp\u00fcren Sie den Unterschied.\",\"email\":\"info@lraloeverashop.eu\",\"telephone\":\"+49 17670609653\",\"legalName\":\"Lr Aloe Vera Shop\",\"foundingDate\":\"2018-04-21\",\"numberOfEmployees\":{\"@type\":\"QuantitativeValue\",\"minValue\":\"1\",\"maxValue\":\"10\"}}]}<\/script>\n<meta property=\"product:price:amount\" content=\"335.99\" \/>\n<meta property=\"product:price:currency\" content=\"EUR\" \/>\n<meta property=\"og:availability\" content=\"instock\" \/>\n<meta property=\"product:availability\" content=\"instock\" \/>\n<meta property=\"product:retailer_item_id\" content=\"70110-3DE\" \/>\n<meta property=\"product:condition\" content=\"new\" \/>\n<!-- \/ Yoast SEO Premium plugin. -->","yoast_head_json":{"title":"Zeitgard Pro Gesichtsgl\u00e4ttung Kit reduziert Linien und Falten","description":"Erleben sie ihrer Sch\u00f6nheitsstudio zu Hause mit Zeitgard Pro Gesichtsgl\u00e4ttung Kit. Die Elastizit\u00e4t der Haut nimmt zu und das Bindegewebe wird gestrafft.","robots":{"index":"index","follow":"follow","max-snippet":"max-snippet:-1","max-image-preview":"max-image-preview:large","max-video-preview":"max-video-preview:-1"},"canonical":"https:\/\/www.lraloeverashop.eu\/de\/produkt\/zeitgard-pro-gesichtsglattung-kit\/","og_locale":"de_DE","og_type":"article","og_title":"Zeitgard Pro Gesichtsgl\u00e4ttung Kit","og_description":"Erleben sie ihrer Sch\u00f6nheitsstudio zu Hause mit Zeitgard Pro Gesichtsgl\u00e4ttung Kit. Die Elastizit\u00e4t der Haut nimmt zu und das Bindegewebe wird gestrafft.","og_url":"https:\/\/www.lraloeverashop.eu\/de\/produkt\/zeitgard-pro-gesichtsglattung-kit\/","og_site_name":"Lr Aloe Vera Shop","article_publisher":"https:\/\/www.facebook.com\/lraloeverashop.eu","article_modified_time":"2026-02-03T17:27:08+00:00","og_image":[{"width":1200,"height":1200,"url":"https:\/\/www.lraloeverashop.eu\/wp-content\/uploads\/2022\/10\/Zeitgard-Anti-Aging-Kit.jpg","type":"image\/jpeg"}],"twitter_card":"summary_large_image","twitter_site":"@natur__kosmetik","schema":{"@context":"https:\/\/schema.org","@graph":[{"@type":["WebPage","ItemPage"],"@id":"https:\/\/www.lraloeverashop.eu\/de\/produkt\/zeitgard-pro-gesichtsglattung-kit\/","url":"https:\/\/www.lraloeverashop.eu\/de\/produkt\/zeitgard-pro-gesichtsglattung-kit\/","name":"Zeitgard Pro Gesichtsgl\u00e4ttung Kit reduziert Linien und Falten","isPartOf":{"@id":"https:\/\/www.lraloeverashop.eu\/de\/#website"},"primaryImageOfPage":{"@id":"https:\/\/www.lraloeverashop.eu\/de\/produkt\/zeitgard-pro-gesichtsglattung-kit\/#primaryimage"},"image":{"@id":"https:\/\/www.lraloeverashop.eu\/de\/produkt\/zeitgard-pro-gesichtsglattung-kit\/#primaryimage"},"thumbnailUrl":"https:\/\/www.lraloeverashop.eu\/wp-content\/uploads\/2022\/10\/Zeitgard-Anti-Aging-Kit.jpg","datePublished":"2022-10-21T12:17:50+00:00","dateModified":"2026-02-03T17:27:08+00:00","description":"Erleben sie ihrer Sch\u00f6nheitsstudio zu Hause mit Zeitgard Pro Gesichtsgl\u00e4ttung Kit. Die Elastizit\u00e4t der Haut nimmt zu und das Bindegewebe wird gestrafft.","breadcrumb":{"@id":"https:\/\/www.lraloeverashop.eu\/de\/produkt\/zeitgard-pro-gesichtsglattung-kit\/#breadcrumb"},"inLanguage":"de","potentialAction":[{"@type":"ReadAction","target":["https:\/\/www.lraloeverashop.eu\/de\/produkt\/zeitgard-pro-gesichtsglattung-kit\/"]}]},{"@type":"ImageObject","inLanguage":"de","@id":"https:\/\/www.lraloeverashop.eu\/de\/produkt\/zeitgard-pro-gesichtsglattung-kit\/#primaryimage","url":"https:\/\/www.lraloeverashop.eu\/wp-content\/uploads\/2022\/10\/Zeitgard-Anti-Aging-Kit.jpg","contentUrl":"https:\/\/www.lraloeverashop.eu\/wp-content\/uploads\/2022\/10\/Zeitgard-Anti-Aging-Kit.jpg","width":1200,"height":1200,"caption":"Zeitgard Pro Anti-Aging-Kit"},{"@type":"BreadcrumbList","@id":"https:\/\/www.lraloeverashop.eu\/de\/produkt\/zeitgard-pro-gesichtsglattung-kit\/#breadcrumb","itemListElement":[{"@type":"ListItem","position":1,"name":"Home","item":"https:\/\/www.lraloeverashop.eu\/de\/"},{"@type":"ListItem","position":2,"name":"Shop","item":"https:\/\/www.lraloeverashop.eu\/de\/shop-2\/"},{"@type":"ListItem","position":3,"name":"Zeitgard Pro Gesichtsgl\u00e4ttung Kit"}]},{"@type":"WebSite","@id":"https:\/\/www.lraloeverashop.eu\/de\/#website","url":"https:\/\/www.lraloeverashop.eu\/de\/","name":"Lr Aloe Vera Shop","description":"High Quality Lr Aloe Vera Gel, Aloe Vera Cream and Shampoo","publisher":{"@id":"https:\/\/www.lraloeverashop.eu\/de\/#organization"},"potentialAction":[{"@type":"SearchAction","target":{"@type":"EntryPoint","urlTemplate":"https:\/\/www.lraloeverashop.eu\/de\/?s={search_term_string}"},"query-input":{"@type":"PropertyValueSpecification","valueRequired":true,"valueName":"search_term_string"}}],"inLanguage":"de"},{"@type":"Organization","@id":"https:\/\/www.lraloeverashop.eu\/de\/#organization","name":"Lr Aloe Vera Shop","alternateName":"LR","url":"https:\/\/www.lraloeverashop.eu\/de\/","logo":{"@type":"ImageObject","inLanguage":"de","@id":"https:\/\/www.lraloeverashop.eu\/de\/#\/schema\/logo\/image\/","url":"https:\/\/www.lraloeverashop.eu\/wp-content\/uploads\/2022\/09\/cropped-Lr-Aloe-Vera-Shop.jpg","contentUrl":"https:\/\/www.lraloeverashop.eu\/wp-content\/uploads\/2022\/09\/cropped-Lr-Aloe-Vera-Shop.jpg","width":228,"height":76,"caption":"Lr Aloe Vera Shop"},"image":{"@id":"https:\/\/www.lraloeverashop.eu\/de\/#\/schema\/logo\/image\/"},"sameAs":["https:\/\/www.facebook.com\/lraloeverashop.eu","https:\/\/x.com\/natur__kosmetik","https:\/\/www.youtube.com\/channel\/UC5oN7BJ8nfYb8RpVtjwDEBA","https:\/\/www.instagram.com\/lrbeautyeu\/"],"description":"LR Aloe Vera Shop ist Ihre vertrauensw\u00fcrdige Adresse f\u00fcr hochwertige LR Health & Beauty Produkte aus Deutschland. Wir bieten Ihnen erstklassige Aloe Vera Hautpflege, N\u00e4hrstoffe und Anti-Aging-Produkte mit reinen Inhaltsstoffen, die auf wissenschaftlichen Erkenntnissen basieren. Entdecken Sie nat\u00fcrliche Pflege, die Ihre Haut regeneriert, sch\u00fctzt und revitalisiert \u2013 und profitieren Sie von exklusiven Monatsangeboten auf unsere Bestseller von LR Aloe Vera. Starten Sie noch heute Ihre Reise zu nat\u00fcrlicher Hautpflege und sp\u00fcren Sie den Unterschied.","email":"info@lraloeverashop.eu","telephone":"+49 17670609653","legalName":"Lr Aloe Vera Shop","foundingDate":"2018-04-21","numberOfEmployees":{"@type":"QuantitativeValue","minValue":"1","maxValue":"10"}}]},"product_price_amount":"335.99","product_price_currency":"EUR","og_availability":"instock","product_availability":"instock","product_retailer_item_id":"70110-3DE","product_condition":"new"},"taxonomy_info":{"product_cat":[{"value":267,"label":"Anti Aging Pflege"},{"value":285,"label":"Frauen bis 40"},{"value":279,"label":"Frauen \u00fcber 40"},{"value":273,"label":"M\u00e4nner \u00fcber 25"},{"value":357,"label":"Zeitgard Pro"}],"product_tag":[{"value":700,"label":"f\u00fcr Falten im Gesicht"},{"value":701,"label":"f\u00fcr Falten unter den Augen"}]},"featured_image_src_large":["https:\/\/www.lraloeverashop.eu\/wp-content\/uploads\/2022\/10\/Zeitgard-Anti-Aging-Kit-1024x1024.jpg",1024,1024,true],"author_info":[],"comment_info":0,"_links":{"self":[{"href":"https:\/\/www.lraloeverashop.eu\/de\/wp-json\/wp\/v2\/product\/8751","targetHints":{"allow":["GET"]}}],"collection":[{"href":"https:\/\/www.lraloeverashop.eu\/de\/wp-json\/wp\/v2\/product"}],"about":[{"href":"https:\/\/www.lraloeverashop.eu\/de\/wp-json\/wp\/v2\/types\/product"}],"replies":[{"embeddable":true,"href":"https:\/\/www.lraloeverashop.eu\/de\/wp-json\/wp\/v2\/comments?post=8751"}],"wp:featuredmedia":[{"embeddable":true,"href":"https:\/\/www.lraloeverashop.eu\/de\/wp-json\/wp\/v2\/media\/6013"}],"wp:attachment":[{"href":"https:\/\/www.lraloeverashop.eu\/de\/wp-json\/wp\/v2\/media?parent=8751"}],"wp:term":[{"taxonomy":"product_brand","embeddable":true,"href":"https:\/\/www.lraloeverashop.eu\/de\/wp-json\/wp\/v2\/product_brand?post=8751"},{"taxonomy":"product_cat","embeddable":true,"href":"https:\/\/www.lraloeverashop.eu\/de\/wp-json\/wp\/v2\/product_cat?post=8751"},{"taxonomy":"product_tag","embeddable":true,"href":"https:\/\/www.lraloeverashop.eu\/de\/wp-json\/wp\/v2\/product_tag?post=8751"}],"curies":[{"name":"wp","href":"https:\/\/api.w.org\/{rel}","templated":true}]}}