{"id":8731,"date":"2022-10-22T05:50:49","date_gmt":"2022-10-22T03:50:49","guid":{"rendered":"https:\/\/www.lraloeverashop.eu\/product\/zeitgard-pro-korpermassage\/"},"modified":"2026-02-03T18:26:46","modified_gmt":"2026-02-03T17:26:46","slug":"zeitgard-pro-korpermassage","status":"publish","type":"product","link":"https:\/\/www.lraloeverashop.eu\/de\/produkt\/zeitgard-pro-korpermassage\/","title":{"rendered":"Zeitgard Pro K\u00f6rpermassage Kit"},"content":{"rendered":"<h2><span style=\"font-size: 16pt; color: #000000;\"><strong>Zeitgard Pro K\u00f6rpermassage Kit<\/strong><\/span><\/h2>\n<p><span style=\"font-size: 14pt;\"><strong>Zeitgard Pro K\u00f6rpermassage Kit f\u00fcr glatte Haut ohne Cellulite<\/strong><\/span><\/p>\n<p>Zeitgard Pro Kit wurde in erster Linie zur Straffung der Haut an Oberarmen, Bauch, Beinen und Po entwickelt. Wir empfehlen das Zeitgard Pro Frauen ab 25 Jahren, die sich eine glatte Haut ohne Anzeichen von Cellulite w\u00fcnschen.<br \/>\nEs strafft die Haut, verleiht ihr Festigkeit und f\u00f6rdert die nat\u00fcrliche F\u00e4higkeit des K\u00f6rpers, Schadstoffe \u00fcber das Gef\u00e4\u00df- und Lymphsystem auszuscheiden.<\/p>\n<p>Die Ultraschallbehandlung mit dem Zeitgard Pro K\u00f6rpermassage Kit kann das Erscheinungsbild von Cellulite verbessern. Zwischen den Fettzellen eingelagerte Abfallprodukte werden durch die Ultraschallbehandlung gel\u00f6st und k\u00f6nnen von der Lymphfl\u00fcssigkeit abtransportiert werden. Bildlich gesprochen werden die Fettzellen \u201everfl\u00fcssigt\u201c, \u00e4hnlich wie wenn man Eisw\u00fcrfel schmelzen l\u00e4sst und dann wieder einfriert, dann bilden sie eine gleichm\u00e4\u00dfigere Oberfl\u00e4che. Ultraschall wirkt wie eine Tiefengewebsmassage.<\/p>\n<p>Die Durchblutung wird angeregt und die Elastin- und Kollagenstr\u00e4nge entspannen sich.<br \/>\nNeben Zeitgard Pro K\u00f6rpermassage Kit empfehlen wir au\u00dferdem eine gesunde, basische Ern\u00e4hrung, ausreichende Fl\u00fcssigkeitszufuhr und den Verzicht auf Getr\u00e4nke, S\u00fc\u00dfigkeiten und Tabak.<\/p>\n<p>Die Einnahme des <a href=\"https:\/\/www.lraloeverashop.eu\/de\/produkt\/lr-beauty-elixir\/\">Lr 5in1 Beauty Elixir<\/a> kann auch dazu beitragen, die F\u00e4higkeit des K\u00f6rpers zur Kollagenbildung zu f\u00f6rdern und die <a href=\"https:\/\/www.lraloeverashop.eu\/de\/produkt\/aloe-vera-formendes-koerpergel\/\">Elastizit\u00e4t der Haut<\/a> zu verbessern.<\/p>\n<p><strong>Wenn Sie schwanger sind, an Herzerkrankungen leiden, einen Herzschrittmacher haben, Tumore, Hautkrebs, Sonnenbrand, offene Wunden, Durchblutungsst\u00f6rungen, Thrombosen, eine Blutgerinnungsst\u00f6rung, Epilepsie oder Infektionskrankheiten (Fieber, Aids etc.) haben, sollten Sie sich dauerhaft beraten lassen , regelm\u00e4\u00dfige Anwendung mit Ihrem Arzt.<\/strong><\/p>\n<p>&nbsp;<\/p>\n<h3><span style=\"font-size: 16pt;\"><strong>So verwenden Sie das K\u00f6rpermassage Kit<\/strong><\/span><\/h3>\n<p>Tragen Sie etwas <a href=\"https:\/\/www.lraloeverashop.eu\/de\/produkt\/zeitgard-pro-straffende-korpercreme\/\">Straffende K\u00f6rpercreme<\/a> auf Ihre Haut auf und massieren Sie diese Partie mit sanft kreisenden Bewegungen mit dem Zeitgard Pro K\u00f6rpermassage Kit.<\/p>\n<p>Sie sollten immer in Richtung Ihrer Lymphknoten massieren. Behandeln Sie Ihre Beine (Massage in Richtung Leistengegend), Ihren Bauch (Massage in Richtung Leistengegend oder Achselh\u00f6hlen), Ihren <a href=\"https:\/\/www.lraloeverashop.eu\/de\/produkt\/aloe-vera-korrigierende-koerpercreme\/\">Po<\/a> (Massage in Richtung Leistengegend oder Kniekehle) und Ihre Arme (Massage in Richtung Achselh\u00f6hlen).<\/p>\n<p>Gehen Sie Bereich f\u00fcr Bereich vor und tragen Sie die Creme nur auf den Bereich auf, den Sie massieren m\u00f6chten. F\u00fchren Sie diese Behandlung f\u00fcr die bestm\u00f6glichen Ergebnisse bis zu zweimal t\u00e4glich durch.<\/p>\n<p>&nbsp;<\/p>\n<p><img loading=\"lazy\" decoding=\"async\" class=\"aligncenter wp-image-3129\" src=\"https:\/\/www.lraloeverashop.eu\/wp-content\/uploads\/2022\/10\/Lr-Zeitgard-Pro-Body-massage-Device-in-use-1024x536.jpg\" alt=\"Lr Zeitgard Pro Body massage Device in use\" width=\"1229\" height=\"644\" srcset=\"https:\/\/www.lraloeverashop.eu\/wp-content\/uploads\/2022\/10\/Lr-Zeitgard-Pro-Body-massage-Device-in-use-1024x536.jpg 1024w, https:\/\/www.lraloeverashop.eu\/wp-content\/uploads\/2022\/10\/Lr-Zeitgard-Pro-Body-massage-Device-in-use-600x314.jpg 600w, https:\/\/www.lraloeverashop.eu\/wp-content\/uploads\/2022\/10\/Lr-Zeitgard-Pro-Body-massage-Device-in-use-300x157.jpg 300w, https:\/\/www.lraloeverashop.eu\/wp-content\/uploads\/2022\/10\/Lr-Zeitgard-Pro-Body-massage-Device-in-use-768x402.jpg 768w, https:\/\/www.lraloeverashop.eu\/wp-content\/uploads\/2022\/10\/Lr-Zeitgard-Pro-Body-massage-Device-in-use-1536x804.jpg 1536w, https:\/\/www.lraloeverashop.eu\/wp-content\/uploads\/2022\/10\/Lr-Zeitgard-Pro-Body-massage-Device-in-use-2048x1072.jpg 2048w\" sizes=\"auto, (max-width: 1229px) 100vw, 1229px\" \/><\/p>\n","protected":false},"excerpt":{"rendered":"<ul>\n<li>Das Kit beinhaltet 1 x Zeitgard Pro Kosmetikger\u00e4t, 1 x Massageaufsatz<\/li>\n<li>Strafft und gl\u00e4ttet die Haut an Armen, Bauch, Oberschenkeln und Po<\/li>\n<li>Unterst\u00fctzt den Abtransport der Fettzellen<\/li>\n<li>Aus der Zeitgard Pro Skin Care Serie<\/li>\n<li>Sch\u00f6nheitsstudio zu Hause<\/li>\n<li>Hergestellt in Deutschland<\/li>\n<\/ul>\n<p><span style=\"color: #ff0000;\"><a style=\"color: #ff0000;\" href=\"https:\/\/shop.lrworld.com\/openpao?PHP=0vFlt7jT938BEnBI3a6e9w%3D%3D\"><span style=\"font-size: 14pt;\"><strong>Hier registrieren und dauerhaft 35\u202f% sparen<\/strong><\/span><\/a><\/span><\/p>\n","protected":false},"featured_media":6031,"comment_status":"open","ping_status":"closed","template":"","meta":{"_kad_blocks_custom_css":"","_kad_blocks_head_custom_js":"","_kad_blocks_body_custom_js":"","_kad_blocks_footer_custom_js":"","_kadence_starter_templates_imported_post":false,"_kad_post_transparent":"default","_kad_post_title":"","_kad_post_layout":"default","_kad_post_sidebar_id":"","_kad_post_content_style":"default","_kad_post_vertical_padding":"default","_kad_post_feature":"","_kad_post_feature_position":"","_kad_post_header":false,"_kad_post_footer":false,"_kad_post_classname":""},"product_brand":[],"product_cat":[267,285,279,273,357],"product_tag":[700],"class_list":{"0":"post-8731","1":"product","2":"type-product","3":"status-publish","4":"has-post-thumbnail","6":"product_cat-anti-aging-pflege","7":"product_cat-frauen-bis-40","8":"product_cat-frauen-uber-40","9":"product_cat-manner-uber-25","10":"product_cat-zeitgard-pro-de","11":"product_tag-fur-falten-im-gesicht","13":"first","14":"instock","15":"taxable","16":"shipping-taxable","17":"purchasable","18":"product-type-simple","19":"entry","20":"content-bg","21":"loop-entry"},"yoast_head":"<!-- This site is optimized with the Yoast SEO Premium plugin v27.3 (Yoast SEO v27.3) - https:\/\/yoast.com\/product\/yoast-seo-premium-wordpress\/ -->\n<title>Zeitgard Pro K\u00f6rpermassage Kit f\u00fcr glatte Haut ohne Cellulite<\/title>\n<meta name=\"description\" content=\"Holen Sie sich straffe und glatte Haut an Armen, Bauch, Oberschenkeln und Po. Zeitgard Pro K\u00f6rpermassage Kit verbessert das Erscheinungsbild von Cellulite.\" \/>\n<meta name=\"robots\" content=\"index, follow, max-snippet:-1, max-image-preview:large, max-video-preview:-1\" \/>\n<link rel=\"canonical\" href=\"https:\/\/www.lraloeverashop.eu\/de\/produkt\/zeitgard-pro-korpermassage\/\" \/>\n<meta property=\"og:locale\" content=\"de_DE\" \/>\n<meta property=\"og:type\" content=\"article\" \/>\n<meta property=\"og:title\" content=\"Zeitgard Pro K\u00f6rpermassage Kit\" \/>\n<meta property=\"og:description\" content=\"Holen Sie sich straffe und glatte Haut an Armen, Bauch, Oberschenkeln und Po. Zeitgard Pro K\u00f6rpermassage Kit verbessert das Erscheinungsbild von Cellulite.\" \/>\n<meta property=\"og:url\" content=\"https:\/\/www.lraloeverashop.eu\/de\/produkt\/zeitgard-pro-korpermassage\/\" \/>\n<meta property=\"og:site_name\" content=\"Lr Aloe Vera Shop\" \/>\n<meta property=\"article:publisher\" content=\"https:\/\/www.facebook.com\/lraloeverashop.eu\" \/>\n<meta property=\"article:modified_time\" content=\"2026-02-03T17:26:46+00:00\" \/>\n<meta property=\"og:image\" content=\"https:\/\/www.lraloeverashop.eu\/wp-content\/uploads\/2022\/10\/Zeitgard-Pro-Body-Massage-Kit.jpg\" \/>\n\t<meta property=\"og:image:width\" content=\"1200\" \/>\n\t<meta property=\"og:image:height\" content=\"1200\" \/>\n\t<meta property=\"og:image:type\" content=\"image\/jpeg\" \/>\n<meta name=\"twitter:card\" content=\"summary_large_image\" \/>\n<meta name=\"twitter:site\" content=\"@natur__kosmetik\" \/>\n<script type=\"application\/ld+json\" class=\"yoast-schema-graph\">{\"@context\":\"https:\\\/\\\/schema.org\",\"@graph\":[{\"@type\":[\"WebPage\",\"ItemPage\"],\"@id\":\"https:\\\/\\\/www.lraloeverashop.eu\\\/de\\\/produkt\\\/zeitgard-pro-korpermassage\\\/\",\"url\":\"https:\\\/\\\/www.lraloeverashop.eu\\\/de\\\/produkt\\\/zeitgard-pro-korpermassage\\\/\",\"name\":\"Zeitgard Pro K\u00f6rpermassage Kit f\u00fcr glatte Haut ohne Cellulite\",\"isPartOf\":{\"@id\":\"https:\\\/\\\/www.lraloeverashop.eu\\\/de\\\/#website\"},\"primaryImageOfPage\":{\"@id\":\"https:\\\/\\\/www.lraloeverashop.eu\\\/de\\\/produkt\\\/zeitgard-pro-korpermassage\\\/#primaryimage\"},\"image\":{\"@id\":\"https:\\\/\\\/www.lraloeverashop.eu\\\/de\\\/produkt\\\/zeitgard-pro-korpermassage\\\/#primaryimage\"},\"thumbnailUrl\":\"https:\\\/\\\/www.lraloeverashop.eu\\\/wp-content\\\/uploads\\\/2022\\\/10\\\/Zeitgard-Pro-Body-Massage-Kit.jpg\",\"datePublished\":\"2022-10-22T03:50:49+00:00\",\"dateModified\":\"2026-02-03T17:26:46+00:00\",\"description\":\"Holen Sie sich straffe und glatte Haut an Armen, Bauch, Oberschenkeln und Po. Zeitgard Pro K\u00f6rpermassage Kit verbessert das Erscheinungsbild von Cellulite.\",\"breadcrumb\":{\"@id\":\"https:\\\/\\\/www.lraloeverashop.eu\\\/de\\\/produkt\\\/zeitgard-pro-korpermassage\\\/#breadcrumb\"},\"inLanguage\":\"de\",\"potentialAction\":[{\"@type\":\"ReadAction\",\"target\":[\"https:\\\/\\\/www.lraloeverashop.eu\\\/de\\\/produkt\\\/zeitgard-pro-korpermassage\\\/\"]}]},{\"@type\":\"ImageObject\",\"inLanguage\":\"de\",\"@id\":\"https:\\\/\\\/www.lraloeverashop.eu\\\/de\\\/produkt\\\/zeitgard-pro-korpermassage\\\/#primaryimage\",\"url\":\"https:\\\/\\\/www.lraloeverashop.eu\\\/wp-content\\\/uploads\\\/2022\\\/10\\\/Zeitgard-Pro-Body-Massage-Kit.jpg\",\"contentUrl\":\"https:\\\/\\\/www.lraloeverashop.eu\\\/wp-content\\\/uploads\\\/2022\\\/10\\\/Zeitgard-Pro-Body-Massage-Kit.jpg\",\"width\":1200,\"height\":1200,\"caption\":\"Zeitgard Pro K\u00f6rpermassage kit\"},{\"@type\":\"BreadcrumbList\",\"@id\":\"https:\\\/\\\/www.lraloeverashop.eu\\\/de\\\/produkt\\\/zeitgard-pro-korpermassage\\\/#breadcrumb\",\"itemListElement\":[{\"@type\":\"ListItem\",\"position\":1,\"name\":\"Home\",\"item\":\"https:\\\/\\\/www.lraloeverashop.eu\\\/de\\\/\"},{\"@type\":\"ListItem\",\"position\":2,\"name\":\"Shop\",\"item\":\"https:\\\/\\\/www.lraloeverashop.eu\\\/de\\\/shop-2\\\/\"},{\"@type\":\"ListItem\",\"position\":3,\"name\":\"Zeitgard Pro K\u00f6rpermassage Kit\"}]},{\"@type\":\"WebSite\",\"@id\":\"https:\\\/\\\/www.lraloeverashop.eu\\\/de\\\/#website\",\"url\":\"https:\\\/\\\/www.lraloeverashop.eu\\\/de\\\/\",\"name\":\"Lr Aloe Vera Shop\",\"description\":\"High Quality Lr Aloe Vera Gel, Aloe Vera Cream and Shampoo\",\"publisher\":{\"@id\":\"https:\\\/\\\/www.lraloeverashop.eu\\\/de\\\/#organization\"},\"potentialAction\":[{\"@type\":\"SearchAction\",\"target\":{\"@type\":\"EntryPoint\",\"urlTemplate\":\"https:\\\/\\\/www.lraloeverashop.eu\\\/de\\\/?s={search_term_string}\"},\"query-input\":{\"@type\":\"PropertyValueSpecification\",\"valueRequired\":true,\"valueName\":\"search_term_string\"}}],\"inLanguage\":\"de\"},{\"@type\":\"Organization\",\"@id\":\"https:\\\/\\\/www.lraloeverashop.eu\\\/de\\\/#organization\",\"name\":\"Lr Aloe Vera Shop\",\"alternateName\":\"LR\",\"url\":\"https:\\\/\\\/www.lraloeverashop.eu\\\/de\\\/\",\"logo\":{\"@type\":\"ImageObject\",\"inLanguage\":\"de\",\"@id\":\"https:\\\/\\\/www.lraloeverashop.eu\\\/de\\\/#\\\/schema\\\/logo\\\/image\\\/\",\"url\":\"https:\\\/\\\/www.lraloeverashop.eu\\\/wp-content\\\/uploads\\\/2022\\\/09\\\/cropped-Lr-Aloe-Vera-Shop.jpg\",\"contentUrl\":\"https:\\\/\\\/www.lraloeverashop.eu\\\/wp-content\\\/uploads\\\/2022\\\/09\\\/cropped-Lr-Aloe-Vera-Shop.jpg\",\"width\":228,\"height\":76,\"caption\":\"Lr Aloe Vera Shop\"},\"image\":{\"@id\":\"https:\\\/\\\/www.lraloeverashop.eu\\\/de\\\/#\\\/schema\\\/logo\\\/image\\\/\"},\"sameAs\":[\"https:\\\/\\\/www.facebook.com\\\/lraloeverashop.eu\",\"https:\\\/\\\/x.com\\\/natur__kosmetik\",\"https:\\\/\\\/www.youtube.com\\\/channel\\\/UC5oN7BJ8nfYb8RpVtjwDEBA\",\"https:\\\/\\\/www.instagram.com\\\/lrbeautyeu\\\/\"]}]}<\/script>\n<meta property=\"product:price:amount\" content=\"344.99\" \/>\n<meta property=\"product:price:currency\" content=\"EUR\" \/>\n<meta property=\"og:availability\" content=\"instock\" \/>\n<meta property=\"product:availability\" content=\"instock\" \/>\n<meta property=\"product:retailer_item_id\" content=\"70110-4DE\" \/>\n<meta property=\"product:condition\" content=\"new\" \/>\n<!-- \/ Yoast SEO Premium plugin. -->","yoast_head_json":{"title":"Zeitgard Pro K\u00f6rpermassage Kit f\u00fcr glatte Haut ohne Cellulite","description":"Holen Sie sich straffe und glatte Haut an Armen, Bauch, Oberschenkeln und Po. Zeitgard Pro K\u00f6rpermassage Kit verbessert das Erscheinungsbild von Cellulite.","robots":{"index":"index","follow":"follow","max-snippet":"max-snippet:-1","max-image-preview":"max-image-preview:large","max-video-preview":"max-video-preview:-1"},"canonical":"https:\/\/www.lraloeverashop.eu\/de\/produkt\/zeitgard-pro-korpermassage\/","og_locale":"de_DE","og_type":"article","og_title":"Zeitgard Pro K\u00f6rpermassage Kit","og_description":"Holen Sie sich straffe und glatte Haut an Armen, Bauch, Oberschenkeln und Po. Zeitgard Pro K\u00f6rpermassage Kit verbessert das Erscheinungsbild von Cellulite.","og_url":"https:\/\/www.lraloeverashop.eu\/de\/produkt\/zeitgard-pro-korpermassage\/","og_site_name":"Lr Aloe Vera Shop","article_publisher":"https:\/\/www.facebook.com\/lraloeverashop.eu","article_modified_time":"2026-02-03T17:26:46+00:00","og_image":[{"width":1200,"height":1200,"url":"https:\/\/www.lraloeverashop.eu\/wp-content\/uploads\/2022\/10\/Zeitgard-Pro-Body-Massage-Kit.jpg","type":"image\/jpeg"}],"twitter_card":"summary_large_image","twitter_site":"@natur__kosmetik","schema":{"@context":"https:\/\/schema.org","@graph":[{"@type":["WebPage","ItemPage"],"@id":"https:\/\/www.lraloeverashop.eu\/de\/produkt\/zeitgard-pro-korpermassage\/","url":"https:\/\/www.lraloeverashop.eu\/de\/produkt\/zeitgard-pro-korpermassage\/","name":"Zeitgard Pro K\u00f6rpermassage Kit f\u00fcr glatte Haut ohne Cellulite","isPartOf":{"@id":"https:\/\/www.lraloeverashop.eu\/de\/#website"},"primaryImageOfPage":{"@id":"https:\/\/www.lraloeverashop.eu\/de\/produkt\/zeitgard-pro-korpermassage\/#primaryimage"},"image":{"@id":"https:\/\/www.lraloeverashop.eu\/de\/produkt\/zeitgard-pro-korpermassage\/#primaryimage"},"thumbnailUrl":"https:\/\/www.lraloeverashop.eu\/wp-content\/uploads\/2022\/10\/Zeitgard-Pro-Body-Massage-Kit.jpg","datePublished":"2022-10-22T03:50:49+00:00","dateModified":"2026-02-03T17:26:46+00:00","description":"Holen Sie sich straffe und glatte Haut an Armen, Bauch, Oberschenkeln und Po. Zeitgard Pro K\u00f6rpermassage Kit verbessert das Erscheinungsbild von Cellulite.","breadcrumb":{"@id":"https:\/\/www.lraloeverashop.eu\/de\/produkt\/zeitgard-pro-korpermassage\/#breadcrumb"},"inLanguage":"de","potentialAction":[{"@type":"ReadAction","target":["https:\/\/www.lraloeverashop.eu\/de\/produkt\/zeitgard-pro-korpermassage\/"]}]},{"@type":"ImageObject","inLanguage":"de","@id":"https:\/\/www.lraloeverashop.eu\/de\/produkt\/zeitgard-pro-korpermassage\/#primaryimage","url":"https:\/\/www.lraloeverashop.eu\/wp-content\/uploads\/2022\/10\/Zeitgard-Pro-Body-Massage-Kit.jpg","contentUrl":"https:\/\/www.lraloeverashop.eu\/wp-content\/uploads\/2022\/10\/Zeitgard-Pro-Body-Massage-Kit.jpg","width":1200,"height":1200,"caption":"Zeitgard Pro K\u00f6rpermassage kit"},{"@type":"BreadcrumbList","@id":"https:\/\/www.lraloeverashop.eu\/de\/produkt\/zeitgard-pro-korpermassage\/#breadcrumb","itemListElement":[{"@type":"ListItem","position":1,"name":"Home","item":"https:\/\/www.lraloeverashop.eu\/de\/"},{"@type":"ListItem","position":2,"name":"Shop","item":"https:\/\/www.lraloeverashop.eu\/de\/shop-2\/"},{"@type":"ListItem","position":3,"name":"Zeitgard Pro K\u00f6rpermassage Kit"}]},{"@type":"WebSite","@id":"https:\/\/www.lraloeverashop.eu\/de\/#website","url":"https:\/\/www.lraloeverashop.eu\/de\/","name":"Lr Aloe Vera Shop","description":"High Quality Lr Aloe Vera Gel, Aloe Vera Cream and Shampoo","publisher":{"@id":"https:\/\/www.lraloeverashop.eu\/de\/#organization"},"potentialAction":[{"@type":"SearchAction","target":{"@type":"EntryPoint","urlTemplate":"https:\/\/www.lraloeverashop.eu\/de\/?s={search_term_string}"},"query-input":{"@type":"PropertyValueSpecification","valueRequired":true,"valueName":"search_term_string"}}],"inLanguage":"de"},{"@type":"Organization","@id":"https:\/\/www.lraloeverashop.eu\/de\/#organization","name":"Lr Aloe Vera Shop","alternateName":"LR","url":"https:\/\/www.lraloeverashop.eu\/de\/","logo":{"@type":"ImageObject","inLanguage":"de","@id":"https:\/\/www.lraloeverashop.eu\/de\/#\/schema\/logo\/image\/","url":"https:\/\/www.lraloeverashop.eu\/wp-content\/uploads\/2022\/09\/cropped-Lr-Aloe-Vera-Shop.jpg","contentUrl":"https:\/\/www.lraloeverashop.eu\/wp-content\/uploads\/2022\/09\/cropped-Lr-Aloe-Vera-Shop.jpg","width":228,"height":76,"caption":"Lr Aloe Vera Shop"},"image":{"@id":"https:\/\/www.lraloeverashop.eu\/de\/#\/schema\/logo\/image\/"},"sameAs":["https:\/\/www.facebook.com\/lraloeverashop.eu","https:\/\/x.com\/natur__kosmetik","https:\/\/www.youtube.com\/channel\/UC5oN7BJ8nfYb8RpVtjwDEBA","https:\/\/www.instagram.com\/lrbeautyeu\/"]}]},"product_price_amount":"344.99","product_price_currency":"EUR","og_availability":"instock","product_availability":"instock","product_retailer_item_id":"70110-4DE","product_condition":"new"},"taxonomy_info":{"product_cat":[{"value":267,"label":"Anti Aging Pflege"},{"value":285,"label":"Frauen bis 40"},{"value":279,"label":"Frauen \u00fcber 40"},{"value":273,"label":"M\u00e4nner \u00fcber 25"},{"value":357,"label":"Zeitgard Pro"}],"product_tag":[{"value":700,"label":"f\u00fcr Falten im Gesicht"}]},"featured_image_src_large":["https:\/\/www.lraloeverashop.eu\/wp-content\/uploads\/2022\/10\/Zeitgard-Pro-Body-Massage-Kit-1024x1024.jpg",1024,1024,true],"author_info":[],"comment_info":0,"_links":{"self":[{"href":"https:\/\/www.lraloeverashop.eu\/de\/wp-json\/wp\/v2\/product\/8731","targetHints":{"allow":["GET"]}}],"collection":[{"href":"https:\/\/www.lraloeverashop.eu\/de\/wp-json\/wp\/v2\/product"}],"about":[{"href":"https:\/\/www.lraloeverashop.eu\/de\/wp-json\/wp\/v2\/types\/product"}],"replies":[{"embeddable":true,"href":"https:\/\/www.lraloeverashop.eu\/de\/wp-json\/wp\/v2\/comments?post=8731"}],"wp:featuredmedia":[{"embeddable":true,"href":"https:\/\/www.lraloeverashop.eu\/de\/wp-json\/wp\/v2\/media\/6031"}],"wp:attachment":[{"href":"https:\/\/www.lraloeverashop.eu\/de\/wp-json\/wp\/v2\/media?parent=8731"}],"wp:term":[{"taxonomy":"product_brand","embeddable":true,"href":"https:\/\/www.lraloeverashop.eu\/de\/wp-json\/wp\/v2\/product_brand?post=8731"},{"taxonomy":"product_cat","embeddable":true,"href":"https:\/\/www.lraloeverashop.eu\/de\/wp-json\/wp\/v2\/product_cat?post=8731"},{"taxonomy":"product_tag","embeddable":true,"href":"https:\/\/www.lraloeverashop.eu\/de\/wp-json\/wp\/v2\/product_tag?post=8731"}],"curies":[{"name":"wp","href":"https:\/\/api.w.org\/{rel}","templated":true}]}}