{"id":8721,"date":"2022-10-22T07:09:06","date_gmt":"2022-10-22T05:09:06","guid":{"rendered":"https:\/\/www.lraloeverashop.eu\/product\/zeitgard-pro-gesichtsreinigungsset\/"},"modified":"2026-02-03T18:26:36","modified_gmt":"2026-02-03T17:26:36","slug":"zeitgard-pro-gesichtsreinigungsset","status":"publish","type":"product","link":"https:\/\/www.lraloeverashop.eu\/de\/produkt\/zeitgard-pro-gesichtsreinigungsset\/","title":{"rendered":"Zeitgard Pro Gesichtsreinigungsset"},"content":{"rendered":"<h2><span style=\"font-size: 16pt; color: #000000;\"><strong>Zeitgard Pro Gesichtsreinigungsset<\/strong><\/span><\/h2>\n<p><span style=\"font-size: 14pt;\"><strong>Zeitgard Pro Gesichtsreinigungsset reinigt bis zu 10-mal effektiver als eine manuelle Reinigung<\/strong><\/span><\/p>\n<p>Die herk\u00f6mmliche manuelle Reinigung hinterl\u00e4sst oft feinste Schmutzpartikel und Make-up-Reste auf unserem Gesicht. Das Zeitgard Pro Gesichtsreinigungsset optimiert unsere t\u00e4gliche Gesichtsreinigung und hinterl\u00e4sst nur porentief reine Haut mit \u201eWow\u201c-Effekt.<\/p>\n<p>Hunderte von innovativen B\u00fcrstenfilamenten (Borsten) gleiten \u00fcber die Haut und entfernen R\u00fcckst\u00e4nde, die die Poren verstopfen und den Teint fahl aussehen lassen k\u00f6nnen. Die t\u00e4gliche Behandlung reinigt effektiv die Haut und erfrischt den Teint. Seine Wirksamkeit ist nachweislich bis zu 10 Mal h\u00f6her als bei der manuellen Reinigung.*<\/p>\n<p>&nbsp;<\/p>\n<h3><span style=\"font-size: 16pt;\"><strong>Anwendung<\/strong><\/span><\/h3>\n<p>Idealerweise starten Sie mit dem Zeitgard Pro Gesichtsreinigungsset in den Tag. Befeuchten Sie zun\u00e4chst Ihr Gesicht und tragen Sie Ihre Lr Zeitgard Reinigungscreme auf. Die Lr Zeitgard Reinigungscreme wurde entwickelt, um perfekt mit der <a href=\"https:\/\/www.lraloeverashop.eu\/de\/produkt\/gesichtsreinigungsburste-zeitgard-pro\/\">Gesichtsreinigungsb\u00fcrste<\/a> zusammenzuarbeiten. Durch die oszillierenden Bewegungen des Ger\u00e4ts entsteht ein weicher Schaum, der Schmutz und \u00fcbersch\u00fcssigen Talg sanft und effektiv entfernt.<\/p>\n<p>Die Lr Zeitgard Gesichtsreinigungscreme schont den nat\u00fcrlichen Schutzmantel der Haut und ist in Kombination mit der Gesichtsreinigungsb\u00fcrste 10-mal wirksamer als eine manuelle Reinigung.<\/p>\n<p>Bringen Sie den Reinigungsb\u00fcrstenadapter und dann die Gesichtsreinigungsb\u00fcrste an Ihrem Ger\u00e4t an. Die antibakteriellen, abgerundeten B\u00fcrstenfilamente der Zeitgard Pro Gesichtsreinigungsset bewegen sich \u00e4hnlich einer elektrischen Zahnb\u00fcrste blitzschnell hin und her und reinigen Ihre Haut porentief und dennoch schonend. Schalten Sie Ihren Zeitgard Pro ein und behandeln Sie mit der Face Cleansing Brush sanft die gew\u00fcnschten Gesichtspartien.<\/p>\n<p>Es ist Ihnen \u00fcberlassen, wie lange und mit wie viel Druck Sie die B\u00fcrste \u00fcber Ihr Gesicht bewegen. Sollte das Gef\u00fchl unangenehm sein, verringern Sie den Druck oder fahren Sie mit der n\u00e4chsten Gesichtspartie fort.<\/p>\n<p>Die oszillierende, vibrierende Bewegung der <a href=\"https:\/\/www.lraloeverashop.eu\/de\/produkt\/zeitgard-pro-gesichtsreinigungsburste\/\">Zeitgard Pro Gesichtsreinigungsb\u00fcrste<\/a> regt die Durchblutung an und l\u00e4sst Ihre Haut strahlen und gesund erscheinen. Vervollst\u00e4ndigen Sie Ihre Reinigungsroutine mit dem Lr Zeitgard Gesichtswasser. Ihre Haut ist jetzt wach und bereit f\u00fcr Ihre t\u00e4gliche Pflegeroutine.<\/p>\n<p>Abends sollten Sie je nach verwendetem Make-up jede Gesichtspartie 20-30 Sekunden lang mit Zeitgard Pro Gesichtsreinigungsset reinigen. Vervollst\u00e4ndigen Sie Ihre Reinigungsroutine noch einmal mit dem Lr Zeitgard Gesichtswasser, mit dem Ihre verwendeten Nachtcremes ihre volle Wirkung auf Ihrer gr\u00fcndlich gereinigten Haut entfalten k\u00f6nnen. F\u00fcr eine intensive Entschlackung empfehlen wir, zweimal pro Woche die Gesichtsreinigungsb\u00fcrste gegen den Gesichtspeeling-Aufsatz auszutauschen.<\/p>\n<h3><span style=\"font-size: 16pt;\"><strong>Das Ergebnis:<\/strong><\/span><\/h3>\n<ul>\n<li>Verbessertes Hautbild durch Tiefenreinigung<\/li>\n<li>Bessere Vorbereitung auf weitere Pflegeschritte<\/li>\n<li>Frischer Teint nach Anregung der Durchblutung<\/li>\n<\/ul>\n<p>Einzigartig ist die antibakterielle Microsilver-Technologie in den B\u00fcrstenfilamenten: Sie h\u00e4lt die B\u00fcrste bis zu 3 Monate hygienisch sauber<\/p>\n<p>Erleben Sie den <a href=\"https:\/\/shop.lrworld.com\/home\/de\/de?PHP=0vFlt7jT938BEnBI3a6e9w%3D%3D\">Effekt<\/a> effektiver Reinigung mit der Zeitgard Pro Gesichtsreinigungsset f\u00fcr zeitlose Sch\u00f6nheit.<\/p>\n<p>*Laut einer wissenschaftlichen Studie des renommierten Dermatest Institute GmbH. Bewerbungszeitraum: 6 Wochen (Ende Januar bis Anfang M\u00e4rz 2015), Anzahl der F\u00e4cher: 40<\/p>\n","protected":false},"excerpt":{"rendered":"<ul>\n<li>Set bestehend aus Zeitgard Pro, Adapter, B\u00fcrste und Reinigungscreme<\/li>\n<li>Reinigt bis zu 10-mal effektiver als eine manuelle Reinigung<\/li>\n<li>Erzielt einen verfeinerten und gegl\u00e4tteten Teint<\/li>\n<li>F\u00fcr die t\u00e4gliche Gesichtsreinigung geeignet<\/li>\n<li>Ideal f\u00fcr alle Hauttypen<\/li>\n<li>Hergestellt in Deutschland<\/li>\n<\/ul>\n<p><span style=\"color: #ff0000;\"><a style=\"color: #ff0000;\" href=\"https:\/\/shop.lrworld.com\/openpao?PHP=0vFlt7jT938BEnBI3a6e9w%3D%3D\"><span style=\"font-size: 14pt;\"><strong>Hier registrieren und dauerhaft 35\u202f% sparen<\/strong><\/span><\/a><\/span><\/p>\n","protected":false},"featured_media":6043,"comment_status":"open","ping_status":"closed","template":"","meta":{"_kad_blocks_custom_css":"","_kad_blocks_head_custom_js":"","_kad_blocks_body_custom_js":"","_kad_blocks_footer_custom_js":"","_kadence_starter_templates_imported_post":false,"_kad_post_transparent":"default","_kad_post_title":"","_kad_post_layout":"default","_kad_post_sidebar_id":"","_kad_post_content_style":"default","_kad_post_vertical_padding":"default","_kad_post_feature":"","_kad_post_feature_position":"","_kad_post_header":false,"_kad_post_footer":false,"_kad_post_classname":""},"product_brand":[],"product_cat":[267,285,279,273,393,357],"product_tag":[650],"class_list":{"0":"post-8721","1":"product","2":"type-product","3":"status-publish","4":"has-post-thumbnail","6":"product_cat-anti-aging-pflege","7":"product_cat-frauen-bis-40","8":"product_cat-frauen-uber-40","9":"product_cat-manner-uber-25","10":"product_cat-zeitgard-de","11":"product_cat-zeitgard-pro-de","12":"product_tag-gesichtsreinigung","14":"first","15":"instock","16":"taxable","17":"shipping-taxable","18":"purchasable","19":"product-type-simple","20":"entry","21":"content-bg","22":"loop-entry"},"yoast_head":"<!-- This site is optimized with the Yoast SEO Premium plugin v27.3 (Yoast SEO v27.3) - https:\/\/yoast.com\/product\/yoast-seo-premium-wordpress\/ -->\n<title>Zeitgard Pro Gesichtsreinigungsset f\u00fcr effektive Reinigung<\/title>\n<meta name=\"description\" content=\"Zeitgard Pro Gesichtsreinigungsset optimiert unsere t\u00e4gliche Gesichtsreinigung und hinterl\u00e4sst nur porentief reine Haut mit \u201eWow\u201c-Effekt. 10 mal effektiver\" \/>\n<meta name=\"robots\" content=\"index, follow, max-snippet:-1, max-image-preview:large, max-video-preview:-1\" \/>\n<link rel=\"canonical\" href=\"https:\/\/www.lraloeverashop.eu\/de\/produkt\/zeitgard-pro-gesichtsreinigungsset\/\" \/>\n<meta property=\"og:locale\" content=\"de_DE\" \/>\n<meta property=\"og:type\" content=\"article\" \/>\n<meta property=\"og:title\" content=\"Zeitgard Pro Gesichtsreinigungsset\" \/>\n<meta property=\"og:description\" content=\"Zeitgard Pro Gesichtsreinigungsset optimiert unsere t\u00e4gliche Gesichtsreinigung und hinterl\u00e4sst nur porentief reine Haut mit \u201eWow\u201c-Effekt. 10 mal effektiver\" \/>\n<meta property=\"og:url\" content=\"https:\/\/www.lraloeverashop.eu\/de\/produkt\/zeitgard-pro-gesichtsreinigungsset\/\" \/>\n<meta property=\"og:site_name\" content=\"Lr Aloe Vera Shop\" \/>\n<meta property=\"article:publisher\" content=\"https:\/\/www.facebook.com\/lraloeverashop.eu\" \/>\n<meta property=\"article:modified_time\" content=\"2026-02-03T17:26:36+00:00\" \/>\n<meta property=\"og:image\" content=\"https:\/\/www.lraloeverashop.eu\/wp-content\/uploads\/2022\/10\/Zeitgard-Pro-Cleansing-Set.jpg\" \/>\n\t<meta property=\"og:image:width\" content=\"1200\" \/>\n\t<meta property=\"og:image:height\" content=\"1200\" \/>\n\t<meta property=\"og:image:type\" content=\"image\/jpeg\" \/>\n<meta name=\"twitter:card\" content=\"summary_large_image\" \/>\n<meta name=\"twitter:site\" content=\"@natur__kosmetik\" \/>\n<script type=\"application\/ld+json\" class=\"yoast-schema-graph\">{\"@context\":\"https:\\\/\\\/schema.org\",\"@graph\":[{\"@type\":[\"WebPage\",\"ItemPage\"],\"@id\":\"https:\\\/\\\/www.lraloeverashop.eu\\\/de\\\/produkt\\\/zeitgard-pro-gesichtsreinigungsset\\\/\",\"url\":\"https:\\\/\\\/www.lraloeverashop.eu\\\/de\\\/produkt\\\/zeitgard-pro-gesichtsreinigungsset\\\/\",\"name\":\"Zeitgard Pro Gesichtsreinigungsset f\u00fcr effektive Reinigung\",\"isPartOf\":{\"@id\":\"https:\\\/\\\/www.lraloeverashop.eu\\\/de\\\/#website\"},\"primaryImageOfPage\":{\"@id\":\"https:\\\/\\\/www.lraloeverashop.eu\\\/de\\\/produkt\\\/zeitgard-pro-gesichtsreinigungsset\\\/#primaryimage\"},\"image\":{\"@id\":\"https:\\\/\\\/www.lraloeverashop.eu\\\/de\\\/produkt\\\/zeitgard-pro-gesichtsreinigungsset\\\/#primaryimage\"},\"thumbnailUrl\":\"https:\\\/\\\/www.lraloeverashop.eu\\\/wp-content\\\/uploads\\\/2022\\\/10\\\/Zeitgard-Pro-Cleansing-Set.jpg\",\"datePublished\":\"2022-10-22T05:09:06+00:00\",\"dateModified\":\"2026-02-03T17:26:36+00:00\",\"description\":\"Zeitgard Pro Gesichtsreinigungsset optimiert unsere t\u00e4gliche Gesichtsreinigung und hinterl\u00e4sst nur porentief reine Haut mit \u201eWow\u201c-Effekt. 10 mal effektiver\",\"breadcrumb\":{\"@id\":\"https:\\\/\\\/www.lraloeverashop.eu\\\/de\\\/produkt\\\/zeitgard-pro-gesichtsreinigungsset\\\/#breadcrumb\"},\"inLanguage\":\"de\",\"potentialAction\":[{\"@type\":\"ReadAction\",\"target\":[\"https:\\\/\\\/www.lraloeverashop.eu\\\/de\\\/produkt\\\/zeitgard-pro-gesichtsreinigungsset\\\/\"]}]},{\"@type\":\"ImageObject\",\"inLanguage\":\"de\",\"@id\":\"https:\\\/\\\/www.lraloeverashop.eu\\\/de\\\/produkt\\\/zeitgard-pro-gesichtsreinigungsset\\\/#primaryimage\",\"url\":\"https:\\\/\\\/www.lraloeverashop.eu\\\/wp-content\\\/uploads\\\/2022\\\/10\\\/Zeitgard-Pro-Cleansing-Set.jpg\",\"contentUrl\":\"https:\\\/\\\/www.lraloeverashop.eu\\\/wp-content\\\/uploads\\\/2022\\\/10\\\/Zeitgard-Pro-Cleansing-Set.jpg\",\"width\":1200,\"height\":1200,\"caption\":\"Zeitgard Pro Reinigungsset\"},{\"@type\":\"BreadcrumbList\",\"@id\":\"https:\\\/\\\/www.lraloeverashop.eu\\\/de\\\/produkt\\\/zeitgard-pro-gesichtsreinigungsset\\\/#breadcrumb\",\"itemListElement\":[{\"@type\":\"ListItem\",\"position\":1,\"name\":\"Home\",\"item\":\"https:\\\/\\\/www.lraloeverashop.eu\\\/de\\\/\"},{\"@type\":\"ListItem\",\"position\":2,\"name\":\"Shop\",\"item\":\"https:\\\/\\\/www.lraloeverashop.eu\\\/de\\\/shop-2\\\/\"},{\"@type\":\"ListItem\",\"position\":3,\"name\":\"Zeitgard Pro Gesichtsreinigungsset\"}]},{\"@type\":\"WebSite\",\"@id\":\"https:\\\/\\\/www.lraloeverashop.eu\\\/de\\\/#website\",\"url\":\"https:\\\/\\\/www.lraloeverashop.eu\\\/de\\\/\",\"name\":\"Lr Aloe Vera Shop\",\"description\":\"High Quality Lr Aloe Vera Gel, Aloe Vera Cream and Shampoo\",\"publisher\":{\"@id\":\"https:\\\/\\\/www.lraloeverashop.eu\\\/de\\\/#organization\"},\"potentialAction\":[{\"@type\":\"SearchAction\",\"target\":{\"@type\":\"EntryPoint\",\"urlTemplate\":\"https:\\\/\\\/www.lraloeverashop.eu\\\/de\\\/?s={search_term_string}\"},\"query-input\":{\"@type\":\"PropertyValueSpecification\",\"valueRequired\":true,\"valueName\":\"search_term_string\"}}],\"inLanguage\":\"de\"},{\"@type\":\"Organization\",\"@id\":\"https:\\\/\\\/www.lraloeverashop.eu\\\/de\\\/#organization\",\"name\":\"Lr Aloe Vera Shop\",\"alternateName\":\"LR\",\"url\":\"https:\\\/\\\/www.lraloeverashop.eu\\\/de\\\/\",\"logo\":{\"@type\":\"ImageObject\",\"inLanguage\":\"de\",\"@id\":\"https:\\\/\\\/www.lraloeverashop.eu\\\/de\\\/#\\\/schema\\\/logo\\\/image\\\/\",\"url\":\"https:\\\/\\\/www.lraloeverashop.eu\\\/wp-content\\\/uploads\\\/2022\\\/09\\\/cropped-Lr-Aloe-Vera-Shop.jpg\",\"contentUrl\":\"https:\\\/\\\/www.lraloeverashop.eu\\\/wp-content\\\/uploads\\\/2022\\\/09\\\/cropped-Lr-Aloe-Vera-Shop.jpg\",\"width\":228,\"height\":76,\"caption\":\"Lr Aloe Vera Shop\"},\"image\":{\"@id\":\"https:\\\/\\\/www.lraloeverashop.eu\\\/de\\\/#\\\/schema\\\/logo\\\/image\\\/\"},\"sameAs\":[\"https:\\\/\\\/www.facebook.com\\\/lraloeverashop.eu\",\"https:\\\/\\\/x.com\\\/natur__kosmetik\",\"https:\\\/\\\/www.youtube.com\\\/channel\\\/UC5oN7BJ8nfYb8RpVtjwDEBA\",\"https:\\\/\\\/www.instagram.com\\\/lrbeautyeu\\\/\"]}]}<\/script>\n<meta property=\"product:price:amount\" content=\"349.99\" \/>\n<meta property=\"product:price:currency\" content=\"EUR\" \/>\n<meta property=\"og:availability\" content=\"instock\" \/>\n<meta property=\"product:availability\" content=\"instock\" \/>\n<meta property=\"product:retailer_item_id\" content=\"70106-1DE\" \/>\n<meta property=\"product:condition\" content=\"new\" \/>\n<!-- \/ Yoast SEO Premium plugin. -->","yoast_head_json":{"title":"Zeitgard Pro Gesichtsreinigungsset f\u00fcr effektive Reinigung","description":"Zeitgard Pro Gesichtsreinigungsset optimiert unsere t\u00e4gliche Gesichtsreinigung und hinterl\u00e4sst nur porentief reine Haut mit \u201eWow\u201c-Effekt. 10 mal effektiver","robots":{"index":"index","follow":"follow","max-snippet":"max-snippet:-1","max-image-preview":"max-image-preview:large","max-video-preview":"max-video-preview:-1"},"canonical":"https:\/\/www.lraloeverashop.eu\/de\/produkt\/zeitgard-pro-gesichtsreinigungsset\/","og_locale":"de_DE","og_type":"article","og_title":"Zeitgard Pro Gesichtsreinigungsset","og_description":"Zeitgard Pro Gesichtsreinigungsset optimiert unsere t\u00e4gliche Gesichtsreinigung und hinterl\u00e4sst nur porentief reine Haut mit \u201eWow\u201c-Effekt. 10 mal effektiver","og_url":"https:\/\/www.lraloeverashop.eu\/de\/produkt\/zeitgard-pro-gesichtsreinigungsset\/","og_site_name":"Lr Aloe Vera Shop","article_publisher":"https:\/\/www.facebook.com\/lraloeverashop.eu","article_modified_time":"2026-02-03T17:26:36+00:00","og_image":[{"width":1200,"height":1200,"url":"https:\/\/www.lraloeverashop.eu\/wp-content\/uploads\/2022\/10\/Zeitgard-Pro-Cleansing-Set.jpg","type":"image\/jpeg"}],"twitter_card":"summary_large_image","twitter_site":"@natur__kosmetik","schema":{"@context":"https:\/\/schema.org","@graph":[{"@type":["WebPage","ItemPage"],"@id":"https:\/\/www.lraloeverashop.eu\/de\/produkt\/zeitgard-pro-gesichtsreinigungsset\/","url":"https:\/\/www.lraloeverashop.eu\/de\/produkt\/zeitgard-pro-gesichtsreinigungsset\/","name":"Zeitgard Pro Gesichtsreinigungsset f\u00fcr effektive Reinigung","isPartOf":{"@id":"https:\/\/www.lraloeverashop.eu\/de\/#website"},"primaryImageOfPage":{"@id":"https:\/\/www.lraloeverashop.eu\/de\/produkt\/zeitgard-pro-gesichtsreinigungsset\/#primaryimage"},"image":{"@id":"https:\/\/www.lraloeverashop.eu\/de\/produkt\/zeitgard-pro-gesichtsreinigungsset\/#primaryimage"},"thumbnailUrl":"https:\/\/www.lraloeverashop.eu\/wp-content\/uploads\/2022\/10\/Zeitgard-Pro-Cleansing-Set.jpg","datePublished":"2022-10-22T05:09:06+00:00","dateModified":"2026-02-03T17:26:36+00:00","description":"Zeitgard Pro Gesichtsreinigungsset optimiert unsere t\u00e4gliche Gesichtsreinigung und hinterl\u00e4sst nur porentief reine Haut mit \u201eWow\u201c-Effekt. 10 mal effektiver","breadcrumb":{"@id":"https:\/\/www.lraloeverashop.eu\/de\/produkt\/zeitgard-pro-gesichtsreinigungsset\/#breadcrumb"},"inLanguage":"de","potentialAction":[{"@type":"ReadAction","target":["https:\/\/www.lraloeverashop.eu\/de\/produkt\/zeitgard-pro-gesichtsreinigungsset\/"]}]},{"@type":"ImageObject","inLanguage":"de","@id":"https:\/\/www.lraloeverashop.eu\/de\/produkt\/zeitgard-pro-gesichtsreinigungsset\/#primaryimage","url":"https:\/\/www.lraloeverashop.eu\/wp-content\/uploads\/2022\/10\/Zeitgard-Pro-Cleansing-Set.jpg","contentUrl":"https:\/\/www.lraloeverashop.eu\/wp-content\/uploads\/2022\/10\/Zeitgard-Pro-Cleansing-Set.jpg","width":1200,"height":1200,"caption":"Zeitgard Pro Reinigungsset"},{"@type":"BreadcrumbList","@id":"https:\/\/www.lraloeverashop.eu\/de\/produkt\/zeitgard-pro-gesichtsreinigungsset\/#breadcrumb","itemListElement":[{"@type":"ListItem","position":1,"name":"Home","item":"https:\/\/www.lraloeverashop.eu\/de\/"},{"@type":"ListItem","position":2,"name":"Shop","item":"https:\/\/www.lraloeverashop.eu\/de\/shop-2\/"},{"@type":"ListItem","position":3,"name":"Zeitgard Pro Gesichtsreinigungsset"}]},{"@type":"WebSite","@id":"https:\/\/www.lraloeverashop.eu\/de\/#website","url":"https:\/\/www.lraloeverashop.eu\/de\/","name":"Lr Aloe Vera Shop","description":"High Quality Lr Aloe Vera Gel, Aloe Vera Cream and Shampoo","publisher":{"@id":"https:\/\/www.lraloeverashop.eu\/de\/#organization"},"potentialAction":[{"@type":"SearchAction","target":{"@type":"EntryPoint","urlTemplate":"https:\/\/www.lraloeverashop.eu\/de\/?s={search_term_string}"},"query-input":{"@type":"PropertyValueSpecification","valueRequired":true,"valueName":"search_term_string"}}],"inLanguage":"de"},{"@type":"Organization","@id":"https:\/\/www.lraloeverashop.eu\/de\/#organization","name":"Lr Aloe Vera Shop","alternateName":"LR","url":"https:\/\/www.lraloeverashop.eu\/de\/","logo":{"@type":"ImageObject","inLanguage":"de","@id":"https:\/\/www.lraloeverashop.eu\/de\/#\/schema\/logo\/image\/","url":"https:\/\/www.lraloeverashop.eu\/wp-content\/uploads\/2022\/09\/cropped-Lr-Aloe-Vera-Shop.jpg","contentUrl":"https:\/\/www.lraloeverashop.eu\/wp-content\/uploads\/2022\/09\/cropped-Lr-Aloe-Vera-Shop.jpg","width":228,"height":76,"caption":"Lr Aloe Vera Shop"},"image":{"@id":"https:\/\/www.lraloeverashop.eu\/de\/#\/schema\/logo\/image\/"},"sameAs":["https:\/\/www.facebook.com\/lraloeverashop.eu","https:\/\/x.com\/natur__kosmetik","https:\/\/www.youtube.com\/channel\/UC5oN7BJ8nfYb8RpVtjwDEBA","https:\/\/www.instagram.com\/lrbeautyeu\/"]}]},"product_price_amount":"349.99","product_price_currency":"EUR","og_availability":"instock","product_availability":"instock","product_retailer_item_id":"70106-1DE","product_condition":"new"},"taxonomy_info":{"product_cat":[{"value":267,"label":"Anti Aging Pflege"},{"value":285,"label":"Frauen bis 40"},{"value":279,"label":"Frauen \u00fcber 40"},{"value":273,"label":"M\u00e4nner \u00fcber 25"},{"value":393,"label":"Zeitgard"},{"value":357,"label":"Zeitgard Pro"}],"product_tag":[{"value":650,"label":"Gesichtsreinigung"}]},"featured_image_src_large":["https:\/\/www.lraloeverashop.eu\/wp-content\/uploads\/2022\/10\/Zeitgard-Pro-Cleansing-Set-1024x1024.jpg",1024,1024,true],"author_info":[],"comment_info":0,"_links":{"self":[{"href":"https:\/\/www.lraloeverashop.eu\/de\/wp-json\/wp\/v2\/product\/8721","targetHints":{"allow":["GET"]}}],"collection":[{"href":"https:\/\/www.lraloeverashop.eu\/de\/wp-json\/wp\/v2\/product"}],"about":[{"href":"https:\/\/www.lraloeverashop.eu\/de\/wp-json\/wp\/v2\/types\/product"}],"replies":[{"embeddable":true,"href":"https:\/\/www.lraloeverashop.eu\/de\/wp-json\/wp\/v2\/comments?post=8721"}],"wp:featuredmedia":[{"embeddable":true,"href":"https:\/\/www.lraloeverashop.eu\/de\/wp-json\/wp\/v2\/media\/6043"}],"wp:attachment":[{"href":"https:\/\/www.lraloeverashop.eu\/de\/wp-json\/wp\/v2\/media?parent=8721"}],"wp:term":[{"taxonomy":"product_brand","embeddable":true,"href":"https:\/\/www.lraloeverashop.eu\/de\/wp-json\/wp\/v2\/product_brand?post=8721"},{"taxonomy":"product_cat","embeddable":true,"href":"https:\/\/www.lraloeverashop.eu\/de\/wp-json\/wp\/v2\/product_cat?post=8721"},{"taxonomy":"product_tag","embeddable":true,"href":"https:\/\/www.lraloeverashop.eu\/de\/wp-json\/wp\/v2\/product_tag?post=8721"}],"curies":[{"name":"wp","href":"https:\/\/api.w.org\/{rel}","templated":true}]}}