{"id":8711,"date":"2022-10-22T08:09:28","date_gmt":"2022-10-22T06:09:28","guid":{"rendered":"https:\/\/www.lraloeverashop.eu\/product\/zeitgard-pro-hautpflege-set\/"},"modified":"2026-02-03T18:26:25","modified_gmt":"2026-02-03T17:26:25","slug":"zeitgard-pro-hautpflege-set","status":"publish","type":"product","link":"https:\/\/www.lraloeverashop.eu\/de\/produkt\/zeitgard-pro-hautpflege-set\/","title":{"rendered":"Zeitgard Pro Hautpflege Set"},"content":{"rendered":"<h2><span style=\"font-size: 16pt; color: #000000;\"><strong>Zeitgard Pro Hautpflege Set<\/strong><\/span><\/h2>\n<p><span style=\"font-size: 14pt;\"><strong>Zeitgard Pro Hautpflege Set f\u00fcr zeitlose Sch\u00f6nheit<\/strong><\/span><\/p>\n<p>Stoppen wir die Zeit mit unserem Pflegesystem auf Salon-Niveau!<br \/>\nDas Zeitgard Pro Hautpflege Set ist eine Kombination aus innovativen Technologien, effektiven Pflegestoffen, einzigartigen Texturen und h\u00f6chster Qualit\u00e4t \u201eMade in Germany\u201c, f\u00fcr nachhaltige Ergebnisse, die daf\u00fcr sorgen, dass wir nicht unter den optischen Alterserscheinungen leiden, sondern sch\u00f6ner werden.<\/p>\n<p>Das Zeitgard Pro Hautpflege Set ist ein herausragendes Hightech-Ger\u00e4t, das fortschrittliche Technologien wie Ultraschall und Oszillation mit vier verschiedenen Beauty-Aufs\u00e4tzen in professioneller <a href=\"https:\/\/www.lraloeverashop.eu\/de\/lr-health-beauty-das-beste-unternehmen-fuer-das-wir-arbeiten\/\">Institutsqualit\u00e4t<\/a> kombiniert.<\/p>\n<p>Beim Wechseln der Aufs\u00e4tze erkennt das smarte Ger\u00e4t, welche Technik zum Einsatz kommt.<\/p>\n<p>&nbsp;<\/p>\n<h3><span style=\"font-size: 16pt;\"><strong>Das Hautpflege Set beinhaltet:<\/strong><\/span><\/h3>\n<p><strong>Zeitgard Pro Kosmetikger\u00e4t:<\/strong><br \/>\nLr Zeitgard Pro ist ein individuell anpassbares, wissenschaftlich konzipiertes und dennoch einfaches Reinigungs- und Pflegesystem, das sowohl auf altersbedingte als auch auf individuelle Hautpflegebed\u00fcrfnisse eingeht.<\/p>\n<p><strong>Gesichtsreinigungsaufsatz:<\/strong> Professioneller <a href=\"https:\/\/www.lraloeverashop.eu\/de\/produkt\/gesichtsreinigungsburste-zeitgard-pro\/\">Reinigungsaufsatz<\/a> mit Oszillation.<br \/>\nEs kann f\u00fcr die t\u00e4gliche morgendliche Gesichtsreinigung verwendet werden, aber auch abends, um das Gesicht von Make-up und Schmutz zu befreien. Eine gr\u00fcndliche Gesichtsreinigung ist Voraussetzung f\u00fcr eine wirksame Gesichtspflege. Denn nur eine saubere, klare Haut kann die wertvollen Inhaltsstoffe der anschlie\u00dfend aufgetragenen Pflegeprodukte wirklich aufnehmen.<\/p>\n<p><strong>Gesichtspeeling-Aufsatz:<\/strong> Intensiver <a href=\"https:\/\/www.lraloeverashop.eu\/de\/produkt\/zeitgard-pro-gesichtspeeling-aufsatz\/\">Peeling-Aufsatz<\/a> mit Ultraschall.<br \/>\nPeeling ist eine der besten M\u00f6glichkeiten, um eine absolut reine Haut zu bekommen. Der Gesichtspeeling-Aufsatz arbeitet mit Ultraschallschwingungen, die bei Hautkontakt wirksam Schmutz, Mitesser, abgestorbene Hautzellen der Hornschicht der Epidermis und \u00fcbersch\u00fcssigen Talg auf der Haut entfernen<br \/>\nauftauchen.<\/p>\n<p><strong>Anti-Aging Aufsatz:<\/strong> Effektiver <a href=\"https:\/\/www.lraloeverashop.eu\/de\/produkt\/zeitgard-pro-anti-aging-aufsatz\/\">Anti-Aging-Aufsatz<\/a> mit Ultraschall.<br \/>\nDie Ultraschallschwingungen wirken wie ein passives Konturentraining f\u00fcr Ihre Gesichtsmuskulatur, bringen eingefallene Hautpartien wieder in Form, f\u00f6rdern die Durchblutung, regen aktiv die verlangsamten Bioprozesse des Gewebes an und verdoppeln die k\u00f6rpereigene Kollagen- und Elastinbildung. Ihre Haut wird straffer und straffer. Die Elastizit\u00e4t der Haut nimmt zu und das Bindegewebe wird gestrafft. Lachf\u00e4ltchen und Trockenheitsf\u00e4ltchen werden reduziert.<\/p>\n<p><strong>K\u00f6rpermassageaufsatz:<\/strong> Straffender <a href=\"https:\/\/www.lraloeverashop.eu\/de\/produkt\/zeitgard-pro-korpermassageaufsatz\/\">K\u00f6rpermassageaufsatz<\/a> mit Ultraschall und Vibration<br \/>\nDer K\u00f6rper-Massage-Aufsatz im Zeitgard Pro Skin Care Set dient in erster Linie der Straffung der Haut an Oberarmen, Bauch, Beinen und Po. Frauen ab dem Alter empfehlen wir den Body Skincare Attachment<br \/>\nvon 25 Jahren, die sich eine glatte Haut ohne Anzeichen von Cellulite (Orangenhaut) w\u00fcnschen \u2013 sie strafft die Haut, verleiht ihr Festigkeit und f\u00f6rdert die nat\u00fcrliche F\u00e4higkeit des K\u00f6rpers, Schadstoffe \u00fcber das Gef\u00e4\u00df- und Lymphsystem auszuscheiden.<\/p>\n<p><strong>Zeitgard Straffende K\u00f6rpercreme:<\/strong><br \/>\nDie <a href=\"https:\/\/www.lraloeverashop.eu\/de\/produkt\/zeitgard-pro-straffende-korpercreme\/\">straffende K\u00f6rpercreme<\/a> mit Wirkstofftransportsystem enth\u00e4lt einen verkapselten Wirkstoff, der die Haut strafft und Hautrauhigkeiten reduziert. Es baut die nat\u00fcrliche Kollagenstruktur der Haut wieder auf, spendet Feuchtigkeit und bindet sie in der Haut. Panthenol und Vitamin E st\u00e4rken Ihre Barrierefunktion, Hyalurons\u00e4ure polstert sie sichtbar auf. Die Haut hat mehr Elastizit\u00e4t und Spannkraft und f\u00fchlt sich seidig glatt an.<\/p>\n<p><strong>Zeitgard Pro Reinigungscreme:<\/strong><br \/>\nDie <a href=\"https:\/\/www.lraloeverashop.eu\/de\/produkt\/zeitgard-pro-gesichtsreinigungscreme\/\">Reinigungscreme<\/a> im Zeitgard Pro Hautplege Set reinigt in Kombination mit dem Gesichtsreinigungsaufsatz die Gesichtshaut sanft aber gr\u00fcndlich. Die zarte Creme mit Harungana-Extrakt unterst\u00fctzt die Regeneration der Haut und verbessert ihr Aussehen. Das Ergebnis: ein revitalisierter, sanft mattierter Teint.<\/p>\n<p><strong>Zeitgard Pro Gesichtswasser:<\/strong><br \/>\nDas <a href=\"https:\/\/www.lraloeverashop.eu\/de\/produkt\/zeitgard-pro-gesichtswasser\/\">Gesichtswasser<\/a> kl\u00e4rt und beruhigt die Haut nach der Behandlung mit der Reinigungsb\u00fcrste oder dem Kavitationspeeling. Es st\u00e4rkt die nat\u00fcrliche Schutzfunktion der Haut mit Zink, Allantoin und Panthenol und wirkt dank Harungana-Extrakt belebend. Die alkoholfreie Formel ist f\u00fcr alle Hauttypen geeignet und stellt den nat\u00fcrlichen pH-Wert der Haut wieder her.<\/p>\n<p>Kosmetikger\u00e4t f\u00fcr den Hausgebrauch mit auswechselbaren Aufs\u00e4tzen, in Deutschland zum Patent angemeldet: Patent-Nr.: 10 2022 200 747.6<\/p>\n","protected":false},"excerpt":{"rendered":"<ul>\n<li>Hightech-Ger\u00e4t mit fortschrittlichen Technologien wie Ultraschall und Oszillation<\/li>\n<li>Mit vier professionellen Beauty-Aufs\u00e4tzen f\u00fcr Gesicht und K\u00f6rper<\/li>\n<li>Einfacher Wechsel der Aufs\u00e4tze per Klickfunktion<\/li>\n<li>Sch\u00f6nheitsstudio zu Hause<\/li>\n<li>Hergestellt in Deutschland<\/li>\n<\/ul>\n<p><span style=\"color: #ff0000;\"><a style=\"color: #ff0000;\" href=\"https:\/\/shop.lrworld.com\/openpao?PHP=0vFlt7jT938BEnBI3a6e9w%3D%3D\"><span style=\"font-size: 14pt;\"><strong>Hier registrieren und dauerhaft 35\u202f% sparen<\/strong><\/span><\/a><\/span><\/p>\n","protected":false},"featured_media":6061,"comment_status":"open","ping_status":"closed","template":"","meta":{"_kad_blocks_custom_css":"","_kad_blocks_head_custom_js":"","_kad_blocks_body_custom_js":"","_kad_blocks_footer_custom_js":"","_kadence_starter_templates_imported_post":false,"_kad_post_transparent":"default","_kad_post_title":"","_kad_post_layout":"default","_kad_post_sidebar_id":"","_kad_post_content_style":"default","_kad_post_vertical_padding":"default","_kad_post_feature":"","_kad_post_feature_position":"","_kad_post_header":false,"_kad_post_footer":false,"_kad_post_classname":""},"product_brand":[],"product_cat":[267,285,279,273,393,357],"product_tag":[700,701,650],"class_list":{"0":"post-8711","1":"product","2":"type-product","3":"status-publish","4":"has-post-thumbnail","6":"product_cat-anti-aging-pflege","7":"product_cat-frauen-bis-40","8":"product_cat-frauen-uber-40","9":"product_cat-manner-uber-25","10":"product_cat-zeitgard-de","11":"product_cat-zeitgard-pro-de","12":"product_tag-fur-falten-im-gesicht","13":"product_tag-fur-falten-unter-den-augen","14":"product_tag-gesichtsreinigung","16":"first","17":"instock","18":"taxable","19":"shipping-taxable","20":"purchasable","21":"product-type-simple","22":"entry","23":"content-bg","24":"loop-entry"},"yoast_head":"<!-- This site is optimized with the Yoast SEO Premium plugin v27.4 (Yoast SEO v27.4) - https:\/\/yoast.com\/product\/yoast-seo-premium-wordpress\/ -->\n<title>Zeitgard Pro Hautpflege Set f\u00fcr zeitlose Sch\u00f6nheit ohne Falten<\/title>\n<meta name=\"description\" content=\"Stoppen wir die Zeit mit Pflegesystem auf Salon-Niveau! Das Zeitgard Pro Hautpflege Set ist ein herausragendes Hightech-Ger\u00e4t mit Ultraschalltechnologie\" \/>\n<meta name=\"robots\" content=\"index, follow, max-snippet:-1, max-image-preview:large, max-video-preview:-1\" \/>\n<link rel=\"canonical\" href=\"https:\/\/www.lraloeverashop.eu\/de\/produkt\/zeitgard-pro-hautpflege-set\/\" \/>\n<meta property=\"og:locale\" content=\"de_DE\" \/>\n<meta property=\"og:type\" content=\"article\" \/>\n<meta property=\"og:title\" content=\"Zeitgard Pro Hautpflege Set\" \/>\n<meta property=\"og:description\" content=\"Stoppen wir die Zeit mit Pflegesystem auf Salon-Niveau! Das Zeitgard Pro Hautpflege Set ist ein herausragendes Hightech-Ger\u00e4t mit Ultraschalltechnologie\" \/>\n<meta property=\"og:url\" content=\"https:\/\/www.lraloeverashop.eu\/de\/produkt\/zeitgard-pro-hautpflege-set\/\" \/>\n<meta property=\"og:site_name\" content=\"Lr Aloe Vera Shop\" \/>\n<meta property=\"article:publisher\" content=\"https:\/\/www.facebook.com\/lraloeverashop.eu\" \/>\n<meta property=\"article:modified_time\" content=\"2026-02-03T17:26:25+00:00\" \/>\n<meta property=\"og:image\" content=\"https:\/\/www.lraloeverashop.eu\/wp-content\/uploads\/2022\/10\/Zeitgard-Pro-Skin-Care-Set.jpg\" \/>\n\t<meta property=\"og:image:width\" content=\"1200\" \/>\n\t<meta property=\"og:image:height\" content=\"1200\" \/>\n\t<meta property=\"og:image:type\" content=\"image\/jpeg\" \/>\n<meta name=\"twitter:card\" content=\"summary_large_image\" \/>\n<meta name=\"twitter:site\" content=\"@natur__kosmetik\" \/>\n<script type=\"application\/ld+json\" class=\"yoast-schema-graph\">{\"@context\":\"https:\\\/\\\/schema.org\",\"@graph\":[{\"@type\":[\"WebPage\",\"ItemPage\"],\"@id\":\"https:\\\/\\\/www.lraloeverashop.eu\\\/de\\\/produkt\\\/zeitgard-pro-hautpflege-set\\\/\",\"url\":\"https:\\\/\\\/www.lraloeverashop.eu\\\/de\\\/produkt\\\/zeitgard-pro-hautpflege-set\\\/\",\"name\":\"Zeitgard Pro Hautpflege Set f\u00fcr zeitlose Sch\u00f6nheit ohne Falten\",\"isPartOf\":{\"@id\":\"https:\\\/\\\/www.lraloeverashop.eu\\\/de\\\/#website\"},\"primaryImageOfPage\":{\"@id\":\"https:\\\/\\\/www.lraloeverashop.eu\\\/de\\\/produkt\\\/zeitgard-pro-hautpflege-set\\\/#primaryimage\"},\"image\":{\"@id\":\"https:\\\/\\\/www.lraloeverashop.eu\\\/de\\\/produkt\\\/zeitgard-pro-hautpflege-set\\\/#primaryimage\"},\"thumbnailUrl\":\"https:\\\/\\\/www.lraloeverashop.eu\\\/wp-content\\\/uploads\\\/2022\\\/10\\\/Zeitgard-Pro-Skin-Care-Set.jpg\",\"datePublished\":\"2022-10-22T06:09:28+00:00\",\"dateModified\":\"2026-02-03T17:26:25+00:00\",\"description\":\"Stoppen wir die Zeit mit Pflegesystem auf Salon-Niveau! Das Zeitgard Pro Hautpflege Set ist ein herausragendes Hightech-Ger\u00e4t mit Ultraschalltechnologie\",\"breadcrumb\":{\"@id\":\"https:\\\/\\\/www.lraloeverashop.eu\\\/de\\\/produkt\\\/zeitgard-pro-hautpflege-set\\\/#breadcrumb\"},\"inLanguage\":\"de\",\"potentialAction\":[{\"@type\":\"ReadAction\",\"target\":[\"https:\\\/\\\/www.lraloeverashop.eu\\\/de\\\/produkt\\\/zeitgard-pro-hautpflege-set\\\/\"]}]},{\"@type\":\"ImageObject\",\"inLanguage\":\"de\",\"@id\":\"https:\\\/\\\/www.lraloeverashop.eu\\\/de\\\/produkt\\\/zeitgard-pro-hautpflege-set\\\/#primaryimage\",\"url\":\"https:\\\/\\\/www.lraloeverashop.eu\\\/wp-content\\\/uploads\\\/2022\\\/10\\\/Zeitgard-Pro-Skin-Care-Set.jpg\",\"contentUrl\":\"https:\\\/\\\/www.lraloeverashop.eu\\\/wp-content\\\/uploads\\\/2022\\\/10\\\/Zeitgard-Pro-Skin-Care-Set.jpg\",\"width\":1200,\"height\":1200,\"caption\":\"Zeitgard Pro Hautpflegeset\"},{\"@type\":\"BreadcrumbList\",\"@id\":\"https:\\\/\\\/www.lraloeverashop.eu\\\/de\\\/produkt\\\/zeitgard-pro-hautpflege-set\\\/#breadcrumb\",\"itemListElement\":[{\"@type\":\"ListItem\",\"position\":1,\"name\":\"Home\",\"item\":\"https:\\\/\\\/www.lraloeverashop.eu\\\/de\\\/\"},{\"@type\":\"ListItem\",\"position\":2,\"name\":\"Shop\",\"item\":\"https:\\\/\\\/www.lraloeverashop.eu\\\/de\\\/shop-2\\\/\"},{\"@type\":\"ListItem\",\"position\":3,\"name\":\"Zeitgard Pro Hautpflege Set\"}]},{\"@type\":\"WebSite\",\"@id\":\"https:\\\/\\\/www.lraloeverashop.eu\\\/de\\\/#website\",\"url\":\"https:\\\/\\\/www.lraloeverashop.eu\\\/de\\\/\",\"name\":\"Lr Aloe Vera Shop\",\"description\":\"High Quality Lr Aloe Vera Gel, Aloe Vera Cream and Shampoo\",\"publisher\":{\"@id\":\"https:\\\/\\\/www.lraloeverashop.eu\\\/de\\\/#organization\"},\"potentialAction\":[{\"@type\":\"SearchAction\",\"target\":{\"@type\":\"EntryPoint\",\"urlTemplate\":\"https:\\\/\\\/www.lraloeverashop.eu\\\/de\\\/?s={search_term_string}\"},\"query-input\":{\"@type\":\"PropertyValueSpecification\",\"valueRequired\":true,\"valueName\":\"search_term_string\"}}],\"inLanguage\":\"de\"},{\"@type\":\"Organization\",\"@id\":\"https:\\\/\\\/www.lraloeverashop.eu\\\/de\\\/#organization\",\"name\":\"Lr Aloe Vera Shop\",\"alternateName\":\"LR\",\"url\":\"https:\\\/\\\/www.lraloeverashop.eu\\\/de\\\/\",\"logo\":{\"@type\":\"ImageObject\",\"inLanguage\":\"de\",\"@id\":\"https:\\\/\\\/www.lraloeverashop.eu\\\/de\\\/#\\\/schema\\\/logo\\\/image\\\/\",\"url\":\"https:\\\/\\\/www.lraloeverashop.eu\\\/wp-content\\\/uploads\\\/2022\\\/09\\\/cropped-Lr-Aloe-Vera-Shop.jpg\",\"contentUrl\":\"https:\\\/\\\/www.lraloeverashop.eu\\\/wp-content\\\/uploads\\\/2022\\\/09\\\/cropped-Lr-Aloe-Vera-Shop.jpg\",\"width\":228,\"height\":76,\"caption\":\"Lr Aloe Vera Shop\"},\"image\":{\"@id\":\"https:\\\/\\\/www.lraloeverashop.eu\\\/de\\\/#\\\/schema\\\/logo\\\/image\\\/\"},\"sameAs\":[\"https:\\\/\\\/www.facebook.com\\\/lraloeverashop.eu\",\"https:\\\/\\\/x.com\\\/natur__kosmetik\",\"https:\\\/\\\/www.youtube.com\\\/channel\\\/UC5oN7BJ8nfYb8RpVtjwDEBA\",\"https:\\\/\\\/www.instagram.com\\\/lrbeautyeu\\\/\"],\"description\":\"LR Aloe Vera Shop ist Ihre vertrauensw\u00fcrdige Adresse f\u00fcr hochwertige LR Health & Beauty Produkte aus Deutschland. Wir bieten Ihnen erstklassige Aloe Vera Hautpflege, N\u00e4hrstoffe und Anti-Aging-Produkte mit reinen Inhaltsstoffen, die auf wissenschaftlichen Erkenntnissen basieren. Entdecken Sie nat\u00fcrliche Pflege, die Ihre Haut regeneriert, sch\u00fctzt und revitalisiert \u2013 und profitieren Sie von exklusiven Monatsangeboten auf unsere Bestseller von LR Aloe Vera. Starten Sie noch heute Ihre Reise zu nat\u00fcrlicher Hautpflege und sp\u00fcren Sie den Unterschied.\",\"email\":\"info@lraloeverashop.eu\",\"telephone\":\"+49 17670609653\",\"legalName\":\"Lr Aloe Vera Shop\",\"foundingDate\":\"2018-04-21\",\"numberOfEmployees\":{\"@type\":\"QuantitativeValue\",\"minValue\":\"1\",\"maxValue\":\"10\"}}]}<\/script>\n<meta property=\"product:price:amount\" content=\"589.99\" \/>\n<meta property=\"product:price:currency\" content=\"EUR\" \/>\n<meta property=\"og:availability\" content=\"instock\" \/>\n<meta property=\"product:availability\" content=\"instock\" \/>\n<meta property=\"product:retailer_item_id\" content=\"70111-1DE\" \/>\n<meta property=\"product:condition\" content=\"new\" \/>\n<!-- \/ Yoast SEO Premium plugin. -->","yoast_head_json":{"title":"Zeitgard Pro Hautpflege Set f\u00fcr zeitlose Sch\u00f6nheit ohne Falten","description":"Stoppen wir die Zeit mit Pflegesystem auf Salon-Niveau! Das Zeitgard Pro Hautpflege Set ist ein herausragendes Hightech-Ger\u00e4t mit Ultraschalltechnologie","robots":{"index":"index","follow":"follow","max-snippet":"max-snippet:-1","max-image-preview":"max-image-preview:large","max-video-preview":"max-video-preview:-1"},"canonical":"https:\/\/www.lraloeverashop.eu\/de\/produkt\/zeitgard-pro-hautpflege-set\/","og_locale":"de_DE","og_type":"article","og_title":"Zeitgard Pro Hautpflege Set","og_description":"Stoppen wir die Zeit mit Pflegesystem auf Salon-Niveau! Das Zeitgard Pro Hautpflege Set ist ein herausragendes Hightech-Ger\u00e4t mit Ultraschalltechnologie","og_url":"https:\/\/www.lraloeverashop.eu\/de\/produkt\/zeitgard-pro-hautpflege-set\/","og_site_name":"Lr Aloe Vera Shop","article_publisher":"https:\/\/www.facebook.com\/lraloeverashop.eu","article_modified_time":"2026-02-03T17:26:25+00:00","og_image":[{"width":1200,"height":1200,"url":"https:\/\/www.lraloeverashop.eu\/wp-content\/uploads\/2022\/10\/Zeitgard-Pro-Skin-Care-Set.jpg","type":"image\/jpeg"}],"twitter_card":"summary_large_image","twitter_site":"@natur__kosmetik","schema":{"@context":"https:\/\/schema.org","@graph":[{"@type":["WebPage","ItemPage"],"@id":"https:\/\/www.lraloeverashop.eu\/de\/produkt\/zeitgard-pro-hautpflege-set\/","url":"https:\/\/www.lraloeverashop.eu\/de\/produkt\/zeitgard-pro-hautpflege-set\/","name":"Zeitgard Pro Hautpflege Set f\u00fcr zeitlose Sch\u00f6nheit ohne Falten","isPartOf":{"@id":"https:\/\/www.lraloeverashop.eu\/de\/#website"},"primaryImageOfPage":{"@id":"https:\/\/www.lraloeverashop.eu\/de\/produkt\/zeitgard-pro-hautpflege-set\/#primaryimage"},"image":{"@id":"https:\/\/www.lraloeverashop.eu\/de\/produkt\/zeitgard-pro-hautpflege-set\/#primaryimage"},"thumbnailUrl":"https:\/\/www.lraloeverashop.eu\/wp-content\/uploads\/2022\/10\/Zeitgard-Pro-Skin-Care-Set.jpg","datePublished":"2022-10-22T06:09:28+00:00","dateModified":"2026-02-03T17:26:25+00:00","description":"Stoppen wir die Zeit mit Pflegesystem auf Salon-Niveau! Das Zeitgard Pro Hautpflege Set ist ein herausragendes Hightech-Ger\u00e4t mit Ultraschalltechnologie","breadcrumb":{"@id":"https:\/\/www.lraloeverashop.eu\/de\/produkt\/zeitgard-pro-hautpflege-set\/#breadcrumb"},"inLanguage":"de","potentialAction":[{"@type":"ReadAction","target":["https:\/\/www.lraloeverashop.eu\/de\/produkt\/zeitgard-pro-hautpflege-set\/"]}]},{"@type":"ImageObject","inLanguage":"de","@id":"https:\/\/www.lraloeverashop.eu\/de\/produkt\/zeitgard-pro-hautpflege-set\/#primaryimage","url":"https:\/\/www.lraloeverashop.eu\/wp-content\/uploads\/2022\/10\/Zeitgard-Pro-Skin-Care-Set.jpg","contentUrl":"https:\/\/www.lraloeverashop.eu\/wp-content\/uploads\/2022\/10\/Zeitgard-Pro-Skin-Care-Set.jpg","width":1200,"height":1200,"caption":"Zeitgard Pro Hautpflegeset"},{"@type":"BreadcrumbList","@id":"https:\/\/www.lraloeverashop.eu\/de\/produkt\/zeitgard-pro-hautpflege-set\/#breadcrumb","itemListElement":[{"@type":"ListItem","position":1,"name":"Home","item":"https:\/\/www.lraloeverashop.eu\/de\/"},{"@type":"ListItem","position":2,"name":"Shop","item":"https:\/\/www.lraloeverashop.eu\/de\/shop-2\/"},{"@type":"ListItem","position":3,"name":"Zeitgard Pro Hautpflege Set"}]},{"@type":"WebSite","@id":"https:\/\/www.lraloeverashop.eu\/de\/#website","url":"https:\/\/www.lraloeverashop.eu\/de\/","name":"Lr Aloe Vera Shop","description":"High Quality Lr Aloe Vera Gel, Aloe Vera Cream and Shampoo","publisher":{"@id":"https:\/\/www.lraloeverashop.eu\/de\/#organization"},"potentialAction":[{"@type":"SearchAction","target":{"@type":"EntryPoint","urlTemplate":"https:\/\/www.lraloeverashop.eu\/de\/?s={search_term_string}"},"query-input":{"@type":"PropertyValueSpecification","valueRequired":true,"valueName":"search_term_string"}}],"inLanguage":"de"},{"@type":"Organization","@id":"https:\/\/www.lraloeverashop.eu\/de\/#organization","name":"Lr Aloe Vera Shop","alternateName":"LR","url":"https:\/\/www.lraloeverashop.eu\/de\/","logo":{"@type":"ImageObject","inLanguage":"de","@id":"https:\/\/www.lraloeverashop.eu\/de\/#\/schema\/logo\/image\/","url":"https:\/\/www.lraloeverashop.eu\/wp-content\/uploads\/2022\/09\/cropped-Lr-Aloe-Vera-Shop.jpg","contentUrl":"https:\/\/www.lraloeverashop.eu\/wp-content\/uploads\/2022\/09\/cropped-Lr-Aloe-Vera-Shop.jpg","width":228,"height":76,"caption":"Lr Aloe Vera Shop"},"image":{"@id":"https:\/\/www.lraloeverashop.eu\/de\/#\/schema\/logo\/image\/"},"sameAs":["https:\/\/www.facebook.com\/lraloeverashop.eu","https:\/\/x.com\/natur__kosmetik","https:\/\/www.youtube.com\/channel\/UC5oN7BJ8nfYb8RpVtjwDEBA","https:\/\/www.instagram.com\/lrbeautyeu\/"],"description":"LR Aloe Vera Shop ist Ihre vertrauensw\u00fcrdige Adresse f\u00fcr hochwertige LR Health & Beauty Produkte aus Deutschland. Wir bieten Ihnen erstklassige Aloe Vera Hautpflege, N\u00e4hrstoffe und Anti-Aging-Produkte mit reinen Inhaltsstoffen, die auf wissenschaftlichen Erkenntnissen basieren. Entdecken Sie nat\u00fcrliche Pflege, die Ihre Haut regeneriert, sch\u00fctzt und revitalisiert \u2013 und profitieren Sie von exklusiven Monatsangeboten auf unsere Bestseller von LR Aloe Vera. Starten Sie noch heute Ihre Reise zu nat\u00fcrlicher Hautpflege und sp\u00fcren Sie den Unterschied.","email":"info@lraloeverashop.eu","telephone":"+49 17670609653","legalName":"Lr Aloe Vera Shop","foundingDate":"2018-04-21","numberOfEmployees":{"@type":"QuantitativeValue","minValue":"1","maxValue":"10"}}]},"product_price_amount":"589.99","product_price_currency":"EUR","og_availability":"instock","product_availability":"instock","product_retailer_item_id":"70111-1DE","product_condition":"new"},"taxonomy_info":{"product_cat":[{"value":267,"label":"Anti Aging Pflege"},{"value":285,"label":"Frauen bis 40"},{"value":279,"label":"Frauen \u00fcber 40"},{"value":273,"label":"M\u00e4nner \u00fcber 25"},{"value":393,"label":"Zeitgard"},{"value":357,"label":"Zeitgard Pro"}],"product_tag":[{"value":700,"label":"f\u00fcr Falten im Gesicht"},{"value":701,"label":"f\u00fcr Falten unter den Augen"},{"value":650,"label":"Gesichtsreinigung"}]},"featured_image_src_large":["https:\/\/www.lraloeverashop.eu\/wp-content\/uploads\/2022\/10\/Zeitgard-Pro-Skin-Care-Set-1024x1024.jpg",1024,1024,true],"author_info":[],"comment_info":0,"_links":{"self":[{"href":"https:\/\/www.lraloeverashop.eu\/de\/wp-json\/wp\/v2\/product\/8711","targetHints":{"allow":["GET"]}}],"collection":[{"href":"https:\/\/www.lraloeverashop.eu\/de\/wp-json\/wp\/v2\/product"}],"about":[{"href":"https:\/\/www.lraloeverashop.eu\/de\/wp-json\/wp\/v2\/types\/product"}],"replies":[{"embeddable":true,"href":"https:\/\/www.lraloeverashop.eu\/de\/wp-json\/wp\/v2\/comments?post=8711"}],"wp:featuredmedia":[{"embeddable":true,"href":"https:\/\/www.lraloeverashop.eu\/de\/wp-json\/wp\/v2\/media\/6061"}],"wp:attachment":[{"href":"https:\/\/www.lraloeverashop.eu\/de\/wp-json\/wp\/v2\/media?parent=8711"}],"wp:term":[{"taxonomy":"product_brand","embeddable":true,"href":"https:\/\/www.lraloeverashop.eu\/de\/wp-json\/wp\/v2\/product_brand?post=8711"},{"taxonomy":"product_cat","embeddable":true,"href":"https:\/\/www.lraloeverashop.eu\/de\/wp-json\/wp\/v2\/product_cat?post=8711"},{"taxonomy":"product_tag","embeddable":true,"href":"https:\/\/www.lraloeverashop.eu\/de\/wp-json\/wp\/v2\/product_tag?post=8711"}],"curies":[{"name":"wp","href":"https:\/\/api.w.org\/{rel}","templated":true}]}}