{"id":8706,"date":"2022-10-23T07:21:51","date_gmt":"2022-10-23T05:21:51","guid":{"rendered":"https:\/\/www.lraloeverashop.eu\/product\/zeitgard-pro-adapter-mit-burste\/"},"modified":"2026-02-03T18:26:10","modified_gmt":"2026-02-03T17:26:10","slug":"zeitgard-pro-adapter-mit-burste","status":"publish","type":"product","link":"https:\/\/www.lraloeverashop.eu\/de\/produkt\/zeitgard-pro-adapter-mit-burste\/","title":{"rendered":"Zeitgard Pro Adapter mit B\u00fcrste"},"content":{"rendered":"<h2><span style=\"font-size: 16pt; color: #000000;\"><strong>Zeitgard Pro Adapter mit B\u00fcrste<\/strong><\/span><\/h2>\n<p><span style=\"font-size: 14pt;\"><strong>Zeitgard Zeitgard Pro Adapter mit B\u00fcrste zur effektiven Gesichtsreinigung<\/strong><\/span><\/p>\n<p>Die einzelnen B\u00fcrstenfilamente im <a href=\"https:\/\/www.lraloeverashop.eu\/de\/produkt\/zeitgard-pro-gesichtsreinigungsset\/\">Zeitgard Pro<\/a> bleiben dank der antibakteriellen Wirkung des LR-Wirkstoffs MICROSILVER BG\u2122 bis zu 3 Monate hygienisch einwandfrei. MICROSILVER BG\u2122 besteht aus reinem Silberpulver mit einer hochpor\u00f6sen Molekularstruktur. Das Besondere: <a href=\"https:\/\/shop.lrworld.com\/home\/de\/de?PHP=0vFlt7jT938BEnBI3a6e9w%3D%3D\">MICROSILVER BG\u2122<\/a> reguliert nachhaltig die Bakterienneubildung.<\/p>\n<p>Die <a href=\"https:\/\/www.lraloeverashop.eu\/de\/produkt\/zeitgard-pro-gesichtsreinigungsburste\/\">innovative Gesichtsb\u00fcrste<\/a> mit Oszillations-Technologie zur effektiven aber schonenden Hautreinigung sorgt in Kombination mit der Zeitgard Pro Reinigungscreme f\u00fcr zeitlos sch\u00f6ne, strahlende Haut. Das Face Cleansing Tool \u00fcberzeugt mit einem einzigartigen Hygienekonzept. Die weichen B\u00fcrstenfilamente der <a href=\"https:\/\/www.lraloeverashop.eu\/de\/produkt\/gesichtsreinigungsburste-zeitgard-pro\/\">Reinigungsb\u00fcrste<\/a> sind mit antibakteriellem Microsilver BG\u2122* versetzt.<\/p>\n<p><img loading=\"lazy\" decoding=\"async\" class=\"aligncenter wp-image-3133\" src=\"https:\/\/www.lraloeverashop.eu\/wp-content\/uploads\/2022\/10\/Lr-Zeitgard-Pro-Face-Cleansing-Brush-in-use-1024x360.jpg\" alt=\"Lr Zeitgard Pro Face Cleansing Brush in use\" width=\"1220\" height=\"429\" srcset=\"https:\/\/www.lraloeverashop.eu\/wp-content\/uploads\/2022\/10\/Lr-Zeitgard-Pro-Face-Cleansing-Brush-in-use-1024x360.jpg 1024w, https:\/\/www.lraloeverashop.eu\/wp-content\/uploads\/2022\/10\/Lr-Zeitgard-Pro-Face-Cleansing-Brush-in-use-600x211.jpg 600w, https:\/\/www.lraloeverashop.eu\/wp-content\/uploads\/2022\/10\/Lr-Zeitgard-Pro-Face-Cleansing-Brush-in-use-300x105.jpg 300w, https:\/\/www.lraloeverashop.eu\/wp-content\/uploads\/2022\/10\/Lr-Zeitgard-Pro-Face-Cleansing-Brush-in-use-768x270.jpg 768w, https:\/\/www.lraloeverashop.eu\/wp-content\/uploads\/2022\/10\/Lr-Zeitgard-Pro-Face-Cleansing-Brush-in-use-1536x540.jpg 1536w, https:\/\/www.lraloeverashop.eu\/wp-content\/uploads\/2022\/10\/Lr-Zeitgard-Pro-Face-Cleansing-Brush-in-use-2048x720.jpg 2048w\" sizes=\"auto, (max-width: 1220px) 100vw, 1220px\" \/><\/p>\n","protected":false},"excerpt":{"rendered":"<ul>\n<li>Bis zu 10 mal effektivere Gesichtsreinigung<\/li>\n<li>Kit enth\u00e4lt 1 x Adapter, 1 x Reinigungsb\u00fcrste<\/li>\n<li>Mit antibakteriellem Microsilver BG\u2122**<\/li>\n<li>Zur Verwendung mit der Lr Zeitgard Reinigungscreme<\/li>\n<li>Hergestellt in Deutschland<\/li>\n<\/ul>\n<p><span style=\"color: #ff0000;\"><a style=\"color: #ff0000;\" href=\"https:\/\/shop.lrworld.com\/openpao?PHP=0vFlt7jT938BEnBI3a6e9w%3D%3D\"><span style=\"font-size: 14pt;\"><strong>Hier registrieren und dauerhaft 35\u202f% sparen<\/strong><\/span><\/a><\/span><\/p>\n","protected":false},"featured_media":6019,"comment_status":"open","ping_status":"closed","template":"","meta":{"_kad_blocks_custom_css":"","_kad_blocks_head_custom_js":"","_kad_blocks_body_custom_js":"","_kad_blocks_footer_custom_js":"","_kadence_starter_templates_imported_post":false,"_kad_post_transparent":"default","_kad_post_title":"","_kad_post_layout":"default","_kad_post_sidebar_id":"","_kad_post_content_style":"default","_kad_post_vertical_padding":"default","_kad_post_feature":"","_kad_post_feature_position":"","_kad_post_header":false,"_kad_post_footer":false,"_kad_post_classname":""},"product_brand":[],"product_cat":[267,357],"product_tag":[650],"class_list":{"0":"post-8706","1":"product","2":"type-product","3":"status-publish","4":"has-post-thumbnail","6":"product_cat-anti-aging-pflege","7":"product_cat-zeitgard-pro-de","8":"product_tag-gesichtsreinigung","10":"first","11":"instock","12":"taxable","13":"shipping-taxable","14":"purchasable","15":"product-type-simple","16":"entry","17":"content-bg","18":"loop-entry"},"yoast_head":"<!-- This site is optimized with the Yoast SEO Premium plugin v27.3 (Yoast SEO v27.3) - https:\/\/yoast.com\/product\/yoast-seo-premium-wordpress\/ -->\n<title>Zeitgard Zeitgard Pro Adapter mit B\u00fcrste zur Gesichtsreinigung<\/title>\n<meta name=\"description\" content=\"Die einzelnen B\u00fcrstenfilamente im Zeitgard Pro Adapter mit B\u00fcrste bleiben dank MICROSILVER BG\u2122 bis zu 3 Monate hygienisch einwandfrei.\" \/>\n<meta name=\"robots\" content=\"index, follow, max-snippet:-1, max-image-preview:large, max-video-preview:-1\" \/>\n<link rel=\"canonical\" href=\"https:\/\/www.lraloeverashop.eu\/de\/produkt\/zeitgard-pro-adapter-mit-burste\/\" \/>\n<meta property=\"og:locale\" content=\"de_DE\" \/>\n<meta property=\"og:type\" content=\"article\" \/>\n<meta property=\"og:title\" content=\"Zeitgard Pro Adapter mit B\u00fcrste\" \/>\n<meta property=\"og:description\" content=\"Die einzelnen B\u00fcrstenfilamente im Zeitgard Pro Adapter mit B\u00fcrste bleiben dank MICROSILVER BG\u2122 bis zu 3 Monate hygienisch einwandfrei.\" \/>\n<meta property=\"og:url\" content=\"https:\/\/www.lraloeverashop.eu\/de\/produkt\/zeitgard-pro-adapter-mit-burste\/\" \/>\n<meta property=\"og:site_name\" content=\"Lr Aloe Vera Shop\" \/>\n<meta property=\"article:publisher\" content=\"https:\/\/www.facebook.com\/lraloeverashop.eu\" \/>\n<meta property=\"article:modified_time\" content=\"2026-02-03T17:26:10+00:00\" \/>\n<meta property=\"og:image\" content=\"https:\/\/www.lraloeverashop.eu\/wp-content\/uploads\/2022\/10\/Zeitgard-Pro-Adapter-and-Brush.jpg\" \/>\n\t<meta property=\"og:image:width\" content=\"1200\" \/>\n\t<meta property=\"og:image:height\" content=\"1200\" \/>\n\t<meta property=\"og:image:type\" content=\"image\/jpeg\" \/>\n<meta name=\"twitter:card\" content=\"summary_large_image\" \/>\n<meta name=\"twitter:site\" content=\"@natur__kosmetik\" \/>\n<script type=\"application\/ld+json\" class=\"yoast-schema-graph\">{\"@context\":\"https:\\\/\\\/schema.org\",\"@graph\":[{\"@type\":[\"WebPage\",\"ItemPage\"],\"@id\":\"https:\\\/\\\/www.lraloeverashop.eu\\\/de\\\/produkt\\\/zeitgard-pro-adapter-mit-burste\\\/\",\"url\":\"https:\\\/\\\/www.lraloeverashop.eu\\\/de\\\/produkt\\\/zeitgard-pro-adapter-mit-burste\\\/\",\"name\":\"Zeitgard Zeitgard Pro Adapter mit B\u00fcrste zur Gesichtsreinigung\",\"isPartOf\":{\"@id\":\"https:\\\/\\\/www.lraloeverashop.eu\\\/de\\\/#website\"},\"primaryImageOfPage\":{\"@id\":\"https:\\\/\\\/www.lraloeverashop.eu\\\/de\\\/produkt\\\/zeitgard-pro-adapter-mit-burste\\\/#primaryimage\"},\"image\":{\"@id\":\"https:\\\/\\\/www.lraloeverashop.eu\\\/de\\\/produkt\\\/zeitgard-pro-adapter-mit-burste\\\/#primaryimage\"},\"thumbnailUrl\":\"https:\\\/\\\/www.lraloeverashop.eu\\\/wp-content\\\/uploads\\\/2022\\\/10\\\/Zeitgard-Pro-Adapter-and-Brush.jpg\",\"datePublished\":\"2022-10-23T05:21:51+00:00\",\"dateModified\":\"2026-02-03T17:26:10+00:00\",\"description\":\"Die einzelnen B\u00fcrstenfilamente im Zeitgard Pro Adapter mit B\u00fcrste bleiben dank MICROSILVER BG\u2122 bis zu 3 Monate hygienisch einwandfrei.\",\"breadcrumb\":{\"@id\":\"https:\\\/\\\/www.lraloeverashop.eu\\\/de\\\/produkt\\\/zeitgard-pro-adapter-mit-burste\\\/#breadcrumb\"},\"inLanguage\":\"de\",\"potentialAction\":[{\"@type\":\"ReadAction\",\"target\":[\"https:\\\/\\\/www.lraloeverashop.eu\\\/de\\\/produkt\\\/zeitgard-pro-adapter-mit-burste\\\/\"]}]},{\"@type\":\"ImageObject\",\"inLanguage\":\"de\",\"@id\":\"https:\\\/\\\/www.lraloeverashop.eu\\\/de\\\/produkt\\\/zeitgard-pro-adapter-mit-burste\\\/#primaryimage\",\"url\":\"https:\\\/\\\/www.lraloeverashop.eu\\\/wp-content\\\/uploads\\\/2022\\\/10\\\/Zeitgard-Pro-Adapter-and-Brush.jpg\",\"contentUrl\":\"https:\\\/\\\/www.lraloeverashop.eu\\\/wp-content\\\/uploads\\\/2022\\\/10\\\/Zeitgard-Pro-Adapter-and-Brush.jpg\",\"width\":1200,\"height\":1200,\"caption\":\"Zeitgard Pro Adapter und B\u00fcrste\"},{\"@type\":\"BreadcrumbList\",\"@id\":\"https:\\\/\\\/www.lraloeverashop.eu\\\/de\\\/produkt\\\/zeitgard-pro-adapter-mit-burste\\\/#breadcrumb\",\"itemListElement\":[{\"@type\":\"ListItem\",\"position\":1,\"name\":\"Home\",\"item\":\"https:\\\/\\\/www.lraloeverashop.eu\\\/de\\\/\"},{\"@type\":\"ListItem\",\"position\":2,\"name\":\"Shop\",\"item\":\"https:\\\/\\\/www.lraloeverashop.eu\\\/de\\\/shop-2\\\/\"},{\"@type\":\"ListItem\",\"position\":3,\"name\":\"Zeitgard Pro Adapter mit B\u00fcrste\"}]},{\"@type\":\"WebSite\",\"@id\":\"https:\\\/\\\/www.lraloeverashop.eu\\\/de\\\/#website\",\"url\":\"https:\\\/\\\/www.lraloeverashop.eu\\\/de\\\/\",\"name\":\"Lr Aloe Vera Shop\",\"description\":\"High Quality Lr Aloe Vera Gel, Aloe Vera Cream and Shampoo\",\"publisher\":{\"@id\":\"https:\\\/\\\/www.lraloeverashop.eu\\\/de\\\/#organization\"},\"potentialAction\":[{\"@type\":\"SearchAction\",\"target\":{\"@type\":\"EntryPoint\",\"urlTemplate\":\"https:\\\/\\\/www.lraloeverashop.eu\\\/de\\\/?s={search_term_string}\"},\"query-input\":{\"@type\":\"PropertyValueSpecification\",\"valueRequired\":true,\"valueName\":\"search_term_string\"}}],\"inLanguage\":\"de\"},{\"@type\":\"Organization\",\"@id\":\"https:\\\/\\\/www.lraloeverashop.eu\\\/de\\\/#organization\",\"name\":\"Lr Aloe Vera Shop\",\"alternateName\":\"LR\",\"url\":\"https:\\\/\\\/www.lraloeverashop.eu\\\/de\\\/\",\"logo\":{\"@type\":\"ImageObject\",\"inLanguage\":\"de\",\"@id\":\"https:\\\/\\\/www.lraloeverashop.eu\\\/de\\\/#\\\/schema\\\/logo\\\/image\\\/\",\"url\":\"https:\\\/\\\/www.lraloeverashop.eu\\\/wp-content\\\/uploads\\\/2022\\\/09\\\/cropped-Lr-Aloe-Vera-Shop.jpg\",\"contentUrl\":\"https:\\\/\\\/www.lraloeverashop.eu\\\/wp-content\\\/uploads\\\/2022\\\/09\\\/cropped-Lr-Aloe-Vera-Shop.jpg\",\"width\":228,\"height\":76,\"caption\":\"Lr Aloe Vera Shop\"},\"image\":{\"@id\":\"https:\\\/\\\/www.lraloeverashop.eu\\\/de\\\/#\\\/schema\\\/logo\\\/image\\\/\"},\"sameAs\":[\"https:\\\/\\\/www.facebook.com\\\/lraloeverashop.eu\",\"https:\\\/\\\/x.com\\\/natur__kosmetik\",\"https:\\\/\\\/www.youtube.com\\\/channel\\\/UC5oN7BJ8nfYb8RpVtjwDEBA\",\"https:\\\/\\\/www.instagram.com\\\/lrbeautyeu\\\/\"]}]}<\/script>\n<meta property=\"product:price:amount\" content=\"85.99\" \/>\n<meta property=\"product:price:currency\" content=\"EUR\" \/>\n<meta property=\"og:availability\" content=\"instock\" \/>\n<meta property=\"product:availability\" content=\"instock\" \/>\n<meta property=\"product:retailer_item_id\" content=\"70105-1DE\" \/>\n<meta property=\"product:condition\" content=\"new\" \/>\n<!-- \/ Yoast SEO Premium plugin. -->","yoast_head_json":{"title":"Zeitgard Zeitgard Pro Adapter mit B\u00fcrste zur Gesichtsreinigung","description":"Die einzelnen B\u00fcrstenfilamente im Zeitgard Pro Adapter mit B\u00fcrste bleiben dank MICROSILVER BG\u2122 bis zu 3 Monate hygienisch einwandfrei.","robots":{"index":"index","follow":"follow","max-snippet":"max-snippet:-1","max-image-preview":"max-image-preview:large","max-video-preview":"max-video-preview:-1"},"canonical":"https:\/\/www.lraloeverashop.eu\/de\/produkt\/zeitgard-pro-adapter-mit-burste\/","og_locale":"de_DE","og_type":"article","og_title":"Zeitgard Pro Adapter mit B\u00fcrste","og_description":"Die einzelnen B\u00fcrstenfilamente im Zeitgard Pro Adapter mit B\u00fcrste bleiben dank MICROSILVER BG\u2122 bis zu 3 Monate hygienisch einwandfrei.","og_url":"https:\/\/www.lraloeverashop.eu\/de\/produkt\/zeitgard-pro-adapter-mit-burste\/","og_site_name":"Lr Aloe Vera Shop","article_publisher":"https:\/\/www.facebook.com\/lraloeverashop.eu","article_modified_time":"2026-02-03T17:26:10+00:00","og_image":[{"width":1200,"height":1200,"url":"https:\/\/www.lraloeverashop.eu\/wp-content\/uploads\/2022\/10\/Zeitgard-Pro-Adapter-and-Brush.jpg","type":"image\/jpeg"}],"twitter_card":"summary_large_image","twitter_site":"@natur__kosmetik","schema":{"@context":"https:\/\/schema.org","@graph":[{"@type":["WebPage","ItemPage"],"@id":"https:\/\/www.lraloeverashop.eu\/de\/produkt\/zeitgard-pro-adapter-mit-burste\/","url":"https:\/\/www.lraloeverashop.eu\/de\/produkt\/zeitgard-pro-adapter-mit-burste\/","name":"Zeitgard Zeitgard Pro Adapter mit B\u00fcrste zur Gesichtsreinigung","isPartOf":{"@id":"https:\/\/www.lraloeverashop.eu\/de\/#website"},"primaryImageOfPage":{"@id":"https:\/\/www.lraloeverashop.eu\/de\/produkt\/zeitgard-pro-adapter-mit-burste\/#primaryimage"},"image":{"@id":"https:\/\/www.lraloeverashop.eu\/de\/produkt\/zeitgard-pro-adapter-mit-burste\/#primaryimage"},"thumbnailUrl":"https:\/\/www.lraloeverashop.eu\/wp-content\/uploads\/2022\/10\/Zeitgard-Pro-Adapter-and-Brush.jpg","datePublished":"2022-10-23T05:21:51+00:00","dateModified":"2026-02-03T17:26:10+00:00","description":"Die einzelnen B\u00fcrstenfilamente im Zeitgard Pro Adapter mit B\u00fcrste bleiben dank MICROSILVER BG\u2122 bis zu 3 Monate hygienisch einwandfrei.","breadcrumb":{"@id":"https:\/\/www.lraloeverashop.eu\/de\/produkt\/zeitgard-pro-adapter-mit-burste\/#breadcrumb"},"inLanguage":"de","potentialAction":[{"@type":"ReadAction","target":["https:\/\/www.lraloeverashop.eu\/de\/produkt\/zeitgard-pro-adapter-mit-burste\/"]}]},{"@type":"ImageObject","inLanguage":"de","@id":"https:\/\/www.lraloeverashop.eu\/de\/produkt\/zeitgard-pro-adapter-mit-burste\/#primaryimage","url":"https:\/\/www.lraloeverashop.eu\/wp-content\/uploads\/2022\/10\/Zeitgard-Pro-Adapter-and-Brush.jpg","contentUrl":"https:\/\/www.lraloeverashop.eu\/wp-content\/uploads\/2022\/10\/Zeitgard-Pro-Adapter-and-Brush.jpg","width":1200,"height":1200,"caption":"Zeitgard Pro Adapter und B\u00fcrste"},{"@type":"BreadcrumbList","@id":"https:\/\/www.lraloeverashop.eu\/de\/produkt\/zeitgard-pro-adapter-mit-burste\/#breadcrumb","itemListElement":[{"@type":"ListItem","position":1,"name":"Home","item":"https:\/\/www.lraloeverashop.eu\/de\/"},{"@type":"ListItem","position":2,"name":"Shop","item":"https:\/\/www.lraloeverashop.eu\/de\/shop-2\/"},{"@type":"ListItem","position":3,"name":"Zeitgard Pro Adapter mit B\u00fcrste"}]},{"@type":"WebSite","@id":"https:\/\/www.lraloeverashop.eu\/de\/#website","url":"https:\/\/www.lraloeverashop.eu\/de\/","name":"Lr Aloe Vera Shop","description":"High Quality Lr Aloe Vera Gel, Aloe Vera Cream and Shampoo","publisher":{"@id":"https:\/\/www.lraloeverashop.eu\/de\/#organization"},"potentialAction":[{"@type":"SearchAction","target":{"@type":"EntryPoint","urlTemplate":"https:\/\/www.lraloeverashop.eu\/de\/?s={search_term_string}"},"query-input":{"@type":"PropertyValueSpecification","valueRequired":true,"valueName":"search_term_string"}}],"inLanguage":"de"},{"@type":"Organization","@id":"https:\/\/www.lraloeverashop.eu\/de\/#organization","name":"Lr Aloe Vera Shop","alternateName":"LR","url":"https:\/\/www.lraloeverashop.eu\/de\/","logo":{"@type":"ImageObject","inLanguage":"de","@id":"https:\/\/www.lraloeverashop.eu\/de\/#\/schema\/logo\/image\/","url":"https:\/\/www.lraloeverashop.eu\/wp-content\/uploads\/2022\/09\/cropped-Lr-Aloe-Vera-Shop.jpg","contentUrl":"https:\/\/www.lraloeverashop.eu\/wp-content\/uploads\/2022\/09\/cropped-Lr-Aloe-Vera-Shop.jpg","width":228,"height":76,"caption":"Lr Aloe Vera Shop"},"image":{"@id":"https:\/\/www.lraloeverashop.eu\/de\/#\/schema\/logo\/image\/"},"sameAs":["https:\/\/www.facebook.com\/lraloeverashop.eu","https:\/\/x.com\/natur__kosmetik","https:\/\/www.youtube.com\/channel\/UC5oN7BJ8nfYb8RpVtjwDEBA","https:\/\/www.instagram.com\/lrbeautyeu\/"]}]},"product_price_amount":"85.99","product_price_currency":"EUR","og_availability":"instock","product_availability":"instock","product_retailer_item_id":"70105-1DE","product_condition":"new"},"taxonomy_info":{"product_cat":[{"value":267,"label":"Anti Aging Pflege"},{"value":357,"label":"Zeitgard Pro"}],"product_tag":[{"value":650,"label":"Gesichtsreinigung"}]},"featured_image_src_large":["https:\/\/www.lraloeverashop.eu\/wp-content\/uploads\/2022\/10\/Zeitgard-Pro-Adapter-and-Brush-1024x1024.jpg",1024,1024,true],"author_info":[],"comment_info":0,"_links":{"self":[{"href":"https:\/\/www.lraloeverashop.eu\/de\/wp-json\/wp\/v2\/product\/8706","targetHints":{"allow":["GET"]}}],"collection":[{"href":"https:\/\/www.lraloeverashop.eu\/de\/wp-json\/wp\/v2\/product"}],"about":[{"href":"https:\/\/www.lraloeverashop.eu\/de\/wp-json\/wp\/v2\/types\/product"}],"replies":[{"embeddable":true,"href":"https:\/\/www.lraloeverashop.eu\/de\/wp-json\/wp\/v2\/comments?post=8706"}],"wp:featuredmedia":[{"embeddable":true,"href":"https:\/\/www.lraloeverashop.eu\/de\/wp-json\/wp\/v2\/media\/6019"}],"wp:attachment":[{"href":"https:\/\/www.lraloeverashop.eu\/de\/wp-json\/wp\/v2\/media?parent=8706"}],"wp:term":[{"taxonomy":"product_brand","embeddable":true,"href":"https:\/\/www.lraloeverashop.eu\/de\/wp-json\/wp\/v2\/product_brand?post=8706"},{"taxonomy":"product_cat","embeddable":true,"href":"https:\/\/www.lraloeverashop.eu\/de\/wp-json\/wp\/v2\/product_cat?post=8706"},{"taxonomy":"product_tag","embeddable":true,"href":"https:\/\/www.lraloeverashop.eu\/de\/wp-json\/wp\/v2\/product_tag?post=8706"}],"curies":[{"name":"wp","href":"https:\/\/api.w.org\/{rel}","templated":true}]}}