{"id":8652,"date":"2022-12-03T18:43:25","date_gmt":"2022-12-03T17:43:25","guid":{"rendered":"https:\/\/www.lraloeverashop.eu\/product\/gesichtsserum-mit-aloe-vera\/"},"modified":"2026-02-03T18:24:54","modified_gmt":"2026-02-03T17:24:54","slug":"gesichtsserum-mit-aloe-vera","status":"publish","type":"product","link":"https:\/\/www.lraloeverashop.eu\/de\/produkt\/gesichtsserum-mit-aloe-vera\/","title":{"rendered":"Gesichtsserum Mit Aloe Vera"},"content":{"rendered":"<h2><span style=\"font-size: 16pt;\"><strong>Gesichtsserum Mit Aloe Vera<\/strong><\/span><\/h2>\n<p><span style=\"font-size: 16px;\"><strong>Gesichtsserum Mit Aloe Vera f\u00fcr ein frisches Aussehen den ganzen Tag<\/strong><\/span><\/p>\n<p>Das Aloe Vera 24 Stunden feuchtigkeitsspendende Gesichtsserum mit 50 % Aloe Vera Blattgel sorgt daf\u00fcr, dass die Haut optimal mit Feuchtigkeit versorgt wird. Das Feuchtigkeitsserum verleiht der <a href=\"https:\/\/www.lraloeverashop.eu\/de\/produkt\/aloe-vera-feuchtigkeitsspendende-koerperbalsam\/\">Haut<\/a> mehr Elastizit\u00e4t, Vitalit\u00e4t und eine frische Ausstrahlung. Die innovative Moisture Trap\u2122-Technologie unterst\u00fctzt die F\u00e4higkeit der Haut, Feuchtigkeit 24 Stunden lang zu binden und dient so als perfekte Basis f\u00fcr die Tagespflege.<\/p>\n<p>&nbsp;<\/p>\n<h3><strong><span style=\"font-size: 16pt;\">Anwendung<\/span><\/strong><\/h3>\n<p><strong>Schritt 1:<\/strong> Tragen Sie das Lr Gesichtsserum mit Aloe Vera einmal t\u00e4glich nach der Reinigung auf das Gesicht auf. Bei eher <a href=\"https:\/\/www.lraloeverashop.eu\/de\/produkt\/aloe-vera-cbd-gesichtsserum\/\">feuchtigkeitsarmer Haut<\/a> zweimal t\u00e4glich, z.B. morgens und abends nach der Reinigung.<\/p>\n<p><strong>Schritt 2:<\/strong> Tragen Sie die Lr Aloe Vera erfrischende Gel-Creme oder die Aloe Vera Tagescreme auf. F\u00fcr die Nacht ist die Aloe Vera Nachtcreme ideal zur Pflege.<\/p>\n<p>&nbsp;<\/p>\n<h4><strong><span style=\"font-size: 16pt;\">Wussten Sie schon?<\/span><\/strong><\/h4>\n<p>Vor einigen Jahren wurde die Aloe Vera auch f\u00fcr den Einsatz in Pflegeprodukten entdeckt. Mittlerweile sind die <a href=\"https:\/\/www.lraloeverashop.eu\/de\/produkt\/lr-beauty-elixir\/\">positiven Eigenschaften<\/a> der Pflanze fester Bestandteil der Pflegeprogramme vieler Menschen.<\/p>\n<p>Im Zuge unserer langj\u00e4hrigen Erfahrung in der Verarbeitung dieser vielseitigen Pflanze haben wir Verfahren entwickelt, um die wertvollen Inhaltsstoffe der Aloe Vera optimal in unseren Pflegeprodukten nutzen zu k\u00f6nnen. Dazu geh\u00f6rt zum Beispiel, dass <a href=\"https:\/\/shop.lrworld.com\/home\/de\/de?PHP=0vFlt7jT938BEnBI3a6e9w%3D%3D\">LR<\/a> nur Aloe Vera Pflanzen aus dem mexikanischen Hochland verarbeitet, die unter strikter Beachtung optimaler Wachstumsbedingungen angebaut werden. Die Ernte erfolgt ausschlie\u00dflich per Hand, um das wertvolle Blattfilet nicht zu besch\u00e4digen.<\/p>\n<p><strong>Gesichtsserum ist in Deutschland hergestellt. So stellen wir h\u00f6chste Qualit\u00e4t sicher.<\/strong><\/p>\n","protected":false},"excerpt":{"rendered":"<ul>\n<li>Mit 50 % Aloe Vera Blattgel und Bio-Olivenextrakt<\/li>\n<li>Sorgt f\u00fcr eine optimale Durchfeuchtung der Haut<\/li>\n<li>Hilft der Haut, Feuchtigkeit f\u00fcr 24 Stunden zu speichern<\/li>\n<li>F\u00fcr ein frisches Aussehen den ganzen Tag<\/li>\n<li>Verbesserung der Hautelastizit\u00e4t<\/li>\n<li>Menge: 30 ml<\/li>\n<\/ul>\n<p><span style=\"color: #ff0000;\"><a style=\"color: #ff0000;\" href=\"https:\/\/shop.lrworld.com\/openpao?PHP=0vFlt7jT938BEnBI3a6e9w%3D%3D\"><span style=\"font-size: 14pt;\"><strong>Hier registrieren und dauerhaft 35\u202f% sparen<\/strong><\/span><\/a><\/span><\/p>\n","protected":false},"featured_media":8461,"comment_status":"open","ping_status":"closed","template":"","meta":{"_kad_blocks_custom_css":"","_kad_blocks_head_custom_js":"","_kad_blocks_body_custom_js":"","_kad_blocks_footer_custom_js":"","_kadence_starter_templates_imported_post":false,"_kad_post_transparent":"default","_kad_post_title":"","_kad_post_layout":"default","_kad_post_sidebar_id":"","_kad_post_content_style":"default","_kad_post_vertical_padding":"default","_kad_post_feature":"","_kad_post_feature_position":"","_kad_post_header":false,"_kad_post_footer":false,"_kad_post_classname":""},"product_brand":[],"product_cat":[213,352,238],"product_tag":[594],"class_list":{"0":"post-8652","1":"product","2":"type-product","3":"status-publish","4":"has-post-thumbnail","6":"product_cat-aloe-vera-de","7":"product_cat-angebote","8":"product_cat-gesichtspflege","9":"product_tag-trockenes-gesicht","11":"first","12":"outofstock","13":"sale","14":"taxable","15":"shipping-taxable","16":"purchasable","17":"product-type-simple","18":"entry","19":"content-bg","20":"loop-entry"},"yoast_head":"<!-- This site is optimized with the Yoast SEO Premium plugin v27.3 (Yoast SEO v27.3) - https:\/\/yoast.com\/product\/yoast-seo-premium-wordpress\/ -->\n<title>Gesichtsserum mit Aloe Vera f\u00fcr frisches aussehen den ganzen Tag<\/title>\n<meta name=\"description\" content=\"Das Feuchtigkeitsspendende Gesichtsserum mit 50% Aloe Vera verbessert die Hautelastizit\u00e4t und hilft der Haut, Feuchtigkeit f\u00fcr 24 Stunden zu speichern.\" \/>\n<meta name=\"robots\" content=\"index, follow, max-snippet:-1, max-image-preview:large, max-video-preview:-1\" \/>\n<link rel=\"canonical\" href=\"https:\/\/www.lraloeverashop.eu\/de\/produkt\/gesichtsserum-mit-aloe-vera\/\" \/>\n<meta property=\"og:locale\" content=\"de_DE\" \/>\n<meta property=\"og:type\" content=\"article\" \/>\n<meta property=\"og:title\" content=\"Gesichtsserum Mit Aloe Vera\" \/>\n<meta property=\"og:description\" content=\"Das Feuchtigkeitsspendende Gesichtsserum mit 50% Aloe Vera verbessert die Hautelastizit\u00e4t und hilft der Haut, Feuchtigkeit f\u00fcr 24 Stunden zu speichern.\" \/>\n<meta property=\"og:url\" content=\"https:\/\/www.lraloeverashop.eu\/de\/produkt\/gesichtsserum-mit-aloe-vera\/\" \/>\n<meta property=\"og:site_name\" content=\"Lr Aloe Vera Shop\" \/>\n<meta property=\"article:publisher\" content=\"https:\/\/www.facebook.com\/lraloeverashop.eu\" \/>\n<meta property=\"article:modified_time\" content=\"2026-02-03T17:24:54+00:00\" \/>\n<meta property=\"og:image\" content=\"https:\/\/www.lraloeverashop.eu\/wp-content\/uploads\/2022\/12\/Aloe-Vera-Face-Serum.jpg\" \/>\n\t<meta property=\"og:image:width\" content=\"1200\" \/>\n\t<meta property=\"og:image:height\" content=\"1200\" \/>\n\t<meta property=\"og:image:type\" content=\"image\/jpeg\" \/>\n<meta name=\"twitter:card\" content=\"summary_large_image\" \/>\n<meta name=\"twitter:site\" content=\"@natur__kosmetik\" \/>\n<script type=\"application\/ld+json\" class=\"yoast-schema-graph\">{\"@context\":\"https:\\\/\\\/schema.org\",\"@graph\":[{\"@type\":[\"WebPage\",\"ItemPage\"],\"@id\":\"https:\\\/\\\/www.lraloeverashop.eu\\\/de\\\/produkt\\\/gesichtsserum-mit-aloe-vera\\\/\",\"url\":\"https:\\\/\\\/www.lraloeverashop.eu\\\/de\\\/produkt\\\/gesichtsserum-mit-aloe-vera\\\/\",\"name\":\"Gesichtsserum mit Aloe Vera f\u00fcr frisches aussehen den ganzen Tag\",\"isPartOf\":{\"@id\":\"https:\\\/\\\/www.lraloeverashop.eu\\\/de\\\/#website\"},\"primaryImageOfPage\":{\"@id\":\"https:\\\/\\\/www.lraloeverashop.eu\\\/de\\\/produkt\\\/gesichtsserum-mit-aloe-vera\\\/#primaryimage\"},\"image\":{\"@id\":\"https:\\\/\\\/www.lraloeverashop.eu\\\/de\\\/produkt\\\/gesichtsserum-mit-aloe-vera\\\/#primaryimage\"},\"thumbnailUrl\":\"https:\\\/\\\/www.lraloeverashop.eu\\\/wp-content\\\/uploads\\\/2022\\\/12\\\/Aloe-Vera-Face-Serum.jpg\",\"datePublished\":\"2022-12-03T17:43:25+00:00\",\"dateModified\":\"2026-02-03T17:24:54+00:00\",\"description\":\"Das Feuchtigkeitsspendende Gesichtsserum mit 50% Aloe Vera verbessert die Hautelastizit\u00e4t und hilft der Haut, Feuchtigkeit f\u00fcr 24 Stunden zu speichern.\",\"breadcrumb\":{\"@id\":\"https:\\\/\\\/www.lraloeverashop.eu\\\/de\\\/produkt\\\/gesichtsserum-mit-aloe-vera\\\/#breadcrumb\"},\"inLanguage\":\"de\",\"potentialAction\":[{\"@type\":\"ReadAction\",\"target\":[\"https:\\\/\\\/www.lraloeverashop.eu\\\/de\\\/produkt\\\/gesichtsserum-mit-aloe-vera\\\/\"]}]},{\"@type\":\"ImageObject\",\"inLanguage\":\"de\",\"@id\":\"https:\\\/\\\/www.lraloeverashop.eu\\\/de\\\/produkt\\\/gesichtsserum-mit-aloe-vera\\\/#primaryimage\",\"url\":\"https:\\\/\\\/www.lraloeverashop.eu\\\/wp-content\\\/uploads\\\/2022\\\/12\\\/Aloe-Vera-Face-Serum.jpg\",\"contentUrl\":\"https:\\\/\\\/www.lraloeverashop.eu\\\/wp-content\\\/uploads\\\/2022\\\/12\\\/Aloe-Vera-Face-Serum.jpg\",\"width\":1200,\"height\":1200,\"caption\":\"Aloe Vera Feuchtigkeitsspendendes Gesichtsserum\"},{\"@type\":\"BreadcrumbList\",\"@id\":\"https:\\\/\\\/www.lraloeverashop.eu\\\/de\\\/produkt\\\/gesichtsserum-mit-aloe-vera\\\/#breadcrumb\",\"itemListElement\":[{\"@type\":\"ListItem\",\"position\":1,\"name\":\"Home\",\"item\":\"https:\\\/\\\/www.lraloeverashop.eu\\\/de\\\/\"},{\"@type\":\"ListItem\",\"position\":2,\"name\":\"Shop\",\"item\":\"https:\\\/\\\/www.lraloeverashop.eu\\\/de\\\/shop-2\\\/\"},{\"@type\":\"ListItem\",\"position\":3,\"name\":\"Gesichtsserum Mit Aloe Vera\"}]},{\"@type\":\"WebSite\",\"@id\":\"https:\\\/\\\/www.lraloeverashop.eu\\\/de\\\/#website\",\"url\":\"https:\\\/\\\/www.lraloeverashop.eu\\\/de\\\/\",\"name\":\"Lr Aloe Vera Shop\",\"description\":\"High Quality Lr Aloe Vera Gel, Aloe Vera Cream and Shampoo\",\"publisher\":{\"@id\":\"https:\\\/\\\/www.lraloeverashop.eu\\\/de\\\/#organization\"},\"potentialAction\":[{\"@type\":\"SearchAction\",\"target\":{\"@type\":\"EntryPoint\",\"urlTemplate\":\"https:\\\/\\\/www.lraloeverashop.eu\\\/de\\\/?s={search_term_string}\"},\"query-input\":{\"@type\":\"PropertyValueSpecification\",\"valueRequired\":true,\"valueName\":\"search_term_string\"}}],\"inLanguage\":\"de\"},{\"@type\":\"Organization\",\"@id\":\"https:\\\/\\\/www.lraloeverashop.eu\\\/de\\\/#organization\",\"name\":\"Lr Aloe Vera Shop\",\"alternateName\":\"LR\",\"url\":\"https:\\\/\\\/www.lraloeverashop.eu\\\/de\\\/\",\"logo\":{\"@type\":\"ImageObject\",\"inLanguage\":\"de\",\"@id\":\"https:\\\/\\\/www.lraloeverashop.eu\\\/de\\\/#\\\/schema\\\/logo\\\/image\\\/\",\"url\":\"https:\\\/\\\/www.lraloeverashop.eu\\\/wp-content\\\/uploads\\\/2022\\\/09\\\/cropped-Lr-Aloe-Vera-Shop.jpg\",\"contentUrl\":\"https:\\\/\\\/www.lraloeverashop.eu\\\/wp-content\\\/uploads\\\/2022\\\/09\\\/cropped-Lr-Aloe-Vera-Shop.jpg\",\"width\":228,\"height\":76,\"caption\":\"Lr Aloe Vera Shop\"},\"image\":{\"@id\":\"https:\\\/\\\/www.lraloeverashop.eu\\\/de\\\/#\\\/schema\\\/logo\\\/image\\\/\"},\"sameAs\":[\"https:\\\/\\\/www.facebook.com\\\/lraloeverashop.eu\",\"https:\\\/\\\/x.com\\\/natur__kosmetik\",\"https:\\\/\\\/www.youtube.com\\\/channel\\\/UC5oN7BJ8nfYb8RpVtjwDEBA\",\"https:\\\/\\\/www.instagram.com\\\/lrbeautyeu\\\/\"]}]}<\/script>\n<meta property=\"product:price:amount\" content=\"19.99\" \/>\n<meta property=\"product:price:currency\" content=\"EUR\" \/>\n<meta property=\"og:availability\" content=\"out of stock\" \/>\n<meta property=\"product:availability\" content=\"out of stock\" \/>\n<meta property=\"product:retailer_item_id\" content=\"20685-201DE\" \/>\n<meta property=\"product:condition\" content=\"new\" \/>\n<!-- \/ Yoast SEO Premium plugin. -->","yoast_head_json":{"title":"Gesichtsserum mit Aloe Vera f\u00fcr frisches aussehen den ganzen Tag","description":"Das Feuchtigkeitsspendende Gesichtsserum mit 50% Aloe Vera verbessert die Hautelastizit\u00e4t und hilft der Haut, Feuchtigkeit f\u00fcr 24 Stunden zu speichern.","robots":{"index":"index","follow":"follow","max-snippet":"max-snippet:-1","max-image-preview":"max-image-preview:large","max-video-preview":"max-video-preview:-1"},"canonical":"https:\/\/www.lraloeverashop.eu\/de\/produkt\/gesichtsserum-mit-aloe-vera\/","og_locale":"de_DE","og_type":"article","og_title":"Gesichtsserum Mit Aloe Vera","og_description":"Das Feuchtigkeitsspendende Gesichtsserum mit 50% Aloe Vera verbessert die Hautelastizit\u00e4t und hilft der Haut, Feuchtigkeit f\u00fcr 24 Stunden zu speichern.","og_url":"https:\/\/www.lraloeverashop.eu\/de\/produkt\/gesichtsserum-mit-aloe-vera\/","og_site_name":"Lr Aloe Vera Shop","article_publisher":"https:\/\/www.facebook.com\/lraloeverashop.eu","article_modified_time":"2026-02-03T17:24:54+00:00","og_image":[{"width":1200,"height":1200,"url":"https:\/\/www.lraloeverashop.eu\/wp-content\/uploads\/2022\/12\/Aloe-Vera-Face-Serum.jpg","type":"image\/jpeg"}],"twitter_card":"summary_large_image","twitter_site":"@natur__kosmetik","schema":{"@context":"https:\/\/schema.org","@graph":[{"@type":["WebPage","ItemPage"],"@id":"https:\/\/www.lraloeverashop.eu\/de\/produkt\/gesichtsserum-mit-aloe-vera\/","url":"https:\/\/www.lraloeverashop.eu\/de\/produkt\/gesichtsserum-mit-aloe-vera\/","name":"Gesichtsserum mit Aloe Vera f\u00fcr frisches aussehen den ganzen Tag","isPartOf":{"@id":"https:\/\/www.lraloeverashop.eu\/de\/#website"},"primaryImageOfPage":{"@id":"https:\/\/www.lraloeverashop.eu\/de\/produkt\/gesichtsserum-mit-aloe-vera\/#primaryimage"},"image":{"@id":"https:\/\/www.lraloeverashop.eu\/de\/produkt\/gesichtsserum-mit-aloe-vera\/#primaryimage"},"thumbnailUrl":"https:\/\/www.lraloeverashop.eu\/wp-content\/uploads\/2022\/12\/Aloe-Vera-Face-Serum.jpg","datePublished":"2022-12-03T17:43:25+00:00","dateModified":"2026-02-03T17:24:54+00:00","description":"Das Feuchtigkeitsspendende Gesichtsserum mit 50% Aloe Vera verbessert die Hautelastizit\u00e4t und hilft der Haut, Feuchtigkeit f\u00fcr 24 Stunden zu speichern.","breadcrumb":{"@id":"https:\/\/www.lraloeverashop.eu\/de\/produkt\/gesichtsserum-mit-aloe-vera\/#breadcrumb"},"inLanguage":"de","potentialAction":[{"@type":"ReadAction","target":["https:\/\/www.lraloeverashop.eu\/de\/produkt\/gesichtsserum-mit-aloe-vera\/"]}]},{"@type":"ImageObject","inLanguage":"de","@id":"https:\/\/www.lraloeverashop.eu\/de\/produkt\/gesichtsserum-mit-aloe-vera\/#primaryimage","url":"https:\/\/www.lraloeverashop.eu\/wp-content\/uploads\/2022\/12\/Aloe-Vera-Face-Serum.jpg","contentUrl":"https:\/\/www.lraloeverashop.eu\/wp-content\/uploads\/2022\/12\/Aloe-Vera-Face-Serum.jpg","width":1200,"height":1200,"caption":"Aloe Vera Feuchtigkeitsspendendes Gesichtsserum"},{"@type":"BreadcrumbList","@id":"https:\/\/www.lraloeverashop.eu\/de\/produkt\/gesichtsserum-mit-aloe-vera\/#breadcrumb","itemListElement":[{"@type":"ListItem","position":1,"name":"Home","item":"https:\/\/www.lraloeverashop.eu\/de\/"},{"@type":"ListItem","position":2,"name":"Shop","item":"https:\/\/www.lraloeverashop.eu\/de\/shop-2\/"},{"@type":"ListItem","position":3,"name":"Gesichtsserum Mit Aloe Vera"}]},{"@type":"WebSite","@id":"https:\/\/www.lraloeverashop.eu\/de\/#website","url":"https:\/\/www.lraloeverashop.eu\/de\/","name":"Lr Aloe Vera Shop","description":"High Quality Lr Aloe Vera Gel, Aloe Vera Cream and Shampoo","publisher":{"@id":"https:\/\/www.lraloeverashop.eu\/de\/#organization"},"potentialAction":[{"@type":"SearchAction","target":{"@type":"EntryPoint","urlTemplate":"https:\/\/www.lraloeverashop.eu\/de\/?s={search_term_string}"},"query-input":{"@type":"PropertyValueSpecification","valueRequired":true,"valueName":"search_term_string"}}],"inLanguage":"de"},{"@type":"Organization","@id":"https:\/\/www.lraloeverashop.eu\/de\/#organization","name":"Lr Aloe Vera Shop","alternateName":"LR","url":"https:\/\/www.lraloeverashop.eu\/de\/","logo":{"@type":"ImageObject","inLanguage":"de","@id":"https:\/\/www.lraloeverashop.eu\/de\/#\/schema\/logo\/image\/","url":"https:\/\/www.lraloeverashop.eu\/wp-content\/uploads\/2022\/09\/cropped-Lr-Aloe-Vera-Shop.jpg","contentUrl":"https:\/\/www.lraloeverashop.eu\/wp-content\/uploads\/2022\/09\/cropped-Lr-Aloe-Vera-Shop.jpg","width":228,"height":76,"caption":"Lr Aloe Vera Shop"},"image":{"@id":"https:\/\/www.lraloeverashop.eu\/de\/#\/schema\/logo\/image\/"},"sameAs":["https:\/\/www.facebook.com\/lraloeverashop.eu","https:\/\/x.com\/natur__kosmetik","https:\/\/www.youtube.com\/channel\/UC5oN7BJ8nfYb8RpVtjwDEBA","https:\/\/www.instagram.com\/lrbeautyeu\/"]}]},"product_price_amount":"19.99","product_price_currency":"EUR","og_availability":"out of stock","product_availability":"out of stock","product_retailer_item_id":"20685-201DE","product_condition":"new"},"taxonomy_info":{"product_cat":[{"value":213,"label":"Aloe Vera"},{"value":352,"label":"Angebote"},{"value":238,"label":"Gesichtspflege"}],"product_tag":[{"value":594,"label":"Trockenes Gesicht"}]},"featured_image_src_large":["https:\/\/www.lraloeverashop.eu\/wp-content\/uploads\/2022\/12\/Aloe-Vera-Face-Serum-1024x1024.jpg",1024,1024,true],"author_info":[],"comment_info":0,"_links":{"self":[{"href":"https:\/\/www.lraloeverashop.eu\/de\/wp-json\/wp\/v2\/product\/8652","targetHints":{"allow":["GET"]}}],"collection":[{"href":"https:\/\/www.lraloeverashop.eu\/de\/wp-json\/wp\/v2\/product"}],"about":[{"href":"https:\/\/www.lraloeverashop.eu\/de\/wp-json\/wp\/v2\/types\/product"}],"replies":[{"embeddable":true,"href":"https:\/\/www.lraloeverashop.eu\/de\/wp-json\/wp\/v2\/comments?post=8652"}],"wp:featuredmedia":[{"embeddable":true,"href":"https:\/\/www.lraloeverashop.eu\/de\/wp-json\/wp\/v2\/media\/8461"}],"wp:attachment":[{"href":"https:\/\/www.lraloeverashop.eu\/de\/wp-json\/wp\/v2\/media?parent=8652"}],"wp:term":[{"taxonomy":"product_brand","embeddable":true,"href":"https:\/\/www.lraloeverashop.eu\/de\/wp-json\/wp\/v2\/product_brand?post=8652"},{"taxonomy":"product_cat","embeddable":true,"href":"https:\/\/www.lraloeverashop.eu\/de\/wp-json\/wp\/v2\/product_cat?post=8652"},{"taxonomy":"product_tag","embeddable":true,"href":"https:\/\/www.lraloeverashop.eu\/de\/wp-json\/wp\/v2\/product_tag?post=8652"}],"curies":[{"name":"wp","href":"https:\/\/api.w.org\/{rel}","templated":true}]}}