{"id":8628,"date":"2022-12-03T19:35:56","date_gmt":"2022-12-03T18:35:56","guid":{"rendered":"https:\/\/www.lraloeverashop.eu\/product\/sonnenmilch-lsf-50\/"},"modified":"2026-02-03T18:24:36","modified_gmt":"2026-02-03T17:24:36","slug":"sonnenmilch-lsf-50","status":"publish","type":"product","link":"https:\/\/www.lraloeverashop.eu\/de\/produkt\/sonnenmilch-lsf-50\/","title":{"rendered":"Sonnenmilch LSF 50 mit Aloe Vera"},"content":{"rendered":"<h2><span style=\"font-size: 16pt;\"><strong>Sonnenmilch LSF 50 mit Aloe Vera<\/strong><\/span><\/h2>\n<p><span style=\"font-size: 16px;\"><strong>Sonnenmilch LSF 50 mit hohem Sonnenschutz f\u00fcr empfindliche Hauttypen<\/strong><\/span><\/p>\n<p>Das sch\u00f6ne Wetter ruft, die Badetasche ist gepackt! Haben Sie auch an Sonnenschutz gedacht? Gerade Menschen mit empfindlicher, zu Sonnenbrand neigender Haut und Kinder brauchen zuverl\u00e4ssigen Sonnenschutz mit m\u00f6glichst hohem Lichtschutzfaktor. Der ideale Begleiter an hei\u00dfen Sommertagen: die Aloe Vera Sonnenmilch LSF 50.<\/p>\n<p>Dank des hohen Lichtschutzfaktors und 40 % Aloe Vera Pflegekomponenten sch\u00fctzt und pflegt die Aloe Vera Sonnenlotion LSF 50 empfindliche Haut ideal an hei\u00dfen Sommertagen. Ananas ist bekannt f\u00fcr ihre Enzyme, Mineralien und Vitamine, die die <a href=\"https:\/\/www.lraloeverashop.eu\/de\/aloe-vera-tagescreme\/\">Regeneration der Haut<\/a> unterst\u00fctzen k\u00f6nnen.<\/p>\n<p>Die innovative Dry-Touch-Textur sorgt daf\u00fcr, dass die Lotion schnell einzieht, nicht gl\u00e4nzt, nicht klebt und keine wei\u00dfen R\u00fcckst\u00e4nde auf der Haut hinterl\u00e4sst.<\/p>\n<p>&nbsp;<\/p>\n<h3><strong><span style=\"font-size: 16pt;\">Anwendung<\/span><\/strong><\/h3>\n<p>Mindestens 30 Minuten vor dem Sonnenbad <a href=\"https:\/\/www.lraloeverashop.eu\/de\/produkt\/aloe-vera-sonnenmilch-spray-lsf-30\/\">Sonnenlotion<\/a> gro\u00dfz\u00fcgig auftragen. Bei Bedarf auff\u00fcllen.<\/p>\n<p>&nbsp;<\/p>\n<h4><strong><span style=\"font-size: 16pt;\">Wussten Sie schon?<\/span><\/strong><\/h4>\n<p>Der Lichtschutzfaktor gibt an, wie viel l\u00e4nger man sich mit <a href=\"https:\/\/www.lraloeverashop.eu\/de\/produkt\/aloe-vera-anti-aging-sonnencreme-lsf-50\/\">Sonnencreme<\/a> theoretisch ohne Sonnenbrand sonnen kann als ohne Sonnencreme.<\/p>\n<p>Sie k\u00f6nnen berechnen: LSF * Selbstschutzzeit. Wenn Ihre Selbstschutzzeit beispielsweise 5 Minuten betr\u00e4gt, berechnen Sie: 20 x 5 Minuten = 100 Minuten.<br \/>\nWichtig: Jeder Hauttyp ist anders und so auch die Sonneneinstrahlung. Sonnenmilch LSF 50 ersetzt keinen Regenschirm, T-Shirt oder Sonnenhut.<\/p>\n<p>Um sich auch vor langfristigen Sonnensch\u00e4den zu sch\u00fctzen, sollten Sie die Sonnenschutzzeit nie voll ausnutzen und \u00f6fter den Schatten aufsuchen.<\/p>\n","protected":false},"excerpt":{"rendered":"<ul>\n<li>Wasserfeste Lotion f\u00fcr helle, empfindliche Hauttypen<\/li>\n<li>Mit 40 % Aloe Vera und Bio-Ananasextrakt<\/li>\n<li>Sch\u00fctzt die Haut vor UVA- und UVB-Strahlen<\/li>\n<li>Pflegt intensiv und spendet Feuchtigkeit<\/li>\n<li>Mit Dry-Touch-Effekt: zieht schnell ein, gl\u00e4nzt nicht, klebt nicht, wei\u00dft nicht auf<\/li>\n<li>Menge: 75 ml<\/li>\n<\/ul>\n<p><span style=\"color: #ff0000;\"><a style=\"color: #ff0000;\" href=\"https:\/\/shop.lrworld.com\/openpao?PHP=0vFlt7jT938BEnBI3a6e9w%3D%3D\"><span style=\"font-size: 14pt;\"><strong>Hier registrieren und dauerhaft 35\u202f% sparen<\/strong><\/span><\/a><\/span><\/p>\n","protected":false},"featured_media":8468,"comment_status":"open","ping_status":"closed","template":"","meta":{"_kad_blocks_custom_css":"","_kad_blocks_head_custom_js":"","_kad_blocks_body_custom_js":"","_kad_blocks_footer_custom_js":"","_kadence_starter_templates_imported_post":false,"_kad_post_transparent":"default","_kad_post_title":"","_kad_post_layout":"default","_kad_post_sidebar_id":"","_kad_post_content_style":"default","_kad_post_vertical_padding":"default","_kad_post_feature":"","_kad_post_feature_position":"","_kad_post_header":false,"_kad_post_footer":false,"_kad_post_classname":""},"product_brand":[],"product_cat":[213,1007],"product_tag":[1014],"class_list":{"0":"post-8628","1":"product","2":"type-product","3":"status-publish","4":"has-post-thumbnail","6":"product_cat-aloe-vera-de","7":"product_cat-sonnenschutz","8":"product_tag-sonnencreme","10":"first","11":"instock","12":"taxable","13":"shipping-taxable","14":"purchasable","15":"product-type-simple","16":"entry","17":"content-bg","18":"loop-entry"},"yoast_head":"<!-- This site is optimized with the Yoast SEO Premium plugin v27.4 (Yoast SEO v27.4) - https:\/\/yoast.com\/product\/yoast-seo-premium-wordpress\/ -->\n<title>Sonnenmilch LSF 50 f\u00fcr empfindliche Hauttypen.<\/title>\n<meta name=\"description\" content=\"Sonnenmilch LSF 50 mit 40% Aloe Vera und hohem Sonnenschutz f\u00fcr empfindliche Hauttypen. Pflegt intensiv und spendet Feuchtigkeit Mit Bio-Ananasextrakt\" \/>\n<meta name=\"robots\" content=\"index, follow, max-snippet:-1, max-image-preview:large, max-video-preview:-1\" \/>\n<link rel=\"canonical\" href=\"https:\/\/www.lraloeverashop.eu\/de\/produkt\/sonnenmilch-lsf-50\/\" \/>\n<meta property=\"og:locale\" content=\"de_DE\" \/>\n<meta property=\"og:type\" content=\"article\" \/>\n<meta property=\"og:title\" content=\"Sonnenmilch LSF 50 mit Aloe Vera\" \/>\n<meta property=\"og:description\" content=\"Sonnenmilch LSF 50 mit 40% Aloe Vera und hohem Sonnenschutz f\u00fcr empfindliche Hauttypen. Pflegt intensiv und spendet Feuchtigkeit Mit Bio-Ananasextrakt\" \/>\n<meta property=\"og:url\" content=\"https:\/\/www.lraloeverashop.eu\/de\/produkt\/sonnenmilch-lsf-50\/\" \/>\n<meta property=\"og:site_name\" content=\"Lr Aloe Vera Shop\" \/>\n<meta property=\"article:publisher\" content=\"https:\/\/www.facebook.com\/lraloeverashop.eu\" \/>\n<meta property=\"article:modified_time\" content=\"2026-02-03T17:24:36+00:00\" \/>\n<meta property=\"og:image\" content=\"https:\/\/www.lraloeverashop.eu\/wp-content\/uploads\/2022\/12\/Aloe-Vera-High-Protection-Sun-Lotion.jpg\" \/>\n\t<meta property=\"og:image:width\" content=\"1200\" \/>\n\t<meta property=\"og:image:height\" content=\"1200\" \/>\n\t<meta property=\"og:image:type\" content=\"image\/jpeg\" \/>\n<meta name=\"twitter:card\" content=\"summary_large_image\" \/>\n<meta name=\"twitter:site\" content=\"@natur__kosmetik\" \/>\n<script type=\"application\/ld+json\" class=\"yoast-schema-graph\">{\"@context\":\"https:\\\/\\\/schema.org\",\"@graph\":[{\"@type\":[\"WebPage\",\"ItemPage\"],\"@id\":\"https:\\\/\\\/www.lraloeverashop.eu\\\/de\\\/produkt\\\/sonnenmilch-lsf-50\\\/\",\"url\":\"https:\\\/\\\/www.lraloeverashop.eu\\\/de\\\/produkt\\\/sonnenmilch-lsf-50\\\/\",\"name\":\"Sonnenmilch LSF 50 f\u00fcr empfindliche Hauttypen.\",\"isPartOf\":{\"@id\":\"https:\\\/\\\/www.lraloeverashop.eu\\\/de\\\/#website\"},\"primaryImageOfPage\":{\"@id\":\"https:\\\/\\\/www.lraloeverashop.eu\\\/de\\\/produkt\\\/sonnenmilch-lsf-50\\\/#primaryimage\"},\"image\":{\"@id\":\"https:\\\/\\\/www.lraloeverashop.eu\\\/de\\\/produkt\\\/sonnenmilch-lsf-50\\\/#primaryimage\"},\"thumbnailUrl\":\"https:\\\/\\\/www.lraloeverashop.eu\\\/wp-content\\\/uploads\\\/2022\\\/12\\\/Aloe-Vera-High-Protection-Sun-Lotion.jpg\",\"datePublished\":\"2022-12-03T18:35:56+00:00\",\"dateModified\":\"2026-02-03T17:24:36+00:00\",\"description\":\"Sonnenmilch LSF 50 mit 40% Aloe Vera und hohem Sonnenschutz f\u00fcr empfindliche Hauttypen. Pflegt intensiv und spendet Feuchtigkeit Mit Bio-Ananasextrakt\",\"breadcrumb\":{\"@id\":\"https:\\\/\\\/www.lraloeverashop.eu\\\/de\\\/produkt\\\/sonnenmilch-lsf-50\\\/#breadcrumb\"},\"inLanguage\":\"de\",\"potentialAction\":[{\"@type\":\"ReadAction\",\"target\":[\"https:\\\/\\\/www.lraloeverashop.eu\\\/de\\\/produkt\\\/sonnenmilch-lsf-50\\\/\"]}]},{\"@type\":\"ImageObject\",\"inLanguage\":\"de\",\"@id\":\"https:\\\/\\\/www.lraloeverashop.eu\\\/de\\\/produkt\\\/sonnenmilch-lsf-50\\\/#primaryimage\",\"url\":\"https:\\\/\\\/www.lraloeverashop.eu\\\/wp-content\\\/uploads\\\/2022\\\/12\\\/Aloe-Vera-High-Protection-Sun-Lotion.jpg\",\"contentUrl\":\"https:\\\/\\\/www.lraloeverashop.eu\\\/wp-content\\\/uploads\\\/2022\\\/12\\\/Aloe-Vera-High-Protection-Sun-Lotion.jpg\",\"width\":1200,\"height\":1200,\"caption\":\"Aloe Vera High Protection Sonnenlotion LSF 50\"},{\"@type\":\"BreadcrumbList\",\"@id\":\"https:\\\/\\\/www.lraloeverashop.eu\\\/de\\\/produkt\\\/sonnenmilch-lsf-50\\\/#breadcrumb\",\"itemListElement\":[{\"@type\":\"ListItem\",\"position\":1,\"name\":\"Home\",\"item\":\"https:\\\/\\\/www.lraloeverashop.eu\\\/de\\\/\"},{\"@type\":\"ListItem\",\"position\":2,\"name\":\"Shop\",\"item\":\"https:\\\/\\\/www.lraloeverashop.eu\\\/de\\\/shop-2\\\/\"},{\"@type\":\"ListItem\",\"position\":3,\"name\":\"Sonnenmilch LSF 50 mit Aloe Vera\"}]},{\"@type\":\"WebSite\",\"@id\":\"https:\\\/\\\/www.lraloeverashop.eu\\\/de\\\/#website\",\"url\":\"https:\\\/\\\/www.lraloeverashop.eu\\\/de\\\/\",\"name\":\"Lr Aloe Vera Shop\",\"description\":\"High Quality Lr Aloe Vera Gel, Aloe Vera Cream and Shampoo\",\"publisher\":{\"@id\":\"https:\\\/\\\/www.lraloeverashop.eu\\\/de\\\/#organization\"},\"potentialAction\":[{\"@type\":\"SearchAction\",\"target\":{\"@type\":\"EntryPoint\",\"urlTemplate\":\"https:\\\/\\\/www.lraloeverashop.eu\\\/de\\\/?s={search_term_string}\"},\"query-input\":{\"@type\":\"PropertyValueSpecification\",\"valueRequired\":true,\"valueName\":\"search_term_string\"}}],\"inLanguage\":\"de\"},{\"@type\":\"Organization\",\"@id\":\"https:\\\/\\\/www.lraloeverashop.eu\\\/de\\\/#organization\",\"name\":\"Lr Aloe Vera Shop\",\"alternateName\":\"LR\",\"url\":\"https:\\\/\\\/www.lraloeverashop.eu\\\/de\\\/\",\"logo\":{\"@type\":\"ImageObject\",\"inLanguage\":\"de\",\"@id\":\"https:\\\/\\\/www.lraloeverashop.eu\\\/de\\\/#\\\/schema\\\/logo\\\/image\\\/\",\"url\":\"https:\\\/\\\/www.lraloeverashop.eu\\\/wp-content\\\/uploads\\\/2022\\\/09\\\/cropped-Lr-Aloe-Vera-Shop.jpg\",\"contentUrl\":\"https:\\\/\\\/www.lraloeverashop.eu\\\/wp-content\\\/uploads\\\/2022\\\/09\\\/cropped-Lr-Aloe-Vera-Shop.jpg\",\"width\":228,\"height\":76,\"caption\":\"Lr Aloe Vera Shop\"},\"image\":{\"@id\":\"https:\\\/\\\/www.lraloeverashop.eu\\\/de\\\/#\\\/schema\\\/logo\\\/image\\\/\"},\"sameAs\":[\"https:\\\/\\\/www.facebook.com\\\/lraloeverashop.eu\",\"https:\\\/\\\/x.com\\\/natur__kosmetik\",\"https:\\\/\\\/www.youtube.com\\\/channel\\\/UC5oN7BJ8nfYb8RpVtjwDEBA\",\"https:\\\/\\\/www.instagram.com\\\/lrbeautyeu\\\/\"],\"description\":\"LR Aloe Vera Shop ist Ihre vertrauensw\u00fcrdige Adresse f\u00fcr hochwertige LR Health & Beauty Produkte aus Deutschland. Wir bieten Ihnen erstklassige Aloe Vera Hautpflege, N\u00e4hrstoffe und Anti-Aging-Produkte mit reinen Inhaltsstoffen, die auf wissenschaftlichen Erkenntnissen basieren. Entdecken Sie nat\u00fcrliche Pflege, die Ihre Haut regeneriert, sch\u00fctzt und revitalisiert \u2013 und profitieren Sie von exklusiven Monatsangeboten auf unsere Bestseller von LR Aloe Vera. Starten Sie noch heute Ihre Reise zu nat\u00fcrlicher Hautpflege und sp\u00fcren Sie den Unterschied.\",\"email\":\"info@lraloeverashop.eu\",\"telephone\":\"+49 17670609653\",\"legalName\":\"Lr Aloe Vera Shop\",\"foundingDate\":\"2018-04-21\",\"numberOfEmployees\":{\"@type\":\"QuantitativeValue\",\"minValue\":\"1\",\"maxValue\":\"10\"}}]}<\/script>\n<meta property=\"product:price:amount\" content=\"33.99\" \/>\n<meta property=\"product:price:currency\" content=\"EUR\" \/>\n<meta property=\"og:availability\" content=\"instock\" \/>\n<meta property=\"product:availability\" content=\"instock\" \/>\n<meta property=\"product:retailer_item_id\" content=\"23113-101DE\" \/>\n<meta property=\"product:condition\" content=\"new\" \/>\n<!-- \/ Yoast SEO Premium plugin. -->","yoast_head_json":{"title":"Sonnenmilch LSF 50 f\u00fcr empfindliche Hauttypen.","description":"Sonnenmilch LSF 50 mit 40% Aloe Vera und hohem Sonnenschutz f\u00fcr empfindliche Hauttypen. Pflegt intensiv und spendet Feuchtigkeit Mit Bio-Ananasextrakt","robots":{"index":"index","follow":"follow","max-snippet":"max-snippet:-1","max-image-preview":"max-image-preview:large","max-video-preview":"max-video-preview:-1"},"canonical":"https:\/\/www.lraloeverashop.eu\/de\/produkt\/sonnenmilch-lsf-50\/","og_locale":"de_DE","og_type":"article","og_title":"Sonnenmilch LSF 50 mit Aloe Vera","og_description":"Sonnenmilch LSF 50 mit 40% Aloe Vera und hohem Sonnenschutz f\u00fcr empfindliche Hauttypen. Pflegt intensiv und spendet Feuchtigkeit Mit Bio-Ananasextrakt","og_url":"https:\/\/www.lraloeverashop.eu\/de\/produkt\/sonnenmilch-lsf-50\/","og_site_name":"Lr Aloe Vera Shop","article_publisher":"https:\/\/www.facebook.com\/lraloeverashop.eu","article_modified_time":"2026-02-03T17:24:36+00:00","og_image":[{"width":1200,"height":1200,"url":"https:\/\/www.lraloeverashop.eu\/wp-content\/uploads\/2022\/12\/Aloe-Vera-High-Protection-Sun-Lotion.jpg","type":"image\/jpeg"}],"twitter_card":"summary_large_image","twitter_site":"@natur__kosmetik","schema":{"@context":"https:\/\/schema.org","@graph":[{"@type":["WebPage","ItemPage"],"@id":"https:\/\/www.lraloeverashop.eu\/de\/produkt\/sonnenmilch-lsf-50\/","url":"https:\/\/www.lraloeverashop.eu\/de\/produkt\/sonnenmilch-lsf-50\/","name":"Sonnenmilch LSF 50 f\u00fcr empfindliche Hauttypen.","isPartOf":{"@id":"https:\/\/www.lraloeverashop.eu\/de\/#website"},"primaryImageOfPage":{"@id":"https:\/\/www.lraloeverashop.eu\/de\/produkt\/sonnenmilch-lsf-50\/#primaryimage"},"image":{"@id":"https:\/\/www.lraloeverashop.eu\/de\/produkt\/sonnenmilch-lsf-50\/#primaryimage"},"thumbnailUrl":"https:\/\/www.lraloeverashop.eu\/wp-content\/uploads\/2022\/12\/Aloe-Vera-High-Protection-Sun-Lotion.jpg","datePublished":"2022-12-03T18:35:56+00:00","dateModified":"2026-02-03T17:24:36+00:00","description":"Sonnenmilch LSF 50 mit 40% Aloe Vera und hohem Sonnenschutz f\u00fcr empfindliche Hauttypen. Pflegt intensiv und spendet Feuchtigkeit Mit Bio-Ananasextrakt","breadcrumb":{"@id":"https:\/\/www.lraloeverashop.eu\/de\/produkt\/sonnenmilch-lsf-50\/#breadcrumb"},"inLanguage":"de","potentialAction":[{"@type":"ReadAction","target":["https:\/\/www.lraloeverashop.eu\/de\/produkt\/sonnenmilch-lsf-50\/"]}]},{"@type":"ImageObject","inLanguage":"de","@id":"https:\/\/www.lraloeverashop.eu\/de\/produkt\/sonnenmilch-lsf-50\/#primaryimage","url":"https:\/\/www.lraloeverashop.eu\/wp-content\/uploads\/2022\/12\/Aloe-Vera-High-Protection-Sun-Lotion.jpg","contentUrl":"https:\/\/www.lraloeverashop.eu\/wp-content\/uploads\/2022\/12\/Aloe-Vera-High-Protection-Sun-Lotion.jpg","width":1200,"height":1200,"caption":"Aloe Vera High Protection Sonnenlotion LSF 50"},{"@type":"BreadcrumbList","@id":"https:\/\/www.lraloeverashop.eu\/de\/produkt\/sonnenmilch-lsf-50\/#breadcrumb","itemListElement":[{"@type":"ListItem","position":1,"name":"Home","item":"https:\/\/www.lraloeverashop.eu\/de\/"},{"@type":"ListItem","position":2,"name":"Shop","item":"https:\/\/www.lraloeverashop.eu\/de\/shop-2\/"},{"@type":"ListItem","position":3,"name":"Sonnenmilch LSF 50 mit Aloe Vera"}]},{"@type":"WebSite","@id":"https:\/\/www.lraloeverashop.eu\/de\/#website","url":"https:\/\/www.lraloeverashop.eu\/de\/","name":"Lr Aloe Vera Shop","description":"High Quality Lr Aloe Vera Gel, Aloe Vera Cream and Shampoo","publisher":{"@id":"https:\/\/www.lraloeverashop.eu\/de\/#organization"},"potentialAction":[{"@type":"SearchAction","target":{"@type":"EntryPoint","urlTemplate":"https:\/\/www.lraloeverashop.eu\/de\/?s={search_term_string}"},"query-input":{"@type":"PropertyValueSpecification","valueRequired":true,"valueName":"search_term_string"}}],"inLanguage":"de"},{"@type":"Organization","@id":"https:\/\/www.lraloeverashop.eu\/de\/#organization","name":"Lr Aloe Vera Shop","alternateName":"LR","url":"https:\/\/www.lraloeverashop.eu\/de\/","logo":{"@type":"ImageObject","inLanguage":"de","@id":"https:\/\/www.lraloeverashop.eu\/de\/#\/schema\/logo\/image\/","url":"https:\/\/www.lraloeverashop.eu\/wp-content\/uploads\/2022\/09\/cropped-Lr-Aloe-Vera-Shop.jpg","contentUrl":"https:\/\/www.lraloeverashop.eu\/wp-content\/uploads\/2022\/09\/cropped-Lr-Aloe-Vera-Shop.jpg","width":228,"height":76,"caption":"Lr Aloe Vera Shop"},"image":{"@id":"https:\/\/www.lraloeverashop.eu\/de\/#\/schema\/logo\/image\/"},"sameAs":["https:\/\/www.facebook.com\/lraloeverashop.eu","https:\/\/x.com\/natur__kosmetik","https:\/\/www.youtube.com\/channel\/UC5oN7BJ8nfYb8RpVtjwDEBA","https:\/\/www.instagram.com\/lrbeautyeu\/"],"description":"LR Aloe Vera Shop ist Ihre vertrauensw\u00fcrdige Adresse f\u00fcr hochwertige LR Health & Beauty Produkte aus Deutschland. Wir bieten Ihnen erstklassige Aloe Vera Hautpflege, N\u00e4hrstoffe und Anti-Aging-Produkte mit reinen Inhaltsstoffen, die auf wissenschaftlichen Erkenntnissen basieren. Entdecken Sie nat\u00fcrliche Pflege, die Ihre Haut regeneriert, sch\u00fctzt und revitalisiert \u2013 und profitieren Sie von exklusiven Monatsangeboten auf unsere Bestseller von LR Aloe Vera. Starten Sie noch heute Ihre Reise zu nat\u00fcrlicher Hautpflege und sp\u00fcren Sie den Unterschied.","email":"info@lraloeverashop.eu","telephone":"+49 17670609653","legalName":"Lr Aloe Vera Shop","foundingDate":"2018-04-21","numberOfEmployees":{"@type":"QuantitativeValue","minValue":"1","maxValue":"10"}}]},"product_price_amount":"33.99","product_price_currency":"EUR","og_availability":"instock","product_availability":"instock","product_retailer_item_id":"23113-101DE","product_condition":"new"},"taxonomy_info":{"product_cat":[{"value":213,"label":"Aloe Vera"},{"value":1007,"label":"Sonnenschutz"}],"product_tag":[{"value":1014,"label":"Sonnencreme"}]},"featured_image_src_large":["https:\/\/www.lraloeverashop.eu\/wp-content\/uploads\/2022\/12\/Aloe-Vera-High-Protection-Sun-Lotion-1024x1024.jpg",1024,1024,true],"author_info":[],"comment_info":0,"_links":{"self":[{"href":"https:\/\/www.lraloeverashop.eu\/de\/wp-json\/wp\/v2\/product\/8628","targetHints":{"allow":["GET"]}}],"collection":[{"href":"https:\/\/www.lraloeverashop.eu\/de\/wp-json\/wp\/v2\/product"}],"about":[{"href":"https:\/\/www.lraloeverashop.eu\/de\/wp-json\/wp\/v2\/types\/product"}],"replies":[{"embeddable":true,"href":"https:\/\/www.lraloeverashop.eu\/de\/wp-json\/wp\/v2\/comments?post=8628"}],"wp:featuredmedia":[{"embeddable":true,"href":"https:\/\/www.lraloeverashop.eu\/de\/wp-json\/wp\/v2\/media\/8468"}],"wp:attachment":[{"href":"https:\/\/www.lraloeverashop.eu\/de\/wp-json\/wp\/v2\/media?parent=8628"}],"wp:term":[{"taxonomy":"product_brand","embeddable":true,"href":"https:\/\/www.lraloeverashop.eu\/de\/wp-json\/wp\/v2\/product_brand?post=8628"},{"taxonomy":"product_cat","embeddable":true,"href":"https:\/\/www.lraloeverashop.eu\/de\/wp-json\/wp\/v2\/product_cat?post=8628"},{"taxonomy":"product_tag","embeddable":true,"href":"https:\/\/www.lraloeverashop.eu\/de\/wp-json\/wp\/v2\/product_tag?post=8628"}],"curies":[{"name":"wp","href":"https:\/\/api.w.org\/{rel}","templated":true}]}}