{"id":8614,"date":"2022-12-03T19:57:24","date_gmt":"2022-12-03T18:57:24","guid":{"rendered":"https:\/\/www.lraloeverashop.eu\/product\/sonnenspray-fur-kinder-lsf-50\/"},"modified":"2026-02-03T18:24:26","modified_gmt":"2026-02-03T17:24:26","slug":"sonnenspray-fur-kinder-lsf-50","status":"publish","type":"product","link":"https:\/\/www.lraloeverashop.eu\/de\/produkt\/sonnenspray-fur-kinder-lsf-50\/","title":{"rendered":"Sonnenspray f\u00fcr Kinder LSF 50"},"content":{"rendered":"<h2><span style=\"font-size: 16pt;\"><strong>Sonnenspray f\u00fcr Kinder LSF 50<\/strong><\/span><\/h2>\n<p><span style=\"font-size: 16px;\"><strong>Sonnenspray f\u00fcr Kinder LSF 50 Pflegt intensiv und spendet Feuchtigkeit<\/strong><\/span><\/p>\n<p>Wasserfester UVA\/UVB-Schutz mit Lichtschutzfaktor 50, der besonders mild f\u00fcr die empfindliche Kinderhaut ist. Die leichte Spr\u00fchformel gleitet leicht \u00fcber nasse oder trockene Haut.<\/p>\n<p>Mit 40 % Aloe Vera ist es besonders gut f\u00fcr empfindliche Haut: Sonnenspray f\u00fcr Kinder LSF 50 spendet intensive Feuchtigkeit und unterst\u00fctzt die Regeneration der Haut. Ananas ist bekannt f\u00fcr ihre Enzyme, <a href=\"https:\/\/www.lraloeverashop.eu\/de\/produkt\/aloe-vera-trinkgel-immune-plus\/\">Mineralien und Vitamine<\/a>, die die Regeneration der Haut unterst\u00fctzen k\u00f6nnen.<\/p>\n<p>&nbsp;<\/p>\n<h3><strong><span style=\"font-size: 16pt;\">Anwendung<\/span><\/strong><\/h3>\n<p>Tragen Sie Aloe Vera Sonnenspray 30 Minuten vor dem Sonnenbad auf. Das Kinder-Sonnenmilchspray l\u00e4sst sich auch beim Plantschen auf nasser <a href=\"https:\/\/www.lraloeverashop.eu\/de\/produkt\/aloe-vera-haar-koerper-set\/\">Haut erfrischen<\/a>.<\/p>\n<p>Achtung: Das Aloe Vera Sonnenspray f\u00fcr Kinder LSF 50 steht unter Druck. Vor direkter Sonneneinstrahlung und Temperaturen \u00fcber 50\u00b0C sch\u00fctzen. Nach Gebrauch nicht \u00f6ffnen oder in Brand setzen. Nicht gegen eine offene Flamme oder auf gl\u00fchendes Material spr\u00fchen. Von Z\u00fcndquellen fernhalten \u2013 Nicht rauchen. Au\u00dferhalb der Reichweite von KINDERN aufbewahren. Nicht in die Augen spr\u00fchen.<\/p>\n<p>&nbsp;<\/p>\n<h4><strong><span style=\"font-size: 16pt;\">Wussten Sie schon?<\/span><\/strong><\/h4>\n<p>Kinder sollten die intensive Mittagssonne meiden. Babys und Kleinkinder sollten vor direkter Sonneneinstrahlung gesch\u00fctzt werden. Verwenden Sie f\u00fcr Babys und Kleinkinder Schutzkleidung und <a href=\"https:\/\/www.lraloeverashop.eu\/de\/produkt\/aloe-vera-sonnenmilch-spray-lsf-30\/\">Sonnencreme<\/a> mit sehr hohem Lichtschutzfaktor.<\/p>\n<p>Der f\u00fcr Sonnenspray angegebene Lichtschutzfaktor und damit die t\u00e4gliche Verweildauer in der Sonne kann durch wiederholte Anwendung nicht verl\u00e4ngert werden.<\/p>\n","protected":false},"excerpt":{"rendered":"<ul>\n<li>Sonnenspray speziell f\u00fcr empfindliche Kinderhaut<\/li>\n<li>Leichte Formel zum Aufspr\u00fchen auf nasser und trockener Haut<\/li>\n<li>Mit 40 % Aloe Vera und Bio-Ananasextrakt<\/li>\n<li>Sch\u00fctzt die Haut vor UVA- und UVB-Strahlen<\/li>\n<li>Pflegt intensiv und spendet Feuchtigkeit<\/li>\n<li>Menge: 150 ml<\/li>\n<\/ul>\n<p><span style=\"color: #ff0000;\"><a style=\"color: #ff0000;\" href=\"https:\/\/shop.lrworld.com\/openpao?PHP=0vFlt7jT938BEnBI3a6e9w%3D%3D\"><span style=\"font-size: 14pt;\"><strong>Hier registrieren und dauerhaft 35\u202f% sparen<\/strong><\/span><\/a><\/span><\/p>\n","protected":false},"featured_media":8440,"comment_status":"open","ping_status":"closed","template":"","meta":{"_kad_blocks_custom_css":"","_kad_blocks_head_custom_js":"","_kad_blocks_body_custom_js":"","_kad_blocks_footer_custom_js":"","_kadence_starter_templates_imported_post":false,"_kad_post_transparent":"default","_kad_post_title":"","_kad_post_layout":"default","_kad_post_sidebar_id":"","_kad_post_content_style":"default","_kad_post_vertical_padding":"default","_kad_post_feature":"","_kad_post_feature_position":"","_kad_post_header":false,"_kad_post_footer":false,"_kad_post_classname":""},"product_brand":[],"product_cat":[213,219,1007],"product_tag":[1014],"class_list":{"0":"post-8614","1":"product","2":"type-product","3":"status-publish","4":"has-post-thumbnail","6":"product_cat-aloe-vera-de","7":"product_cat-babypflege","8":"product_cat-sonnenschutz","9":"product_tag-sonnencreme","11":"first","12":"instock","13":"taxable","14":"shipping-taxable","15":"purchasable","16":"product-type-simple","17":"entry","18":"content-bg","19":"loop-entry"},"yoast_head":"<!-- This site is optimized with the Yoast SEO Premium plugin v27.4 (Yoast SEO v27.4) - https:\/\/yoast.com\/product\/yoast-seo-premium-wordpress\/ -->\n<title>Sonnenspray f\u00fcr Kinder LSF 50 Pflegt und spendet Feuchtigkeit<\/title>\n<meta name=\"robots\" content=\"index, follow, max-snippet:-1, max-image-preview:large, max-video-preview:-1\" \/>\n<link rel=\"canonical\" href=\"https:\/\/www.lraloeverashop.eu\/de\/produkt\/sonnenspray-fur-kinder-lsf-50\/\" \/>\n<meta property=\"og:locale\" content=\"de_DE\" \/>\n<meta property=\"og:type\" content=\"article\" \/>\n<meta property=\"og:title\" content=\"Sonnenspray f\u00fcr Kinder LSF 50\" \/>\n<meta property=\"og:description\" content=\"Sonnenspray speziell f\u00fcr empfindliche Kinderhaut  Leichte Formel zum Aufspr\u00fchen auf nasser und trockener Haut  Mit 40 % Aloe Vera und Bio-Ananasextrakt  Sch\u00fctzt die Haut vor UVA- und UVB-Strahlen  Pflegt intensiv und spendet Feuchtigkeit  Menge: 150 ml  Hier registrieren und dauerhaft 35\u202f% sparen\" \/>\n<meta property=\"og:url\" content=\"https:\/\/www.lraloeverashop.eu\/de\/produkt\/sonnenspray-fur-kinder-lsf-50\/\" \/>\n<meta property=\"og:site_name\" content=\"Lr Aloe Vera Shop\" \/>\n<meta property=\"article:publisher\" content=\"https:\/\/www.facebook.com\/lraloeverashop.eu\" \/>\n<meta property=\"article:modified_time\" content=\"2026-02-03T17:24:26+00:00\" \/>\n<meta property=\"og:image\" content=\"https:\/\/www.lraloeverashop.eu\/wp-content\/uploads\/2022\/12\/Aloe-Vera-Sun-Spray-for-kids.jpeg\" \/>\n\t<meta property=\"og:image:width\" content=\"1200\" \/>\n\t<meta property=\"og:image:height\" content=\"1200\" \/>\n\t<meta property=\"og:image:type\" content=\"image\/jpeg\" \/>\n<meta name=\"twitter:card\" content=\"summary_large_image\" \/>\n<meta name=\"twitter:site\" content=\"@natur__kosmetik\" \/>\n<script type=\"application\/ld+json\" class=\"yoast-schema-graph\">{\"@context\":\"https:\\\/\\\/schema.org\",\"@graph\":[{\"@type\":[\"WebPage\",\"ItemPage\"],\"@id\":\"https:\\\/\\\/www.lraloeverashop.eu\\\/de\\\/produkt\\\/sonnenspray-fur-kinder-lsf-50\\\/\",\"url\":\"https:\\\/\\\/www.lraloeverashop.eu\\\/de\\\/produkt\\\/sonnenspray-fur-kinder-lsf-50\\\/\",\"name\":\"Sonnenspray f\u00fcr Kinder LSF 50 Pflegt und spendet Feuchtigkeit\",\"isPartOf\":{\"@id\":\"https:\\\/\\\/www.lraloeverashop.eu\\\/de\\\/#website\"},\"primaryImageOfPage\":{\"@id\":\"https:\\\/\\\/www.lraloeverashop.eu\\\/de\\\/produkt\\\/sonnenspray-fur-kinder-lsf-50\\\/#primaryimage\"},\"image\":{\"@id\":\"https:\\\/\\\/www.lraloeverashop.eu\\\/de\\\/produkt\\\/sonnenspray-fur-kinder-lsf-50\\\/#primaryimage\"},\"thumbnailUrl\":\"https:\\\/\\\/www.lraloeverashop.eu\\\/wp-content\\\/uploads\\\/2022\\\/12\\\/Aloe-Vera-Sun-Spray-for-kids.jpeg\",\"datePublished\":\"2022-12-03T18:57:24+00:00\",\"dateModified\":\"2026-02-03T17:24:26+00:00\",\"breadcrumb\":{\"@id\":\"https:\\\/\\\/www.lraloeverashop.eu\\\/de\\\/produkt\\\/sonnenspray-fur-kinder-lsf-50\\\/#breadcrumb\"},\"inLanguage\":\"de\",\"potentialAction\":[{\"@type\":\"ReadAction\",\"target\":[\"https:\\\/\\\/www.lraloeverashop.eu\\\/de\\\/produkt\\\/sonnenspray-fur-kinder-lsf-50\\\/\"]}]},{\"@type\":\"ImageObject\",\"inLanguage\":\"de\",\"@id\":\"https:\\\/\\\/www.lraloeverashop.eu\\\/de\\\/produkt\\\/sonnenspray-fur-kinder-lsf-50\\\/#primaryimage\",\"url\":\"https:\\\/\\\/www.lraloeverashop.eu\\\/wp-content\\\/uploads\\\/2022\\\/12\\\/Aloe-Vera-Sun-Spray-for-kids.jpeg\",\"contentUrl\":\"https:\\\/\\\/www.lraloeverashop.eu\\\/wp-content\\\/uploads\\\/2022\\\/12\\\/Aloe-Vera-Sun-Spray-for-kids.jpeg\",\"width\":1200,\"height\":1200,\"caption\":\"Aloe Vera Sonnenmilchspray mit hohem Schutz f\u00fcr Kinder\"},{\"@type\":\"BreadcrumbList\",\"@id\":\"https:\\\/\\\/www.lraloeverashop.eu\\\/de\\\/produkt\\\/sonnenspray-fur-kinder-lsf-50\\\/#breadcrumb\",\"itemListElement\":[{\"@type\":\"ListItem\",\"position\":1,\"name\":\"Home\",\"item\":\"https:\\\/\\\/www.lraloeverashop.eu\\\/de\\\/\"},{\"@type\":\"ListItem\",\"position\":2,\"name\":\"Shop\",\"item\":\"https:\\\/\\\/www.lraloeverashop.eu\\\/de\\\/shop-2\\\/\"},{\"@type\":\"ListItem\",\"position\":3,\"name\":\"Sonnenspray f\u00fcr Kinder LSF 50\"}]},{\"@type\":\"WebSite\",\"@id\":\"https:\\\/\\\/www.lraloeverashop.eu\\\/de\\\/#website\",\"url\":\"https:\\\/\\\/www.lraloeverashop.eu\\\/de\\\/\",\"name\":\"Lr Aloe Vera Shop\",\"description\":\"High Quality Lr Aloe Vera Gel, Aloe Vera Cream and Shampoo\",\"publisher\":{\"@id\":\"https:\\\/\\\/www.lraloeverashop.eu\\\/de\\\/#organization\"},\"potentialAction\":[{\"@type\":\"SearchAction\",\"target\":{\"@type\":\"EntryPoint\",\"urlTemplate\":\"https:\\\/\\\/www.lraloeverashop.eu\\\/de\\\/?s={search_term_string}\"},\"query-input\":{\"@type\":\"PropertyValueSpecification\",\"valueRequired\":true,\"valueName\":\"search_term_string\"}}],\"inLanguage\":\"de\"},{\"@type\":\"Organization\",\"@id\":\"https:\\\/\\\/www.lraloeverashop.eu\\\/de\\\/#organization\",\"name\":\"Lr Aloe Vera Shop\",\"alternateName\":\"LR\",\"url\":\"https:\\\/\\\/www.lraloeverashop.eu\\\/de\\\/\",\"logo\":{\"@type\":\"ImageObject\",\"inLanguage\":\"de\",\"@id\":\"https:\\\/\\\/www.lraloeverashop.eu\\\/de\\\/#\\\/schema\\\/logo\\\/image\\\/\",\"url\":\"https:\\\/\\\/www.lraloeverashop.eu\\\/wp-content\\\/uploads\\\/2022\\\/09\\\/cropped-Lr-Aloe-Vera-Shop.jpg\",\"contentUrl\":\"https:\\\/\\\/www.lraloeverashop.eu\\\/wp-content\\\/uploads\\\/2022\\\/09\\\/cropped-Lr-Aloe-Vera-Shop.jpg\",\"width\":228,\"height\":76,\"caption\":\"Lr Aloe Vera Shop\"},\"image\":{\"@id\":\"https:\\\/\\\/www.lraloeverashop.eu\\\/de\\\/#\\\/schema\\\/logo\\\/image\\\/\"},\"sameAs\":[\"https:\\\/\\\/www.facebook.com\\\/lraloeverashop.eu\",\"https:\\\/\\\/x.com\\\/natur__kosmetik\",\"https:\\\/\\\/www.youtube.com\\\/channel\\\/UC5oN7BJ8nfYb8RpVtjwDEBA\",\"https:\\\/\\\/www.instagram.com\\\/lrbeautyeu\\\/\"],\"description\":\"LR Aloe Vera Shop ist Ihre vertrauensw\u00fcrdige Adresse f\u00fcr hochwertige LR Health & Beauty Produkte aus Deutschland. Wir bieten Ihnen erstklassige Aloe Vera Hautpflege, N\u00e4hrstoffe und Anti-Aging-Produkte mit reinen Inhaltsstoffen, die auf wissenschaftlichen Erkenntnissen basieren. Entdecken Sie nat\u00fcrliche Pflege, die Ihre Haut regeneriert, sch\u00fctzt und revitalisiert \u2013 und profitieren Sie von exklusiven Monatsangeboten auf unsere Bestseller von LR Aloe Vera. Starten Sie noch heute Ihre Reise zu nat\u00fcrlicher Hautpflege und sp\u00fcren Sie den Unterschied.\",\"email\":\"info@lraloeverashop.eu\",\"telephone\":\"+49 17670609653\",\"legalName\":\"Lr Aloe Vera Shop\",\"foundingDate\":\"2018-04-21\",\"numberOfEmployees\":{\"@type\":\"QuantitativeValue\",\"minValue\":\"1\",\"maxValue\":\"10\"}}]}<\/script>\n<meta property=\"product:price:amount\" content=\"29.99\" \/>\n<meta property=\"product:price:currency\" content=\"EUR\" \/>\n<meta property=\"og:availability\" content=\"instock\" \/>\n<meta property=\"product:availability\" content=\"instock\" \/>\n<meta property=\"product:retailer_item_id\" content=\"23110-101DE\" \/>\n<meta property=\"product:condition\" content=\"new\" \/>\n<!-- \/ Yoast SEO Premium plugin. -->","yoast_head_json":{"title":"Sonnenspray f\u00fcr Kinder LSF 50 Pflegt und spendet Feuchtigkeit","robots":{"index":"index","follow":"follow","max-snippet":"max-snippet:-1","max-image-preview":"max-image-preview:large","max-video-preview":"max-video-preview:-1"},"canonical":"https:\/\/www.lraloeverashop.eu\/de\/produkt\/sonnenspray-fur-kinder-lsf-50\/","og_locale":"de_DE","og_type":"article","og_title":"Sonnenspray f\u00fcr Kinder LSF 50","og_description":"Sonnenspray speziell f\u00fcr empfindliche Kinderhaut  Leichte Formel zum Aufspr\u00fchen auf nasser und trockener Haut  Mit 40 % Aloe Vera und Bio-Ananasextrakt  Sch\u00fctzt die Haut vor UVA- und UVB-Strahlen  Pflegt intensiv und spendet Feuchtigkeit  Menge: 150 ml  Hier registrieren und dauerhaft 35\u202f% sparen","og_url":"https:\/\/www.lraloeverashop.eu\/de\/produkt\/sonnenspray-fur-kinder-lsf-50\/","og_site_name":"Lr Aloe Vera Shop","article_publisher":"https:\/\/www.facebook.com\/lraloeverashop.eu","article_modified_time":"2026-02-03T17:24:26+00:00","og_image":[{"width":1200,"height":1200,"url":"https:\/\/www.lraloeverashop.eu\/wp-content\/uploads\/2022\/12\/Aloe-Vera-Sun-Spray-for-kids.jpeg","type":"image\/jpeg"}],"twitter_card":"summary_large_image","twitter_site":"@natur__kosmetik","schema":{"@context":"https:\/\/schema.org","@graph":[{"@type":["WebPage","ItemPage"],"@id":"https:\/\/www.lraloeverashop.eu\/de\/produkt\/sonnenspray-fur-kinder-lsf-50\/","url":"https:\/\/www.lraloeverashop.eu\/de\/produkt\/sonnenspray-fur-kinder-lsf-50\/","name":"Sonnenspray f\u00fcr Kinder LSF 50 Pflegt und spendet Feuchtigkeit","isPartOf":{"@id":"https:\/\/www.lraloeverashop.eu\/de\/#website"},"primaryImageOfPage":{"@id":"https:\/\/www.lraloeverashop.eu\/de\/produkt\/sonnenspray-fur-kinder-lsf-50\/#primaryimage"},"image":{"@id":"https:\/\/www.lraloeverashop.eu\/de\/produkt\/sonnenspray-fur-kinder-lsf-50\/#primaryimage"},"thumbnailUrl":"https:\/\/www.lraloeverashop.eu\/wp-content\/uploads\/2022\/12\/Aloe-Vera-Sun-Spray-for-kids.jpeg","datePublished":"2022-12-03T18:57:24+00:00","dateModified":"2026-02-03T17:24:26+00:00","breadcrumb":{"@id":"https:\/\/www.lraloeverashop.eu\/de\/produkt\/sonnenspray-fur-kinder-lsf-50\/#breadcrumb"},"inLanguage":"de","potentialAction":[{"@type":"ReadAction","target":["https:\/\/www.lraloeverashop.eu\/de\/produkt\/sonnenspray-fur-kinder-lsf-50\/"]}]},{"@type":"ImageObject","inLanguage":"de","@id":"https:\/\/www.lraloeverashop.eu\/de\/produkt\/sonnenspray-fur-kinder-lsf-50\/#primaryimage","url":"https:\/\/www.lraloeverashop.eu\/wp-content\/uploads\/2022\/12\/Aloe-Vera-Sun-Spray-for-kids.jpeg","contentUrl":"https:\/\/www.lraloeverashop.eu\/wp-content\/uploads\/2022\/12\/Aloe-Vera-Sun-Spray-for-kids.jpeg","width":1200,"height":1200,"caption":"Aloe Vera Sonnenmilchspray mit hohem Schutz f\u00fcr Kinder"},{"@type":"BreadcrumbList","@id":"https:\/\/www.lraloeverashop.eu\/de\/produkt\/sonnenspray-fur-kinder-lsf-50\/#breadcrumb","itemListElement":[{"@type":"ListItem","position":1,"name":"Home","item":"https:\/\/www.lraloeverashop.eu\/de\/"},{"@type":"ListItem","position":2,"name":"Shop","item":"https:\/\/www.lraloeverashop.eu\/de\/shop-2\/"},{"@type":"ListItem","position":3,"name":"Sonnenspray f\u00fcr Kinder LSF 50"}]},{"@type":"WebSite","@id":"https:\/\/www.lraloeverashop.eu\/de\/#website","url":"https:\/\/www.lraloeverashop.eu\/de\/","name":"Lr Aloe Vera Shop","description":"High Quality Lr Aloe Vera Gel, Aloe Vera Cream and Shampoo","publisher":{"@id":"https:\/\/www.lraloeverashop.eu\/de\/#organization"},"potentialAction":[{"@type":"SearchAction","target":{"@type":"EntryPoint","urlTemplate":"https:\/\/www.lraloeverashop.eu\/de\/?s={search_term_string}"},"query-input":{"@type":"PropertyValueSpecification","valueRequired":true,"valueName":"search_term_string"}}],"inLanguage":"de"},{"@type":"Organization","@id":"https:\/\/www.lraloeverashop.eu\/de\/#organization","name":"Lr Aloe Vera Shop","alternateName":"LR","url":"https:\/\/www.lraloeverashop.eu\/de\/","logo":{"@type":"ImageObject","inLanguage":"de","@id":"https:\/\/www.lraloeverashop.eu\/de\/#\/schema\/logo\/image\/","url":"https:\/\/www.lraloeverashop.eu\/wp-content\/uploads\/2022\/09\/cropped-Lr-Aloe-Vera-Shop.jpg","contentUrl":"https:\/\/www.lraloeverashop.eu\/wp-content\/uploads\/2022\/09\/cropped-Lr-Aloe-Vera-Shop.jpg","width":228,"height":76,"caption":"Lr Aloe Vera Shop"},"image":{"@id":"https:\/\/www.lraloeverashop.eu\/de\/#\/schema\/logo\/image\/"},"sameAs":["https:\/\/www.facebook.com\/lraloeverashop.eu","https:\/\/x.com\/natur__kosmetik","https:\/\/www.youtube.com\/channel\/UC5oN7BJ8nfYb8RpVtjwDEBA","https:\/\/www.instagram.com\/lrbeautyeu\/"],"description":"LR Aloe Vera Shop ist Ihre vertrauensw\u00fcrdige Adresse f\u00fcr hochwertige LR Health & Beauty Produkte aus Deutschland. Wir bieten Ihnen erstklassige Aloe Vera Hautpflege, N\u00e4hrstoffe und Anti-Aging-Produkte mit reinen Inhaltsstoffen, die auf wissenschaftlichen Erkenntnissen basieren. Entdecken Sie nat\u00fcrliche Pflege, die Ihre Haut regeneriert, sch\u00fctzt und revitalisiert \u2013 und profitieren Sie von exklusiven Monatsangeboten auf unsere Bestseller von LR Aloe Vera. Starten Sie noch heute Ihre Reise zu nat\u00fcrlicher Hautpflege und sp\u00fcren Sie den Unterschied.","email":"info@lraloeverashop.eu","telephone":"+49 17670609653","legalName":"Lr Aloe Vera Shop","foundingDate":"2018-04-21","numberOfEmployees":{"@type":"QuantitativeValue","minValue":"1","maxValue":"10"}}]},"product_price_amount":"29.99","product_price_currency":"EUR","og_availability":"instock","product_availability":"instock","product_retailer_item_id":"23110-101DE","product_condition":"new"},"taxonomy_info":{"product_cat":[{"value":213,"label":"Aloe Vera"},{"value":219,"label":"Babypflege"},{"value":1007,"label":"Sonnenschutz"}],"product_tag":[{"value":1014,"label":"Sonnencreme"}]},"featured_image_src_large":["https:\/\/www.lraloeverashop.eu\/wp-content\/uploads\/2022\/12\/Aloe-Vera-Sun-Spray-for-kids-1024x1024.jpeg",1024,1024,true],"author_info":[],"comment_info":0,"_links":{"self":[{"href":"https:\/\/www.lraloeverashop.eu\/de\/wp-json\/wp\/v2\/product\/8614","targetHints":{"allow":["GET"]}}],"collection":[{"href":"https:\/\/www.lraloeverashop.eu\/de\/wp-json\/wp\/v2\/product"}],"about":[{"href":"https:\/\/www.lraloeverashop.eu\/de\/wp-json\/wp\/v2\/types\/product"}],"replies":[{"embeddable":true,"href":"https:\/\/www.lraloeverashop.eu\/de\/wp-json\/wp\/v2\/comments?post=8614"}],"wp:featuredmedia":[{"embeddable":true,"href":"https:\/\/www.lraloeverashop.eu\/de\/wp-json\/wp\/v2\/media\/8440"}],"wp:attachment":[{"href":"https:\/\/www.lraloeverashop.eu\/de\/wp-json\/wp\/v2\/media?parent=8614"}],"wp:term":[{"taxonomy":"product_brand","embeddable":true,"href":"https:\/\/www.lraloeverashop.eu\/de\/wp-json\/wp\/v2\/product_brand?post=8614"},{"taxonomy":"product_cat","embeddable":true,"href":"https:\/\/www.lraloeverashop.eu\/de\/wp-json\/wp\/v2\/product_cat?post=8614"},{"taxonomy":"product_tag","embeddable":true,"href":"https:\/\/www.lraloeverashop.eu\/de\/wp-json\/wp\/v2\/product_tag?post=8614"}],"curies":[{"name":"wp","href":"https:\/\/api.w.org\/{rel}","templated":true}]}}