{"id":8602,"date":"2022-12-03T20:16:02","date_gmt":"2022-12-03T19:16:02","guid":{"rendered":"https:\/\/www.lraloeverashop.eu\/product\/aloe-vera-sonnenmilch-spray-lsf-30\/"},"modified":"2026-02-03T18:24:17","modified_gmt":"2026-02-03T17:24:17","slug":"aloe-vera-sonnenmilch-spray-lsf-30","status":"publish","type":"product","link":"https:\/\/www.lraloeverashop.eu\/de\/produkt\/aloe-vera-sonnenmilch-spray-lsf-30\/","title":{"rendered":"Sonnenmilch Spray LSF 30 mit Aloe Vera"},"content":{"rendered":"<h2><span style=\"font-size: 16pt;\"><strong>Sonnenmilch spray LSF 30 mit Aloe Vera<\/strong><\/span><\/h2>\n<p><span style=\"font-size: 16px;\"><strong>Sonnenmilch Spray LSF 30 mit Aloe Vera K\u00fchlt, pflegt und spendet intensive Feuchtigkeit<\/strong><\/span><\/p>\n<p>Strand, Meer und Lebensfreude: Der Sommer ist endlich in Sicht! Jetzt hei\u00dft es Badesachen anziehen und raus in die Sonne. Halt! Bitte vorher eincremen! Denn Sonnenschutz ist nicht nur im Sommerurlaub das A und O f\u00fcr eine gesunde, sch\u00f6ne Haut. Auch an bew\u00f6lkten Tagen dringen UV-Strahlen durch die Wolkendecke und k\u00f6nnen die Haut sch\u00e4digen. Das Aloe Vera Sonnenmilch Spray LSF 30 sch\u00fctzt Ihre Haut zuverl\u00e4ssig vor Sonnenbrand und unterst\u00fctzt die <a href=\"https:\/\/www.lraloeverashop.eu\/de\/produkt\/sonnenmilch-lsf-50\/\">Hautregeneration<\/a>.<\/p>\n<p>Mit einem mittleren Lichtschutzfaktor von LSF 30 sch\u00fctzt die Aloe Vera Sonnenlotion besonders leicht vorgebr\u00e4unte Haut vor heller bis gebr\u00e4unter Haut. 40 % Aloe Vera pflegen die Haut und helfen ihr, den eigenen Feuchtigkeitshaushalt zu verbessern. Ananas ist bekannt f\u00fcr ihre Enzyme, Mineralien und Vitamine, die die <a href=\"https:\/\/www.lraloeverashop.eu\/de\/produkt\/aloe-vera-anti-aging-sonnencreme-lsf-50\/\">Regeneration der Haut<\/a> unterst\u00fctzen k\u00f6nnen.<\/p>\n<p><strong>Brillanter Pluspunkt:<\/strong> Die Lotion l\u00e4sst sich sowohl auf trockener als auch auf nasser Haut auftragen. Es zieht schnell ein, gl\u00e4nzt nicht, klebt nicht und hinterl\u00e4sst keine wei\u00dfen R\u00fcckst\u00e4nde auf der Haut. Genau das Richtige f\u00fcr unbeschwerte Sonnentage am Strand, im Park, am Pool und und und. Und jetzt: Ab in die Sonne!<\/p>\n<p>&nbsp;<\/p>\n<h3><strong><span style=\"font-size: 16pt;\">Anwendung<\/span><\/strong><\/h3>\n<p>Mindestens 30 Minuten vor dem Sonnenbad gro\u00dfz\u00fcgig aufspr\u00fchen und auf K\u00f6rper und Gesicht verteilen, denn das Sonnenmilch Spray LSF 30 entfaltet seine volle Wirkung erst nach ca. 30 Minuten. Au\u00dferdem wichtig: Achten Sie auf die Menge, denn geringe Auftragsmengen reduzieren die <a href=\"https:\/\/www.lraloeverashop.eu\/de\/produkt\/aloe-vera-sonnenlotion-lsf-30\/\">Schutzleistung<\/a>. Der f\u00fcr Sonnenschutzmittel angegebene Lichtschutzfaktor und damit die t\u00e4gliche Verweildauer in der Sonne kann durch wiederholte Anwendung nicht verl\u00e4ngert werden.<\/p>\n<p>&nbsp;<\/p>\n<h4><strong><span style=\"font-size: 16pt;\">Wussten Sie schon?<\/span><\/strong><\/h4>\n<p>Der Lichtschutzfaktor gibt an, wie viel l\u00e4nger man sich mit dem Sonnenspray theoretisch sonnen kann, ohne einen Sonnenbrand zu bekommen, als ohne Sonnenspray.<\/p>\n<p>Sie k\u00f6nnen berechnen: LSF x Selbstschutzzeit. Wenn Ihre Selbstschutzzeit beispielsweise 5 Minuten betr\u00e4gt, berechnen Sie: 20 x 5 Minuten = 100 Minuten.<br \/>\nWichtig: Jeder Hauttyp ist anders und so auch die Sonneneinstrahlung. <a href=\"https:\/\/www.lraloeverashop.eu\/de\/produkt\/sonnenspray-fur-kinder-lsf-50\/\">Sonnencreme<\/a> ersetzt keinen Regenschirm, T-Shirt oder Sonnenhut.<\/p>\n<p>Um sich auch vor langfristigen Sonnensch\u00e4den zu sch\u00fctzen, sollten Sie die Sonnenschutzzeit nie voll ausnutzen, \u00f6fter den Schatten aufsuchen und vor allem die Mittagssonne meiden.<\/p>\n","protected":false},"excerpt":{"rendered":"<ul>\n<li>Wasserfestes Sonnenspray ohne Farbstoffe f\u00fcr leicht gebr\u00e4unte Haut mit LSF 30<\/li>\n<li>Anwendbar auf trockener und nasser Haut<\/li>\n<li>Mit 40 % Aloe Vera und Bio-Ananasextrakt<\/li>\n<li>Sch\u00fctzt die Haut vor UVA- und UVB-Strahlen<\/li>\n<li>Zieht schnell ein, gl\u00e4nzt nicht, klebt nicht, wei\u00dft nicht auf<\/li>\n<li>Zutaten: 150 ml<\/li>\n<\/ul>\n<p><span style=\"color: #ff0000;\"><a style=\"color: #ff0000;\" href=\"https:\/\/shop.lrworld.com\/openpao?PHP=0vFlt7jT938BEnBI3a6e9w%3D%3D\"><span style=\"font-size: 14pt;\"><strong>Hier registrieren und dauerhaft 35\u202f% sparen<\/strong><\/span><\/a><\/span><\/p>\n","protected":false},"featured_media":8433,"comment_status":"open","ping_status":"closed","template":"","meta":{"_kad_blocks_custom_css":"","_kad_blocks_head_custom_js":"","_kad_blocks_body_custom_js":"","_kad_blocks_footer_custom_js":"","_kadence_starter_templates_imported_post":false,"_kad_post_transparent":"default","_kad_post_title":"","_kad_post_layout":"default","_kad_post_sidebar_id":"","_kad_post_content_style":"default","_kad_post_vertical_padding":"default","_kad_post_feature":"","_kad_post_feature_position":"","_kad_post_header":false,"_kad_post_footer":false,"_kad_post_classname":""},"product_brand":[],"product_cat":[213,1007],"product_tag":[1014],"class_list":{"0":"post-8602","1":"product","2":"type-product","3":"status-publish","4":"has-post-thumbnail","6":"product_cat-aloe-vera-de","7":"product_cat-sonnenschutz","8":"product_tag-sonnencreme","10":"first","11":"outofstock","12":"taxable","13":"shipping-taxable","14":"purchasable","15":"product-type-simple","16":"entry","17":"content-bg","18":"loop-entry"},"yoast_head":"<!-- This site is optimized with the Yoast SEO Premium plugin v27.4 (Yoast SEO v27.4) - https:\/\/yoast.com\/product\/yoast-seo-premium-wordpress\/ -->\n<title>Sonnenmilch Spray LSF 30 k\u00fchlt und spendet intensive feuchtigkeit<\/title>\n<meta name=\"description\" content=\"Sonnenmilch Spray LSF 30 mit 40% Aloe Vera und Bio-Ananasextrakt zieht schnell ein, gl\u00e4nzt nicht, klebt nicht, wei\u00dft nicht auf. Sch\u00fctzt vor UVA und UVB\" \/>\n<meta name=\"robots\" content=\"index, follow, max-snippet:-1, max-image-preview:large, max-video-preview:-1\" \/>\n<link rel=\"canonical\" href=\"https:\/\/www.lraloeverashop.eu\/de\/produkt\/aloe-vera-sonnenmilch-spray-lsf-30\/\" \/>\n<meta property=\"og:locale\" content=\"de_DE\" \/>\n<meta property=\"og:type\" content=\"article\" \/>\n<meta property=\"og:title\" content=\"Sonnenmilch Spray LSF 30 mit Aloe Vera\" \/>\n<meta property=\"og:description\" content=\"Sonnenmilch Spray LSF 30 mit 40% Aloe Vera und Bio-Ananasextrakt zieht schnell ein, gl\u00e4nzt nicht, klebt nicht, wei\u00dft nicht auf. Sch\u00fctzt vor UVA und UVB\" \/>\n<meta property=\"og:url\" content=\"https:\/\/www.lraloeverashop.eu\/de\/produkt\/aloe-vera-sonnenmilch-spray-lsf-30\/\" \/>\n<meta property=\"og:site_name\" content=\"Lr Aloe Vera Shop\" \/>\n<meta property=\"article:publisher\" content=\"https:\/\/www.facebook.com\/lraloeverashop.eu\" \/>\n<meta property=\"article:modified_time\" content=\"2026-02-03T17:24:17+00:00\" \/>\n<meta property=\"og:image\" content=\"https:\/\/www.lraloeverashop.eu\/wp-content\/uploads\/2022\/12\/Aloe-Vera-Sun-Spray.jpeg\" \/>\n\t<meta property=\"og:image:width\" content=\"1200\" \/>\n\t<meta property=\"og:image:height\" content=\"1200\" \/>\n\t<meta property=\"og:image:type\" content=\"image\/jpeg\" \/>\n<meta name=\"twitter:card\" content=\"summary_large_image\" \/>\n<meta name=\"twitter:site\" content=\"@natur__kosmetik\" \/>\n<script type=\"application\/ld+json\" class=\"yoast-schema-graph\">{\"@context\":\"https:\\\/\\\/schema.org\",\"@graph\":[{\"@type\":[\"WebPage\",\"ItemPage\"],\"@id\":\"https:\\\/\\\/www.lraloeverashop.eu\\\/de\\\/produkt\\\/aloe-vera-sonnenmilch-spray-lsf-30\\\/\",\"url\":\"https:\\\/\\\/www.lraloeverashop.eu\\\/de\\\/produkt\\\/aloe-vera-sonnenmilch-spray-lsf-30\\\/\",\"name\":\"Sonnenmilch Spray LSF 30 k\u00fchlt und spendet intensive feuchtigkeit\",\"isPartOf\":{\"@id\":\"https:\\\/\\\/www.lraloeverashop.eu\\\/de\\\/#website\"},\"primaryImageOfPage\":{\"@id\":\"https:\\\/\\\/www.lraloeverashop.eu\\\/de\\\/produkt\\\/aloe-vera-sonnenmilch-spray-lsf-30\\\/#primaryimage\"},\"image\":{\"@id\":\"https:\\\/\\\/www.lraloeverashop.eu\\\/de\\\/produkt\\\/aloe-vera-sonnenmilch-spray-lsf-30\\\/#primaryimage\"},\"thumbnailUrl\":\"https:\\\/\\\/www.lraloeverashop.eu\\\/wp-content\\\/uploads\\\/2022\\\/12\\\/Aloe-Vera-Sun-Spray.jpeg\",\"datePublished\":\"2022-12-03T19:16:02+00:00\",\"dateModified\":\"2026-02-03T17:24:17+00:00\",\"description\":\"Sonnenmilch Spray LSF 30 mit 40% Aloe Vera und Bio-Ananasextrakt zieht schnell ein, gl\u00e4nzt nicht, klebt nicht, wei\u00dft nicht auf. Sch\u00fctzt vor UVA und UVB\",\"breadcrumb\":{\"@id\":\"https:\\\/\\\/www.lraloeverashop.eu\\\/de\\\/produkt\\\/aloe-vera-sonnenmilch-spray-lsf-30\\\/#breadcrumb\"},\"inLanguage\":\"de\",\"potentialAction\":[{\"@type\":\"ReadAction\",\"target\":[\"https:\\\/\\\/www.lraloeverashop.eu\\\/de\\\/produkt\\\/aloe-vera-sonnenmilch-spray-lsf-30\\\/\"]}]},{\"@type\":\"ImageObject\",\"inLanguage\":\"de\",\"@id\":\"https:\\\/\\\/www.lraloeverashop.eu\\\/de\\\/produkt\\\/aloe-vera-sonnenmilch-spray-lsf-30\\\/#primaryimage\",\"url\":\"https:\\\/\\\/www.lraloeverashop.eu\\\/wp-content\\\/uploads\\\/2022\\\/12\\\/Aloe-Vera-Sun-Spray.jpeg\",\"contentUrl\":\"https:\\\/\\\/www.lraloeverashop.eu\\\/wp-content\\\/uploads\\\/2022\\\/12\\\/Aloe-Vera-Sun-Spray.jpeg\",\"width\":1200,\"height\":1200,\"caption\":\"Aloe Vera Sonnenmilchspray mit mittlerem Schutz LSF 30\"},{\"@type\":\"BreadcrumbList\",\"@id\":\"https:\\\/\\\/www.lraloeverashop.eu\\\/de\\\/produkt\\\/aloe-vera-sonnenmilch-spray-lsf-30\\\/#breadcrumb\",\"itemListElement\":[{\"@type\":\"ListItem\",\"position\":1,\"name\":\"Home\",\"item\":\"https:\\\/\\\/www.lraloeverashop.eu\\\/de\\\/\"},{\"@type\":\"ListItem\",\"position\":2,\"name\":\"Shop\",\"item\":\"https:\\\/\\\/www.lraloeverashop.eu\\\/de\\\/shop-2\\\/\"},{\"@type\":\"ListItem\",\"position\":3,\"name\":\"Sonnenmilch Spray LSF 30 mit Aloe Vera\"}]},{\"@type\":\"WebSite\",\"@id\":\"https:\\\/\\\/www.lraloeverashop.eu\\\/de\\\/#website\",\"url\":\"https:\\\/\\\/www.lraloeverashop.eu\\\/de\\\/\",\"name\":\"Lr Aloe Vera Shop\",\"description\":\"High Quality Lr Aloe Vera Gel, Aloe Vera Cream and Shampoo\",\"publisher\":{\"@id\":\"https:\\\/\\\/www.lraloeverashop.eu\\\/de\\\/#organization\"},\"potentialAction\":[{\"@type\":\"SearchAction\",\"target\":{\"@type\":\"EntryPoint\",\"urlTemplate\":\"https:\\\/\\\/www.lraloeverashop.eu\\\/de\\\/?s={search_term_string}\"},\"query-input\":{\"@type\":\"PropertyValueSpecification\",\"valueRequired\":true,\"valueName\":\"search_term_string\"}}],\"inLanguage\":\"de\"},{\"@type\":\"Organization\",\"@id\":\"https:\\\/\\\/www.lraloeverashop.eu\\\/de\\\/#organization\",\"name\":\"Lr Aloe Vera Shop\",\"alternateName\":\"LR\",\"url\":\"https:\\\/\\\/www.lraloeverashop.eu\\\/de\\\/\",\"logo\":{\"@type\":\"ImageObject\",\"inLanguage\":\"de\",\"@id\":\"https:\\\/\\\/www.lraloeverashop.eu\\\/de\\\/#\\\/schema\\\/logo\\\/image\\\/\",\"url\":\"https:\\\/\\\/www.lraloeverashop.eu\\\/wp-content\\\/uploads\\\/2022\\\/09\\\/cropped-Lr-Aloe-Vera-Shop.jpg\",\"contentUrl\":\"https:\\\/\\\/www.lraloeverashop.eu\\\/wp-content\\\/uploads\\\/2022\\\/09\\\/cropped-Lr-Aloe-Vera-Shop.jpg\",\"width\":228,\"height\":76,\"caption\":\"Lr Aloe Vera Shop\"},\"image\":{\"@id\":\"https:\\\/\\\/www.lraloeverashop.eu\\\/de\\\/#\\\/schema\\\/logo\\\/image\\\/\"},\"sameAs\":[\"https:\\\/\\\/www.facebook.com\\\/lraloeverashop.eu\",\"https:\\\/\\\/x.com\\\/natur__kosmetik\",\"https:\\\/\\\/www.youtube.com\\\/channel\\\/UC5oN7BJ8nfYb8RpVtjwDEBA\",\"https:\\\/\\\/www.instagram.com\\\/lrbeautyeu\\\/\"],\"description\":\"LR Aloe Vera Shop ist Ihre vertrauensw\u00fcrdige Adresse f\u00fcr hochwertige LR Health & Beauty Produkte aus Deutschland. Wir bieten Ihnen erstklassige Aloe Vera Hautpflege, N\u00e4hrstoffe und Anti-Aging-Produkte mit reinen Inhaltsstoffen, die auf wissenschaftlichen Erkenntnissen basieren. Entdecken Sie nat\u00fcrliche Pflege, die Ihre Haut regeneriert, sch\u00fctzt und revitalisiert \u2013 und profitieren Sie von exklusiven Monatsangeboten auf unsere Bestseller von LR Aloe Vera. Starten Sie noch heute Ihre Reise zu nat\u00fcrlicher Hautpflege und sp\u00fcren Sie den Unterschied.\",\"email\":\"info@lraloeverashop.eu\",\"telephone\":\"+49 17670609653\",\"legalName\":\"Lr Aloe Vera Shop\",\"foundingDate\":\"2018-04-21\",\"numberOfEmployees\":{\"@type\":\"QuantitativeValue\",\"minValue\":\"1\",\"maxValue\":\"10\"}}]}<\/script>\n<meta property=\"product:price:amount\" content=\"25.69\" \/>\n<meta property=\"product:price:currency\" content=\"EUR\" \/>\n<meta property=\"og:availability\" content=\"out of stock\" \/>\n<meta property=\"product:availability\" content=\"out of stock\" \/>\n<meta property=\"product:retailer_item_id\" content=\"23115-1DE\" \/>\n<meta property=\"product:condition\" content=\"new\" \/>\n<!-- \/ Yoast SEO Premium plugin. -->","yoast_head_json":{"title":"Sonnenmilch Spray LSF 30 k\u00fchlt und spendet intensive feuchtigkeit","description":"Sonnenmilch Spray LSF 30 mit 40% Aloe Vera und Bio-Ananasextrakt zieht schnell ein, gl\u00e4nzt nicht, klebt nicht, wei\u00dft nicht auf. Sch\u00fctzt vor UVA und UVB","robots":{"index":"index","follow":"follow","max-snippet":"max-snippet:-1","max-image-preview":"max-image-preview:large","max-video-preview":"max-video-preview:-1"},"canonical":"https:\/\/www.lraloeverashop.eu\/de\/produkt\/aloe-vera-sonnenmilch-spray-lsf-30\/","og_locale":"de_DE","og_type":"article","og_title":"Sonnenmilch Spray LSF 30 mit Aloe Vera","og_description":"Sonnenmilch Spray LSF 30 mit 40% Aloe Vera und Bio-Ananasextrakt zieht schnell ein, gl\u00e4nzt nicht, klebt nicht, wei\u00dft nicht auf. Sch\u00fctzt vor UVA und UVB","og_url":"https:\/\/www.lraloeverashop.eu\/de\/produkt\/aloe-vera-sonnenmilch-spray-lsf-30\/","og_site_name":"Lr Aloe Vera Shop","article_publisher":"https:\/\/www.facebook.com\/lraloeverashop.eu","article_modified_time":"2026-02-03T17:24:17+00:00","og_image":[{"width":1200,"height":1200,"url":"https:\/\/www.lraloeverashop.eu\/wp-content\/uploads\/2022\/12\/Aloe-Vera-Sun-Spray.jpeg","type":"image\/jpeg"}],"twitter_card":"summary_large_image","twitter_site":"@natur__kosmetik","schema":{"@context":"https:\/\/schema.org","@graph":[{"@type":["WebPage","ItemPage"],"@id":"https:\/\/www.lraloeverashop.eu\/de\/produkt\/aloe-vera-sonnenmilch-spray-lsf-30\/","url":"https:\/\/www.lraloeverashop.eu\/de\/produkt\/aloe-vera-sonnenmilch-spray-lsf-30\/","name":"Sonnenmilch Spray LSF 30 k\u00fchlt und spendet intensive feuchtigkeit","isPartOf":{"@id":"https:\/\/www.lraloeverashop.eu\/de\/#website"},"primaryImageOfPage":{"@id":"https:\/\/www.lraloeverashop.eu\/de\/produkt\/aloe-vera-sonnenmilch-spray-lsf-30\/#primaryimage"},"image":{"@id":"https:\/\/www.lraloeverashop.eu\/de\/produkt\/aloe-vera-sonnenmilch-spray-lsf-30\/#primaryimage"},"thumbnailUrl":"https:\/\/www.lraloeverashop.eu\/wp-content\/uploads\/2022\/12\/Aloe-Vera-Sun-Spray.jpeg","datePublished":"2022-12-03T19:16:02+00:00","dateModified":"2026-02-03T17:24:17+00:00","description":"Sonnenmilch Spray LSF 30 mit 40% Aloe Vera und Bio-Ananasextrakt zieht schnell ein, gl\u00e4nzt nicht, klebt nicht, wei\u00dft nicht auf. Sch\u00fctzt vor UVA und UVB","breadcrumb":{"@id":"https:\/\/www.lraloeverashop.eu\/de\/produkt\/aloe-vera-sonnenmilch-spray-lsf-30\/#breadcrumb"},"inLanguage":"de","potentialAction":[{"@type":"ReadAction","target":["https:\/\/www.lraloeverashop.eu\/de\/produkt\/aloe-vera-sonnenmilch-spray-lsf-30\/"]}]},{"@type":"ImageObject","inLanguage":"de","@id":"https:\/\/www.lraloeverashop.eu\/de\/produkt\/aloe-vera-sonnenmilch-spray-lsf-30\/#primaryimage","url":"https:\/\/www.lraloeverashop.eu\/wp-content\/uploads\/2022\/12\/Aloe-Vera-Sun-Spray.jpeg","contentUrl":"https:\/\/www.lraloeverashop.eu\/wp-content\/uploads\/2022\/12\/Aloe-Vera-Sun-Spray.jpeg","width":1200,"height":1200,"caption":"Aloe Vera Sonnenmilchspray mit mittlerem Schutz LSF 30"},{"@type":"BreadcrumbList","@id":"https:\/\/www.lraloeverashop.eu\/de\/produkt\/aloe-vera-sonnenmilch-spray-lsf-30\/#breadcrumb","itemListElement":[{"@type":"ListItem","position":1,"name":"Home","item":"https:\/\/www.lraloeverashop.eu\/de\/"},{"@type":"ListItem","position":2,"name":"Shop","item":"https:\/\/www.lraloeverashop.eu\/de\/shop-2\/"},{"@type":"ListItem","position":3,"name":"Sonnenmilch Spray LSF 30 mit Aloe Vera"}]},{"@type":"WebSite","@id":"https:\/\/www.lraloeverashop.eu\/de\/#website","url":"https:\/\/www.lraloeverashop.eu\/de\/","name":"Lr Aloe Vera Shop","description":"High Quality Lr Aloe Vera Gel, Aloe Vera Cream and Shampoo","publisher":{"@id":"https:\/\/www.lraloeverashop.eu\/de\/#organization"},"potentialAction":[{"@type":"SearchAction","target":{"@type":"EntryPoint","urlTemplate":"https:\/\/www.lraloeverashop.eu\/de\/?s={search_term_string}"},"query-input":{"@type":"PropertyValueSpecification","valueRequired":true,"valueName":"search_term_string"}}],"inLanguage":"de"},{"@type":"Organization","@id":"https:\/\/www.lraloeverashop.eu\/de\/#organization","name":"Lr Aloe Vera Shop","alternateName":"LR","url":"https:\/\/www.lraloeverashop.eu\/de\/","logo":{"@type":"ImageObject","inLanguage":"de","@id":"https:\/\/www.lraloeverashop.eu\/de\/#\/schema\/logo\/image\/","url":"https:\/\/www.lraloeverashop.eu\/wp-content\/uploads\/2022\/09\/cropped-Lr-Aloe-Vera-Shop.jpg","contentUrl":"https:\/\/www.lraloeverashop.eu\/wp-content\/uploads\/2022\/09\/cropped-Lr-Aloe-Vera-Shop.jpg","width":228,"height":76,"caption":"Lr Aloe Vera Shop"},"image":{"@id":"https:\/\/www.lraloeverashop.eu\/de\/#\/schema\/logo\/image\/"},"sameAs":["https:\/\/www.facebook.com\/lraloeverashop.eu","https:\/\/x.com\/natur__kosmetik","https:\/\/www.youtube.com\/channel\/UC5oN7BJ8nfYb8RpVtjwDEBA","https:\/\/www.instagram.com\/lrbeautyeu\/"],"description":"LR Aloe Vera Shop ist Ihre vertrauensw\u00fcrdige Adresse f\u00fcr hochwertige LR Health & Beauty Produkte aus Deutschland. Wir bieten Ihnen erstklassige Aloe Vera Hautpflege, N\u00e4hrstoffe und Anti-Aging-Produkte mit reinen Inhaltsstoffen, die auf wissenschaftlichen Erkenntnissen basieren. Entdecken Sie nat\u00fcrliche Pflege, die Ihre Haut regeneriert, sch\u00fctzt und revitalisiert \u2013 und profitieren Sie von exklusiven Monatsangeboten auf unsere Bestseller von LR Aloe Vera. Starten Sie noch heute Ihre Reise zu nat\u00fcrlicher Hautpflege und sp\u00fcren Sie den Unterschied.","email":"info@lraloeverashop.eu","telephone":"+49 17670609653","legalName":"Lr Aloe Vera Shop","foundingDate":"2018-04-21","numberOfEmployees":{"@type":"QuantitativeValue","minValue":"1","maxValue":"10"}}]},"product_price_amount":"25.69","product_price_currency":"EUR","og_availability":"out of stock","product_availability":"out of stock","product_retailer_item_id":"23115-1DE","product_condition":"new"},"taxonomy_info":{"product_cat":[{"value":213,"label":"Aloe Vera"},{"value":1007,"label":"Sonnenschutz"}],"product_tag":[{"value":1014,"label":"Sonnencreme"}]},"featured_image_src_large":["https:\/\/www.lraloeverashop.eu\/wp-content\/uploads\/2022\/12\/Aloe-Vera-Sun-Spray-1024x1024.jpeg",1024,1024,true],"author_info":[],"comment_info":0,"_links":{"self":[{"href":"https:\/\/www.lraloeverashop.eu\/de\/wp-json\/wp\/v2\/product\/8602","targetHints":{"allow":["GET"]}}],"collection":[{"href":"https:\/\/www.lraloeverashop.eu\/de\/wp-json\/wp\/v2\/product"}],"about":[{"href":"https:\/\/www.lraloeverashop.eu\/de\/wp-json\/wp\/v2\/types\/product"}],"replies":[{"embeddable":true,"href":"https:\/\/www.lraloeverashop.eu\/de\/wp-json\/wp\/v2\/comments?post=8602"}],"wp:featuredmedia":[{"embeddable":true,"href":"https:\/\/www.lraloeverashop.eu\/de\/wp-json\/wp\/v2\/media\/8433"}],"wp:attachment":[{"href":"https:\/\/www.lraloeverashop.eu\/de\/wp-json\/wp\/v2\/media?parent=8602"}],"wp:term":[{"taxonomy":"product_brand","embeddable":true,"href":"https:\/\/www.lraloeverashop.eu\/de\/wp-json\/wp\/v2\/product_brand?post=8602"},{"taxonomy":"product_cat","embeddable":true,"href":"https:\/\/www.lraloeverashop.eu\/de\/wp-json\/wp\/v2\/product_cat?post=8602"},{"taxonomy":"product_tag","embeddable":true,"href":"https:\/\/www.lraloeverashop.eu\/de\/wp-json\/wp\/v2\/product_tag?post=8602"}],"curies":[{"name":"wp","href":"https:\/\/api.w.org\/{rel}","templated":true}]}}