{"id":8566,"date":"2022-12-03T21:24:02","date_gmt":"2022-12-03T20:24:02","guid":{"rendered":"https:\/\/www.lraloeverashop.eu\/product\/vitamin-c-serum-fur-gesicht\/"},"modified":"2026-02-03T18:23:44","modified_gmt":"2026-02-03T17:23:44","slug":"vitamin-c-serum-fur-gesicht","status":"publish","type":"product","link":"https:\/\/www.lraloeverashop.eu\/de\/produkt\/vitamin-c-serum-fur-gesicht\/","title":{"rendered":"Vitamin C Serum F\u00fcr Gesicht"},"content":{"rendered":"<h2><span style=\"font-size: 16pt;\"><strong>Vitamin C Serum F\u00fcr Gesicht<\/strong><\/span><\/h2>\n<p><span style=\"font-size: 14pt;\"><strong>Vitamin C Serum F\u00fcr Gesicht mit aufhellender Wirkung f\u00fcr jugendlich aussehende Haut<\/strong><\/span><\/p>\n<p>Das Vitamin C Serum ist eine wahre Vitaminbombe f\u00fcr glatte, pralle Haut und einen ebenm\u00e4\u00dfigen, strahlenden Teint! Der perfekte Energieschub f\u00fcr <a href=\"https:\/\/www.lraloeverashop.eu\/de\/produkt\/beauty-diamonds-gesichtsol\/\">gestresste Haut<\/a>. Einfach abends vor der gewohnten Nachtpflege auf die gereinigte Haut auftragen und mit einem strahlenden Glow in den <a href=\"https:\/\/www.lraloeverashop.eu\/de\/aloe-vera-tagescreme\/\">Tag<\/a> starten!<\/p>\n<p>Vitamin C ist nicht nur von innen gut f\u00fcr das Immunsystem, sondern wirkt auf der Haut auch von au\u00dfen als dreifach wirksame Anti-Aging-Waffe:<\/p>\n<p>1. Verleiht der Haut den ultimativen Frischekick und unterst\u00fctzt sie dabei, Feuchtigkeit zu speichern.<br \/>\n2. Vitamin C Serum Reduziert Pigmentflecken und sorgt f\u00fcr einen ebenm\u00e4\u00dfigen Teint.<br \/>\n3. Regt die Kollagenbildung an und unterst\u00fctzt die <a href=\"https:\/\/www.lraloeverashop.eu\/de\/produkt\/serox-gesicht-serum\/\">Hautregeneration<\/a> \u2013 f\u00fcr straffe und glatte Haut.<\/p>\n<p>Mit unserer innovativen Gold-Technologie erreichen wir h\u00f6chste Wirkstoffstabilit\u00e4t. Dank feinster Goldpartikel bleibt die volle Kraft des Vitamin C bis zum letzten Serumtropfen erhalten!<\/p>\n<p>&nbsp;<\/p>\n<h3><span style=\"font-size: 16pt;\"><strong>Verwendung<\/strong><\/span><\/h3>\n<p>Abends vor der gewohnten Nachtpflege Vitamin C Serum auf die gereinigte Haut auftragen.<\/p>\n","protected":false},"excerpt":{"rendered":"<ul>\n<li>Neu: Vitaminbombe f\u00fcr die Haut!<\/li>\n<li>F\u00fcr glatte, pralle Haut und einen ebenm\u00e4\u00dfigen, strahlenden Teint!<\/li>\n<li>Energieschub f\u00fcr gestresste Haut<\/li>\n<li>Reduziert Pigmentflecken<\/li>\n<li>Stimuliert die Kollagenbildung<\/li>\n<li>Unterst\u00fctzt die Regeneration der Haut<\/li>\n<li>Inhalt: 30 ml<\/li>\n<\/ul>\n<p><span style=\"color: #ff0000;\"><a style=\"color: #ff0000;\" href=\"https:\/\/shop.lrworld.com\/openpao?PHP=0vFlt7jT938BEnBI3a6e9w%3D%3D\"><span style=\"font-size: 14pt;\"><strong>Hier registrieren und dauerhaft 35\u202f% sparen<\/strong><\/span><\/a><\/span><\/p>\n","protected":false},"featured_media":8482,"comment_status":"open","ping_status":"closed","template":"","meta":{"_kad_blocks_custom_css":"","_kad_blocks_head_custom_js":"","_kad_blocks_body_custom_js":"","_kad_blocks_footer_custom_js":"","_kadence_starter_templates_imported_post":false,"_kad_post_transparent":"default","_kad_post_title":"","_kad_post_layout":"default","_kad_post_sidebar_id":"","_kad_post_content_style":"default","_kad_post_vertical_padding":"default","_kad_post_feature":"","_kad_post_feature_position":"","_kad_post_header":false,"_kad_post_footer":false,"_kad_post_classname":""},"product_brand":[],"product_cat":[267,328,285,279,273,393],"product_tag":[],"class_list":{"0":"post-8566","1":"product","2":"type-product","3":"status-publish","4":"has-post-thumbnail","6":"product_cat-anti-aging-pflege","7":"product_cat-anti-age-produkte","8":"product_cat-frauen-bis-40","9":"product_cat-frauen-uber-40","10":"product_cat-manner-uber-25","11":"product_cat-zeitgard-de","13":"first","14":"instock","15":"taxable","16":"shipping-taxable","17":"purchasable","18":"product-type-simple","19":"entry","20":"content-bg","21":"loop-entry"},"yoast_head":"<!-- This site is optimized with the Yoast SEO Premium plugin v27.3 (Yoast SEO v27.3) - https:\/\/yoast.com\/product\/yoast-seo-premium-wordpress\/ -->\n<title>Vitamin C Serum F\u00fcr Gesicht - Neue Vitaminbombe f\u00fcr die Haut<\/title>\n<meta name=\"description\" content=\"Vitamin C Serum F\u00fcr Gesicht F\u00fcr glatte, pralle Haut und einen ebenm\u00e4\u00dfigen, strahlenden Teint. Reduziert Pigmentflecken und Stimuliert die Kollagenbildung\" \/>\n<meta name=\"robots\" content=\"index, follow, max-snippet:-1, max-image-preview:large, max-video-preview:-1\" \/>\n<link rel=\"canonical\" href=\"https:\/\/www.lraloeverashop.eu\/de\/produkt\/vitamin-c-serum-fur-gesicht\/\" \/>\n<meta property=\"og:locale\" content=\"de_DE\" \/>\n<meta property=\"og:type\" content=\"article\" \/>\n<meta property=\"og:title\" content=\"Vitamin C Serum F\u00fcr Gesicht\" \/>\n<meta property=\"og:description\" content=\"Vitamin C Serum F\u00fcr Gesicht F\u00fcr glatte, pralle Haut und einen ebenm\u00e4\u00dfigen, strahlenden Teint. Reduziert Pigmentflecken und Stimuliert die Kollagenbildung\" \/>\n<meta property=\"og:url\" content=\"https:\/\/www.lraloeverashop.eu\/de\/produkt\/vitamin-c-serum-fur-gesicht\/\" \/>\n<meta property=\"og:site_name\" content=\"Lr Aloe Vera Shop\" \/>\n<meta property=\"article:publisher\" content=\"https:\/\/www.facebook.com\/lraloeverashop.eu\" \/>\n<meta property=\"article:modified_time\" content=\"2026-02-03T17:23:44+00:00\" \/>\n<meta property=\"og:image\" content=\"https:\/\/www.lraloeverashop.eu\/wp-content\/uploads\/2022\/12\/Vitamin-C-Face-Serum.jpg\" \/>\n\t<meta property=\"og:image:width\" content=\"1200\" \/>\n\t<meta property=\"og:image:height\" content=\"1200\" \/>\n\t<meta property=\"og:image:type\" content=\"image\/jpeg\" \/>\n<meta name=\"twitter:card\" content=\"summary_large_image\" \/>\n<meta name=\"twitter:site\" content=\"@natur__kosmetik\" \/>\n<script type=\"application\/ld+json\" class=\"yoast-schema-graph\">{\"@context\":\"https:\\\/\\\/schema.org\",\"@graph\":[{\"@type\":[\"WebPage\",\"ItemPage\"],\"@id\":\"https:\\\/\\\/www.lraloeverashop.eu\\\/de\\\/produkt\\\/vitamin-c-serum-fur-gesicht\\\/\",\"url\":\"https:\\\/\\\/www.lraloeverashop.eu\\\/de\\\/produkt\\\/vitamin-c-serum-fur-gesicht\\\/\",\"name\":\"Vitamin C Serum F\u00fcr Gesicht - Neue Vitaminbombe f\u00fcr die Haut\",\"isPartOf\":{\"@id\":\"https:\\\/\\\/www.lraloeverashop.eu\\\/de\\\/#website\"},\"primaryImageOfPage\":{\"@id\":\"https:\\\/\\\/www.lraloeverashop.eu\\\/de\\\/produkt\\\/vitamin-c-serum-fur-gesicht\\\/#primaryimage\"},\"image\":{\"@id\":\"https:\\\/\\\/www.lraloeverashop.eu\\\/de\\\/produkt\\\/vitamin-c-serum-fur-gesicht\\\/#primaryimage\"},\"thumbnailUrl\":\"https:\\\/\\\/www.lraloeverashop.eu\\\/wp-content\\\/uploads\\\/2022\\\/12\\\/Vitamin-C-Face-Serum.jpg\",\"datePublished\":\"2022-12-03T20:24:02+00:00\",\"dateModified\":\"2026-02-03T17:23:44+00:00\",\"description\":\"Vitamin C Serum F\u00fcr Gesicht F\u00fcr glatte, pralle Haut und einen ebenm\u00e4\u00dfigen, strahlenden Teint. Reduziert Pigmentflecken und Stimuliert die Kollagenbildung\",\"breadcrumb\":{\"@id\":\"https:\\\/\\\/www.lraloeverashop.eu\\\/de\\\/produkt\\\/vitamin-c-serum-fur-gesicht\\\/#breadcrumb\"},\"inLanguage\":\"de\",\"potentialAction\":[{\"@type\":\"ReadAction\",\"target\":[\"https:\\\/\\\/www.lraloeverashop.eu\\\/de\\\/produkt\\\/vitamin-c-serum-fur-gesicht\\\/\"]}]},{\"@type\":\"ImageObject\",\"inLanguage\":\"de\",\"@id\":\"https:\\\/\\\/www.lraloeverashop.eu\\\/de\\\/produkt\\\/vitamin-c-serum-fur-gesicht\\\/#primaryimage\",\"url\":\"https:\\\/\\\/www.lraloeverashop.eu\\\/wp-content\\\/uploads\\\/2022\\\/12\\\/Vitamin-C-Face-Serum.jpg\",\"contentUrl\":\"https:\\\/\\\/www.lraloeverashop.eu\\\/wp-content\\\/uploads\\\/2022\\\/12\\\/Vitamin-C-Face-Serum.jpg\",\"width\":1200,\"height\":1200,\"caption\":\"Vitamin C Serum F\u00fcr Gesichtf\u00fcr jugendliche Haut\"},{\"@type\":\"BreadcrumbList\",\"@id\":\"https:\\\/\\\/www.lraloeverashop.eu\\\/de\\\/produkt\\\/vitamin-c-serum-fur-gesicht\\\/#breadcrumb\",\"itemListElement\":[{\"@type\":\"ListItem\",\"position\":1,\"name\":\"Home\",\"item\":\"https:\\\/\\\/www.lraloeverashop.eu\\\/de\\\/\"},{\"@type\":\"ListItem\",\"position\":2,\"name\":\"Shop\",\"item\":\"https:\\\/\\\/www.lraloeverashop.eu\\\/de\\\/shop-2\\\/\"},{\"@type\":\"ListItem\",\"position\":3,\"name\":\"Vitamin C Serum F\u00fcr Gesicht\"}]},{\"@type\":\"WebSite\",\"@id\":\"https:\\\/\\\/www.lraloeverashop.eu\\\/de\\\/#website\",\"url\":\"https:\\\/\\\/www.lraloeverashop.eu\\\/de\\\/\",\"name\":\"Lr Aloe Vera Shop\",\"description\":\"High Quality Lr Aloe Vera Gel, Aloe Vera Cream and Shampoo\",\"publisher\":{\"@id\":\"https:\\\/\\\/www.lraloeverashop.eu\\\/de\\\/#organization\"},\"potentialAction\":[{\"@type\":\"SearchAction\",\"target\":{\"@type\":\"EntryPoint\",\"urlTemplate\":\"https:\\\/\\\/www.lraloeverashop.eu\\\/de\\\/?s={search_term_string}\"},\"query-input\":{\"@type\":\"PropertyValueSpecification\",\"valueRequired\":true,\"valueName\":\"search_term_string\"}}],\"inLanguage\":\"de\"},{\"@type\":\"Organization\",\"@id\":\"https:\\\/\\\/www.lraloeverashop.eu\\\/de\\\/#organization\",\"name\":\"Lr Aloe Vera Shop\",\"alternateName\":\"LR\",\"url\":\"https:\\\/\\\/www.lraloeverashop.eu\\\/de\\\/\",\"logo\":{\"@type\":\"ImageObject\",\"inLanguage\":\"de\",\"@id\":\"https:\\\/\\\/www.lraloeverashop.eu\\\/de\\\/#\\\/schema\\\/logo\\\/image\\\/\",\"url\":\"https:\\\/\\\/www.lraloeverashop.eu\\\/wp-content\\\/uploads\\\/2022\\\/09\\\/cropped-Lr-Aloe-Vera-Shop.jpg\",\"contentUrl\":\"https:\\\/\\\/www.lraloeverashop.eu\\\/wp-content\\\/uploads\\\/2022\\\/09\\\/cropped-Lr-Aloe-Vera-Shop.jpg\",\"width\":228,\"height\":76,\"caption\":\"Lr Aloe Vera Shop\"},\"image\":{\"@id\":\"https:\\\/\\\/www.lraloeverashop.eu\\\/de\\\/#\\\/schema\\\/logo\\\/image\\\/\"},\"sameAs\":[\"https:\\\/\\\/www.facebook.com\\\/lraloeverashop.eu\",\"https:\\\/\\\/x.com\\\/natur__kosmetik\",\"https:\\\/\\\/www.youtube.com\\\/channel\\\/UC5oN7BJ8nfYb8RpVtjwDEBA\",\"https:\\\/\\\/www.instagram.com\\\/lrbeautyeu\\\/\"]}]}<\/script>\n<meta property=\"product:price:amount\" content=\"48.59\" \/>\n<meta property=\"product:price:currency\" content=\"EUR\" \/>\n<meta property=\"og:availability\" content=\"instock\" \/>\n<meta property=\"product:availability\" content=\"instock\" \/>\n<meta property=\"product:retailer_item_id\" content=\"28191-1DE\" \/>\n<meta property=\"product:condition\" content=\"new\" \/>\n<!-- \/ Yoast SEO Premium plugin. -->","yoast_head_json":{"title":"Vitamin C Serum F\u00fcr Gesicht - Neue Vitaminbombe f\u00fcr die Haut","description":"Vitamin C Serum F\u00fcr Gesicht F\u00fcr glatte, pralle Haut und einen ebenm\u00e4\u00dfigen, strahlenden Teint. Reduziert Pigmentflecken und Stimuliert die Kollagenbildung","robots":{"index":"index","follow":"follow","max-snippet":"max-snippet:-1","max-image-preview":"max-image-preview:large","max-video-preview":"max-video-preview:-1"},"canonical":"https:\/\/www.lraloeverashop.eu\/de\/produkt\/vitamin-c-serum-fur-gesicht\/","og_locale":"de_DE","og_type":"article","og_title":"Vitamin C Serum F\u00fcr Gesicht","og_description":"Vitamin C Serum F\u00fcr Gesicht F\u00fcr glatte, pralle Haut und einen ebenm\u00e4\u00dfigen, strahlenden Teint. Reduziert Pigmentflecken und Stimuliert die Kollagenbildung","og_url":"https:\/\/www.lraloeverashop.eu\/de\/produkt\/vitamin-c-serum-fur-gesicht\/","og_site_name":"Lr Aloe Vera Shop","article_publisher":"https:\/\/www.facebook.com\/lraloeverashop.eu","article_modified_time":"2026-02-03T17:23:44+00:00","og_image":[{"width":1200,"height":1200,"url":"https:\/\/www.lraloeverashop.eu\/wp-content\/uploads\/2022\/12\/Vitamin-C-Face-Serum.jpg","type":"image\/jpeg"}],"twitter_card":"summary_large_image","twitter_site":"@natur__kosmetik","schema":{"@context":"https:\/\/schema.org","@graph":[{"@type":["WebPage","ItemPage"],"@id":"https:\/\/www.lraloeverashop.eu\/de\/produkt\/vitamin-c-serum-fur-gesicht\/","url":"https:\/\/www.lraloeverashop.eu\/de\/produkt\/vitamin-c-serum-fur-gesicht\/","name":"Vitamin C Serum F\u00fcr Gesicht - Neue Vitaminbombe f\u00fcr die Haut","isPartOf":{"@id":"https:\/\/www.lraloeverashop.eu\/de\/#website"},"primaryImageOfPage":{"@id":"https:\/\/www.lraloeverashop.eu\/de\/produkt\/vitamin-c-serum-fur-gesicht\/#primaryimage"},"image":{"@id":"https:\/\/www.lraloeverashop.eu\/de\/produkt\/vitamin-c-serum-fur-gesicht\/#primaryimage"},"thumbnailUrl":"https:\/\/www.lraloeverashop.eu\/wp-content\/uploads\/2022\/12\/Vitamin-C-Face-Serum.jpg","datePublished":"2022-12-03T20:24:02+00:00","dateModified":"2026-02-03T17:23:44+00:00","description":"Vitamin C Serum F\u00fcr Gesicht F\u00fcr glatte, pralle Haut und einen ebenm\u00e4\u00dfigen, strahlenden Teint. Reduziert Pigmentflecken und Stimuliert die Kollagenbildung","breadcrumb":{"@id":"https:\/\/www.lraloeverashop.eu\/de\/produkt\/vitamin-c-serum-fur-gesicht\/#breadcrumb"},"inLanguage":"de","potentialAction":[{"@type":"ReadAction","target":["https:\/\/www.lraloeverashop.eu\/de\/produkt\/vitamin-c-serum-fur-gesicht\/"]}]},{"@type":"ImageObject","inLanguage":"de","@id":"https:\/\/www.lraloeverashop.eu\/de\/produkt\/vitamin-c-serum-fur-gesicht\/#primaryimage","url":"https:\/\/www.lraloeverashop.eu\/wp-content\/uploads\/2022\/12\/Vitamin-C-Face-Serum.jpg","contentUrl":"https:\/\/www.lraloeverashop.eu\/wp-content\/uploads\/2022\/12\/Vitamin-C-Face-Serum.jpg","width":1200,"height":1200,"caption":"Vitamin C Serum F\u00fcr Gesichtf\u00fcr jugendliche Haut"},{"@type":"BreadcrumbList","@id":"https:\/\/www.lraloeverashop.eu\/de\/produkt\/vitamin-c-serum-fur-gesicht\/#breadcrumb","itemListElement":[{"@type":"ListItem","position":1,"name":"Home","item":"https:\/\/www.lraloeverashop.eu\/de\/"},{"@type":"ListItem","position":2,"name":"Shop","item":"https:\/\/www.lraloeverashop.eu\/de\/shop-2\/"},{"@type":"ListItem","position":3,"name":"Vitamin C Serum F\u00fcr Gesicht"}]},{"@type":"WebSite","@id":"https:\/\/www.lraloeverashop.eu\/de\/#website","url":"https:\/\/www.lraloeverashop.eu\/de\/","name":"Lr Aloe Vera Shop","description":"High Quality Lr Aloe Vera Gel, Aloe Vera Cream and Shampoo","publisher":{"@id":"https:\/\/www.lraloeverashop.eu\/de\/#organization"},"potentialAction":[{"@type":"SearchAction","target":{"@type":"EntryPoint","urlTemplate":"https:\/\/www.lraloeverashop.eu\/de\/?s={search_term_string}"},"query-input":{"@type":"PropertyValueSpecification","valueRequired":true,"valueName":"search_term_string"}}],"inLanguage":"de"},{"@type":"Organization","@id":"https:\/\/www.lraloeverashop.eu\/de\/#organization","name":"Lr Aloe Vera Shop","alternateName":"LR","url":"https:\/\/www.lraloeverashop.eu\/de\/","logo":{"@type":"ImageObject","inLanguage":"de","@id":"https:\/\/www.lraloeverashop.eu\/de\/#\/schema\/logo\/image\/","url":"https:\/\/www.lraloeverashop.eu\/wp-content\/uploads\/2022\/09\/cropped-Lr-Aloe-Vera-Shop.jpg","contentUrl":"https:\/\/www.lraloeverashop.eu\/wp-content\/uploads\/2022\/09\/cropped-Lr-Aloe-Vera-Shop.jpg","width":228,"height":76,"caption":"Lr Aloe Vera Shop"},"image":{"@id":"https:\/\/www.lraloeverashop.eu\/de\/#\/schema\/logo\/image\/"},"sameAs":["https:\/\/www.facebook.com\/lraloeverashop.eu","https:\/\/x.com\/natur__kosmetik","https:\/\/www.youtube.com\/channel\/UC5oN7BJ8nfYb8RpVtjwDEBA","https:\/\/www.instagram.com\/lrbeautyeu\/"]}]},"product_price_amount":"48.59","product_price_currency":"EUR","og_availability":"instock","product_availability":"instock","product_retailer_item_id":"28191-1DE","product_condition":"new"},"taxonomy_info":{"product_cat":[{"value":267,"label":"Anti Aging Pflege"},{"value":328,"label":"Anti-Age-Produkte"},{"value":285,"label":"Frauen bis 40"},{"value":279,"label":"Frauen \u00fcber 40"},{"value":273,"label":"M\u00e4nner \u00fcber 25"},{"value":393,"label":"Zeitgard"}]},"featured_image_src_large":["https:\/\/www.lraloeverashop.eu\/wp-content\/uploads\/2022\/12\/Vitamin-C-Face-Serum-1024x1024.jpg",1024,1024,true],"author_info":[],"comment_info":0,"_links":{"self":[{"href":"https:\/\/www.lraloeverashop.eu\/de\/wp-json\/wp\/v2\/product\/8566","targetHints":{"allow":["GET"]}}],"collection":[{"href":"https:\/\/www.lraloeverashop.eu\/de\/wp-json\/wp\/v2\/product"}],"about":[{"href":"https:\/\/www.lraloeverashop.eu\/de\/wp-json\/wp\/v2\/types\/product"}],"replies":[{"embeddable":true,"href":"https:\/\/www.lraloeverashop.eu\/de\/wp-json\/wp\/v2\/comments?post=8566"}],"wp:featuredmedia":[{"embeddable":true,"href":"https:\/\/www.lraloeverashop.eu\/de\/wp-json\/wp\/v2\/media\/8482"}],"wp:attachment":[{"href":"https:\/\/www.lraloeverashop.eu\/de\/wp-json\/wp\/v2\/media?parent=8566"}],"wp:term":[{"taxonomy":"product_brand","embeddable":true,"href":"https:\/\/www.lraloeverashop.eu\/de\/wp-json\/wp\/v2\/product_brand?post=8566"},{"taxonomy":"product_cat","embeddable":true,"href":"https:\/\/www.lraloeverashop.eu\/de\/wp-json\/wp\/v2\/product_cat?post=8566"},{"taxonomy":"product_tag","embeddable":true,"href":"https:\/\/www.lraloeverashop.eu\/de\/wp-json\/wp\/v2\/product_tag?post=8566"}],"curies":[{"name":"wp","href":"https:\/\/api.w.org\/{rel}","templated":true}]}}