{"id":28061,"date":"2025-05-04T14:08:17","date_gmt":"2025-05-04T12:08:17","guid":{"rendered":"https:\/\/www.lraloeverashop.eu\/product\/creme-gegen-dehnungsstreifen\/"},"modified":"2026-02-03T18:13:58","modified_gmt":"2026-02-03T17:13:58","slug":"creme-gegen-dehnungsstreifen","status":"publish","type":"product","link":"https:\/\/www.lraloeverashop.eu\/de\/produkt\/creme-gegen-dehnungsstreifen\/","title":{"rendered":"Creme gegen Dehnungsstreifen Lr Aloe Vera Lotion"},"content":{"rendered":"<h2><span style=\"font-size: 16pt;\"><strong>Creme gegen Dehnungsstreifen Lr Aloe Vera Lotion<\/strong><\/span><\/h2>\n<p><span style=\"font-size: 14pt;\"><strong>Creme gegen Dehnungsstreifen Lr Aloe Vera reduziert das Erscheinungsbild von Schwangerschaftsstreifen <\/strong><\/span><\/p>\n<p>Die Creme gegen Dehnungsstreifen unterst\u00fctzt Ihre Haut bei Ver\u00e4nderungen. Die Haut kann sich w\u00e4hrend der Schwangerschaft, bei Gewichtsschwankungen, Muskelwachstum oder nach Operationen dehnen. Diese Ver\u00e4nderungen f\u00fchren oft zu Dehnungsstreifen und einem Verlust an Festigkeit. Diese Creme f\u00fcr Dehnungsstreifen wurde entwickelt, um das Aussehen und das Gef\u00fchl von Dehnungsstreifen zu verbessern und gleichzeitig die Haut weich und gut hydratisiert zu halten.<\/p>\n<p>Centella Asiatica (auch bekannt als CICA oder Tigergras) ist ein Hauptbestandteil. In der traditionellen chinesischen Hautpflege verwendet, unterst\u00fctzt sie die Regeneration der Haut. Die Formel enth\u00e4lt einen hohen Anteil von 15% Aloe Vera. Zudem enth\u00e4lt sie fermentiertes Aloe-Vera-Gel, das zusammen mit Regestril\u2122 gezielt gedehnte Hautpartien verbessert.<\/p>\n<p>Sichtbare Ergebnisse wurden bereits nach 8 Wochen nachgewiesen. In aktuellen Studien berichteten Anwender von einer 18%igen Reduktion des Volumens und der Pigmentierung von Dehnungsstreifen sowie einer 13%igen Verringerung des Gesamterscheinungsbildes.<\/p>\n<p>Die Beste Creme Gegen Dehnungsstreifen sollte mehr k\u00f6nnen als nur kaschieren. Diese Formel geht weiter: Sie spendet tiefenwirksame Feuchtigkeit, damit die Haut geschmeidig bleibt. Sie unterst\u00fctzt die Festigkeit und Elastizit\u00e4t der Haut. Sie ist ohne Duftstoffe und daher sanft genug f\u00fcr die t\u00e4gliche Pflege aller Hauttypen, auch empfindlicher Haut. Sie kann bei neuen und alten Dehnungsstreifen, ob rot oder wei\u00df, angewendet werden.<\/p>\n<p>Die Creme gegen Dehnungsstreifen hat eine glatte Textur, l\u00e4sst sich leicht auftragen und zieht schnell ein. F\u00fcr beste Ergebnisse zweimal t\u00e4glich einmassieren. Sie hinterl\u00e4sst ein gepflegtes Hautgef\u00fchl und hilft, neuen Streifen vorzubeugen.<\/p>\n<p><a href=\"https:\/\/www.lraloeverashop.eu\/wp-content\/uploads\/2025\/05\/Lotion-for-pregnancy-stretch-marks.jpg\"><img loading=\"lazy\" decoding=\"async\" class=\"alignleft size-full wp-image-28046\" src=\"https:\/\/www.lraloeverashop.eu\/wp-content\/uploads\/2025\/05\/Lotion-for-pregnancy-stretch-marks.jpg\" alt=\"Aloe Vera Creme gegen Schwangerschaftsstreifen mit fermentiertem Aloe Vera Gel\" width=\"1280\" height=\"720\" srcset=\"https:\/\/www.lraloeverashop.eu\/wp-content\/uploads\/2025\/05\/Lotion-for-pregnancy-stretch-marks.jpg 1280w, https:\/\/www.lraloeverashop.eu\/wp-content\/uploads\/2025\/05\/Lotion-for-pregnancy-stretch-marks-300x169.jpg 300w, https:\/\/www.lraloeverashop.eu\/wp-content\/uploads\/2025\/05\/Lotion-for-pregnancy-stretch-marks-1024x576.jpg 1024w, https:\/\/www.lraloeverashop.eu\/wp-content\/uploads\/2025\/05\/Lotion-for-pregnancy-stretch-marks-768x432.jpg 768w, https:\/\/www.lraloeverashop.eu\/wp-content\/uploads\/2025\/05\/Lotion-for-pregnancy-stretch-marks-600x338.jpg 600w\" sizes=\"auto, (max-width: 1280px) 100vw, 1280px\" \/><\/a><\/p>\n<h3><strong><span style=\"font-size: 16pt;\">Produkteigenschaften<\/span><\/strong><\/h3>\n<ul>\n<li>15 % Aloe Vera und fermentiertes Aloe-Vera-Gel f\u00fcr eine optimale Hautunterst\u00fctzung<\/li>\n<li>Enth\u00e4lt Regestril\u2122 und Centella asiatica (CICA) zur Unterst\u00fctzung der Hautregeneration<\/li>\n<li>Klinisch erwiesen: Dehnungsstreifencreme Reduziert Volumen, Farbe und Erscheinungsbild von Dehnungsstreifen<\/li>\n<li>Spendet tiefenwirksam Feuchtigkeit f\u00fcr weiche, elastische Haut<\/li>\n<li>Parf\u00fcmfrei und sicher <a href=\"https:\/\/www.lraloeverashop.eu\/de\/produkt\/lr-aloe-vera-notfallgel\/\">f\u00fcr empfindliche Haut<\/a><\/li>\n<li>Lotion gegen Dehnungsstreifen \u2013 geeignet w\u00e4hrend der Schwangerschaft, nach Operationen, w\u00e4hrend einer Di\u00e4t oder beim Muskelaufbau<\/li>\n<li>Ideal f\u00fcr unterwegs oder in der Tasche<\/li>\n<li>Dehnungsstreifencreme kann sowohl zur Vorbeugung als auch zur Behandlung von Dehnungsstreifen verwendet werden<\/li>\n<li>Leichte, schnell einziehende Formel f\u00fcr die t\u00e4gliche Anwendung<\/li>\n<li>Dermatologisch getestet, mit sichtbarer Wirkung in Studien best\u00e4tigt<\/li>\n<\/ul>\n<h4><strong><span style=\"font-size: 16pt;\">Anwendung<\/span><\/strong><\/h4>\n<p>Zweimal t\u00e4glich Dehnungsstreifencreme Lr Lotion auf die betroffenen Stellen auftragen. Sanft einmassieren, bis die Lotion vollst\u00e4ndig eingezogen ist. F\u00fcr zus\u00e4tzliche Wirkung mit einem Massageger\u00e4t f\u00fcr die Haut verwenden.<\/p>\n<p>F\u00fcr glattere Haut anschlie\u00dfend eine <a href=\"https:\/\/www.lraloeverashop.eu\/de\/produkt\/aloe-vera-zarte-hautcreme\/\">Aloe Vera Zarte Hautcreme<\/a> auftragen.<\/p>\n<p>Die Creme gegen Dehnungsstreifen wirkt effektiv gegen Schwangerschaftsstreifen und ist ideal f\u00fcr alle, die eine Lotion zur Reduzierung von Dehnungsstreifen durch andere k\u00f6rperliche Ver\u00e4nderungen suchen. Die bew\u00e4hrten Inhaltsstoffe und die sanfte Formel machen sie zu einer vertrauensw\u00fcrdigen Wahl.<\/p>\n<p>W\u00e4hlen Sie diese Dehnungsstreifencreme und erleben Sie den Unterschied: geschmeidigere, elastischere und sichtbar gepflegte Haut.<\/p>\n<p>* Best\u00e4tigt durch Anwendungstests \u00fcber 8 Wochen mit 20 Testpersonen, gefolgt von dermatologischer Beurteilung, 3D-Hautanalyse und Korneometrie im Oktober 2024<\/p>\n","protected":false},"excerpt":{"rendered":"<ul>\n<li>15 % Aloe Vera mit fermentiertem Aloe-Vera-Gel f\u00fcr eine bessere Wirkung<\/li>\n<li>Mit Regestril\u2122 und Centella asiatica (CICA) zur Unterst\u00fctzung der Hautregeneration<\/li>\n<li>Dermatologisch getestet, mit best\u00e4tigter sichtbarer Verbesserung<\/li>\n<li>Dehnungsstreifencreme Lotion geeignet f\u00fcr die Anwendung w\u00e4hrend und nach der Schwangerschaft<\/li>\n<li>Duftfrei und sanft zu empfindlicher Haut<\/li>\n<li>Inhalt: 150 ml<\/li>\n<\/ul>\n<p><span style=\"color: #ff0000;\"><a style=\"color: #ff0000;\" href=\"https:\/\/shop.lrworld.com\/openpao?PHP=0vFlt7jT938BEnBI3a6e9w%3D%3D\"><span style=\"font-size: 14pt;\"><strong>Hier registrieren und dauerhaft 35\u202f% sparen<\/strong><\/span><\/a><\/span><\/p>\n","protected":false},"featured_media":27916,"comment_status":"open","ping_status":"closed","template":"","meta":{"_kad_blocks_custom_css":"","_kad_blocks_head_custom_js":"","_kad_blocks_body_custom_js":"","_kad_blocks_footer_custom_js":"","_kadence_starter_templates_imported_post":false,"_kad_post_transparent":"default","_kad_post_title":"","_kad_post_layout":"default","_kad_post_sidebar_id":"","_kad_post_content_style":"default","_kad_post_vertical_padding":"default","_kad_post_feature":"","_kad_post_feature_position":"","_kad_post_header":false,"_kad_post_footer":false,"_kad_post_classname":""},"product_brand":[],"product_cat":[213,228],"product_tag":[1195,1205,537],"class_list":{"0":"post-28061","1":"product","2":"type-product","3":"status-publish","4":"has-post-thumbnail","6":"product_cat-aloe-vera-de","7":"product_cat-korperpflege","8":"product_tag-dehnungsstreifen","9":"product_tag-fermentiertes-aloe-gel","10":"product_tag-massage-de","12":"first","13":"instock","14":"taxable","15":"shipping-taxable","16":"purchasable","17":"product-type-simple","18":"entry","19":"content-bg","20":"loop-entry"},"yoast_head":"<!-- This site is optimized with the Yoast SEO Premium plugin v27.4 (Yoast SEO v27.4) - https:\/\/yoast.com\/product\/yoast-seo-premium-wordpress\/ -->\n<title>Creme gegen Dehnungsstreifen mit Regestril\u2122 und Centella<\/title>\n<meta name=\"description\" content=\"Die Creme Gegen Dehnungsstreifen hilft, das Erscheinungsbild von Dehnungsstreifen nach Operationen oder Schwangerschaft zu reduzieren.\" \/>\n<meta name=\"robots\" content=\"index, follow, max-snippet:-1, max-image-preview:large, max-video-preview:-1\" \/>\n<link rel=\"canonical\" href=\"https:\/\/www.lraloeverashop.eu\/de\/produkt\/creme-gegen-dehnungsstreifen\/\" \/>\n<meta property=\"og:locale\" content=\"de_DE\" \/>\n<meta property=\"og:type\" content=\"article\" \/>\n<meta property=\"og:title\" content=\"Creme gegen Dehnungsstreifen Lr Aloe Vera Lotion\" \/>\n<meta property=\"og:description\" content=\"Die Creme Gegen Dehnungsstreifen hilft, das Erscheinungsbild von Dehnungsstreifen nach Operationen oder Schwangerschaft zu reduzieren.\" \/>\n<meta property=\"og:url\" content=\"https:\/\/www.lraloeverashop.eu\/de\/produkt\/creme-gegen-dehnungsstreifen\/\" \/>\n<meta property=\"og:site_name\" content=\"Lr Aloe Vera Shop\" \/>\n<meta property=\"article:publisher\" content=\"https:\/\/www.facebook.com\/lraloeverashop.eu\" \/>\n<meta property=\"article:modified_time\" content=\"2026-02-03T17:13:58+00:00\" \/>\n<meta property=\"og:image\" content=\"https:\/\/www.lraloeverashop.eu\/wp-content\/uploads\/2025\/05\/Lotion-for-Stretch-Marks.jpeg\" \/>\n\t<meta property=\"og:image:width\" content=\"1200\" \/>\n\t<meta property=\"og:image:height\" content=\"1200\" \/>\n\t<meta property=\"og:image:type\" content=\"image\/jpeg\" \/>\n<meta name=\"twitter:card\" content=\"summary_large_image\" \/>\n<meta name=\"twitter:site\" content=\"@natur__kosmetik\" \/>\n<script type=\"application\/ld+json\" class=\"yoast-schema-graph\">{\"@context\":\"https:\\\/\\\/schema.org\",\"@graph\":[{\"@type\":[\"WebPage\",\"ItemPage\"],\"@id\":\"https:\\\/\\\/www.lraloeverashop.eu\\\/de\\\/produkt\\\/creme-gegen-dehnungsstreifen\\\/\",\"url\":\"https:\\\/\\\/www.lraloeverashop.eu\\\/de\\\/produkt\\\/creme-gegen-dehnungsstreifen\\\/\",\"name\":\"Creme gegen Dehnungsstreifen mit Regestril\u2122 und Centella\",\"isPartOf\":{\"@id\":\"https:\\\/\\\/www.lraloeverashop.eu\\\/de\\\/#website\"},\"primaryImageOfPage\":{\"@id\":\"https:\\\/\\\/www.lraloeverashop.eu\\\/de\\\/produkt\\\/creme-gegen-dehnungsstreifen\\\/#primaryimage\"},\"image\":{\"@id\":\"https:\\\/\\\/www.lraloeverashop.eu\\\/de\\\/produkt\\\/creme-gegen-dehnungsstreifen\\\/#primaryimage\"},\"thumbnailUrl\":\"https:\\\/\\\/www.lraloeverashop.eu\\\/wp-content\\\/uploads\\\/2025\\\/05\\\/Lotion-for-Stretch-Marks.jpeg\",\"datePublished\":\"2025-05-04T12:08:17+00:00\",\"dateModified\":\"2026-02-03T17:13:58+00:00\",\"description\":\"Die Creme Gegen Dehnungsstreifen hilft, das Erscheinungsbild von Dehnungsstreifen nach Operationen oder Schwangerschaft zu reduzieren.\",\"breadcrumb\":{\"@id\":\"https:\\\/\\\/www.lraloeverashop.eu\\\/de\\\/produkt\\\/creme-gegen-dehnungsstreifen\\\/#breadcrumb\"},\"inLanguage\":\"de\",\"potentialAction\":[{\"@type\":\"ReadAction\",\"target\":[\"https:\\\/\\\/www.lraloeverashop.eu\\\/de\\\/produkt\\\/creme-gegen-dehnungsstreifen\\\/\"]}]},{\"@type\":\"ImageObject\",\"inLanguage\":\"de\",\"@id\":\"https:\\\/\\\/www.lraloeverashop.eu\\\/de\\\/produkt\\\/creme-gegen-dehnungsstreifen\\\/#primaryimage\",\"url\":\"https:\\\/\\\/www.lraloeverashop.eu\\\/wp-content\\\/uploads\\\/2025\\\/05\\\/Lotion-for-Stretch-Marks.jpeg\",\"contentUrl\":\"https:\\\/\\\/www.lraloeverashop.eu\\\/wp-content\\\/uploads\\\/2025\\\/05\\\/Lotion-for-Stretch-Marks.jpeg\",\"width\":1200,\"height\":1200,\"caption\":\"Creme f\u00fcr Dehnungsstreifen Stretchmarks lotion regeneriert die Hautstruktur\"},{\"@type\":\"BreadcrumbList\",\"@id\":\"https:\\\/\\\/www.lraloeverashop.eu\\\/de\\\/produkt\\\/creme-gegen-dehnungsstreifen\\\/#breadcrumb\",\"itemListElement\":[{\"@type\":\"ListItem\",\"position\":1,\"name\":\"Home\",\"item\":\"https:\\\/\\\/www.lraloeverashop.eu\\\/de\\\/\"},{\"@type\":\"ListItem\",\"position\":2,\"name\":\"Shop\",\"item\":\"https:\\\/\\\/www.lraloeverashop.eu\\\/de\\\/shop-2\\\/\"},{\"@type\":\"ListItem\",\"position\":3,\"name\":\"Creme gegen Dehnungsstreifen Lr Aloe Vera Lotion\"}]},{\"@type\":\"WebSite\",\"@id\":\"https:\\\/\\\/www.lraloeverashop.eu\\\/de\\\/#website\",\"url\":\"https:\\\/\\\/www.lraloeverashop.eu\\\/de\\\/\",\"name\":\"Lr Aloe Vera Shop\",\"description\":\"High Quality Lr Aloe Vera Gel, Aloe Vera Cream and Shampoo\",\"publisher\":{\"@id\":\"https:\\\/\\\/www.lraloeverashop.eu\\\/de\\\/#organization\"},\"potentialAction\":[{\"@type\":\"SearchAction\",\"target\":{\"@type\":\"EntryPoint\",\"urlTemplate\":\"https:\\\/\\\/www.lraloeverashop.eu\\\/de\\\/?s={search_term_string}\"},\"query-input\":{\"@type\":\"PropertyValueSpecification\",\"valueRequired\":true,\"valueName\":\"search_term_string\"}}],\"inLanguage\":\"de\"},{\"@type\":\"Organization\",\"@id\":\"https:\\\/\\\/www.lraloeverashop.eu\\\/de\\\/#organization\",\"name\":\"Lr Aloe Vera Shop\",\"alternateName\":\"LR\",\"url\":\"https:\\\/\\\/www.lraloeverashop.eu\\\/de\\\/\",\"logo\":{\"@type\":\"ImageObject\",\"inLanguage\":\"de\",\"@id\":\"https:\\\/\\\/www.lraloeverashop.eu\\\/de\\\/#\\\/schema\\\/logo\\\/image\\\/\",\"url\":\"https:\\\/\\\/www.lraloeverashop.eu\\\/wp-content\\\/uploads\\\/2022\\\/09\\\/cropped-Lr-Aloe-Vera-Shop.jpg\",\"contentUrl\":\"https:\\\/\\\/www.lraloeverashop.eu\\\/wp-content\\\/uploads\\\/2022\\\/09\\\/cropped-Lr-Aloe-Vera-Shop.jpg\",\"width\":228,\"height\":76,\"caption\":\"Lr Aloe Vera Shop\"},\"image\":{\"@id\":\"https:\\\/\\\/www.lraloeverashop.eu\\\/de\\\/#\\\/schema\\\/logo\\\/image\\\/\"},\"sameAs\":[\"https:\\\/\\\/www.facebook.com\\\/lraloeverashop.eu\",\"https:\\\/\\\/x.com\\\/natur__kosmetik\",\"https:\\\/\\\/www.youtube.com\\\/channel\\\/UC5oN7BJ8nfYb8RpVtjwDEBA\",\"https:\\\/\\\/www.instagram.com\\\/lrbeautyeu\\\/\"],\"description\":\"LR Aloe Vera Shop ist Ihre vertrauensw\u00fcrdige Adresse f\u00fcr hochwertige LR Health & Beauty Produkte aus Deutschland. Wir bieten Ihnen erstklassige Aloe Vera Hautpflege, N\u00e4hrstoffe und Anti-Aging-Produkte mit reinen Inhaltsstoffen, die auf wissenschaftlichen Erkenntnissen basieren. Entdecken Sie nat\u00fcrliche Pflege, die Ihre Haut regeneriert, sch\u00fctzt und revitalisiert \u2013 und profitieren Sie von exklusiven Monatsangeboten auf unsere Bestseller von LR Aloe Vera. Starten Sie noch heute Ihre Reise zu nat\u00fcrlicher Hautpflege und sp\u00fcren Sie den Unterschied.\",\"email\":\"info@lraloeverashop.eu\",\"telephone\":\"+49 17670609653\",\"legalName\":\"Lr Aloe Vera Shop\",\"foundingDate\":\"2018-04-21\",\"numberOfEmployees\":{\"@type\":\"QuantitativeValue\",\"minValue\":\"1\",\"maxValue\":\"10\"}}]}<\/script>\n<meta property=\"product:price:amount\" content=\"42.99\" \/>\n<meta property=\"product:price:currency\" content=\"EUR\" \/>\n<meta property=\"og:availability\" content=\"instock\" \/>\n<meta property=\"product:availability\" content=\"instock\" \/>\n<meta property=\"product:retailer_item_id\" content=\"20920-1DE\" \/>\n<meta property=\"product:condition\" content=\"new\" \/>\n<!-- \/ Yoast SEO Premium plugin. -->","yoast_head_json":{"title":"Creme gegen Dehnungsstreifen mit Regestril\u2122 und Centella","description":"Die Creme Gegen Dehnungsstreifen hilft, das Erscheinungsbild von Dehnungsstreifen nach Operationen oder Schwangerschaft zu reduzieren.","robots":{"index":"index","follow":"follow","max-snippet":"max-snippet:-1","max-image-preview":"max-image-preview:large","max-video-preview":"max-video-preview:-1"},"canonical":"https:\/\/www.lraloeverashop.eu\/de\/produkt\/creme-gegen-dehnungsstreifen\/","og_locale":"de_DE","og_type":"article","og_title":"Creme gegen Dehnungsstreifen Lr Aloe Vera Lotion","og_description":"Die Creme Gegen Dehnungsstreifen hilft, das Erscheinungsbild von Dehnungsstreifen nach Operationen oder Schwangerschaft zu reduzieren.","og_url":"https:\/\/www.lraloeverashop.eu\/de\/produkt\/creme-gegen-dehnungsstreifen\/","og_site_name":"Lr Aloe Vera Shop","article_publisher":"https:\/\/www.facebook.com\/lraloeverashop.eu","article_modified_time":"2026-02-03T17:13:58+00:00","og_image":[{"width":1200,"height":1200,"url":"https:\/\/www.lraloeverashop.eu\/wp-content\/uploads\/2025\/05\/Lotion-for-Stretch-Marks.jpeg","type":"image\/jpeg"}],"twitter_card":"summary_large_image","twitter_site":"@natur__kosmetik","schema":{"@context":"https:\/\/schema.org","@graph":[{"@type":["WebPage","ItemPage"],"@id":"https:\/\/www.lraloeverashop.eu\/de\/produkt\/creme-gegen-dehnungsstreifen\/","url":"https:\/\/www.lraloeverashop.eu\/de\/produkt\/creme-gegen-dehnungsstreifen\/","name":"Creme gegen Dehnungsstreifen mit Regestril\u2122 und Centella","isPartOf":{"@id":"https:\/\/www.lraloeverashop.eu\/de\/#website"},"primaryImageOfPage":{"@id":"https:\/\/www.lraloeverashop.eu\/de\/produkt\/creme-gegen-dehnungsstreifen\/#primaryimage"},"image":{"@id":"https:\/\/www.lraloeverashop.eu\/de\/produkt\/creme-gegen-dehnungsstreifen\/#primaryimage"},"thumbnailUrl":"https:\/\/www.lraloeverashop.eu\/wp-content\/uploads\/2025\/05\/Lotion-for-Stretch-Marks.jpeg","datePublished":"2025-05-04T12:08:17+00:00","dateModified":"2026-02-03T17:13:58+00:00","description":"Die Creme Gegen Dehnungsstreifen hilft, das Erscheinungsbild von Dehnungsstreifen nach Operationen oder Schwangerschaft zu reduzieren.","breadcrumb":{"@id":"https:\/\/www.lraloeverashop.eu\/de\/produkt\/creme-gegen-dehnungsstreifen\/#breadcrumb"},"inLanguage":"de","potentialAction":[{"@type":"ReadAction","target":["https:\/\/www.lraloeverashop.eu\/de\/produkt\/creme-gegen-dehnungsstreifen\/"]}]},{"@type":"ImageObject","inLanguage":"de","@id":"https:\/\/www.lraloeverashop.eu\/de\/produkt\/creme-gegen-dehnungsstreifen\/#primaryimage","url":"https:\/\/www.lraloeverashop.eu\/wp-content\/uploads\/2025\/05\/Lotion-for-Stretch-Marks.jpeg","contentUrl":"https:\/\/www.lraloeverashop.eu\/wp-content\/uploads\/2025\/05\/Lotion-for-Stretch-Marks.jpeg","width":1200,"height":1200,"caption":"Creme f\u00fcr Dehnungsstreifen Stretchmarks lotion regeneriert die Hautstruktur"},{"@type":"BreadcrumbList","@id":"https:\/\/www.lraloeverashop.eu\/de\/produkt\/creme-gegen-dehnungsstreifen\/#breadcrumb","itemListElement":[{"@type":"ListItem","position":1,"name":"Home","item":"https:\/\/www.lraloeverashop.eu\/de\/"},{"@type":"ListItem","position":2,"name":"Shop","item":"https:\/\/www.lraloeverashop.eu\/de\/shop-2\/"},{"@type":"ListItem","position":3,"name":"Creme gegen Dehnungsstreifen Lr Aloe Vera Lotion"}]},{"@type":"WebSite","@id":"https:\/\/www.lraloeverashop.eu\/de\/#website","url":"https:\/\/www.lraloeverashop.eu\/de\/","name":"Lr Aloe Vera Shop","description":"High Quality Lr Aloe Vera Gel, Aloe Vera Cream and Shampoo","publisher":{"@id":"https:\/\/www.lraloeverashop.eu\/de\/#organization"},"potentialAction":[{"@type":"SearchAction","target":{"@type":"EntryPoint","urlTemplate":"https:\/\/www.lraloeverashop.eu\/de\/?s={search_term_string}"},"query-input":{"@type":"PropertyValueSpecification","valueRequired":true,"valueName":"search_term_string"}}],"inLanguage":"de"},{"@type":"Organization","@id":"https:\/\/www.lraloeverashop.eu\/de\/#organization","name":"Lr Aloe Vera Shop","alternateName":"LR","url":"https:\/\/www.lraloeverashop.eu\/de\/","logo":{"@type":"ImageObject","inLanguage":"de","@id":"https:\/\/www.lraloeverashop.eu\/de\/#\/schema\/logo\/image\/","url":"https:\/\/www.lraloeverashop.eu\/wp-content\/uploads\/2022\/09\/cropped-Lr-Aloe-Vera-Shop.jpg","contentUrl":"https:\/\/www.lraloeverashop.eu\/wp-content\/uploads\/2022\/09\/cropped-Lr-Aloe-Vera-Shop.jpg","width":228,"height":76,"caption":"Lr Aloe Vera Shop"},"image":{"@id":"https:\/\/www.lraloeverashop.eu\/de\/#\/schema\/logo\/image\/"},"sameAs":["https:\/\/www.facebook.com\/lraloeverashop.eu","https:\/\/x.com\/natur__kosmetik","https:\/\/www.youtube.com\/channel\/UC5oN7BJ8nfYb8RpVtjwDEBA","https:\/\/www.instagram.com\/lrbeautyeu\/"],"description":"LR Aloe Vera Shop ist Ihre vertrauensw\u00fcrdige Adresse f\u00fcr hochwertige LR Health & Beauty Produkte aus Deutschland. Wir bieten Ihnen erstklassige Aloe Vera Hautpflege, N\u00e4hrstoffe und Anti-Aging-Produkte mit reinen Inhaltsstoffen, die auf wissenschaftlichen Erkenntnissen basieren. Entdecken Sie nat\u00fcrliche Pflege, die Ihre Haut regeneriert, sch\u00fctzt und revitalisiert \u2013 und profitieren Sie von exklusiven Monatsangeboten auf unsere Bestseller von LR Aloe Vera. Starten Sie noch heute Ihre Reise zu nat\u00fcrlicher Hautpflege und sp\u00fcren Sie den Unterschied.","email":"info@lraloeverashop.eu","telephone":"+49 17670609653","legalName":"Lr Aloe Vera Shop","foundingDate":"2018-04-21","numberOfEmployees":{"@type":"QuantitativeValue","minValue":"1","maxValue":"10"}}]},"product_price_amount":"42.99","product_price_currency":"EUR","og_availability":"instock","product_availability":"instock","product_retailer_item_id":"20920-1DE","product_condition":"new"},"taxonomy_info":{"product_cat":[{"value":213,"label":"Aloe Vera"},{"value":228,"label":"K\u00f6rperpflege"}],"product_tag":[{"value":1195,"label":"Dehnungsstreifen"},{"value":1205,"label":"Fermentiertes Aloe Gel"},{"value":537,"label":"Massage"}]},"featured_image_src_large":["https:\/\/www.lraloeverashop.eu\/wp-content\/uploads\/2025\/05\/Lotion-for-Stretch-Marks-1024x1024.jpeg",1024,1024,true],"author_info":[],"comment_info":0,"_links":{"self":[{"href":"https:\/\/www.lraloeverashop.eu\/de\/wp-json\/wp\/v2\/product\/28061","targetHints":{"allow":["GET"]}}],"collection":[{"href":"https:\/\/www.lraloeverashop.eu\/de\/wp-json\/wp\/v2\/product"}],"about":[{"href":"https:\/\/www.lraloeverashop.eu\/de\/wp-json\/wp\/v2\/types\/product"}],"replies":[{"embeddable":true,"href":"https:\/\/www.lraloeverashop.eu\/de\/wp-json\/wp\/v2\/comments?post=28061"}],"wp:featuredmedia":[{"embeddable":true,"href":"https:\/\/www.lraloeverashop.eu\/de\/wp-json\/wp\/v2\/media\/27916"}],"wp:attachment":[{"href":"https:\/\/www.lraloeverashop.eu\/de\/wp-json\/wp\/v2\/media?parent=28061"}],"wp:term":[{"taxonomy":"product_brand","embeddable":true,"href":"https:\/\/www.lraloeverashop.eu\/de\/wp-json\/wp\/v2\/product_brand?post=28061"},{"taxonomy":"product_cat","embeddable":true,"href":"https:\/\/www.lraloeverashop.eu\/de\/wp-json\/wp\/v2\/product_cat?post=28061"},{"taxonomy":"product_tag","embeddable":true,"href":"https:\/\/www.lraloeverashop.eu\/de\/wp-json\/wp\/v2\/product_tag?post=28061"}],"curies":[{"name":"wp","href":"https:\/\/api.w.org\/{rel}","templated":true}]}}