{"id":26277,"date":"2025-03-17T17:45:08","date_gmt":"2025-03-17T16:45:08","guid":{"rendered":"https:\/\/www.lraloeverashop.eu\/?post_type=product&#038;p=26277"},"modified":"2026-04-19T08:19:42","modified_gmt":"2026-04-19T06:19:42","slug":"lr-schlafmaske","status":"publish","type":"product","link":"https:\/\/www.lraloeverashop.eu\/de\/produkt\/lr-schlafmaske\/","title":{"rendered":"Lr Schlafmaske"},"content":{"rendered":"<h2><span style=\"font-size: 16pt;\"><strong>Lr Schlafmaske<\/strong><\/span><\/h2>\n<p><span style=\"font-size: 14pt;\"><strong>Lr Schlafmaske &#8211; Anti Aging Nachtpflege f\u00fcr strahlende Haut<\/strong><\/span><\/p>\n<p>Wachen Sie mit prallerer, glatterer Haut auf \u2013 dank die Lr Schlafmaske. Diese Leave-on-Formel wirkt \u00fcber Nacht, um Ihre Haut im Schlaf mit Feuchtigkeit zu versorgen, zu reparieren und zu erfrischen.<\/p>\n<h3><span style=\"font-size: 16pt;\"><strong>Warum es perfekt f\u00fcr Sie ist<\/strong><\/span><\/h3>\n<ul>\n<li><strong>Drei Wirkungsweisen<\/strong>: Erleben Sie <a href=\"https:\/\/www.lraloeverashop.eu\/de\/produkt\/anti-aging-schlafmaske\/\">tiefe Feuchtigkeitsversorgung<\/a>, Unterst\u00fctzung der nat\u00fcrlichen Hautregeneration und einen Anti-Aging-Effekt \u2013 alles in einem Produkt.<\/li>\n<li><strong>Wirksame Formel f\u00fcr die Nacht<\/strong>: Ultra Filling Spheres\u2122 und sorgf\u00e4ltig ausgew\u00e4hlte Inhaltsstoffe wie Jojoba\u00f6l und Schisandrabeerenextrakt unterst\u00fctzen die nat\u00fcrlichen Prozesse Ihrer Haut und sorgen daf\u00fcr, dass Sie am Morgen jugendlich strahlen.<\/li>\n<li><strong>Praktische Leave-On-Maske:<\/strong> Kein Absp\u00fclen erforderlich \u2013 einfach vor dem Schlafengehen auftragen und die Maske die Arbeit erledigen lassen, w\u00e4hrend Sie ruhen.<\/li>\n<\/ul>\n<h3><span style=\"font-size: 16pt;\"><strong>Anwendung<\/strong><\/span><\/h3>\n<p>Tragen Sie die Lr Schlafmaske zweimal w\u00f6chentlich vor dem Schlafengehen gro\u00dfz\u00fcgig auf. Lassen Sie es 20 Minuten einwirken, bevor Sie sich hinlegen, um eine \u00dcbertragung auf Ihre Bettw\u00e4sche zu verhindern. Lassen Sie die Wirkstoffe der Maske \u00fcber Nacht ihre Wirkung entfalten \u2013 kein Absp\u00fclen erforderlich. Wachen Sie mit einer Haut auf, die sich so erfrischt anf\u00fchlt wie Ihr Geist.<\/p>\n<p>Verwandeln Sie Ihre Abendroutine mit einem Produkt, das Einfachheit und Wirksamkeit vereint. Die Lr Schlafmaske pflegt Ihre Haut, damit Sie selbstbewusst und strahlend aufwachen. Probieren Sie es noch heute aus und erleben Sie den Unterschied!<\/p>\n","protected":false},"excerpt":{"rendered":"<ul>\n<li><span style=\"color: #ff0000;\"><strong>Limitiertes Angebot<\/strong><\/span><\/li>\n<li>Leave-on-Maske mit innovativer Pflegeformel<\/li>\n<li>Ein Produkt \u2013 drei Wirkungsarten<\/li>\n<li>intensive Hydratation<\/li>\n<li>Unterst\u00fctzung der nat\u00fcrlichen Hautregeneration<\/li>\n<li>Anti-Aging-Effekt f\u00fcr jugendlich aussehende Haut<\/li>\n<li>Inhalt: 2 x 50 ml<\/li>\n<\/ul>\n<p><span style=\"color: #ff0000;\"><a style=\"color: #ff0000;\" href=\"https:\/\/shop.lrworld.com\/openpao?PHP=0vFlt7jT938BEnBI3a6e9w%3D%3D\"><span style=\"font-size: 14pt;\"><strong>Hier registrieren und dauerhaft 35\u202f% sparen<\/strong><\/span><\/a><\/span><\/p>\n","protected":false},"featured_media":26290,"comment_status":"open","ping_status":"closed","template":"","meta":{"_kad_blocks_custom_css":"","_kad_blocks_head_custom_js":"","_kad_blocks_body_custom_js":"","_kad_blocks_footer_custom_js":"","_kadence_starter_templates_imported_post":false,"_kad_post_transparent":"default","_kad_post_title":"","_kad_post_layout":"default","_kad_post_sidebar_id":"","_kad_post_content_style":"default","_kad_post_vertical_padding":"default","_kad_post_feature":"","_kad_post_feature_position":"","_kad_post_header":false,"_kad_post_footer":false,"_kad_post_classname":""},"product_brand":[],"product_cat":[352,267,328,285,279,273,393],"product_tag":[],"class_list":{"0":"post-26277","1":"product","2":"type-product","3":"status-publish","4":"has-post-thumbnail","6":"product_cat-angebote","7":"product_cat-anti-aging-pflege","8":"product_cat-anti-age-produkte","9":"product_cat-frauen-bis-40","10":"product_cat-frauen-uber-40","11":"product_cat-manner-uber-25","12":"product_cat-zeitgard-de","14":"first","15":"outofstock","16":"sale","17":"taxable","18":"shipping-taxable","19":"purchasable","20":"product-type-simple","21":"entry","22":"content-bg","23":"loop-entry"},"yoast_head":"<!-- This site is optimized with the Yoast SEO Premium plugin v27.4 (Yoast SEO v27.4) - https:\/\/yoast.com\/product\/yoast-seo-premium-wordpress\/ -->\n<title>Lr Schlafmaske mit Anti-Aging- und Tiefenhydratationsformel<\/title>\n<meta name=\"description\" content=\"Begr\u00fc\u00dfen Sie frische, strahlende Haut mit der Lr Schlafmaske! F\u00fcr eine wirkungsvolle Behandlung \u00fcber Nacht vor dem Schlafengehen auftragen.\" \/>\n<meta name=\"robots\" content=\"index, follow, max-snippet:-1, max-image-preview:large, max-video-preview:-1\" \/>\n<link rel=\"canonical\" href=\"https:\/\/www.lraloeverashop.eu\/de\/produkt\/lr-schlafmaske\/\" \/>\n<meta property=\"og:locale\" content=\"de_DE\" \/>\n<meta property=\"og:type\" content=\"article\" \/>\n<meta property=\"og:title\" content=\"Lr Schlafmaske\" \/>\n<meta property=\"og:description\" content=\"Begr\u00fc\u00dfen Sie frische, strahlende Haut mit der Lr Schlafmaske! F\u00fcr eine wirkungsvolle Behandlung \u00fcber Nacht vor dem Schlafengehen auftragen.\" \/>\n<meta property=\"og:url\" content=\"https:\/\/www.lraloeverashop.eu\/de\/produkt\/lr-schlafmaske\/\" \/>\n<meta property=\"og:site_name\" content=\"Lr Aloe Vera Shop\" \/>\n<meta property=\"article:publisher\" content=\"https:\/\/www.facebook.com\/lraloeverashop.eu\" \/>\n<meta property=\"article:modified_time\" content=\"2026-04-19T06:19:42+00:00\" \/>\n<meta property=\"og:image\" content=\"https:\/\/www.lraloeverashop.eu\/wp-content\/uploads\/2025\/03\/Lr-Sleeping-Mask.jpg\" \/>\n\t<meta property=\"og:image:width\" content=\"1200\" \/>\n\t<meta property=\"og:image:height\" content=\"1200\" \/>\n\t<meta property=\"og:image:type\" content=\"image\/jpeg\" \/>\n<meta name=\"twitter:card\" content=\"summary_large_image\" \/>\n<meta name=\"twitter:site\" content=\"@natur__kosmetik\" \/>\n<script type=\"application\/ld+json\" class=\"yoast-schema-graph\">{\"@context\":\"https:\\\/\\\/schema.org\",\"@graph\":[{\"@type\":[\"WebPage\",\"ItemPage\"],\"@id\":\"https:\\\/\\\/www.lraloeverashop.eu\\\/de\\\/produkt\\\/lr-schlafmaske\\\/\",\"url\":\"https:\\\/\\\/www.lraloeverashop.eu\\\/de\\\/produkt\\\/lr-schlafmaske\\\/\",\"name\":\"Lr Schlafmaske mit Anti-Aging- und Tiefenhydratationsformel\",\"isPartOf\":{\"@id\":\"https:\\\/\\\/www.lraloeverashop.eu\\\/de\\\/#website\"},\"primaryImageOfPage\":{\"@id\":\"https:\\\/\\\/www.lraloeverashop.eu\\\/de\\\/produkt\\\/lr-schlafmaske\\\/#primaryimage\"},\"image\":{\"@id\":\"https:\\\/\\\/www.lraloeverashop.eu\\\/de\\\/produkt\\\/lr-schlafmaske\\\/#primaryimage\"},\"thumbnailUrl\":\"https:\\\/\\\/www.lraloeverashop.eu\\\/wp-content\\\/uploads\\\/2025\\\/03\\\/Lr-Sleeping-Mask.jpg\",\"datePublished\":\"2025-03-17T16:45:08+00:00\",\"dateModified\":\"2026-04-19T06:19:42+00:00\",\"description\":\"Begr\u00fc\u00dfen Sie frische, strahlende Haut mit der Lr Schlafmaske! F\u00fcr eine wirkungsvolle Behandlung \u00fcber Nacht vor dem Schlafengehen auftragen.\",\"breadcrumb\":{\"@id\":\"https:\\\/\\\/www.lraloeverashop.eu\\\/de\\\/produkt\\\/lr-schlafmaske\\\/#breadcrumb\"},\"inLanguage\":\"de\",\"potentialAction\":[{\"@type\":\"ReadAction\",\"target\":[\"https:\\\/\\\/www.lraloeverashop.eu\\\/de\\\/produkt\\\/lr-schlafmaske\\\/\"]}]},{\"@type\":\"ImageObject\",\"inLanguage\":\"de\",\"@id\":\"https:\\\/\\\/www.lraloeverashop.eu\\\/de\\\/produkt\\\/lr-schlafmaske\\\/#primaryimage\",\"url\":\"https:\\\/\\\/www.lraloeverashop.eu\\\/wp-content\\\/uploads\\\/2025\\\/03\\\/Lr-Sleeping-Mask.jpg\",\"contentUrl\":\"https:\\\/\\\/www.lraloeverashop.eu\\\/wp-content\\\/uploads\\\/2025\\\/03\\\/Lr-Sleeping-Mask.jpg\",\"width\":1200,\"height\":1200,\"caption\":\"Lr Schlafmaske mit Anti-Aging-Formel\"},{\"@type\":\"BreadcrumbList\",\"@id\":\"https:\\\/\\\/www.lraloeverashop.eu\\\/de\\\/produkt\\\/lr-schlafmaske\\\/#breadcrumb\",\"itemListElement\":[{\"@type\":\"ListItem\",\"position\":1,\"name\":\"Home\",\"item\":\"https:\\\/\\\/www.lraloeverashop.eu\\\/de\\\/\"},{\"@type\":\"ListItem\",\"position\":2,\"name\":\"Shop\",\"item\":\"https:\\\/\\\/www.lraloeverashop.eu\\\/de\\\/shop-2\\\/\"},{\"@type\":\"ListItem\",\"position\":3,\"name\":\"Lr Schlafmaske\"}]},{\"@type\":\"WebSite\",\"@id\":\"https:\\\/\\\/www.lraloeverashop.eu\\\/de\\\/#website\",\"url\":\"https:\\\/\\\/www.lraloeverashop.eu\\\/de\\\/\",\"name\":\"Lr Aloe Vera Shop\",\"description\":\"High Quality Lr Aloe Vera Gel, Aloe Vera Cream and Shampoo\",\"publisher\":{\"@id\":\"https:\\\/\\\/www.lraloeverashop.eu\\\/de\\\/#organization\"},\"potentialAction\":[{\"@type\":\"SearchAction\",\"target\":{\"@type\":\"EntryPoint\",\"urlTemplate\":\"https:\\\/\\\/www.lraloeverashop.eu\\\/de\\\/?s={search_term_string}\"},\"query-input\":{\"@type\":\"PropertyValueSpecification\",\"valueRequired\":true,\"valueName\":\"search_term_string\"}}],\"inLanguage\":\"de\"},{\"@type\":\"Organization\",\"@id\":\"https:\\\/\\\/www.lraloeverashop.eu\\\/de\\\/#organization\",\"name\":\"Lr Aloe Vera Shop\",\"alternateName\":\"LR\",\"url\":\"https:\\\/\\\/www.lraloeverashop.eu\\\/de\\\/\",\"logo\":{\"@type\":\"ImageObject\",\"inLanguage\":\"de\",\"@id\":\"https:\\\/\\\/www.lraloeverashop.eu\\\/de\\\/#\\\/schema\\\/logo\\\/image\\\/\",\"url\":\"https:\\\/\\\/www.lraloeverashop.eu\\\/wp-content\\\/uploads\\\/2022\\\/09\\\/cropped-Lr-Aloe-Vera-Shop.jpg\",\"contentUrl\":\"https:\\\/\\\/www.lraloeverashop.eu\\\/wp-content\\\/uploads\\\/2022\\\/09\\\/cropped-Lr-Aloe-Vera-Shop.jpg\",\"width\":228,\"height\":76,\"caption\":\"Lr Aloe Vera Shop\"},\"image\":{\"@id\":\"https:\\\/\\\/www.lraloeverashop.eu\\\/de\\\/#\\\/schema\\\/logo\\\/image\\\/\"},\"sameAs\":[\"https:\\\/\\\/www.facebook.com\\\/lraloeverashop.eu\",\"https:\\\/\\\/x.com\\\/natur__kosmetik\",\"https:\\\/\\\/www.youtube.com\\\/channel\\\/UC5oN7BJ8nfYb8RpVtjwDEBA\",\"https:\\\/\\\/www.instagram.com\\\/lrbeautyeu\\\/\"],\"description\":\"LR Aloe Vera Shop ist Ihre vertrauensw\u00fcrdige Adresse f\u00fcr hochwertige LR Health & Beauty Produkte aus Deutschland. Wir bieten Ihnen erstklassige Aloe Vera Hautpflege, N\u00e4hrstoffe und Anti-Aging-Produkte mit reinen Inhaltsstoffen, die auf wissenschaftlichen Erkenntnissen basieren. Entdecken Sie nat\u00fcrliche Pflege, die Ihre Haut regeneriert, sch\u00fctzt und revitalisiert \u2013 und profitieren Sie von exklusiven Monatsangeboten auf unsere Bestseller von LR Aloe Vera. Starten Sie noch heute Ihre Reise zu nat\u00fcrlicher Hautpflege und sp\u00fcren Sie den Unterschied.\",\"email\":\"info@lraloeverashop.eu\",\"telephone\":\"+49 17670609653\",\"legalName\":\"Lr Aloe Vera Shop\",\"foundingDate\":\"2018-04-21\",\"numberOfEmployees\":{\"@type\":\"QuantitativeValue\",\"minValue\":\"1\",\"maxValue\":\"10\"}}]}<\/script>\n<meta property=\"product:price:amount\" content=\"42.99\" \/>\n<meta property=\"product:price:currency\" content=\"EUR\" \/>\n<meta property=\"og:availability\" content=\"out of stock\" \/>\n<meta property=\"product:availability\" content=\"out of stock\" \/>\n<meta property=\"product:retailer_item_id\" content=\"71022-1DE\" \/>\n<meta property=\"product:condition\" content=\"new\" \/>\n<!-- \/ Yoast SEO Premium plugin. -->","yoast_head_json":{"title":"Lr Schlafmaske mit Anti-Aging- und Tiefenhydratationsformel","description":"Begr\u00fc\u00dfen Sie frische, strahlende Haut mit der Lr Schlafmaske! F\u00fcr eine wirkungsvolle Behandlung \u00fcber Nacht vor dem Schlafengehen auftragen.","robots":{"index":"index","follow":"follow","max-snippet":"max-snippet:-1","max-image-preview":"max-image-preview:large","max-video-preview":"max-video-preview:-1"},"canonical":"https:\/\/www.lraloeverashop.eu\/de\/produkt\/lr-schlafmaske\/","og_locale":"de_DE","og_type":"article","og_title":"Lr Schlafmaske","og_description":"Begr\u00fc\u00dfen Sie frische, strahlende Haut mit der Lr Schlafmaske! F\u00fcr eine wirkungsvolle Behandlung \u00fcber Nacht vor dem Schlafengehen auftragen.","og_url":"https:\/\/www.lraloeverashop.eu\/de\/produkt\/lr-schlafmaske\/","og_site_name":"Lr Aloe Vera Shop","article_publisher":"https:\/\/www.facebook.com\/lraloeverashop.eu","article_modified_time":"2026-04-19T06:19:42+00:00","og_image":[{"width":1200,"height":1200,"url":"https:\/\/www.lraloeverashop.eu\/wp-content\/uploads\/2025\/03\/Lr-Sleeping-Mask.jpg","type":"image\/jpeg"}],"twitter_card":"summary_large_image","twitter_site":"@natur__kosmetik","schema":{"@context":"https:\/\/schema.org","@graph":[{"@type":["WebPage","ItemPage"],"@id":"https:\/\/www.lraloeverashop.eu\/de\/produkt\/lr-schlafmaske\/","url":"https:\/\/www.lraloeverashop.eu\/de\/produkt\/lr-schlafmaske\/","name":"Lr Schlafmaske mit Anti-Aging- und Tiefenhydratationsformel","isPartOf":{"@id":"https:\/\/www.lraloeverashop.eu\/de\/#website"},"primaryImageOfPage":{"@id":"https:\/\/www.lraloeverashop.eu\/de\/produkt\/lr-schlafmaske\/#primaryimage"},"image":{"@id":"https:\/\/www.lraloeverashop.eu\/de\/produkt\/lr-schlafmaske\/#primaryimage"},"thumbnailUrl":"https:\/\/www.lraloeverashop.eu\/wp-content\/uploads\/2025\/03\/Lr-Sleeping-Mask.jpg","datePublished":"2025-03-17T16:45:08+00:00","dateModified":"2026-04-19T06:19:42+00:00","description":"Begr\u00fc\u00dfen Sie frische, strahlende Haut mit der Lr Schlafmaske! F\u00fcr eine wirkungsvolle Behandlung \u00fcber Nacht vor dem Schlafengehen auftragen.","breadcrumb":{"@id":"https:\/\/www.lraloeverashop.eu\/de\/produkt\/lr-schlafmaske\/#breadcrumb"},"inLanguage":"de","potentialAction":[{"@type":"ReadAction","target":["https:\/\/www.lraloeverashop.eu\/de\/produkt\/lr-schlafmaske\/"]}]},{"@type":"ImageObject","inLanguage":"de","@id":"https:\/\/www.lraloeverashop.eu\/de\/produkt\/lr-schlafmaske\/#primaryimage","url":"https:\/\/www.lraloeverashop.eu\/wp-content\/uploads\/2025\/03\/Lr-Sleeping-Mask.jpg","contentUrl":"https:\/\/www.lraloeverashop.eu\/wp-content\/uploads\/2025\/03\/Lr-Sleeping-Mask.jpg","width":1200,"height":1200,"caption":"Lr Schlafmaske mit Anti-Aging-Formel"},{"@type":"BreadcrumbList","@id":"https:\/\/www.lraloeverashop.eu\/de\/produkt\/lr-schlafmaske\/#breadcrumb","itemListElement":[{"@type":"ListItem","position":1,"name":"Home","item":"https:\/\/www.lraloeverashop.eu\/de\/"},{"@type":"ListItem","position":2,"name":"Shop","item":"https:\/\/www.lraloeverashop.eu\/de\/shop-2\/"},{"@type":"ListItem","position":3,"name":"Lr Schlafmaske"}]},{"@type":"WebSite","@id":"https:\/\/www.lraloeverashop.eu\/de\/#website","url":"https:\/\/www.lraloeverashop.eu\/de\/","name":"Lr Aloe Vera Shop","description":"High Quality Lr Aloe Vera Gel, Aloe Vera Cream and Shampoo","publisher":{"@id":"https:\/\/www.lraloeverashop.eu\/de\/#organization"},"potentialAction":[{"@type":"SearchAction","target":{"@type":"EntryPoint","urlTemplate":"https:\/\/www.lraloeverashop.eu\/de\/?s={search_term_string}"},"query-input":{"@type":"PropertyValueSpecification","valueRequired":true,"valueName":"search_term_string"}}],"inLanguage":"de"},{"@type":"Organization","@id":"https:\/\/www.lraloeverashop.eu\/de\/#organization","name":"Lr Aloe Vera Shop","alternateName":"LR","url":"https:\/\/www.lraloeverashop.eu\/de\/","logo":{"@type":"ImageObject","inLanguage":"de","@id":"https:\/\/www.lraloeverashop.eu\/de\/#\/schema\/logo\/image\/","url":"https:\/\/www.lraloeverashop.eu\/wp-content\/uploads\/2022\/09\/cropped-Lr-Aloe-Vera-Shop.jpg","contentUrl":"https:\/\/www.lraloeverashop.eu\/wp-content\/uploads\/2022\/09\/cropped-Lr-Aloe-Vera-Shop.jpg","width":228,"height":76,"caption":"Lr Aloe Vera Shop"},"image":{"@id":"https:\/\/www.lraloeverashop.eu\/de\/#\/schema\/logo\/image\/"},"sameAs":["https:\/\/www.facebook.com\/lraloeverashop.eu","https:\/\/x.com\/natur__kosmetik","https:\/\/www.youtube.com\/channel\/UC5oN7BJ8nfYb8RpVtjwDEBA","https:\/\/www.instagram.com\/lrbeautyeu\/"],"description":"LR Aloe Vera Shop ist Ihre vertrauensw\u00fcrdige Adresse f\u00fcr hochwertige LR Health & Beauty Produkte aus Deutschland. Wir bieten Ihnen erstklassige Aloe Vera Hautpflege, N\u00e4hrstoffe und Anti-Aging-Produkte mit reinen Inhaltsstoffen, die auf wissenschaftlichen Erkenntnissen basieren. Entdecken Sie nat\u00fcrliche Pflege, die Ihre Haut regeneriert, sch\u00fctzt und revitalisiert \u2013 und profitieren Sie von exklusiven Monatsangeboten auf unsere Bestseller von LR Aloe Vera. Starten Sie noch heute Ihre Reise zu nat\u00fcrlicher Hautpflege und sp\u00fcren Sie den Unterschied.","email":"info@lraloeverashop.eu","telephone":"+49 17670609653","legalName":"Lr Aloe Vera Shop","foundingDate":"2018-04-21","numberOfEmployees":{"@type":"QuantitativeValue","minValue":"1","maxValue":"10"}}]},"product_price_amount":"42.99","product_price_currency":"EUR","og_availability":"out of stock","product_availability":"out of stock","product_retailer_item_id":"71022-1DE","product_condition":"new"},"taxonomy_info":{"product_cat":[{"value":352,"label":"Angebote"},{"value":267,"label":"Anti Aging Pflege"},{"value":328,"label":"Anti-Age-Produkte"},{"value":285,"label":"Frauen bis 40"},{"value":279,"label":"Frauen \u00fcber 40"},{"value":273,"label":"M\u00e4nner \u00fcber 25"},{"value":393,"label":"Zeitgard"}]},"featured_image_src_large":["https:\/\/www.lraloeverashop.eu\/wp-content\/uploads\/2025\/03\/Lr-Sleeping-Mask-1024x1024.jpg",1024,1024,true],"author_info":[],"comment_info":0,"_links":{"self":[{"href":"https:\/\/www.lraloeverashop.eu\/de\/wp-json\/wp\/v2\/product\/26277","targetHints":{"allow":["GET"]}}],"collection":[{"href":"https:\/\/www.lraloeverashop.eu\/de\/wp-json\/wp\/v2\/product"}],"about":[{"href":"https:\/\/www.lraloeverashop.eu\/de\/wp-json\/wp\/v2\/types\/product"}],"replies":[{"embeddable":true,"href":"https:\/\/www.lraloeverashop.eu\/de\/wp-json\/wp\/v2\/comments?post=26277"}],"wp:featuredmedia":[{"embeddable":true,"href":"https:\/\/www.lraloeverashop.eu\/de\/wp-json\/wp\/v2\/media\/26290"}],"wp:attachment":[{"href":"https:\/\/www.lraloeverashop.eu\/de\/wp-json\/wp\/v2\/media?parent=26277"}],"wp:term":[{"taxonomy":"product_brand","embeddable":true,"href":"https:\/\/www.lraloeverashop.eu\/de\/wp-json\/wp\/v2\/product_brand?post=26277"},{"taxonomy":"product_cat","embeddable":true,"href":"https:\/\/www.lraloeverashop.eu\/de\/wp-json\/wp\/v2\/product_cat?post=26277"},{"taxonomy":"product_tag","embeddable":true,"href":"https:\/\/www.lraloeverashop.eu\/de\/wp-json\/wp\/v2\/product_tag?post=26277"}],"curies":[{"name":"wp","href":"https:\/\/api.w.org\/{rel}","templated":true}]}}