{"id":18574,"date":"2024-11-04T13:47:33","date_gmt":"2024-11-04T12:47:33","guid":{"rendered":"https:\/\/www.lraloeverashop.eu\/product\/handcreme-fuer-maenner-powerpack\/"},"modified":"2026-02-03T18:17:25","modified_gmt":"2026-02-03T17:17:25","slug":"handcreme-fuer-maenner-powerpack","status":"publish","type":"product","link":"https:\/\/www.lraloeverashop.eu\/de\/produkt\/handcreme-fuer-maenner-powerpack\/","title":{"rendered":"Handcreme f\u00fcr M\u00e4nner Powerpack"},"content":{"rendered":"<h2><span style=\"font-size: 16pt;\"><strong>Handcreme f\u00fcr M\u00e4nner Powerpack<\/strong><\/span><\/h2>\n<p><span style=\"font-size: 14pt;\"><strong>Handcreme f\u00fcr M\u00e4nner Powerpack f\u00fcr spr\u00f6de und rissige H\u00e4nde<\/strong><\/span><\/p>\n<p>Mit gepflegter Haut an den H\u00e4nden kann man wirklich viel packen. Deshalb ist die reichhaltige, schnell einziehende Aloe Vera Handcreme f\u00fcr M\u00e4nner Powerpack ist Ihr perfekter Begleiter f\u00fcr kalte Wintertage. Sie enth\u00e4lt nicht nur 40% Aloe Vera, sondern auch Koffein, Sheabutter, Macadamianuss\u00f6l und Bio-Milchextrakt und entspannt, sch\u00fctzt und regeneriert die Haut. \u00dcbrigens: Mit glatten H\u00e4nden lassen sich auch die Geschenke f\u00fcr die Liebsten besser verpacken \u2026<\/p>\n<h3><strong><span style=\"font-size: 16pt;\">Anwendung<\/span><\/strong><\/h3>\n<p>Tragen Sie die Powerpack Handcreme mehrmals t\u00e4glich auf Ihre H\u00e4nde auf, je nach Bedarf Ihrer Haut.<\/p>\n<p>&nbsp;<\/p>\n","protected":false},"excerpt":{"rendered":"<ul>\n<li><strong><span style=\"color: #ff0000;\">LIMITIERTES ANGEBOT<\/span><\/strong><\/li>\n<li>Pflege f\u00fcr trockene, spr\u00f6de und rissige H\u00e4nde<\/li>\n<li>Enth\u00e4lt 40 % Aloe Vera, Koffein, Sheabutter, Macadamia\u00f6l und Bio-Ingwer-Extrakt<\/li>\n<li>Mit dem beliebten maskulin-holzigen Duft der LR Aloe Vera M\u00e4nnerpflege<\/li>\n<li>Unterst\u00fctzt die Regeneration trockener und rissiger Haut<\/li>\n<li>Menge: 75 ml<\/li>\n<\/ul>\n<p><span style=\"color: #ff0000;\"><a style=\"color: #ff0000;\" href=\"https:\/\/shop.lrworld.com\/openpao?PHP=0vFlt7jT938BEnBI3a6e9w%3D%3D\"><span style=\"font-size: 14pt;\"><strong>Hier registrieren und dauerhaft 35\u202f% sparen<\/strong><\/span><\/a><\/span><\/p>\n","protected":false},"featured_media":18277,"comment_status":"open","ping_status":"closed","template":"","meta":{"_kad_blocks_custom_css":"","_kad_blocks_head_custom_js":"","_kad_blocks_body_custom_js":"","_kad_blocks_footer_custom_js":"","_kadence_starter_templates_imported_post":false,"_kad_post_transparent":"default","_kad_post_title":"","_kad_post_layout":"default","_kad_post_sidebar_id":"","_kad_post_content_style":"default","_kad_post_vertical_padding":"default","_kad_post_feature":"","_kad_post_feature_position":"","_kad_post_header":false,"_kad_post_footer":false,"_kad_post_classname":""},"product_brand":[],"product_cat":[213,249],"product_tag":[538],"class_list":{"0":"post-18574","1":"product","2":"type-product","3":"status-publish","4":"has-post-thumbnail","6":"product_cat-aloe-vera-de","7":"product_cat-mannerpflege","8":"product_tag-herrenprodukte","10":"first","11":"outofstock","12":"taxable","13":"shipping-taxable","14":"purchasable","15":"product-type-simple","16":"entry","17":"content-bg","18":"loop-entry"},"yoast_head":"<!-- This site is optimized with the Yoast SEO Premium plugin v27.3 (Yoast SEO v27.3) - https:\/\/yoast.com\/product\/yoast-seo-premium-wordpress\/ -->\n<title>Handcreme f\u00fcr M\u00e4nner Powerpack f\u00fcr spr\u00f6de und rissige H\u00e4nde<\/title>\n<meta name=\"description\" content=\"Verabschieden Sie sich von spr\u00f6den und rissigen H\u00e4nden mit unserer Handcreme f\u00fcr M\u00e4nner Powerpack. Vollgepackt mit Aloe Vera, Sheabutter und mehr, um Ihre Haut zu pflegen und zu sch\u00fctzen.\" \/>\n<meta name=\"robots\" content=\"index, follow, max-snippet:-1, max-image-preview:large, max-video-preview:-1\" \/>\n<link rel=\"canonical\" href=\"https:\/\/www.lraloeverashop.eu\/de\/produkt\/handcreme-fuer-maenner-powerpack\/\" \/>\n<meta property=\"og:locale\" content=\"de_DE\" \/>\n<meta property=\"og:type\" content=\"article\" \/>\n<meta property=\"og:title\" content=\"Handcreme f\u00fcr M\u00e4nner Powerpack\" \/>\n<meta property=\"og:description\" content=\"Verabschieden Sie sich von spr\u00f6den und rissigen H\u00e4nden mit unserer Handcreme f\u00fcr M\u00e4nner Powerpack. Vollgepackt mit Aloe Vera, Sheabutter und mehr, um Ihre Haut zu pflegen und zu sch\u00fctzen.\" \/>\n<meta property=\"og:url\" content=\"https:\/\/www.lraloeverashop.eu\/de\/produkt\/handcreme-fuer-maenner-powerpack\/\" \/>\n<meta property=\"og:site_name\" content=\"Lr Aloe Vera Shop\" \/>\n<meta property=\"article:publisher\" content=\"https:\/\/www.facebook.com\/lraloeverashop.eu\" \/>\n<meta property=\"article:modified_time\" content=\"2026-02-03T17:17:25+00:00\" \/>\n<meta property=\"og:image\" content=\"https:\/\/www.lraloeverashop.eu\/wp-content\/uploads\/2024\/11\/Men-Hand-Cream.jpg\" \/>\n\t<meta property=\"og:image:width\" content=\"1200\" \/>\n\t<meta property=\"og:image:height\" content=\"1200\" \/>\n\t<meta property=\"og:image:type\" content=\"image\/jpeg\" \/>\n<meta name=\"twitter:card\" content=\"summary_large_image\" \/>\n<meta name=\"twitter:site\" content=\"@natur__kosmetik\" \/>\n<script type=\"application\/ld+json\" class=\"yoast-schema-graph\">{\"@context\":\"https:\\\/\\\/schema.org\",\"@graph\":[{\"@type\":[\"WebPage\",\"ItemPage\"],\"@id\":\"https:\\\/\\\/www.lraloeverashop.eu\\\/de\\\/produkt\\\/handcreme-fuer-maenner-powerpack\\\/\",\"url\":\"https:\\\/\\\/www.lraloeverashop.eu\\\/de\\\/produkt\\\/handcreme-fuer-maenner-powerpack\\\/\",\"name\":\"Handcreme f\u00fcr M\u00e4nner Powerpack f\u00fcr spr\u00f6de und rissige H\u00e4nde\",\"isPartOf\":{\"@id\":\"https:\\\/\\\/www.lraloeverashop.eu\\\/de\\\/#website\"},\"primaryImageOfPage\":{\"@id\":\"https:\\\/\\\/www.lraloeverashop.eu\\\/de\\\/produkt\\\/handcreme-fuer-maenner-powerpack\\\/#primaryimage\"},\"image\":{\"@id\":\"https:\\\/\\\/www.lraloeverashop.eu\\\/de\\\/produkt\\\/handcreme-fuer-maenner-powerpack\\\/#primaryimage\"},\"thumbnailUrl\":\"https:\\\/\\\/www.lraloeverashop.eu\\\/wp-content\\\/uploads\\\/2024\\\/11\\\/Men-Hand-Cream.jpg\",\"datePublished\":\"2024-11-04T12:47:33+00:00\",\"dateModified\":\"2026-02-03T17:17:25+00:00\",\"description\":\"Verabschieden Sie sich von spr\u00f6den und rissigen H\u00e4nden mit unserer Handcreme f\u00fcr M\u00e4nner Powerpack. Vollgepackt mit Aloe Vera, Sheabutter und mehr, um Ihre Haut zu pflegen und zu sch\u00fctzen.\",\"breadcrumb\":{\"@id\":\"https:\\\/\\\/www.lraloeverashop.eu\\\/de\\\/produkt\\\/handcreme-fuer-maenner-powerpack\\\/#breadcrumb\"},\"inLanguage\":\"de\",\"potentialAction\":[{\"@type\":\"ReadAction\",\"target\":[\"https:\\\/\\\/www.lraloeverashop.eu\\\/de\\\/produkt\\\/handcreme-fuer-maenner-powerpack\\\/\"]}]},{\"@type\":\"ImageObject\",\"inLanguage\":\"de\",\"@id\":\"https:\\\/\\\/www.lraloeverashop.eu\\\/de\\\/produkt\\\/handcreme-fuer-maenner-powerpack\\\/#primaryimage\",\"url\":\"https:\\\/\\\/www.lraloeverashop.eu\\\/wp-content\\\/uploads\\\/2024\\\/11\\\/Men-Hand-Cream.jpg\",\"contentUrl\":\"https:\\\/\\\/www.lraloeverashop.eu\\\/wp-content\\\/uploads\\\/2024\\\/11\\\/Men-Hand-Cream.jpg\",\"width\":1200,\"height\":1200,\"caption\":\"Handcreme f\u00fcr M\u00e4nner Aloe Vera\"},{\"@type\":\"BreadcrumbList\",\"@id\":\"https:\\\/\\\/www.lraloeverashop.eu\\\/de\\\/produkt\\\/handcreme-fuer-maenner-powerpack\\\/#breadcrumb\",\"itemListElement\":[{\"@type\":\"ListItem\",\"position\":1,\"name\":\"Home\",\"item\":\"https:\\\/\\\/www.lraloeverashop.eu\\\/de\\\/\"},{\"@type\":\"ListItem\",\"position\":2,\"name\":\"Shop\",\"item\":\"https:\\\/\\\/www.lraloeverashop.eu\\\/de\\\/shop-2\\\/\"},{\"@type\":\"ListItem\",\"position\":3,\"name\":\"Handcreme f\u00fcr M\u00e4nner Powerpack\"}]},{\"@type\":\"WebSite\",\"@id\":\"https:\\\/\\\/www.lraloeverashop.eu\\\/de\\\/#website\",\"url\":\"https:\\\/\\\/www.lraloeverashop.eu\\\/de\\\/\",\"name\":\"Lr Aloe Vera Shop\",\"description\":\"High Quality Lr Aloe Vera Gel, Aloe Vera Cream and Shampoo\",\"publisher\":{\"@id\":\"https:\\\/\\\/www.lraloeverashop.eu\\\/de\\\/#organization\"},\"potentialAction\":[{\"@type\":\"SearchAction\",\"target\":{\"@type\":\"EntryPoint\",\"urlTemplate\":\"https:\\\/\\\/www.lraloeverashop.eu\\\/de\\\/?s={search_term_string}\"},\"query-input\":{\"@type\":\"PropertyValueSpecification\",\"valueRequired\":true,\"valueName\":\"search_term_string\"}}],\"inLanguage\":\"de\"},{\"@type\":\"Organization\",\"@id\":\"https:\\\/\\\/www.lraloeverashop.eu\\\/de\\\/#organization\",\"name\":\"Lr Aloe Vera Shop\",\"alternateName\":\"LR\",\"url\":\"https:\\\/\\\/www.lraloeverashop.eu\\\/de\\\/\",\"logo\":{\"@type\":\"ImageObject\",\"inLanguage\":\"de\",\"@id\":\"https:\\\/\\\/www.lraloeverashop.eu\\\/de\\\/#\\\/schema\\\/logo\\\/image\\\/\",\"url\":\"https:\\\/\\\/www.lraloeverashop.eu\\\/wp-content\\\/uploads\\\/2022\\\/09\\\/cropped-Lr-Aloe-Vera-Shop.jpg\",\"contentUrl\":\"https:\\\/\\\/www.lraloeverashop.eu\\\/wp-content\\\/uploads\\\/2022\\\/09\\\/cropped-Lr-Aloe-Vera-Shop.jpg\",\"width\":228,\"height\":76,\"caption\":\"Lr Aloe Vera Shop\"},\"image\":{\"@id\":\"https:\\\/\\\/www.lraloeverashop.eu\\\/de\\\/#\\\/schema\\\/logo\\\/image\\\/\"},\"sameAs\":[\"https:\\\/\\\/www.facebook.com\\\/lraloeverashop.eu\",\"https:\\\/\\\/x.com\\\/natur__kosmetik\",\"https:\\\/\\\/www.youtube.com\\\/channel\\\/UC5oN7BJ8nfYb8RpVtjwDEBA\",\"https:\\\/\\\/www.instagram.com\\\/lrbeautyeu\\\/\"]}]}<\/script>\n<meta property=\"product:price:amount\" content=\"12.99\" \/>\n<meta property=\"product:price:currency\" content=\"EUR\" \/>\n<meta property=\"og:availability\" content=\"out of stock\" \/>\n<meta property=\"product:availability\" content=\"out of stock\" \/>\n<meta property=\"product:retailer_item_id\" content=\"20447-1DE\" \/>\n<meta property=\"product:condition\" content=\"new\" \/>\n<!-- \/ Yoast SEO Premium plugin. -->","yoast_head_json":{"title":"Handcreme f\u00fcr M\u00e4nner Powerpack f\u00fcr spr\u00f6de und rissige H\u00e4nde","description":"Verabschieden Sie sich von spr\u00f6den und rissigen H\u00e4nden mit unserer Handcreme f\u00fcr M\u00e4nner Powerpack. Vollgepackt mit Aloe Vera, Sheabutter und mehr, um Ihre Haut zu pflegen und zu sch\u00fctzen.","robots":{"index":"index","follow":"follow","max-snippet":"max-snippet:-1","max-image-preview":"max-image-preview:large","max-video-preview":"max-video-preview:-1"},"canonical":"https:\/\/www.lraloeverashop.eu\/de\/produkt\/handcreme-fuer-maenner-powerpack\/","og_locale":"de_DE","og_type":"article","og_title":"Handcreme f\u00fcr M\u00e4nner Powerpack","og_description":"Verabschieden Sie sich von spr\u00f6den und rissigen H\u00e4nden mit unserer Handcreme f\u00fcr M\u00e4nner Powerpack. Vollgepackt mit Aloe Vera, Sheabutter und mehr, um Ihre Haut zu pflegen und zu sch\u00fctzen.","og_url":"https:\/\/www.lraloeverashop.eu\/de\/produkt\/handcreme-fuer-maenner-powerpack\/","og_site_name":"Lr Aloe Vera Shop","article_publisher":"https:\/\/www.facebook.com\/lraloeverashop.eu","article_modified_time":"2026-02-03T17:17:25+00:00","og_image":[{"width":1200,"height":1200,"url":"https:\/\/www.lraloeverashop.eu\/wp-content\/uploads\/2024\/11\/Men-Hand-Cream.jpg","type":"image\/jpeg"}],"twitter_card":"summary_large_image","twitter_site":"@natur__kosmetik","schema":{"@context":"https:\/\/schema.org","@graph":[{"@type":["WebPage","ItemPage"],"@id":"https:\/\/www.lraloeverashop.eu\/de\/produkt\/handcreme-fuer-maenner-powerpack\/","url":"https:\/\/www.lraloeverashop.eu\/de\/produkt\/handcreme-fuer-maenner-powerpack\/","name":"Handcreme f\u00fcr M\u00e4nner Powerpack f\u00fcr spr\u00f6de und rissige H\u00e4nde","isPartOf":{"@id":"https:\/\/www.lraloeverashop.eu\/de\/#website"},"primaryImageOfPage":{"@id":"https:\/\/www.lraloeverashop.eu\/de\/produkt\/handcreme-fuer-maenner-powerpack\/#primaryimage"},"image":{"@id":"https:\/\/www.lraloeverashop.eu\/de\/produkt\/handcreme-fuer-maenner-powerpack\/#primaryimage"},"thumbnailUrl":"https:\/\/www.lraloeverashop.eu\/wp-content\/uploads\/2024\/11\/Men-Hand-Cream.jpg","datePublished":"2024-11-04T12:47:33+00:00","dateModified":"2026-02-03T17:17:25+00:00","description":"Verabschieden Sie sich von spr\u00f6den und rissigen H\u00e4nden mit unserer Handcreme f\u00fcr M\u00e4nner Powerpack. Vollgepackt mit Aloe Vera, Sheabutter und mehr, um Ihre Haut zu pflegen und zu sch\u00fctzen.","breadcrumb":{"@id":"https:\/\/www.lraloeverashop.eu\/de\/produkt\/handcreme-fuer-maenner-powerpack\/#breadcrumb"},"inLanguage":"de","potentialAction":[{"@type":"ReadAction","target":["https:\/\/www.lraloeverashop.eu\/de\/produkt\/handcreme-fuer-maenner-powerpack\/"]}]},{"@type":"ImageObject","inLanguage":"de","@id":"https:\/\/www.lraloeverashop.eu\/de\/produkt\/handcreme-fuer-maenner-powerpack\/#primaryimage","url":"https:\/\/www.lraloeverashop.eu\/wp-content\/uploads\/2024\/11\/Men-Hand-Cream.jpg","contentUrl":"https:\/\/www.lraloeverashop.eu\/wp-content\/uploads\/2024\/11\/Men-Hand-Cream.jpg","width":1200,"height":1200,"caption":"Handcreme f\u00fcr M\u00e4nner Aloe Vera"},{"@type":"BreadcrumbList","@id":"https:\/\/www.lraloeverashop.eu\/de\/produkt\/handcreme-fuer-maenner-powerpack\/#breadcrumb","itemListElement":[{"@type":"ListItem","position":1,"name":"Home","item":"https:\/\/www.lraloeverashop.eu\/de\/"},{"@type":"ListItem","position":2,"name":"Shop","item":"https:\/\/www.lraloeverashop.eu\/de\/shop-2\/"},{"@type":"ListItem","position":3,"name":"Handcreme f\u00fcr M\u00e4nner Powerpack"}]},{"@type":"WebSite","@id":"https:\/\/www.lraloeverashop.eu\/de\/#website","url":"https:\/\/www.lraloeverashop.eu\/de\/","name":"Lr Aloe Vera Shop","description":"High Quality Lr Aloe Vera Gel, Aloe Vera Cream and Shampoo","publisher":{"@id":"https:\/\/www.lraloeverashop.eu\/de\/#organization"},"potentialAction":[{"@type":"SearchAction","target":{"@type":"EntryPoint","urlTemplate":"https:\/\/www.lraloeverashop.eu\/de\/?s={search_term_string}"},"query-input":{"@type":"PropertyValueSpecification","valueRequired":true,"valueName":"search_term_string"}}],"inLanguage":"de"},{"@type":"Organization","@id":"https:\/\/www.lraloeverashop.eu\/de\/#organization","name":"Lr Aloe Vera Shop","alternateName":"LR","url":"https:\/\/www.lraloeverashop.eu\/de\/","logo":{"@type":"ImageObject","inLanguage":"de","@id":"https:\/\/www.lraloeverashop.eu\/de\/#\/schema\/logo\/image\/","url":"https:\/\/www.lraloeverashop.eu\/wp-content\/uploads\/2022\/09\/cropped-Lr-Aloe-Vera-Shop.jpg","contentUrl":"https:\/\/www.lraloeverashop.eu\/wp-content\/uploads\/2022\/09\/cropped-Lr-Aloe-Vera-Shop.jpg","width":228,"height":76,"caption":"Lr Aloe Vera Shop"},"image":{"@id":"https:\/\/www.lraloeverashop.eu\/de\/#\/schema\/logo\/image\/"},"sameAs":["https:\/\/www.facebook.com\/lraloeverashop.eu","https:\/\/x.com\/natur__kosmetik","https:\/\/www.youtube.com\/channel\/UC5oN7BJ8nfYb8RpVtjwDEBA","https:\/\/www.instagram.com\/lrbeautyeu\/"]}]},"product_price_amount":"12.99","product_price_currency":"EUR","og_availability":"out of stock","product_availability":"out of stock","product_retailer_item_id":"20447-1DE","product_condition":"new"},"taxonomy_info":{"product_cat":[{"value":213,"label":"Aloe Vera"},{"value":249,"label":"M\u00e4nnerpflege"}],"product_tag":[{"value":538,"label":"Herrenprodukte"}]},"featured_image_src_large":["https:\/\/www.lraloeverashop.eu\/wp-content\/uploads\/2024\/11\/Men-Hand-Cream-1024x1024.jpg",1024,1024,true],"author_info":[],"comment_info":0,"_links":{"self":[{"href":"https:\/\/www.lraloeverashop.eu\/de\/wp-json\/wp\/v2\/product\/18574","targetHints":{"allow":["GET"]}}],"collection":[{"href":"https:\/\/www.lraloeverashop.eu\/de\/wp-json\/wp\/v2\/product"}],"about":[{"href":"https:\/\/www.lraloeverashop.eu\/de\/wp-json\/wp\/v2\/types\/product"}],"replies":[{"embeddable":true,"href":"https:\/\/www.lraloeverashop.eu\/de\/wp-json\/wp\/v2\/comments?post=18574"}],"wp:featuredmedia":[{"embeddable":true,"href":"https:\/\/www.lraloeverashop.eu\/de\/wp-json\/wp\/v2\/media\/18277"}],"wp:attachment":[{"href":"https:\/\/www.lraloeverashop.eu\/de\/wp-json\/wp\/v2\/media?parent=18574"}],"wp:term":[{"taxonomy":"product_brand","embeddable":true,"href":"https:\/\/www.lraloeverashop.eu\/de\/wp-json\/wp\/v2\/product_brand?post=18574"},{"taxonomy":"product_cat","embeddable":true,"href":"https:\/\/www.lraloeverashop.eu\/de\/wp-json\/wp\/v2\/product_cat?post=18574"},{"taxonomy":"product_tag","embeddable":true,"href":"https:\/\/www.lraloeverashop.eu\/de\/wp-json\/wp\/v2\/product_tag?post=18574"}],"curies":[{"name":"wp","href":"https:\/\/api.w.org\/{rel}","templated":true}]}}