{"id":18345,"date":"2024-11-04T17:28:57","date_gmt":"2024-11-04T16:28:57","guid":{"rendered":"https:\/\/www.lraloeverashop.eu\/product\/beauty-diamonds-gesichtspflege-set\/"},"modified":"2026-04-19T08:13:57","modified_gmt":"2026-04-19T06:13:57","slug":"beauty-diamonds-gesichtspflege-set","status":"publish","type":"product","link":"https:\/\/www.lraloeverashop.eu\/de\/produkt\/beauty-diamonds-gesichtspflege-set\/","title":{"rendered":"Beauty Diamonds Gesichtspflege-Set"},"content":{"rendered":"<h2><span style=\"font-size: 16pt;\"><strong>Beauty Diamonds Gesichtspflege-Set<\/strong><\/span><\/h2>\n<p><span style=\"font-size: 14pt;\"><strong>Beauty Diamonds Face Care Set With Anti Aging Effect.<\/strong><\/span><\/p>\n<p>Beauty Diamonds Gesichtspflege-Set mit Anti-Aging-Effekt.<\/p>\n<p>Das Beauty Diamonds Gesichtspflege-Set versorgt Ihre Haut t\u00e4glich mit Glanz und optimaler Pflege.<\/p>\n<p>Die <a href=\"https:\/\/www.lraloeverashop.eu\/de\/produkt\/beauty-diamonds-tagescreme\/\">Beauty Diamonds Tagescreme<\/a> pflegt die Haut intensiv und st\u00e4rkt sie Tag f\u00fcr Tag, indem sie die Kollagenproduktion anregt \u2013 die Haut erscheint aufgepolstert. Sie verleiht der Haut ein seidig-glattes Gef\u00fchl und reduziert Falten. Sanddornextrakt festigt die Haut und sorgt f\u00fcr harmonische Gesichtskonturen. F\u00fcr straffe Haut und ein seidig-glattes Hautgef\u00fchl.<\/p>\n<p>Die pflegende <a href=\"https:\/\/www.lraloeverashop.eu\/de\/produkt\/beauty-diamonds-nachtcreme\/\">Beauty Diamonds Nachtcreme<\/a> hilft Ihrer Haut, die sichtbaren Zeichen der Hautalterung \u00fcber Nacht zu reduzieren. W\u00e4hrend Sie schlafen, wird der nat\u00fcrliche Zellschutzmechanismus Ihrer Haut durch einen synergistischen Komplex aus zwei patentierten Peptiden (Replexium\u2122) stimuliert, sodass sich Ihre Haut am Morgen fest, geschmeidig und weich anf\u00fchlt.<\/p>\n<p>Die <a href=\"https:\/\/www.lraloeverashop.eu\/de\/produkt\/beauty-diamonds-augencreme-gegen-falten\/\">Beauty Diamonds Augencreme<\/a> &amp; Maske st\u00e4rkt die Haut ab dem 40. Lebensjahr und reduziert sichtbar Falten. Basierend auf den Eigenschaften von Diamanten in Kombination mit Proteinen sorgt sie daf\u00fcr, dass der Hautalterungsprozess verlangsamt und der Zellschutzmechanismus gest\u00e4rkt wird. Jetzt neu formuliert mit einem innovativen Wirkstoff-Transportsystem und einem verkapselten Wirkstoff, der Falten und Faltentiefe im Gesicht reduziert.<\/p>\n<p>&nbsp;<\/p>\n<p><strong>F\u00fcr Frauen&#8230;<\/strong><br \/>\n\u2026 ab etwa 40 Jahren<br \/>\n\u2026 mit trockener und anspruchsvoller Haut<br \/>\n\u2026 die Wert auf luxuri\u00f6se Pflege legen<br \/>\n\u2026 die ein strahlendes Aussehen w\u00fcnschen<br \/>\n\u2026 die Falten reduzieren m\u00f6chten<br \/>\n\u2026 die mehr Hautelastizit\u00e4t m\u00f6chten<\/p>\n<p>&nbsp;<\/p>\n<p>Das straffende Beauty Diamonds Gesichtspflege-Set st\u00e4rkt die Haut ab dem 40. Lebensjahr und reduziert sichtbar Falten. Basierend auf den Eigenschaften von Diamanten in Kombination mit Proteinen sorgt es daf\u00fcr, dass der Hautalterungsprozess verlangsamt und der Zellschutzmechanismus gest\u00e4rkt wird. Jetzt neu formuliert mit dem innovativen Wirkstoff-Transportsystem und einem verkapselten Wirkstoff, der <a href=\"https:\/\/www.lraloeverashop.eu\/de\/produkt\/lr-schlafmaske\/\">Falten<\/a> und Faltentiefe reduziert.<\/p>\n<p>F\u00fcr maximale Wirksamkeit in Kombination mit dem Zeitgard Pro Face Smoothing Tool.<\/p>\n<p>&nbsp;<\/p>\n","protected":false},"excerpt":{"rendered":"<ul>\n<li><span style=\"color: #ff0000;\"><strong>LIMITIERTES ANGEBOT<\/strong><\/span><\/li>\n<li>Set enth\u00e4lt: 1 x Tagescreme, 1 x Nachtcreme und 1 x Augencreme<\/li>\n<li>Wirkstoffkombination auf Basis von Diamanten und Peptiden<\/li>\n<li>Mit einem innovativen Wirkstoff-Transportsystem<\/li>\n<li>Empfohlen in Kombination mit dem Zeitgard Pro Face Smoothing Tool<\/li>\n<li>Falten reduzieren und Haut festigen<\/li>\n<\/ul>\n<p><span style=\"color: #ff0000;\"><a style=\"color: #ff0000;\" href=\"https:\/\/shop.lrworld.com\/openpao?PHP=0vFlt7jT938BEnBI3a6e9w%3D%3D\"><span style=\"font-size: 14pt;\"><strong>Hier registrieren und dauerhaft 35\u202f% sparen<\/strong><\/span><\/a><\/span><\/p>\n","protected":false},"featured_media":18242,"comment_status":"open","ping_status":"closed","template":"","meta":{"_kad_blocks_custom_css":"","_kad_blocks_head_custom_js":"","_kad_blocks_body_custom_js":"","_kad_blocks_footer_custom_js":"","_kadence_starter_templates_imported_post":false,"_kad_post_transparent":"default","_kad_post_title":"","_kad_post_layout":"default","_kad_post_sidebar_id":"","_kad_post_content_style":"default","_kad_post_vertical_padding":"default","_kad_post_feature":"","_kad_post_feature_position":"","_kad_post_header":false,"_kad_post_footer":false,"_kad_post_classname":""},"product_brand":[],"product_cat":[267,328,363,279],"product_tag":[700,701],"class_list":{"0":"post-18345","1":"product","2":"type-product","3":"status-publish","4":"has-post-thumbnail","6":"product_cat-anti-aging-pflege","7":"product_cat-anti-age-produkte","8":"product_cat-beauty-diamonds-de","9":"product_cat-frauen-uber-40","10":"product_tag-fur-falten-im-gesicht","11":"product_tag-fur-falten-unter-den-augen","13":"first","14":"instock","15":"taxable","16":"shipping-taxable","17":"purchasable","18":"product-type-simple","19":"entry","20":"content-bg","21":"loop-entry"},"yoast_head":"<!-- This site is optimized with the Yoast SEO Premium plugin v27.6 (Yoast SEO v27.6) - https:\/\/yoast.com\/product\/yoast-seo-premium-wordpress\/ -->\n<title>Beauty Diamonds Gesichtspflege-Set Limitiertes Angebot<\/title>\n<meta name=\"description\" content=\"Erleben Sie die Kraft der Anti-Aging-Wirkung mit unserem Beauty Diamonds Gesichtspflege-Set. Reduzieren Sie Falten und festigen Sie Ihre Haut \u00fcber Nacht f\u00fcr ein jugendliches Aussehen.\" \/>\n<meta name=\"robots\" content=\"index, follow, max-snippet:-1, max-image-preview:large, max-video-preview:-1\" \/>\n<link rel=\"canonical\" href=\"https:\/\/www.lraloeverashop.eu\/de\/produkt\/beauty-diamonds-gesichtspflege-set\/\" \/>\n<meta property=\"og:locale\" content=\"de_DE\" \/>\n<meta property=\"og:type\" content=\"article\" \/>\n<meta property=\"og:title\" content=\"Beauty Diamonds Gesichtspflege-Set\" \/>\n<meta property=\"og:description\" content=\"Erleben Sie die Kraft der Anti-Aging-Wirkung mit unserem Beauty Diamonds Gesichtspflege-Set. Reduzieren Sie Falten und festigen Sie Ihre Haut \u00fcber Nacht f\u00fcr ein jugendliches Aussehen.\" \/>\n<meta property=\"og:url\" content=\"https:\/\/www.lraloeverashop.eu\/de\/produkt\/beauty-diamonds-gesichtspflege-set\/\" \/>\n<meta property=\"og:site_name\" content=\"Lr Aloe Vera Shop\" \/>\n<meta property=\"article:publisher\" content=\"https:\/\/www.facebook.com\/lraloeverashop.eu\" \/>\n<meta property=\"article:modified_time\" content=\"2026-04-19T06:13:57+00:00\" \/>\n<meta property=\"og:image\" content=\"https:\/\/www.lraloeverashop.eu\/wp-content\/uploads\/2024\/11\/Beauty-Diamonds-Face-Care.jpg\" \/>\n\t<meta property=\"og:image:width\" content=\"1200\" \/>\n\t<meta property=\"og:image:height\" content=\"1200\" \/>\n\t<meta property=\"og:image:type\" content=\"image\/jpeg\" \/>\n<meta name=\"twitter:card\" content=\"summary_large_image\" \/>\n<meta name=\"twitter:site\" content=\"@natur__kosmetik\" \/>\n<script type=\"application\/ld+json\" class=\"yoast-schema-graph\">{\"@context\":\"https:\\\/\\\/schema.org\",\"@graph\":[{\"@type\":[\"WebPage\",\"ItemPage\"],\"@id\":\"https:\\\/\\\/www.lraloeverashop.eu\\\/de\\\/produkt\\\/beauty-diamonds-gesichtspflege-set\\\/\",\"url\":\"https:\\\/\\\/www.lraloeverashop.eu\\\/de\\\/produkt\\\/beauty-diamonds-gesichtspflege-set\\\/\",\"name\":\"Beauty Diamonds Gesichtspflege-Set Limitiertes Angebot\",\"isPartOf\":{\"@id\":\"https:\\\/\\\/www.lraloeverashop.eu\\\/de\\\/#website\"},\"primaryImageOfPage\":{\"@id\":\"https:\\\/\\\/www.lraloeverashop.eu\\\/de\\\/produkt\\\/beauty-diamonds-gesichtspflege-set\\\/#primaryimage\"},\"image\":{\"@id\":\"https:\\\/\\\/www.lraloeverashop.eu\\\/de\\\/produkt\\\/beauty-diamonds-gesichtspflege-set\\\/#primaryimage\"},\"thumbnailUrl\":\"https:\\\/\\\/www.lraloeverashop.eu\\\/wp-content\\\/uploads\\\/2024\\\/11\\\/Beauty-Diamonds-Face-Care.jpg\",\"datePublished\":\"2024-11-04T16:28:57+00:00\",\"dateModified\":\"2026-04-19T06:13:57+00:00\",\"description\":\"Erleben Sie die Kraft der Anti-Aging-Wirkung mit unserem Beauty Diamonds Gesichtspflege-Set. Reduzieren Sie Falten und festigen Sie Ihre Haut \u00fcber Nacht f\u00fcr ein jugendliches Aussehen.\",\"breadcrumb\":{\"@id\":\"https:\\\/\\\/www.lraloeverashop.eu\\\/de\\\/produkt\\\/beauty-diamonds-gesichtspflege-set\\\/#breadcrumb\"},\"inLanguage\":\"de\",\"potentialAction\":[{\"@type\":\"ReadAction\",\"target\":[\"https:\\\/\\\/www.lraloeverashop.eu\\\/de\\\/produkt\\\/beauty-diamonds-gesichtspflege-set\\\/\"]}]},{\"@type\":\"ImageObject\",\"inLanguage\":\"de\",\"@id\":\"https:\\\/\\\/www.lraloeverashop.eu\\\/de\\\/produkt\\\/beauty-diamonds-gesichtspflege-set\\\/#primaryimage\",\"url\":\"https:\\\/\\\/www.lraloeverashop.eu\\\/wp-content\\\/uploads\\\/2024\\\/11\\\/Beauty-Diamonds-Face-Care.jpg\",\"contentUrl\":\"https:\\\/\\\/www.lraloeverashop.eu\\\/wp-content\\\/uploads\\\/2024\\\/11\\\/Beauty-Diamonds-Face-Care.jpg\",\"width\":1200,\"height\":1200,\"caption\":\"Beauty Diamonds Gesichtspflege Set\"},{\"@type\":\"BreadcrumbList\",\"@id\":\"https:\\\/\\\/www.lraloeverashop.eu\\\/de\\\/produkt\\\/beauty-diamonds-gesichtspflege-set\\\/#breadcrumb\",\"itemListElement\":[{\"@type\":\"ListItem\",\"position\":1,\"name\":\"Home\",\"item\":\"https:\\\/\\\/www.lraloeverashop.eu\\\/de\\\/\"},{\"@type\":\"ListItem\",\"position\":2,\"name\":\"Shop\",\"item\":\"https:\\\/\\\/www.lraloeverashop.eu\\\/de\\\/shop-2\\\/\"},{\"@type\":\"ListItem\",\"position\":3,\"name\":\"Beauty Diamonds Gesichtspflege-Set\"}]},{\"@type\":\"WebSite\",\"@id\":\"https:\\\/\\\/www.lraloeverashop.eu\\\/de\\\/#website\",\"url\":\"https:\\\/\\\/www.lraloeverashop.eu\\\/de\\\/\",\"name\":\"Lr Aloe Vera Shop\",\"description\":\"High Quality Lr Aloe Vera Gel, Aloe Vera Cream and Shampoo\",\"publisher\":{\"@id\":\"https:\\\/\\\/www.lraloeverashop.eu\\\/de\\\/#organization\"},\"alternateName\":\"LR\",\"potentialAction\":[{\"@type\":\"SearchAction\",\"target\":{\"@type\":\"EntryPoint\",\"urlTemplate\":\"https:\\\/\\\/www.lraloeverashop.eu\\\/de\\\/?s={search_term_string}\"},\"query-input\":{\"@type\":\"PropertyValueSpecification\",\"valueRequired\":true,\"valueName\":\"search_term_string\"}}],\"inLanguage\":\"de\"},{\"@type\":\"Organization\",\"@id\":\"https:\\\/\\\/www.lraloeverashop.eu\\\/de\\\/#organization\",\"name\":\"Lr Aloe Vera Shop\",\"alternateName\":\"LR\",\"url\":\"https:\\\/\\\/www.lraloeverashop.eu\\\/de\\\/\",\"logo\":{\"@type\":\"ImageObject\",\"inLanguage\":\"de\",\"@id\":\"https:\\\/\\\/www.lraloeverashop.eu\\\/de\\\/#\\\/schema\\\/logo\\\/image\\\/\",\"url\":\"https:\\\/\\\/www.lraloeverashop.eu\\\/wp-content\\\/uploads\\\/2022\\\/09\\\/cropped-Lr-Aloe-Vera-Shop.jpg\",\"contentUrl\":\"https:\\\/\\\/www.lraloeverashop.eu\\\/wp-content\\\/uploads\\\/2022\\\/09\\\/cropped-Lr-Aloe-Vera-Shop.jpg\",\"width\":228,\"height\":76,\"caption\":\"Lr Aloe Vera Shop\"},\"image\":{\"@id\":\"https:\\\/\\\/www.lraloeverashop.eu\\\/de\\\/#\\\/schema\\\/logo\\\/image\\\/\"},\"sameAs\":[\"https:\\\/\\\/www.facebook.com\\\/lraloeverashop.eu\",\"https:\\\/\\\/x.com\\\/natur__kosmetik\",\"https:\\\/\\\/www.youtube.com\\\/channel\\\/UC5oN7BJ8nfYb8RpVtjwDEBA\",\"https:\\\/\\\/www.instagram.com\\\/lrbeautyeu\\\/\"],\"description\":\"LR Aloe Vera Shop ist Ihre vertrauensw\u00fcrdige Adresse f\u00fcr hochwertige LR Health & Beauty Produkte aus Deutschland. Wir bieten Ihnen erstklassige Aloe Vera Hautpflege, N\u00e4hrstoffe und Anti-Aging-Produkte mit reinen Inhaltsstoffen, die auf wissenschaftlichen Erkenntnissen basieren. Entdecken Sie nat\u00fcrliche Pflege, die Ihre Haut regeneriert, sch\u00fctzt und revitalisiert \u2013 und profitieren Sie von exklusiven Monatsangeboten auf unsere Bestseller von LR Aloe Vera. Starten Sie noch heute Ihre Reise zu nat\u00fcrlicher Hautpflege und sp\u00fcren Sie den Unterschied.\",\"email\":\"info@lraloeverashop.eu\",\"telephone\":\"+49 17670609653\",\"legalName\":\"Lr Aloe Vera Shop\",\"foundingDate\":\"2018-04-21\",\"numberOfEmployees\":{\"@type\":\"QuantitativeValue\",\"minValue\":\"1\",\"maxValue\":\"10\"}}]}<\/script>\n<meta property=\"product:price:amount\" content=\"146.99\" \/>\n<meta property=\"product:price:currency\" content=\"EUR\" \/>\n<meta property=\"og:availability\" content=\"instock\" \/>\n<meta property=\"product:availability\" content=\"instock\" \/>\n<meta property=\"product:retailer_item_id\" content=\"28325-1DE\" \/>\n<meta property=\"product:condition\" content=\"new\" \/>\n<!-- \/ Yoast SEO Premium plugin. -->","yoast_head_json":{"title":"Beauty Diamonds Gesichtspflege-Set Limitiertes Angebot","description":"Erleben Sie die Kraft der Anti-Aging-Wirkung mit unserem Beauty Diamonds Gesichtspflege-Set. Reduzieren Sie Falten und festigen Sie Ihre Haut \u00fcber Nacht f\u00fcr ein jugendliches Aussehen.","robots":{"index":"index","follow":"follow","max-snippet":"max-snippet:-1","max-image-preview":"max-image-preview:large","max-video-preview":"max-video-preview:-1"},"canonical":"https:\/\/www.lraloeverashop.eu\/de\/produkt\/beauty-diamonds-gesichtspflege-set\/","og_locale":"de_DE","og_type":"article","og_title":"Beauty Diamonds Gesichtspflege-Set","og_description":"Erleben Sie die Kraft der Anti-Aging-Wirkung mit unserem Beauty Diamonds Gesichtspflege-Set. Reduzieren Sie Falten und festigen Sie Ihre Haut \u00fcber Nacht f\u00fcr ein jugendliches Aussehen.","og_url":"https:\/\/www.lraloeverashop.eu\/de\/produkt\/beauty-diamonds-gesichtspflege-set\/","og_site_name":"Lr Aloe Vera Shop","article_publisher":"https:\/\/www.facebook.com\/lraloeverashop.eu","article_modified_time":"2026-04-19T06:13:57+00:00","og_image":[{"width":1200,"height":1200,"url":"https:\/\/www.lraloeverashop.eu\/wp-content\/uploads\/2024\/11\/Beauty-Diamonds-Face-Care.jpg","type":"image\/jpeg"}],"twitter_card":"summary_large_image","twitter_site":"@natur__kosmetik","schema":{"@context":"https:\/\/schema.org","@graph":[{"@type":["WebPage","ItemPage"],"@id":"https:\/\/www.lraloeverashop.eu\/de\/produkt\/beauty-diamonds-gesichtspflege-set\/","url":"https:\/\/www.lraloeverashop.eu\/de\/produkt\/beauty-diamonds-gesichtspflege-set\/","name":"Beauty Diamonds Gesichtspflege-Set Limitiertes Angebot","isPartOf":{"@id":"https:\/\/www.lraloeverashop.eu\/de\/#website"},"primaryImageOfPage":{"@id":"https:\/\/www.lraloeverashop.eu\/de\/produkt\/beauty-diamonds-gesichtspflege-set\/#primaryimage"},"image":{"@id":"https:\/\/www.lraloeverashop.eu\/de\/produkt\/beauty-diamonds-gesichtspflege-set\/#primaryimage"},"thumbnailUrl":"https:\/\/www.lraloeverashop.eu\/wp-content\/uploads\/2024\/11\/Beauty-Diamonds-Face-Care.jpg","datePublished":"2024-11-04T16:28:57+00:00","dateModified":"2026-04-19T06:13:57+00:00","description":"Erleben Sie die Kraft der Anti-Aging-Wirkung mit unserem Beauty Diamonds Gesichtspflege-Set. Reduzieren Sie Falten und festigen Sie Ihre Haut \u00fcber Nacht f\u00fcr ein jugendliches Aussehen.","breadcrumb":{"@id":"https:\/\/www.lraloeverashop.eu\/de\/produkt\/beauty-diamonds-gesichtspflege-set\/#breadcrumb"},"inLanguage":"de","potentialAction":[{"@type":"ReadAction","target":["https:\/\/www.lraloeverashop.eu\/de\/produkt\/beauty-diamonds-gesichtspflege-set\/"]}]},{"@type":"ImageObject","inLanguage":"de","@id":"https:\/\/www.lraloeverashop.eu\/de\/produkt\/beauty-diamonds-gesichtspflege-set\/#primaryimage","url":"https:\/\/www.lraloeverashop.eu\/wp-content\/uploads\/2024\/11\/Beauty-Diamonds-Face-Care.jpg","contentUrl":"https:\/\/www.lraloeverashop.eu\/wp-content\/uploads\/2024\/11\/Beauty-Diamonds-Face-Care.jpg","width":1200,"height":1200,"caption":"Beauty Diamonds Gesichtspflege Set"},{"@type":"BreadcrumbList","@id":"https:\/\/www.lraloeverashop.eu\/de\/produkt\/beauty-diamonds-gesichtspflege-set\/#breadcrumb","itemListElement":[{"@type":"ListItem","position":1,"name":"Home","item":"https:\/\/www.lraloeverashop.eu\/de\/"},{"@type":"ListItem","position":2,"name":"Shop","item":"https:\/\/www.lraloeverashop.eu\/de\/shop-2\/"},{"@type":"ListItem","position":3,"name":"Beauty Diamonds Gesichtspflege-Set"}]},{"@type":"WebSite","@id":"https:\/\/www.lraloeverashop.eu\/de\/#website","url":"https:\/\/www.lraloeverashop.eu\/de\/","name":"Lr Aloe Vera Shop","description":"High Quality Lr Aloe Vera Gel, Aloe Vera Cream and Shampoo","publisher":{"@id":"https:\/\/www.lraloeverashop.eu\/de\/#organization"},"alternateName":"LR","potentialAction":[{"@type":"SearchAction","target":{"@type":"EntryPoint","urlTemplate":"https:\/\/www.lraloeverashop.eu\/de\/?s={search_term_string}"},"query-input":{"@type":"PropertyValueSpecification","valueRequired":true,"valueName":"search_term_string"}}],"inLanguage":"de"},{"@type":"Organization","@id":"https:\/\/www.lraloeverashop.eu\/de\/#organization","name":"Lr Aloe Vera Shop","alternateName":"LR","url":"https:\/\/www.lraloeverashop.eu\/de\/","logo":{"@type":"ImageObject","inLanguage":"de","@id":"https:\/\/www.lraloeverashop.eu\/de\/#\/schema\/logo\/image\/","url":"https:\/\/www.lraloeverashop.eu\/wp-content\/uploads\/2022\/09\/cropped-Lr-Aloe-Vera-Shop.jpg","contentUrl":"https:\/\/www.lraloeverashop.eu\/wp-content\/uploads\/2022\/09\/cropped-Lr-Aloe-Vera-Shop.jpg","width":228,"height":76,"caption":"Lr Aloe Vera Shop"},"image":{"@id":"https:\/\/www.lraloeverashop.eu\/de\/#\/schema\/logo\/image\/"},"sameAs":["https:\/\/www.facebook.com\/lraloeverashop.eu","https:\/\/x.com\/natur__kosmetik","https:\/\/www.youtube.com\/channel\/UC5oN7BJ8nfYb8RpVtjwDEBA","https:\/\/www.instagram.com\/lrbeautyeu\/"],"description":"LR Aloe Vera Shop ist Ihre vertrauensw\u00fcrdige Adresse f\u00fcr hochwertige LR Health & Beauty Produkte aus Deutschland. Wir bieten Ihnen erstklassige Aloe Vera Hautpflege, N\u00e4hrstoffe und Anti-Aging-Produkte mit reinen Inhaltsstoffen, die auf wissenschaftlichen Erkenntnissen basieren. Entdecken Sie nat\u00fcrliche Pflege, die Ihre Haut regeneriert, sch\u00fctzt und revitalisiert \u2013 und profitieren Sie von exklusiven Monatsangeboten auf unsere Bestseller von LR Aloe Vera. Starten Sie noch heute Ihre Reise zu nat\u00fcrlicher Hautpflege und sp\u00fcren Sie den Unterschied.","email":"info@lraloeverashop.eu","telephone":"+49 17670609653","legalName":"Lr Aloe Vera Shop","foundingDate":"2018-04-21","numberOfEmployees":{"@type":"QuantitativeValue","minValue":"1","maxValue":"10"}}]},"product_price_amount":"146.99","product_price_currency":"EUR","og_availability":"instock","product_availability":"instock","product_retailer_item_id":"28325-1DE","product_condition":"new"},"taxonomy_info":{"product_cat":[{"value":267,"label":"Anti Aging Pflege"},{"value":328,"label":"Anti-Age-Produkte"},{"value":363,"label":"Beauty Diamonds"},{"value":279,"label":"Frauen \u00fcber 40"}],"product_tag":[{"value":700,"label":"f\u00fcr Falten im Gesicht"},{"value":701,"label":"f\u00fcr Falten unter den Augen"}]},"featured_image_src_large":["https:\/\/www.lraloeverashop.eu\/wp-content\/uploads\/2024\/11\/Beauty-Diamonds-Face-Care-1024x1024.jpg",1024,1024,true],"author_info":[],"comment_info":0,"_links":{"self":[{"href":"https:\/\/www.lraloeverashop.eu\/de\/wp-json\/wp\/v2\/product\/18345","targetHints":{"allow":["GET"]}}],"collection":[{"href":"https:\/\/www.lraloeverashop.eu\/de\/wp-json\/wp\/v2\/product"}],"about":[{"href":"https:\/\/www.lraloeverashop.eu\/de\/wp-json\/wp\/v2\/types\/product"}],"replies":[{"embeddable":true,"href":"https:\/\/www.lraloeverashop.eu\/de\/wp-json\/wp\/v2\/comments?post=18345"}],"wp:featuredmedia":[{"embeddable":true,"href":"https:\/\/www.lraloeverashop.eu\/de\/wp-json\/wp\/v2\/media\/18242"}],"wp:attachment":[{"href":"https:\/\/www.lraloeverashop.eu\/de\/wp-json\/wp\/v2\/media?parent=18345"}],"wp:term":[{"taxonomy":"product_brand","embeddable":true,"href":"https:\/\/www.lraloeverashop.eu\/de\/wp-json\/wp\/v2\/product_brand?post=18345"},{"taxonomy":"product_cat","embeddable":true,"href":"https:\/\/www.lraloeverashop.eu\/de\/wp-json\/wp\/v2\/product_cat?post=18345"},{"taxonomy":"product_tag","embeddable":true,"href":"https:\/\/www.lraloeverashop.eu\/de\/wp-json\/wp\/v2\/product_tag?post=18345"}],"curies":[{"name":"wp","href":"https:\/\/api.w.org\/{rel}","templated":true}]}}