{"id":18332,"date":"2024-11-04T18:29:02","date_gmt":"2024-11-04T17:29:02","guid":{"rendered":"https:\/\/www.lraloeverashop.eu\/product\/nanogold-gesichtspflege-set\/"},"modified":"2026-02-03T18:16:10","modified_gmt":"2026-02-03T17:16:10","slug":"nanogold-gesichtspflege-set","status":"publish","type":"product","link":"https:\/\/www.lraloeverashop.eu\/de\/produkt\/nanogold-gesichtspflege-set\/","title":{"rendered":"NanoGold Gesichtspflege-Set"},"content":{"rendered":"<h2><span style=\"font-size: 16pt;\"><strong>NanoGold Gesichtspflege-Set Limitierte Angebot<\/strong><\/span><\/h2>\n<p><span style=\"font-size: 14pt;\"><strong>Nanogold Gesichtspflege-Set f\u00fcr hochwertige Gesichtspflege<\/strong><\/span><\/p>\n<p>Die Nanogold Tagescreme sch\u00fctzt die Haut und beugt vorzeitiger Hautalterung vor. Die seidige, luxuri\u00f6se Cremetextur erh\u00f6ht die Elastizit\u00e4t und Widerstandsf\u00e4higkeit der Haut und st\u00e4rkt ihre Feuchtigkeitsbarriere. Aprikosenkern\u00f6l, Proteine, Glykoproteine und Polysaccharide aus Sojabohnen regen die regenerativen Funktionen der Haut an und f\u00f6rdern die Kollagenbildung, was die Widerstandskraft der Haut verbessert.<\/p>\n<p>Die Nanogold Nachtcreme ist eine hochwertige Creme, die die Haut \u00fcber Nacht pflegt und regeneriert. Dank des Euglena Gracilis-Extrakts aus der Mikroalge unterst\u00fctzt die reichhaltige Nachtcreme die nat\u00fcrliche Hautregeneration und verbessert die Hautstruktur, sodass Falten und feine Linien sichtbar reduziert werden.<\/p>\n<p>Nanogold Augencreme &amp; Maske mit Goldpartikeln und Seide f\u00fcr Haut bis zu einem Alter von 40 Jahren reduziert sichtbar Falten. Goldpartikel, die auf einem Kollagenbooster basieren, verbessern die Elastizit\u00e4t der Haut. Seidenproteine sorgen f\u00fcr ein f\u00fchlbar weiches Hautgef\u00fchl und sch\u00fctzen die Haut vor Umwelteinfl\u00fcssen.<\/p>\n<p>Die Kombination aus Jojoba- und Oliven\u00f6l, Sheabutter und Vitamin E l\u00e4sst Ihre Haut glatter, frischer und entspannter wirken \u2013 als h\u00e4tten Sie etwas l\u00e4nger geschlafen. F\u00fcr regenerierte und gegl\u00e4ttete Haut mit einem frischen Teint.<\/p>\n<h3><span style=\"font-size: 16pt;\"><strong>Gesichtspflege-Set f\u00fcr Frauen<\/strong><\/span><\/h3>\n<p>\u2026 ab 30 Jahren<br \/>\n\u2026 die erste F\u00e4ltchen vorbeugen m\u00f6chten<br \/>\n\u2026 die ihre Gesichtshaut vor Hautalterung sch\u00fctzen m\u00f6chten<br \/>\n\u2026 die Wert auf hochwertige Gesichtspflege legen<\/p>\n<p>&nbsp;<\/p>\n<h4><strong><span style=\"font-size: 16pt;\">Anwendung<\/span><\/strong><\/h4>\n<p>Tragen Sie jeden Morgen nach der Gesichtsreinigung die Nanogold Anti-Aging Tagescreme auf. Danach k\u00f6nnen Sie wie gewohnt mit Ihrem Make-up fortfahren.<br \/>\nDie Nanogold Nachtcreme sollte jeden Abend gro\u00dfz\u00fcgig auf das gereinigte Gesicht aufgetragen werden.<\/p>\n<p><span style=\"font-size: 14pt;\"><strong>F\u00fcr maximale Wirksamkeit des Nanogold Gesichtspflege-Sets in Kombination mit dem Gesichtsgl\u00e4ttungs-Tool verwenden:<\/strong><\/span><\/p>\n<p><strong>SCHRITT 1:<\/strong> Reinigen Sie Ihre Gesichtshaut mit dem Gesichtsreinigungs-Tool oder dem Gesichtspeeling-Tool.<\/p>\n<p><strong>SCHRITT 2:<\/strong> Tragen Sie Ihre Nanogold-Creme auf und massieren Sie sie mit dem Gesichtsgl\u00e4ttungs-Tool ein. Behandeln Sie die linke und rechte Gesichtsh\u00e4lfte sowie die Stirn jeweils 30 Sekunden lang. Achten Sie dabei auf kreisende Bewegungen von innen nach au\u00dfen und von unten nach oben.<\/p>\n","protected":false},"excerpt":{"rendered":"<ul>\n<li><span style=\"color: #ff0000;\"><strong>LIMITIERTES ANGEBOT<\/strong><\/span><\/li>\n<li>Luxuri\u00f6ses Gesichtspflege-Set<\/li>\n<li>Gegen vorzeitige Hautalterung<\/li>\n<li>Enth\u00e4lt 1 x Tagescreme, 1 x Nachtcreme und 1 x Augencreme<\/li>\n<li>Hochwertige Pflege mit Gold- und Seidenproteinen<\/li>\n<li>Hergestellt in Deutschland<\/li>\n<\/ul>\n<p><span style=\"color: #ff0000;\"><a style=\"color: #ff0000;\" href=\"https:\/\/shop.lrworld.com\/openpao?PHP=0vFlt7jT938BEnBI3a6e9w%3D%3D\"><span style=\"font-size: 14pt;\"><strong>Hier registrieren und dauerhaft 35\u202f% sparen<\/strong><\/span><\/a><\/span><\/p>\n","protected":false},"featured_media":18291,"comment_status":"open","ping_status":"closed","template":"","meta":{"_kad_blocks_custom_css":"","_kad_blocks_head_custom_js":"","_kad_blocks_body_custom_js":"","_kad_blocks_footer_custom_js":"","_kadence_starter_templates_imported_post":false,"_kad_post_transparent":"default","_kad_post_title":"","_kad_post_layout":"default","_kad_post_sidebar_id":"","_kad_post_content_style":"default","_kad_post_vertical_padding":"default","_kad_post_feature":"","_kad_post_feature_position":"","_kad_post_header":false,"_kad_post_footer":false,"_kad_post_classname":""},"product_brand":[],"product_cat":[267,285,369],"product_tag":[700,701],"class_list":{"0":"post-18332","1":"product","2":"type-product","3":"status-publish","4":"has-post-thumbnail","6":"product_cat-anti-aging-pflege","7":"product_cat-frauen-bis-40","8":"product_cat-nano-gold-de","9":"product_tag-fur-falten-im-gesicht","10":"product_tag-fur-falten-unter-den-augen","12":"first","13":"instock","14":"taxable","15":"shipping-taxable","16":"purchasable","17":"product-type-simple","18":"entry","19":"content-bg","20":"loop-entry"},"yoast_head":"<!-- This site is optimized with the Yoast SEO Premium plugin v27.4 (Yoast SEO v27.4) - https:\/\/yoast.com\/product\/yoast-seo-premium-wordpress\/ -->\n<title>Nanogold Gesichtspflege-Set f\u00fcr hochwertige anti aging Gesichtspflege<\/title>\n<meta name=\"description\" content=\"Erleben Sie hochwertige Gesichtspflege mit dem Nanogold Gesichtspflege-Set. Sch\u00fctzen Sie Ihre Haut, f\u00f6rdern Sie die Regeneration und reduzieren Sie Falten.\" \/>\n<meta name=\"robots\" content=\"index, follow, max-snippet:-1, max-image-preview:large, max-video-preview:-1\" \/>\n<link rel=\"canonical\" href=\"https:\/\/www.lraloeverashop.eu\/de\/produkt\/nanogold-gesichtspflege-set\/\" \/>\n<meta property=\"og:locale\" content=\"de_DE\" \/>\n<meta property=\"og:type\" content=\"article\" \/>\n<meta property=\"og:title\" content=\"NanoGold Gesichtspflege-Set\" \/>\n<meta property=\"og:description\" content=\"Erleben Sie hochwertige Gesichtspflege mit dem Nanogold Gesichtspflege-Set. Sch\u00fctzen Sie Ihre Haut, f\u00f6rdern Sie die Regeneration und reduzieren Sie Falten.\" \/>\n<meta property=\"og:url\" content=\"https:\/\/www.lraloeverashop.eu\/de\/produkt\/nanogold-gesichtspflege-set\/\" \/>\n<meta property=\"og:site_name\" content=\"Lr Aloe Vera Shop\" \/>\n<meta property=\"article:publisher\" content=\"https:\/\/www.facebook.com\/lraloeverashop.eu\" \/>\n<meta property=\"article:modified_time\" content=\"2026-02-03T17:16:10+00:00\" \/>\n<meta property=\"og:image\" content=\"https:\/\/www.lraloeverashop.eu\/wp-content\/uploads\/2024\/11\/Nano-Gold-Face-Care.jpg\" \/>\n\t<meta property=\"og:image:width\" content=\"1200\" \/>\n\t<meta property=\"og:image:height\" content=\"1200\" \/>\n\t<meta property=\"og:image:type\" content=\"image\/jpeg\" \/>\n<meta name=\"twitter:card\" content=\"summary_large_image\" \/>\n<meta name=\"twitter:site\" content=\"@natur__kosmetik\" \/>\n<script type=\"application\/ld+json\" class=\"yoast-schema-graph\">{\"@context\":\"https:\\\/\\\/schema.org\",\"@graph\":[{\"@type\":[\"WebPage\",\"ItemPage\"],\"@id\":\"https:\\\/\\\/www.lraloeverashop.eu\\\/de\\\/produkt\\\/nanogold-gesichtspflege-set\\\/\",\"url\":\"https:\\\/\\\/www.lraloeverashop.eu\\\/de\\\/produkt\\\/nanogold-gesichtspflege-set\\\/\",\"name\":\"Nanogold Gesichtspflege-Set f\u00fcr hochwertige anti aging Gesichtspflege\",\"isPartOf\":{\"@id\":\"https:\\\/\\\/www.lraloeverashop.eu\\\/de\\\/#website\"},\"primaryImageOfPage\":{\"@id\":\"https:\\\/\\\/www.lraloeverashop.eu\\\/de\\\/produkt\\\/nanogold-gesichtspflege-set\\\/#primaryimage\"},\"image\":{\"@id\":\"https:\\\/\\\/www.lraloeverashop.eu\\\/de\\\/produkt\\\/nanogold-gesichtspflege-set\\\/#primaryimage\"},\"thumbnailUrl\":\"https:\\\/\\\/www.lraloeverashop.eu\\\/wp-content\\\/uploads\\\/2024\\\/11\\\/Nano-Gold-Face-Care.jpg\",\"datePublished\":\"2024-11-04T17:29:02+00:00\",\"dateModified\":\"2026-02-03T17:16:10+00:00\",\"description\":\"Erleben Sie hochwertige Gesichtspflege mit dem Nanogold Gesichtspflege-Set. Sch\u00fctzen Sie Ihre Haut, f\u00f6rdern Sie die Regeneration und reduzieren Sie Falten.\",\"breadcrumb\":{\"@id\":\"https:\\\/\\\/www.lraloeverashop.eu\\\/de\\\/produkt\\\/nanogold-gesichtspflege-set\\\/#breadcrumb\"},\"inLanguage\":\"de\",\"potentialAction\":[{\"@type\":\"ReadAction\",\"target\":[\"https:\\\/\\\/www.lraloeverashop.eu\\\/de\\\/produkt\\\/nanogold-gesichtspflege-set\\\/\"]}]},{\"@type\":\"ImageObject\",\"inLanguage\":\"de\",\"@id\":\"https:\\\/\\\/www.lraloeverashop.eu\\\/de\\\/produkt\\\/nanogold-gesichtspflege-set\\\/#primaryimage\",\"url\":\"https:\\\/\\\/www.lraloeverashop.eu\\\/wp-content\\\/uploads\\\/2024\\\/11\\\/Nano-Gold-Face-Care.jpg\",\"contentUrl\":\"https:\\\/\\\/www.lraloeverashop.eu\\\/wp-content\\\/uploads\\\/2024\\\/11\\\/Nano-Gold-Face-Care.jpg\",\"width\":1200,\"height\":1200,\"caption\":\"Nano Gold Gesichtspflege Set\"},{\"@type\":\"BreadcrumbList\",\"@id\":\"https:\\\/\\\/www.lraloeverashop.eu\\\/de\\\/produkt\\\/nanogold-gesichtspflege-set\\\/#breadcrumb\",\"itemListElement\":[{\"@type\":\"ListItem\",\"position\":1,\"name\":\"Home\",\"item\":\"https:\\\/\\\/www.lraloeverashop.eu\\\/de\\\/\"},{\"@type\":\"ListItem\",\"position\":2,\"name\":\"Shop\",\"item\":\"https:\\\/\\\/www.lraloeverashop.eu\\\/de\\\/shop-2\\\/\"},{\"@type\":\"ListItem\",\"position\":3,\"name\":\"NanoGold Gesichtspflege-Set\"}]},{\"@type\":\"WebSite\",\"@id\":\"https:\\\/\\\/www.lraloeverashop.eu\\\/de\\\/#website\",\"url\":\"https:\\\/\\\/www.lraloeverashop.eu\\\/de\\\/\",\"name\":\"Lr Aloe Vera Shop\",\"description\":\"High Quality Lr Aloe Vera Gel, Aloe Vera Cream and Shampoo\",\"publisher\":{\"@id\":\"https:\\\/\\\/www.lraloeverashop.eu\\\/de\\\/#organization\"},\"potentialAction\":[{\"@type\":\"SearchAction\",\"target\":{\"@type\":\"EntryPoint\",\"urlTemplate\":\"https:\\\/\\\/www.lraloeverashop.eu\\\/de\\\/?s={search_term_string}\"},\"query-input\":{\"@type\":\"PropertyValueSpecification\",\"valueRequired\":true,\"valueName\":\"search_term_string\"}}],\"inLanguage\":\"de\"},{\"@type\":\"Organization\",\"@id\":\"https:\\\/\\\/www.lraloeverashop.eu\\\/de\\\/#organization\",\"name\":\"Lr Aloe Vera Shop\",\"alternateName\":\"LR\",\"url\":\"https:\\\/\\\/www.lraloeverashop.eu\\\/de\\\/\",\"logo\":{\"@type\":\"ImageObject\",\"inLanguage\":\"de\",\"@id\":\"https:\\\/\\\/www.lraloeverashop.eu\\\/de\\\/#\\\/schema\\\/logo\\\/image\\\/\",\"url\":\"https:\\\/\\\/www.lraloeverashop.eu\\\/wp-content\\\/uploads\\\/2022\\\/09\\\/cropped-Lr-Aloe-Vera-Shop.jpg\",\"contentUrl\":\"https:\\\/\\\/www.lraloeverashop.eu\\\/wp-content\\\/uploads\\\/2022\\\/09\\\/cropped-Lr-Aloe-Vera-Shop.jpg\",\"width\":228,\"height\":76,\"caption\":\"Lr Aloe Vera Shop\"},\"image\":{\"@id\":\"https:\\\/\\\/www.lraloeverashop.eu\\\/de\\\/#\\\/schema\\\/logo\\\/image\\\/\"},\"sameAs\":[\"https:\\\/\\\/www.facebook.com\\\/lraloeverashop.eu\",\"https:\\\/\\\/x.com\\\/natur__kosmetik\",\"https:\\\/\\\/www.youtube.com\\\/channel\\\/UC5oN7BJ8nfYb8RpVtjwDEBA\",\"https:\\\/\\\/www.instagram.com\\\/lrbeautyeu\\\/\"],\"description\":\"LR Aloe Vera Shop ist Ihre vertrauensw\u00fcrdige Adresse f\u00fcr hochwertige LR Health & Beauty Produkte aus Deutschland. Wir bieten Ihnen erstklassige Aloe Vera Hautpflege, N\u00e4hrstoffe und Anti-Aging-Produkte mit reinen Inhaltsstoffen, die auf wissenschaftlichen Erkenntnissen basieren. Entdecken Sie nat\u00fcrliche Pflege, die Ihre Haut regeneriert, sch\u00fctzt und revitalisiert \u2013 und profitieren Sie von exklusiven Monatsangeboten auf unsere Bestseller von LR Aloe Vera. Starten Sie noch heute Ihre Reise zu nat\u00fcrlicher Hautpflege und sp\u00fcren Sie den Unterschied.\",\"email\":\"info@lraloeverashop.eu\",\"telephone\":\"+49 17670609653\",\"legalName\":\"Lr Aloe Vera Shop\",\"foundingDate\":\"2018-04-21\",\"numberOfEmployees\":{\"@type\":\"QuantitativeValue\",\"minValue\":\"1\",\"maxValue\":\"10\"}}]}<\/script>\n<meta property=\"product:price:amount\" content=\"129.99\" \/>\n<meta property=\"product:price:currency\" content=\"EUR\" \/>\n<meta property=\"og:availability\" content=\"instock\" \/>\n<meta property=\"product:availability\" content=\"instock\" \/>\n<meta property=\"product:retailer_item_id\" content=\"28195-1DE\" \/>\n<meta property=\"product:condition\" content=\"new\" \/>\n<!-- \/ Yoast SEO Premium plugin. -->","yoast_head_json":{"title":"Nanogold Gesichtspflege-Set f\u00fcr hochwertige anti aging Gesichtspflege","description":"Erleben Sie hochwertige Gesichtspflege mit dem Nanogold Gesichtspflege-Set. Sch\u00fctzen Sie Ihre Haut, f\u00f6rdern Sie die Regeneration und reduzieren Sie Falten.","robots":{"index":"index","follow":"follow","max-snippet":"max-snippet:-1","max-image-preview":"max-image-preview:large","max-video-preview":"max-video-preview:-1"},"canonical":"https:\/\/www.lraloeverashop.eu\/de\/produkt\/nanogold-gesichtspflege-set\/","og_locale":"de_DE","og_type":"article","og_title":"NanoGold Gesichtspflege-Set","og_description":"Erleben Sie hochwertige Gesichtspflege mit dem Nanogold Gesichtspflege-Set. Sch\u00fctzen Sie Ihre Haut, f\u00f6rdern Sie die Regeneration und reduzieren Sie Falten.","og_url":"https:\/\/www.lraloeverashop.eu\/de\/produkt\/nanogold-gesichtspflege-set\/","og_site_name":"Lr Aloe Vera Shop","article_publisher":"https:\/\/www.facebook.com\/lraloeverashop.eu","article_modified_time":"2026-02-03T17:16:10+00:00","og_image":[{"width":1200,"height":1200,"url":"https:\/\/www.lraloeverashop.eu\/wp-content\/uploads\/2024\/11\/Nano-Gold-Face-Care.jpg","type":"image\/jpeg"}],"twitter_card":"summary_large_image","twitter_site":"@natur__kosmetik","schema":{"@context":"https:\/\/schema.org","@graph":[{"@type":["WebPage","ItemPage"],"@id":"https:\/\/www.lraloeverashop.eu\/de\/produkt\/nanogold-gesichtspflege-set\/","url":"https:\/\/www.lraloeverashop.eu\/de\/produkt\/nanogold-gesichtspflege-set\/","name":"Nanogold Gesichtspflege-Set f\u00fcr hochwertige anti aging Gesichtspflege","isPartOf":{"@id":"https:\/\/www.lraloeverashop.eu\/de\/#website"},"primaryImageOfPage":{"@id":"https:\/\/www.lraloeverashop.eu\/de\/produkt\/nanogold-gesichtspflege-set\/#primaryimage"},"image":{"@id":"https:\/\/www.lraloeverashop.eu\/de\/produkt\/nanogold-gesichtspflege-set\/#primaryimage"},"thumbnailUrl":"https:\/\/www.lraloeverashop.eu\/wp-content\/uploads\/2024\/11\/Nano-Gold-Face-Care.jpg","datePublished":"2024-11-04T17:29:02+00:00","dateModified":"2026-02-03T17:16:10+00:00","description":"Erleben Sie hochwertige Gesichtspflege mit dem Nanogold Gesichtspflege-Set. Sch\u00fctzen Sie Ihre Haut, f\u00f6rdern Sie die Regeneration und reduzieren Sie Falten.","breadcrumb":{"@id":"https:\/\/www.lraloeverashop.eu\/de\/produkt\/nanogold-gesichtspflege-set\/#breadcrumb"},"inLanguage":"de","potentialAction":[{"@type":"ReadAction","target":["https:\/\/www.lraloeverashop.eu\/de\/produkt\/nanogold-gesichtspflege-set\/"]}]},{"@type":"ImageObject","inLanguage":"de","@id":"https:\/\/www.lraloeverashop.eu\/de\/produkt\/nanogold-gesichtspflege-set\/#primaryimage","url":"https:\/\/www.lraloeverashop.eu\/wp-content\/uploads\/2024\/11\/Nano-Gold-Face-Care.jpg","contentUrl":"https:\/\/www.lraloeverashop.eu\/wp-content\/uploads\/2024\/11\/Nano-Gold-Face-Care.jpg","width":1200,"height":1200,"caption":"Nano Gold Gesichtspflege Set"},{"@type":"BreadcrumbList","@id":"https:\/\/www.lraloeverashop.eu\/de\/produkt\/nanogold-gesichtspflege-set\/#breadcrumb","itemListElement":[{"@type":"ListItem","position":1,"name":"Home","item":"https:\/\/www.lraloeverashop.eu\/de\/"},{"@type":"ListItem","position":2,"name":"Shop","item":"https:\/\/www.lraloeverashop.eu\/de\/shop-2\/"},{"@type":"ListItem","position":3,"name":"NanoGold Gesichtspflege-Set"}]},{"@type":"WebSite","@id":"https:\/\/www.lraloeverashop.eu\/de\/#website","url":"https:\/\/www.lraloeverashop.eu\/de\/","name":"Lr Aloe Vera Shop","description":"High Quality Lr Aloe Vera Gel, Aloe Vera Cream and Shampoo","publisher":{"@id":"https:\/\/www.lraloeverashop.eu\/de\/#organization"},"potentialAction":[{"@type":"SearchAction","target":{"@type":"EntryPoint","urlTemplate":"https:\/\/www.lraloeverashop.eu\/de\/?s={search_term_string}"},"query-input":{"@type":"PropertyValueSpecification","valueRequired":true,"valueName":"search_term_string"}}],"inLanguage":"de"},{"@type":"Organization","@id":"https:\/\/www.lraloeverashop.eu\/de\/#organization","name":"Lr Aloe Vera Shop","alternateName":"LR","url":"https:\/\/www.lraloeverashop.eu\/de\/","logo":{"@type":"ImageObject","inLanguage":"de","@id":"https:\/\/www.lraloeverashop.eu\/de\/#\/schema\/logo\/image\/","url":"https:\/\/www.lraloeverashop.eu\/wp-content\/uploads\/2022\/09\/cropped-Lr-Aloe-Vera-Shop.jpg","contentUrl":"https:\/\/www.lraloeverashop.eu\/wp-content\/uploads\/2022\/09\/cropped-Lr-Aloe-Vera-Shop.jpg","width":228,"height":76,"caption":"Lr Aloe Vera Shop"},"image":{"@id":"https:\/\/www.lraloeverashop.eu\/de\/#\/schema\/logo\/image\/"},"sameAs":["https:\/\/www.facebook.com\/lraloeverashop.eu","https:\/\/x.com\/natur__kosmetik","https:\/\/www.youtube.com\/channel\/UC5oN7BJ8nfYb8RpVtjwDEBA","https:\/\/www.instagram.com\/lrbeautyeu\/"],"description":"LR Aloe Vera Shop ist Ihre vertrauensw\u00fcrdige Adresse f\u00fcr hochwertige LR Health & Beauty Produkte aus Deutschland. Wir bieten Ihnen erstklassige Aloe Vera Hautpflege, N\u00e4hrstoffe und Anti-Aging-Produkte mit reinen Inhaltsstoffen, die auf wissenschaftlichen Erkenntnissen basieren. Entdecken Sie nat\u00fcrliche Pflege, die Ihre Haut regeneriert, sch\u00fctzt und revitalisiert \u2013 und profitieren Sie von exklusiven Monatsangeboten auf unsere Bestseller von LR Aloe Vera. Starten Sie noch heute Ihre Reise zu nat\u00fcrlicher Hautpflege und sp\u00fcren Sie den Unterschied.","email":"info@lraloeverashop.eu","telephone":"+49 17670609653","legalName":"Lr Aloe Vera Shop","foundingDate":"2018-04-21","numberOfEmployees":{"@type":"QuantitativeValue","minValue":"1","maxValue":"10"}}]},"product_price_amount":"129.99","product_price_currency":"EUR","og_availability":"instock","product_availability":"instock","product_retailer_item_id":"28195-1DE","product_condition":"new"},"taxonomy_info":{"product_cat":[{"value":267,"label":"Anti Aging Pflege"},{"value":285,"label":"Frauen bis 40"},{"value":369,"label":"Nano Gold"}],"product_tag":[{"value":700,"label":"f\u00fcr Falten im Gesicht"},{"value":701,"label":"f\u00fcr Falten unter den Augen"}]},"featured_image_src_large":["https:\/\/www.lraloeverashop.eu\/wp-content\/uploads\/2024\/11\/Nano-Gold-Face-Care-1024x1024.jpg",1024,1024,true],"author_info":[],"comment_info":0,"_links":{"self":[{"href":"https:\/\/www.lraloeverashop.eu\/de\/wp-json\/wp\/v2\/product\/18332","targetHints":{"allow":["GET"]}}],"collection":[{"href":"https:\/\/www.lraloeverashop.eu\/de\/wp-json\/wp\/v2\/product"}],"about":[{"href":"https:\/\/www.lraloeverashop.eu\/de\/wp-json\/wp\/v2\/types\/product"}],"replies":[{"embeddable":true,"href":"https:\/\/www.lraloeverashop.eu\/de\/wp-json\/wp\/v2\/comments?post=18332"}],"wp:featuredmedia":[{"embeddable":true,"href":"https:\/\/www.lraloeverashop.eu\/de\/wp-json\/wp\/v2\/media\/18291"}],"wp:attachment":[{"href":"https:\/\/www.lraloeverashop.eu\/de\/wp-json\/wp\/v2\/media?parent=18332"}],"wp:term":[{"taxonomy":"product_brand","embeddable":true,"href":"https:\/\/www.lraloeverashop.eu\/de\/wp-json\/wp\/v2\/product_brand?post=18332"},{"taxonomy":"product_cat","embeddable":true,"href":"https:\/\/www.lraloeverashop.eu\/de\/wp-json\/wp\/v2\/product_cat?post=18332"},{"taxonomy":"product_tag","embeddable":true,"href":"https:\/\/www.lraloeverashop.eu\/de\/wp-json\/wp\/v2\/product_tag?post=18332"}],"curies":[{"name":"wp","href":"https:\/\/api.w.org\/{rel}","templated":true}]}}