{"id":16221,"date":"2024-07-12T15:05:38","date_gmt":"2024-07-12T13:05:38","guid":{"rendered":"https:\/\/www.lraloeverashop.eu\/?post_type=product&#038;p=16221"},"modified":"2026-02-03T18:18:01","modified_gmt":"2026-02-03T17:18:01","slug":"aloe-vera-klar-rasiergel","status":"publish","type":"product","link":"https:\/\/www.lraloeverashop.eu\/de\/produkt\/aloe-vera-klar-rasiergel\/","title":{"rendered":"Aloe Vera Klar Rasiergel"},"content":{"rendered":"<h2><span style=\"font-size: 16pt;\"><strong>Aloe Vera Klar Rasiergel<\/strong><\/span><\/h2>\n<p><span style=\"font-size: 14pt;\"><strong>Aloe Vera Klar Rasiergel revitalisiert Ihre Haut bei jeder Rasur.<\/strong><\/span><\/p>\n<p>Entdecken Sie das ultimative Rasiererlebnis mit dem Aloe Vera Rasiergel von <a href=\"https:\/\/lrworld.com\/join-me\">LR Health &amp; Beauty<\/a>. Egal, ob Sie Ihren Bart pflegen oder andere Bereiche rasieren, dieses innovative Gel sorgt f\u00fcr eine pr\u00e4zise und sanfte Rasur von Kopf bis Fu\u00df.<\/p>\n<p>&nbsp;<\/p>\n<h3><span style=\"font-size: 16pt;\"><strong>Vorteile, die Sie lieben werden<\/strong><\/span><\/h3>\n<p><strong>Vielseitige Anwendung:<\/strong> Ideal zum Rasieren von B\u00e4rten und verschiedenen Hautbereichen.<br \/>\n<strong>Verbesserte Pr\u00e4zision:<\/strong> Transparente Formel f\u00fcr klare Konturen.<br \/>\n<strong>Hautpflege:<\/strong> Enth\u00e4lt 50% Aloe Vera, Hyalurons\u00e4ure und Provitamin B5 zur Beruhigung und zum Schutz der Haut.<br \/>\n<strong>Verhindert Reizungen:<\/strong> Reduziert R\u00f6tungen, Brennen, Trockenheit und Spannungsgef\u00fchle.<br \/>\n<strong>Frischer Look:<\/strong> Hinterl\u00e4sst die Haut frisch und regeneriert.<\/p>\n<p>Das Aloe Vera Klar Rasiergel erweicht und hebt die Haare f\u00fcr eine gr\u00fcndliche Rasur an und verhindert aktiv Hautirritationen wie R\u00f6tungen, Brennen, Trockenheit und Spannungsgef\u00fchle. Angereichert mit Hyalurons\u00e4ure und Provitamin B5 pflegt es Ihre Haut tiefgehend und spendet Feuchtigkeit, f\u00f6rdert Regeneration und Vitalit\u00e4t. Die beruhigende Mischung aus Defensil\u2122 und organischem Wei\u00dfen Tee-Extrakt st\u00e4rkt Ihre Hautbarriere und bietet un\u00fcbertroffenen Schutz und Komfort bei jeder Rasur.<\/p>\n<p>&nbsp;<\/p>\n<h4><span style=\"font-size: 16pt;\"><strong>Anwendung<\/strong><\/span><\/h4>\n<ol>\n<li><strong>Befeuchten:<\/strong> Den zu rasierenden Bereich mit lauwarmem Wasser anfeuchten.<\/li>\n<li><strong>Auftragen:<\/strong> Das Rasiergel gleichm\u00e4\u00dfig verteilen, bis sich ein ausreichender &#8222;Gelfilm&#8220; auf der Haut bildet.<\/li>\n<li><strong>Rasieren:<\/strong> Mit einem sauberen, scharfen Rasierer wie gewohnt rasieren.<\/li>\n<li><strong>Aussp\u00fclen:<\/strong> Den rasierten Bereich mit lauwarmem Wasser abwaschen.<\/li>\n<\/ol>\n<p>&nbsp;<\/p>\n<p><strong>Tip:<\/strong> F\u00fcr die Rasur eines Vollbartes empfehlen wir das <a href=\"https:\/\/www.lraloeverashop.eu\/de\/produkt\/aloe-vera-hautberuhigender-rasierschaum\/\">Aloe Vera Hautberuhigende Rasierschaum<\/a> f\u00fcr ein noch glatteres Finish.<\/p>\n<p>Erleben Sie die Klarheit und den Komfort des Aloe Vera Klar Rasiergel bei Ihrer n\u00e4chsten Rasur. Erfahren Sie die Gl\u00e4tte und Pflege, die Ihre Haut verdient. Warten Sie nicht \u2013 verbessern Sie noch heute Ihre Rasurroutine und genie\u00dfen Sie jedes Mal ein frisches, reizungsfreies Finish!<\/p>\n","protected":false},"excerpt":{"rendered":"<ul>\n<li>Transparentes, nicht sch\u00e4umendes Rasiergel f\u00fcr verschiedene Hautbereiche<\/li>\n<li>Perfekt f\u00fcr die Rasur der Bartkonturen<\/li>\n<li>Mit 50% Aloe Vera, Hyalurons\u00e4ure und Provitamin B5<\/li>\n<li>Beruhigt und sch\u00fctzt vor Hautirritationen wie R\u00f6tungen<\/li>\n<li>Mit Defensil\u2122 und organischem Wei\u00dfen Tee-Extrakt<\/li>\n<li>Inhalt: 150 ml<\/li>\n<\/ul>\n<p><span style=\"color: #ff0000;\"><a style=\"color: #ff0000;\" href=\"https:\/\/shop.lrworld.com\/openpao?PHP=0vFlt7jT938BEnBI3a6e9w%3D%3D\"><span style=\"font-size: 14pt;\"><strong>Hier registrieren und dauerhaft 35\u202f% sparen<\/strong><\/span><\/a><\/span><\/p>\n","protected":false},"featured_media":16213,"comment_status":"open","ping_status":"closed","template":"","meta":{"_kad_blocks_custom_css":"","_kad_blocks_head_custom_js":"","_kad_blocks_body_custom_js":"","_kad_blocks_footer_custom_js":"","_kadence_starter_templates_imported_post":false,"_kad_post_transparent":"default","_kad_post_title":"","_kad_post_layout":"default","_kad_post_sidebar_id":"","_kad_post_content_style":"default","_kad_post_vertical_padding":"default","_kad_post_feature":"","_kad_post_feature_position":"","_kad_post_header":false,"_kad_post_footer":false,"_kad_post_classname":""},"product_brand":[],"product_cat":[213,249],"product_tag":[519,538],"class_list":{"0":"post-16221","1":"product","2":"type-product","3":"status-publish","4":"has-post-thumbnail","6":"product_cat-aloe-vera-de","7":"product_cat-mannerpflege","8":"product_tag-bart","9":"product_tag-herrenprodukte","11":"first","12":"instock","13":"taxable","14":"shipping-taxable","15":"purchasable","16":"product-type-simple","17":"entry","18":"content-bg","19":"loop-entry"},"yoast_head":"<!-- This site is optimized with the Yoast SEO Premium plugin v27.4 (Yoast SEO v27.4) - https:\/\/yoast.com\/product\/yoast-seo-premium-wordpress\/ -->\n<title>Aloe Vera Klar Rasiergel f\u00fcr einzigartige pr\u00e4zise Rasur<\/title>\n<meta name=\"description\" content=\"Erleben Sie die Klarheit und den Komfort des Aloe Vera Klar Rasiergel bei Ihrer n\u00e4chsten Rasur. Erfahren Sie die Gl\u00e4tte und Pflege, die Ihre Haut verdient.\" \/>\n<meta name=\"robots\" content=\"index, follow, max-snippet:-1, max-image-preview:large, max-video-preview:-1\" \/>\n<link rel=\"canonical\" href=\"https:\/\/www.lraloeverashop.eu\/de\/produkt\/aloe-vera-klar-rasiergel\/\" \/>\n<meta property=\"og:locale\" content=\"de_DE\" \/>\n<meta property=\"og:type\" content=\"article\" \/>\n<meta property=\"og:title\" content=\"Aloe Vera Klar Rasiergel\" \/>\n<meta property=\"og:description\" content=\"Erleben Sie die Klarheit und den Komfort des Aloe Vera Klar Rasiergel bei Ihrer n\u00e4chsten Rasur. Erfahren Sie die Gl\u00e4tte und Pflege, die Ihre Haut verdient.\" \/>\n<meta property=\"og:url\" content=\"https:\/\/www.lraloeverashop.eu\/de\/produkt\/aloe-vera-klar-rasiergel\/\" \/>\n<meta property=\"og:site_name\" content=\"Lr Aloe Vera Shop\" \/>\n<meta property=\"article:publisher\" content=\"https:\/\/www.facebook.com\/lraloeverashop.eu\" \/>\n<meta property=\"article:modified_time\" content=\"2026-02-03T17:18:01+00:00\" \/>\n<meta property=\"og:image\" content=\"https:\/\/www.lraloeverashop.eu\/wp-content\/uploads\/2024\/07\/Aloe-Vera-Clear-Shaving-Gel.jpg\" \/>\n\t<meta property=\"og:image:width\" content=\"1200\" \/>\n\t<meta property=\"og:image:height\" content=\"1200\" \/>\n\t<meta property=\"og:image:type\" content=\"image\/jpeg\" \/>\n<meta name=\"twitter:card\" content=\"summary_large_image\" \/>\n<meta name=\"twitter:site\" content=\"@natur__kosmetik\" \/>\n<script type=\"application\/ld+json\" class=\"yoast-schema-graph\">{\"@context\":\"https:\\\/\\\/schema.org\",\"@graph\":[{\"@type\":[\"WebPage\",\"ItemPage\"],\"@id\":\"https:\\\/\\\/www.lraloeverashop.eu\\\/de\\\/produkt\\\/aloe-vera-klar-rasiergel\\\/\",\"url\":\"https:\\\/\\\/www.lraloeverashop.eu\\\/de\\\/produkt\\\/aloe-vera-klar-rasiergel\\\/\",\"name\":\"Aloe Vera Klar Rasiergel f\u00fcr einzigartige pr\u00e4zise Rasur\",\"isPartOf\":{\"@id\":\"https:\\\/\\\/www.lraloeverashop.eu\\\/de\\\/#website\"},\"primaryImageOfPage\":{\"@id\":\"https:\\\/\\\/www.lraloeverashop.eu\\\/de\\\/produkt\\\/aloe-vera-klar-rasiergel\\\/#primaryimage\"},\"image\":{\"@id\":\"https:\\\/\\\/www.lraloeverashop.eu\\\/de\\\/produkt\\\/aloe-vera-klar-rasiergel\\\/#primaryimage\"},\"thumbnailUrl\":\"https:\\\/\\\/www.lraloeverashop.eu\\\/wp-content\\\/uploads\\\/2024\\\/07\\\/Aloe-Vera-Clear-Shaving-Gel.jpg\",\"datePublished\":\"2024-07-12T13:05:38+00:00\",\"dateModified\":\"2026-02-03T17:18:01+00:00\",\"description\":\"Erleben Sie die Klarheit und den Komfort des Aloe Vera Klar Rasiergel bei Ihrer n\u00e4chsten Rasur. Erfahren Sie die Gl\u00e4tte und Pflege, die Ihre Haut verdient.\",\"breadcrumb\":{\"@id\":\"https:\\\/\\\/www.lraloeverashop.eu\\\/de\\\/produkt\\\/aloe-vera-klar-rasiergel\\\/#breadcrumb\"},\"inLanguage\":\"de\",\"potentialAction\":[{\"@type\":\"ReadAction\",\"target\":[\"https:\\\/\\\/www.lraloeverashop.eu\\\/de\\\/produkt\\\/aloe-vera-klar-rasiergel\\\/\"]}]},{\"@type\":\"ImageObject\",\"inLanguage\":\"de\",\"@id\":\"https:\\\/\\\/www.lraloeverashop.eu\\\/de\\\/produkt\\\/aloe-vera-klar-rasiergel\\\/#primaryimage\",\"url\":\"https:\\\/\\\/www.lraloeverashop.eu\\\/wp-content\\\/uploads\\\/2024\\\/07\\\/Aloe-Vera-Clear-Shaving-Gel.jpg\",\"contentUrl\":\"https:\\\/\\\/www.lraloeverashop.eu\\\/wp-content\\\/uploads\\\/2024\\\/07\\\/Aloe-Vera-Clear-Shaving-Gel.jpg\",\"width\":1200,\"height\":1200,\"caption\":\"Aloe Vera Klares Rasiergel f\u00fcr perfekte Bartkonturen\"},{\"@type\":\"BreadcrumbList\",\"@id\":\"https:\\\/\\\/www.lraloeverashop.eu\\\/de\\\/produkt\\\/aloe-vera-klar-rasiergel\\\/#breadcrumb\",\"itemListElement\":[{\"@type\":\"ListItem\",\"position\":1,\"name\":\"Home\",\"item\":\"https:\\\/\\\/www.lraloeverashop.eu\\\/de\\\/\"},{\"@type\":\"ListItem\",\"position\":2,\"name\":\"Shop\",\"item\":\"https:\\\/\\\/www.lraloeverashop.eu\\\/de\\\/shop-2\\\/\"},{\"@type\":\"ListItem\",\"position\":3,\"name\":\"Aloe Vera Klar Rasiergel\"}]},{\"@type\":\"WebSite\",\"@id\":\"https:\\\/\\\/www.lraloeverashop.eu\\\/de\\\/#website\",\"url\":\"https:\\\/\\\/www.lraloeverashop.eu\\\/de\\\/\",\"name\":\"Lr Aloe Vera Shop\",\"description\":\"High Quality Lr Aloe Vera Gel, Aloe Vera Cream and Shampoo\",\"publisher\":{\"@id\":\"https:\\\/\\\/www.lraloeverashop.eu\\\/de\\\/#organization\"},\"potentialAction\":[{\"@type\":\"SearchAction\",\"target\":{\"@type\":\"EntryPoint\",\"urlTemplate\":\"https:\\\/\\\/www.lraloeverashop.eu\\\/de\\\/?s={search_term_string}\"},\"query-input\":{\"@type\":\"PropertyValueSpecification\",\"valueRequired\":true,\"valueName\":\"search_term_string\"}}],\"inLanguage\":\"de\"},{\"@type\":\"Organization\",\"@id\":\"https:\\\/\\\/www.lraloeverashop.eu\\\/de\\\/#organization\",\"name\":\"Lr Aloe Vera Shop\",\"alternateName\":\"LR\",\"url\":\"https:\\\/\\\/www.lraloeverashop.eu\\\/de\\\/\",\"logo\":{\"@type\":\"ImageObject\",\"inLanguage\":\"de\",\"@id\":\"https:\\\/\\\/www.lraloeverashop.eu\\\/de\\\/#\\\/schema\\\/logo\\\/image\\\/\",\"url\":\"https:\\\/\\\/www.lraloeverashop.eu\\\/wp-content\\\/uploads\\\/2022\\\/09\\\/cropped-Lr-Aloe-Vera-Shop.jpg\",\"contentUrl\":\"https:\\\/\\\/www.lraloeverashop.eu\\\/wp-content\\\/uploads\\\/2022\\\/09\\\/cropped-Lr-Aloe-Vera-Shop.jpg\",\"width\":228,\"height\":76,\"caption\":\"Lr Aloe Vera Shop\"},\"image\":{\"@id\":\"https:\\\/\\\/www.lraloeverashop.eu\\\/de\\\/#\\\/schema\\\/logo\\\/image\\\/\"},\"sameAs\":[\"https:\\\/\\\/www.facebook.com\\\/lraloeverashop.eu\",\"https:\\\/\\\/x.com\\\/natur__kosmetik\",\"https:\\\/\\\/www.youtube.com\\\/channel\\\/UC5oN7BJ8nfYb8RpVtjwDEBA\",\"https:\\\/\\\/www.instagram.com\\\/lrbeautyeu\\\/\"],\"description\":\"LR Aloe Vera Shop ist Ihre vertrauensw\u00fcrdige Adresse f\u00fcr hochwertige LR Health & Beauty Produkte aus Deutschland. Wir bieten Ihnen erstklassige Aloe Vera Hautpflege, N\u00e4hrstoffe und Anti-Aging-Produkte mit reinen Inhaltsstoffen, die auf wissenschaftlichen Erkenntnissen basieren. Entdecken Sie nat\u00fcrliche Pflege, die Ihre Haut regeneriert, sch\u00fctzt und revitalisiert \u2013 und profitieren Sie von exklusiven Monatsangeboten auf unsere Bestseller von LR Aloe Vera. Starten Sie noch heute Ihre Reise zu nat\u00fcrlicher Hautpflege und sp\u00fcren Sie den Unterschied.\",\"email\":\"info@lraloeverashop.eu\",\"telephone\":\"+49 17670609653\",\"legalName\":\"Lr Aloe Vera Shop\",\"foundingDate\":\"2018-04-21\",\"numberOfEmployees\":{\"@type\":\"QuantitativeValue\",\"minValue\":\"1\",\"maxValue\":\"10\"}}]}<\/script>\n<meta property=\"product:price:amount\" content=\"14.39\" \/>\n<meta property=\"product:price:currency\" content=\"EUR\" \/>\n<meta property=\"og:availability\" content=\"instock\" \/>\n<meta property=\"product:availability\" content=\"instock\" \/>\n<meta property=\"product:retailer_item_id\" content=\"20446-1DE\" \/>\n<meta property=\"product:condition\" content=\"new\" \/>\n<!-- \/ Yoast SEO Premium plugin. -->","yoast_head_json":{"title":"Aloe Vera Klar Rasiergel f\u00fcr einzigartige pr\u00e4zise Rasur","description":"Erleben Sie die Klarheit und den Komfort des Aloe Vera Klar Rasiergel bei Ihrer n\u00e4chsten Rasur. Erfahren Sie die Gl\u00e4tte und Pflege, die Ihre Haut verdient.","robots":{"index":"index","follow":"follow","max-snippet":"max-snippet:-1","max-image-preview":"max-image-preview:large","max-video-preview":"max-video-preview:-1"},"canonical":"https:\/\/www.lraloeverashop.eu\/de\/produkt\/aloe-vera-klar-rasiergel\/","og_locale":"de_DE","og_type":"article","og_title":"Aloe Vera Klar Rasiergel","og_description":"Erleben Sie die Klarheit und den Komfort des Aloe Vera Klar Rasiergel bei Ihrer n\u00e4chsten Rasur. Erfahren Sie die Gl\u00e4tte und Pflege, die Ihre Haut verdient.","og_url":"https:\/\/www.lraloeverashop.eu\/de\/produkt\/aloe-vera-klar-rasiergel\/","og_site_name":"Lr Aloe Vera Shop","article_publisher":"https:\/\/www.facebook.com\/lraloeverashop.eu","article_modified_time":"2026-02-03T17:18:01+00:00","og_image":[{"width":1200,"height":1200,"url":"https:\/\/www.lraloeverashop.eu\/wp-content\/uploads\/2024\/07\/Aloe-Vera-Clear-Shaving-Gel.jpg","type":"image\/jpeg"}],"twitter_card":"summary_large_image","twitter_site":"@natur__kosmetik","schema":{"@context":"https:\/\/schema.org","@graph":[{"@type":["WebPage","ItemPage"],"@id":"https:\/\/www.lraloeverashop.eu\/de\/produkt\/aloe-vera-klar-rasiergel\/","url":"https:\/\/www.lraloeverashop.eu\/de\/produkt\/aloe-vera-klar-rasiergel\/","name":"Aloe Vera Klar Rasiergel f\u00fcr einzigartige pr\u00e4zise Rasur","isPartOf":{"@id":"https:\/\/www.lraloeverashop.eu\/de\/#website"},"primaryImageOfPage":{"@id":"https:\/\/www.lraloeverashop.eu\/de\/produkt\/aloe-vera-klar-rasiergel\/#primaryimage"},"image":{"@id":"https:\/\/www.lraloeverashop.eu\/de\/produkt\/aloe-vera-klar-rasiergel\/#primaryimage"},"thumbnailUrl":"https:\/\/www.lraloeverashop.eu\/wp-content\/uploads\/2024\/07\/Aloe-Vera-Clear-Shaving-Gel.jpg","datePublished":"2024-07-12T13:05:38+00:00","dateModified":"2026-02-03T17:18:01+00:00","description":"Erleben Sie die Klarheit und den Komfort des Aloe Vera Klar Rasiergel bei Ihrer n\u00e4chsten Rasur. Erfahren Sie die Gl\u00e4tte und Pflege, die Ihre Haut verdient.","breadcrumb":{"@id":"https:\/\/www.lraloeverashop.eu\/de\/produkt\/aloe-vera-klar-rasiergel\/#breadcrumb"},"inLanguage":"de","potentialAction":[{"@type":"ReadAction","target":["https:\/\/www.lraloeverashop.eu\/de\/produkt\/aloe-vera-klar-rasiergel\/"]}]},{"@type":"ImageObject","inLanguage":"de","@id":"https:\/\/www.lraloeverashop.eu\/de\/produkt\/aloe-vera-klar-rasiergel\/#primaryimage","url":"https:\/\/www.lraloeverashop.eu\/wp-content\/uploads\/2024\/07\/Aloe-Vera-Clear-Shaving-Gel.jpg","contentUrl":"https:\/\/www.lraloeverashop.eu\/wp-content\/uploads\/2024\/07\/Aloe-Vera-Clear-Shaving-Gel.jpg","width":1200,"height":1200,"caption":"Aloe Vera Klares Rasiergel f\u00fcr perfekte Bartkonturen"},{"@type":"BreadcrumbList","@id":"https:\/\/www.lraloeverashop.eu\/de\/produkt\/aloe-vera-klar-rasiergel\/#breadcrumb","itemListElement":[{"@type":"ListItem","position":1,"name":"Home","item":"https:\/\/www.lraloeverashop.eu\/de\/"},{"@type":"ListItem","position":2,"name":"Shop","item":"https:\/\/www.lraloeverashop.eu\/de\/shop-2\/"},{"@type":"ListItem","position":3,"name":"Aloe Vera Klar Rasiergel"}]},{"@type":"WebSite","@id":"https:\/\/www.lraloeverashop.eu\/de\/#website","url":"https:\/\/www.lraloeverashop.eu\/de\/","name":"Lr Aloe Vera Shop","description":"High Quality Lr Aloe Vera Gel, Aloe Vera Cream and Shampoo","publisher":{"@id":"https:\/\/www.lraloeverashop.eu\/de\/#organization"},"potentialAction":[{"@type":"SearchAction","target":{"@type":"EntryPoint","urlTemplate":"https:\/\/www.lraloeverashop.eu\/de\/?s={search_term_string}"},"query-input":{"@type":"PropertyValueSpecification","valueRequired":true,"valueName":"search_term_string"}}],"inLanguage":"de"},{"@type":"Organization","@id":"https:\/\/www.lraloeverashop.eu\/de\/#organization","name":"Lr Aloe Vera Shop","alternateName":"LR","url":"https:\/\/www.lraloeverashop.eu\/de\/","logo":{"@type":"ImageObject","inLanguage":"de","@id":"https:\/\/www.lraloeverashop.eu\/de\/#\/schema\/logo\/image\/","url":"https:\/\/www.lraloeverashop.eu\/wp-content\/uploads\/2022\/09\/cropped-Lr-Aloe-Vera-Shop.jpg","contentUrl":"https:\/\/www.lraloeverashop.eu\/wp-content\/uploads\/2022\/09\/cropped-Lr-Aloe-Vera-Shop.jpg","width":228,"height":76,"caption":"Lr Aloe Vera Shop"},"image":{"@id":"https:\/\/www.lraloeverashop.eu\/de\/#\/schema\/logo\/image\/"},"sameAs":["https:\/\/www.facebook.com\/lraloeverashop.eu","https:\/\/x.com\/natur__kosmetik","https:\/\/www.youtube.com\/channel\/UC5oN7BJ8nfYb8RpVtjwDEBA","https:\/\/www.instagram.com\/lrbeautyeu\/"],"description":"LR Aloe Vera Shop ist Ihre vertrauensw\u00fcrdige Adresse f\u00fcr hochwertige LR Health & Beauty Produkte aus Deutschland. Wir bieten Ihnen erstklassige Aloe Vera Hautpflege, N\u00e4hrstoffe und Anti-Aging-Produkte mit reinen Inhaltsstoffen, die auf wissenschaftlichen Erkenntnissen basieren. Entdecken Sie nat\u00fcrliche Pflege, die Ihre Haut regeneriert, sch\u00fctzt und revitalisiert \u2013 und profitieren Sie von exklusiven Monatsangeboten auf unsere Bestseller von LR Aloe Vera. Starten Sie noch heute Ihre Reise zu nat\u00fcrlicher Hautpflege und sp\u00fcren Sie den Unterschied.","email":"info@lraloeverashop.eu","telephone":"+49 17670609653","legalName":"Lr Aloe Vera Shop","foundingDate":"2018-04-21","numberOfEmployees":{"@type":"QuantitativeValue","minValue":"1","maxValue":"10"}}]},"product_price_amount":"14.39","product_price_currency":"EUR","og_availability":"instock","product_availability":"instock","product_retailer_item_id":"20446-1DE","product_condition":"new"},"taxonomy_info":{"product_cat":[{"value":213,"label":"Aloe Vera"},{"value":249,"label":"M\u00e4nnerpflege"}],"product_tag":[{"value":519,"label":"Bart"},{"value":538,"label":"Herrenprodukte"}]},"featured_image_src_large":["https:\/\/www.lraloeverashop.eu\/wp-content\/uploads\/2024\/07\/Aloe-Vera-Clear-Shaving-Gel-1024x1024.jpg",1024,1024,true],"author_info":[],"comment_info":0,"_links":{"self":[{"href":"https:\/\/www.lraloeverashop.eu\/de\/wp-json\/wp\/v2\/product\/16221","targetHints":{"allow":["GET"]}}],"collection":[{"href":"https:\/\/www.lraloeverashop.eu\/de\/wp-json\/wp\/v2\/product"}],"about":[{"href":"https:\/\/www.lraloeverashop.eu\/de\/wp-json\/wp\/v2\/types\/product"}],"replies":[{"embeddable":true,"href":"https:\/\/www.lraloeverashop.eu\/de\/wp-json\/wp\/v2\/comments?post=16221"}],"wp:featuredmedia":[{"embeddable":true,"href":"https:\/\/www.lraloeverashop.eu\/de\/wp-json\/wp\/v2\/media\/16213"}],"wp:attachment":[{"href":"https:\/\/www.lraloeverashop.eu\/de\/wp-json\/wp\/v2\/media?parent=16221"}],"wp:term":[{"taxonomy":"product_brand","embeddable":true,"href":"https:\/\/www.lraloeverashop.eu\/de\/wp-json\/wp\/v2\/product_brand?post=16221"},{"taxonomy":"product_cat","embeddable":true,"href":"https:\/\/www.lraloeverashop.eu\/de\/wp-json\/wp\/v2\/product_cat?post=16221"},{"taxonomy":"product_tag","embeddable":true,"href":"https:\/\/www.lraloeverashop.eu\/de\/wp-json\/wp\/v2\/product_tag?post=16221"}],"curies":[{"name":"wp","href":"https:\/\/api.w.org\/{rel}","templated":true}]}}