{"id":15561,"date":"2024-06-01T01:09:35","date_gmt":"2024-05-31T23:09:35","guid":{"rendered":"https:\/\/www.lraloeverashop.eu\/?post_type=product&#038;p=15561"},"modified":"2026-02-03T18:18:45","modified_gmt":"2026-02-03T17:18:45","slug":"schuetzende-deo-roll-on-duo","status":"publish","type":"product","link":"https:\/\/www.lraloeverashop.eu\/de\/produkt\/schuetzende-deo-roll-on-duo\/","title":{"rendered":"Sch\u00fctzende Deo Roll-on DUO"},"content":{"rendered":"<h2><span style=\"font-size: 16pt;\"><strong>Sch\u00fctzende Deo Roll-on DUO<\/strong><\/span><\/h2>\n<p><span style=\"font-size: 14pt;\"><strong>Sch\u00fctzende deo roll-on DUO Hinterl\u00e4sst ein angenehmes Gef\u00fchl von Frische<\/strong><\/span><\/p>\n<p>Der Sch\u00fctzender Deo Roll-on DUO ist ideal f\u00fcr empfindliche Hauttypen und kann direkt nach der Rasur verwendet werden. Feuchtigkeitsspendendes <a href=\"https:\/\/www.lraloeverashop.eu\/de\/aloe-vera-gel-fuer-gesicht-haare-und-koerper\/\">Aloe Vera Gel<\/a> und Extrakte aus Bio-Baumwolle sorgen den ganzen Tag f\u00fcr ein sicheres und frisches Gef\u00fchl. Die alkoholfreie Formel mit einem zarten Duft erfrischt und kann auch in Kombination mit Ihrem <a href=\"https:\/\/shop.lrworld.com\/home\/DE\/de?PHP=0vFlt7jT938BEnBI3a6e9w%3D%3D\">Lieblingsparf\u00fcm<\/a> verwendet werden.<\/p>\n<p>&nbsp;<\/p>\n<h3><span style=\"font-size: 16pt;\"><strong>Anwendung<\/strong><\/span><\/h3>\n<p>T\u00e4glich morgens und abends auf die sauberen Achseln auftragen oder bei Bedarf zur Auffrischung benutzen.<\/p>\n<p>&nbsp;<\/p>\n<h4><span style=\"font-size: 16pt;\"><strong>Wussten Sie schon?<\/strong><\/span><\/h4>\n<p>Achseln k\u00f6nnen am besten mit einem Nassrasierer enthaart werden. Vor dem Rasieren empfiehlt sich die Anwendung eines sanften Rasierschaums, der die Haare weich werden l\u00e4sst. Dann f\u00fchrt man den Nassrasierer aus verschiedenen Richtungen \u00fcber die Achselhaut, um alle <a href=\"https:\/\/www.lraloeverashop.eu\/de\/haarpflege-set-nutri-repair-beste-behandlung-fuer-beschaedigtes-haar\/\">Haare<\/a> zu entfernen. Nach dem Rasieren kann direkt der alkoholfreie Aloe Vera Sch\u00fctzender Deo Roll-on aufgetragen werden, da die <a href=\"https:\/\/www.lraloeverashop.eu\/de\/produkt\/aloe-vera-schuetzender-deo-roll-on\/\">sanfte Formel<\/a> die Haut entspannt und f\u00fcr ein angenehmes Gef\u00fchl von Frische sorgt.<\/p>\n","protected":false},"excerpt":{"rendered":"<ul>\n<li>Sanfter Anti-Transpirant-Schutz ohne Alkohol<\/li>\n<li>Mit 15% Aloe Vera Gel und Bio-Baumwoll-Extrakt<\/li>\n<li>Sicherer Schutz vor K\u00f6rpergeruch<\/li>\n<li>Hinterl\u00e4sst ein angenehmes Gef\u00fchl von Frische<\/li>\n<li>Gute Hautvertr\u00e4glichkeit auch bei empfindlicher Haut<\/li>\n<li>Besonders mild nach der Rasur<\/li>\n<li>Menge: 2 x 50 ml<\/li>\n<\/ul>\n<p><span style=\"color: #ff0000;\"><a style=\"color: #ff0000;\" href=\"https:\/\/shop.lrworld.com\/openpao?PHP=0vFlt7jT938BEnBI3a6e9w%3D%3D\"><span style=\"font-size: 14pt;\"><strong>Hier registrieren und dauerhaft 35\u202f% sparen<\/strong><\/span><\/a><\/span><\/p>\n","protected":false},"featured_media":15553,"comment_status":"open","ping_status":"closed","template":"","meta":{"_kad_blocks_custom_css":"","_kad_blocks_head_custom_js":"","_kad_blocks_body_custom_js":"","_kad_blocks_footer_custom_js":"","_kadence_starter_templates_imported_post":false,"_kad_post_transparent":"default","_kad_post_title":"","_kad_post_layout":"default","_kad_post_sidebar_id":"","_kad_post_content_style":"default","_kad_post_vertical_padding":"default","_kad_post_feature":"","_kad_post_feature_position":"","_kad_post_header":false,"_kad_post_footer":false,"_kad_post_classname":""},"product_brand":[],"product_cat":[213,352,228],"product_tag":[],"class_list":{"0":"post-15561","1":"product","2":"type-product","3":"status-publish","4":"has-post-thumbnail","6":"product_cat-aloe-vera-de","7":"product_cat-angebote","8":"product_cat-korperpflege","10":"first","11":"outofstock","12":"sale","13":"taxable","14":"shipping-taxable","15":"purchasable","16":"product-type-simple","17":"entry","18":"content-bg","19":"loop-entry"},"yoast_head":"<!-- This site is optimized with the Yoast SEO Premium plugin v27.5 (Yoast SEO v27.5) - https:\/\/yoast.com\/product\/yoast-seo-premium-wordpress\/ -->\n<title>Sch\u00fctzende Deo Roll-on Duo: mit alkoholfreie Formel<\/title>\n<meta name=\"description\" content=\"Empfindliche Haut? Kein Problem! Unser sch\u00fctzendes Deo Roll-on DUO ist sanft und erfrischend und gibt Ihnen den ganzen Tag lang ein sicheres Gef\u00fchl.\" \/>\n<meta name=\"robots\" content=\"index, follow, max-snippet:-1, max-image-preview:large, max-video-preview:-1\" \/>\n<link rel=\"canonical\" href=\"https:\/\/www.lraloeverashop.eu\/de\/produkt\/schuetzende-deo-roll-on-duo\/\" \/>\n<meta property=\"og:locale\" content=\"de_DE\" \/>\n<meta property=\"og:type\" content=\"article\" \/>\n<meta property=\"og:title\" content=\"Sch\u00fctzende Deo Roll-on DUO\" \/>\n<meta property=\"og:description\" content=\"Empfindliche Haut? Kein Problem! Unser sch\u00fctzendes Deo Roll-on DUO ist sanft und erfrischend und gibt Ihnen den ganzen Tag lang ein sicheres Gef\u00fchl.\" \/>\n<meta property=\"og:url\" content=\"https:\/\/www.lraloeverashop.eu\/de\/produkt\/schuetzende-deo-roll-on-duo\/\" \/>\n<meta property=\"og:site_name\" content=\"Lr Aloe Vera Shop\" \/>\n<meta property=\"article:publisher\" content=\"https:\/\/www.facebook.com\/lraloeverashop.eu\" \/>\n<meta property=\"article:modified_time\" content=\"2026-02-03T17:18:45+00:00\" \/>\n<meta property=\"og:image\" content=\"https:\/\/www.lraloeverashop.eu\/wp-content\/uploads\/2024\/06\/Protective-Deo-Roll-On-DUO.jpg\" \/>\n\t<meta property=\"og:image:width\" content=\"1200\" \/>\n\t<meta property=\"og:image:height\" content=\"1200\" \/>\n\t<meta property=\"og:image:type\" content=\"image\/jpeg\" \/>\n<meta name=\"twitter:card\" content=\"summary_large_image\" \/>\n<meta name=\"twitter:site\" content=\"@natur__kosmetik\" \/>\n<script type=\"application\/ld+json\" class=\"yoast-schema-graph\">{\"@context\":\"https:\\\/\\\/schema.org\",\"@graph\":[{\"@type\":[\"WebPage\",\"ItemPage\"],\"@id\":\"https:\\\/\\\/www.lraloeverashop.eu\\\/de\\\/produkt\\\/schuetzende-deo-roll-on-duo\\\/\",\"url\":\"https:\\\/\\\/www.lraloeverashop.eu\\\/de\\\/produkt\\\/schuetzende-deo-roll-on-duo\\\/\",\"name\":\"Sch\u00fctzende Deo Roll-on Duo: mit alkoholfreie Formel\",\"isPartOf\":{\"@id\":\"https:\\\/\\\/www.lraloeverashop.eu\\\/de\\\/#website\"},\"primaryImageOfPage\":{\"@id\":\"https:\\\/\\\/www.lraloeverashop.eu\\\/de\\\/produkt\\\/schuetzende-deo-roll-on-duo\\\/#primaryimage\"},\"image\":{\"@id\":\"https:\\\/\\\/www.lraloeverashop.eu\\\/de\\\/produkt\\\/schuetzende-deo-roll-on-duo\\\/#primaryimage\"},\"thumbnailUrl\":\"https:\\\/\\\/www.lraloeverashop.eu\\\/wp-content\\\/uploads\\\/2024\\\/06\\\/Protective-Deo-Roll-On-DUO.jpg\",\"datePublished\":\"2024-05-31T23:09:35+00:00\",\"dateModified\":\"2026-02-03T17:18:45+00:00\",\"description\":\"Empfindliche Haut? Kein Problem! Unser sch\u00fctzendes Deo Roll-on DUO ist sanft und erfrischend und gibt Ihnen den ganzen Tag lang ein sicheres Gef\u00fchl.\",\"breadcrumb\":{\"@id\":\"https:\\\/\\\/www.lraloeverashop.eu\\\/de\\\/produkt\\\/schuetzende-deo-roll-on-duo\\\/#breadcrumb\"},\"inLanguage\":\"de\",\"potentialAction\":[{\"@type\":\"ReadAction\",\"target\":[\"https:\\\/\\\/www.lraloeverashop.eu\\\/de\\\/produkt\\\/schuetzende-deo-roll-on-duo\\\/\"]}]},{\"@type\":\"ImageObject\",\"inLanguage\":\"de\",\"@id\":\"https:\\\/\\\/www.lraloeverashop.eu\\\/de\\\/produkt\\\/schuetzende-deo-roll-on-duo\\\/#primaryimage\",\"url\":\"https:\\\/\\\/www.lraloeverashop.eu\\\/wp-content\\\/uploads\\\/2024\\\/06\\\/Protective-Deo-Roll-On-DUO.jpg\",\"contentUrl\":\"https:\\\/\\\/www.lraloeverashop.eu\\\/wp-content\\\/uploads\\\/2024\\\/06\\\/Protective-Deo-Roll-On-DUO.jpg\",\"width\":1200,\"height\":1200,\"caption\":\"Sch\u00fctzendes Deo Roll-On DUO mit 15% Aloe Vera\"},{\"@type\":\"BreadcrumbList\",\"@id\":\"https:\\\/\\\/www.lraloeverashop.eu\\\/de\\\/produkt\\\/schuetzende-deo-roll-on-duo\\\/#breadcrumb\",\"itemListElement\":[{\"@type\":\"ListItem\",\"position\":1,\"name\":\"Home\",\"item\":\"https:\\\/\\\/www.lraloeverashop.eu\\\/de\\\/\"},{\"@type\":\"ListItem\",\"position\":2,\"name\":\"Shop\",\"item\":\"https:\\\/\\\/www.lraloeverashop.eu\\\/de\\\/shop-2\\\/\"},{\"@type\":\"ListItem\",\"position\":3,\"name\":\"Sch\u00fctzende Deo Roll-on DUO\"}]},{\"@type\":\"WebSite\",\"@id\":\"https:\\\/\\\/www.lraloeverashop.eu\\\/de\\\/#website\",\"url\":\"https:\\\/\\\/www.lraloeverashop.eu\\\/de\\\/\",\"name\":\"Lr Aloe Vera Shop\",\"description\":\"High Quality Lr Aloe Vera Gel, Aloe Vera Cream and Shampoo\",\"publisher\":{\"@id\":\"https:\\\/\\\/www.lraloeverashop.eu\\\/de\\\/#organization\"},\"alternateName\":\"LR\",\"potentialAction\":[{\"@type\":\"SearchAction\",\"target\":{\"@type\":\"EntryPoint\",\"urlTemplate\":\"https:\\\/\\\/www.lraloeverashop.eu\\\/de\\\/?s={search_term_string}\"},\"query-input\":{\"@type\":\"PropertyValueSpecification\",\"valueRequired\":true,\"valueName\":\"search_term_string\"}}],\"inLanguage\":\"de\"},{\"@type\":\"Organization\",\"@id\":\"https:\\\/\\\/www.lraloeverashop.eu\\\/de\\\/#organization\",\"name\":\"Lr Aloe Vera Shop\",\"alternateName\":\"LR\",\"url\":\"https:\\\/\\\/www.lraloeverashop.eu\\\/de\\\/\",\"logo\":{\"@type\":\"ImageObject\",\"inLanguage\":\"de\",\"@id\":\"https:\\\/\\\/www.lraloeverashop.eu\\\/de\\\/#\\\/schema\\\/logo\\\/image\\\/\",\"url\":\"https:\\\/\\\/www.lraloeverashop.eu\\\/wp-content\\\/uploads\\\/2022\\\/09\\\/cropped-Lr-Aloe-Vera-Shop.jpg\",\"contentUrl\":\"https:\\\/\\\/www.lraloeverashop.eu\\\/wp-content\\\/uploads\\\/2022\\\/09\\\/cropped-Lr-Aloe-Vera-Shop.jpg\",\"width\":228,\"height\":76,\"caption\":\"Lr Aloe Vera Shop\"},\"image\":{\"@id\":\"https:\\\/\\\/www.lraloeverashop.eu\\\/de\\\/#\\\/schema\\\/logo\\\/image\\\/\"},\"sameAs\":[\"https:\\\/\\\/www.facebook.com\\\/lraloeverashop.eu\",\"https:\\\/\\\/x.com\\\/natur__kosmetik\",\"https:\\\/\\\/www.youtube.com\\\/channel\\\/UC5oN7BJ8nfYb8RpVtjwDEBA\",\"https:\\\/\\\/www.instagram.com\\\/lrbeautyeu\\\/\"],\"description\":\"LR Aloe Vera Shop ist Ihre vertrauensw\u00fcrdige Adresse f\u00fcr hochwertige LR Health & Beauty Produkte aus Deutschland. Wir bieten Ihnen erstklassige Aloe Vera Hautpflege, N\u00e4hrstoffe und Anti-Aging-Produkte mit reinen Inhaltsstoffen, die auf wissenschaftlichen Erkenntnissen basieren. Entdecken Sie nat\u00fcrliche Pflege, die Ihre Haut regeneriert, sch\u00fctzt und revitalisiert \u2013 und profitieren Sie von exklusiven Monatsangeboten auf unsere Bestseller von LR Aloe Vera. Starten Sie noch heute Ihre Reise zu nat\u00fcrlicher Hautpflege und sp\u00fcren Sie den Unterschied.\",\"email\":\"info@lraloeverashop.eu\",\"telephone\":\"+49 17670609653\",\"legalName\":\"Lr Aloe Vera Shop\",\"foundingDate\":\"2018-04-21\",\"numberOfEmployees\":{\"@type\":\"QuantitativeValue\",\"minValue\":\"1\",\"maxValue\":\"10\"}}]}<\/script>\n<meta property=\"product:price:amount\" content=\"12.59\" \/>\n<meta property=\"product:price:currency\" content=\"EUR\" \/>\n<meta property=\"og:availability\" content=\"out of stock\" \/>\n<meta property=\"product:availability\" content=\"out of stock\" \/>\n<meta property=\"product:retailer_item_id\" content=\"20757-1DE\" \/>\n<meta property=\"product:condition\" content=\"new\" \/>\n<!-- \/ Yoast SEO Premium plugin. -->","yoast_head_json":{"title":"Sch\u00fctzende Deo Roll-on Duo: mit alkoholfreie Formel","description":"Empfindliche Haut? Kein Problem! Unser sch\u00fctzendes Deo Roll-on DUO ist sanft und erfrischend und gibt Ihnen den ganzen Tag lang ein sicheres Gef\u00fchl.","robots":{"index":"index","follow":"follow","max-snippet":"max-snippet:-1","max-image-preview":"max-image-preview:large","max-video-preview":"max-video-preview:-1"},"canonical":"https:\/\/www.lraloeverashop.eu\/de\/produkt\/schuetzende-deo-roll-on-duo\/","og_locale":"de_DE","og_type":"article","og_title":"Sch\u00fctzende Deo Roll-on DUO","og_description":"Empfindliche Haut? Kein Problem! Unser sch\u00fctzendes Deo Roll-on DUO ist sanft und erfrischend und gibt Ihnen den ganzen Tag lang ein sicheres Gef\u00fchl.","og_url":"https:\/\/www.lraloeverashop.eu\/de\/produkt\/schuetzende-deo-roll-on-duo\/","og_site_name":"Lr Aloe Vera Shop","article_publisher":"https:\/\/www.facebook.com\/lraloeverashop.eu","article_modified_time":"2026-02-03T17:18:45+00:00","og_image":[{"width":1200,"height":1200,"url":"https:\/\/www.lraloeverashop.eu\/wp-content\/uploads\/2024\/06\/Protective-Deo-Roll-On-DUO.jpg","type":"image\/jpeg"}],"twitter_card":"summary_large_image","twitter_site":"@natur__kosmetik","schema":{"@context":"https:\/\/schema.org","@graph":[{"@type":["WebPage","ItemPage"],"@id":"https:\/\/www.lraloeverashop.eu\/de\/produkt\/schuetzende-deo-roll-on-duo\/","url":"https:\/\/www.lraloeverashop.eu\/de\/produkt\/schuetzende-deo-roll-on-duo\/","name":"Sch\u00fctzende Deo Roll-on Duo: mit alkoholfreie Formel","isPartOf":{"@id":"https:\/\/www.lraloeverashop.eu\/de\/#website"},"primaryImageOfPage":{"@id":"https:\/\/www.lraloeverashop.eu\/de\/produkt\/schuetzende-deo-roll-on-duo\/#primaryimage"},"image":{"@id":"https:\/\/www.lraloeverashop.eu\/de\/produkt\/schuetzende-deo-roll-on-duo\/#primaryimage"},"thumbnailUrl":"https:\/\/www.lraloeverashop.eu\/wp-content\/uploads\/2024\/06\/Protective-Deo-Roll-On-DUO.jpg","datePublished":"2024-05-31T23:09:35+00:00","dateModified":"2026-02-03T17:18:45+00:00","description":"Empfindliche Haut? Kein Problem! Unser sch\u00fctzendes Deo Roll-on DUO ist sanft und erfrischend und gibt Ihnen den ganzen Tag lang ein sicheres Gef\u00fchl.","breadcrumb":{"@id":"https:\/\/www.lraloeverashop.eu\/de\/produkt\/schuetzende-deo-roll-on-duo\/#breadcrumb"},"inLanguage":"de","potentialAction":[{"@type":"ReadAction","target":["https:\/\/www.lraloeverashop.eu\/de\/produkt\/schuetzende-deo-roll-on-duo\/"]}]},{"@type":"ImageObject","inLanguage":"de","@id":"https:\/\/www.lraloeverashop.eu\/de\/produkt\/schuetzende-deo-roll-on-duo\/#primaryimage","url":"https:\/\/www.lraloeverashop.eu\/wp-content\/uploads\/2024\/06\/Protective-Deo-Roll-On-DUO.jpg","contentUrl":"https:\/\/www.lraloeverashop.eu\/wp-content\/uploads\/2024\/06\/Protective-Deo-Roll-On-DUO.jpg","width":1200,"height":1200,"caption":"Sch\u00fctzendes Deo Roll-On DUO mit 15% Aloe Vera"},{"@type":"BreadcrumbList","@id":"https:\/\/www.lraloeverashop.eu\/de\/produkt\/schuetzende-deo-roll-on-duo\/#breadcrumb","itemListElement":[{"@type":"ListItem","position":1,"name":"Home","item":"https:\/\/www.lraloeverashop.eu\/de\/"},{"@type":"ListItem","position":2,"name":"Shop","item":"https:\/\/www.lraloeverashop.eu\/de\/shop-2\/"},{"@type":"ListItem","position":3,"name":"Sch\u00fctzende Deo Roll-on DUO"}]},{"@type":"WebSite","@id":"https:\/\/www.lraloeverashop.eu\/de\/#website","url":"https:\/\/www.lraloeverashop.eu\/de\/","name":"Lr Aloe Vera Shop","description":"High Quality Lr Aloe Vera Gel, Aloe Vera Cream and Shampoo","publisher":{"@id":"https:\/\/www.lraloeverashop.eu\/de\/#organization"},"alternateName":"LR","potentialAction":[{"@type":"SearchAction","target":{"@type":"EntryPoint","urlTemplate":"https:\/\/www.lraloeverashop.eu\/de\/?s={search_term_string}"},"query-input":{"@type":"PropertyValueSpecification","valueRequired":true,"valueName":"search_term_string"}}],"inLanguage":"de"},{"@type":"Organization","@id":"https:\/\/www.lraloeverashop.eu\/de\/#organization","name":"Lr Aloe Vera Shop","alternateName":"LR","url":"https:\/\/www.lraloeverashop.eu\/de\/","logo":{"@type":"ImageObject","inLanguage":"de","@id":"https:\/\/www.lraloeverashop.eu\/de\/#\/schema\/logo\/image\/","url":"https:\/\/www.lraloeverashop.eu\/wp-content\/uploads\/2022\/09\/cropped-Lr-Aloe-Vera-Shop.jpg","contentUrl":"https:\/\/www.lraloeverashop.eu\/wp-content\/uploads\/2022\/09\/cropped-Lr-Aloe-Vera-Shop.jpg","width":228,"height":76,"caption":"Lr Aloe Vera Shop"},"image":{"@id":"https:\/\/www.lraloeverashop.eu\/de\/#\/schema\/logo\/image\/"},"sameAs":["https:\/\/www.facebook.com\/lraloeverashop.eu","https:\/\/x.com\/natur__kosmetik","https:\/\/www.youtube.com\/channel\/UC5oN7BJ8nfYb8RpVtjwDEBA","https:\/\/www.instagram.com\/lrbeautyeu\/"],"description":"LR Aloe Vera Shop ist Ihre vertrauensw\u00fcrdige Adresse f\u00fcr hochwertige LR Health & Beauty Produkte aus Deutschland. Wir bieten Ihnen erstklassige Aloe Vera Hautpflege, N\u00e4hrstoffe und Anti-Aging-Produkte mit reinen Inhaltsstoffen, die auf wissenschaftlichen Erkenntnissen basieren. Entdecken Sie nat\u00fcrliche Pflege, die Ihre Haut regeneriert, sch\u00fctzt und revitalisiert \u2013 und profitieren Sie von exklusiven Monatsangeboten auf unsere Bestseller von LR Aloe Vera. Starten Sie noch heute Ihre Reise zu nat\u00fcrlicher Hautpflege und sp\u00fcren Sie den Unterschied.","email":"info@lraloeverashop.eu","telephone":"+49 17670609653","legalName":"Lr Aloe Vera Shop","foundingDate":"2018-04-21","numberOfEmployees":{"@type":"QuantitativeValue","minValue":"1","maxValue":"10"}}]},"product_price_amount":"12.59","product_price_currency":"EUR","og_availability":"out of stock","product_availability":"out of stock","product_retailer_item_id":"20757-1DE","product_condition":"new"},"taxonomy_info":{"product_cat":[{"value":213,"label":"Aloe Vera"},{"value":352,"label":"Angebote"},{"value":228,"label":"K\u00f6rperpflege"}]},"featured_image_src_large":["https:\/\/www.lraloeverashop.eu\/wp-content\/uploads\/2024\/06\/Protective-Deo-Roll-On-DUO-1024x1024.jpg",1024,1024,true],"author_info":[],"comment_info":0,"_links":{"self":[{"href":"https:\/\/www.lraloeverashop.eu\/de\/wp-json\/wp\/v2\/product\/15561","targetHints":{"allow":["GET"]}}],"collection":[{"href":"https:\/\/www.lraloeverashop.eu\/de\/wp-json\/wp\/v2\/product"}],"about":[{"href":"https:\/\/www.lraloeverashop.eu\/de\/wp-json\/wp\/v2\/types\/product"}],"replies":[{"embeddable":true,"href":"https:\/\/www.lraloeverashop.eu\/de\/wp-json\/wp\/v2\/comments?post=15561"}],"wp:featuredmedia":[{"embeddable":true,"href":"https:\/\/www.lraloeverashop.eu\/de\/wp-json\/wp\/v2\/media\/15553"}],"wp:attachment":[{"href":"https:\/\/www.lraloeverashop.eu\/de\/wp-json\/wp\/v2\/media?parent=15561"}],"wp:term":[{"taxonomy":"product_brand","embeddable":true,"href":"https:\/\/www.lraloeverashop.eu\/de\/wp-json\/wp\/v2\/product_brand?post=15561"},{"taxonomy":"product_cat","embeddable":true,"href":"https:\/\/www.lraloeverashop.eu\/de\/wp-json\/wp\/v2\/product_cat?post=15561"},{"taxonomy":"product_tag","embeddable":true,"href":"https:\/\/www.lraloeverashop.eu\/de\/wp-json\/wp\/v2\/product_tag?post=15561"}],"curies":[{"name":"wp","href":"https:\/\/api.w.org\/{rel}","templated":true}]}}