{"id":15326,"date":"2024-05-25T07:03:53","date_gmt":"2024-05-25T05:03:53","guid":{"rendered":"https:\/\/www.lraloeverashop.eu\/?post_type=product&#038;p=15326"},"modified":"2026-04-19T09:35:47","modified_gmt":"2026-04-19T07:35:47","slug":"mind-master-gold-drink","status":"publish","type":"product","link":"https:\/\/www.lraloeverashop.eu\/de\/produkt\/mind-master-gold-drink\/","title":{"rendered":"Mind Master Gold Drink"},"content":{"rendered":"<h2><span style=\"font-size: 16pt;\"><strong>Mind Master Gold Performance Drink<\/strong><\/span><\/h2>\n<p><span style=\"font-size: 14pt;\"><strong>Mind Master Performance Drink Gold steigert Ihren Fokus und Ihre Energie <\/strong><\/span><\/p>\n<p>Entdecken Sie die Kraft von Mind Master Gold von <a href=\"https:\/\/lrworld.com\/join-me\">LR Health &amp; Beauty<\/a>, die ultimative L\u00f6sung zur Steigerung Ihrer geistigen Leistungsf\u00e4higkeit und Ihres <a href=\"https:\/\/www.lraloeverashop.eu\/de\/produkt\/colostrum-kapseln\/\">allgemeinen Wohlbefindens<\/a>. Ganz gleich, ob Sie einen anspruchsvollen Arbeitstag vor sich haben, f\u00fcr Pr\u00fcfungen lernen oder einfach nur einen Muntermacher brauchen: Mind Mind Master Gold Drink unterst\u00fctzt Ihre geistige und k\u00f6rperliche Vitalit\u00e4t.<\/p>\n<p>&nbsp;<\/p>\n<h3><span style=\"font-size: 16pt;\"><strong>Hauptvorteile des Mind Master Gold Drink<\/strong><\/span><\/h3>\n<ul>\n<li><strong>Erh\u00f6ht das Energieniveau:<\/strong> F\u00fchlen Sie sich energischer und bereit, den Tag mit Leichtigkeit anzugehen.<\/li>\n<li><strong>Verbessert die Konzentration:<\/strong> Verbessern Sie Ihren Fokus und <a href=\"https:\/\/www.lraloeverashop.eu\/de\/produkt\/mind-master-formula-gold\/\">bleiben Sie scharf<\/a> bei all Ihren Aufgaben.<\/li>\n<li><strong>Reduziert Stress:<\/strong> Bek\u00e4mpft Stress und sorgt f\u00fcr einen ausgeglichenen Geisteszustand.<\/li>\n<li><strong>Unterst\u00fctzt das allgemeine Wohlbefinden:<\/strong> Vollgepackt mit essentiellen N\u00e4hrstoffen, die Ihr <a href=\"https:\/\/www.lraloeverashop.eu\/de\/produkt\/mind-master-drink-gruen\/\">unterst\u00fctzen Gesundheit<\/a>.<\/li>\n<\/ul>\n<p>&nbsp;<\/p>\n<h3><strong><span style=\"font-size: 16pt;\">So verwenden Sie\u00a0<\/span><\/strong><\/h3>\n<p><strong>Empfohlene Tagesdosis:<\/strong><br \/>\nVor Gebrauch die Flasche gut sch\u00fctteln. Nehmen Sie einmal t\u00e4glich 80 ml Mind Master Gold Drink ein, vorzugsweise nach einer Mahlzeit. Je nach Vorliebe kann es pur oder in Wasser oder Saft aufgel\u00f6st verzehrt werden. Vor Gebrauch sch\u00fctteln. Nach dem \u00d6ffnen im K\u00fchlschrank aufbewahren.<\/p>\n<p>Um optimale Ergebnisse zu erzielen, integrieren Sie Mind Master Gold in Ihre t\u00e4gliche Routine. Konsistenz ist der Schl\u00fcssel zur Entfaltung seines vollen Potenzials.<\/p>\n<p><strong>\u00dcberschreiten Sie nicht die empfohlene Tagesdosis.<\/strong><br \/>\nNahrungserg\u00e4nzungsmittel sind kein Ersatz f\u00fcr eine abwechslungsreiche und ausgewogene Ern\u00e4hrung in Kombination mit einer gesunden Lebensweise. Au\u00dferhalb der Reichweite von Kindern aufbewahren.<\/p>\n<p>&nbsp;<\/p>\n<h4><span style=\"font-size: 16pt;\"><strong>Warum Mind Master Gold w\u00e4hlen?<\/strong><\/span><\/h4>\n<ul>\n<li><strong>Nat\u00fcrliche Inhaltsstoffe:<\/strong> Mit hochwertigen, nat\u00fcrlichen Inhaltsstoffen formuliert, um Sicherheit und Wirksamkeit zu gew\u00e4hrleisten.<\/li>\n<li><strong>Wissenschaftlich fundiert:<\/strong> Entwickelt auf der Grundlage wissenschaftlicher Forschung, um den Nutzen zu maximieren.<\/li>\n<li><strong>K\u00f6stlicher Geschmack:<\/strong> Genie\u00dfen Sie den <a href=\"https:\/\/www.lraloeverashop.eu\/de\/produkt\/mind-master-formula-gold\/\">angenehmen Geschmack<\/a>, der die Einnahme Ihrer t\u00e4glichen Dosis zu einem Genuss macht.<\/li>\n<li><strong>Praktisch:<\/strong> Einfach zu verwenden und in Ihren gesch\u00e4ftigen Lebensstil zu integrieren.<\/li>\n<\/ul>\n<p>&nbsp;<\/p>\n<p>\u00dcbernehmen Sie noch heute mit Mind Master Gold die Verantwortung f\u00fcr Ihre geistige und k\u00f6rperliche Gesundheit. Lassen Sie sich nicht von M\u00fcdigkeit oder Stress davon abhalten, Ihre Ziele zu erreichen. Erleben Sie den Unterschied und sp\u00fcren Sie die Vorteile bei jeder Anwendung.<\/p>\n<p>Sind Sie bereit, Ihre Energie und Konzentration zu steigern? Probieren Sie jetzt Mind Master Gold Drink und entfalten Sie Ihr volles Potenzial!<\/p>\n<p>1. Vitamin E hilft, die Zellen vor <span style=\"color: #000000;\"><a style=\"color: #000000;\" href=\"https:\/\/www.lraloeverashop.eu\/de\/produkt\/mind-master-performance-drink\/\">oxidativer Stress<\/a><\/span>.<br \/>\n2. Vitamin B12 tr\u00e4gt zu einem normalen Energiestoffwechsel, einer normalen Funktion des Nervensystems und der Verringerung von M\u00fcdigkeit und Ersch\u00f6pfung bei. Eisen tr\u00e4gt zu einer normalen kognitiven Funktion und einem normalen Sauerstofftransport im K\u00f6rper bei. Vitamin D tr\u00e4gt zur Erhaltung normaler Knochen und einer normalen <a href=\"https:\/\/www.lraloeverashop.eu\/de\/produkt\/aloe-vera-saft\/\">Muskelfunktion<\/a> bei.<br \/>\n3. Vitamin B12 tr\u00e4gt zu einer normalen psychischen Funktion und einer normalen Funktion des Nervensystems bei. Eisen tr\u00e4gt zu einer normalen kognitiven Funktion bei.<\/p>\n","protected":false},"excerpt":{"rendered":"<ul>\n<li>Sch\u00fctzt vor oxidativem Stress\u00b9<\/li>\n<li>Unterst\u00fctzt gegen M\u00fcdigkeit &amp; Ersch\u00f6pfung\u00b2<\/li>\n<li>Mit wertvollen N\u00e4hrstoffen f\u00fcr Psyche und seelisches Wohlbefinden\u00b3<\/li>\n<li>Mit Q10, Vitamin D und K, wei\u00dfem Tee, Kurkuma, Aloe Vera und L-Carnitin<\/li>\n<li>Fruchtig-frischer Geschmack nach Blutorange, Honigmelone und Zitrone<\/li>\n<li>Menge: 5 x 500 ml<\/li>\n<\/ul>\n<p><span style=\"color: #ff0000;\"><a style=\"color: #ff0000;\" href=\"https:\/\/shop.lrworld.com\/openpao?PHP=0vFlt7jT938BEnBI3a6e9w%3D%3D\"><span style=\"font-size: 14pt;\"><strong>Hier registrieren und dauerhaft 35\u202f% sparen<\/strong><\/span><\/a><\/span><\/p>\n","protected":false},"featured_media":15283,"comment_status":"open","ping_status":"closed","template":"","meta":{"_kad_blocks_custom_css":"","_kad_blocks_head_custom_js":"","_kad_blocks_body_custom_js":"","_kad_blocks_footer_custom_js":"","_kadence_starter_templates_imported_post":false,"_kad_post_transparent":"default","_kad_post_title":"","_kad_post_layout":"default","_kad_post_sidebar_id":"","_kad_post_content_style":"default","_kad_post_vertical_padding":"default","_kad_post_feature":"","_kad_post_feature_position":"","_kad_post_header":false,"_kad_post_footer":false,"_kad_post_classname":""},"product_brand":[],"product_cat":[352,441,501,462,465,411],"product_tag":[648],"class_list":{"0":"post-15326","1":"product","2":"type-product","3":"status-publish","4":"has-post-thumbnail","6":"product_cat-angebote","7":"product_cat-leistung-energie","8":"product_cat-mind-master-de","9":"product_cat-sparen-im-set","10":"product_cat-spezial-ernahrung","11":"product_cat-spezielle-produkte","12":"product_tag-energie-de","14":"first","15":"instock","16":"sale","17":"taxable","18":"shipping-taxable","19":"purchasable","20":"product-type-simple","21":"entry","22":"content-bg","23":"loop-entry"},"yoast_head":"<!-- This site is optimized with the Yoast SEO Premium plugin v27.4 (Yoast SEO v27.4) - https:\/\/yoast.com\/product\/yoast-seo-premium-wordpress\/ -->\n<title>Mind Master Gold Drink steigert Ihren Fokus und Ihre Energie<\/title>\n<meta name=\"description\" content=\"Steigern Sie Ihre Energie mit dem Mind Master Gold Drink. Steigern Sie Ihre k\u00f6rperliche Vitalit\u00e4t mit der ultimativen l\u00f6sung von LR Health &amp; Beauty\" \/>\n<meta name=\"robots\" content=\"index, follow, max-snippet:-1, max-image-preview:large, max-video-preview:-1\" \/>\n<link rel=\"canonical\" href=\"https:\/\/www.lraloeverashop.eu\/de\/produkt\/mind-master-gold-drink\/\" \/>\n<meta property=\"og:locale\" content=\"de_DE\" \/>\n<meta property=\"og:type\" content=\"article\" \/>\n<meta property=\"og:title\" content=\"Mind Master Gold Drink\" \/>\n<meta property=\"og:description\" content=\"Steigern Sie Ihre Energie mit dem Mind Master Gold Drink. Steigern Sie Ihre k\u00f6rperliche Vitalit\u00e4t mit der ultimativen l\u00f6sung von LR Health &amp; Beauty\" \/>\n<meta property=\"og:url\" content=\"https:\/\/www.lraloeverashop.eu\/de\/produkt\/mind-master-gold-drink\/\" \/>\n<meta property=\"og:site_name\" content=\"Lr Aloe Vera Shop\" \/>\n<meta property=\"article:publisher\" content=\"https:\/\/www.facebook.com\/lraloeverashop.eu\" \/>\n<meta property=\"article:modified_time\" content=\"2026-04-19T07:35:47+00:00\" \/>\n<meta property=\"og:image\" content=\"https:\/\/www.lraloeverashop.eu\/wp-content\/uploads\/2024\/05\/Lr-Lifetakt-Mind-Master-Gold.jpeg\" \/>\n\t<meta property=\"og:image:width\" content=\"1200\" \/>\n\t<meta property=\"og:image:height\" content=\"1200\" \/>\n\t<meta property=\"og:image:type\" content=\"image\/jpeg\" \/>\n<meta name=\"twitter:card\" content=\"summary_large_image\" \/>\n<meta name=\"twitter:site\" content=\"@natur__kosmetik\" \/>\n<script type=\"application\/ld+json\" class=\"yoast-schema-graph\">{\"@context\":\"https:\\\/\\\/schema.org\",\"@graph\":[{\"@type\":[\"WebPage\",\"ItemPage\"],\"@id\":\"https:\\\/\\\/www.lraloeverashop.eu\\\/de\\\/produkt\\\/mind-master-gold-drink\\\/\",\"url\":\"https:\\\/\\\/www.lraloeverashop.eu\\\/de\\\/produkt\\\/mind-master-gold-drink\\\/\",\"name\":\"Mind Master Gold Drink steigert Ihren Fokus und Ihre Energie\",\"isPartOf\":{\"@id\":\"https:\\\/\\\/www.lraloeverashop.eu\\\/de\\\/#website\"},\"primaryImageOfPage\":{\"@id\":\"https:\\\/\\\/www.lraloeverashop.eu\\\/de\\\/produkt\\\/mind-master-gold-drink\\\/#primaryimage\"},\"image\":{\"@id\":\"https:\\\/\\\/www.lraloeverashop.eu\\\/de\\\/produkt\\\/mind-master-gold-drink\\\/#primaryimage\"},\"thumbnailUrl\":\"https:\\\/\\\/www.lraloeverashop.eu\\\/wp-content\\\/uploads\\\/2024\\\/05\\\/Lr-Lifetakt-Mind-Master-Gold.jpeg\",\"datePublished\":\"2024-05-25T05:03:53+00:00\",\"dateModified\":\"2026-04-19T07:35:47+00:00\",\"description\":\"Steigern Sie Ihre Energie mit dem Mind Master Gold Drink. Steigern Sie Ihre k\u00f6rperliche Vitalit\u00e4t mit der ultimativen l\u00f6sung von LR Health & Beauty\",\"breadcrumb\":{\"@id\":\"https:\\\/\\\/www.lraloeverashop.eu\\\/de\\\/produkt\\\/mind-master-gold-drink\\\/#breadcrumb\"},\"inLanguage\":\"de\",\"potentialAction\":[{\"@type\":\"ReadAction\",\"target\":[\"https:\\\/\\\/www.lraloeverashop.eu\\\/de\\\/produkt\\\/mind-master-gold-drink\\\/\"]}]},{\"@type\":\"ImageObject\",\"inLanguage\":\"de\",\"@id\":\"https:\\\/\\\/www.lraloeverashop.eu\\\/de\\\/produkt\\\/mind-master-gold-drink\\\/#primaryimage\",\"url\":\"https:\\\/\\\/www.lraloeverashop.eu\\\/wp-content\\\/uploads\\\/2024\\\/05\\\/Lr-Lifetakt-Mind-Master-Gold.jpeg\",\"contentUrl\":\"https:\\\/\\\/www.lraloeverashop.eu\\\/wp-content\\\/uploads\\\/2024\\\/05\\\/Lr-Lifetakt-Mind-Master-Gold.jpeg\",\"width\":1200,\"height\":1200,\"caption\":\"Mind Master Gold Performance-Getr\u00e4nk unterst\u00fctzt Ged\u00e4chtnis und Konzentration\"},{\"@type\":\"BreadcrumbList\",\"@id\":\"https:\\\/\\\/www.lraloeverashop.eu\\\/de\\\/produkt\\\/mind-master-gold-drink\\\/#breadcrumb\",\"itemListElement\":[{\"@type\":\"ListItem\",\"position\":1,\"name\":\"Home\",\"item\":\"https:\\\/\\\/www.lraloeverashop.eu\\\/de\\\/\"},{\"@type\":\"ListItem\",\"position\":2,\"name\":\"Shop\",\"item\":\"https:\\\/\\\/www.lraloeverashop.eu\\\/de\\\/shop-2\\\/\"},{\"@type\":\"ListItem\",\"position\":3,\"name\":\"Mind Master Gold Drink\"}]},{\"@type\":\"WebSite\",\"@id\":\"https:\\\/\\\/www.lraloeverashop.eu\\\/de\\\/#website\",\"url\":\"https:\\\/\\\/www.lraloeverashop.eu\\\/de\\\/\",\"name\":\"Lr Aloe Vera Shop\",\"description\":\"High Quality Lr Aloe Vera Gel, Aloe Vera Cream and Shampoo\",\"publisher\":{\"@id\":\"https:\\\/\\\/www.lraloeverashop.eu\\\/de\\\/#organization\"},\"potentialAction\":[{\"@type\":\"SearchAction\",\"target\":{\"@type\":\"EntryPoint\",\"urlTemplate\":\"https:\\\/\\\/www.lraloeverashop.eu\\\/de\\\/?s={search_term_string}\"},\"query-input\":{\"@type\":\"PropertyValueSpecification\",\"valueRequired\":true,\"valueName\":\"search_term_string\"}}],\"inLanguage\":\"de\"},{\"@type\":\"Organization\",\"@id\":\"https:\\\/\\\/www.lraloeverashop.eu\\\/de\\\/#organization\",\"name\":\"Lr Aloe Vera Shop\",\"alternateName\":\"LR\",\"url\":\"https:\\\/\\\/www.lraloeverashop.eu\\\/de\\\/\",\"logo\":{\"@type\":\"ImageObject\",\"inLanguage\":\"de\",\"@id\":\"https:\\\/\\\/www.lraloeverashop.eu\\\/de\\\/#\\\/schema\\\/logo\\\/image\\\/\",\"url\":\"https:\\\/\\\/www.lraloeverashop.eu\\\/wp-content\\\/uploads\\\/2022\\\/09\\\/cropped-Lr-Aloe-Vera-Shop.jpg\",\"contentUrl\":\"https:\\\/\\\/www.lraloeverashop.eu\\\/wp-content\\\/uploads\\\/2022\\\/09\\\/cropped-Lr-Aloe-Vera-Shop.jpg\",\"width\":228,\"height\":76,\"caption\":\"Lr Aloe Vera Shop\"},\"image\":{\"@id\":\"https:\\\/\\\/www.lraloeverashop.eu\\\/de\\\/#\\\/schema\\\/logo\\\/image\\\/\"},\"sameAs\":[\"https:\\\/\\\/www.facebook.com\\\/lraloeverashop.eu\",\"https:\\\/\\\/x.com\\\/natur__kosmetik\",\"https:\\\/\\\/www.youtube.com\\\/channel\\\/UC5oN7BJ8nfYb8RpVtjwDEBA\",\"https:\\\/\\\/www.instagram.com\\\/lrbeautyeu\\\/\"],\"description\":\"LR Aloe Vera Shop ist Ihre vertrauensw\u00fcrdige Adresse f\u00fcr hochwertige LR Health & Beauty Produkte aus Deutschland. Wir bieten Ihnen erstklassige Aloe Vera Hautpflege, N\u00e4hrstoffe und Anti-Aging-Produkte mit reinen Inhaltsstoffen, die auf wissenschaftlichen Erkenntnissen basieren. Entdecken Sie nat\u00fcrliche Pflege, die Ihre Haut regeneriert, sch\u00fctzt und revitalisiert \u2013 und profitieren Sie von exklusiven Monatsangeboten auf unsere Bestseller von LR Aloe Vera. Starten Sie noch heute Ihre Reise zu nat\u00fcrlicher Hautpflege und sp\u00fcren Sie den Unterschied.\",\"email\":\"info@lraloeverashop.eu\",\"telephone\":\"+49 17670609653\",\"legalName\":\"Lr Aloe Vera Shop\",\"foundingDate\":\"2018-04-21\",\"numberOfEmployees\":{\"@type\":\"QuantitativeValue\",\"minValue\":\"1\",\"maxValue\":\"10\"}}]}<\/script>\n<meta property=\"product:price:amount\" content=\"117.60\" \/>\n<meta property=\"product:price:currency\" content=\"EUR\" \/>\n<meta property=\"og:availability\" content=\"instock\" \/>\n<meta property=\"product:availability\" content=\"instock\" \/>\n<meta property=\"product:retailer_item_id\" content=\"80945-1DE\" \/>\n<meta property=\"product:condition\" content=\"new\" \/>\n<!-- \/ Yoast SEO Premium plugin. -->","yoast_head_json":{"title":"Mind Master Gold Drink steigert Ihren Fokus und Ihre Energie","description":"Steigern Sie Ihre Energie mit dem Mind Master Gold Drink. Steigern Sie Ihre k\u00f6rperliche Vitalit\u00e4t mit der ultimativen l\u00f6sung von LR Health & Beauty","robots":{"index":"index","follow":"follow","max-snippet":"max-snippet:-1","max-image-preview":"max-image-preview:large","max-video-preview":"max-video-preview:-1"},"canonical":"https:\/\/www.lraloeverashop.eu\/de\/produkt\/mind-master-gold-drink\/","og_locale":"de_DE","og_type":"article","og_title":"Mind Master Gold Drink","og_description":"Steigern Sie Ihre Energie mit dem Mind Master Gold Drink. Steigern Sie Ihre k\u00f6rperliche Vitalit\u00e4t mit der ultimativen l\u00f6sung von LR Health & Beauty","og_url":"https:\/\/www.lraloeverashop.eu\/de\/produkt\/mind-master-gold-drink\/","og_site_name":"Lr Aloe Vera Shop","article_publisher":"https:\/\/www.facebook.com\/lraloeverashop.eu","article_modified_time":"2026-04-19T07:35:47+00:00","og_image":[{"width":1200,"height":1200,"url":"https:\/\/www.lraloeverashop.eu\/wp-content\/uploads\/2024\/05\/Lr-Lifetakt-Mind-Master-Gold.jpeg","type":"image\/jpeg"}],"twitter_card":"summary_large_image","twitter_site":"@natur__kosmetik","schema":{"@context":"https:\/\/schema.org","@graph":[{"@type":["WebPage","ItemPage"],"@id":"https:\/\/www.lraloeverashop.eu\/de\/produkt\/mind-master-gold-drink\/","url":"https:\/\/www.lraloeverashop.eu\/de\/produkt\/mind-master-gold-drink\/","name":"Mind Master Gold Drink steigert Ihren Fokus und Ihre Energie","isPartOf":{"@id":"https:\/\/www.lraloeverashop.eu\/de\/#website"},"primaryImageOfPage":{"@id":"https:\/\/www.lraloeverashop.eu\/de\/produkt\/mind-master-gold-drink\/#primaryimage"},"image":{"@id":"https:\/\/www.lraloeverashop.eu\/de\/produkt\/mind-master-gold-drink\/#primaryimage"},"thumbnailUrl":"https:\/\/www.lraloeverashop.eu\/wp-content\/uploads\/2024\/05\/Lr-Lifetakt-Mind-Master-Gold.jpeg","datePublished":"2024-05-25T05:03:53+00:00","dateModified":"2026-04-19T07:35:47+00:00","description":"Steigern Sie Ihre Energie mit dem Mind Master Gold Drink. Steigern Sie Ihre k\u00f6rperliche Vitalit\u00e4t mit der ultimativen l\u00f6sung von LR Health & Beauty","breadcrumb":{"@id":"https:\/\/www.lraloeverashop.eu\/de\/produkt\/mind-master-gold-drink\/#breadcrumb"},"inLanguage":"de","potentialAction":[{"@type":"ReadAction","target":["https:\/\/www.lraloeverashop.eu\/de\/produkt\/mind-master-gold-drink\/"]}]},{"@type":"ImageObject","inLanguage":"de","@id":"https:\/\/www.lraloeverashop.eu\/de\/produkt\/mind-master-gold-drink\/#primaryimage","url":"https:\/\/www.lraloeverashop.eu\/wp-content\/uploads\/2024\/05\/Lr-Lifetakt-Mind-Master-Gold.jpeg","contentUrl":"https:\/\/www.lraloeverashop.eu\/wp-content\/uploads\/2024\/05\/Lr-Lifetakt-Mind-Master-Gold.jpeg","width":1200,"height":1200,"caption":"Mind Master Gold Performance-Getr\u00e4nk unterst\u00fctzt Ged\u00e4chtnis und Konzentration"},{"@type":"BreadcrumbList","@id":"https:\/\/www.lraloeverashop.eu\/de\/produkt\/mind-master-gold-drink\/#breadcrumb","itemListElement":[{"@type":"ListItem","position":1,"name":"Home","item":"https:\/\/www.lraloeverashop.eu\/de\/"},{"@type":"ListItem","position":2,"name":"Shop","item":"https:\/\/www.lraloeverashop.eu\/de\/shop-2\/"},{"@type":"ListItem","position":3,"name":"Mind Master Gold Drink"}]},{"@type":"WebSite","@id":"https:\/\/www.lraloeverashop.eu\/de\/#website","url":"https:\/\/www.lraloeverashop.eu\/de\/","name":"Lr Aloe Vera Shop","description":"High Quality Lr Aloe Vera Gel, Aloe Vera Cream and Shampoo","publisher":{"@id":"https:\/\/www.lraloeverashop.eu\/de\/#organization"},"potentialAction":[{"@type":"SearchAction","target":{"@type":"EntryPoint","urlTemplate":"https:\/\/www.lraloeverashop.eu\/de\/?s={search_term_string}"},"query-input":{"@type":"PropertyValueSpecification","valueRequired":true,"valueName":"search_term_string"}}],"inLanguage":"de"},{"@type":"Organization","@id":"https:\/\/www.lraloeverashop.eu\/de\/#organization","name":"Lr Aloe Vera Shop","alternateName":"LR","url":"https:\/\/www.lraloeverashop.eu\/de\/","logo":{"@type":"ImageObject","inLanguage":"de","@id":"https:\/\/www.lraloeverashop.eu\/de\/#\/schema\/logo\/image\/","url":"https:\/\/www.lraloeverashop.eu\/wp-content\/uploads\/2022\/09\/cropped-Lr-Aloe-Vera-Shop.jpg","contentUrl":"https:\/\/www.lraloeverashop.eu\/wp-content\/uploads\/2022\/09\/cropped-Lr-Aloe-Vera-Shop.jpg","width":228,"height":76,"caption":"Lr Aloe Vera Shop"},"image":{"@id":"https:\/\/www.lraloeverashop.eu\/de\/#\/schema\/logo\/image\/"},"sameAs":["https:\/\/www.facebook.com\/lraloeverashop.eu","https:\/\/x.com\/natur__kosmetik","https:\/\/www.youtube.com\/channel\/UC5oN7BJ8nfYb8RpVtjwDEBA","https:\/\/www.instagram.com\/lrbeautyeu\/"],"description":"LR Aloe Vera Shop ist Ihre vertrauensw\u00fcrdige Adresse f\u00fcr hochwertige LR Health & Beauty Produkte aus Deutschland. Wir bieten Ihnen erstklassige Aloe Vera Hautpflege, N\u00e4hrstoffe und Anti-Aging-Produkte mit reinen Inhaltsstoffen, die auf wissenschaftlichen Erkenntnissen basieren. Entdecken Sie nat\u00fcrliche Pflege, die Ihre Haut regeneriert, sch\u00fctzt und revitalisiert \u2013 und profitieren Sie von exklusiven Monatsangeboten auf unsere Bestseller von LR Aloe Vera. Starten Sie noch heute Ihre Reise zu nat\u00fcrlicher Hautpflege und sp\u00fcren Sie den Unterschied.","email":"info@lraloeverashop.eu","telephone":"+49 17670609653","legalName":"Lr Aloe Vera Shop","foundingDate":"2018-04-21","numberOfEmployees":{"@type":"QuantitativeValue","minValue":"1","maxValue":"10"}}]},"product_price_amount":"117.60","product_price_currency":"EUR","og_availability":"instock","product_availability":"instock","product_retailer_item_id":"80945-1DE","product_condition":"new"},"taxonomy_info":{"product_cat":[{"value":352,"label":"Angebote"},{"value":441,"label":"Leistung &amp; Energie"},{"value":501,"label":"Mind Master"},{"value":462,"label":"Sparen im set"},{"value":465,"label":"Spezialisten"},{"value":411,"label":"Spezielle Produkte"}],"product_tag":[{"value":648,"label":"Energie"}]},"featured_image_src_large":["https:\/\/www.lraloeverashop.eu\/wp-content\/uploads\/2024\/05\/Lr-Lifetakt-Mind-Master-Gold-1024x1024.jpeg",1024,1024,true],"author_info":[],"comment_info":0,"_links":{"self":[{"href":"https:\/\/www.lraloeverashop.eu\/de\/wp-json\/wp\/v2\/product\/15326","targetHints":{"allow":["GET"]}}],"collection":[{"href":"https:\/\/www.lraloeverashop.eu\/de\/wp-json\/wp\/v2\/product"}],"about":[{"href":"https:\/\/www.lraloeverashop.eu\/de\/wp-json\/wp\/v2\/types\/product"}],"replies":[{"embeddable":true,"href":"https:\/\/www.lraloeverashop.eu\/de\/wp-json\/wp\/v2\/comments?post=15326"}],"wp:featuredmedia":[{"embeddable":true,"href":"https:\/\/www.lraloeverashop.eu\/de\/wp-json\/wp\/v2\/media\/15283"}],"wp:attachment":[{"href":"https:\/\/www.lraloeverashop.eu\/de\/wp-json\/wp\/v2\/media?parent=15326"}],"wp:term":[{"taxonomy":"product_brand","embeddable":true,"href":"https:\/\/www.lraloeverashop.eu\/de\/wp-json\/wp\/v2\/product_brand?post=15326"},{"taxonomy":"product_cat","embeddable":true,"href":"https:\/\/www.lraloeverashop.eu\/de\/wp-json\/wp\/v2\/product_cat?post=15326"},{"taxonomy":"product_tag","embeddable":true,"href":"https:\/\/www.lraloeverashop.eu\/de\/wp-json\/wp\/v2\/product_tag?post=15326"}],"curies":[{"name":"wp","href":"https:\/\/api.w.org\/{rel}","templated":true}]}}