{"id":15303,"date":"2024-05-23T10:30:42","date_gmt":"2024-05-23T08:30:42","guid":{"rendered":"https:\/\/www.lraloeverashop.eu\/product\/mind-master-formula-gold\/"},"modified":"2026-02-03T18:19:52","modified_gmt":"2026-02-03T17:19:52","slug":"mind-master-formula-gold","status":"publish","type":"product","link":"https:\/\/www.lraloeverashop.eu\/de\/produkt\/mind-master-formula-gold\/","title":{"rendered":"Mind Master Formula Gold"},"content":{"rendered":"<h2><span style=\"font-size: 16pt;\"><strong>Mind Master Formula Gold<\/strong><\/span><\/h2>\n<p><span style=\"font-size: 14pt;\"><strong>Mind Master Formula Gold unterst\u00fctzt Ged\u00e4chtnis und Konzentration<\/strong><\/span><\/p>\n<p>Steigern Sie Ihre geistige Leistungsf\u00e4higkeit und meistern Sie Ihren Tag mit LR LIFETAKT Mind Master Formula Gold. Diese Premium-Formel wurde entwickelt, um die kognitiven Funktionen zu verbessern und Stress zu reduzieren. Sie ist Ihr Schl\u00fcssel zur Entfaltung Ihres maximalen geistigen Potenzials. Egal, ob Sie einen anstrengenden Arbeitstag bew\u00e4ltigen, f\u00fcr Pr\u00fcfungen lernen oder allt\u00e4gliche Aufgaben bew\u00e4ltigen, Mind Master Gold unterst\u00fctzt Ihr Gehirn bei jedem Schritt.<\/p>\n<p>&nbsp;<\/p>\n<p><span style=\"font-size: 16pt;\"><strong>Warum sollten Sie sich f\u00fcr Mind Master Formula Gold\u00a0entscheiden?<\/strong><\/span><\/p>\n<ul>\n<li><strong>Verbesserte kognitive Funktion:<\/strong> Erleben Sie verbesserte Konzentration, Klarheit und geistige Ausdauer.<\/li>\n<li><strong>Stressreduzierung:<\/strong> Formuliert mit Inhaltsstoffen, die helfen, <a href=\"https:\/\/www.lraloeverashop.eu\/de\/produkt\/mind-master-drink-gruen\/\">Stress zu bew\u00e4ltigen<\/a> und zu reduzieren.<\/li>\n<li><strong>Nat\u00fcrliche Inhaltsstoffe:<\/strong> Hergestellt aus hochwertigen, nat\u00fcrlichen Komponenten f\u00fcr eine optimale Gehirngesundheit.<\/li>\n<li><strong>Einfache Anwendung:<\/strong> Integrieren Sie es m\u00fchelos in Ihre t\u00e4gliche Routine mit einer praktischen fl\u00fcssigen Formel.<\/li>\n<\/ul>\n<p>&nbsp;<\/p>\n<p><span style=\"font-size: 16pt;\"><strong>Die wichtigsten Vorteile auf einen Blick<\/strong><\/span><\/p>\n<ul>\n<li><strong>Mind Master Formula Gold Unterst\u00fctzt Ged\u00e4chtnis und Konzentration:<\/strong> Perfekt f\u00fcr Studenten, Berufst\u00e4tige und alle, die einen mentalen Vorsprung brauchen.<\/li>\n<li><strong>F\u00f6rdert das allgemeine Wohlbefinden:<\/strong> Hilft, eine ausgeglichene Stimmung aufrechtzuerhalten und Angstzust\u00e4nde zu reduzieren.<\/li>\n<li><strong>Steigert das Energieniveau:<\/strong> Sorgt f\u00fcr einen nat\u00fcrlichen Energieschub ohne die Nervosit\u00e4t von Koffein.<\/li>\n<li><strong>Antioxidativer Schutz:<\/strong> Sch\u00fctzt Ihr Gehirn vor <a href=\"https:\/\/www.lraloeverashop.eu\/de\/produkt\/mind-master-drink-rot\/\">oxidativem Stress<\/a> und Alterung.<\/li>\n<\/ul>\n<p>&nbsp;<\/p>\n<h3><strong><span style=\"font-size: 16pt;\">Anwendung<\/span><\/strong><\/h3>\n<p><strong>Empfohlene Tagesdosis:<\/strong><br \/>\nNehmen Sie 80 ml Mind Master Formula Gold einmal t\u00e4glich ein, vorzugsweise nach einer Mahlzeit. Je nach Vorliebe kann es pur oder in Wasser oder Saft aufgel\u00f6st verzehrt werden. Vor Gebrauch sch\u00fctteln. Nach dem \u00d6ffnen im K\u00fchlschrank aufbewahren.<\/p>\n<p><strong>\u00dcberschreiten Sie nicht die empfohlene Tagesdosis.<\/strong><br \/>\nNahrungserg\u00e4nzungsmittel sind kein Ersatz f\u00fcr eine abwechslungsreiche und ausgewogene Ern\u00e4hrung in Verbindung mit einer gesunden Lebensweise. Au\u00dferhalb der Reichweite von Kindern aufbewahren.<\/p>\n<p>&nbsp;<\/p>\n<p><span style=\"font-size: 16pt;\"><strong>Vorteile von Mind Master Formula Gold:<\/strong><\/span><\/p>\n<ul>\n<li>Verbessert die geistige Klarheit und Konzentration<\/li>\n<li>Reduziert Stress und \u00c4ngste<\/li>\n<li>Verbessert das Ged\u00e4chtnis und die Lernf\u00e4higkeit<\/li>\n<li>Bietet den ganzen Tag \u00fcber anhaltende Energie<\/li>\n<li>Hergestellt aus nat\u00fcrlichen, hochwertigen Zutaten<\/li>\n<\/ul>\n<p>Sind Sie bereit, die Kontrolle \u00fcber Ihre geistige Leistungsf\u00e4higkeit und Ihr Wohlbefinden zu \u00fcbernehmen? Probieren Sie noch heute LR LIFETAKT Mind Master Formula Gold aus und erleben Sie den Unterschied. Entfesseln Sie Ihr volles Potenzial und meistern Sie Ihren Tag mit Zuversicht. Warten Sie nicht \u2013 treffen Sie jetzt die kluge Wahl f\u00fcr Ihren Geist und K\u00f6rper!<\/p>\n<p>1. Vitamin E tr\u00e4gt dazu bei, die Zellen vor oxidativem Stress zu sch\u00fctzen.<br \/>\n2. Vitamin B12 tr\u00e4gt zu einem normalen Energiestoffwechsel, einer normalen Funktion des Nervensystems und der Verringerung von M\u00fcdigkeit und Ersch\u00f6pfung bei. Eisen tr\u00e4gt zu einer normalen kognitiven Funktion und einem normalen Sauerstofftransport im K\u00f6rper bei. Vitamin D tr\u00e4gt zur Erhaltung <a href=\"https:\/\/www.lraloeverashop.eu\/de\/produkt\/active-freedom-kapseln-set\/\">normaler Knochen<\/a> und einer normalen Muskelfunktion bei.<br \/>\n3. Vitamin B12 tr\u00e4gt zu einer normalen psychischen Funktion und einer normalen Funktion des Nervensystems bei. Eisen tr\u00e4gt zu einer normalen kognitiven Funktion bei.<\/p>\n","protected":false},"excerpt":{"rendered":"<ul>\n<li>Sch\u00fctzt vor oxidativem Stress mit wertvollen Antioxidantien\u00b9<\/li>\n<li>Unterst\u00fctzt bei M\u00fcdigkeit und Ersch\u00f6pfung\u00b2<\/li>\n<li>Liefert wertvolle N\u00e4hrstoffe f\u00fcr die Psyche und das seelische Wohlbefinden\u00b3<\/li>\n<li>Mit Coenzym Q10, Vitamin D und K sowie Wei\u00dftee-Extrakt, Kurkuma, Aloe Vera und L-Carnitin<\/li>\n<li>Fruchtig-frischer Geschmack nach Blutorange, Honigmelone und Zitrone<\/li>\n<li>Menge: 500 ml<\/li>\n<\/ul>\n<p><span style=\"color: #ff0000;\"><a style=\"color: #ff0000;\" href=\"https:\/\/shop.lrworld.com\/openpao?PHP=0vFlt7jT938BEnBI3a6e9w%3D%3D\"><span style=\"font-size: 14pt;\"><strong>Hier registrieren und dauerhaft 35\u202f% sparen<\/strong><\/span><\/a><\/span><\/p>\n","protected":false},"featured_media":15276,"comment_status":"open","ping_status":"closed","template":"","meta":{"_kad_blocks_custom_css":"","_kad_blocks_head_custom_js":"","_kad_blocks_body_custom_js":"","_kad_blocks_footer_custom_js":"","_kadence_starter_templates_imported_post":false,"_kad_post_transparent":"default","_kad_post_title":"","_kad_post_layout":"default","_kad_post_sidebar_id":"","_kad_post_content_style":"default","_kad_post_vertical_padding":"default","_kad_post_feature":"","_kad_post_feature_position":"","_kad_post_header":false,"_kad_post_footer":false,"_kad_post_classname":""},"product_brand":[],"product_cat":[441,501,465,411],"product_tag":[648],"class_list":{"0":"post-15303","1":"product","2":"type-product","3":"status-publish","4":"has-post-thumbnail","6":"product_cat-leistung-energie","7":"product_cat-mind-master-de","8":"product_cat-spezial-ernahrung","9":"product_cat-spezielle-produkte","10":"product_tag-energie-de","12":"first","13":"instock","14":"taxable","15":"shipping-taxable","16":"purchasable","17":"product-type-simple","18":"entry","19":"content-bg","20":"loop-entry"},"yoast_head":"<!-- This site is optimized with the Yoast SEO Premium plugin v27.4 (Yoast SEO v27.4) - https:\/\/yoast.com\/product\/yoast-seo-premium-wordpress\/ -->\n<title>Mind Master Formula Gold steigert Ged\u00e4chtnis und Konzentration<\/title>\n<meta name=\"description\" content=\"Mind Master Formula Gold Liefert wertvolle N\u00e4hrstoffe f\u00fcr die Psyche und das seelische Wohlbefinden. Unterst\u00fctzt bei M\u00fcdigkeit und Ersch\u00f6pfung. 100% Vegan\" \/>\n<meta name=\"robots\" content=\"index, follow, max-snippet:-1, max-image-preview:large, max-video-preview:-1\" \/>\n<link rel=\"canonical\" href=\"https:\/\/www.lraloeverashop.eu\/de\/produkt\/mind-master-formula-gold\/\" \/>\n<meta property=\"og:locale\" content=\"de_DE\" \/>\n<meta property=\"og:type\" content=\"article\" \/>\n<meta property=\"og:title\" content=\"Mind Master Formula Gold\" \/>\n<meta property=\"og:description\" content=\"Mind Master Formula Gold Liefert wertvolle N\u00e4hrstoffe f\u00fcr die Psyche und das seelische Wohlbefinden. Unterst\u00fctzt bei M\u00fcdigkeit und Ersch\u00f6pfung. 100% Vegan\" \/>\n<meta property=\"og:url\" content=\"https:\/\/www.lraloeverashop.eu\/de\/produkt\/mind-master-formula-gold\/\" \/>\n<meta property=\"og:site_name\" content=\"Lr Aloe Vera Shop\" \/>\n<meta property=\"article:publisher\" content=\"https:\/\/www.facebook.com\/lraloeverashop.eu\" \/>\n<meta property=\"article:modified_time\" content=\"2026-02-03T17:19:52+00:00\" \/>\n<meta property=\"og:image\" content=\"https:\/\/www.lraloeverashop.eu\/wp-content\/uploads\/2024\/05\/Mind-Master-Gold.jpeg\" \/>\n\t<meta property=\"og:image:width\" content=\"1200\" \/>\n\t<meta property=\"og:image:height\" content=\"1200\" \/>\n\t<meta property=\"og:image:type\" content=\"image\/jpeg\" \/>\n<meta name=\"twitter:card\" content=\"summary_large_image\" \/>\n<meta name=\"twitter:site\" content=\"@natur__kosmetik\" \/>\n<script type=\"application\/ld+json\" class=\"yoast-schema-graph\">{\"@context\":\"https:\\\/\\\/schema.org\",\"@graph\":[{\"@type\":[\"WebPage\",\"ItemPage\"],\"@id\":\"https:\\\/\\\/www.lraloeverashop.eu\\\/de\\\/produkt\\\/mind-master-formula-gold\\\/\",\"url\":\"https:\\\/\\\/www.lraloeverashop.eu\\\/de\\\/produkt\\\/mind-master-formula-gold\\\/\",\"name\":\"Mind Master Formula Gold steigert Ged\u00e4chtnis und Konzentration\",\"isPartOf\":{\"@id\":\"https:\\\/\\\/www.lraloeverashop.eu\\\/de\\\/#website\"},\"primaryImageOfPage\":{\"@id\":\"https:\\\/\\\/www.lraloeverashop.eu\\\/de\\\/produkt\\\/mind-master-formula-gold\\\/#primaryimage\"},\"image\":{\"@id\":\"https:\\\/\\\/www.lraloeverashop.eu\\\/de\\\/produkt\\\/mind-master-formula-gold\\\/#primaryimage\"},\"thumbnailUrl\":\"https:\\\/\\\/www.lraloeverashop.eu\\\/wp-content\\\/uploads\\\/2024\\\/05\\\/Mind-Master-Gold.jpeg\",\"datePublished\":\"2024-05-23T08:30:42+00:00\",\"dateModified\":\"2026-02-03T17:19:52+00:00\",\"description\":\"Mind Master Formula Gold Liefert wertvolle N\u00e4hrstoffe f\u00fcr die Psyche und das seelische Wohlbefinden. Unterst\u00fctzt bei M\u00fcdigkeit und Ersch\u00f6pfung. 100% Vegan\",\"breadcrumb\":{\"@id\":\"https:\\\/\\\/www.lraloeverashop.eu\\\/de\\\/produkt\\\/mind-master-formula-gold\\\/#breadcrumb\"},\"inLanguage\":\"de\",\"potentialAction\":[{\"@type\":\"ReadAction\",\"target\":[\"https:\\\/\\\/www.lraloeverashop.eu\\\/de\\\/produkt\\\/mind-master-formula-gold\\\/\"]}]},{\"@type\":\"ImageObject\",\"inLanguage\":\"de\",\"@id\":\"https:\\\/\\\/www.lraloeverashop.eu\\\/de\\\/produkt\\\/mind-master-formula-gold\\\/#primaryimage\",\"url\":\"https:\\\/\\\/www.lraloeverashop.eu\\\/wp-content\\\/uploads\\\/2024\\\/05\\\/Mind-Master-Gold.jpeg\",\"contentUrl\":\"https:\\\/\\\/www.lraloeverashop.eu\\\/wp-content\\\/uploads\\\/2024\\\/05\\\/Mind-Master-Gold.jpeg\",\"width\":1200,\"height\":1200,\"caption\":\"Mind Master Formula Gold verbessert die kognitive Funktion\"},{\"@type\":\"BreadcrumbList\",\"@id\":\"https:\\\/\\\/www.lraloeverashop.eu\\\/de\\\/produkt\\\/mind-master-formula-gold\\\/#breadcrumb\",\"itemListElement\":[{\"@type\":\"ListItem\",\"position\":1,\"name\":\"Home\",\"item\":\"https:\\\/\\\/www.lraloeverashop.eu\\\/de\\\/\"},{\"@type\":\"ListItem\",\"position\":2,\"name\":\"Shop\",\"item\":\"https:\\\/\\\/www.lraloeverashop.eu\\\/de\\\/shop-2\\\/\"},{\"@type\":\"ListItem\",\"position\":3,\"name\":\"Mind Master Formula Gold\"}]},{\"@type\":\"WebSite\",\"@id\":\"https:\\\/\\\/www.lraloeverashop.eu\\\/de\\\/#website\",\"url\":\"https:\\\/\\\/www.lraloeverashop.eu\\\/de\\\/\",\"name\":\"Lr Aloe Vera Shop\",\"description\":\"High Quality Lr Aloe Vera Gel, Aloe Vera Cream and Shampoo\",\"publisher\":{\"@id\":\"https:\\\/\\\/www.lraloeverashop.eu\\\/de\\\/#organization\"},\"potentialAction\":[{\"@type\":\"SearchAction\",\"target\":{\"@type\":\"EntryPoint\",\"urlTemplate\":\"https:\\\/\\\/www.lraloeverashop.eu\\\/de\\\/?s={search_term_string}\"},\"query-input\":{\"@type\":\"PropertyValueSpecification\",\"valueRequired\":true,\"valueName\":\"search_term_string\"}}],\"inLanguage\":\"de\"},{\"@type\":\"Organization\",\"@id\":\"https:\\\/\\\/www.lraloeverashop.eu\\\/de\\\/#organization\",\"name\":\"Lr Aloe Vera Shop\",\"alternateName\":\"LR\",\"url\":\"https:\\\/\\\/www.lraloeverashop.eu\\\/de\\\/\",\"logo\":{\"@type\":\"ImageObject\",\"inLanguage\":\"de\",\"@id\":\"https:\\\/\\\/www.lraloeverashop.eu\\\/de\\\/#\\\/schema\\\/logo\\\/image\\\/\",\"url\":\"https:\\\/\\\/www.lraloeverashop.eu\\\/wp-content\\\/uploads\\\/2022\\\/09\\\/cropped-Lr-Aloe-Vera-Shop.jpg\",\"contentUrl\":\"https:\\\/\\\/www.lraloeverashop.eu\\\/wp-content\\\/uploads\\\/2022\\\/09\\\/cropped-Lr-Aloe-Vera-Shop.jpg\",\"width\":228,\"height\":76,\"caption\":\"Lr Aloe Vera Shop\"},\"image\":{\"@id\":\"https:\\\/\\\/www.lraloeverashop.eu\\\/de\\\/#\\\/schema\\\/logo\\\/image\\\/\"},\"sameAs\":[\"https:\\\/\\\/www.facebook.com\\\/lraloeverashop.eu\",\"https:\\\/\\\/x.com\\\/natur__kosmetik\",\"https:\\\/\\\/www.youtube.com\\\/channel\\\/UC5oN7BJ8nfYb8RpVtjwDEBA\",\"https:\\\/\\\/www.instagram.com\\\/lrbeautyeu\\\/\"],\"description\":\"LR Aloe Vera Shop ist Ihre vertrauensw\u00fcrdige Adresse f\u00fcr hochwertige LR Health & Beauty Produkte aus Deutschland. Wir bieten Ihnen erstklassige Aloe Vera Hautpflege, N\u00e4hrstoffe und Anti-Aging-Produkte mit reinen Inhaltsstoffen, die auf wissenschaftlichen Erkenntnissen basieren. Entdecken Sie nat\u00fcrliche Pflege, die Ihre Haut regeneriert, sch\u00fctzt und revitalisiert \u2013 und profitieren Sie von exklusiven Monatsangeboten auf unsere Bestseller von LR Aloe Vera. Starten Sie noch heute Ihre Reise zu nat\u00fcrlicher Hautpflege und sp\u00fcren Sie den Unterschied.\",\"email\":\"info@lraloeverashop.eu\",\"telephone\":\"+49 17670609653\",\"legalName\":\"Lr Aloe Vera Shop\",\"foundingDate\":\"2018-04-21\",\"numberOfEmployees\":{\"@type\":\"QuantitativeValue\",\"minValue\":\"1\",\"maxValue\":\"10\"}}]}<\/script>\n<meta property=\"product:price:amount\" content=\"25.59\" \/>\n<meta property=\"product:price:currency\" content=\"EUR\" \/>\n<meta property=\"og:availability\" content=\"instock\" \/>\n<meta property=\"product:availability\" content=\"instock\" \/>\n<meta property=\"product:retailer_item_id\" content=\"80940-1DE\" \/>\n<meta property=\"product:condition\" content=\"new\" \/>\n<!-- \/ Yoast SEO Premium plugin. -->","yoast_head_json":{"title":"Mind Master Formula Gold steigert Ged\u00e4chtnis und Konzentration","description":"Mind Master Formula Gold Liefert wertvolle N\u00e4hrstoffe f\u00fcr die Psyche und das seelische Wohlbefinden. Unterst\u00fctzt bei M\u00fcdigkeit und Ersch\u00f6pfung. 100% Vegan","robots":{"index":"index","follow":"follow","max-snippet":"max-snippet:-1","max-image-preview":"max-image-preview:large","max-video-preview":"max-video-preview:-1"},"canonical":"https:\/\/www.lraloeverashop.eu\/de\/produkt\/mind-master-formula-gold\/","og_locale":"de_DE","og_type":"article","og_title":"Mind Master Formula Gold","og_description":"Mind Master Formula Gold Liefert wertvolle N\u00e4hrstoffe f\u00fcr die Psyche und das seelische Wohlbefinden. Unterst\u00fctzt bei M\u00fcdigkeit und Ersch\u00f6pfung. 100% Vegan","og_url":"https:\/\/www.lraloeverashop.eu\/de\/produkt\/mind-master-formula-gold\/","og_site_name":"Lr Aloe Vera Shop","article_publisher":"https:\/\/www.facebook.com\/lraloeverashop.eu","article_modified_time":"2026-02-03T17:19:52+00:00","og_image":[{"width":1200,"height":1200,"url":"https:\/\/www.lraloeverashop.eu\/wp-content\/uploads\/2024\/05\/Mind-Master-Gold.jpeg","type":"image\/jpeg"}],"twitter_card":"summary_large_image","twitter_site":"@natur__kosmetik","schema":{"@context":"https:\/\/schema.org","@graph":[{"@type":["WebPage","ItemPage"],"@id":"https:\/\/www.lraloeverashop.eu\/de\/produkt\/mind-master-formula-gold\/","url":"https:\/\/www.lraloeverashop.eu\/de\/produkt\/mind-master-formula-gold\/","name":"Mind Master Formula Gold steigert Ged\u00e4chtnis und Konzentration","isPartOf":{"@id":"https:\/\/www.lraloeverashop.eu\/de\/#website"},"primaryImageOfPage":{"@id":"https:\/\/www.lraloeverashop.eu\/de\/produkt\/mind-master-formula-gold\/#primaryimage"},"image":{"@id":"https:\/\/www.lraloeverashop.eu\/de\/produkt\/mind-master-formula-gold\/#primaryimage"},"thumbnailUrl":"https:\/\/www.lraloeverashop.eu\/wp-content\/uploads\/2024\/05\/Mind-Master-Gold.jpeg","datePublished":"2024-05-23T08:30:42+00:00","dateModified":"2026-02-03T17:19:52+00:00","description":"Mind Master Formula Gold Liefert wertvolle N\u00e4hrstoffe f\u00fcr die Psyche und das seelische Wohlbefinden. Unterst\u00fctzt bei M\u00fcdigkeit und Ersch\u00f6pfung. 100% Vegan","breadcrumb":{"@id":"https:\/\/www.lraloeverashop.eu\/de\/produkt\/mind-master-formula-gold\/#breadcrumb"},"inLanguage":"de","potentialAction":[{"@type":"ReadAction","target":["https:\/\/www.lraloeverashop.eu\/de\/produkt\/mind-master-formula-gold\/"]}]},{"@type":"ImageObject","inLanguage":"de","@id":"https:\/\/www.lraloeverashop.eu\/de\/produkt\/mind-master-formula-gold\/#primaryimage","url":"https:\/\/www.lraloeverashop.eu\/wp-content\/uploads\/2024\/05\/Mind-Master-Gold.jpeg","contentUrl":"https:\/\/www.lraloeverashop.eu\/wp-content\/uploads\/2024\/05\/Mind-Master-Gold.jpeg","width":1200,"height":1200,"caption":"Mind Master Formula Gold verbessert die kognitive Funktion"},{"@type":"BreadcrumbList","@id":"https:\/\/www.lraloeverashop.eu\/de\/produkt\/mind-master-formula-gold\/#breadcrumb","itemListElement":[{"@type":"ListItem","position":1,"name":"Home","item":"https:\/\/www.lraloeverashop.eu\/de\/"},{"@type":"ListItem","position":2,"name":"Shop","item":"https:\/\/www.lraloeverashop.eu\/de\/shop-2\/"},{"@type":"ListItem","position":3,"name":"Mind Master Formula Gold"}]},{"@type":"WebSite","@id":"https:\/\/www.lraloeverashop.eu\/de\/#website","url":"https:\/\/www.lraloeverashop.eu\/de\/","name":"Lr Aloe Vera Shop","description":"High Quality Lr Aloe Vera Gel, Aloe Vera Cream and Shampoo","publisher":{"@id":"https:\/\/www.lraloeverashop.eu\/de\/#organization"},"potentialAction":[{"@type":"SearchAction","target":{"@type":"EntryPoint","urlTemplate":"https:\/\/www.lraloeverashop.eu\/de\/?s={search_term_string}"},"query-input":{"@type":"PropertyValueSpecification","valueRequired":true,"valueName":"search_term_string"}}],"inLanguage":"de"},{"@type":"Organization","@id":"https:\/\/www.lraloeverashop.eu\/de\/#organization","name":"Lr Aloe Vera Shop","alternateName":"LR","url":"https:\/\/www.lraloeverashop.eu\/de\/","logo":{"@type":"ImageObject","inLanguage":"de","@id":"https:\/\/www.lraloeverashop.eu\/de\/#\/schema\/logo\/image\/","url":"https:\/\/www.lraloeverashop.eu\/wp-content\/uploads\/2022\/09\/cropped-Lr-Aloe-Vera-Shop.jpg","contentUrl":"https:\/\/www.lraloeverashop.eu\/wp-content\/uploads\/2022\/09\/cropped-Lr-Aloe-Vera-Shop.jpg","width":228,"height":76,"caption":"Lr Aloe Vera Shop"},"image":{"@id":"https:\/\/www.lraloeverashop.eu\/de\/#\/schema\/logo\/image\/"},"sameAs":["https:\/\/www.facebook.com\/lraloeverashop.eu","https:\/\/x.com\/natur__kosmetik","https:\/\/www.youtube.com\/channel\/UC5oN7BJ8nfYb8RpVtjwDEBA","https:\/\/www.instagram.com\/lrbeautyeu\/"],"description":"LR Aloe Vera Shop ist Ihre vertrauensw\u00fcrdige Adresse f\u00fcr hochwertige LR Health & Beauty Produkte aus Deutschland. Wir bieten Ihnen erstklassige Aloe Vera Hautpflege, N\u00e4hrstoffe und Anti-Aging-Produkte mit reinen Inhaltsstoffen, die auf wissenschaftlichen Erkenntnissen basieren. Entdecken Sie nat\u00fcrliche Pflege, die Ihre Haut regeneriert, sch\u00fctzt und revitalisiert \u2013 und profitieren Sie von exklusiven Monatsangeboten auf unsere Bestseller von LR Aloe Vera. Starten Sie noch heute Ihre Reise zu nat\u00fcrlicher Hautpflege und sp\u00fcren Sie den Unterschied.","email":"info@lraloeverashop.eu","telephone":"+49 17670609653","legalName":"Lr Aloe Vera Shop","foundingDate":"2018-04-21","numberOfEmployees":{"@type":"QuantitativeValue","minValue":"1","maxValue":"10"}}]},"product_price_amount":"25.59","product_price_currency":"EUR","og_availability":"instock","product_availability":"instock","product_retailer_item_id":"80940-1DE","product_condition":"new"},"taxonomy_info":{"product_cat":[{"value":441,"label":"Leistung &amp; Energie"},{"value":501,"label":"Mind Master"},{"value":465,"label":"Spezialisten"},{"value":411,"label":"Spezielle Produkte"}],"product_tag":[{"value":648,"label":"Energie"}]},"featured_image_src_large":["https:\/\/www.lraloeverashop.eu\/wp-content\/uploads\/2024\/05\/Mind-Master-Gold-1024x1024.jpeg",1024,1024,true],"author_info":[],"comment_info":0,"_links":{"self":[{"href":"https:\/\/www.lraloeverashop.eu\/de\/wp-json\/wp\/v2\/product\/15303","targetHints":{"allow":["GET"]}}],"collection":[{"href":"https:\/\/www.lraloeverashop.eu\/de\/wp-json\/wp\/v2\/product"}],"about":[{"href":"https:\/\/www.lraloeverashop.eu\/de\/wp-json\/wp\/v2\/types\/product"}],"replies":[{"embeddable":true,"href":"https:\/\/www.lraloeverashop.eu\/de\/wp-json\/wp\/v2\/comments?post=15303"}],"wp:featuredmedia":[{"embeddable":true,"href":"https:\/\/www.lraloeverashop.eu\/de\/wp-json\/wp\/v2\/media\/15276"}],"wp:attachment":[{"href":"https:\/\/www.lraloeverashop.eu\/de\/wp-json\/wp\/v2\/media?parent=15303"}],"wp:term":[{"taxonomy":"product_brand","embeddable":true,"href":"https:\/\/www.lraloeverashop.eu\/de\/wp-json\/wp\/v2\/product_brand?post=15303"},{"taxonomy":"product_cat","embeddable":true,"href":"https:\/\/www.lraloeverashop.eu\/de\/wp-json\/wp\/v2\/product_cat?post=15303"},{"taxonomy":"product_tag","embeddable":true,"href":"https:\/\/www.lraloeverashop.eu\/de\/wp-json\/wp\/v2\/product_tag?post=15303"}],"curies":[{"name":"wp","href":"https:\/\/api.w.org\/{rel}","templated":true}]}}