{"id":15017,"date":"2024-05-02T15:40:33","date_gmt":"2024-05-02T13:40:33","guid":{"rendered":"https:\/\/www.lraloeverashop.eu\/product\/liver-support-kapseln\/"},"modified":"2026-02-03T18:20:04","modified_gmt":"2026-02-03T17:20:04","slug":"liver-support-kapseln","status":"publish","type":"product","link":"https:\/\/www.lraloeverashop.eu\/de\/produkt\/liver-support-kapseln\/","title":{"rendered":"Liver Support Kapseln"},"content":{"rendered":"<h2><strong><span style=\"font-size: 16pt; color: #000000;\">Liver Support Kapseln<\/span><\/strong><\/h2>\n<p><span style=\"font-size: 14pt;\"><strong>Liver Support Kapseln unterst\u00fctzen die Leberfunktion<\/strong><\/span><\/p>\n<p>Es ist wichtig f\u00fcr die N\u00e4hrstoffversorgung\u00b9, die Entgiftung\u00b9 und seine Funktion soll gesch\u00fctzt werden. Lr Lifetakt Liver Support unterst\u00fctzt die k\u00f6rpereigenen Prozesse\u00b9\u00b2 mit einer einzigartigen 3-fach-Kombination:<\/p>\n<p><strong>1. Versorgung &amp; Stoffwechsel\u00b9:<\/strong><br \/>\nUnterst\u00fctzung der Leber bei ihrer Funktion der N\u00e4hrstoffregulation\u00b9 \u2013 dazu geh\u00f6ren z. B. der Stoffwechsel von N\u00e4hrstoffen wie Kohlenhydraten, Proteinen und Fetten sowie die Speicherung von <a href=\"https:\/\/www.lraloeverashop.eu\/de\/produkt\/vita-active-rote-fruechte\/\">Vitaminen<\/a> (wie A, D, B12) und Mineralstoffen (wie Eisen, Kupfer, Zink und Selen).<\/p>\n<p><strong>2. Entgiftung\u00b9<\/strong><br \/>\nUnterst\u00fctzung der Leber bei der Entsorgung\u00b9, dem Abbau, der Konzentration und der Ausscheidung von <a href=\"https:\/\/www.lraloeverashop.eu\/de\/produkt\/reishi-kapseln\/\">Schadstoffen<\/a>, insbesondere durch Unterst\u00fctzung der Cysteinsynthese\u00b3\u2074 bei den Entgiftungsprozessen der Leber\u00b9.<\/p>\n<p><strong>3. Schutz<\/strong><br \/>\nDer Mineralstoff Mangan sch\u00fctzt die Zellen durch Stoffwechselprozesse und Entgiftung\u00b2 vor oxidativem Stress. Durch die Unterst\u00fctzung der Cysteinsynthese\u00b3\u2074 wird die Leber gesch\u00fctzt (dank der Bildung der Antioxidantien Glutathion und Taurin\u00b3).<\/p>\n<p>Liver Support Kapseln enthalten unter anderem Beifu\u00df, Mariendistel und Chlorella. Jede Pflanze oder Zutat hat ihre besonderen Vorteile und in der Kombination k\u00f6nnen ideale Synergieeffekte entstehen. Die Inhaltsstoffe der LR Darmstoffwechselkur wirken optimal im Team und f\u00f6rdern ein gesundes Gleichgewicht im K\u00f6rper.<\/p>\n<p>&nbsp;<\/p>\n<h3><strong><span style=\"font-size: 16pt; color: #000000;\">Anwendung<\/span><\/strong><\/h3>\n<p><strong>Empfohlene Dosierung:<\/strong> Nehmen Sie einmal t\u00e4glich, vorzugsweise abends, eine der Liver Support Kapseln zusammen mit einem Glas Fl\u00fcssigkeit ein.<\/p>\n<p>Die empfohlene Tagesdosis sollte nicht \u00fcberschritten werden. Nahrungserg\u00e4nzungsmittel sind kein Ersatz f\u00fcr eine abwechslungsreiche und ausgewogene Ern\u00e4hrung, die neben einer gesunden Lebensweise wichtig ist. Bewahren Sie das Produkt au\u00dferhalb der Reichweite von kleinen Kindern auf<\/p>\n<p>Gut zu machen. In trocken und bei Raumtemperatur lagern. Nach dem \u00d6ffnen wieder gut verschlie\u00dfen.<\/p>\n<h4><strong><span style=\"font-size: 16pt; color: #000000;\">Wussten Sie schon?<\/span><\/strong><\/h4>\n<p>Jede Pflanze oder Zutat hat ihre besonderen Vorteile, manche sind sogar echte Spezialisten. Im Zusammenspiel k\u00f6nnen jedoch besonders wirksame synergistische Effekte entstehen, die den nat\u00fcrlichen Gesundheitserhalt unterst\u00fctzen. Die Inhaltsstoffe der Liver Support Kapseln zur Darmstoffwechselkur wirken optimal zusammen und f\u00f6rdern das Gleichgewicht im K\u00f6rper.<\/p>\n<p><strong>MARIENDISTEL<\/strong><br \/>\n<strong>Leberschutz:<\/strong> Mariendistel ist vor allem f\u00fcr ihre positive Wirkung auf die Lebergesundheit bekannt\u00b9. Man geht davon aus, dass Silymarin, der Hauptinhaltsstoff der Mariendistel, die Regeneration der Leberzellen unterst\u00fctzen kann.<\/p>\n<p><strong>Leberentgiftung:<\/strong> Mariendistel kann auch die Entgiftungsfunktion\u00b9 der Leber f\u00f6rdern, indem sie die Aktivit\u00e4t von Enzymen erh\u00f6ht, die am Abbau von Giftstoffen und Schadstoffen beteiligt sind.<br \/>\nUnterst\u00fctzung: Die Einnahme von Mariendistel oder Silymarin wird h\u00e4ufig als Erg\u00e4nzung zur Unterst\u00fctzung der Leberfunktion eingesetzt.<\/p>\n<p><strong>ARTEMISIA<\/strong><br \/>\nArtemisia absinthium, allgemein bekannt als Wermut, hat aufgrund seiner vielseitigen Eigenschaften und Vorteile vielf\u00e4ltige Anwendungsm\u00f6glichkeiten.<\/p>\n<p><strong>Verdauungsunterst\u00fctzung:<\/strong> Artemisia wird seit langem traditionell zur F\u00f6rderung der Verdauung eingesetzt. Es wird angenommen, dass Artemisia die Produktion von Verdauungss\u00e4ften anregen kann und daher bei Magen-Darm-Problemen wie Bl\u00e4hungen und Bl\u00e4hungen hilfreich sein kann.<\/p>\n<p><strong>Antioxidative Wirkung:<\/strong> Artemisia enth\u00e4lt von Natur aus Antioxidantien\u00b2, wie Polyphenole, Flavonoide und Terpene. Es ist bekannt, dass Antioxidantien dazu beitragen, Zellen vor oxidativem Stress und Sch\u00e4den durch freie Radikale zu sch\u00fctzen.<\/p>\n<p><strong>CYSTEIN<\/strong><br \/>\nCystein in Liver Support Kapseln ist eine essentielle Aminos\u00e4ure, die bei vielen lebenswichtigen Funktionen eine Rolle spielt. Ein Mangel an Cystein oder seinen Vorstufen kann verschiedene Aspekte des Stoffwechsels des K\u00f6rpers negativ beeinflussen und die Funktionen der Leber und anderer Organe beeintr\u00e4chtigen. Daher ist die F\u00e4higkeit der Leber, Cystein zu synthetisieren, wichtig f\u00fcr die Aufrechterhaltung eines gesunden Stoffwechsels und einer ausreichenden Entgiftungsfunktion.<\/p>\n<p><strong>CHLORELLA<\/strong><br \/>\nChlorella ist eine S\u00fc\u00dfwasseralge, die aufgrund ihrer ern\u00e4hrungsphysiologischen Eigenschaften und potenziellen gesundheitlichen Vorteile als Nahrungserg\u00e4nzungsmittel gesch\u00e4tzt wird.<\/p>\n<p><strong>Antioxidative Eigenschaften:<\/strong> Chlorella in den Liver Support Kapseln enth\u00e4lt nat\u00fcrliche Antioxidantien wie Vitamin C, Vitamin E und Carotinoide. <a href=\"https:\/\/www.lraloeverashop.eu\/de\/produkt-kategorie\/basis\/trinkgele\/\">Antioxidantien<\/a> sch\u00fctzen den K\u00f6rper vor oxidativem Stress und k\u00f6nnen dazu beitragen, Zellsch\u00e4den durch freie Radikale zu minimieren.<\/p>\n<p><strong>Reich an N\u00e4hrstoffen:<\/strong> Chlorella ist reich an verschiedenen N\u00e4hrstoffen, darunter Proteine, Vitamine (wie B-Vitamine, Vitamin C und Vitamin K), <a href=\"https:\/\/www.lraloeverashop.eu\/de\/produkt\/pro-balance-tabletten\/\">Mineralien<\/a> (wie Eisen, Magnesium und Zink), Ballaststoffe und sekund\u00e4re Pflanzenstoffe. Diese N\u00e4hrstoffzusammensetzung macht Chlorella zu einem potenziell nahrhaften Nahrungserg\u00e4nzungsmittel zur Unterst\u00fctzung der Gesundheit.<\/p>\n<p>1. Cholin tr\u00e4gt zur Aufrechterhaltung einer normalen Leberfunktion bei.<br \/>\n2. Mangan tr\u00e4gt dazu bei, die Zellen vor oxidativem Stress zu sch\u00fctzen.<br \/>\n3. Vitamin B6 tr\u00e4gt zu einer normalen Cysteinsynthese bei.<br \/>\n4. Molybd\u00e4n tr\u00e4gt zu einem normalen Schwefel- und Aminos\u00e4urestoffwechsel bei.<\/p>\n","protected":false},"excerpt":{"rendered":"<p>Innovative Formel mit einzigartiger Dreifachkombination:<\/p>\n<ul>\n<li>1. Entgiftung: Unterst\u00fctzung der Leber bei der Entgiftung\u00b9<\/li>\n<li>2. Mangan sch\u00fctzt die Zellen vor oxidativem Stress\u00b2<\/li>\n<li>3. Vitamin B6 tr\u00e4gt zur Synthese der wichtigen Aminos\u00e4ure Cystein bei<\/li>\n<li>Enth\u00e4lt Artemisia, Mariendistel, Chlorella, Cholin, Mangan, Molybd\u00e4n und Vitamin B6<\/li>\n<li>Inhalt: 30 Kapseln<\/li>\n<\/ul>\n<p><span style=\"color: #ff0000;\"><a style=\"color: #ff0000;\" href=\"https:\/\/shop.lrworld.com\/openpao?PHP=0vFlt7jT938BEnBI3a6e9w%3D%3D\"><span style=\"font-size: 14pt;\"><strong>Hier registrieren und dauerhaft 35\u202f% sparen<\/strong><\/span><\/a><\/span><\/p>\n","protected":false},"featured_media":14955,"comment_status":"open","ping_status":"closed","template":"","meta":{"_kad_blocks_custom_css":"","_kad_blocks_head_custom_js":"","_kad_blocks_body_custom_js":"","_kad_blocks_footer_custom_js":"","_kadence_starter_templates_imported_post":false,"_kad_post_transparent":"default","_kad_post_title":"","_kad_post_layout":"default","_kad_post_sidebar_id":"","_kad_post_content_style":"default","_kad_post_vertical_padding":"default","_kad_post_feature":"","_kad_post_feature_position":"","_kad_post_header":false,"_kad_post_footer":false,"_kad_post_classname":""},"product_brand":[],"product_cat":[435,447,465],"product_tag":[653],"class_list":{"0":"post-15017","1":"product","2":"type-product","3":"status-publish","4":"has-post-thumbnail","6":"product_cat-darm-verdauung","7":"product_cat-entspannung","8":"product_cat-spezial-ernahrung","9":"product_tag-immun-booster","11":"first","12":"instock","13":"taxable","14":"shipping-taxable","15":"purchasable","16":"product-type-simple","17":"entry","18":"content-bg","19":"loop-entry"},"yoast_head":"<!-- This site is optimized with the Yoast SEO Premium plugin v27.4 (Yoast SEO v27.4) - https:\/\/yoast.com\/product\/yoast-seo-premium-wordpress\/ -->\n<title>Liver Support Kapseln unterst\u00fctzen die Leber bei der Ausscheidung<\/title>\n<meta name=\"description\" content=\"Liver Support Kapseln unterst\u00fctzen die k\u00f6rpereigenen Prozesse mit einer einzigartigen 3-fach-Kombination. Versorgung und Stoffwechsel, Entgiftung und Schutz\" \/>\n<meta name=\"robots\" content=\"index, follow, max-snippet:-1, max-image-preview:large, max-video-preview:-1\" \/>\n<link rel=\"canonical\" href=\"https:\/\/www.lraloeverashop.eu\/de\/produkt\/liver-support-kapseln\/\" \/>\n<meta property=\"og:locale\" content=\"de_DE\" \/>\n<meta property=\"og:type\" content=\"article\" \/>\n<meta property=\"og:title\" content=\"Liver Support Kapseln\" \/>\n<meta property=\"og:description\" content=\"Liver Support Kapseln unterst\u00fctzen die k\u00f6rpereigenen Prozesse mit einer einzigartigen 3-fach-Kombination. Versorgung und Stoffwechsel, Entgiftung und Schutz\" \/>\n<meta property=\"og:url\" content=\"https:\/\/www.lraloeverashop.eu\/de\/produkt\/liver-support-kapseln\/\" \/>\n<meta property=\"og:site_name\" content=\"Lr Aloe Vera Shop\" \/>\n<meta property=\"article:publisher\" content=\"https:\/\/www.facebook.com\/lraloeverashop.eu\" \/>\n<meta property=\"article:modified_time\" content=\"2026-02-03T17:20:04+00:00\" \/>\n<meta property=\"og:image\" content=\"https:\/\/www.lraloeverashop.eu\/wp-content\/uploads\/2024\/05\/Liver-Support-Capsules.jpeg\" \/>\n\t<meta property=\"og:image:width\" content=\"1200\" \/>\n\t<meta property=\"og:image:height\" content=\"1200\" \/>\n\t<meta property=\"og:image:type\" content=\"image\/jpeg\" \/>\n<meta name=\"twitter:card\" content=\"summary_large_image\" \/>\n<meta name=\"twitter:site\" content=\"@natur__kosmetik\" \/>\n<script type=\"application\/ld+json\" class=\"yoast-schema-graph\">{\"@context\":\"https:\\\/\\\/schema.org\",\"@graph\":[{\"@type\":[\"WebPage\",\"ItemPage\"],\"@id\":\"https:\\\/\\\/www.lraloeverashop.eu\\\/de\\\/produkt\\\/liver-support-kapseln\\\/\",\"url\":\"https:\\\/\\\/www.lraloeverashop.eu\\\/de\\\/produkt\\\/liver-support-kapseln\\\/\",\"name\":\"Liver Support Kapseln unterst\u00fctzen die Leber bei der Ausscheidung\",\"isPartOf\":{\"@id\":\"https:\\\/\\\/www.lraloeverashop.eu\\\/de\\\/#website\"},\"primaryImageOfPage\":{\"@id\":\"https:\\\/\\\/www.lraloeverashop.eu\\\/de\\\/produkt\\\/liver-support-kapseln\\\/#primaryimage\"},\"image\":{\"@id\":\"https:\\\/\\\/www.lraloeverashop.eu\\\/de\\\/produkt\\\/liver-support-kapseln\\\/#primaryimage\"},\"thumbnailUrl\":\"https:\\\/\\\/www.lraloeverashop.eu\\\/wp-content\\\/uploads\\\/2024\\\/05\\\/Liver-Support-Capsules.jpeg\",\"datePublished\":\"2024-05-02T13:40:33+00:00\",\"dateModified\":\"2026-02-03T17:20:04+00:00\",\"description\":\"Liver Support Kapseln unterst\u00fctzen die k\u00f6rpereigenen Prozesse mit einer einzigartigen 3-fach-Kombination. Versorgung und Stoffwechsel, Entgiftung und Schutz\",\"breadcrumb\":{\"@id\":\"https:\\\/\\\/www.lraloeverashop.eu\\\/de\\\/produkt\\\/liver-support-kapseln\\\/#breadcrumb\"},\"inLanguage\":\"de\",\"potentialAction\":[{\"@type\":\"ReadAction\",\"target\":[\"https:\\\/\\\/www.lraloeverashop.eu\\\/de\\\/produkt\\\/liver-support-kapseln\\\/\"]}]},{\"@type\":\"ImageObject\",\"inLanguage\":\"de\",\"@id\":\"https:\\\/\\\/www.lraloeverashop.eu\\\/de\\\/produkt\\\/liver-support-kapseln\\\/#primaryimage\",\"url\":\"https:\\\/\\\/www.lraloeverashop.eu\\\/wp-content\\\/uploads\\\/2024\\\/05\\\/Liver-Support-Capsules.jpeg\",\"contentUrl\":\"https:\\\/\\\/www.lraloeverashop.eu\\\/wp-content\\\/uploads\\\/2024\\\/05\\\/Liver-Support-Capsules.jpeg\",\"width\":1200,\"height\":1200,\"caption\":\"Lr Lifetakt Liver Support Kapseln mit Mineralien, Vitamin B6 und Pflanzenextrakten\"},{\"@type\":\"BreadcrumbList\",\"@id\":\"https:\\\/\\\/www.lraloeverashop.eu\\\/de\\\/produkt\\\/liver-support-kapseln\\\/#breadcrumb\",\"itemListElement\":[{\"@type\":\"ListItem\",\"position\":1,\"name\":\"Home\",\"item\":\"https:\\\/\\\/www.lraloeverashop.eu\\\/de\\\/\"},{\"@type\":\"ListItem\",\"position\":2,\"name\":\"Shop\",\"item\":\"https:\\\/\\\/www.lraloeverashop.eu\\\/de\\\/shop-2\\\/\"},{\"@type\":\"ListItem\",\"position\":3,\"name\":\"Liver Support Kapseln\"}]},{\"@type\":\"WebSite\",\"@id\":\"https:\\\/\\\/www.lraloeverashop.eu\\\/de\\\/#website\",\"url\":\"https:\\\/\\\/www.lraloeverashop.eu\\\/de\\\/\",\"name\":\"Lr Aloe Vera Shop\",\"description\":\"High Quality Lr Aloe Vera Gel, Aloe Vera Cream and Shampoo\",\"publisher\":{\"@id\":\"https:\\\/\\\/www.lraloeverashop.eu\\\/de\\\/#organization\"},\"potentialAction\":[{\"@type\":\"SearchAction\",\"target\":{\"@type\":\"EntryPoint\",\"urlTemplate\":\"https:\\\/\\\/www.lraloeverashop.eu\\\/de\\\/?s={search_term_string}\"},\"query-input\":{\"@type\":\"PropertyValueSpecification\",\"valueRequired\":true,\"valueName\":\"search_term_string\"}}],\"inLanguage\":\"de\"},{\"@type\":\"Organization\",\"@id\":\"https:\\\/\\\/www.lraloeverashop.eu\\\/de\\\/#organization\",\"name\":\"Lr Aloe Vera Shop\",\"alternateName\":\"LR\",\"url\":\"https:\\\/\\\/www.lraloeverashop.eu\\\/de\\\/\",\"logo\":{\"@type\":\"ImageObject\",\"inLanguage\":\"de\",\"@id\":\"https:\\\/\\\/www.lraloeverashop.eu\\\/de\\\/#\\\/schema\\\/logo\\\/image\\\/\",\"url\":\"https:\\\/\\\/www.lraloeverashop.eu\\\/wp-content\\\/uploads\\\/2022\\\/09\\\/cropped-Lr-Aloe-Vera-Shop.jpg\",\"contentUrl\":\"https:\\\/\\\/www.lraloeverashop.eu\\\/wp-content\\\/uploads\\\/2022\\\/09\\\/cropped-Lr-Aloe-Vera-Shop.jpg\",\"width\":228,\"height\":76,\"caption\":\"Lr Aloe Vera Shop\"},\"image\":{\"@id\":\"https:\\\/\\\/www.lraloeverashop.eu\\\/de\\\/#\\\/schema\\\/logo\\\/image\\\/\"},\"sameAs\":[\"https:\\\/\\\/www.facebook.com\\\/lraloeverashop.eu\",\"https:\\\/\\\/x.com\\\/natur__kosmetik\",\"https:\\\/\\\/www.youtube.com\\\/channel\\\/UC5oN7BJ8nfYb8RpVtjwDEBA\",\"https:\\\/\\\/www.instagram.com\\\/lrbeautyeu\\\/\"],\"description\":\"LR Aloe Vera Shop ist Ihre vertrauensw\u00fcrdige Adresse f\u00fcr hochwertige LR Health & Beauty Produkte aus Deutschland. Wir bieten Ihnen erstklassige Aloe Vera Hautpflege, N\u00e4hrstoffe und Anti-Aging-Produkte mit reinen Inhaltsstoffen, die auf wissenschaftlichen Erkenntnissen basieren. Entdecken Sie nat\u00fcrliche Pflege, die Ihre Haut regeneriert, sch\u00fctzt und revitalisiert \u2013 und profitieren Sie von exklusiven Monatsangeboten auf unsere Bestseller von LR Aloe Vera. Starten Sie noch heute Ihre Reise zu nat\u00fcrlicher Hautpflege und sp\u00fcren Sie den Unterschied.\",\"email\":\"info@lraloeverashop.eu\",\"telephone\":\"+49 17670609653\",\"legalName\":\"Lr Aloe Vera Shop\",\"foundingDate\":\"2018-04-21\",\"numberOfEmployees\":{\"@type\":\"QuantitativeValue\",\"minValue\":\"1\",\"maxValue\":\"10\"}}]}<\/script>\n<meta property=\"product:price:amount\" content=\"35.79\" \/>\n<meta property=\"product:price:currency\" content=\"EUR\" \/>\n<meta property=\"og:availability\" content=\"instock\" \/>\n<meta property=\"product:availability\" content=\"instock\" \/>\n<meta property=\"product:retailer_item_id\" content=\"81330-99DE\" \/>\n<meta property=\"product:condition\" content=\"new\" \/>\n<!-- \/ Yoast SEO Premium plugin. -->","yoast_head_json":{"title":"Liver Support Kapseln unterst\u00fctzen die Leber bei der Ausscheidung","description":"Liver Support Kapseln unterst\u00fctzen die k\u00f6rpereigenen Prozesse mit einer einzigartigen 3-fach-Kombination. Versorgung und Stoffwechsel, Entgiftung und Schutz","robots":{"index":"index","follow":"follow","max-snippet":"max-snippet:-1","max-image-preview":"max-image-preview:large","max-video-preview":"max-video-preview:-1"},"canonical":"https:\/\/www.lraloeverashop.eu\/de\/produkt\/liver-support-kapseln\/","og_locale":"de_DE","og_type":"article","og_title":"Liver Support Kapseln","og_description":"Liver Support Kapseln unterst\u00fctzen die k\u00f6rpereigenen Prozesse mit einer einzigartigen 3-fach-Kombination. Versorgung und Stoffwechsel, Entgiftung und Schutz","og_url":"https:\/\/www.lraloeverashop.eu\/de\/produkt\/liver-support-kapseln\/","og_site_name":"Lr Aloe Vera Shop","article_publisher":"https:\/\/www.facebook.com\/lraloeverashop.eu","article_modified_time":"2026-02-03T17:20:04+00:00","og_image":[{"width":1200,"height":1200,"url":"https:\/\/www.lraloeverashop.eu\/wp-content\/uploads\/2024\/05\/Liver-Support-Capsules.jpeg","type":"image\/jpeg"}],"twitter_card":"summary_large_image","twitter_site":"@natur__kosmetik","schema":{"@context":"https:\/\/schema.org","@graph":[{"@type":["WebPage","ItemPage"],"@id":"https:\/\/www.lraloeverashop.eu\/de\/produkt\/liver-support-kapseln\/","url":"https:\/\/www.lraloeverashop.eu\/de\/produkt\/liver-support-kapseln\/","name":"Liver Support Kapseln unterst\u00fctzen die Leber bei der Ausscheidung","isPartOf":{"@id":"https:\/\/www.lraloeverashop.eu\/de\/#website"},"primaryImageOfPage":{"@id":"https:\/\/www.lraloeverashop.eu\/de\/produkt\/liver-support-kapseln\/#primaryimage"},"image":{"@id":"https:\/\/www.lraloeverashop.eu\/de\/produkt\/liver-support-kapseln\/#primaryimage"},"thumbnailUrl":"https:\/\/www.lraloeverashop.eu\/wp-content\/uploads\/2024\/05\/Liver-Support-Capsules.jpeg","datePublished":"2024-05-02T13:40:33+00:00","dateModified":"2026-02-03T17:20:04+00:00","description":"Liver Support Kapseln unterst\u00fctzen die k\u00f6rpereigenen Prozesse mit einer einzigartigen 3-fach-Kombination. Versorgung und Stoffwechsel, Entgiftung und Schutz","breadcrumb":{"@id":"https:\/\/www.lraloeverashop.eu\/de\/produkt\/liver-support-kapseln\/#breadcrumb"},"inLanguage":"de","potentialAction":[{"@type":"ReadAction","target":["https:\/\/www.lraloeverashop.eu\/de\/produkt\/liver-support-kapseln\/"]}]},{"@type":"ImageObject","inLanguage":"de","@id":"https:\/\/www.lraloeverashop.eu\/de\/produkt\/liver-support-kapseln\/#primaryimage","url":"https:\/\/www.lraloeverashop.eu\/wp-content\/uploads\/2024\/05\/Liver-Support-Capsules.jpeg","contentUrl":"https:\/\/www.lraloeverashop.eu\/wp-content\/uploads\/2024\/05\/Liver-Support-Capsules.jpeg","width":1200,"height":1200,"caption":"Lr Lifetakt Liver Support Kapseln mit Mineralien, Vitamin B6 und Pflanzenextrakten"},{"@type":"BreadcrumbList","@id":"https:\/\/www.lraloeverashop.eu\/de\/produkt\/liver-support-kapseln\/#breadcrumb","itemListElement":[{"@type":"ListItem","position":1,"name":"Home","item":"https:\/\/www.lraloeverashop.eu\/de\/"},{"@type":"ListItem","position":2,"name":"Shop","item":"https:\/\/www.lraloeverashop.eu\/de\/shop-2\/"},{"@type":"ListItem","position":3,"name":"Liver Support Kapseln"}]},{"@type":"WebSite","@id":"https:\/\/www.lraloeverashop.eu\/de\/#website","url":"https:\/\/www.lraloeverashop.eu\/de\/","name":"Lr Aloe Vera Shop","description":"High Quality Lr Aloe Vera Gel, Aloe Vera Cream and Shampoo","publisher":{"@id":"https:\/\/www.lraloeverashop.eu\/de\/#organization"},"potentialAction":[{"@type":"SearchAction","target":{"@type":"EntryPoint","urlTemplate":"https:\/\/www.lraloeverashop.eu\/de\/?s={search_term_string}"},"query-input":{"@type":"PropertyValueSpecification","valueRequired":true,"valueName":"search_term_string"}}],"inLanguage":"de"},{"@type":"Organization","@id":"https:\/\/www.lraloeverashop.eu\/de\/#organization","name":"Lr Aloe Vera Shop","alternateName":"LR","url":"https:\/\/www.lraloeverashop.eu\/de\/","logo":{"@type":"ImageObject","inLanguage":"de","@id":"https:\/\/www.lraloeverashop.eu\/de\/#\/schema\/logo\/image\/","url":"https:\/\/www.lraloeverashop.eu\/wp-content\/uploads\/2022\/09\/cropped-Lr-Aloe-Vera-Shop.jpg","contentUrl":"https:\/\/www.lraloeverashop.eu\/wp-content\/uploads\/2022\/09\/cropped-Lr-Aloe-Vera-Shop.jpg","width":228,"height":76,"caption":"Lr Aloe Vera Shop"},"image":{"@id":"https:\/\/www.lraloeverashop.eu\/de\/#\/schema\/logo\/image\/"},"sameAs":["https:\/\/www.facebook.com\/lraloeverashop.eu","https:\/\/x.com\/natur__kosmetik","https:\/\/www.youtube.com\/channel\/UC5oN7BJ8nfYb8RpVtjwDEBA","https:\/\/www.instagram.com\/lrbeautyeu\/"],"description":"LR Aloe Vera Shop ist Ihre vertrauensw\u00fcrdige Adresse f\u00fcr hochwertige LR Health & Beauty Produkte aus Deutschland. Wir bieten Ihnen erstklassige Aloe Vera Hautpflege, N\u00e4hrstoffe und Anti-Aging-Produkte mit reinen Inhaltsstoffen, die auf wissenschaftlichen Erkenntnissen basieren. Entdecken Sie nat\u00fcrliche Pflege, die Ihre Haut regeneriert, sch\u00fctzt und revitalisiert \u2013 und profitieren Sie von exklusiven Monatsangeboten auf unsere Bestseller von LR Aloe Vera. Starten Sie noch heute Ihre Reise zu nat\u00fcrlicher Hautpflege und sp\u00fcren Sie den Unterschied.","email":"info@lraloeverashop.eu","telephone":"+49 17670609653","legalName":"Lr Aloe Vera Shop","foundingDate":"2018-04-21","numberOfEmployees":{"@type":"QuantitativeValue","minValue":"1","maxValue":"10"}}]},"product_price_amount":"35.79","product_price_currency":"EUR","og_availability":"instock","product_availability":"instock","product_retailer_item_id":"81330-99DE","product_condition":"new"},"taxonomy_info":{"product_cat":[{"value":435,"label":"Darm &amp; Verdauung"},{"value":447,"label":"Entspannung"},{"value":465,"label":"Spezialisten"}],"product_tag":[{"value":653,"label":"Immun-Booster"}]},"featured_image_src_large":["https:\/\/www.lraloeverashop.eu\/wp-content\/uploads\/2024\/05\/Liver-Support-Capsules-1024x1024.jpeg",1024,1024,true],"author_info":[],"comment_info":0,"_links":{"self":[{"href":"https:\/\/www.lraloeverashop.eu\/de\/wp-json\/wp\/v2\/product\/15017","targetHints":{"allow":["GET"]}}],"collection":[{"href":"https:\/\/www.lraloeverashop.eu\/de\/wp-json\/wp\/v2\/product"}],"about":[{"href":"https:\/\/www.lraloeverashop.eu\/de\/wp-json\/wp\/v2\/types\/product"}],"replies":[{"embeddable":true,"href":"https:\/\/www.lraloeverashop.eu\/de\/wp-json\/wp\/v2\/comments?post=15017"}],"wp:featuredmedia":[{"embeddable":true,"href":"https:\/\/www.lraloeverashop.eu\/de\/wp-json\/wp\/v2\/media\/14955"}],"wp:attachment":[{"href":"https:\/\/www.lraloeverashop.eu\/de\/wp-json\/wp\/v2\/media?parent=15017"}],"wp:term":[{"taxonomy":"product_brand","embeddable":true,"href":"https:\/\/www.lraloeverashop.eu\/de\/wp-json\/wp\/v2\/product_brand?post=15017"},{"taxonomy":"product_cat","embeddable":true,"href":"https:\/\/www.lraloeverashop.eu\/de\/wp-json\/wp\/v2\/product_cat?post=15017"},{"taxonomy":"product_tag","embeddable":true,"href":"https:\/\/www.lraloeverashop.eu\/de\/wp-json\/wp\/v2\/product_tag?post=15017"}],"curies":[{"name":"wp","href":"https:\/\/api.w.org\/{rel}","templated":true}]}}