{"id":13712,"date":"2023-11-01T06:28:15","date_gmt":"2023-11-01T05:28:15","guid":{"rendered":"https:\/\/www.lraloeverashop.eu\/?post_type=product&#038;p=13712"},"modified":"2026-02-03T18:21:35","modified_gmt":"2026-02-03T17:21:35","slug":"trinkgel-gel-sivera-2er-set-limitiertes-angebot","status":"publish","type":"product","link":"https:\/\/www.lraloeverashop.eu\/de\/produkt\/trinkgel-gel-sivera-2er-set-limitiertes-angebot\/","title":{"rendered":"Trinkgel Gel Sivera 2er Set Limitiertes Angebot"},"content":{"rendered":"<h2><span style=\"font-size: 16pt;\"><strong>Trinkgel Sivera 2er Set Limitiertes Angebot<\/strong><\/span><\/h2>\n<p><span style=\"font-size: 14pt;\"><strong>Trinkgel Gel Sivera 2er Set Sch\u00fctzt die Zellen vor oxidativem Stress<\/strong><\/span><\/p>\n<p>Trinkgel Gel Sivera kombiniert die positiven Eigenschaften von Aloe Vera mit dem nat\u00fcrlichen Extrakt der Brennnessel. Aloe Vera gilt als unsere wichtigste <a href=\"https:\/\/www.lraloeverashop.eu\/de\/produkt\/reishi-kapseln-limitiertes-angebot\/\">blutreinigende<\/a> Entgiftungs-Pflanze; F\u00f6rderung von Stoffwechsel, Verdauung und Urinausscheidung. Seine Bl\u00e4tter sind eine reiche Quelle von Siliziumdioxid (Silizium), Eisen, Kalzium und Vitamin K.<\/p>\n<p>Wissenschaftliche Forschung ist die Grundlage f\u00fcr innovative Produktkonzepte. Aus diesem Grund investiert\u00a0<a href=\"https:\/\/shop.lrworld.com\/home\/DE\/de?PHP=0vFlt7jT938BEnBI3a6e9w%3D%3D\">LR<\/a> viel Zeit und Geld, um mit Wissenschaft und Forschung auf dem neuesten Stand zu bleiben. Das Lr Aloe Vera Gel Sivera ist nur ein Beispiel daf\u00fcr, wie LR wertvolle nat\u00fcrliche Inhaltsstoffe kombiniert, um die hochwertigsten <a href=\"https:\/\/www.lraloeverashop.eu\/de\/produkt-kategorie\/aloe-vera-de\/\">Aloe Vera Produkte<\/a> f\u00fcr Sie zu produzieren.<\/p>\n<p>&nbsp;<\/p>\n<h3><span style=\"font-size: 16pt;\"><strong>Wie benutzt man Aloe Vera Trinkgel Sivera<\/strong><\/span><\/h3>\n<p><strong>Verzehrempfehlung:<\/strong> 3 x t\u00e4glich 30 ml <a href=\"https:\/\/www.lraloeverashop.eu\/de\/aloe-vera-zum-trinken-von-lr-health-beauty\/\">Aloe Vera Sivera<\/a>, am besten vor den Mahlzeiten (evtl. mit Wasser oder Fruchtsaft verd\u00fcnnen). Vor Gebrauch sch\u00fctteln.<\/p>\n<p><strong>Rezeptidee:<\/strong> Probiere <a href=\"https:\/\/www.lraloeverashop.eu\/de\/aloe-vera-trinkgel-sivera\/\">Aloe Vera Drinking Gel Sivera<\/a> mal mit einem Glas Orangensaft, oder mische das Gel in einen frisch gemixten Smoothie mit vielen gesunden Obst- und Gem\u00fcsesorten.<\/p>\n<p>Vor Gebrauch sch\u00fctteln. Nach dem \u00d6ffnen im K\u00fchlschrank aufbewahren und z\u00fcgig verbrauchen. Die angegebene, empfohlene t\u00e4gliche Verzehrmenge darf nicht \u00fcberschritten werden.<\/p>\n<p>Nahrungserg\u00e4nzungsmittel sind kein Ersatz f\u00fcr eine abwechslungsreiche und ausgewogene Ern\u00e4hrung, die zusammen mit einer <a href=\"https:\/\/www.lraloeverashop.eu\/de\/produkt\/lr-beauty-elixir-3er-set\/\">gesunden Lebensweise<\/a> von Bedeutung ist. Produkt au\u00dferhalb der Reichweite von kleinen Kindern aufbewahren.<\/p>\n","protected":false},"excerpt":{"rendered":"<ul>\n<li><span style=\"color: #ff0000;\"><strong>Limitiertes Angebot<\/strong><\/span><\/li>\n<li>90% reines Aloe Vera Blattgel<\/li>\n<li>7% Honig<\/li>\n<li>Beeinflusst die Qualit\u00e4t von Haut, N\u00e4geln und Haaren<\/li>\n<li>Mit Brennnesselextrakt f\u00fcr einen hohen Gehalt an nat\u00fcrlichem Silizium<\/li>\n<li>Menge: 2 x 1000 ml<\/li>\n<\/ul>\n<p><span style=\"color: #ff0000;\"><a style=\"color: #ff0000;\" href=\"https:\/\/shop.lrworld.com\/openpao?PHP=0vFlt7jT938BEnBI3a6e9w%3D%3D\"><span style=\"font-size: 14pt;\"><strong>Hier registrieren und dauerhaft 35\u202f% sparen<\/strong><\/span><\/a><\/span><\/p>\n","protected":false},"featured_media":13725,"comment_status":"open","ping_status":"closed","template":"","meta":{"_kad_blocks_custom_css":"","_kad_blocks_head_custom_js":"","_kad_blocks_body_custom_js":"","_kad_blocks_footer_custom_js":"","_kadence_starter_templates_imported_post":false,"_kad_post_transparent":"default","_kad_post_title":"","_kad_post_layout":"default","_kad_post_sidebar_id":"","_kad_post_content_style":"default","_kad_post_vertical_padding":"default","_kad_post_feature":"","_kad_post_feature_position":"","_kad_post_header":false,"_kad_post_footer":false,"_kad_post_classname":""},"product_brand":[],"product_cat":[292,352,399,435,423,462,465],"product_tag":[592],"class_list":{"0":"post-13712","1":"product","2":"type-product","3":"status-publish","4":"has-post-thumbnail","6":"product_cat-trinkgele","7":"product_cat-angebote","8":"product_cat-basis","9":"product_cat-darm-verdauung","10":"product_cat-herz-kreislauf","11":"product_cat-sparen-im-set","12":"product_cat-spezial-ernahrung","13":"product_tag-detox-getraenke","15":"first","16":"instock","17":"sale","18":"taxable","19":"shipping-taxable","20":"purchasable","21":"product-type-simple","22":"entry","23":"content-bg","24":"loop-entry"},"yoast_head":"<!-- This site is optimized with the Yoast SEO Premium plugin v27.4 (Yoast SEO v27.4) - https:\/\/yoast.com\/product\/yoast-seo-premium-wordpress\/ -->\n<title>Trinkgel Sivera 2er set sch\u00fctzt die zellen vor oxidativem Stress<\/title>\n<meta name=\"description\" content=\"Trinkgel Sivera 2er Set mit Brennnesselextrakt f\u00fcr einen hohen Gehalt an nat\u00fcrlichem Silizium. Limitiertes Angebot. Mit 90% Aloe Vera Gel und 7% Honig\" \/>\n<meta name=\"robots\" content=\"index, follow, max-snippet:-1, max-image-preview:large, max-video-preview:-1\" \/>\n<link rel=\"canonical\" href=\"https:\/\/www.lraloeverashop.eu\/de\/produkt\/trinkgel-gel-sivera-2er-set-limitiertes-angebot\/\" \/>\n<meta property=\"og:locale\" content=\"de_DE\" \/>\n<meta property=\"og:type\" content=\"article\" \/>\n<meta property=\"og:title\" content=\"Trinkgel Gel Sivera 2er Set Limitiertes Angebot\" \/>\n<meta property=\"og:description\" content=\"Trinkgel Sivera 2er Set mit Brennnesselextrakt f\u00fcr einen hohen Gehalt an nat\u00fcrlichem Silizium. Limitiertes Angebot. Mit 90% Aloe Vera Gel und 7% Honig\" \/>\n<meta property=\"og:url\" content=\"https:\/\/www.lraloeverashop.eu\/de\/produkt\/trinkgel-gel-sivera-2er-set-limitiertes-angebot\/\" \/>\n<meta property=\"og:site_name\" content=\"Lr Aloe Vera Shop\" \/>\n<meta property=\"article:publisher\" content=\"https:\/\/www.facebook.com\/lraloeverashop.eu\" \/>\n<meta property=\"article:modified_time\" content=\"2026-02-03T17:21:35+00:00\" \/>\n<meta property=\"og:image\" content=\"https:\/\/www.lraloeverashop.eu\/wp-content\/uploads\/2023\/11\/Drinking-gel-sivera-2-er-set-limited.jpg\" \/>\n\t<meta property=\"og:image:width\" content=\"1200\" \/>\n\t<meta property=\"og:image:height\" content=\"1200\" \/>\n\t<meta property=\"og:image:type\" content=\"image\/jpeg\" \/>\n<meta name=\"twitter:card\" content=\"summary_large_image\" \/>\n<meta name=\"twitter:site\" content=\"@natur__kosmetik\" \/>\n<script type=\"application\/ld+json\" class=\"yoast-schema-graph\">{\"@context\":\"https:\\\/\\\/schema.org\",\"@graph\":[{\"@type\":[\"WebPage\",\"ItemPage\"],\"@id\":\"https:\\\/\\\/www.lraloeverashop.eu\\\/de\\\/produkt\\\/trinkgel-gel-sivera-2er-set-limitiertes-angebot\\\/\",\"url\":\"https:\\\/\\\/www.lraloeverashop.eu\\\/de\\\/produkt\\\/trinkgel-gel-sivera-2er-set-limitiertes-angebot\\\/\",\"name\":\"Trinkgel Sivera 2er set sch\u00fctzt die zellen vor oxidativem Stress\",\"isPartOf\":{\"@id\":\"https:\\\/\\\/www.lraloeverashop.eu\\\/de\\\/#website\"},\"primaryImageOfPage\":{\"@id\":\"https:\\\/\\\/www.lraloeverashop.eu\\\/de\\\/produkt\\\/trinkgel-gel-sivera-2er-set-limitiertes-angebot\\\/#primaryimage\"},\"image\":{\"@id\":\"https:\\\/\\\/www.lraloeverashop.eu\\\/de\\\/produkt\\\/trinkgel-gel-sivera-2er-set-limitiertes-angebot\\\/#primaryimage\"},\"thumbnailUrl\":\"https:\\\/\\\/www.lraloeverashop.eu\\\/wp-content\\\/uploads\\\/2023\\\/11\\\/Drinking-gel-sivera-2-er-set-limited.jpg\",\"datePublished\":\"2023-11-01T05:28:15+00:00\",\"dateModified\":\"2026-02-03T17:21:35+00:00\",\"description\":\"Trinkgel Sivera 2er Set mit Brennnesselextrakt f\u00fcr einen hohen Gehalt an nat\u00fcrlichem Silizium. Limitiertes Angebot. Mit 90% Aloe Vera Gel und 7% Honig\",\"breadcrumb\":{\"@id\":\"https:\\\/\\\/www.lraloeverashop.eu\\\/de\\\/produkt\\\/trinkgel-gel-sivera-2er-set-limitiertes-angebot\\\/#breadcrumb\"},\"inLanguage\":\"de\",\"potentialAction\":[{\"@type\":\"ReadAction\",\"target\":[\"https:\\\/\\\/www.lraloeverashop.eu\\\/de\\\/produkt\\\/trinkgel-gel-sivera-2er-set-limitiertes-angebot\\\/\"]}]},{\"@type\":\"ImageObject\",\"inLanguage\":\"de\",\"@id\":\"https:\\\/\\\/www.lraloeverashop.eu\\\/de\\\/produkt\\\/trinkgel-gel-sivera-2er-set-limitiertes-angebot\\\/#primaryimage\",\"url\":\"https:\\\/\\\/www.lraloeverashop.eu\\\/wp-content\\\/uploads\\\/2023\\\/11\\\/Drinking-gel-sivera-2-er-set-limited.jpg\",\"contentUrl\":\"https:\\\/\\\/www.lraloeverashop.eu\\\/wp-content\\\/uploads\\\/2023\\\/11\\\/Drinking-gel-sivera-2-er-set-limited.jpg\",\"width\":1200,\"height\":1200,\"caption\":\"Drinking gel sivera 2 er set limited\"},{\"@type\":\"BreadcrumbList\",\"@id\":\"https:\\\/\\\/www.lraloeverashop.eu\\\/de\\\/produkt\\\/trinkgel-gel-sivera-2er-set-limitiertes-angebot\\\/#breadcrumb\",\"itemListElement\":[{\"@type\":\"ListItem\",\"position\":1,\"name\":\"Home\",\"item\":\"https:\\\/\\\/www.lraloeverashop.eu\\\/de\\\/\"},{\"@type\":\"ListItem\",\"position\":2,\"name\":\"Shop\",\"item\":\"https:\\\/\\\/www.lraloeverashop.eu\\\/de\\\/shop-2\\\/\"},{\"@type\":\"ListItem\",\"position\":3,\"name\":\"Trinkgel Gel Sivera 2er Set Limitiertes Angebot\"}]},{\"@type\":\"WebSite\",\"@id\":\"https:\\\/\\\/www.lraloeverashop.eu\\\/de\\\/#website\",\"url\":\"https:\\\/\\\/www.lraloeverashop.eu\\\/de\\\/\",\"name\":\"Lr Aloe Vera Shop\",\"description\":\"High Quality Lr Aloe Vera Gel, Aloe Vera Cream and Shampoo\",\"publisher\":{\"@id\":\"https:\\\/\\\/www.lraloeverashop.eu\\\/de\\\/#organization\"},\"potentialAction\":[{\"@type\":\"SearchAction\",\"target\":{\"@type\":\"EntryPoint\",\"urlTemplate\":\"https:\\\/\\\/www.lraloeverashop.eu\\\/de\\\/?s={search_term_string}\"},\"query-input\":{\"@type\":\"PropertyValueSpecification\",\"valueRequired\":true,\"valueName\":\"search_term_string\"}}],\"inLanguage\":\"de\"},{\"@type\":\"Organization\",\"@id\":\"https:\\\/\\\/www.lraloeverashop.eu\\\/de\\\/#organization\",\"name\":\"Lr Aloe Vera Shop\",\"alternateName\":\"LR\",\"url\":\"https:\\\/\\\/www.lraloeverashop.eu\\\/de\\\/\",\"logo\":{\"@type\":\"ImageObject\",\"inLanguage\":\"de\",\"@id\":\"https:\\\/\\\/www.lraloeverashop.eu\\\/de\\\/#\\\/schema\\\/logo\\\/image\\\/\",\"url\":\"https:\\\/\\\/www.lraloeverashop.eu\\\/wp-content\\\/uploads\\\/2022\\\/09\\\/cropped-Lr-Aloe-Vera-Shop.jpg\",\"contentUrl\":\"https:\\\/\\\/www.lraloeverashop.eu\\\/wp-content\\\/uploads\\\/2022\\\/09\\\/cropped-Lr-Aloe-Vera-Shop.jpg\",\"width\":228,\"height\":76,\"caption\":\"Lr Aloe Vera Shop\"},\"image\":{\"@id\":\"https:\\\/\\\/www.lraloeverashop.eu\\\/de\\\/#\\\/schema\\\/logo\\\/image\\\/\"},\"sameAs\":[\"https:\\\/\\\/www.facebook.com\\\/lraloeverashop.eu\",\"https:\\\/\\\/x.com\\\/natur__kosmetik\",\"https:\\\/\\\/www.youtube.com\\\/channel\\\/UC5oN7BJ8nfYb8RpVtjwDEBA\",\"https:\\\/\\\/www.instagram.com\\\/lrbeautyeu\\\/\"],\"description\":\"LR Aloe Vera Shop ist Ihre vertrauensw\u00fcrdige Adresse f\u00fcr hochwertige LR Health & Beauty Produkte aus Deutschland. Wir bieten Ihnen erstklassige Aloe Vera Hautpflege, N\u00e4hrstoffe und Anti-Aging-Produkte mit reinen Inhaltsstoffen, die auf wissenschaftlichen Erkenntnissen basieren. Entdecken Sie nat\u00fcrliche Pflege, die Ihre Haut regeneriert, sch\u00fctzt und revitalisiert \u2013 und profitieren Sie von exklusiven Monatsangeboten auf unsere Bestseller von LR Aloe Vera. Starten Sie noch heute Ihre Reise zu nat\u00fcrlicher Hautpflege und sp\u00fcren Sie den Unterschied.\",\"email\":\"info@lraloeverashop.eu\",\"telephone\":\"+49 17670609653\",\"legalName\":\"Lr Aloe Vera Shop\",\"foundingDate\":\"2018-04-21\",\"numberOfEmployees\":{\"@type\":\"QuantitativeValue\",\"minValue\":\"1\",\"maxValue\":\"10\"}}]}<\/script>\n<meta property=\"product:price:amount\" content=\"86.99\" \/>\n<meta property=\"product:price:currency\" content=\"EUR\" \/>\n<meta property=\"og:availability\" content=\"instock\" \/>\n<meta property=\"product:availability\" content=\"instock\" \/>\n<meta property=\"product:retailer_item_id\" content=\"80802-781DE\" \/>\n<meta property=\"product:condition\" content=\"new\" \/>\n<!-- \/ Yoast SEO Premium plugin. -->","yoast_head_json":{"title":"Trinkgel Sivera 2er set sch\u00fctzt die zellen vor oxidativem Stress","description":"Trinkgel Sivera 2er Set mit Brennnesselextrakt f\u00fcr einen hohen Gehalt an nat\u00fcrlichem Silizium. Limitiertes Angebot. Mit 90% Aloe Vera Gel und 7% Honig","robots":{"index":"index","follow":"follow","max-snippet":"max-snippet:-1","max-image-preview":"max-image-preview:large","max-video-preview":"max-video-preview:-1"},"canonical":"https:\/\/www.lraloeverashop.eu\/de\/produkt\/trinkgel-gel-sivera-2er-set-limitiertes-angebot\/","og_locale":"de_DE","og_type":"article","og_title":"Trinkgel Gel Sivera 2er Set Limitiertes Angebot","og_description":"Trinkgel Sivera 2er Set mit Brennnesselextrakt f\u00fcr einen hohen Gehalt an nat\u00fcrlichem Silizium. Limitiertes Angebot. Mit 90% Aloe Vera Gel und 7% Honig","og_url":"https:\/\/www.lraloeverashop.eu\/de\/produkt\/trinkgel-gel-sivera-2er-set-limitiertes-angebot\/","og_site_name":"Lr Aloe Vera Shop","article_publisher":"https:\/\/www.facebook.com\/lraloeverashop.eu","article_modified_time":"2026-02-03T17:21:35+00:00","og_image":[{"width":1200,"height":1200,"url":"https:\/\/www.lraloeverashop.eu\/wp-content\/uploads\/2023\/11\/Drinking-gel-sivera-2-er-set-limited.jpg","type":"image\/jpeg"}],"twitter_card":"summary_large_image","twitter_site":"@natur__kosmetik","schema":{"@context":"https:\/\/schema.org","@graph":[{"@type":["WebPage","ItemPage"],"@id":"https:\/\/www.lraloeverashop.eu\/de\/produkt\/trinkgel-gel-sivera-2er-set-limitiertes-angebot\/","url":"https:\/\/www.lraloeverashop.eu\/de\/produkt\/trinkgel-gel-sivera-2er-set-limitiertes-angebot\/","name":"Trinkgel Sivera 2er set sch\u00fctzt die zellen vor oxidativem Stress","isPartOf":{"@id":"https:\/\/www.lraloeverashop.eu\/de\/#website"},"primaryImageOfPage":{"@id":"https:\/\/www.lraloeverashop.eu\/de\/produkt\/trinkgel-gel-sivera-2er-set-limitiertes-angebot\/#primaryimage"},"image":{"@id":"https:\/\/www.lraloeverashop.eu\/de\/produkt\/trinkgel-gel-sivera-2er-set-limitiertes-angebot\/#primaryimage"},"thumbnailUrl":"https:\/\/www.lraloeverashop.eu\/wp-content\/uploads\/2023\/11\/Drinking-gel-sivera-2-er-set-limited.jpg","datePublished":"2023-11-01T05:28:15+00:00","dateModified":"2026-02-03T17:21:35+00:00","description":"Trinkgel Sivera 2er Set mit Brennnesselextrakt f\u00fcr einen hohen Gehalt an nat\u00fcrlichem Silizium. Limitiertes Angebot. Mit 90% Aloe Vera Gel und 7% Honig","breadcrumb":{"@id":"https:\/\/www.lraloeverashop.eu\/de\/produkt\/trinkgel-gel-sivera-2er-set-limitiertes-angebot\/#breadcrumb"},"inLanguage":"de","potentialAction":[{"@type":"ReadAction","target":["https:\/\/www.lraloeverashop.eu\/de\/produkt\/trinkgel-gel-sivera-2er-set-limitiertes-angebot\/"]}]},{"@type":"ImageObject","inLanguage":"de","@id":"https:\/\/www.lraloeverashop.eu\/de\/produkt\/trinkgel-gel-sivera-2er-set-limitiertes-angebot\/#primaryimage","url":"https:\/\/www.lraloeverashop.eu\/wp-content\/uploads\/2023\/11\/Drinking-gel-sivera-2-er-set-limited.jpg","contentUrl":"https:\/\/www.lraloeverashop.eu\/wp-content\/uploads\/2023\/11\/Drinking-gel-sivera-2-er-set-limited.jpg","width":1200,"height":1200,"caption":"Drinking gel sivera 2 er set limited"},{"@type":"BreadcrumbList","@id":"https:\/\/www.lraloeverashop.eu\/de\/produkt\/trinkgel-gel-sivera-2er-set-limitiertes-angebot\/#breadcrumb","itemListElement":[{"@type":"ListItem","position":1,"name":"Home","item":"https:\/\/www.lraloeverashop.eu\/de\/"},{"@type":"ListItem","position":2,"name":"Shop","item":"https:\/\/www.lraloeverashop.eu\/de\/shop-2\/"},{"@type":"ListItem","position":3,"name":"Trinkgel Gel Sivera 2er Set Limitiertes Angebot"}]},{"@type":"WebSite","@id":"https:\/\/www.lraloeverashop.eu\/de\/#website","url":"https:\/\/www.lraloeverashop.eu\/de\/","name":"Lr Aloe Vera Shop","description":"High Quality Lr Aloe Vera Gel, Aloe Vera Cream and Shampoo","publisher":{"@id":"https:\/\/www.lraloeverashop.eu\/de\/#organization"},"potentialAction":[{"@type":"SearchAction","target":{"@type":"EntryPoint","urlTemplate":"https:\/\/www.lraloeverashop.eu\/de\/?s={search_term_string}"},"query-input":{"@type":"PropertyValueSpecification","valueRequired":true,"valueName":"search_term_string"}}],"inLanguage":"de"},{"@type":"Organization","@id":"https:\/\/www.lraloeverashop.eu\/de\/#organization","name":"Lr Aloe Vera Shop","alternateName":"LR","url":"https:\/\/www.lraloeverashop.eu\/de\/","logo":{"@type":"ImageObject","inLanguage":"de","@id":"https:\/\/www.lraloeverashop.eu\/de\/#\/schema\/logo\/image\/","url":"https:\/\/www.lraloeverashop.eu\/wp-content\/uploads\/2022\/09\/cropped-Lr-Aloe-Vera-Shop.jpg","contentUrl":"https:\/\/www.lraloeverashop.eu\/wp-content\/uploads\/2022\/09\/cropped-Lr-Aloe-Vera-Shop.jpg","width":228,"height":76,"caption":"Lr Aloe Vera Shop"},"image":{"@id":"https:\/\/www.lraloeverashop.eu\/de\/#\/schema\/logo\/image\/"},"sameAs":["https:\/\/www.facebook.com\/lraloeverashop.eu","https:\/\/x.com\/natur__kosmetik","https:\/\/www.youtube.com\/channel\/UC5oN7BJ8nfYb8RpVtjwDEBA","https:\/\/www.instagram.com\/lrbeautyeu\/"],"description":"LR Aloe Vera Shop ist Ihre vertrauensw\u00fcrdige Adresse f\u00fcr hochwertige LR Health & Beauty Produkte aus Deutschland. Wir bieten Ihnen erstklassige Aloe Vera Hautpflege, N\u00e4hrstoffe und Anti-Aging-Produkte mit reinen Inhaltsstoffen, die auf wissenschaftlichen Erkenntnissen basieren. Entdecken Sie nat\u00fcrliche Pflege, die Ihre Haut regeneriert, sch\u00fctzt und revitalisiert \u2013 und profitieren Sie von exklusiven Monatsangeboten auf unsere Bestseller von LR Aloe Vera. Starten Sie noch heute Ihre Reise zu nat\u00fcrlicher Hautpflege und sp\u00fcren Sie den Unterschied.","email":"info@lraloeverashop.eu","telephone":"+49 17670609653","legalName":"Lr Aloe Vera Shop","foundingDate":"2018-04-21","numberOfEmployees":{"@type":"QuantitativeValue","minValue":"1","maxValue":"10"}}]},"product_price_amount":"86.99","product_price_currency":"EUR","og_availability":"instock","product_availability":"instock","product_retailer_item_id":"80802-781DE","product_condition":"new"},"taxonomy_info":{"product_cat":[{"value":292,"label":"Aloe Vera Trinkgele"},{"value":352,"label":"Angebote"},{"value":399,"label":"Basis"},{"value":435,"label":"Darm &amp; Verdauung"},{"value":423,"label":"Herz &amp; Kreislauf"},{"value":462,"label":"Sparen im set"},{"value":465,"label":"Spezialisten"}],"product_tag":[{"value":592,"label":"Detox-Getr\u00e4nke"}]},"featured_image_src_large":["https:\/\/www.lraloeverashop.eu\/wp-content\/uploads\/2023\/11\/Drinking-gel-sivera-2-er-set-limited-1024x1024.jpg",1024,1024,true],"author_info":[],"comment_info":0,"_links":{"self":[{"href":"https:\/\/www.lraloeverashop.eu\/de\/wp-json\/wp\/v2\/product\/13712","targetHints":{"allow":["GET"]}}],"collection":[{"href":"https:\/\/www.lraloeverashop.eu\/de\/wp-json\/wp\/v2\/product"}],"about":[{"href":"https:\/\/www.lraloeverashop.eu\/de\/wp-json\/wp\/v2\/types\/product"}],"replies":[{"embeddable":true,"href":"https:\/\/www.lraloeverashop.eu\/de\/wp-json\/wp\/v2\/comments?post=13712"}],"wp:featuredmedia":[{"embeddable":true,"href":"https:\/\/www.lraloeverashop.eu\/de\/wp-json\/wp\/v2\/media\/13725"}],"wp:attachment":[{"href":"https:\/\/www.lraloeverashop.eu\/de\/wp-json\/wp\/v2\/media?parent=13712"}],"wp:term":[{"taxonomy":"product_brand","embeddable":true,"href":"https:\/\/www.lraloeverashop.eu\/de\/wp-json\/wp\/v2\/product_brand?post=13712"},{"taxonomy":"product_cat","embeddable":true,"href":"https:\/\/www.lraloeverashop.eu\/de\/wp-json\/wp\/v2\/product_cat?post=13712"},{"taxonomy":"product_tag","embeddable":true,"href":"https:\/\/www.lraloeverashop.eu\/de\/wp-json\/wp\/v2\/product_tag?post=13712"}],"curies":[{"name":"wp","href":"https:\/\/api.w.org\/{rel}","templated":true}]}}