{"id":11936,"date":"2023-04-02T17:59:18","date_gmt":"2023-04-02T15:59:18","guid":{"rendered":"https:\/\/www.lraloeverashop.eu\/?post_type=product&#038;p=11936"},"modified":"2026-04-19T09:51:49","modified_gmt":"2026-04-19T07:51:49","slug":"gruner-krautertee-figuactive","status":"publish","type":"product","link":"https:\/\/www.lraloeverashop.eu\/de\/produkt\/gruner-krautertee-figuactive\/","title":{"rendered":"Gr\u00fcner Kr\u00e4utertee Figuactive"},"content":{"rendered":"<h2><span style=\"font-size: 16pt;\"><strong>Gr\u00fcner Kr\u00e4utertee Figuactive<\/strong><\/span><\/h2>\n<p><span style=\"font-size: 14pt;\"><strong>Gr\u00fcner Kr\u00e4utertee Figuactive hilft, Fette und Fl\u00fcssigkeitsansammlungen zu beseitigen<\/strong><\/span><\/p>\n<p>W\u00e4hrend des Tages, viel trinken ist besonders wichtig. Gr\u00fcner tee Figuactive ist der ideale Begleiter, denn durch seinen <a href=\"https:\/\/www.lraloeverashop.eu\/de\/produkt\/kraeuter-fasten-tee\/\">leckeren Geschmack<\/a> f\u00e4llt es Ihnen ganz leicht, \u00fcber den Tag verteilt gen\u00fcgend Fl\u00fcssigkeit zuzuf\u00fchren. Zudem kann reichliches Trinken den Stoffwechsel anregen und Sie auf diese Weise tatkr\u00e4ftig unterst\u00fctzen.<\/p>\n<p>Auch w\u00e4hrend einer Di\u00e4t ist es sehr wichtig, ausreichend zu trinken. Der Gr\u00fcner Kr\u00e4utertee Figuactive unterst\u00fctzt Sie auch in dieser Phase in vollen Z\u00fcgen.<\/p>\n<p>&nbsp;<\/p>\n<h3><span style=\"font-size: 16pt;\"><strong>Verzehrempfehlung<\/strong><\/span><\/h3>\n<p>1-2 geh\u00e4ufte Teel\u00f6ffel der Gr\u00fcner Kr\u00e4utertee in einer gro\u00dfen Tasse mit kochendem Wasser (ca. 200 ml) br\u00fchen, 5-7 Min. Abdecken lassen und abseihen. Trinken Sie 3-4 Tassen t\u00e4glich.<\/p>\n<p>So k\u00f6nnen Sie die empfohlenen 1,5 Liter Fl\u00fcssigkeit einnehmen: Feiern Sie! Warum g\u00f6nnst du dir nicht eine neue Tasse, die du genie\u00dft? Es ist am besten, eine ganze Kanne <a href=\"https:\/\/www.lraloeverashop.eu\/de\/kann-der-kraeuter-tee-zum-abnehmen-beim-abnehmen-helfen\/\">Tee<\/a> zu machen und auf die Brauzeit zu achten. Es kann anders schmecken.<\/p>\n<p>Stellen Sie sicher, dass Sie einen gesunden Lebensstil haben.<\/p>\n<p>&nbsp;<\/p>\n<h4><span style=\"font-size: 16pt;\"><strong>Wussten Sie schon?<\/strong><\/span><\/h4>\n<p>Die Deutsche Gesellschaft f\u00fcr Ern\u00e4hrung empfiehlt t\u00e4glich etwa 1,5 Liter Wasser oder unges\u00fc\u00dfte Gr\u00fcner Kr\u00e4utertee zu trinken. Abh\u00e4ngig von der Au\u00dfentemperatur und den Aktivit\u00e4ten und vor allem bei einer <a href=\"https:\/\/www.lraloeverashop.eu\/de\/produkt\/body-mission-28-tage-diaet\/\">Di\u00e4t<\/a> sollte man etwas mehr trinken.<\/p>\n","protected":false},"excerpt":{"rendered":"<ul>\n<li><strong><span style=\"color: #ff0000;\">Limitiertes Angebot<\/span><\/strong><\/li>\n<li>Wohltuender Tee<\/li>\n<li>Ideal f\u00fcr den t\u00e4glichen Gebrauch oder w\u00e4hrend einer Di\u00e4t<\/li>\n<li>Spezielle Mischung aus verschiedenen Kr\u00e4utern, Matebl\u00e4ttern und Lapachorinde<\/li>\n<li>Hergestellt in Deutschland<\/li>\n<li>Menge: 2 x 250 g<\/li>\n<\/ul>\n<p><span style=\"color: #ff0000;\"><a style=\"color: #ff0000;\" href=\"https:\/\/shop.lrworld.com\/openpao?PHP=0vFlt7jT938BEnBI3a6e9w%3D%3D\"><span style=\"font-size: 14pt;\"><strong>Hier registrieren und dauerhaft 35\u202f% sparen<\/strong><\/span><\/a><\/span><\/p>\n","protected":false},"featured_media":11869,"comment_status":"open","ping_status":"closed","template":"","meta":{"_kad_blocks_custom_css":"","_kad_blocks_head_custom_js":"","_kad_blocks_body_custom_js":"","_kad_blocks_footer_custom_js":"","_kadence_starter_templates_imported_post":false,"_kad_post_transparent":"default","_kad_post_title":"","_kad_post_layout":"default","_kad_post_sidebar_id":"","_kad_post_content_style":"default","_kad_post_vertical_padding":"default","_kad_post_feature":"","_kad_post_feature_position":"","_kad_post_header":false,"_kad_post_footer":false,"_kad_post_classname":""},"product_brand":[],"product_cat":[352,435,340,334,465],"product_tag":[593],"class_list":{"0":"post-11936","1":"product","2":"type-product","3":"status-publish","4":"has-post-thumbnail","6":"product_cat-angebote","7":"product_cat-darm-verdauung","8":"product_cat-diat-begleiter","9":"product_cat-body-mission","10":"product_cat-spezial-ernahrung","11":"product_tag-diaet","13":"first","14":"outofstock","15":"sale","16":"taxable","17":"shipping-taxable","18":"purchasable","19":"product-type-simple","20":"entry","21":"content-bg","22":"loop-entry"},"yoast_head":"<!-- This site is optimized with the Yoast SEO Premium plugin v27.6 (Yoast SEO v27.6) - https:\/\/yoast.com\/product\/yoast-seo-premium-wordpress\/ -->\n<title>Gr\u00fcner Kr\u00e4utertee Figuactive hilft Fette zu beseitigen<\/title>\n<meta name=\"description\" content=\"Gr\u00fcner Kr\u00e4utertee Figuactive mit Matebl\u00e4ttern, Lapachorinde, Brennnesselbl\u00e4ttern, Zitronengras und S\u00fc\u00dfholz macht den Tee zu einem effektiven Abnehmprodukt.\" \/>\n<meta name=\"robots\" content=\"index, follow, max-snippet:-1, max-image-preview:large, max-video-preview:-1\" \/>\n<link rel=\"canonical\" href=\"https:\/\/www.lraloeverashop.eu\/de\/produkt\/gruner-krautertee-figuactive\/\" \/>\n<meta property=\"og:locale\" content=\"de_DE\" \/>\n<meta property=\"og:type\" content=\"article\" \/>\n<meta property=\"og:title\" content=\"Gr\u00fcner Kr\u00e4utertee Figuactive\" \/>\n<meta property=\"og:description\" content=\"Gr\u00fcner Kr\u00e4utertee Figuactive mit Matebl\u00e4ttern, Lapachorinde, Brennnesselbl\u00e4ttern, Zitronengras und S\u00fc\u00dfholz macht den Tee zu einem effektiven Abnehmprodukt.\" \/>\n<meta property=\"og:url\" content=\"https:\/\/www.lraloeverashop.eu\/de\/produkt\/gruner-krautertee-figuactive\/\" \/>\n<meta property=\"og:site_name\" content=\"Lr Aloe Vera Shop\" \/>\n<meta property=\"article:publisher\" content=\"https:\/\/www.facebook.com\/lraloeverashop.eu\" \/>\n<meta property=\"article:modified_time\" content=\"2026-04-19T07:51:49+00:00\" \/>\n<meta property=\"og:image\" content=\"https:\/\/www.lraloeverashop.eu\/wp-content\/uploads\/2023\/04\/Weigh-Loss-Tea-Set.jpg\" \/>\n\t<meta property=\"og:image:width\" content=\"1200\" \/>\n\t<meta property=\"og:image:height\" content=\"1200\" \/>\n\t<meta property=\"og:image:type\" content=\"image\/jpeg\" \/>\n<meta name=\"twitter:card\" content=\"summary_large_image\" \/>\n<meta name=\"twitter:site\" content=\"@natur__kosmetik\" \/>\n<script type=\"application\/ld+json\" class=\"yoast-schema-graph\">{\"@context\":\"https:\\\/\\\/schema.org\",\"@graph\":[{\"@type\":[\"WebPage\",\"ItemPage\"],\"@id\":\"https:\\\/\\\/www.lraloeverashop.eu\\\/de\\\/produkt\\\/gruner-krautertee-figuactive\\\/\",\"url\":\"https:\\\/\\\/www.lraloeverashop.eu\\\/de\\\/produkt\\\/gruner-krautertee-figuactive\\\/\",\"name\":\"Gr\u00fcner Kr\u00e4utertee Figuactive hilft Fette zu beseitigen\",\"isPartOf\":{\"@id\":\"https:\\\/\\\/www.lraloeverashop.eu\\\/de\\\/#website\"},\"primaryImageOfPage\":{\"@id\":\"https:\\\/\\\/www.lraloeverashop.eu\\\/de\\\/produkt\\\/gruner-krautertee-figuactive\\\/#primaryimage\"},\"image\":{\"@id\":\"https:\\\/\\\/www.lraloeverashop.eu\\\/de\\\/produkt\\\/gruner-krautertee-figuactive\\\/#primaryimage\"},\"thumbnailUrl\":\"https:\\\/\\\/www.lraloeverashop.eu\\\/wp-content\\\/uploads\\\/2023\\\/04\\\/Weigh-Loss-Tea-Set.jpg\",\"datePublished\":\"2023-04-02T15:59:18+00:00\",\"dateModified\":\"2026-04-19T07:51:49+00:00\",\"description\":\"Gr\u00fcner Kr\u00e4utertee Figuactive mit Matebl\u00e4ttern, Lapachorinde, Brennnesselbl\u00e4ttern, Zitronengras und S\u00fc\u00dfholz macht den Tee zu einem effektiven Abnehmprodukt.\",\"breadcrumb\":{\"@id\":\"https:\\\/\\\/www.lraloeverashop.eu\\\/de\\\/produkt\\\/gruner-krautertee-figuactive\\\/#breadcrumb\"},\"inLanguage\":\"de\",\"potentialAction\":[{\"@type\":\"ReadAction\",\"target\":[\"https:\\\/\\\/www.lraloeverashop.eu\\\/de\\\/produkt\\\/gruner-krautertee-figuactive\\\/\"]}]},{\"@type\":\"ImageObject\",\"inLanguage\":\"de\",\"@id\":\"https:\\\/\\\/www.lraloeverashop.eu\\\/de\\\/produkt\\\/gruner-krautertee-figuactive\\\/#primaryimage\",\"url\":\"https:\\\/\\\/www.lraloeverashop.eu\\\/wp-content\\\/uploads\\\/2023\\\/04\\\/Weigh-Loss-Tea-Set.jpg\",\"contentUrl\":\"https:\\\/\\\/www.lraloeverashop.eu\\\/wp-content\\\/uploads\\\/2023\\\/04\\\/Weigh-Loss-Tea-Set.jpg\",\"width\":1200,\"height\":1200,\"caption\":\"Bio Kr\u00e4utertee Lr Lifetakt mit hochwertige Kr\u00e4utermischung\"},{\"@type\":\"BreadcrumbList\",\"@id\":\"https:\\\/\\\/www.lraloeverashop.eu\\\/de\\\/produkt\\\/gruner-krautertee-figuactive\\\/#breadcrumb\",\"itemListElement\":[{\"@type\":\"ListItem\",\"position\":1,\"name\":\"Home\",\"item\":\"https:\\\/\\\/www.lraloeverashop.eu\\\/de\\\/\"},{\"@type\":\"ListItem\",\"position\":2,\"name\":\"Shop\",\"item\":\"https:\\\/\\\/www.lraloeverashop.eu\\\/de\\\/shop-2\\\/\"},{\"@type\":\"ListItem\",\"position\":3,\"name\":\"Gr\u00fcner Kr\u00e4utertee Figuactive\"}]},{\"@type\":\"WebSite\",\"@id\":\"https:\\\/\\\/www.lraloeverashop.eu\\\/de\\\/#website\",\"url\":\"https:\\\/\\\/www.lraloeverashop.eu\\\/de\\\/\",\"name\":\"Lr Aloe Vera Shop\",\"description\":\"High Quality Lr Aloe Vera Gel, Aloe Vera Cream and Shampoo\",\"publisher\":{\"@id\":\"https:\\\/\\\/www.lraloeverashop.eu\\\/de\\\/#organization\"},\"alternateName\":\"LR\",\"potentialAction\":[{\"@type\":\"SearchAction\",\"target\":{\"@type\":\"EntryPoint\",\"urlTemplate\":\"https:\\\/\\\/www.lraloeverashop.eu\\\/de\\\/?s={search_term_string}\"},\"query-input\":{\"@type\":\"PropertyValueSpecification\",\"valueRequired\":true,\"valueName\":\"search_term_string\"}}],\"inLanguage\":\"de\"},{\"@type\":\"Organization\",\"@id\":\"https:\\\/\\\/www.lraloeverashop.eu\\\/de\\\/#organization\",\"name\":\"Lr Aloe Vera Shop\",\"alternateName\":\"LR\",\"url\":\"https:\\\/\\\/www.lraloeverashop.eu\\\/de\\\/\",\"logo\":{\"@type\":\"ImageObject\",\"inLanguage\":\"de\",\"@id\":\"https:\\\/\\\/www.lraloeverashop.eu\\\/de\\\/#\\\/schema\\\/logo\\\/image\\\/\",\"url\":\"https:\\\/\\\/www.lraloeverashop.eu\\\/wp-content\\\/uploads\\\/2022\\\/09\\\/cropped-Lr-Aloe-Vera-Shop.jpg\",\"contentUrl\":\"https:\\\/\\\/www.lraloeverashop.eu\\\/wp-content\\\/uploads\\\/2022\\\/09\\\/cropped-Lr-Aloe-Vera-Shop.jpg\",\"width\":228,\"height\":76,\"caption\":\"Lr Aloe Vera Shop\"},\"image\":{\"@id\":\"https:\\\/\\\/www.lraloeverashop.eu\\\/de\\\/#\\\/schema\\\/logo\\\/image\\\/\"},\"sameAs\":[\"https:\\\/\\\/www.facebook.com\\\/lraloeverashop.eu\",\"https:\\\/\\\/x.com\\\/natur__kosmetik\",\"https:\\\/\\\/www.youtube.com\\\/channel\\\/UC5oN7BJ8nfYb8RpVtjwDEBA\",\"https:\\\/\\\/www.instagram.com\\\/lrbeautyeu\\\/\"],\"description\":\"LR Aloe Vera Shop ist Ihre vertrauensw\u00fcrdige Adresse f\u00fcr hochwertige LR Health & Beauty Produkte aus Deutschland. Wir bieten Ihnen erstklassige Aloe Vera Hautpflege, N\u00e4hrstoffe und Anti-Aging-Produkte mit reinen Inhaltsstoffen, die auf wissenschaftlichen Erkenntnissen basieren. Entdecken Sie nat\u00fcrliche Pflege, die Ihre Haut regeneriert, sch\u00fctzt und revitalisiert \u2013 und profitieren Sie von exklusiven Monatsangeboten auf unsere Bestseller von LR Aloe Vera. Starten Sie noch heute Ihre Reise zu nat\u00fcrlicher Hautpflege und sp\u00fcren Sie den Unterschied.\",\"email\":\"info@lraloeverashop.eu\",\"telephone\":\"+49 17670609653\",\"legalName\":\"Lr Aloe Vera Shop\",\"foundingDate\":\"2018-04-21\",\"numberOfEmployees\":{\"@type\":\"QuantitativeValue\",\"minValue\":\"1\",\"maxValue\":\"10\"}}]}<\/script>\n<meta property=\"product:price:amount\" content=\"38.99\" \/>\n<meta property=\"product:price:currency\" content=\"EUR\" \/>\n<meta property=\"og:availability\" content=\"out of stock\" \/>\n<meta property=\"product:availability\" content=\"out of stock\" \/>\n<meta property=\"product:retailer_item_id\" content=\"80399-1DE\" \/>\n<meta property=\"product:condition\" content=\"new\" \/>\n<!-- \/ Yoast SEO Premium plugin. -->","yoast_head_json":{"title":"Gr\u00fcner Kr\u00e4utertee Figuactive hilft Fette zu beseitigen","description":"Gr\u00fcner Kr\u00e4utertee Figuactive mit Matebl\u00e4ttern, Lapachorinde, Brennnesselbl\u00e4ttern, Zitronengras und S\u00fc\u00dfholz macht den Tee zu einem effektiven Abnehmprodukt.","robots":{"index":"index","follow":"follow","max-snippet":"max-snippet:-1","max-image-preview":"max-image-preview:large","max-video-preview":"max-video-preview:-1"},"canonical":"https:\/\/www.lraloeverashop.eu\/de\/produkt\/gruner-krautertee-figuactive\/","og_locale":"de_DE","og_type":"article","og_title":"Gr\u00fcner Kr\u00e4utertee Figuactive","og_description":"Gr\u00fcner Kr\u00e4utertee Figuactive mit Matebl\u00e4ttern, Lapachorinde, Brennnesselbl\u00e4ttern, Zitronengras und S\u00fc\u00dfholz macht den Tee zu einem effektiven Abnehmprodukt.","og_url":"https:\/\/www.lraloeverashop.eu\/de\/produkt\/gruner-krautertee-figuactive\/","og_site_name":"Lr Aloe Vera Shop","article_publisher":"https:\/\/www.facebook.com\/lraloeverashop.eu","article_modified_time":"2026-04-19T07:51:49+00:00","og_image":[{"width":1200,"height":1200,"url":"https:\/\/www.lraloeverashop.eu\/wp-content\/uploads\/2023\/04\/Weigh-Loss-Tea-Set.jpg","type":"image\/jpeg"}],"twitter_card":"summary_large_image","twitter_site":"@natur__kosmetik","schema":{"@context":"https:\/\/schema.org","@graph":[{"@type":["WebPage","ItemPage"],"@id":"https:\/\/www.lraloeverashop.eu\/de\/produkt\/gruner-krautertee-figuactive\/","url":"https:\/\/www.lraloeverashop.eu\/de\/produkt\/gruner-krautertee-figuactive\/","name":"Gr\u00fcner Kr\u00e4utertee Figuactive hilft Fette zu beseitigen","isPartOf":{"@id":"https:\/\/www.lraloeverashop.eu\/de\/#website"},"primaryImageOfPage":{"@id":"https:\/\/www.lraloeverashop.eu\/de\/produkt\/gruner-krautertee-figuactive\/#primaryimage"},"image":{"@id":"https:\/\/www.lraloeverashop.eu\/de\/produkt\/gruner-krautertee-figuactive\/#primaryimage"},"thumbnailUrl":"https:\/\/www.lraloeverashop.eu\/wp-content\/uploads\/2023\/04\/Weigh-Loss-Tea-Set.jpg","datePublished":"2023-04-02T15:59:18+00:00","dateModified":"2026-04-19T07:51:49+00:00","description":"Gr\u00fcner Kr\u00e4utertee Figuactive mit Matebl\u00e4ttern, Lapachorinde, Brennnesselbl\u00e4ttern, Zitronengras und S\u00fc\u00dfholz macht den Tee zu einem effektiven Abnehmprodukt.","breadcrumb":{"@id":"https:\/\/www.lraloeverashop.eu\/de\/produkt\/gruner-krautertee-figuactive\/#breadcrumb"},"inLanguage":"de","potentialAction":[{"@type":"ReadAction","target":["https:\/\/www.lraloeverashop.eu\/de\/produkt\/gruner-krautertee-figuactive\/"]}]},{"@type":"ImageObject","inLanguage":"de","@id":"https:\/\/www.lraloeverashop.eu\/de\/produkt\/gruner-krautertee-figuactive\/#primaryimage","url":"https:\/\/www.lraloeverashop.eu\/wp-content\/uploads\/2023\/04\/Weigh-Loss-Tea-Set.jpg","contentUrl":"https:\/\/www.lraloeverashop.eu\/wp-content\/uploads\/2023\/04\/Weigh-Loss-Tea-Set.jpg","width":1200,"height":1200,"caption":"Bio Kr\u00e4utertee Lr Lifetakt mit hochwertige Kr\u00e4utermischung"},{"@type":"BreadcrumbList","@id":"https:\/\/www.lraloeverashop.eu\/de\/produkt\/gruner-krautertee-figuactive\/#breadcrumb","itemListElement":[{"@type":"ListItem","position":1,"name":"Home","item":"https:\/\/www.lraloeverashop.eu\/de\/"},{"@type":"ListItem","position":2,"name":"Shop","item":"https:\/\/www.lraloeverashop.eu\/de\/shop-2\/"},{"@type":"ListItem","position":3,"name":"Gr\u00fcner Kr\u00e4utertee Figuactive"}]},{"@type":"WebSite","@id":"https:\/\/www.lraloeverashop.eu\/de\/#website","url":"https:\/\/www.lraloeverashop.eu\/de\/","name":"Lr Aloe Vera Shop","description":"High Quality Lr Aloe Vera Gel, Aloe Vera Cream and Shampoo","publisher":{"@id":"https:\/\/www.lraloeverashop.eu\/de\/#organization"},"alternateName":"LR","potentialAction":[{"@type":"SearchAction","target":{"@type":"EntryPoint","urlTemplate":"https:\/\/www.lraloeverashop.eu\/de\/?s={search_term_string}"},"query-input":{"@type":"PropertyValueSpecification","valueRequired":true,"valueName":"search_term_string"}}],"inLanguage":"de"},{"@type":"Organization","@id":"https:\/\/www.lraloeverashop.eu\/de\/#organization","name":"Lr Aloe Vera Shop","alternateName":"LR","url":"https:\/\/www.lraloeverashop.eu\/de\/","logo":{"@type":"ImageObject","inLanguage":"de","@id":"https:\/\/www.lraloeverashop.eu\/de\/#\/schema\/logo\/image\/","url":"https:\/\/www.lraloeverashop.eu\/wp-content\/uploads\/2022\/09\/cropped-Lr-Aloe-Vera-Shop.jpg","contentUrl":"https:\/\/www.lraloeverashop.eu\/wp-content\/uploads\/2022\/09\/cropped-Lr-Aloe-Vera-Shop.jpg","width":228,"height":76,"caption":"Lr Aloe Vera Shop"},"image":{"@id":"https:\/\/www.lraloeverashop.eu\/de\/#\/schema\/logo\/image\/"},"sameAs":["https:\/\/www.facebook.com\/lraloeverashop.eu","https:\/\/x.com\/natur__kosmetik","https:\/\/www.youtube.com\/channel\/UC5oN7BJ8nfYb8RpVtjwDEBA","https:\/\/www.instagram.com\/lrbeautyeu\/"],"description":"LR Aloe Vera Shop ist Ihre vertrauensw\u00fcrdige Adresse f\u00fcr hochwertige LR Health & Beauty Produkte aus Deutschland. Wir bieten Ihnen erstklassige Aloe Vera Hautpflege, N\u00e4hrstoffe und Anti-Aging-Produkte mit reinen Inhaltsstoffen, die auf wissenschaftlichen Erkenntnissen basieren. Entdecken Sie nat\u00fcrliche Pflege, die Ihre Haut regeneriert, sch\u00fctzt und revitalisiert \u2013 und profitieren Sie von exklusiven Monatsangeboten auf unsere Bestseller von LR Aloe Vera. Starten Sie noch heute Ihre Reise zu nat\u00fcrlicher Hautpflege und sp\u00fcren Sie den Unterschied.","email":"info@lraloeverashop.eu","telephone":"+49 17670609653","legalName":"Lr Aloe Vera Shop","foundingDate":"2018-04-21","numberOfEmployees":{"@type":"QuantitativeValue","minValue":"1","maxValue":"10"}}]},"product_price_amount":"38.99","product_price_currency":"EUR","og_availability":"out of stock","product_availability":"out of stock","product_retailer_item_id":"80399-1DE","product_condition":"new"},"taxonomy_info":{"product_cat":[{"value":352,"label":"Angebote"},{"value":435,"label":"Darm &amp; Verdauung"},{"value":340,"label":"Di\u00e4t Begleiter"},{"value":334,"label":"Mahlzeitenersatz"},{"value":465,"label":"Spezialisten"}],"product_tag":[{"value":593,"label":"Di\u00e4t"}]},"featured_image_src_large":["https:\/\/www.lraloeverashop.eu\/wp-content\/uploads\/2023\/04\/Weigh-Loss-Tea-Set-1024x1024.jpg",1024,1024,true],"author_info":[],"comment_info":0,"_links":{"self":[{"href":"https:\/\/www.lraloeverashop.eu\/de\/wp-json\/wp\/v2\/product\/11936","targetHints":{"allow":["GET"]}}],"collection":[{"href":"https:\/\/www.lraloeverashop.eu\/de\/wp-json\/wp\/v2\/product"}],"about":[{"href":"https:\/\/www.lraloeverashop.eu\/de\/wp-json\/wp\/v2\/types\/product"}],"replies":[{"embeddable":true,"href":"https:\/\/www.lraloeverashop.eu\/de\/wp-json\/wp\/v2\/comments?post=11936"}],"wp:featuredmedia":[{"embeddable":true,"href":"https:\/\/www.lraloeverashop.eu\/de\/wp-json\/wp\/v2\/media\/11869"}],"wp:attachment":[{"href":"https:\/\/www.lraloeverashop.eu\/de\/wp-json\/wp\/v2\/media?parent=11936"}],"wp:term":[{"taxonomy":"product_brand","embeddable":true,"href":"https:\/\/www.lraloeverashop.eu\/de\/wp-json\/wp\/v2\/product_brand?post=11936"},{"taxonomy":"product_cat","embeddable":true,"href":"https:\/\/www.lraloeverashop.eu\/de\/wp-json\/wp\/v2\/product_cat?post=11936"},{"taxonomy":"product_tag","embeddable":true,"href":"https:\/\/www.lraloeverashop.eu\/de\/wp-json\/wp\/v2\/product_tag?post=11936"}],"curies":[{"name":"wp","href":"https:\/\/api.w.org\/{rel}","templated":true}]}}