{"id":11877,"date":"2023-04-01T20:19:17","date_gmt":"2023-04-01T18:19:17","guid":{"rendered":"https:\/\/www.lraloeverashop.eu\/?post_type=product&#038;p=11877"},"modified":"2026-02-03T18:22:51","modified_gmt":"2026-02-03T17:22:51","slug":"zahnpasta-mit-fluor-aloe-vera","status":"publish","type":"product","link":"https:\/\/www.lraloeverashop.eu\/de\/produkt\/zahnpasta-mit-fluor-aloe-vera\/","title":{"rendered":"Zahnpasta mit Fluor Aloe Vera"},"content":{"rendered":"<h2><span style=\"font-size: 16pt;\"><strong>Zahnpasta Mit Fluor Aloe Vera<\/strong><\/span><\/h2>\n<p><span style=\"font-size: 14pt;\"><strong>Zahnpasta Mit Fluor Aloe Vera F\u00fcr eine effektive Reinigung empfindlicher Z\u00e4hne.<\/strong><\/span><\/p>\n<p>Die Zahnpasta mit Aloe Vera sch\u00fctzt das Zahnfleisch und schenkt frischen Atem! Mit 40 % Aloe Vera Gel und Mineralkomplex reinigt es die Z\u00e4hne gr\u00fcndlich und gleichzeitig besonders schonend. Dadurch ist es ideal f\u00fcr empfindliche Z\u00e4hne. Es beseitigt <a href=\"https:\/\/www.lraloeverashop.eu\/de\/produkt\/zahnpasta-ohne-fluor-aloe-vera\/\">Zahnbelag<\/a> und ist sanft zu Z\u00e4hnen und Zahnfleisch. Es ist die beste Zahnpasta mit Fluor f\u00fcr Zahnfleischerkrankungen.<\/p>\n<p>Die Kombination aus milden Reinigungssystemen und Calciumcarbonat unterst\u00fctzt die Remineralisierung der Z\u00e4hne beim Putzen.<\/p>\n<p>Mundpflege auf Mineralstoffbasis zur gr\u00fcndlichen und schonenden Reinigung von <a href=\"https:\/\/www.lraloeverashop.eu\/de\/produkt\/aloe-vera-schuetzende-zahnpasta\/\">Zahnfleisch<\/a> und Z\u00e4hnen. Sch\u00fctzt den Zahnschmelz und beruhigt empfindliches Zahnfleisch und empfindliche Z\u00e4hne. Sorgt au\u00dferdem f\u00fcr frischen Atem.<\/p>\n<p>&nbsp;<\/p>\n<h3><span style=\"font-size: 16pt;\"><strong>Anwendung<\/strong><\/span><\/h3>\n<p>Es wird empfohlen, die <a href=\"https:\/\/www.lraloeverashop.eu\/de\/produkt\/aloe-vera-kids-glitzerndes-zahngel\/\">Z\u00e4hne<\/a> zwei- bis dreimal t\u00e4glich nach den Mahlzeiten zu putzen. Damit alle Ablagerungen entfernt werden k\u00f6nnen, sollte jeder Reinigungsvorgang mindestens zwei bis drei Minuten dauern.<\/p>\n<p>&nbsp;<\/p>\n<h4><span style=\"font-size: 16pt;\"><strong>Wussten Sie?<\/strong><\/span><\/h4>\n<p>Warten Sie nach dem Verzehr von s\u00e4urehaltigen Speisen oder Getr\u00e4nken wie Wein, Zitrusfr\u00fcchten, Fruchtsaft, Joghurt oder einem Salat mit Essig-\u00d6l-Dressing mindestens eine halbe Stunde, bevor Sie Ihre <a href=\"https:\/\/www.lraloeverashop.eu\/de\/produkt\/aloe-vera-extra-frische-zahngel\/\">Z\u00e4hne putzen<\/a>. Die S\u00e4ure aus der Nahrung kann Mineralien aus dem Zahnschmelz herausl\u00f6sen. Nach kurzer Zeit kann die Zahnoberfl\u00e4che mit Hilfe von Speichel remineralisiert werden.<\/p>\n","protected":false},"excerpt":{"rendered":"<ul>\n<li><strong><span style=\"color: #ff0000;\">Limitiertes Angebot<\/span><\/strong><\/li>\n<li>F\u00fcr saubere Z\u00e4hne auch f\u00fcr empfindliche Z\u00e4hne geeignet<\/li>\n<li>Besonders effektive Reinigung<\/li>\n<li>Sch\u00fctzt den Zahnschmelz<\/li>\n<li>Mit 40% Aloe Vera<\/li>\n<li>Mit Fluoride<\/li>\n<li>Menge: 2 x 100 ml<\/li>\n<\/ul>\n<p><span style=\"color: #ff0000;\"><a style=\"color: #ff0000;\" href=\"https:\/\/shop.lrworld.com\/openpao?PHP=0vFlt7jT938BEnBI3a6e9w%3D%3D\"><span style=\"font-size: 14pt;\"><strong>Hier registrieren und dauerhaft 35\u202f% sparen<\/strong><\/span><\/a><\/span><\/p>\n","protected":false},"featured_media":11855,"comment_status":"open","ping_status":"closed","template":"","meta":{"_kad_blocks_custom_css":"","_kad_blocks_head_custom_js":"","_kad_blocks_body_custom_js":"","_kad_blocks_footer_custom_js":"","_kadence_starter_templates_imported_post":false,"_kad_post_transparent":"default","_kad_post_title":"","_kad_post_layout":"default","_kad_post_sidebar_id":"","_kad_post_content_style":"default","_kad_post_vertical_padding":"default","_kad_post_feature":"","_kad_post_feature_position":"","_kad_post_header":false,"_kad_post_footer":false,"_kad_post_classname":""},"product_brand":[],"product_cat":[213,352,255],"product_tag":[540,535],"class_list":{"0":"post-11877","1":"product","2":"type-product","3":"status-publish","4":"has-post-thumbnail","6":"product_cat-aloe-vera-de","7":"product_cat-angebote","8":"product_cat-mundpflege","9":"product_tag-zahne","10":"product_tag-zahnfleisch","12":"first","13":"outofstock","14":"sale","15":"taxable","16":"shipping-taxable","17":"purchasable","18":"product-type-simple","19":"entry","20":"content-bg","21":"loop-entry"},"yoast_head":"<!-- This site is optimized with the Yoast SEO Premium plugin v27.4 (Yoast SEO v27.4) - https:\/\/yoast.com\/product\/yoast-seo-premium-wordpress\/ -->\n<title>Zahnpasta mit Fluor f\u00fcr effektive Reinigung empfindlicher Z\u00e4hne<\/title>\n<meta name=\"description\" content=\"Die Zahnpasta mit Fluor Aloe Vera sch\u00fctzt das Zahnfleisch und schenkt frischen Atem! Mit 40 % Aloe Vera und Mineralkomplex ideal f\u00fcr empfindliche Z\u00e4hne\" \/>\n<meta name=\"robots\" content=\"index, follow, max-snippet:-1, max-image-preview:large, max-video-preview:-1\" \/>\n<link rel=\"canonical\" href=\"https:\/\/www.lraloeverashop.eu\/de\/produkt\/zahnpasta-mit-fluor-aloe-vera\/\" \/>\n<meta property=\"og:locale\" content=\"de_DE\" \/>\n<meta property=\"og:type\" content=\"article\" \/>\n<meta property=\"og:title\" content=\"Zahnpasta mit Fluor Aloe Vera\" \/>\n<meta property=\"og:description\" content=\"Die Zahnpasta mit Fluor Aloe Vera sch\u00fctzt das Zahnfleisch und schenkt frischen Atem! Mit 40 % Aloe Vera und Mineralkomplex ideal f\u00fcr empfindliche Z\u00e4hne\" \/>\n<meta property=\"og:url\" content=\"https:\/\/www.lraloeverashop.eu\/de\/produkt\/zahnpasta-mit-fluor-aloe-vera\/\" \/>\n<meta property=\"og:site_name\" content=\"Lr Aloe Vera Shop\" \/>\n<meta property=\"article:publisher\" content=\"https:\/\/www.facebook.com\/lraloeverashop.eu\" \/>\n<meta property=\"article:modified_time\" content=\"2026-02-03T17:22:51+00:00\" \/>\n<meta property=\"og:image\" content=\"https:\/\/www.lraloeverashop.eu\/wp-content\/uploads\/2023\/04\/Tooth-Paste-with-fluoride-Set.jpeg\" \/>\n\t<meta property=\"og:image:width\" content=\"1200\" \/>\n\t<meta property=\"og:image:height\" content=\"1200\" \/>\n\t<meta property=\"og:image:type\" content=\"image\/jpeg\" \/>\n<meta name=\"twitter:card\" content=\"summary_large_image\" \/>\n<meta name=\"twitter:site\" content=\"@natur__kosmetik\" \/>\n<script type=\"application\/ld+json\" class=\"yoast-schema-graph\">{\"@context\":\"https:\\\/\\\/schema.org\",\"@graph\":[{\"@type\":[\"WebPage\",\"ItemPage\"],\"@id\":\"https:\\\/\\\/www.lraloeverashop.eu\\\/de\\\/produkt\\\/zahnpasta-mit-fluor-aloe-vera\\\/\",\"url\":\"https:\\\/\\\/www.lraloeverashop.eu\\\/de\\\/produkt\\\/zahnpasta-mit-fluor-aloe-vera\\\/\",\"name\":\"Zahnpasta mit Fluor f\u00fcr effektive Reinigung empfindlicher Z\u00e4hne\",\"isPartOf\":{\"@id\":\"https:\\\/\\\/www.lraloeverashop.eu\\\/de\\\/#website\"},\"primaryImageOfPage\":{\"@id\":\"https:\\\/\\\/www.lraloeverashop.eu\\\/de\\\/produkt\\\/zahnpasta-mit-fluor-aloe-vera\\\/#primaryimage\"},\"image\":{\"@id\":\"https:\\\/\\\/www.lraloeverashop.eu\\\/de\\\/produkt\\\/zahnpasta-mit-fluor-aloe-vera\\\/#primaryimage\"},\"thumbnailUrl\":\"https:\\\/\\\/www.lraloeverashop.eu\\\/wp-content\\\/uploads\\\/2023\\\/04\\\/Tooth-Paste-with-fluoride-Set.jpeg\",\"datePublished\":\"2023-04-01T18:19:17+00:00\",\"dateModified\":\"2026-02-03T17:22:51+00:00\",\"description\":\"Die Zahnpasta mit Fluor Aloe Vera sch\u00fctzt das Zahnfleisch und schenkt frischen Atem! Mit 40 % Aloe Vera und Mineralkomplex ideal f\u00fcr empfindliche Z\u00e4hne\",\"breadcrumb\":{\"@id\":\"https:\\\/\\\/www.lraloeverashop.eu\\\/de\\\/produkt\\\/zahnpasta-mit-fluor-aloe-vera\\\/#breadcrumb\"},\"inLanguage\":\"de\",\"potentialAction\":[{\"@type\":\"ReadAction\",\"target\":[\"https:\\\/\\\/www.lraloeverashop.eu\\\/de\\\/produkt\\\/zahnpasta-mit-fluor-aloe-vera\\\/\"]}]},{\"@type\":\"ImageObject\",\"inLanguage\":\"de\",\"@id\":\"https:\\\/\\\/www.lraloeverashop.eu\\\/de\\\/produkt\\\/zahnpasta-mit-fluor-aloe-vera\\\/#primaryimage\",\"url\":\"https:\\\/\\\/www.lraloeverashop.eu\\\/wp-content\\\/uploads\\\/2023\\\/04\\\/Tooth-Paste-with-fluoride-Set.jpeg\",\"contentUrl\":\"https:\\\/\\\/www.lraloeverashop.eu\\\/wp-content\\\/uploads\\\/2023\\\/04\\\/Tooth-Paste-with-fluoride-Set.jpeg\",\"width\":1200,\"height\":1200,\"caption\":\"Zahnpasta mit Fluor Aloe Vera 2er Set Sch\u00fctzt den Zahnschmelz\"},{\"@type\":\"BreadcrumbList\",\"@id\":\"https:\\\/\\\/www.lraloeverashop.eu\\\/de\\\/produkt\\\/zahnpasta-mit-fluor-aloe-vera\\\/#breadcrumb\",\"itemListElement\":[{\"@type\":\"ListItem\",\"position\":1,\"name\":\"Home\",\"item\":\"https:\\\/\\\/www.lraloeverashop.eu\\\/de\\\/\"},{\"@type\":\"ListItem\",\"position\":2,\"name\":\"Shop\",\"item\":\"https:\\\/\\\/www.lraloeverashop.eu\\\/de\\\/shop-2\\\/\"},{\"@type\":\"ListItem\",\"position\":3,\"name\":\"Zahnpasta mit Fluor Aloe Vera\"}]},{\"@type\":\"WebSite\",\"@id\":\"https:\\\/\\\/www.lraloeverashop.eu\\\/de\\\/#website\",\"url\":\"https:\\\/\\\/www.lraloeverashop.eu\\\/de\\\/\",\"name\":\"Lr Aloe Vera Shop\",\"description\":\"High Quality Lr Aloe Vera Gel, Aloe Vera Cream and Shampoo\",\"publisher\":{\"@id\":\"https:\\\/\\\/www.lraloeverashop.eu\\\/de\\\/#organization\"},\"potentialAction\":[{\"@type\":\"SearchAction\",\"target\":{\"@type\":\"EntryPoint\",\"urlTemplate\":\"https:\\\/\\\/www.lraloeverashop.eu\\\/de\\\/?s={search_term_string}\"},\"query-input\":{\"@type\":\"PropertyValueSpecification\",\"valueRequired\":true,\"valueName\":\"search_term_string\"}}],\"inLanguage\":\"de\"},{\"@type\":\"Organization\",\"@id\":\"https:\\\/\\\/www.lraloeverashop.eu\\\/de\\\/#organization\",\"name\":\"Lr Aloe Vera Shop\",\"alternateName\":\"LR\",\"url\":\"https:\\\/\\\/www.lraloeverashop.eu\\\/de\\\/\",\"logo\":{\"@type\":\"ImageObject\",\"inLanguage\":\"de\",\"@id\":\"https:\\\/\\\/www.lraloeverashop.eu\\\/de\\\/#\\\/schema\\\/logo\\\/image\\\/\",\"url\":\"https:\\\/\\\/www.lraloeverashop.eu\\\/wp-content\\\/uploads\\\/2022\\\/09\\\/cropped-Lr-Aloe-Vera-Shop.jpg\",\"contentUrl\":\"https:\\\/\\\/www.lraloeverashop.eu\\\/wp-content\\\/uploads\\\/2022\\\/09\\\/cropped-Lr-Aloe-Vera-Shop.jpg\",\"width\":228,\"height\":76,\"caption\":\"Lr Aloe Vera Shop\"},\"image\":{\"@id\":\"https:\\\/\\\/www.lraloeverashop.eu\\\/de\\\/#\\\/schema\\\/logo\\\/image\\\/\"},\"sameAs\":[\"https:\\\/\\\/www.facebook.com\\\/lraloeverashop.eu\",\"https:\\\/\\\/x.com\\\/natur__kosmetik\",\"https:\\\/\\\/www.youtube.com\\\/channel\\\/UC5oN7BJ8nfYb8RpVtjwDEBA\",\"https:\\\/\\\/www.instagram.com\\\/lrbeautyeu\\\/\"],\"description\":\"LR Aloe Vera Shop ist Ihre vertrauensw\u00fcrdige Adresse f\u00fcr hochwertige LR Health & Beauty Produkte aus Deutschland. Wir bieten Ihnen erstklassige Aloe Vera Hautpflege, N\u00e4hrstoffe und Anti-Aging-Produkte mit reinen Inhaltsstoffen, die auf wissenschaftlichen Erkenntnissen basieren. Entdecken Sie nat\u00fcrliche Pflege, die Ihre Haut regeneriert, sch\u00fctzt und revitalisiert \u2013 und profitieren Sie von exklusiven Monatsangeboten auf unsere Bestseller von LR Aloe Vera. Starten Sie noch heute Ihre Reise zu nat\u00fcrlicher Hautpflege und sp\u00fcren Sie den Unterschied.\",\"email\":\"info@lraloeverashop.eu\",\"telephone\":\"+49 17670609653\",\"legalName\":\"Lr Aloe Vera Shop\",\"foundingDate\":\"2018-04-21\",\"numberOfEmployees\":{\"@type\":\"QuantitativeValue\",\"minValue\":\"1\",\"maxValue\":\"10\"}}]}<\/script>\n<meta property=\"product:price:amount\" content=\"12.99\" \/>\n<meta property=\"product:price:currency\" content=\"EUR\" \/>\n<meta property=\"og:availability\" content=\"out of stock\" \/>\n<meta property=\"product:availability\" content=\"out of stock\" \/>\n<meta property=\"product:retailer_item_id\" content=\"20783-1DE\" \/>\n<meta property=\"product:condition\" content=\"new\" \/>\n<!-- \/ Yoast SEO Premium plugin. -->","yoast_head_json":{"title":"Zahnpasta mit Fluor f\u00fcr effektive Reinigung empfindlicher Z\u00e4hne","description":"Die Zahnpasta mit Fluor Aloe Vera sch\u00fctzt das Zahnfleisch und schenkt frischen Atem! Mit 40 % Aloe Vera und Mineralkomplex ideal f\u00fcr empfindliche Z\u00e4hne","robots":{"index":"index","follow":"follow","max-snippet":"max-snippet:-1","max-image-preview":"max-image-preview:large","max-video-preview":"max-video-preview:-1"},"canonical":"https:\/\/www.lraloeverashop.eu\/de\/produkt\/zahnpasta-mit-fluor-aloe-vera\/","og_locale":"de_DE","og_type":"article","og_title":"Zahnpasta mit Fluor Aloe Vera","og_description":"Die Zahnpasta mit Fluor Aloe Vera sch\u00fctzt das Zahnfleisch und schenkt frischen Atem! Mit 40 % Aloe Vera und Mineralkomplex ideal f\u00fcr empfindliche Z\u00e4hne","og_url":"https:\/\/www.lraloeverashop.eu\/de\/produkt\/zahnpasta-mit-fluor-aloe-vera\/","og_site_name":"Lr Aloe Vera Shop","article_publisher":"https:\/\/www.facebook.com\/lraloeverashop.eu","article_modified_time":"2026-02-03T17:22:51+00:00","og_image":[{"width":1200,"height":1200,"url":"https:\/\/www.lraloeverashop.eu\/wp-content\/uploads\/2023\/04\/Tooth-Paste-with-fluoride-Set.jpeg","type":"image\/jpeg"}],"twitter_card":"summary_large_image","twitter_site":"@natur__kosmetik","schema":{"@context":"https:\/\/schema.org","@graph":[{"@type":["WebPage","ItemPage"],"@id":"https:\/\/www.lraloeverashop.eu\/de\/produkt\/zahnpasta-mit-fluor-aloe-vera\/","url":"https:\/\/www.lraloeverashop.eu\/de\/produkt\/zahnpasta-mit-fluor-aloe-vera\/","name":"Zahnpasta mit Fluor f\u00fcr effektive Reinigung empfindlicher Z\u00e4hne","isPartOf":{"@id":"https:\/\/www.lraloeverashop.eu\/de\/#website"},"primaryImageOfPage":{"@id":"https:\/\/www.lraloeverashop.eu\/de\/produkt\/zahnpasta-mit-fluor-aloe-vera\/#primaryimage"},"image":{"@id":"https:\/\/www.lraloeverashop.eu\/de\/produkt\/zahnpasta-mit-fluor-aloe-vera\/#primaryimage"},"thumbnailUrl":"https:\/\/www.lraloeverashop.eu\/wp-content\/uploads\/2023\/04\/Tooth-Paste-with-fluoride-Set.jpeg","datePublished":"2023-04-01T18:19:17+00:00","dateModified":"2026-02-03T17:22:51+00:00","description":"Die Zahnpasta mit Fluor Aloe Vera sch\u00fctzt das Zahnfleisch und schenkt frischen Atem! Mit 40 % Aloe Vera und Mineralkomplex ideal f\u00fcr empfindliche Z\u00e4hne","breadcrumb":{"@id":"https:\/\/www.lraloeverashop.eu\/de\/produkt\/zahnpasta-mit-fluor-aloe-vera\/#breadcrumb"},"inLanguage":"de","potentialAction":[{"@type":"ReadAction","target":["https:\/\/www.lraloeverashop.eu\/de\/produkt\/zahnpasta-mit-fluor-aloe-vera\/"]}]},{"@type":"ImageObject","inLanguage":"de","@id":"https:\/\/www.lraloeverashop.eu\/de\/produkt\/zahnpasta-mit-fluor-aloe-vera\/#primaryimage","url":"https:\/\/www.lraloeverashop.eu\/wp-content\/uploads\/2023\/04\/Tooth-Paste-with-fluoride-Set.jpeg","contentUrl":"https:\/\/www.lraloeverashop.eu\/wp-content\/uploads\/2023\/04\/Tooth-Paste-with-fluoride-Set.jpeg","width":1200,"height":1200,"caption":"Zahnpasta mit Fluor Aloe Vera 2er Set Sch\u00fctzt den Zahnschmelz"},{"@type":"BreadcrumbList","@id":"https:\/\/www.lraloeverashop.eu\/de\/produkt\/zahnpasta-mit-fluor-aloe-vera\/#breadcrumb","itemListElement":[{"@type":"ListItem","position":1,"name":"Home","item":"https:\/\/www.lraloeverashop.eu\/de\/"},{"@type":"ListItem","position":2,"name":"Shop","item":"https:\/\/www.lraloeverashop.eu\/de\/shop-2\/"},{"@type":"ListItem","position":3,"name":"Zahnpasta mit Fluor Aloe Vera"}]},{"@type":"WebSite","@id":"https:\/\/www.lraloeverashop.eu\/de\/#website","url":"https:\/\/www.lraloeverashop.eu\/de\/","name":"Lr Aloe Vera Shop","description":"High Quality Lr Aloe Vera Gel, Aloe Vera Cream and Shampoo","publisher":{"@id":"https:\/\/www.lraloeverashop.eu\/de\/#organization"},"potentialAction":[{"@type":"SearchAction","target":{"@type":"EntryPoint","urlTemplate":"https:\/\/www.lraloeverashop.eu\/de\/?s={search_term_string}"},"query-input":{"@type":"PropertyValueSpecification","valueRequired":true,"valueName":"search_term_string"}}],"inLanguage":"de"},{"@type":"Organization","@id":"https:\/\/www.lraloeverashop.eu\/de\/#organization","name":"Lr Aloe Vera Shop","alternateName":"LR","url":"https:\/\/www.lraloeverashop.eu\/de\/","logo":{"@type":"ImageObject","inLanguage":"de","@id":"https:\/\/www.lraloeverashop.eu\/de\/#\/schema\/logo\/image\/","url":"https:\/\/www.lraloeverashop.eu\/wp-content\/uploads\/2022\/09\/cropped-Lr-Aloe-Vera-Shop.jpg","contentUrl":"https:\/\/www.lraloeverashop.eu\/wp-content\/uploads\/2022\/09\/cropped-Lr-Aloe-Vera-Shop.jpg","width":228,"height":76,"caption":"Lr Aloe Vera Shop"},"image":{"@id":"https:\/\/www.lraloeverashop.eu\/de\/#\/schema\/logo\/image\/"},"sameAs":["https:\/\/www.facebook.com\/lraloeverashop.eu","https:\/\/x.com\/natur__kosmetik","https:\/\/www.youtube.com\/channel\/UC5oN7BJ8nfYb8RpVtjwDEBA","https:\/\/www.instagram.com\/lrbeautyeu\/"],"description":"LR Aloe Vera Shop ist Ihre vertrauensw\u00fcrdige Adresse f\u00fcr hochwertige LR Health & Beauty Produkte aus Deutschland. Wir bieten Ihnen erstklassige Aloe Vera Hautpflege, N\u00e4hrstoffe und Anti-Aging-Produkte mit reinen Inhaltsstoffen, die auf wissenschaftlichen Erkenntnissen basieren. Entdecken Sie nat\u00fcrliche Pflege, die Ihre Haut regeneriert, sch\u00fctzt und revitalisiert \u2013 und profitieren Sie von exklusiven Monatsangeboten auf unsere Bestseller von LR Aloe Vera. Starten Sie noch heute Ihre Reise zu nat\u00fcrlicher Hautpflege und sp\u00fcren Sie den Unterschied.","email":"info@lraloeverashop.eu","telephone":"+49 17670609653","legalName":"Lr Aloe Vera Shop","foundingDate":"2018-04-21","numberOfEmployees":{"@type":"QuantitativeValue","minValue":"1","maxValue":"10"}}]},"product_price_amount":"12.99","product_price_currency":"EUR","og_availability":"out of stock","product_availability":"out of stock","product_retailer_item_id":"20783-1DE","product_condition":"new"},"taxonomy_info":{"product_cat":[{"value":213,"label":"Aloe Vera"},{"value":352,"label":"Angebote"},{"value":255,"label":"Mundpflege"}],"product_tag":[{"value":540,"label":"Z\u00e4hne"},{"value":535,"label":"Zahnfleisch"}]},"featured_image_src_large":["https:\/\/www.lraloeverashop.eu\/wp-content\/uploads\/2023\/04\/Tooth-Paste-with-fluoride-Set-1024x1024.jpeg",1024,1024,true],"author_info":[],"comment_info":0,"_links":{"self":[{"href":"https:\/\/www.lraloeverashop.eu\/de\/wp-json\/wp\/v2\/product\/11877","targetHints":{"allow":["GET"]}}],"collection":[{"href":"https:\/\/www.lraloeverashop.eu\/de\/wp-json\/wp\/v2\/product"}],"about":[{"href":"https:\/\/www.lraloeverashop.eu\/de\/wp-json\/wp\/v2\/types\/product"}],"replies":[{"embeddable":true,"href":"https:\/\/www.lraloeverashop.eu\/de\/wp-json\/wp\/v2\/comments?post=11877"}],"wp:featuredmedia":[{"embeddable":true,"href":"https:\/\/www.lraloeverashop.eu\/de\/wp-json\/wp\/v2\/media\/11855"}],"wp:attachment":[{"href":"https:\/\/www.lraloeverashop.eu\/de\/wp-json\/wp\/v2\/media?parent=11877"}],"wp:term":[{"taxonomy":"product_brand","embeddable":true,"href":"https:\/\/www.lraloeverashop.eu\/de\/wp-json\/wp\/v2\/product_brand?post=11877"},{"taxonomy":"product_cat","embeddable":true,"href":"https:\/\/www.lraloeverashop.eu\/de\/wp-json\/wp\/v2\/product_cat?post=11877"},{"taxonomy":"product_tag","embeddable":true,"href":"https:\/\/www.lraloeverashop.eu\/de\/wp-json\/wp\/v2\/product_tag?post=11877"}],"curies":[{"name":"wp","href":"https:\/\/api.w.org\/{rel}","templated":true}]}}