{"id":11818,"date":"2023-03-31T18:24:26","date_gmt":"2023-03-31T16:24:26","guid":{"rendered":"https:\/\/www.lraloeverashop.eu\/?post_type=product&#038;p=11818"},"modified":"2026-02-03T18:23:00","modified_gmt":"2026-02-03T17:23:00","slug":"rasierschaum-fur-frauen-aloe-vera","status":"publish","type":"product","link":"https:\/\/www.lraloeverashop.eu\/de\/produkt\/rasierschaum-fur-frauen-aloe-vera\/","title":{"rendered":"Rasierschaum f\u00fcr Frauen Aloe Vera"},"content":{"rendered":"<h2><span style=\"font-size: 16pt;\"><strong>Rasierschaum f\u00fcr Frauen Aloe Vera<\/strong><\/span><\/h2>\n<p><span style=\"font-size: 14pt;\"><strong>Rasierschaum f\u00fcr Frauen Aloe Vera Zum Duschen und Rasieren in einem Schritt<\/strong><\/span><\/p>\n<p>Kleiner Klecks, gro\u00dfe Wirkung! Die federleichte, cremige, fluffige Textur verschmilzt bereits beim Auftragen mit der Hautoberfl\u00e4che. Es erm\u00f6glicht Ihnen eine schnelle und schonende Reinigung und gleichzeitig eine gr\u00fcndliche, aber schonende Rasur. <a href=\"https:\/\/www.lraloeverashop.eu\/de\/produkt\/aloe-vera-hautberuhigender-rasierschaum\/\">Rasierschaum<\/a> f\u00fcr weiche Haut. Reinigt, erfrischt und sch\u00fctzt Ihre Haut vor dem Austrocknen mit viel Aloe Vera Gel und <a href=\"https:\/\/www.lraloeverashop.eu\/de\/produkt\/lr-beauty-elixir-3er-set\/\">Bio-Kiwi-Extrakt<\/a>.<\/p>\n<p><strong>INFO:<\/strong> <a href=\"https:\/\/www.lraloeverashop.eu\/de\/produkt\/aloe-vera-haar-koerper-set\/\">Lr Aloe Vera<\/a> ist die Pflegeserie mit wertvollen Wirkstoffen aus Aloe Vera Barbadensis Miller und weiteren ausgew\u00e4hlten nat\u00fcrlichen Inhaltsstoffen.<\/p>\n<p>&nbsp;<\/p>\n<h3><strong><span style=\"font-size: 16pt;\">Anwendung<\/span><\/strong><\/h3>\n<p>Den Aloe Vera Rasierschaum f\u00fcr Damen gleichm\u00e4\u00dfig auf den K\u00f6rper auftragen \u2013 rasieren \u2013 abduschen \u2013 fertig!<\/p>\n<p>&nbsp;<\/p>\n<h4><strong><span style=\"font-size: 16pt;\">Wussten Sie?<\/span><\/strong><\/h4>\n<p>Bio-Kiwi-Extrakt sorgt f\u00fcr einen erfrischten, klaren Teint und steigert das Reinheitsgef\u00fchl auf der Haut. Kaum eine Frucht enth\u00e4lt mehr Vitamin C als die Kiwi. Es spendet der Haut <a href=\"https:\/\/www.lraloeverashop.eu\/de\/produkt\/aloe-vera-sport-set\/\">Feuchtigkeit<\/a> und sorgt f\u00fcr mehr Spannkraft.<\/p>\n","protected":false},"excerpt":{"rendered":"<ul>\n<li>Feuchtigkeitsspendender Dusch- und Rasierschaum<\/li>\n<li>Mit 35 % Aloe Vera und Bio-Kiwi-Extrakt<\/li>\n<li>Reinigt, erfrischt und sch\u00fctzt vor dem Austrocknen<\/li>\n<li>Sanfte Rasur beim Duschen<\/li>\n<li>F\u00fcr jeden Hauttyp geeignet<\/li>\n<li>Menge: 200ml<\/li>\n<\/ul>\n<p><span style=\"color: #ff0000;\"><a style=\"color: #ff0000;\" href=\"https:\/\/shop.lrworld.com\/openpao?PHP=0vFlt7jT938BEnBI3a6e9w%3D%3D\"><span style=\"font-size: 14pt;\"><strong>Hier registrieren und dauerhaft 35\u202f% sparen<\/strong><\/span><\/a><\/span><\/p>\n","protected":false},"featured_media":11810,"comment_status":"open","ping_status":"closed","template":"","meta":{"_kad_blocks_custom_css":"","_kad_blocks_head_custom_js":"","_kad_blocks_body_custom_js":"","_kad_blocks_footer_custom_js":"","_kadence_starter_templates_imported_post":false,"_kad_post_transparent":"default","_kad_post_title":"","_kad_post_layout":"default","_kad_post_sidebar_id":"","_kad_post_content_style":"default","_kad_post_vertical_padding":"default","_kad_post_feature":"","_kad_post_feature_position":"","_kad_post_header":false,"_kad_post_footer":false,"_kad_post_classname":""},"product_brand":[],"product_cat":[213,238],"product_tag":[650],"class_list":{"0":"post-11818","1":"product","2":"type-product","3":"status-publish","4":"has-post-thumbnail","6":"product_cat-aloe-vera-de","7":"product_cat-gesichtspflege","8":"product_tag-gesichtsreinigung","10":"first","11":"outofstock","12":"taxable","13":"shipping-taxable","14":"purchasable","15":"product-type-simple","16":"entry","17":"content-bg","18":"loop-entry"},"yoast_head":"<!-- This site is optimized with the Yoast SEO Premium plugin v27.4 (Yoast SEO v27.4) - https:\/\/yoast.com\/product\/yoast-seo-premium-wordpress\/ -->\n<title>Rasierschaum f\u00fcr Frauen Mit 35% Aloe Vera und Bio-Kiwi-Extrakt<\/title>\n<meta name=\"description\" content=\"Feuchtigkeitsspendender Dusch- und Rasierschaum f\u00fcr Frauen reinigt, erfrischt und sch\u00fctzt vor dem Austrocknen. F\u00fcr jeden Hauttyp geeignet.\" \/>\n<meta name=\"robots\" content=\"index, follow, max-snippet:-1, max-image-preview:large, max-video-preview:-1\" \/>\n<link rel=\"canonical\" href=\"https:\/\/www.lraloeverashop.eu\/de\/produkt\/rasierschaum-fur-frauen-aloe-vera\/\" \/>\n<meta property=\"og:locale\" content=\"de_DE\" \/>\n<meta property=\"og:type\" content=\"article\" \/>\n<meta property=\"og:title\" content=\"Rasierschaum f\u00fcr Frauen Aloe Vera\" \/>\n<meta property=\"og:description\" content=\"Feuchtigkeitsspendender Dusch- und Rasierschaum f\u00fcr Frauen reinigt, erfrischt und sch\u00fctzt vor dem Austrocknen. F\u00fcr jeden Hauttyp geeignet.\" \/>\n<meta property=\"og:url\" content=\"https:\/\/www.lraloeverashop.eu\/de\/produkt\/rasierschaum-fur-frauen-aloe-vera\/\" \/>\n<meta property=\"og:site_name\" content=\"Lr Aloe Vera Shop\" \/>\n<meta property=\"article:publisher\" content=\"https:\/\/www.facebook.com\/lraloeverashop.eu\" \/>\n<meta property=\"article:modified_time\" content=\"2026-02-03T17:23:00+00:00\" \/>\n<meta property=\"og:image\" content=\"https:\/\/www.lraloeverashop.eu\/wp-content\/uploads\/2023\/03\/Womens-Shaving-Foam-with-aloe-vera.jpg\" \/>\n\t<meta property=\"og:image:width\" content=\"1200\" \/>\n\t<meta property=\"og:image:height\" content=\"1200\" \/>\n\t<meta property=\"og:image:type\" content=\"image\/jpeg\" \/>\n<meta name=\"twitter:card\" content=\"summary_large_image\" \/>\n<meta name=\"twitter:site\" content=\"@natur__kosmetik\" \/>\n<script type=\"application\/ld+json\" class=\"yoast-schema-graph\">{\"@context\":\"https:\\\/\\\/schema.org\",\"@graph\":[{\"@type\":[\"WebPage\",\"ItemPage\"],\"@id\":\"https:\\\/\\\/www.lraloeverashop.eu\\\/de\\\/produkt\\\/rasierschaum-fur-frauen-aloe-vera\\\/\",\"url\":\"https:\\\/\\\/www.lraloeverashop.eu\\\/de\\\/produkt\\\/rasierschaum-fur-frauen-aloe-vera\\\/\",\"name\":\"Rasierschaum f\u00fcr Frauen Mit 35% Aloe Vera und Bio-Kiwi-Extrakt\",\"isPartOf\":{\"@id\":\"https:\\\/\\\/www.lraloeverashop.eu\\\/de\\\/#website\"},\"primaryImageOfPage\":{\"@id\":\"https:\\\/\\\/www.lraloeverashop.eu\\\/de\\\/produkt\\\/rasierschaum-fur-frauen-aloe-vera\\\/#primaryimage\"},\"image\":{\"@id\":\"https:\\\/\\\/www.lraloeverashop.eu\\\/de\\\/produkt\\\/rasierschaum-fur-frauen-aloe-vera\\\/#primaryimage\"},\"thumbnailUrl\":\"https:\\\/\\\/www.lraloeverashop.eu\\\/wp-content\\\/uploads\\\/2023\\\/03\\\/Womens-Shaving-Foam-with-aloe-vera.jpg\",\"datePublished\":\"2023-03-31T16:24:26+00:00\",\"dateModified\":\"2026-02-03T17:23:00+00:00\",\"description\":\"Feuchtigkeitsspendender Dusch- und Rasierschaum f\u00fcr Frauen reinigt, erfrischt und sch\u00fctzt vor dem Austrocknen. F\u00fcr jeden Hauttyp geeignet.\",\"breadcrumb\":{\"@id\":\"https:\\\/\\\/www.lraloeverashop.eu\\\/de\\\/produkt\\\/rasierschaum-fur-frauen-aloe-vera\\\/#breadcrumb\"},\"inLanguage\":\"de\",\"potentialAction\":[{\"@type\":\"ReadAction\",\"target\":[\"https:\\\/\\\/www.lraloeverashop.eu\\\/de\\\/produkt\\\/rasierschaum-fur-frauen-aloe-vera\\\/\"]}]},{\"@type\":\"ImageObject\",\"inLanguage\":\"de\",\"@id\":\"https:\\\/\\\/www.lraloeverashop.eu\\\/de\\\/produkt\\\/rasierschaum-fur-frauen-aloe-vera\\\/#primaryimage\",\"url\":\"https:\\\/\\\/www.lraloeverashop.eu\\\/wp-content\\\/uploads\\\/2023\\\/03\\\/Womens-Shaving-Foam-with-aloe-vera.jpg\",\"contentUrl\":\"https:\\\/\\\/www.lraloeverashop.eu\\\/wp-content\\\/uploads\\\/2023\\\/03\\\/Womens-Shaving-Foam-with-aloe-vera.jpg\",\"width\":1200,\"height\":1200,\"caption\":\"Rasierschaum f\u00fcr Frauen mit Aloe Vera\"},{\"@type\":\"BreadcrumbList\",\"@id\":\"https:\\\/\\\/www.lraloeverashop.eu\\\/de\\\/produkt\\\/rasierschaum-fur-frauen-aloe-vera\\\/#breadcrumb\",\"itemListElement\":[{\"@type\":\"ListItem\",\"position\":1,\"name\":\"Home\",\"item\":\"https:\\\/\\\/www.lraloeverashop.eu\\\/de\\\/\"},{\"@type\":\"ListItem\",\"position\":2,\"name\":\"Shop\",\"item\":\"https:\\\/\\\/www.lraloeverashop.eu\\\/de\\\/shop-2\\\/\"},{\"@type\":\"ListItem\",\"position\":3,\"name\":\"Rasierschaum f\u00fcr Frauen Aloe Vera\"}]},{\"@type\":\"WebSite\",\"@id\":\"https:\\\/\\\/www.lraloeverashop.eu\\\/de\\\/#website\",\"url\":\"https:\\\/\\\/www.lraloeverashop.eu\\\/de\\\/\",\"name\":\"Lr Aloe Vera Shop\",\"description\":\"High Quality Lr Aloe Vera Gel, Aloe Vera Cream and Shampoo\",\"publisher\":{\"@id\":\"https:\\\/\\\/www.lraloeverashop.eu\\\/de\\\/#organization\"},\"potentialAction\":[{\"@type\":\"SearchAction\",\"target\":{\"@type\":\"EntryPoint\",\"urlTemplate\":\"https:\\\/\\\/www.lraloeverashop.eu\\\/de\\\/?s={search_term_string}\"},\"query-input\":{\"@type\":\"PropertyValueSpecification\",\"valueRequired\":true,\"valueName\":\"search_term_string\"}}],\"inLanguage\":\"de\"},{\"@type\":\"Organization\",\"@id\":\"https:\\\/\\\/www.lraloeverashop.eu\\\/de\\\/#organization\",\"name\":\"Lr Aloe Vera Shop\",\"alternateName\":\"LR\",\"url\":\"https:\\\/\\\/www.lraloeverashop.eu\\\/de\\\/\",\"logo\":{\"@type\":\"ImageObject\",\"inLanguage\":\"de\",\"@id\":\"https:\\\/\\\/www.lraloeverashop.eu\\\/de\\\/#\\\/schema\\\/logo\\\/image\\\/\",\"url\":\"https:\\\/\\\/www.lraloeverashop.eu\\\/wp-content\\\/uploads\\\/2022\\\/09\\\/cropped-Lr-Aloe-Vera-Shop.jpg\",\"contentUrl\":\"https:\\\/\\\/www.lraloeverashop.eu\\\/wp-content\\\/uploads\\\/2022\\\/09\\\/cropped-Lr-Aloe-Vera-Shop.jpg\",\"width\":228,\"height\":76,\"caption\":\"Lr Aloe Vera Shop\"},\"image\":{\"@id\":\"https:\\\/\\\/www.lraloeverashop.eu\\\/de\\\/#\\\/schema\\\/logo\\\/image\\\/\"},\"sameAs\":[\"https:\\\/\\\/www.facebook.com\\\/lraloeverashop.eu\",\"https:\\\/\\\/x.com\\\/natur__kosmetik\",\"https:\\\/\\\/www.youtube.com\\\/channel\\\/UC5oN7BJ8nfYb8RpVtjwDEBA\",\"https:\\\/\\\/www.instagram.com\\\/lrbeautyeu\\\/\"],\"description\":\"LR Aloe Vera Shop ist Ihre vertrauensw\u00fcrdige Adresse f\u00fcr hochwertige LR Health & Beauty Produkte aus Deutschland. Wir bieten Ihnen erstklassige Aloe Vera Hautpflege, N\u00e4hrstoffe und Anti-Aging-Produkte mit reinen Inhaltsstoffen, die auf wissenschaftlichen Erkenntnissen basieren. Entdecken Sie nat\u00fcrliche Pflege, die Ihre Haut regeneriert, sch\u00fctzt und revitalisiert \u2013 und profitieren Sie von exklusiven Monatsangeboten auf unsere Bestseller von LR Aloe Vera. Starten Sie noch heute Ihre Reise zu nat\u00fcrlicher Hautpflege und sp\u00fcren Sie den Unterschied.\",\"email\":\"info@lraloeverashop.eu\",\"telephone\":\"+49 17670609653\",\"legalName\":\"Lr Aloe Vera Shop\",\"foundingDate\":\"2018-04-21\",\"numberOfEmployees\":{\"@type\":\"QuantitativeValue\",\"minValue\":\"1\",\"maxValue\":\"10\"}}]}<\/script>\n<meta property=\"product:price:amount\" content=\"13.49\" \/>\n<meta property=\"product:price:currency\" content=\"EUR\" \/>\n<meta property=\"og:availability\" content=\"out of stock\" \/>\n<meta property=\"product:availability\" content=\"out of stock\" \/>\n<meta property=\"product:retailer_item_id\" content=\"20638-1DE\" \/>\n<meta property=\"product:condition\" content=\"new\" \/>\n<!-- \/ Yoast SEO Premium plugin. -->","yoast_head_json":{"title":"Rasierschaum f\u00fcr Frauen Mit 35% Aloe Vera und Bio-Kiwi-Extrakt","description":"Feuchtigkeitsspendender Dusch- und Rasierschaum f\u00fcr Frauen reinigt, erfrischt und sch\u00fctzt vor dem Austrocknen. F\u00fcr jeden Hauttyp geeignet.","robots":{"index":"index","follow":"follow","max-snippet":"max-snippet:-1","max-image-preview":"max-image-preview:large","max-video-preview":"max-video-preview:-1"},"canonical":"https:\/\/www.lraloeverashop.eu\/de\/produkt\/rasierschaum-fur-frauen-aloe-vera\/","og_locale":"de_DE","og_type":"article","og_title":"Rasierschaum f\u00fcr Frauen Aloe Vera","og_description":"Feuchtigkeitsspendender Dusch- und Rasierschaum f\u00fcr Frauen reinigt, erfrischt und sch\u00fctzt vor dem Austrocknen. F\u00fcr jeden Hauttyp geeignet.","og_url":"https:\/\/www.lraloeverashop.eu\/de\/produkt\/rasierschaum-fur-frauen-aloe-vera\/","og_site_name":"Lr Aloe Vera Shop","article_publisher":"https:\/\/www.facebook.com\/lraloeverashop.eu","article_modified_time":"2026-02-03T17:23:00+00:00","og_image":[{"width":1200,"height":1200,"url":"https:\/\/www.lraloeverashop.eu\/wp-content\/uploads\/2023\/03\/Womens-Shaving-Foam-with-aloe-vera.jpg","type":"image\/jpeg"}],"twitter_card":"summary_large_image","twitter_site":"@natur__kosmetik","schema":{"@context":"https:\/\/schema.org","@graph":[{"@type":["WebPage","ItemPage"],"@id":"https:\/\/www.lraloeverashop.eu\/de\/produkt\/rasierschaum-fur-frauen-aloe-vera\/","url":"https:\/\/www.lraloeverashop.eu\/de\/produkt\/rasierschaum-fur-frauen-aloe-vera\/","name":"Rasierschaum f\u00fcr Frauen Mit 35% Aloe Vera und Bio-Kiwi-Extrakt","isPartOf":{"@id":"https:\/\/www.lraloeverashop.eu\/de\/#website"},"primaryImageOfPage":{"@id":"https:\/\/www.lraloeverashop.eu\/de\/produkt\/rasierschaum-fur-frauen-aloe-vera\/#primaryimage"},"image":{"@id":"https:\/\/www.lraloeverashop.eu\/de\/produkt\/rasierschaum-fur-frauen-aloe-vera\/#primaryimage"},"thumbnailUrl":"https:\/\/www.lraloeverashop.eu\/wp-content\/uploads\/2023\/03\/Womens-Shaving-Foam-with-aloe-vera.jpg","datePublished":"2023-03-31T16:24:26+00:00","dateModified":"2026-02-03T17:23:00+00:00","description":"Feuchtigkeitsspendender Dusch- und Rasierschaum f\u00fcr Frauen reinigt, erfrischt und sch\u00fctzt vor dem Austrocknen. F\u00fcr jeden Hauttyp geeignet.","breadcrumb":{"@id":"https:\/\/www.lraloeverashop.eu\/de\/produkt\/rasierschaum-fur-frauen-aloe-vera\/#breadcrumb"},"inLanguage":"de","potentialAction":[{"@type":"ReadAction","target":["https:\/\/www.lraloeverashop.eu\/de\/produkt\/rasierschaum-fur-frauen-aloe-vera\/"]}]},{"@type":"ImageObject","inLanguage":"de","@id":"https:\/\/www.lraloeverashop.eu\/de\/produkt\/rasierschaum-fur-frauen-aloe-vera\/#primaryimage","url":"https:\/\/www.lraloeverashop.eu\/wp-content\/uploads\/2023\/03\/Womens-Shaving-Foam-with-aloe-vera.jpg","contentUrl":"https:\/\/www.lraloeverashop.eu\/wp-content\/uploads\/2023\/03\/Womens-Shaving-Foam-with-aloe-vera.jpg","width":1200,"height":1200,"caption":"Rasierschaum f\u00fcr Frauen mit Aloe Vera"},{"@type":"BreadcrumbList","@id":"https:\/\/www.lraloeverashop.eu\/de\/produkt\/rasierschaum-fur-frauen-aloe-vera\/#breadcrumb","itemListElement":[{"@type":"ListItem","position":1,"name":"Home","item":"https:\/\/www.lraloeverashop.eu\/de\/"},{"@type":"ListItem","position":2,"name":"Shop","item":"https:\/\/www.lraloeverashop.eu\/de\/shop-2\/"},{"@type":"ListItem","position":3,"name":"Rasierschaum f\u00fcr Frauen Aloe Vera"}]},{"@type":"WebSite","@id":"https:\/\/www.lraloeverashop.eu\/de\/#website","url":"https:\/\/www.lraloeverashop.eu\/de\/","name":"Lr Aloe Vera Shop","description":"High Quality Lr Aloe Vera Gel, Aloe Vera Cream and Shampoo","publisher":{"@id":"https:\/\/www.lraloeverashop.eu\/de\/#organization"},"potentialAction":[{"@type":"SearchAction","target":{"@type":"EntryPoint","urlTemplate":"https:\/\/www.lraloeverashop.eu\/de\/?s={search_term_string}"},"query-input":{"@type":"PropertyValueSpecification","valueRequired":true,"valueName":"search_term_string"}}],"inLanguage":"de"},{"@type":"Organization","@id":"https:\/\/www.lraloeverashop.eu\/de\/#organization","name":"Lr Aloe Vera Shop","alternateName":"LR","url":"https:\/\/www.lraloeverashop.eu\/de\/","logo":{"@type":"ImageObject","inLanguage":"de","@id":"https:\/\/www.lraloeverashop.eu\/de\/#\/schema\/logo\/image\/","url":"https:\/\/www.lraloeverashop.eu\/wp-content\/uploads\/2022\/09\/cropped-Lr-Aloe-Vera-Shop.jpg","contentUrl":"https:\/\/www.lraloeverashop.eu\/wp-content\/uploads\/2022\/09\/cropped-Lr-Aloe-Vera-Shop.jpg","width":228,"height":76,"caption":"Lr Aloe Vera Shop"},"image":{"@id":"https:\/\/www.lraloeverashop.eu\/de\/#\/schema\/logo\/image\/"},"sameAs":["https:\/\/www.facebook.com\/lraloeverashop.eu","https:\/\/x.com\/natur__kosmetik","https:\/\/www.youtube.com\/channel\/UC5oN7BJ8nfYb8RpVtjwDEBA","https:\/\/www.instagram.com\/lrbeautyeu\/"],"description":"LR Aloe Vera Shop ist Ihre vertrauensw\u00fcrdige Adresse f\u00fcr hochwertige LR Health & Beauty Produkte aus Deutschland. Wir bieten Ihnen erstklassige Aloe Vera Hautpflege, N\u00e4hrstoffe und Anti-Aging-Produkte mit reinen Inhaltsstoffen, die auf wissenschaftlichen Erkenntnissen basieren. Entdecken Sie nat\u00fcrliche Pflege, die Ihre Haut regeneriert, sch\u00fctzt und revitalisiert \u2013 und profitieren Sie von exklusiven Monatsangeboten auf unsere Bestseller von LR Aloe Vera. Starten Sie noch heute Ihre Reise zu nat\u00fcrlicher Hautpflege und sp\u00fcren Sie den Unterschied.","email":"info@lraloeverashop.eu","telephone":"+49 17670609653","legalName":"Lr Aloe Vera Shop","foundingDate":"2018-04-21","numberOfEmployees":{"@type":"QuantitativeValue","minValue":"1","maxValue":"10"}}]},"product_price_amount":"13.49","product_price_currency":"EUR","og_availability":"out of stock","product_availability":"out of stock","product_retailer_item_id":"20638-1DE","product_condition":"new"},"taxonomy_info":{"product_cat":[{"value":213,"label":"Aloe Vera"},{"value":238,"label":"Gesichtspflege"}],"product_tag":[{"value":650,"label":"Gesichtsreinigung"}]},"featured_image_src_large":["https:\/\/www.lraloeverashop.eu\/wp-content\/uploads\/2023\/03\/Womens-Shaving-Foam-with-aloe-vera-1024x1024.jpg",1024,1024,true],"author_info":[],"comment_info":0,"_links":{"self":[{"href":"https:\/\/www.lraloeverashop.eu\/de\/wp-json\/wp\/v2\/product\/11818","targetHints":{"allow":["GET"]}}],"collection":[{"href":"https:\/\/www.lraloeverashop.eu\/de\/wp-json\/wp\/v2\/product"}],"about":[{"href":"https:\/\/www.lraloeverashop.eu\/de\/wp-json\/wp\/v2\/types\/product"}],"replies":[{"embeddable":true,"href":"https:\/\/www.lraloeverashop.eu\/de\/wp-json\/wp\/v2\/comments?post=11818"}],"wp:featuredmedia":[{"embeddable":true,"href":"https:\/\/www.lraloeverashop.eu\/de\/wp-json\/wp\/v2\/media\/11810"}],"wp:attachment":[{"href":"https:\/\/www.lraloeverashop.eu\/de\/wp-json\/wp\/v2\/media?parent=11818"}],"wp:term":[{"taxonomy":"product_brand","embeddable":true,"href":"https:\/\/www.lraloeverashop.eu\/de\/wp-json\/wp\/v2\/product_brand?post=11818"},{"taxonomy":"product_cat","embeddable":true,"href":"https:\/\/www.lraloeverashop.eu\/de\/wp-json\/wp\/v2\/product_cat?post=11818"},{"taxonomy":"product_tag","embeddable":true,"href":"https:\/\/www.lraloeverashop.eu\/de\/wp-json\/wp\/v2\/product_tag?post=11818"}],"curies":[{"name":"wp","href":"https:\/\/api.w.org\/{rel}","templated":true}]}}