{"id":10932,"date":"2021-02-06T21:01:27","date_gmt":"2021-02-06T20:01:27","guid":{"rendered":"https:\/\/www.lraloeverashop.eu\/product\/aloe-vera-spezial-pflege-box\/"},"modified":"2026-04-19T08:48:07","modified_gmt":"2026-04-19T06:48:07","slug":"aloe-vera-spezial-pflege-box","status":"publish","type":"product","link":"https:\/\/www.lraloeverashop.eu\/de\/produkt\/aloe-vera-spezial-pflege-box\/","title":{"rendered":"Aloe Vera Spezial Pflege Box mit Fermentiertem Aloe Vera Gel"},"content":{"rendered":"<h2><span style=\"font-size: 16pt;\"><strong>Aloe Vera Spezial Pflege Box<\/strong><\/span><\/h2>\n<p><span style=\"font-size: 14pt;\"><strong>Aloe Vera Spezial Pflege Box &#8211; Ein &#8222;Erste-Hilfe-Kit&#8220; f\u00fcr alle F\u00e4lle. Jetzt mit fermentiertem Aloe Vera Gel<\/strong><\/span><\/p>\n<p>Die vier Aloe Vera Spezialisten unterst\u00fctzen die nat\u00fcrliche Regeneration gereizter Haut und bieten eine besondere Pflege. Die Spezial Pflege Box ist die ideale SOS-Pflegebox f\u00fcr den Einsatz zu Hause und unterwegs.<\/p>\n<p>Aloe Vera Spezial Pflege Box zur Hautirritation, die vier LR Aloe Vera Spezialisten unterst\u00fctzen die nat\u00fcrliche Hautregeneration im Alltag &#8211; bei maximaler Pflege. Die Spezial Pflege Box ist das perfekte SOS-Pflegepaket f\u00fcr Zuhause und unterwegs.<\/p>\n<p>&nbsp;<\/p>\n<p><a href=\"https:\/\/www.lraloeverashop.eu\/de\/produkt\/aloe-vera-feuchtigkeitsspendendes-gelkonzentrat\/\"><strong>Lr Aloe Vera Gelkonzentrat<\/strong><\/a> mit 90% reinem Aloe Vera Blatt Gel, k\u00fchlt und versorgt die Haut mit wohltuender Feuchtigkeit. Trockene Haut verbessert sich aufgrund der feuchtigkeitsspendenden Eigenschaften des Konzentrats deutlich. Aloe Vera Konzentrat bietet eine frischere, elastischere Haut.<\/p>\n<p>&nbsp;<\/p>\n<p><a href=\"https:\/\/www.lraloeverashop.eu\/de\/produkt\/aloe-vera-schnelles-notfallspray\/\"><strong>Aloe Vera Schnelles Notfallspray<\/strong><\/a> legt einen sch\u00fctzenden Mantel auf die anspruchsvollen Hautpartien. Aufgrund seines 83% igen Gehalts an Aloe Vera und 12 ausgew\u00e4hlten und getesteten Kr\u00e4uterextrakten beruhigt, sch\u00fctzt und hydratisiert die Haut. Die perfekte Notfallversorgung mit der Kraft von Aloe Vera.<\/p>\n<p>&nbsp;<\/p>\n<p><a href=\"https:\/\/www.lraloeverashop.eu\/de\/produkt\/aloe-vera-schuetzende-propolis-creme\/\"><strong>Aloe Vera Sch\u00fctzende Propolis Creme<\/strong><\/a> mit 79% Aloe Vera, geeignet zur Behandlung von trockener, anspruchsvoller Haut. Steigert die nat\u00fcrliche Barriere der Haut und legt einen sch\u00fctzenden \u00dcberzug auf die Haut.<\/p>\n<p>&nbsp;<\/p>\n<p><a href=\"https:\/\/www.lraloeverashop.eu\/de\/produkt\/lr-aloe-vera-notfallgel\/\"><strong>Das Aloe Vera Schnelles Notfallgel Creme<\/strong><\/a> beschleunigt die Hautregeneration bei vielen kleinen Alltagsproblemen.* Es bildet einen leichten Schutzfilm und spendet intensive Feuchtigkeit mit sofortiger und langanhaltender Wirkung: Der Feuchtigkeitsgehalt der Haut verdoppelt sich bereits nach 20 Minuten.** Das Creme-Gel stellt das Hautgleichgewicht wieder her, st\u00e4rkt die Hautbarriere und verbessert so die Widerstandsf\u00e4higkeit der Haut.<\/p>\n<p>&nbsp;<\/p>\n<p><strong>+139%<\/strong> Feuchtigkeit als Soforteffekt nach 20 Min.<br \/>\n<strong>+176%<\/strong> Feuchtigkeit als Langzeiteffekt nach 4 Wochen.<br \/>\n<strong>\u00a0 \u00a090%<\/strong> best\u00e4tigen eine schnellere Regeneration und eine beruhigende Wirkung auf gereizte Haut.<br \/>\n<strong>\u00a0 \u00a095%<\/strong> best\u00e4tigten ein Gef\u00fchl glatter und weicher Haut.<br \/>\n<strong>+53%<\/strong> Verbesserung des allgemeinen Hautbildes.<\/p>\n<p>&nbsp;<\/p>\n<p>* Best\u00e4tigt durch Anwendungstests \u00fcber 4 Wochen mit 20 Probandinnen und anschlie\u00dfender dermatologischer Beurteilung im Oktober 2024<br \/>\n** Best\u00e4tigt durch Corneometer-Messungen an 20 Probandinnen im Oktober 2024<\/p>\n<p>&nbsp;<\/p>\n<h3><strong><span style=\"font-size: 16pt;\">Was genau ist das Power-Duo?<\/span><\/strong><\/h3>\n<p>Die pflegende und regenerierende Kraft des Aloe Vera Gels wird im Duo durch fermentiertes Aloe Vera Gel verst\u00e4rkt und durch zahlreiche positive Eigenschaften erg\u00e4nzt. Durch die <a href=\"https:\/\/www.lraloeverashop.eu\/de\/produkt\/skin-balance-gesichtsserum\/\">Fermentation des Aloe-Vera-Gel<\/a>s werden den Inhaltsstoffen immer mehr wirksame N\u00e4hrstoffe entzogen, wodurch das volle Potenzial der Aloe Vera voll ausgesch\u00f6pft werden kann.<\/p>\n<p>&nbsp;<\/p>\n<h3><strong><span style=\"font-size: 16pt;\">Was sind die Vorteile von fermentiertem Aloe Vera Gel?<\/span><\/strong><\/h3>\n<p><strong>Fermentiertes Aloe Vera Gel:<\/strong><\/p>\n<ol>\n<li>Dringt tiefer in die Haut ein<\/li>\n<li>Erm\u00f6glicht eine schnellere N\u00e4hrstoffaufnahme<\/li>\n<li>Beschleunigt die <a href=\"https:\/\/www.lraloeverashop.eu\/de\/produkt\/aloe-vera-spezial-box\/\">Hautregeneration<\/a><\/li>\n<li>Spendet tiefenwirksam Feuchtigkeit<\/li>\n<li>Wirkt als nat\u00fcrliches Anti-Aging-Mittel<\/li>\n<\/ol>\n<p>&nbsp;<\/p>\n<p>Mit diesen 4 Experten f\u00fcr Spezialpflege sind Sie und Ihre Lieben bestens f\u00fcr alle Herausforderungen des Alltags ger\u00fcstet. Das Spezialpflege-Set mit vier Multitalenten ist Ihr idealer Begleiter f\u00fcr dauerhaft sch\u00f6ne und gesunde Haut.<\/p>\n<p><strong>Das Beste daran:<\/strong> In der praktischen Spezialpflegetasche haben Sie sie immer dabei und sind bei Bedarf perfekt vorbereitet!<\/p>\n<p>&nbsp;<\/p>\n<h3><strong><span style=\"font-size: 16pt;\">Jetzt testen und \u00fcberzeugen<\/span><\/strong><\/h3>\n<p>Dank des einzigartigen Power-Duos sorgen unsere vier Hautpflege-Profis f\u00fcr intensive Feuchtigkeitspflege und schnelle Regeneration, insbesondere bei extrem beanspruchten Hautpartien.<\/p>\n","protected":false},"excerpt":{"rendered":"<ul>\n<li>Lr Aloe Vera Schnelles Notfall Spray 150 ml, beruhigt und k\u00fchlt<\/li>\n<li>Lr Aloe Vera Feuchtigkeits Gel Konzentrat 100 ml, f\u00f6rdert die Regeneration<\/li>\n<li>Lr Aloe Vera Sch\u00fctzende Propolis Creme 100 ml, spendet der Haut Feuchtigkeit und Geschmeidigkeit.<\/li>\n<li>Aloe Vera Schnelles Notfallgel Creme 30 ml, beschleunigt die Hautregeneration<\/li>\n<\/ul>\n<p><span style=\"color: #ff0000;\"><a style=\"color: #ff0000;\" href=\"https:\/\/shop.lrworld.com\/openpao?PHP=0vFlt7jT938BEnBI3a6e9w%3D%3D\"><span style=\"font-size: 14pt;\"><strong>Hier registrieren und dauerhaft 35\u202f% sparen<\/strong><\/span><\/a><\/span><\/p>\n","protected":false},"featured_media":27251,"comment_status":"open","ping_status":"closed","template":"","meta":{"_kad_blocks_custom_css":"","_kad_blocks_head_custom_js":"","_kad_blocks_body_custom_js":"","_kad_blocks_footer_custom_js":"","_kadence_starter_templates_imported_post":false,"_kad_post_transparent":"default","_kad_post_title":"","_kad_post_layout":"default","_kad_post_sidebar_id":"","_kad_post_content_style":"default","_kad_post_vertical_padding":"default","_kad_post_feature":"","_kad_post_feature_position":"","_kad_post_header":false,"_kad_post_footer":false,"_kad_post_classname":""},"product_brand":[],"product_cat":[213,238,228,261],"product_tag":[534,1205,533,596,588],"class_list":{"0":"post-10932","1":"product","2":"type-product","3":"status-publish","4":"has-post-thumbnail","6":"product_cat-aloe-vera-de","7":"product_cat-gesichtspflege","8":"product_cat-korperpflege","9":"product_cat-spezialpflege","10":"product_tag-ekzem","11":"product_tag-fermentiertes-aloe-gel","12":"product_tag-schnitte","13":"product_tag-trockene-haende","14":"product_tag-wunden","16":"first","17":"instock","18":"taxable","19":"shipping-taxable","20":"purchasable","21":"product-type-simple","22":"entry","23":"content-bg","24":"loop-entry"},"yoast_head":"<!-- This site is optimized with the Yoast SEO Premium plugin v27.4 (Yoast SEO v27.4) - https:\/\/yoast.com\/product\/yoast-seo-premium-wordpress\/ -->\n<title>Aloe Vera Spezial Pflege Box - Ein &quot;Erste-Hilfe-Kit&quot; f\u00fcr alle F\u00e4lle<\/title>\n<meta name=\"description\" content=\"Aloe Vera Spezial Pflege Box ist die ideale SOS-Pflegebox f\u00fcr zu Hause und unterwegs. Die Vier Lr Aloe Vera Spezialisten f\u00fcr Regeneration gereizter Haut\" \/>\n<meta name=\"robots\" content=\"index, follow, max-snippet:-1, max-image-preview:large, max-video-preview:-1\" \/>\n<link rel=\"canonical\" href=\"https:\/\/www.lraloeverashop.eu\/de\/produkt\/aloe-vera-spezial-pflege-box\/\" \/>\n<meta property=\"og:locale\" content=\"de_DE\" \/>\n<meta property=\"og:type\" content=\"article\" \/>\n<meta property=\"og:title\" content=\"Aloe Vera Spezial Pflege Box mit Fermentiertem Aloe Vera Gel\" \/>\n<meta property=\"og:description\" content=\"Aloe Vera Spezial Pflege Box ist die ideale SOS-Pflegebox f\u00fcr zu Hause und unterwegs. Die Vier Lr Aloe Vera Spezialisten f\u00fcr Regeneration gereizter Haut\" \/>\n<meta property=\"og:url\" content=\"https:\/\/www.lraloeverashop.eu\/de\/produkt\/aloe-vera-spezial-pflege-box\/\" \/>\n<meta property=\"og:site_name\" content=\"Lr Aloe Vera Shop\" \/>\n<meta property=\"article:publisher\" content=\"https:\/\/www.facebook.com\/lraloeverashop.eu\" \/>\n<meta property=\"article:modified_time\" content=\"2026-04-19T06:48:07+00:00\" \/>\n<meta property=\"og:image\" content=\"https:\/\/www.lraloeverashop.eu\/wp-content\/uploads\/2025\/04\/Aloe-Vera-Special-Care-Bag.jpg\" \/>\n\t<meta property=\"og:image:width\" content=\"1200\" \/>\n\t<meta property=\"og:image:height\" content=\"1200\" \/>\n\t<meta property=\"og:image:type\" content=\"image\/jpeg\" \/>\n<meta name=\"twitter:card\" content=\"summary_large_image\" \/>\n<meta name=\"twitter:site\" content=\"@natur__kosmetik\" \/>\n<script type=\"application\/ld+json\" class=\"yoast-schema-graph\">{\"@context\":\"https:\\\/\\\/schema.org\",\"@graph\":[{\"@type\":[\"WebPage\",\"ItemPage\"],\"@id\":\"https:\\\/\\\/www.lraloeverashop.eu\\\/de\\\/produkt\\\/aloe-vera-spezial-pflege-box\\\/\",\"url\":\"https:\\\/\\\/www.lraloeverashop.eu\\\/de\\\/produkt\\\/aloe-vera-spezial-pflege-box\\\/\",\"name\":\"Aloe Vera Spezial Pflege Box - Ein \\\"Erste-Hilfe-Kit\\\" f\u00fcr alle F\u00e4lle\",\"isPartOf\":{\"@id\":\"https:\\\/\\\/www.lraloeverashop.eu\\\/de\\\/#website\"},\"primaryImageOfPage\":{\"@id\":\"https:\\\/\\\/www.lraloeverashop.eu\\\/de\\\/produkt\\\/aloe-vera-spezial-pflege-box\\\/#primaryimage\"},\"image\":{\"@id\":\"https:\\\/\\\/www.lraloeverashop.eu\\\/de\\\/produkt\\\/aloe-vera-spezial-pflege-box\\\/#primaryimage\"},\"thumbnailUrl\":\"https:\\\/\\\/www.lraloeverashop.eu\\\/wp-content\\\/uploads\\\/2025\\\/04\\\/Aloe-Vera-Special-Care-Bag.jpg\",\"datePublished\":\"2021-02-06T20:01:27+00:00\",\"dateModified\":\"2026-04-19T06:48:07+00:00\",\"description\":\"Aloe Vera Spezial Pflege Box ist die ideale SOS-Pflegebox f\u00fcr zu Hause und unterwegs. Die Vier Lr Aloe Vera Spezialisten f\u00fcr Regeneration gereizter Haut\",\"breadcrumb\":{\"@id\":\"https:\\\/\\\/www.lraloeverashop.eu\\\/de\\\/produkt\\\/aloe-vera-spezial-pflege-box\\\/#breadcrumb\"},\"inLanguage\":\"de\",\"potentialAction\":[{\"@type\":\"ReadAction\",\"target\":[\"https:\\\/\\\/www.lraloeverashop.eu\\\/de\\\/produkt\\\/aloe-vera-spezial-pflege-box\\\/\"]}]},{\"@type\":\"ImageObject\",\"inLanguage\":\"de\",\"@id\":\"https:\\\/\\\/www.lraloeverashop.eu\\\/de\\\/produkt\\\/aloe-vera-spezial-pflege-box\\\/#primaryimage\",\"url\":\"https:\\\/\\\/www.lraloeverashop.eu\\\/wp-content\\\/uploads\\\/2025\\\/04\\\/Aloe-Vera-Special-Care-Bag.jpg\",\"contentUrl\":\"https:\\\/\\\/www.lraloeverashop.eu\\\/wp-content\\\/uploads\\\/2025\\\/04\\\/Aloe-Vera-Special-Care-Bag.jpg\",\"width\":1200,\"height\":1200,\"caption\":\"Aloe Vera Spezialpflege Bag - Der Aloe Vera-Spezialist f\u00fcr alle F\u00e4lle\"},{\"@type\":\"BreadcrumbList\",\"@id\":\"https:\\\/\\\/www.lraloeverashop.eu\\\/de\\\/produkt\\\/aloe-vera-spezial-pflege-box\\\/#breadcrumb\",\"itemListElement\":[{\"@type\":\"ListItem\",\"position\":1,\"name\":\"Home\",\"item\":\"https:\\\/\\\/www.lraloeverashop.eu\\\/de\\\/\"},{\"@type\":\"ListItem\",\"position\":2,\"name\":\"Shop\",\"item\":\"https:\\\/\\\/www.lraloeverashop.eu\\\/de\\\/shop-2\\\/\"},{\"@type\":\"ListItem\",\"position\":3,\"name\":\"Aloe Vera Spezial Pflege Box mit Fermentiertem Aloe Vera Gel\"}]},{\"@type\":\"WebSite\",\"@id\":\"https:\\\/\\\/www.lraloeverashop.eu\\\/de\\\/#website\",\"url\":\"https:\\\/\\\/www.lraloeverashop.eu\\\/de\\\/\",\"name\":\"Lr Aloe Vera Shop\",\"description\":\"High Quality Lr Aloe Vera Gel, Aloe Vera Cream and Shampoo\",\"publisher\":{\"@id\":\"https:\\\/\\\/www.lraloeverashop.eu\\\/de\\\/#organization\"},\"potentialAction\":[{\"@type\":\"SearchAction\",\"target\":{\"@type\":\"EntryPoint\",\"urlTemplate\":\"https:\\\/\\\/www.lraloeverashop.eu\\\/de\\\/?s={search_term_string}\"},\"query-input\":{\"@type\":\"PropertyValueSpecification\",\"valueRequired\":true,\"valueName\":\"search_term_string\"}}],\"inLanguage\":\"de\"},{\"@type\":\"Organization\",\"@id\":\"https:\\\/\\\/www.lraloeverashop.eu\\\/de\\\/#organization\",\"name\":\"Lr Aloe Vera Shop\",\"alternateName\":\"LR\",\"url\":\"https:\\\/\\\/www.lraloeverashop.eu\\\/de\\\/\",\"logo\":{\"@type\":\"ImageObject\",\"inLanguage\":\"de\",\"@id\":\"https:\\\/\\\/www.lraloeverashop.eu\\\/de\\\/#\\\/schema\\\/logo\\\/image\\\/\",\"url\":\"https:\\\/\\\/www.lraloeverashop.eu\\\/wp-content\\\/uploads\\\/2022\\\/09\\\/cropped-Lr-Aloe-Vera-Shop.jpg\",\"contentUrl\":\"https:\\\/\\\/www.lraloeverashop.eu\\\/wp-content\\\/uploads\\\/2022\\\/09\\\/cropped-Lr-Aloe-Vera-Shop.jpg\",\"width\":228,\"height\":76,\"caption\":\"Lr Aloe Vera Shop\"},\"image\":{\"@id\":\"https:\\\/\\\/www.lraloeverashop.eu\\\/de\\\/#\\\/schema\\\/logo\\\/image\\\/\"},\"sameAs\":[\"https:\\\/\\\/www.facebook.com\\\/lraloeverashop.eu\",\"https:\\\/\\\/x.com\\\/natur__kosmetik\",\"https:\\\/\\\/www.youtube.com\\\/channel\\\/UC5oN7BJ8nfYb8RpVtjwDEBA\",\"https:\\\/\\\/www.instagram.com\\\/lrbeautyeu\\\/\"],\"description\":\"LR Aloe Vera Shop ist Ihre vertrauensw\u00fcrdige Adresse f\u00fcr hochwertige LR Health & Beauty Produkte aus Deutschland. Wir bieten Ihnen erstklassige Aloe Vera Hautpflege, N\u00e4hrstoffe und Anti-Aging-Produkte mit reinen Inhaltsstoffen, die auf wissenschaftlichen Erkenntnissen basieren. Entdecken Sie nat\u00fcrliche Pflege, die Ihre Haut regeneriert, sch\u00fctzt und revitalisiert \u2013 und profitieren Sie von exklusiven Monatsangeboten auf unsere Bestseller von LR Aloe Vera. Starten Sie noch heute Ihre Reise zu nat\u00fcrlicher Hautpflege und sp\u00fcren Sie den Unterschied.\",\"email\":\"info@lraloeverashop.eu\",\"telephone\":\"+49 17670609653\",\"legalName\":\"Lr Aloe Vera Shop\",\"foundingDate\":\"2018-04-21\",\"numberOfEmployees\":{\"@type\":\"QuantitativeValue\",\"minValue\":\"1\",\"maxValue\":\"10\"}}]}<\/script>\n<meta property=\"product:price:amount\" content=\"76.89\" \/>\n<meta property=\"product:price:currency\" content=\"EUR\" \/>\n<meta property=\"og:availability\" content=\"instock\" \/>\n<meta property=\"product:availability\" content=\"instock\" \/>\n<meta property=\"product:retailer_item_id\" content=\"20905-1DE\" \/>\n<meta property=\"product:condition\" content=\"new\" \/>\n<!-- \/ Yoast SEO Premium plugin. -->","yoast_head_json":{"title":"Aloe Vera Spezial Pflege Box - Ein \"Erste-Hilfe-Kit\" f\u00fcr alle F\u00e4lle","description":"Aloe Vera Spezial Pflege Box ist die ideale SOS-Pflegebox f\u00fcr zu Hause und unterwegs. Die Vier Lr Aloe Vera Spezialisten f\u00fcr Regeneration gereizter Haut","robots":{"index":"index","follow":"follow","max-snippet":"max-snippet:-1","max-image-preview":"max-image-preview:large","max-video-preview":"max-video-preview:-1"},"canonical":"https:\/\/www.lraloeverashop.eu\/de\/produkt\/aloe-vera-spezial-pflege-box\/","og_locale":"de_DE","og_type":"article","og_title":"Aloe Vera Spezial Pflege Box mit Fermentiertem Aloe Vera Gel","og_description":"Aloe Vera Spezial Pflege Box ist die ideale SOS-Pflegebox f\u00fcr zu Hause und unterwegs. Die Vier Lr Aloe Vera Spezialisten f\u00fcr Regeneration gereizter Haut","og_url":"https:\/\/www.lraloeverashop.eu\/de\/produkt\/aloe-vera-spezial-pflege-box\/","og_site_name":"Lr Aloe Vera Shop","article_publisher":"https:\/\/www.facebook.com\/lraloeverashop.eu","article_modified_time":"2026-04-19T06:48:07+00:00","og_image":[{"width":1200,"height":1200,"url":"https:\/\/www.lraloeverashop.eu\/wp-content\/uploads\/2025\/04\/Aloe-Vera-Special-Care-Bag.jpg","type":"image\/jpeg"}],"twitter_card":"summary_large_image","twitter_site":"@natur__kosmetik","schema":{"@context":"https:\/\/schema.org","@graph":[{"@type":["WebPage","ItemPage"],"@id":"https:\/\/www.lraloeverashop.eu\/de\/produkt\/aloe-vera-spezial-pflege-box\/","url":"https:\/\/www.lraloeverashop.eu\/de\/produkt\/aloe-vera-spezial-pflege-box\/","name":"Aloe Vera Spezial Pflege Box - Ein \"Erste-Hilfe-Kit\" f\u00fcr alle F\u00e4lle","isPartOf":{"@id":"https:\/\/www.lraloeverashop.eu\/de\/#website"},"primaryImageOfPage":{"@id":"https:\/\/www.lraloeverashop.eu\/de\/produkt\/aloe-vera-spezial-pflege-box\/#primaryimage"},"image":{"@id":"https:\/\/www.lraloeverashop.eu\/de\/produkt\/aloe-vera-spezial-pflege-box\/#primaryimage"},"thumbnailUrl":"https:\/\/www.lraloeverashop.eu\/wp-content\/uploads\/2025\/04\/Aloe-Vera-Special-Care-Bag.jpg","datePublished":"2021-02-06T20:01:27+00:00","dateModified":"2026-04-19T06:48:07+00:00","description":"Aloe Vera Spezial Pflege Box ist die ideale SOS-Pflegebox f\u00fcr zu Hause und unterwegs. Die Vier Lr Aloe Vera Spezialisten f\u00fcr Regeneration gereizter Haut","breadcrumb":{"@id":"https:\/\/www.lraloeverashop.eu\/de\/produkt\/aloe-vera-spezial-pflege-box\/#breadcrumb"},"inLanguage":"de","potentialAction":[{"@type":"ReadAction","target":["https:\/\/www.lraloeverashop.eu\/de\/produkt\/aloe-vera-spezial-pflege-box\/"]}]},{"@type":"ImageObject","inLanguage":"de","@id":"https:\/\/www.lraloeverashop.eu\/de\/produkt\/aloe-vera-spezial-pflege-box\/#primaryimage","url":"https:\/\/www.lraloeverashop.eu\/wp-content\/uploads\/2025\/04\/Aloe-Vera-Special-Care-Bag.jpg","contentUrl":"https:\/\/www.lraloeverashop.eu\/wp-content\/uploads\/2025\/04\/Aloe-Vera-Special-Care-Bag.jpg","width":1200,"height":1200,"caption":"Aloe Vera Spezialpflege Bag - Der Aloe Vera-Spezialist f\u00fcr alle F\u00e4lle"},{"@type":"BreadcrumbList","@id":"https:\/\/www.lraloeverashop.eu\/de\/produkt\/aloe-vera-spezial-pflege-box\/#breadcrumb","itemListElement":[{"@type":"ListItem","position":1,"name":"Home","item":"https:\/\/www.lraloeverashop.eu\/de\/"},{"@type":"ListItem","position":2,"name":"Shop","item":"https:\/\/www.lraloeverashop.eu\/de\/shop-2\/"},{"@type":"ListItem","position":3,"name":"Aloe Vera Spezial Pflege Box mit Fermentiertem Aloe Vera Gel"}]},{"@type":"WebSite","@id":"https:\/\/www.lraloeverashop.eu\/de\/#website","url":"https:\/\/www.lraloeverashop.eu\/de\/","name":"Lr Aloe Vera Shop","description":"High Quality Lr Aloe Vera Gel, Aloe Vera Cream and Shampoo","publisher":{"@id":"https:\/\/www.lraloeverashop.eu\/de\/#organization"},"potentialAction":[{"@type":"SearchAction","target":{"@type":"EntryPoint","urlTemplate":"https:\/\/www.lraloeverashop.eu\/de\/?s={search_term_string}"},"query-input":{"@type":"PropertyValueSpecification","valueRequired":true,"valueName":"search_term_string"}}],"inLanguage":"de"},{"@type":"Organization","@id":"https:\/\/www.lraloeverashop.eu\/de\/#organization","name":"Lr Aloe Vera Shop","alternateName":"LR","url":"https:\/\/www.lraloeverashop.eu\/de\/","logo":{"@type":"ImageObject","inLanguage":"de","@id":"https:\/\/www.lraloeverashop.eu\/de\/#\/schema\/logo\/image\/","url":"https:\/\/www.lraloeverashop.eu\/wp-content\/uploads\/2022\/09\/cropped-Lr-Aloe-Vera-Shop.jpg","contentUrl":"https:\/\/www.lraloeverashop.eu\/wp-content\/uploads\/2022\/09\/cropped-Lr-Aloe-Vera-Shop.jpg","width":228,"height":76,"caption":"Lr Aloe Vera Shop"},"image":{"@id":"https:\/\/www.lraloeverashop.eu\/de\/#\/schema\/logo\/image\/"},"sameAs":["https:\/\/www.facebook.com\/lraloeverashop.eu","https:\/\/x.com\/natur__kosmetik","https:\/\/www.youtube.com\/channel\/UC5oN7BJ8nfYb8RpVtjwDEBA","https:\/\/www.instagram.com\/lrbeautyeu\/"],"description":"LR Aloe Vera Shop ist Ihre vertrauensw\u00fcrdige Adresse f\u00fcr hochwertige LR Health & Beauty Produkte aus Deutschland. Wir bieten Ihnen erstklassige Aloe Vera Hautpflege, N\u00e4hrstoffe und Anti-Aging-Produkte mit reinen Inhaltsstoffen, die auf wissenschaftlichen Erkenntnissen basieren. Entdecken Sie nat\u00fcrliche Pflege, die Ihre Haut regeneriert, sch\u00fctzt und revitalisiert \u2013 und profitieren Sie von exklusiven Monatsangeboten auf unsere Bestseller von LR Aloe Vera. Starten Sie noch heute Ihre Reise zu nat\u00fcrlicher Hautpflege und sp\u00fcren Sie den Unterschied.","email":"info@lraloeverashop.eu","telephone":"+49 17670609653","legalName":"Lr Aloe Vera Shop","foundingDate":"2018-04-21","numberOfEmployees":{"@type":"QuantitativeValue","minValue":"1","maxValue":"10"}}]},"product_price_amount":"76.89","product_price_currency":"EUR","og_availability":"instock","product_availability":"instock","product_retailer_item_id":"20905-1DE","product_condition":"new"},"taxonomy_info":{"product_cat":[{"value":213,"label":"Aloe Vera"},{"value":238,"label":"Gesichtspflege"},{"value":228,"label":"K\u00f6rperpflege"},{"value":261,"label":"Spezialpflege"}],"product_tag":[{"value":534,"label":"Ekzem"},{"value":1205,"label":"Fermentiertes Aloe Gel"},{"value":533,"label":"Schnitte"},{"value":596,"label":"Trockene H\u00e4nde"},{"value":588,"label":"Wunden"}]},"featured_image_src_large":["https:\/\/www.lraloeverashop.eu\/wp-content\/uploads\/2025\/04\/Aloe-Vera-Special-Care-Bag-1024x1024.jpg",1024,1024,true],"author_info":[],"comment_info":0,"_links":{"self":[{"href":"https:\/\/www.lraloeverashop.eu\/de\/wp-json\/wp\/v2\/product\/10932","targetHints":{"allow":["GET"]}}],"collection":[{"href":"https:\/\/www.lraloeverashop.eu\/de\/wp-json\/wp\/v2\/product"}],"about":[{"href":"https:\/\/www.lraloeverashop.eu\/de\/wp-json\/wp\/v2\/types\/product"}],"replies":[{"embeddable":true,"href":"https:\/\/www.lraloeverashop.eu\/de\/wp-json\/wp\/v2\/comments?post=10932"}],"wp:featuredmedia":[{"embeddable":true,"href":"https:\/\/www.lraloeverashop.eu\/de\/wp-json\/wp\/v2\/media\/27251"}],"wp:attachment":[{"href":"https:\/\/www.lraloeverashop.eu\/de\/wp-json\/wp\/v2\/media?parent=10932"}],"wp:term":[{"taxonomy":"product_brand","embeddable":true,"href":"https:\/\/www.lraloeverashop.eu\/de\/wp-json\/wp\/v2\/product_brand?post=10932"},{"taxonomy":"product_cat","embeddable":true,"href":"https:\/\/www.lraloeverashop.eu\/de\/wp-json\/wp\/v2\/product_cat?post=10932"},{"taxonomy":"product_tag","embeddable":true,"href":"https:\/\/www.lraloeverashop.eu\/de\/wp-json\/wp\/v2\/product_tag?post=10932"}],"curies":[{"name":"wp","href":"https:\/\/api.w.org\/{rel}","templated":true}]}}