{"id":10926,"date":"2022-10-09T09:02:56","date_gmt":"2022-10-09T07:02:56","guid":{"rendered":"https:\/\/www.lraloeverashop.eu\/product\/aloe-vera-vital-set\/"},"modified":"2026-02-03T19:22:15","modified_gmt":"2026-02-03T18:22:15","slug":"aloe-vera-vital-set","status":"publish","type":"product","link":"https:\/\/www.lraloeverashop.eu\/de\/produkt\/aloe-vera-vital-set\/","title":{"rendered":"Aloe Vera Vital Set"},"content":{"rendered":"<h2><span style=\"font-size: 16pt;\"><strong>Aloe Vera Vital Set<\/strong><\/span><\/h2>\n<p><span style=\"font-size: 14pt;\"><strong>Aloe Vera Vital Set Mit Lr Aloe Vera zum Entspannen und Wohlf\u00fchlen<\/strong><\/span><\/p>\n<p>Nach einer anstrengenden k\u00f6rperlichen Aktivit\u00e4t oder einfach immer dann, wenn Sie eine schnelle Schmerzlinderung ben\u00f6tigen, k\u00f6nnen Sie sich auf dieses Aloe Vera Set verlassen. Es enth\u00e4lt eine Mischung aus feinen Inhaltsstoffen, die alle zusammenarbeiten, um Ihre Haut und Ihren K\u00f6rper in einem hervorragenden Zustand zu halten. Probieren Sie es noch heute aus und sehen Sie die erstaunlichen Ergebnisse, die es f\u00fcr Ihre <a href=\"https:\/\/www.lraloeverashop.eu\/de\/produkt\/aloe-vera-trinkgel-freedom\/\">m\u00fcden Gelenke<\/a> und Ihre trockene Haut bietet!<\/p>\n<p>&nbsp;<\/p>\n<h3><span style=\"font-size: 16pt;\"><strong>Set enth\u00e4lt:<\/strong><\/span><\/h3>\n<p><a href=\"https:\/\/www.lraloeverashop.eu\/de\/produkt\/aloe-vera-multifunktionales-msm-koerper-gel\/\">Lr Aloe Vera Multifunktionales MSM K\u00f6rper Gel<\/a> ist ein samtweiches Gel, das schnell einzieht. Es enth\u00e4lt 60% Aloe Vera, B\u00e4rentraube und Weidenrindenextrakt. Mit seiner erfrischenden Wirkung und wertvollen Kr\u00e4uterextrakten wirkt es wohltuend auf beanspruchte Gelenke.<\/p>\n<p>Sein hoher Gehalt an Aloe Vera verleiht der Haut Festigkeit und Elastizit\u00e4t. Beaberry Bl\u00e4tter enthalten den pflanzlichen Inhaltsstoff Arbutin. Au\u00dferdem sind die Bl\u00e4tter reich an Tanninen und Flavonoiden. Arbutin wird im K\u00f6rper in bioverf\u00fcgbares Hydrochinon umgewandelt.<\/p>\n<p><a href=\"https:\/\/www.lraloeverashop.eu\/de\/produkt\/aloe-vera-entspannende-thermolotion\/\">Aloe Vera Entspannende Thermo Lotion<\/a> enth\u00e4lt 45% Aloe Vera und ist eine ideale Massagelotion. Die enthaltenen \u00e4therischen \u00d6le verleihen der Haut ein leichtes Frischegef\u00fchl und entwickeln sich langsam zu einem angenehmen W\u00e4rmegef\u00fchl, das sofortige Entspannung bewirkt.<\/p>\n<p>Eucapyptus\u00f6l f\u00f6rdert die Durchblutung im massierten Bereich und bietet gleichzeitig ein angenehm k\u00fchlendes Gef\u00fchl f\u00fcr die Haut. Sein hoher Gehalt an Aloe Vera und seine pflegende Textur, reich an pflegenden \u00d6len, ist sehr wohltuend f\u00fcr die Haut.<\/p>\n<p>Probieren Sie auch die anderen Aloe Vera Pflegespezialisten aus: <a href=\"https:\/\/www.lraloeverashop.eu\/de\/produkt\/aloe-vera-feuchtigkeitsspendendes-gelkonzentrat\/\">Gel Konzentrat<\/a>, sch\u00fctzende Propolis-Creme, schnelles Notfall-Spray oder regulierende DermaIntense-Creme.<\/p>\n","protected":false},"excerpt":{"rendered":"<ul>\n<li>Lr Aloe Vera Entspannende Thermolotion<\/li>\n<li>45% Aloe Vera Gel und nat\u00fcrliche \u00e4therische \u00d6le<\/li>\n<li>Lr Aloe Vera Multifunktionales MSM K\u00f6rpergel<\/li>\n<li>Mit 60% Aloe Vera Gel und spezieller MSM Schwefelverbindung<\/li>\n<li>Produkte ohne Parabene<\/li>\n<\/ul>\n<p><span style=\"color: #ff0000;\"><a style=\"color: #ff0000;\" href=\"https:\/\/shop.lrworld.com\/openpao?PHP=0vFlt7jT938BEnBI3a6e9w%3D%3D\"><span style=\"font-size: 14pt;\"><strong>Hier registrieren und dauerhaft 35\u202f% sparen<\/strong><\/span><\/a><\/span><\/p>\n","protected":false},"featured_media":4765,"comment_status":"open","ping_status":"closed","template":"","meta":{"_kad_blocks_custom_css":"","_kad_blocks_head_custom_js":"","_kad_blocks_body_custom_js":"","_kad_blocks_footer_custom_js":"","_kadence_starter_templates_imported_post":false,"_kad_post_transparent":"default","_kad_post_title":"","_kad_post_layout":"default","_kad_post_sidebar_id":"","_kad_post_content_style":"default","_kad_post_vertical_padding":"default","_kad_post_feature":"","_kad_post_feature_position":"","_kad_post_header":false,"_kad_post_footer":false,"_kad_post_classname":""},"product_brand":[],"product_cat":[213,228,261],"product_tag":[536,537,541,539],"class_list":{"0":"post-10926","1":"product","2":"type-product","3":"status-publish","4":"has-post-thumbnail","6":"product_cat-aloe-vera-de","7":"product_cat-korperpflege","8":"product_cat-spezialpflege","9":"product_tag-gelenkschmerzen","10":"product_tag-massage-de","11":"product_tag-mude-beine","12":"product_tag-muskelspannung","14":"first","15":"outofstock","16":"taxable","17":"shipping-taxable","18":"purchasable","19":"product-type-simple","20":"entry","21":"content-bg","22":"loop-entry"},"yoast_head":"<!-- This site is optimized with the Yoast SEO Premium plugin v27.4 (Yoast SEO v27.4) - https:\/\/yoast.com\/product\/yoast-seo-premium-wordpress\/ -->\n<title>Aloe Vera Vital Set f\u00fcr beanspruchte Muskeln und Gelenke<\/title>\n<meta name=\"description\" content=\"Lr Aloe Vera Vital Set enth\u00e4lt Aloe Vera Multifunktionales MSM Body Gel und Lr Aloe Vera Relaxing Thermo Lotion. Die Muskeln werden entspannt.\" \/>\n<meta name=\"robots\" content=\"index, follow, max-snippet:-1, max-image-preview:large, max-video-preview:-1\" \/>\n<link rel=\"canonical\" href=\"https:\/\/www.lraloeverashop.eu\/de\/produkt\/aloe-vera-vital-set\/\" \/>\n<meta property=\"og:locale\" content=\"de_DE\" \/>\n<meta property=\"og:type\" content=\"article\" \/>\n<meta property=\"og:title\" content=\"Aloe Vera Vital Set\" \/>\n<meta property=\"og:description\" content=\"Lr Aloe Vera Vital Set enth\u00e4lt Aloe Vera Multifunktionales MSM Body Gel und Lr Aloe Vera Relaxing Thermo Lotion. Die Muskeln werden entspannt.\" \/>\n<meta property=\"og:url\" content=\"https:\/\/www.lraloeverashop.eu\/de\/produkt\/aloe-vera-vital-set\/\" \/>\n<meta property=\"og:site_name\" content=\"Lr Aloe Vera Shop\" \/>\n<meta property=\"article:publisher\" content=\"https:\/\/www.facebook.com\/lraloeverashop.eu\" \/>\n<meta property=\"article:modified_time\" content=\"2026-02-03T18:22:15+00:00\" \/>\n<meta property=\"og:image\" content=\"https:\/\/www.lraloeverashop.eu\/wp-content\/uploads\/2022\/10\/Lr-Aloe-Vera-Vital-Set.jpg\" \/>\n\t<meta property=\"og:image:width\" content=\"1200\" \/>\n\t<meta property=\"og:image:height\" content=\"1200\" \/>\n\t<meta property=\"og:image:type\" content=\"image\/jpeg\" \/>\n<meta name=\"twitter:card\" content=\"summary_large_image\" \/>\n<meta name=\"twitter:site\" content=\"@natur__kosmetik\" \/>\n<script type=\"application\/ld+json\" class=\"yoast-schema-graph\">{\"@context\":\"https:\\\/\\\/schema.org\",\"@graph\":[{\"@type\":[\"WebPage\",\"ItemPage\"],\"@id\":\"https:\\\/\\\/www.lraloeverashop.eu\\\/de\\\/produkt\\\/aloe-vera-vital-set\\\/\",\"url\":\"https:\\\/\\\/www.lraloeverashop.eu\\\/de\\\/produkt\\\/aloe-vera-vital-set\\\/\",\"name\":\"Aloe Vera Vital Set f\u00fcr beanspruchte Muskeln und Gelenke\",\"isPartOf\":{\"@id\":\"https:\\\/\\\/www.lraloeverashop.eu\\\/de\\\/#website\"},\"primaryImageOfPage\":{\"@id\":\"https:\\\/\\\/www.lraloeverashop.eu\\\/de\\\/produkt\\\/aloe-vera-vital-set\\\/#primaryimage\"},\"image\":{\"@id\":\"https:\\\/\\\/www.lraloeverashop.eu\\\/de\\\/produkt\\\/aloe-vera-vital-set\\\/#primaryimage\"},\"thumbnailUrl\":\"https:\\\/\\\/www.lraloeverashop.eu\\\/wp-content\\\/uploads\\\/2022\\\/10\\\/Lr-Aloe-Vera-Vital-Set.jpg\",\"datePublished\":\"2022-10-09T07:02:56+00:00\",\"dateModified\":\"2026-02-03T18:22:15+00:00\",\"description\":\"Lr Aloe Vera Vital Set enth\u00e4lt Aloe Vera Multifunktionales MSM Body Gel und Lr Aloe Vera Relaxing Thermo Lotion. Die Muskeln werden entspannt.\",\"breadcrumb\":{\"@id\":\"https:\\\/\\\/www.lraloeverashop.eu\\\/de\\\/produkt\\\/aloe-vera-vital-set\\\/#breadcrumb\"},\"inLanguage\":\"de\",\"potentialAction\":[{\"@type\":\"ReadAction\",\"target\":[\"https:\\\/\\\/www.lraloeverashop.eu\\\/de\\\/produkt\\\/aloe-vera-vital-set\\\/\"]}]},{\"@type\":\"ImageObject\",\"inLanguage\":\"de\",\"@id\":\"https:\\\/\\\/www.lraloeverashop.eu\\\/de\\\/produkt\\\/aloe-vera-vital-set\\\/#primaryimage\",\"url\":\"https:\\\/\\\/www.lraloeverashop.eu\\\/wp-content\\\/uploads\\\/2022\\\/10\\\/Lr-Aloe-Vera-Vital-Set.jpg\",\"contentUrl\":\"https:\\\/\\\/www.lraloeverashop.eu\\\/wp-content\\\/uploads\\\/2022\\\/10\\\/Lr-Aloe-Vera-Vital-Set.jpg\",\"width\":1200,\"height\":1200,\"caption\":\"Lr Aloe Vera Vital Set mit Aloe Vera zum Entspannen und Wohlf\u00fchlen\"},{\"@type\":\"BreadcrumbList\",\"@id\":\"https:\\\/\\\/www.lraloeverashop.eu\\\/de\\\/produkt\\\/aloe-vera-vital-set\\\/#breadcrumb\",\"itemListElement\":[{\"@type\":\"ListItem\",\"position\":1,\"name\":\"Home\",\"item\":\"https:\\\/\\\/www.lraloeverashop.eu\\\/de\\\/\"},{\"@type\":\"ListItem\",\"position\":2,\"name\":\"Shop\",\"item\":\"https:\\\/\\\/www.lraloeverashop.eu\\\/de\\\/shop-2\\\/\"},{\"@type\":\"ListItem\",\"position\":3,\"name\":\"Aloe Vera Vital Set\"}]},{\"@type\":\"WebSite\",\"@id\":\"https:\\\/\\\/www.lraloeverashop.eu\\\/de\\\/#website\",\"url\":\"https:\\\/\\\/www.lraloeverashop.eu\\\/de\\\/\",\"name\":\"Lr Aloe Vera Shop\",\"description\":\"High Quality Lr Aloe Vera Gel, Aloe Vera Cream and Shampoo\",\"publisher\":{\"@id\":\"https:\\\/\\\/www.lraloeverashop.eu\\\/de\\\/#organization\"},\"potentialAction\":[{\"@type\":\"SearchAction\",\"target\":{\"@type\":\"EntryPoint\",\"urlTemplate\":\"https:\\\/\\\/www.lraloeverashop.eu\\\/de\\\/?s={search_term_string}\"},\"query-input\":{\"@type\":\"PropertyValueSpecification\",\"valueRequired\":true,\"valueName\":\"search_term_string\"}}],\"inLanguage\":\"de\"},{\"@type\":\"Organization\",\"@id\":\"https:\\\/\\\/www.lraloeverashop.eu\\\/de\\\/#organization\",\"name\":\"Lr Aloe Vera Shop\",\"alternateName\":\"LR\",\"url\":\"https:\\\/\\\/www.lraloeverashop.eu\\\/de\\\/\",\"logo\":{\"@type\":\"ImageObject\",\"inLanguage\":\"de\",\"@id\":\"https:\\\/\\\/www.lraloeverashop.eu\\\/de\\\/#\\\/schema\\\/logo\\\/image\\\/\",\"url\":\"https:\\\/\\\/www.lraloeverashop.eu\\\/wp-content\\\/uploads\\\/2022\\\/09\\\/cropped-Lr-Aloe-Vera-Shop.jpg\",\"contentUrl\":\"https:\\\/\\\/www.lraloeverashop.eu\\\/wp-content\\\/uploads\\\/2022\\\/09\\\/cropped-Lr-Aloe-Vera-Shop.jpg\",\"width\":228,\"height\":76,\"caption\":\"Lr Aloe Vera Shop\"},\"image\":{\"@id\":\"https:\\\/\\\/www.lraloeverashop.eu\\\/de\\\/#\\\/schema\\\/logo\\\/image\\\/\"},\"sameAs\":[\"https:\\\/\\\/www.facebook.com\\\/lraloeverashop.eu\",\"https:\\\/\\\/x.com\\\/natur__kosmetik\",\"https:\\\/\\\/www.youtube.com\\\/channel\\\/UC5oN7BJ8nfYb8RpVtjwDEBA\",\"https:\\\/\\\/www.instagram.com\\\/lrbeautyeu\\\/\"],\"description\":\"LR Aloe Vera Shop ist Ihre vertrauensw\u00fcrdige Adresse f\u00fcr hochwertige LR Health & Beauty Produkte aus Deutschland. Wir bieten Ihnen erstklassige Aloe Vera Hautpflege, N\u00e4hrstoffe und Anti-Aging-Produkte mit reinen Inhaltsstoffen, die auf wissenschaftlichen Erkenntnissen basieren. Entdecken Sie nat\u00fcrliche Pflege, die Ihre Haut regeneriert, sch\u00fctzt und revitalisiert \u2013 und profitieren Sie von exklusiven Monatsangeboten auf unsere Bestseller von LR Aloe Vera. Starten Sie noch heute Ihre Reise zu nat\u00fcrlicher Hautpflege und sp\u00fcren Sie den Unterschied.\",\"email\":\"info@lraloeverashop.eu\",\"telephone\":\"+49 17670609653\",\"legalName\":\"Lr Aloe Vera Shop\",\"foundingDate\":\"2018-04-21\",\"numberOfEmployees\":{\"@type\":\"QuantitativeValue\",\"minValue\":\"1\",\"maxValue\":\"10\"}}]}<\/script>\n<meta property=\"product:price:amount\" content=\"46.99\" \/>\n<meta property=\"product:price:currency\" content=\"EUR\" \/>\n<meta property=\"og:availability\" content=\"out of stock\" \/>\n<meta property=\"product:availability\" content=\"out of stock\" \/>\n<meta property=\"product:retailer_item_id\" content=\"20718-1DE\" \/>\n<meta property=\"product:condition\" content=\"new\" \/>\n<!-- \/ Yoast SEO Premium plugin. -->","yoast_head_json":{"title":"Aloe Vera Vital Set f\u00fcr beanspruchte Muskeln und Gelenke","description":"Lr Aloe Vera Vital Set enth\u00e4lt Aloe Vera Multifunktionales MSM Body Gel und Lr Aloe Vera Relaxing Thermo Lotion. Die Muskeln werden entspannt.","robots":{"index":"index","follow":"follow","max-snippet":"max-snippet:-1","max-image-preview":"max-image-preview:large","max-video-preview":"max-video-preview:-1"},"canonical":"https:\/\/www.lraloeverashop.eu\/de\/produkt\/aloe-vera-vital-set\/","og_locale":"de_DE","og_type":"article","og_title":"Aloe Vera Vital Set","og_description":"Lr Aloe Vera Vital Set enth\u00e4lt Aloe Vera Multifunktionales MSM Body Gel und Lr Aloe Vera Relaxing Thermo Lotion. Die Muskeln werden entspannt.","og_url":"https:\/\/www.lraloeverashop.eu\/de\/produkt\/aloe-vera-vital-set\/","og_site_name":"Lr Aloe Vera Shop","article_publisher":"https:\/\/www.facebook.com\/lraloeverashop.eu","article_modified_time":"2026-02-03T18:22:15+00:00","og_image":[{"width":1200,"height":1200,"url":"https:\/\/www.lraloeverashop.eu\/wp-content\/uploads\/2022\/10\/Lr-Aloe-Vera-Vital-Set.jpg","type":"image\/jpeg"}],"twitter_card":"summary_large_image","twitter_site":"@natur__kosmetik","schema":{"@context":"https:\/\/schema.org","@graph":[{"@type":["WebPage","ItemPage"],"@id":"https:\/\/www.lraloeverashop.eu\/de\/produkt\/aloe-vera-vital-set\/","url":"https:\/\/www.lraloeverashop.eu\/de\/produkt\/aloe-vera-vital-set\/","name":"Aloe Vera Vital Set f\u00fcr beanspruchte Muskeln und Gelenke","isPartOf":{"@id":"https:\/\/www.lraloeverashop.eu\/de\/#website"},"primaryImageOfPage":{"@id":"https:\/\/www.lraloeverashop.eu\/de\/produkt\/aloe-vera-vital-set\/#primaryimage"},"image":{"@id":"https:\/\/www.lraloeverashop.eu\/de\/produkt\/aloe-vera-vital-set\/#primaryimage"},"thumbnailUrl":"https:\/\/www.lraloeverashop.eu\/wp-content\/uploads\/2022\/10\/Lr-Aloe-Vera-Vital-Set.jpg","datePublished":"2022-10-09T07:02:56+00:00","dateModified":"2026-02-03T18:22:15+00:00","description":"Lr Aloe Vera Vital Set enth\u00e4lt Aloe Vera Multifunktionales MSM Body Gel und Lr Aloe Vera Relaxing Thermo Lotion. Die Muskeln werden entspannt.","breadcrumb":{"@id":"https:\/\/www.lraloeverashop.eu\/de\/produkt\/aloe-vera-vital-set\/#breadcrumb"},"inLanguage":"de","potentialAction":[{"@type":"ReadAction","target":["https:\/\/www.lraloeverashop.eu\/de\/produkt\/aloe-vera-vital-set\/"]}]},{"@type":"ImageObject","inLanguage":"de","@id":"https:\/\/www.lraloeverashop.eu\/de\/produkt\/aloe-vera-vital-set\/#primaryimage","url":"https:\/\/www.lraloeverashop.eu\/wp-content\/uploads\/2022\/10\/Lr-Aloe-Vera-Vital-Set.jpg","contentUrl":"https:\/\/www.lraloeverashop.eu\/wp-content\/uploads\/2022\/10\/Lr-Aloe-Vera-Vital-Set.jpg","width":1200,"height":1200,"caption":"Lr Aloe Vera Vital Set mit Aloe Vera zum Entspannen und Wohlf\u00fchlen"},{"@type":"BreadcrumbList","@id":"https:\/\/www.lraloeverashop.eu\/de\/produkt\/aloe-vera-vital-set\/#breadcrumb","itemListElement":[{"@type":"ListItem","position":1,"name":"Home","item":"https:\/\/www.lraloeverashop.eu\/de\/"},{"@type":"ListItem","position":2,"name":"Shop","item":"https:\/\/www.lraloeverashop.eu\/de\/shop-2\/"},{"@type":"ListItem","position":3,"name":"Aloe Vera Vital Set"}]},{"@type":"WebSite","@id":"https:\/\/www.lraloeverashop.eu\/de\/#website","url":"https:\/\/www.lraloeverashop.eu\/de\/","name":"Lr Aloe Vera Shop","description":"High Quality Lr Aloe Vera Gel, Aloe Vera Cream and Shampoo","publisher":{"@id":"https:\/\/www.lraloeverashop.eu\/de\/#organization"},"potentialAction":[{"@type":"SearchAction","target":{"@type":"EntryPoint","urlTemplate":"https:\/\/www.lraloeverashop.eu\/de\/?s={search_term_string}"},"query-input":{"@type":"PropertyValueSpecification","valueRequired":true,"valueName":"search_term_string"}}],"inLanguage":"de"},{"@type":"Organization","@id":"https:\/\/www.lraloeverashop.eu\/de\/#organization","name":"Lr Aloe Vera Shop","alternateName":"LR","url":"https:\/\/www.lraloeverashop.eu\/de\/","logo":{"@type":"ImageObject","inLanguage":"de","@id":"https:\/\/www.lraloeverashop.eu\/de\/#\/schema\/logo\/image\/","url":"https:\/\/www.lraloeverashop.eu\/wp-content\/uploads\/2022\/09\/cropped-Lr-Aloe-Vera-Shop.jpg","contentUrl":"https:\/\/www.lraloeverashop.eu\/wp-content\/uploads\/2022\/09\/cropped-Lr-Aloe-Vera-Shop.jpg","width":228,"height":76,"caption":"Lr Aloe Vera Shop"},"image":{"@id":"https:\/\/www.lraloeverashop.eu\/de\/#\/schema\/logo\/image\/"},"sameAs":["https:\/\/www.facebook.com\/lraloeverashop.eu","https:\/\/x.com\/natur__kosmetik","https:\/\/www.youtube.com\/channel\/UC5oN7BJ8nfYb8RpVtjwDEBA","https:\/\/www.instagram.com\/lrbeautyeu\/"],"description":"LR Aloe Vera Shop ist Ihre vertrauensw\u00fcrdige Adresse f\u00fcr hochwertige LR Health & Beauty Produkte aus Deutschland. Wir bieten Ihnen erstklassige Aloe Vera Hautpflege, N\u00e4hrstoffe und Anti-Aging-Produkte mit reinen Inhaltsstoffen, die auf wissenschaftlichen Erkenntnissen basieren. Entdecken Sie nat\u00fcrliche Pflege, die Ihre Haut regeneriert, sch\u00fctzt und revitalisiert \u2013 und profitieren Sie von exklusiven Monatsangeboten auf unsere Bestseller von LR Aloe Vera. Starten Sie noch heute Ihre Reise zu nat\u00fcrlicher Hautpflege und sp\u00fcren Sie den Unterschied.","email":"info@lraloeverashop.eu","telephone":"+49 17670609653","legalName":"Lr Aloe Vera Shop","foundingDate":"2018-04-21","numberOfEmployees":{"@type":"QuantitativeValue","minValue":"1","maxValue":"10"}}]},"product_price_amount":"46.99","product_price_currency":"EUR","og_availability":"out of stock","product_availability":"out of stock","product_retailer_item_id":"20718-1DE","product_condition":"new"},"taxonomy_info":{"product_cat":[{"value":213,"label":"Aloe Vera"},{"value":228,"label":"K\u00f6rperpflege"},{"value":261,"label":"Spezialpflege"}],"product_tag":[{"value":536,"label":"Gelenkschmerzen"},{"value":537,"label":"Massage"},{"value":541,"label":"M\u00fcde Beine"},{"value":539,"label":"Muskelspannung"}]},"featured_image_src_large":["https:\/\/www.lraloeverashop.eu\/wp-content\/uploads\/2022\/10\/Lr-Aloe-Vera-Vital-Set-1024x1024.jpg",1024,1024,true],"author_info":[],"comment_info":0,"_links":{"self":[{"href":"https:\/\/www.lraloeverashop.eu\/de\/wp-json\/wp\/v2\/product\/10926","targetHints":{"allow":["GET"]}}],"collection":[{"href":"https:\/\/www.lraloeverashop.eu\/de\/wp-json\/wp\/v2\/product"}],"about":[{"href":"https:\/\/www.lraloeverashop.eu\/de\/wp-json\/wp\/v2\/types\/product"}],"replies":[{"embeddable":true,"href":"https:\/\/www.lraloeverashop.eu\/de\/wp-json\/wp\/v2\/comments?post=10926"}],"wp:featuredmedia":[{"embeddable":true,"href":"https:\/\/www.lraloeverashop.eu\/de\/wp-json\/wp\/v2\/media\/4765"}],"wp:attachment":[{"href":"https:\/\/www.lraloeverashop.eu\/de\/wp-json\/wp\/v2\/media?parent=10926"}],"wp:term":[{"taxonomy":"product_brand","embeddable":true,"href":"https:\/\/www.lraloeverashop.eu\/de\/wp-json\/wp\/v2\/product_brand?post=10926"},{"taxonomy":"product_cat","embeddable":true,"href":"https:\/\/www.lraloeverashop.eu\/de\/wp-json\/wp\/v2\/product_cat?post=10926"},{"taxonomy":"product_tag","embeddable":true,"href":"https:\/\/www.lraloeverashop.eu\/de\/wp-json\/wp\/v2\/product_tag?post=10926"}],"curies":[{"name":"wp","href":"https:\/\/api.w.org\/{rel}","templated":true}]}}