{"id":10915,"date":"2022-10-09T11:01:05","date_gmt":"2022-10-09T09:01:05","guid":{"rendered":"https:\/\/www.lraloeverashop.eu\/product\/aloe-vera-entspannende-thermolotion\/"},"modified":"2026-02-03T19:22:04","modified_gmt":"2026-02-03T18:22:04","slug":"aloe-vera-entspannende-thermolotion","status":"publish","type":"product","link":"https:\/\/www.lraloeverashop.eu\/de\/produkt\/aloe-vera-entspannende-thermolotion\/","title":{"rendered":"Aloe Vera Entspannende Thermolotion"},"content":{"rendered":"<h2><span style=\"font-size: 16pt;\"><strong>Aloe Vera Entspannende Thermolotion<\/strong><\/span><\/h2>\n<p><span style=\"font-size: 14pt;\"><strong>Aloe Vera Entspannende Thermo Lotion f\u00fcr angenehme W\u00e4rme auf Ihrer Haut<\/strong><\/span><\/p>\n<p>Die sanfte Lotion enth\u00e4lt 45% Aloe Vera und ist eine ideale Massagelotion. Die enthaltenen \u00e4therischen \u00d6le verleihen der Haut ein leichtes Frischegef\u00fchl und entwickeln sich langsam zu einem angenehmen W\u00e4rmegef\u00fchl, das sofortige Entspannung bewirkt.<\/p>\n<p>Eucapyptus\u00f6l f\u00f6rdert die Durchblutung im massierten Bereich und bietet gleichzeitig ein angenehm k\u00fchlendes Gef\u00fchl f\u00fcr die Haut. Sein hoher Gehalt an Aloe Vera und seine pflegende Textur, reich an pflegenden \u00d6len, ist sehr wohltuend f\u00fcr die Haut.<\/p>\n<p>&nbsp;<\/p>\n<h3><strong><span style=\"font-size: 16pt;\">Anwendung<\/span><\/strong><\/h3>\n<p>Tragen Sie die Lr Aloe Vera Entspannende Lotion auf Ihre Haut auf und massieren Sie sanft. Vermeiden Sie den Kontakt mit den Augen und waschen Sie Ihre H\u00e4nde nach jeder Anwendung gr\u00fcndlich!<\/p>\n<p>&nbsp;<\/p>\n<h3><strong><span style=\"font-size: 16pt;\">Wussten Sie schon?<\/span><\/strong><\/h3>\n<p>Probieren Sie auch die anderen Aloe Vera Pflegespezialisten aus: Feuchtigkeits-Gel-Konzentrat, <a href=\"https:\/\/www.lraloeverashop.eu\/de\/produkt\/aloe-vera-schuetzende-propolis-creme\/\">sch\u00fctzende Propolis Creme<\/a>, schnelles Notfall-Spray oder regulierende DermaIntense-Creme.<\/p>\n<p>Besonders im Alltag bietet die Aloe Vera Relaxing Thermallotion wohltuende Entspannung: Nach langem Sitzen oder Stehen ist die Lotion in Kombination mit einer Massage Entspannung f\u00fcr <a href=\"https:\/\/www.lraloeverashop.eu\/de\/lr-thermo-lotion-kann-schmerzen-effektiv-lindern\/\">Beine und strapazierte Gelenke<\/a>. Nach der Behandlung empfiehlt es sich, die F\u00fc\u00dfe hochzulegen und sich eine Weile zu entspannen.<\/p>\n<p>&nbsp;<\/p>\n<h4><strong><span style=\"font-size: 16pt;\">H\u00e4ufig gestellte Fragen<\/span><\/strong><\/h4>\n<p><strong>In welchen F\u00e4llen empfiehlt sich die Aloe Vera Entspannende Thermo Lotion?<\/strong><br \/>\nDie Lr Aloe Vera Entspannende Thermo Lotion bietet angenehme Entspannung in unserem Alltag. Nach langen Stunden in sitzender oder stehender Position entlastet eine Massage mit der Lotion Beine und <a href=\"https:\/\/www.lraloeverashop.eu\/de\/produkt\/aloe-vera-trinkgel-freedom\/\">abgenutzte Gelenke<\/a>. Nach der <a href=\"https:\/\/www.lraloeverashop.eu\/de\/produkt\/aloe-vera-multifunktionales-msm-koerper-gel\/\">Massage<\/a> ist es ratsam, sich eine Weile hinzulegen und mit den F\u00fc\u00dfen zu entspannen.<\/p>\n<p><strong>Ist die Aloe Vera Entspannende Thermo Lotion f\u00fcr eine Sportmassage geeignet?<\/strong><br \/>\nDie Lr Aloe Vera Thermo Lotion kombiniert die feuchtigkeitsspendenden Eigenschaften von Aloe Vera mit nat\u00fcrlichen \u00d6len wie Eukalyptus\u00f6l, die die Durchblutung f\u00f6rdern. Es eignet sich f\u00fcr eine pflegende, entspannende Massage.<\/p>\n<p><strong>Kann die Aloe Vera Entspannende Thermolotion f\u00fcr kalte F\u00fc\u00dfe verwendet werden?<\/strong><br \/>\nKalte F\u00fc\u00dfe sind besonders im Winter eine h\u00e4ufige Belastung f\u00fcr Frauen. Wenn Sie dieses Problem haben und Schwierigkeiten beim Einschlafen haben, k\u00f6nnen Sie die <a href=\"https:\/\/www.lraloeverashop.eu\/de\/produkt\/aloe-vera-thermolotion-2er-set\/\">Thermo Lotion<\/a> regelm\u00e4\u00dfig an den F\u00fc\u00dfen benutzen.<\/p>\n","protected":false},"excerpt":{"rendered":"<ul>\n<li>Healing Hautpflege-Lotion f\u00fcr Muskelverspannungen<\/li>\n<li>45% Aloe Vera Gel und nat\u00fcrliche \u00e4therische \u00d6le<\/li>\n<li>Befeuchtet und n\u00e4hrt<\/li>\n<li>F\u00f6rdert die Muskeldurchblutung<\/li>\n<li>Die Muskeln sind entspannt und die Haut ist geschmeidig<\/li>\n<li>Menge: 100ml<\/li>\n<\/ul>\n<p><span style=\"color: #ff0000;\"><a style=\"color: #ff0000;\" href=\"https:\/\/shop.lrworld.com\/openpao?PHP=0vFlt7jT938BEnBI3a6e9w%3D%3D\"><span style=\"font-size: 14pt;\"><strong>Hier registrieren und dauerhaft 35\u202f% sparen<\/strong><\/span><\/a><\/span><\/p>\n","protected":false},"featured_media":4777,"comment_status":"open","ping_status":"closed","template":"","meta":{"_kad_blocks_custom_css":"","_kad_blocks_head_custom_js":"","_kad_blocks_body_custom_js":"","_kad_blocks_footer_custom_js":"","_kadence_starter_templates_imported_post":false,"_kad_post_transparent":"default","_kad_post_title":"","_kad_post_layout":"default","_kad_post_sidebar_id":"","_kad_post_content_style":"default","_kad_post_vertical_padding":"default","_kad_post_feature":"","_kad_post_feature_position":"","_kad_post_header":false,"_kad_post_footer":false,"_kad_post_classname":""},"product_brand":[],"product_cat":[213,261],"product_tag":[536,537,541,539],"class_list":{"0":"post-10915","1":"product","2":"type-product","3":"status-publish","4":"has-post-thumbnail","6":"product_cat-aloe-vera-de","7":"product_cat-spezialpflege","8":"product_tag-gelenkschmerzen","9":"product_tag-massage-de","10":"product_tag-mude-beine","11":"product_tag-muskelspannung","13":"first","14":"instock","15":"taxable","16":"shipping-taxable","17":"purchasable","18":"product-type-simple","19":"entry","20":"content-bg","21":"loop-entry"},"yoast_head":"<!-- This site is optimized with the Yoast SEO Premium plugin v27.4 (Yoast SEO v27.4) - https:\/\/yoast.com\/product\/yoast-seo-premium-wordpress\/ -->\n<title>Aloe Vera Entspannende Thermo Lotion f\u00fcr Muskelverspannungen<\/title>\n<meta name=\"description\" content=\"Aloe Vera Entspannende Thermo Lotion 45% Aloe Vera Gel und nat\u00fcrliche \u00e4therische \u00d6le f\u00f6rdert die Durchblutung im massierten Bereich. Befeuchtet und n\u00e4hrt.\" \/>\n<meta name=\"robots\" content=\"index, follow, max-snippet:-1, max-image-preview:large, max-video-preview:-1\" \/>\n<link rel=\"canonical\" href=\"https:\/\/www.lraloeverashop.eu\/de\/produkt\/aloe-vera-entspannende-thermolotion\/\" \/>\n<meta property=\"og:locale\" content=\"de_DE\" \/>\n<meta property=\"og:type\" content=\"article\" \/>\n<meta property=\"og:title\" content=\"Aloe Vera Entspannende Thermolotion\" \/>\n<meta property=\"og:description\" content=\"Aloe Vera Entspannende Thermo Lotion 45% Aloe Vera Gel und nat\u00fcrliche \u00e4therische \u00d6le f\u00f6rdert die Durchblutung im massierten Bereich. Befeuchtet und n\u00e4hrt.\" \/>\n<meta property=\"og:url\" content=\"https:\/\/www.lraloeverashop.eu\/de\/produkt\/aloe-vera-entspannende-thermolotion\/\" \/>\n<meta property=\"og:site_name\" content=\"Lr Aloe Vera Shop\" \/>\n<meta property=\"article:publisher\" content=\"https:\/\/www.facebook.com\/lraloeverashop.eu\" \/>\n<meta property=\"article:modified_time\" content=\"2026-02-03T18:22:04+00:00\" \/>\n<meta property=\"og:image\" content=\"https:\/\/www.lraloeverashop.eu\/wp-content\/uploads\/2022\/10\/Thermo-Lotion-from-Lr-Aloe-Vera.jpg\" \/>\n\t<meta property=\"og:image:width\" content=\"1200\" \/>\n\t<meta property=\"og:image:height\" content=\"1200\" \/>\n\t<meta property=\"og:image:type\" content=\"image\/jpeg\" \/>\n<meta name=\"twitter:card\" content=\"summary_large_image\" \/>\n<meta name=\"twitter:site\" content=\"@natur__kosmetik\" \/>\n<script type=\"application\/ld+json\" class=\"yoast-schema-graph\">{\"@context\":\"https:\\\/\\\/schema.org\",\"@graph\":[{\"@type\":[\"WebPage\",\"ItemPage\"],\"@id\":\"https:\\\/\\\/www.lraloeverashop.eu\\\/de\\\/produkt\\\/aloe-vera-entspannende-thermolotion\\\/\",\"url\":\"https:\\\/\\\/www.lraloeverashop.eu\\\/de\\\/produkt\\\/aloe-vera-entspannende-thermolotion\\\/\",\"name\":\"Aloe Vera Entspannende Thermo Lotion f\u00fcr Muskelverspannungen\",\"isPartOf\":{\"@id\":\"https:\\\/\\\/www.lraloeverashop.eu\\\/de\\\/#website\"},\"primaryImageOfPage\":{\"@id\":\"https:\\\/\\\/www.lraloeverashop.eu\\\/de\\\/produkt\\\/aloe-vera-entspannende-thermolotion\\\/#primaryimage\"},\"image\":{\"@id\":\"https:\\\/\\\/www.lraloeverashop.eu\\\/de\\\/produkt\\\/aloe-vera-entspannende-thermolotion\\\/#primaryimage\"},\"thumbnailUrl\":\"https:\\\/\\\/www.lraloeverashop.eu\\\/wp-content\\\/uploads\\\/2022\\\/10\\\/Thermo-Lotion-from-Lr-Aloe-Vera.jpg\",\"datePublished\":\"2022-10-09T09:01:05+00:00\",\"dateModified\":\"2026-02-03T18:22:04+00:00\",\"description\":\"Aloe Vera Entspannende Thermo Lotion 45% Aloe Vera Gel und nat\u00fcrliche \u00e4therische \u00d6le f\u00f6rdert die Durchblutung im massierten Bereich. Befeuchtet und n\u00e4hrt.\",\"breadcrumb\":{\"@id\":\"https:\\\/\\\/www.lraloeverashop.eu\\\/de\\\/produkt\\\/aloe-vera-entspannende-thermolotion\\\/#breadcrumb\"},\"inLanguage\":\"de\",\"potentialAction\":[{\"@type\":\"ReadAction\",\"target\":[\"https:\\\/\\\/www.lraloeverashop.eu\\\/de\\\/produkt\\\/aloe-vera-entspannende-thermolotion\\\/\"]}]},{\"@type\":\"ImageObject\",\"inLanguage\":\"de\",\"@id\":\"https:\\\/\\\/www.lraloeverashop.eu\\\/de\\\/produkt\\\/aloe-vera-entspannende-thermolotion\\\/#primaryimage\",\"url\":\"https:\\\/\\\/www.lraloeverashop.eu\\\/wp-content\\\/uploads\\\/2022\\\/10\\\/Thermo-Lotion-from-Lr-Aloe-Vera.jpg\",\"contentUrl\":\"https:\\\/\\\/www.lraloeverashop.eu\\\/wp-content\\\/uploads\\\/2022\\\/10\\\/Thermo-Lotion-from-Lr-Aloe-Vera.jpg\",\"width\":1200,\"height\":1200,\"caption\":\"Lr Aloe Vera Entspannende Thermolotion f\u00fcr Muskelverspannungen\"},{\"@type\":\"BreadcrumbList\",\"@id\":\"https:\\\/\\\/www.lraloeverashop.eu\\\/de\\\/produkt\\\/aloe-vera-entspannende-thermolotion\\\/#breadcrumb\",\"itemListElement\":[{\"@type\":\"ListItem\",\"position\":1,\"name\":\"Home\",\"item\":\"https:\\\/\\\/www.lraloeverashop.eu\\\/de\\\/\"},{\"@type\":\"ListItem\",\"position\":2,\"name\":\"Shop\",\"item\":\"https:\\\/\\\/www.lraloeverashop.eu\\\/de\\\/shop-2\\\/\"},{\"@type\":\"ListItem\",\"position\":3,\"name\":\"Aloe Vera Entspannende Thermolotion\"}]},{\"@type\":\"WebSite\",\"@id\":\"https:\\\/\\\/www.lraloeverashop.eu\\\/de\\\/#website\",\"url\":\"https:\\\/\\\/www.lraloeverashop.eu\\\/de\\\/\",\"name\":\"Lr Aloe Vera Shop\",\"description\":\"High Quality Lr Aloe Vera Gel, Aloe Vera Cream and Shampoo\",\"publisher\":{\"@id\":\"https:\\\/\\\/www.lraloeverashop.eu\\\/de\\\/#organization\"},\"potentialAction\":[{\"@type\":\"SearchAction\",\"target\":{\"@type\":\"EntryPoint\",\"urlTemplate\":\"https:\\\/\\\/www.lraloeverashop.eu\\\/de\\\/?s={search_term_string}\"},\"query-input\":{\"@type\":\"PropertyValueSpecification\",\"valueRequired\":true,\"valueName\":\"search_term_string\"}}],\"inLanguage\":\"de\"},{\"@type\":\"Organization\",\"@id\":\"https:\\\/\\\/www.lraloeverashop.eu\\\/de\\\/#organization\",\"name\":\"Lr Aloe Vera Shop\",\"alternateName\":\"LR\",\"url\":\"https:\\\/\\\/www.lraloeverashop.eu\\\/de\\\/\",\"logo\":{\"@type\":\"ImageObject\",\"inLanguage\":\"de\",\"@id\":\"https:\\\/\\\/www.lraloeverashop.eu\\\/de\\\/#\\\/schema\\\/logo\\\/image\\\/\",\"url\":\"https:\\\/\\\/www.lraloeverashop.eu\\\/wp-content\\\/uploads\\\/2022\\\/09\\\/cropped-Lr-Aloe-Vera-Shop.jpg\",\"contentUrl\":\"https:\\\/\\\/www.lraloeverashop.eu\\\/wp-content\\\/uploads\\\/2022\\\/09\\\/cropped-Lr-Aloe-Vera-Shop.jpg\",\"width\":228,\"height\":76,\"caption\":\"Lr Aloe Vera Shop\"},\"image\":{\"@id\":\"https:\\\/\\\/www.lraloeverashop.eu\\\/de\\\/#\\\/schema\\\/logo\\\/image\\\/\"},\"sameAs\":[\"https:\\\/\\\/www.facebook.com\\\/lraloeverashop.eu\",\"https:\\\/\\\/x.com\\\/natur__kosmetik\",\"https:\\\/\\\/www.youtube.com\\\/channel\\\/UC5oN7BJ8nfYb8RpVtjwDEBA\",\"https:\\\/\\\/www.instagram.com\\\/lrbeautyeu\\\/\"],\"description\":\"LR Aloe Vera Shop ist Ihre vertrauensw\u00fcrdige Adresse f\u00fcr hochwertige LR Health & Beauty Produkte aus Deutschland. Wir bieten Ihnen erstklassige Aloe Vera Hautpflege, N\u00e4hrstoffe und Anti-Aging-Produkte mit reinen Inhaltsstoffen, die auf wissenschaftlichen Erkenntnissen basieren. Entdecken Sie nat\u00fcrliche Pflege, die Ihre Haut regeneriert, sch\u00fctzt und revitalisiert \u2013 und profitieren Sie von exklusiven Monatsangeboten auf unsere Bestseller von LR Aloe Vera. Starten Sie noch heute Ihre Reise zu nat\u00fcrlicher Hautpflege und sp\u00fcren Sie den Unterschied.\",\"email\":\"info@lraloeverashop.eu\",\"telephone\":\"+49 17670609653\",\"legalName\":\"Lr Aloe Vera Shop\",\"foundingDate\":\"2018-04-21\",\"numberOfEmployees\":{\"@type\":\"QuantitativeValue\",\"minValue\":\"1\",\"maxValue\":\"10\"}}]}<\/script>\n<meta property=\"product:price:amount\" content=\"19.99\" \/>\n<meta property=\"product:price:currency\" content=\"EUR\" \/>\n<meta property=\"og:availability\" content=\"instock\" \/>\n<meta property=\"product:availability\" content=\"instock\" \/>\n<meta property=\"product:retailer_item_id\" content=\"20603-101DE\" \/>\n<meta property=\"product:condition\" content=\"new\" \/>\n<!-- \/ Yoast SEO Premium plugin. -->","yoast_head_json":{"title":"Aloe Vera Entspannende Thermo Lotion f\u00fcr Muskelverspannungen","description":"Aloe Vera Entspannende Thermo Lotion 45% Aloe Vera Gel und nat\u00fcrliche \u00e4therische \u00d6le f\u00f6rdert die Durchblutung im massierten Bereich. Befeuchtet und n\u00e4hrt.","robots":{"index":"index","follow":"follow","max-snippet":"max-snippet:-1","max-image-preview":"max-image-preview:large","max-video-preview":"max-video-preview:-1"},"canonical":"https:\/\/www.lraloeverashop.eu\/de\/produkt\/aloe-vera-entspannende-thermolotion\/","og_locale":"de_DE","og_type":"article","og_title":"Aloe Vera Entspannende Thermolotion","og_description":"Aloe Vera Entspannende Thermo Lotion 45% Aloe Vera Gel und nat\u00fcrliche \u00e4therische \u00d6le f\u00f6rdert die Durchblutung im massierten Bereich. Befeuchtet und n\u00e4hrt.","og_url":"https:\/\/www.lraloeverashop.eu\/de\/produkt\/aloe-vera-entspannende-thermolotion\/","og_site_name":"Lr Aloe Vera Shop","article_publisher":"https:\/\/www.facebook.com\/lraloeverashop.eu","article_modified_time":"2026-02-03T18:22:04+00:00","og_image":[{"width":1200,"height":1200,"url":"https:\/\/www.lraloeverashop.eu\/wp-content\/uploads\/2022\/10\/Thermo-Lotion-from-Lr-Aloe-Vera.jpg","type":"image\/jpeg"}],"twitter_card":"summary_large_image","twitter_site":"@natur__kosmetik","schema":{"@context":"https:\/\/schema.org","@graph":[{"@type":["WebPage","ItemPage"],"@id":"https:\/\/www.lraloeverashop.eu\/de\/produkt\/aloe-vera-entspannende-thermolotion\/","url":"https:\/\/www.lraloeverashop.eu\/de\/produkt\/aloe-vera-entspannende-thermolotion\/","name":"Aloe Vera Entspannende Thermo Lotion f\u00fcr Muskelverspannungen","isPartOf":{"@id":"https:\/\/www.lraloeverashop.eu\/de\/#website"},"primaryImageOfPage":{"@id":"https:\/\/www.lraloeverashop.eu\/de\/produkt\/aloe-vera-entspannende-thermolotion\/#primaryimage"},"image":{"@id":"https:\/\/www.lraloeverashop.eu\/de\/produkt\/aloe-vera-entspannende-thermolotion\/#primaryimage"},"thumbnailUrl":"https:\/\/www.lraloeverashop.eu\/wp-content\/uploads\/2022\/10\/Thermo-Lotion-from-Lr-Aloe-Vera.jpg","datePublished":"2022-10-09T09:01:05+00:00","dateModified":"2026-02-03T18:22:04+00:00","description":"Aloe Vera Entspannende Thermo Lotion 45% Aloe Vera Gel und nat\u00fcrliche \u00e4therische \u00d6le f\u00f6rdert die Durchblutung im massierten Bereich. Befeuchtet und n\u00e4hrt.","breadcrumb":{"@id":"https:\/\/www.lraloeverashop.eu\/de\/produkt\/aloe-vera-entspannende-thermolotion\/#breadcrumb"},"inLanguage":"de","potentialAction":[{"@type":"ReadAction","target":["https:\/\/www.lraloeverashop.eu\/de\/produkt\/aloe-vera-entspannende-thermolotion\/"]}]},{"@type":"ImageObject","inLanguage":"de","@id":"https:\/\/www.lraloeverashop.eu\/de\/produkt\/aloe-vera-entspannende-thermolotion\/#primaryimage","url":"https:\/\/www.lraloeverashop.eu\/wp-content\/uploads\/2022\/10\/Thermo-Lotion-from-Lr-Aloe-Vera.jpg","contentUrl":"https:\/\/www.lraloeverashop.eu\/wp-content\/uploads\/2022\/10\/Thermo-Lotion-from-Lr-Aloe-Vera.jpg","width":1200,"height":1200,"caption":"Lr Aloe Vera Entspannende Thermolotion f\u00fcr Muskelverspannungen"},{"@type":"BreadcrumbList","@id":"https:\/\/www.lraloeverashop.eu\/de\/produkt\/aloe-vera-entspannende-thermolotion\/#breadcrumb","itemListElement":[{"@type":"ListItem","position":1,"name":"Home","item":"https:\/\/www.lraloeverashop.eu\/de\/"},{"@type":"ListItem","position":2,"name":"Shop","item":"https:\/\/www.lraloeverashop.eu\/de\/shop-2\/"},{"@type":"ListItem","position":3,"name":"Aloe Vera Entspannende Thermolotion"}]},{"@type":"WebSite","@id":"https:\/\/www.lraloeverashop.eu\/de\/#website","url":"https:\/\/www.lraloeverashop.eu\/de\/","name":"Lr Aloe Vera Shop","description":"High Quality Lr Aloe Vera Gel, Aloe Vera Cream and Shampoo","publisher":{"@id":"https:\/\/www.lraloeverashop.eu\/de\/#organization"},"potentialAction":[{"@type":"SearchAction","target":{"@type":"EntryPoint","urlTemplate":"https:\/\/www.lraloeverashop.eu\/de\/?s={search_term_string}"},"query-input":{"@type":"PropertyValueSpecification","valueRequired":true,"valueName":"search_term_string"}}],"inLanguage":"de"},{"@type":"Organization","@id":"https:\/\/www.lraloeverashop.eu\/de\/#organization","name":"Lr Aloe Vera Shop","alternateName":"LR","url":"https:\/\/www.lraloeverashop.eu\/de\/","logo":{"@type":"ImageObject","inLanguage":"de","@id":"https:\/\/www.lraloeverashop.eu\/de\/#\/schema\/logo\/image\/","url":"https:\/\/www.lraloeverashop.eu\/wp-content\/uploads\/2022\/09\/cropped-Lr-Aloe-Vera-Shop.jpg","contentUrl":"https:\/\/www.lraloeverashop.eu\/wp-content\/uploads\/2022\/09\/cropped-Lr-Aloe-Vera-Shop.jpg","width":228,"height":76,"caption":"Lr Aloe Vera Shop"},"image":{"@id":"https:\/\/www.lraloeverashop.eu\/de\/#\/schema\/logo\/image\/"},"sameAs":["https:\/\/www.facebook.com\/lraloeverashop.eu","https:\/\/x.com\/natur__kosmetik","https:\/\/www.youtube.com\/channel\/UC5oN7BJ8nfYb8RpVtjwDEBA","https:\/\/www.instagram.com\/lrbeautyeu\/"],"description":"LR Aloe Vera Shop ist Ihre vertrauensw\u00fcrdige Adresse f\u00fcr hochwertige LR Health & Beauty Produkte aus Deutschland. Wir bieten Ihnen erstklassige Aloe Vera Hautpflege, N\u00e4hrstoffe und Anti-Aging-Produkte mit reinen Inhaltsstoffen, die auf wissenschaftlichen Erkenntnissen basieren. Entdecken Sie nat\u00fcrliche Pflege, die Ihre Haut regeneriert, sch\u00fctzt und revitalisiert \u2013 und profitieren Sie von exklusiven Monatsangeboten auf unsere Bestseller von LR Aloe Vera. Starten Sie noch heute Ihre Reise zu nat\u00fcrlicher Hautpflege und sp\u00fcren Sie den Unterschied.","email":"info@lraloeverashop.eu","telephone":"+49 17670609653","legalName":"Lr Aloe Vera Shop","foundingDate":"2018-04-21","numberOfEmployees":{"@type":"QuantitativeValue","minValue":"1","maxValue":"10"}}]},"product_price_amount":"19.99","product_price_currency":"EUR","og_availability":"instock","product_availability":"instock","product_retailer_item_id":"20603-101DE","product_condition":"new"},"taxonomy_info":{"product_cat":[{"value":213,"label":"Aloe Vera"},{"value":261,"label":"Spezialpflege"}],"product_tag":[{"value":536,"label":"Gelenkschmerzen"},{"value":537,"label":"Massage"},{"value":541,"label":"M\u00fcde Beine"},{"value":539,"label":"Muskelspannung"}]},"featured_image_src_large":["https:\/\/www.lraloeverashop.eu\/wp-content\/uploads\/2022\/10\/Thermo-Lotion-from-Lr-Aloe-Vera-1024x1024.jpg",1024,1024,true],"author_info":[],"comment_info":0,"_links":{"self":[{"href":"https:\/\/www.lraloeverashop.eu\/de\/wp-json\/wp\/v2\/product\/10915","targetHints":{"allow":["GET"]}}],"collection":[{"href":"https:\/\/www.lraloeverashop.eu\/de\/wp-json\/wp\/v2\/product"}],"about":[{"href":"https:\/\/www.lraloeverashop.eu\/de\/wp-json\/wp\/v2\/types\/product"}],"replies":[{"embeddable":true,"href":"https:\/\/www.lraloeverashop.eu\/de\/wp-json\/wp\/v2\/comments?post=10915"}],"wp:featuredmedia":[{"embeddable":true,"href":"https:\/\/www.lraloeverashop.eu\/de\/wp-json\/wp\/v2\/media\/4777"}],"wp:attachment":[{"href":"https:\/\/www.lraloeverashop.eu\/de\/wp-json\/wp\/v2\/media?parent=10915"}],"wp:term":[{"taxonomy":"product_brand","embeddable":true,"href":"https:\/\/www.lraloeverashop.eu\/de\/wp-json\/wp\/v2\/product_brand?post=10915"},{"taxonomy":"product_cat","embeddable":true,"href":"https:\/\/www.lraloeverashop.eu\/de\/wp-json\/wp\/v2\/product_cat?post=10915"},{"taxonomy":"product_tag","embeddable":true,"href":"https:\/\/www.lraloeverashop.eu\/de\/wp-json\/wp\/v2\/product_tag?post=10915"}],"curies":[{"name":"wp","href":"https:\/\/api.w.org\/{rel}","templated":true}]}}